{"id":836,"date":"2018-04-13T15:11:01","date_gmt":"2018-04-13T13:11:01","guid":{"rendered":"https:\/\/www.lvbe.uha.fr\/\/?page_id=836"},"modified":"2018-06-14T10:43:31","modified_gmt":"2018-06-14T08:43:31","slug":"dr-marc-lollier","status":"publish","type":"page","link":"https:\/\/www.lvbe.uha.fr\/index.php\/equipe\/membres-de-lequipe\/dr-marc-lollier\/","title":{"rendered":"Dr. Marc LOLLIER"},"content":{"rendered":"<p>Ma\u00eetre de Conf\u00e9rences HC<\/p>\n<p>Courriel : <a href=\"mailto:marc.lollier@uha.fr\">marc.lollier@uha.fr<\/a><\/p>\n<div class=\"su-row\">\n<div class=\"su-column su-column-size-1-2\"><div class=\"su-column-inner su-u-clearfix su-u-trim\">\n<h2>Th\u00e9matiques de recherche actuelles<\/h2>\n<ul>\n<li>D\u00e9pollution biologique des sols agricoles et viticoles par biorem\u00e9diation\/phytorem\u00e9diation<\/li>\n<li>Impact agronomique et environnemental du recyclage des produits r\u00e9siduaires organiques en agriculture (plateforme PRO\u2019spective en collaboration avec le SEAV de l\u2019INRA de Colmar, le SMRA68 et l\u2019ARAA dans le cadre du SOERE PRO)<\/li>\n<\/ul>\n<h2>Enseignement<\/h2>\n<ul>\n<li>Acquisition (exp\u00e9rimentation, enqu\u00eates), gestion et analyse de donn\u00e9es agronomiques (IUT de Colmar, D\u00e9partement G\u00e9nie Biologique)<\/li>\n<\/ul>\n<\/div><\/div>\n<div class=\"su-column su-column-size-1-2\"><div class=\"su-column-inner su-u-clearfix su-u-trim\">\n<h2>Formation<\/h2>\n<ul>\n<li><strong>Ing\u00e9nieur Agronome<\/strong> de l\u2019\u00c9cole Nationale Sup\u00e9rieure Agronomique de Rennes, \u00ab Biologie et Agronomie, option Biochimie et G\u00e9n\u00e9tique Appliqu\u00e9es \u00bb (1990)<\/li>\n<li><strong>Doctorat de l&rsquo;Universit\u00e9 de Rennes I, Option Sciences Biologiques<\/strong> (1994)<\/li>\n<\/ul>\n<\/div><\/div>\n<\/div>\n<h2>Publications (sur th\u00e9matiques actuelles)<\/h2>\n<ul>\n<li>Bioremediation of copper-contaminated soils by bacteria (2017). J.Y. Cornu, D. Huguenot, K. J\u00e9z\u00e9quel, M. Lollier, T. Lebeau. World J Microbiol Biotechnol (2017) 33:26&lt;<\/li>\n<li>Remediation of sediment and water contaminated by copper in small-scaled constructed wetlands: effect of bioaugmentation and phytoextraction (2015). D. Huguenot, P. Bois, J.Y. Cornu, K. Jezequel, M. Lollier\u00a0and T. Lebeau\u00a0. Environmental Science and Pollution Research, 22(1):721-32.<\/li>\n<li>Effect of pyoverdine supply on cadmium and nickel complexation and phytoavailability in hydroponics (2015). C. Ferret, J.Y. Cornu, M. Elhabiri, T. Sterckeman, A. Braud, K. Jezequel, M. Lollier, T. Lebeau, I. J. Schalk\u00a0and V. A. Geoffroy. \u00a0Environmental Science and Pollution Research ; 22 (3):2106-16.<\/li>\n<li>Contrasting effects of pyoverdine on the phytoextraction of Cu and Cd in a calcareous soil (2014). J.Y. Cornu, M. Elhabiri, C. Ferret, V.A. Geoffroy, K. Jezequel, Y. Leva, M. Lollier, I.J. Schalk, T Lebeau. Chemosphere.;103:212-9.<\/li>\n<li>Quantification of the 16S-23S rRNA internal transcribed spacers of Burkholderia xenovorans strain LB400 using real-time PCR in soil samples (2013). M.P. Norini; C. Secher, M. Lollier, K. J\u00e9z\u00e9quel, J.Y. Cornu, T. Lebeau. Lett Appl Microbiol.;56(5):366-72<\/li>\n<li>Decontamination of a polychlorinated biphenyls-contaminated soil by phytoremediation-assisted bioaugmentation (2013). C. Secher, M. Lollier M., K. J\u00e9z\u00e9quel, J.Y. Cornu, L. Amalric, T. Lebeau. Biodegradation, 24(4):549-62<\/li>\n<li>Herbicide mitigation in microcosms simulating stormwater basins subject to polluted water input (2013). P. Bois, D. Huguenot, K. Jezequel, M. Lollier, J.Y. Cornu, T. Lebeau. Water Research, 47, 1123-1135.<\/li>\n<li>Effect on bacteria in agricultural soil. Analysis at laboratory and outdoor lysimeter scale (2008). J. Kuntz, N.Nassr-Amella, M. Lollier, J.E.Schmidt, T. Lebeau Ecotoxicology and Environmental Safety, 69:277-288<\/li>\n<\/ul>\n","protected":false},"excerpt":{"rendered":"<p>Ma\u00eetre de Conf\u00e9rences HC Courriel : marc.lollier@uha.fr Publications (sur th\u00e9matiques actuelles) Bioremediation of copper-contaminated soils by bacteria (2017). J.Y. Cornu, D. Huguenot, K. J\u00e9z\u00e9quel, M. Lollier, T. Lebeau. World J Microbiol Biotechnol (2017) 33:26&lt; Remediation of sediment and water contaminated by copper in small-scaled constructed wetlands: effect of bioaugmentation and phytoextraction (2015). D. Huguenot, P. [&hellip;]<\/p>\n","protected":false},"author":2,"featured_media":0,"parent":1751,"menu_order":18,"comment_status":"closed","ping_status":"closed","template":"","meta":{"footnotes":""},"class_list":["post-836","page","type-page","status-publish","hentry"],"yoast_head":"<!-- This site is optimized with the Yoast SEO plugin v27.4 - https:\/\/yoast.com\/product\/yoast-seo-wordpress\/ -->\n<title>Dr. Marc LOLLIER - LVBE - Laboratoire Vigne, Biotechnologies, Environnement | Universit\u00e9 de Haute-Alsace<\/title>\n<meta name=\"robots\" content=\"index, follow, max-snippet:-1, max-image-preview:large, max-video-preview:-1\" \/>\n<link rel=\"canonical\" href=\"https:\/\/www.lvbe.uha.fr\/index.php\/equipe\/membres-de-lequipe\/dr-marc-lollier\/\" \/>\n<meta property=\"og:locale\" content=\"fr_FR\" \/>\n<meta property=\"og:type\" content=\"article\" \/>\n<meta property=\"og:title\" content=\"Dr. Marc LOLLIER - LVBE - Laboratoire Vigne, Biotechnologies, Environnement | Universit\u00e9 de Haute-Alsace\" \/>\n<meta property=\"og:description\" content=\"Ma\u00eetre de Conf\u00e9rences HC Courriel : marc.lollier@uha.fr Publications (sur th\u00e9matiques actuelles) Bioremediation of copper-contaminated soils by bacteria (2017). J.Y. Cornu, D. Huguenot, K. J\u00e9z\u00e9quel, M. Lollier, T. Lebeau. World J Microbiol Biotechnol (2017) 33:26&lt; Remediation of sediment and water contaminated by copper in small-scaled constructed wetlands: effect of bioaugmentation and phytoextraction (2015). D. Huguenot, P. [&hellip;]\" \/>\n<meta property=\"og:url\" content=\"https:\/\/www.lvbe.uha.fr\/index.php\/equipe\/membres-de-lequipe\/dr-marc-lollier\/\" \/>\n<meta property=\"og:site_name\" content=\"LVBE - Laboratoire Vigne, Biotechnologies, Environnement | Universit\u00e9 de Haute-Alsace\" \/>\n<meta property=\"article:modified_time\" content=\"2018-06-14T08:43:31+00:00\" \/>\n<meta name=\"twitter:card\" content=\"summary_large_image\" \/>\n<meta name=\"twitter:label1\" content=\"Dur\u00e9e de lecture estim\u00e9e\" \/>\n\t<meta name=\"twitter:data1\" content=\"2 minutes\" \/>\n<script type=\"application\/ld+json\" class=\"yoast-schema-graph\">{\"@context\":\"https:\\\/\\\/schema.org\",\"@graph\":[{\"@type\":\"WebPage\",\"@id\":\"https:\\\/\\\/www.lvbe.uha.fr\\\/index.php\\\/equipe\\\/membres-de-lequipe\\\/dr-marc-lollier\\\/\",\"url\":\"https:\\\/\\\/www.lvbe.uha.fr\\\/index.php\\\/equipe\\\/membres-de-lequipe\\\/dr-marc-lollier\\\/\",\"name\":\"Dr. Marc LOLLIER - LVBE - Laboratoire Vigne, Biotechnologies, Environnement | Universit\u00e9 de Haute-Alsace\",\"isPartOf\":{\"@id\":\"https:\\\/\\\/www.lvbe.uha.fr\\\/#website\"},\"datePublished\":\"2018-04-13T13:11:01+00:00\",\"dateModified\":\"2018-06-14T08:43:31+00:00\",\"breadcrumb\":{\"@id\":\"https:\\\/\\\/www.lvbe.uha.fr\\\/index.php\\\/equipe\\\/membres-de-lequipe\\\/dr-marc-lollier\\\/#breadcrumb\"},\"inLanguage\":\"fr-FR\",\"potentialAction\":[{\"@type\":\"ReadAction\",\"target\":[\"https:\\\/\\\/www.lvbe.uha.fr\\\/index.php\\\/equipe\\\/membres-de-lequipe\\\/dr-marc-lollier\\\/\"]}]},{\"@type\":\"BreadcrumbList\",\"@id\":\"https:\\\/\\\/www.lvbe.uha.fr\\\/index.php\\\/equipe\\\/membres-de-lequipe\\\/dr-marc-lollier\\\/#breadcrumb\",\"itemListElement\":[{\"@type\":\"ListItem\",\"position\":1,\"name\":\"Accueil\",\"item\":\"https:\\\/\\\/www.lvbe.uha.fr\\\/\"},{\"@type\":\"ListItem\",\"position\":2,\"name\":\"\u00c9quipe\",\"item\":\"https:\\\/\\\/www.lvbe.uha.fr\\\/index.php\\\/equipe\\\/\"},{\"@type\":\"ListItem\",\"position\":3,\"name\":\"Membres de l&rsquo;\u00e9quipe\",\"item\":\"https:\\\/\\\/www.lvbe.uha.fr\\\/index.php\\\/equipe\\\/membres-de-lequipe\\\/\"},{\"@type\":\"ListItem\",\"position\":4,\"name\":\"Dr. Marc LOLLIER\"}]},{\"@type\":\"WebSite\",\"@id\":\"https:\\\/\\\/www.lvbe.uha.fr\\\/#website\",\"url\":\"https:\\\/\\\/www.lvbe.uha.fr\\\/\",\"name\":\"LVBE - Laboratoire Vigne, Biotechnologies, Environnement | Universit\u00e9 de Haute-Alsace\",\"description\":\"Campus Biop\u00f4le | Universit\u00e9 de Haute-Alsace\",\"potentialAction\":[{\"@type\":\"SearchAction\",\"target\":{\"@type\":\"EntryPoint\",\"urlTemplate\":\"https:\\\/\\\/www.lvbe.uha.fr\\\/?s={search_term_string}\"},\"query-input\":{\"@type\":\"PropertyValueSpecification\",\"valueRequired\":true,\"valueName\":\"search_term_string\"}}],\"inLanguage\":\"fr-FR\"}]}<\/script>\n<!-- \/ Yoast SEO plugin. -->","yoast_head_json":{"title":"Dr. Marc LOLLIER - LVBE - Laboratoire Vigne, Biotechnologies, Environnement | Universit\u00e9 de Haute-Alsace","robots":{"index":"index","follow":"follow","max-snippet":"max-snippet:-1","max-image-preview":"max-image-preview:large","max-video-preview":"max-video-preview:-1"},"canonical":"https:\/\/www.lvbe.uha.fr\/index.php\/equipe\/membres-de-lequipe\/dr-marc-lollier\/","og_locale":"fr_FR","og_type":"article","og_title":"Dr. Marc LOLLIER - LVBE - Laboratoire Vigne, Biotechnologies, Environnement | Universit\u00e9 de Haute-Alsace","og_description":"Ma\u00eetre de Conf\u00e9rences HC Courriel : marc.lollier@uha.fr Publications (sur th\u00e9matiques actuelles) Bioremediation of copper-contaminated soils by bacteria (2017). J.Y. Cornu, D. Huguenot, K. J\u00e9z\u00e9quel, M. Lollier, T. Lebeau. World J Microbiol Biotechnol (2017) 33:26&lt; Remediation of sediment and water contaminated by copper in small-scaled constructed wetlands: effect of bioaugmentation and phytoextraction (2015). D. Huguenot, P. [&hellip;]","og_url":"https:\/\/www.lvbe.uha.fr\/index.php\/equipe\/membres-de-lequipe\/dr-marc-lollier\/","og_site_name":"LVBE - Laboratoire Vigne, Biotechnologies, Environnement | Universit\u00e9 de Haute-Alsace","article_modified_time":"2018-06-14T08:43:31+00:00","twitter_card":"summary_large_image","twitter_misc":{"Dur\u00e9e de lecture estim\u00e9e":"2 minutes"},"schema":{"@context":"https:\/\/schema.org","@graph":[{"@type":"WebPage","@id":"https:\/\/www.lvbe.uha.fr\/index.php\/equipe\/membres-de-lequipe\/dr-marc-lollier\/","url":"https:\/\/www.lvbe.uha.fr\/index.php\/equipe\/membres-de-lequipe\/dr-marc-lollier\/","name":"Dr. Marc LOLLIER - LVBE - Laboratoire Vigne, Biotechnologies, Environnement | Universit\u00e9 de Haute-Alsace","isPartOf":{"@id":"https:\/\/www.lvbe.uha.fr\/#website"},"datePublished":"2018-04-13T13:11:01+00:00","dateModified":"2018-06-14T08:43:31+00:00","breadcrumb":{"@id":"https:\/\/www.lvbe.uha.fr\/index.php\/equipe\/membres-de-lequipe\/dr-marc-lollier\/#breadcrumb"},"inLanguage":"fr-FR","potentialAction":[{"@type":"ReadAction","target":["https:\/\/www.lvbe.uha.fr\/index.php\/equipe\/membres-de-lequipe\/dr-marc-lollier\/"]}]},{"@type":"BreadcrumbList","@id":"https:\/\/www.lvbe.uha.fr\/index.php\/equipe\/membres-de-lequipe\/dr-marc-lollier\/#breadcrumb","itemListElement":[{"@type":"ListItem","position":1,"name":"Accueil","item":"https:\/\/www.lvbe.uha.fr\/"},{"@type":"ListItem","position":2,"name":"\u00c9quipe","item":"https:\/\/www.lvbe.uha.fr\/index.php\/equipe\/"},{"@type":"ListItem","position":3,"name":"Membres de l&rsquo;\u00e9quipe","item":"https:\/\/www.lvbe.uha.fr\/index.php\/equipe\/membres-de-lequipe\/"},{"@type":"ListItem","position":4,"name":"Dr. Marc LOLLIER"}]},{"@type":"WebSite","@id":"https:\/\/www.lvbe.uha.fr\/#website","url":"https:\/\/www.lvbe.uha.fr\/","name":"LVBE - Laboratoire Vigne, Biotechnologies, Environnement | Universit\u00e9 de Haute-Alsace","description":"Campus Biop\u00f4le | Universit\u00e9 de Haute-Alsace","potentialAction":[{"@type":"SearchAction","target":{"@type":"EntryPoint","urlTemplate":"https:\/\/www.lvbe.uha.fr\/?s={search_term_string}"},"query-input":{"@type":"PropertyValueSpecification","valueRequired":true,"valueName":"search_term_string"}}],"inLanguage":"fr-FR"}]}},"_links":{"self":[{"href":"https:\/\/www.lvbe.uha.fr\/index.php\/wp-json\/wp\/v2\/pages\/836","targetHints":{"allow":["GET"]}}],"collection":[{"href":"https:\/\/www.lvbe.uha.fr\/index.php\/wp-json\/wp\/v2\/pages"}],"about":[{"href":"https:\/\/www.lvbe.uha.fr\/index.php\/wp-json\/wp\/v2\/types\/page"}],"author":[{"embeddable":true,"href":"https:\/\/www.lvbe.uha.fr\/index.php\/wp-json\/wp\/v2\/users\/2"}],"replies":[{"embeddable":true,"href":"https:\/\/www.lvbe.uha.fr\/index.php\/wp-json\/wp\/v2\/comments?post=836"}],"version-history":[{"count":9,"href":"https:\/\/www.lvbe.uha.fr\/index.php\/wp-json\/wp\/v2\/pages\/836\/revisions"}],"predecessor-version":[{"id":1836,"href":"https:\/\/www.lvbe.uha.fr\/index.php\/wp-json\/wp\/v2\/pages\/836\/revisions\/1836"}],"up":[{"embeddable":true,"href":"https:\/\/www.lvbe.uha.fr\/index.php\/wp-json\/wp\/v2\/pages\/1751"}],"wp:attachment":[{"href":"https:\/\/www.lvbe.uha.fr\/index.php\/wp-json\/wp\/v2\/media?parent=836"}],"curies":[{"name":"wp","href":"https:\/\/api.w.org\/{rel}","templated":true}]}}