{"id":829,"date":"2018-04-13T14:52:01","date_gmt":"2018-04-13T12:52:01","guid":{"rendered":"https:\/\/www.lvbe.uha.fr\/\/?page_id=829"},"modified":"2025-02-14T10:31:55","modified_gmt":"2025-02-14T09:31:55","slug":"dr-helene-laloue","status":"publish","type":"page","link":"https:\/\/www.lvbe.uha.fr\/index.php\/equipe\/membres-de-lequipe\/dr-helene-laloue\/","title":{"rendered":"Dr. H\u00e9l\u00e8ne LALOUE"},"content":{"rendered":"<p>Assistant Ing\u00e9nieur de recherche th\u00e9matique<\/p>\n<p>Webmaster du site internet du LVBE<\/p>\n<p>Courriel : <a href=\"mailto:helene.laloue@uha.fr\">helene.laloue@uha.fr<\/a><\/p>\n<p>Heureuse d&rsquo;\u00eatre accueillie par une telle \u00e9quipe avec qui il fait bon vivre et travailler !<\/p>\n<div class=\"su-row\">\n<div class=\"su-column su-column-size-1-2\"><div class=\"su-column-inner su-u-clearfix su-u-trim\">\n<h2>Exp\u00e9riences professionnelles<\/h2>\n<div class=\"su-accordion su-u-trim\">\n<div class=\"su-spoiler su-spoiler-style-default su-spoiler-icon-plus su-spoiler-closed\" data-scroll-offset=\"0\" data-anchor-in-url=\"no\"><div class=\"su-spoiler-title\" tabindex=\"0\" role=\"button\"><span class=\"su-spoiler-icon\"><\/span>2024<\/div><div class=\"su-spoiler-content su-u-clearfix su-u-trim\">\n<p>LVBE poste d&rsquo;Assistant Ing\u00e9nieur \u00e0 80%\u00a0 A (CDI)<br \/>\nDomaine de comp\u00e9tences :<br \/>\n<strong>Mycologie<\/strong> : Mycorhization Champignons \u00e0 Arbuscules (CMA)<\/p>\n<p><strong>Web Master<\/strong> du site internet du LVBE<\/p>\n<\/div><\/div>\n<div class=\"su-spoiler su-spoiler-style-default su-spoiler-icon-plus su-spoiler-closed\" data-scroll-offset=\"0\" data-anchor-in-url=\"no\"><div class=\"su-spoiler-title\" tabindex=\"0\" role=\"button\"><span class=\"su-spoiler-icon\"><\/span>2018-2024<\/div><div class=\"su-spoiler-content su-u-clearfix su-u-trim\">\n<p>LVBE poste de Pr\u00e9parateur en biologie \u00e0 80% B (CDI)<br \/>\nDomaine de comp\u00e9tences :<br \/>\n<strong>Biologie cellulaire<\/strong> : culture in vitro Vigne (call, cultures en milieu liquide, bouturage, embryogen\u00e8se somatique, r\u00e9g\u00e9n\u00e9ration de plantules), culture in vivo Vigne (acclimatation des plants, culture en serre)<\/p>\n<p><strong>Web Master<\/strong> du site internet du LVBE depuis 2018<\/p>\n<\/div><\/div>\n<div class=\"su-spoiler su-spoiler-style-default su-spoiler-icon-plus su-spoiler-closed\" data-scroll-offset=\"0\" data-anchor-in-url=\"no\"><div class=\"su-spoiler-title\" tabindex=\"0\" role=\"button\"><span class=\"su-spoiler-icon\"><\/span>2016-2017<\/div><div class=\"su-spoiler-content su-u-clearfix su-u-trim\">\n<p>LVBE poste de Pr\u00e9parateur en biologie \u00e0 80% C2 (CDD)<br \/>\nDomaine de comp\u00e9tences :<br \/>\n<strong>Microscopie <\/strong>: optique<\/p>\n<\/div><\/div>\n<div class=\"su-spoiler su-spoiler-style-default su-spoiler-icon-plus su-spoiler-closed\" data-scroll-offset=\"0\" data-anchor-in-url=\"no\"><div class=\"su-spoiler-title\" tabindex=\"0\" role=\"button\"><span class=\"su-spoiler-icon\"><\/span>Ao\u00fbt 2014<\/div><div class=\"su-spoiler-content su-u-clearfix su-u-trim\">\n<p><strong>Ambassadrice<\/strong> du LVBE \u00e0 l\u2019Universit\u00e9 du Sud Ouest de <strong>Chine<\/strong> \u00e0 Chongqing.<\/p>\n<\/div><\/div>\n<div class=\"su-spoiler su-spoiler-style-default su-spoiler-icon-plus su-spoiler-closed\" data-scroll-offset=\"0\" data-anchor-in-url=\"no\"><div class=\"su-spoiler-title\" tabindex=\"0\" role=\"button\"><span class=\"su-spoiler-icon\"><\/span>2012-2015<\/div><div class=\"su-spoiler-content su-u-clearfix su-u-trim\">\n<p>LVBE poste de Technicienne de laboratoire \u00e0 50% C2 (CDD)<br \/>\nDomaine de comp\u00e9tences :<br \/>\n<strong>Mycologie<\/strong> : cultures fongiques (entretien mycoth\u00e8que r\u00e9gulier, gestion des stocks).<\/p>\n<\/div><\/div>\n<div class=\"su-spoiler su-spoiler-style-default su-spoiler-icon-plus su-spoiler-closed\" data-scroll-offset=\"0\" data-anchor-in-url=\"no\"><div class=\"su-spoiler-title\" tabindex=\"0\" role=\"button\"><span class=\"su-spoiler-icon\"><\/span>2010<\/div><div class=\"su-spoiler-content su-u-clearfix su-u-trim\">\n<p>LVBE poste de Technicienne de recherche th\u00e9matique \u00e0 50% C2 (CDD)<br \/>\nDur\u00e9e : 4 mois<br \/>\n<strong>Cr\u00e9ation d\u2019une mycoth\u00e8que.<\/strong><\/p>\n<\/div><\/div>\n<div class=\"su-spoiler su-spoiler-style-default su-spoiler-icon-plus su-spoiler-closed\" data-scroll-offset=\"0\" data-anchor-in-url=\"no\"><div class=\"su-spoiler-title\" tabindex=\"0\" role=\"button\"><span class=\"su-spoiler-icon\"><\/span>2009<\/div><div class=\"su-spoiler-content su-u-clearfix su-u-trim\">\n<p>Laboratoire Vigne Biotechnologie et Environnement du Pr. C. BERTSCH \u00e0 l\u2019UHA &#8211; Colmar<br \/>\nDur\u00e9e : 3 mois<br \/>\nTechnicienne de recherche th\u00e9matique, \u00e0 50% C2 (CDD) <strong>domaine des maladies cryptogamiques de la vigne<\/strong>.<\/p>\n<\/div><\/div>\n<div class=\"su-spoiler su-spoiler-style-default su-spoiler-icon-plus su-spoiler-closed\" data-scroll-offset=\"0\" data-anchor-in-url=\"no\"><div class=\"su-spoiler-title\" tabindex=\"0\" role=\"button\"><span class=\"su-spoiler-icon\"><\/span>1997<\/div><div class=\"su-spoiler-content su-u-clearfix su-u-trim\">\n<p>Laboratoire de Biologie V\u00e9g\u00e9tale Appliqu\u00e9e du Pr. B. RETHER \u00e0 l\u2019IUT de Schiltigheim.<br \/>\nTh\u00e8se : <strong>Effets des x\u00e9nobiotiques sur les ascorbates et gua\u00efacol peroxydases de plantes, enzymes de d\u00e9toxifications.<\/strong><br \/>\n<strong>Boursi\u00e8re<\/strong> de l\u2019Agence de l\u2019Environnement et de la Ma\u00eetrise de l\u2019\u00c9nergie (1995-1997).<\/p>\n<\/div><\/div>\n<div class=\"su-spoiler su-spoiler-style-default su-spoiler-icon-plus su-spoiler-closed\" data-scroll-offset=\"0\" data-anchor-in-url=\"no\"><div class=\"su-spoiler-title\" tabindex=\"0\" role=\"button\"><span class=\"su-spoiler-icon\"><\/span>1996<\/div><div class=\"su-spoiler-content su-u-clearfix su-u-trim\">\n<p>Laboratoire du Dr. R. SCHANTZ \u00e0 l\u2019institut de Biologie Mol\u00e9culaire des Plantes du CNRS de Strasbourg<br \/>\nDur\u00e9e : 8 mois<br \/>\n<strong>Essais de clonage de l\u2019ascorbate peroxydase chloroplastique du poivron.<\/strong><\/p>\n<\/div><\/div>\n<div class=\"su-spoiler su-spoiler-style-default su-spoiler-icon-plus su-spoiler-closed\" data-scroll-offset=\"0\" data-anchor-in-url=\"no\"><div class=\"su-spoiler-title\" tabindex=\"0\" role=\"button\"><span class=\"su-spoiler-icon\"><\/span>1994-1995<\/div><div class=\"su-spoiler-content su-u-clearfix su-u-trim\">\n<p>Laboratoire d\u2019explorations fonctionnelles cochl\u00e9o vestibulaires du Pr. C. CONRAUX aux H\u00f4pitaux Universitaires de Strasbourg<br \/>\nDur\u00e9e : 40 heures<br \/>\n<strong>Formation d\u2019assistance m\u00e9dicale en explorations fonctionnelles <\/strong>-Employ\u00e9e au Laboratoire d\u2019Audiom\u00e9trie et de Nystagmographie. Dr. R. SCHREIBER, O. R. L. S\u00e9lestat.<\/p>\n<\/div><\/div>\n<div class=\"su-spoiler su-spoiler-style-default su-spoiler-icon-plus su-spoiler-closed\" data-scroll-offset=\"0\" data-anchor-in-url=\"no\"><div class=\"su-spoiler-title\" tabindex=\"0\" role=\"button\"><span class=\"su-spoiler-icon\"><\/span>1993-1994<\/div><div class=\"su-spoiler-content su-u-clearfix su-u-trim\">\n<ul>\n<li>Laboratoire de Biologie V\u00e9g\u00e9tale Appliqu\u00e9e, IUT Louis Pasteur de Schiltigheim aupr\u00e8s du Pr. P. GUILLEMAUT<br \/>\nDur\u00e9e : 8 mois<br \/>\n<strong>Effets des x\u00e9nobiotiques (NO\u00b0et H2O2) sur l\u2019ADN et les ascorbates peroxydases de v\u00e9g\u00e9taux.<\/strong><\/li>\n<li>Laboratoire du Pr. A. PFOHL-LESZKOWICZ \u00e0 l\u2019institut de Biologie Mol\u00e9culaire des Plantes du CNRS de Strasbourg<br \/>\nDur\u00e9e : 2 mois<br \/>\n<strong>D\u00e9tection par post-marquage au 32P de nucl\u00e9otides modifi\u00e9s au niveau de l\u2019ADN.<\/strong><\/li>\n<\/ul>\n<\/div><\/div>\n<div class=\"su-spoiler su-spoiler-style-default su-spoiler-icon-plus su-spoiler-closed\" data-scroll-offset=\"0\" data-anchor-in-url=\"no\"><div class=\"su-spoiler-title\" tabindex=\"0\" role=\"button\"><span class=\"su-spoiler-icon\"><\/span>1991-1992<\/div><div class=\"su-spoiler-content su-u-clearfix su-u-trim\">\n<p><strong>Monitrice des travaux pratiques de l\u2019U.V. de Virologie <\/strong>\u00e0 l\u2019ULP de Strasbourg<br \/>\nDur\u00e9e : 100 heures<br \/>\nResponsable : Mme le Pr. G. LEBEURIER<\/p>\n<\/div><\/div>\n<div class=\"su-spoiler su-spoiler-style-default su-spoiler-icon-plus su-spoiler-closed\" data-scroll-offset=\"0\" data-anchor-in-url=\"no\"><div class=\"su-spoiler-title\" tabindex=\"0\" role=\"button\"><span class=\"su-spoiler-icon\"><\/span>1989<\/div><div class=\"su-spoiler-content su-u-clearfix su-u-trim\">\n<p>INRA de COLMAR \u2013 Station d\u2019agronomie<br \/>\nDur\u00e9e : 1 mois<br \/>\nDirecteur de stage : Mr. J. Y. CHAPOT, Ing\u00e9nieur de Recherche<br \/>\n<strong>\u00c9tude de l\u2019incidence de l\u2019introduction d\u2019un engrais vert sur la pollution de la nappe phr\u00e9atique par les nitrates.<\/strong><\/p>\n<\/div><\/div>\n<\/div>\n<\/div><\/div>\n<div class=\"su-column su-column-size-1-2\"><div class=\"su-column-inner su-u-clearfix su-u-trim\">\n<h2>Formation<\/h2>\n<h3>Universit\u00e9 Louis Pasteur, Strasbourg I<\/h3>\n<div class=\"su-accordion su-u-trim\">\n<div class=\"su-spoiler su-spoiler-style-default su-spoiler-icon-plus su-spoiler-closed\" data-scroll-offset=\"0\" data-anchor-in-url=\"no\"><div class=\"su-spoiler-title\" tabindex=\"0\" role=\"button\"><span class=\"su-spoiler-icon\"><\/span>1997<\/div><div class=\"su-spoiler-content su-u-clearfix su-u-trim\">\n<p><strong>Doctorat de Biologie Mol\u00e9culaire et Cellulaire<\/strong><br \/>\nDirecteur de th\u00e8se : Pr. Pierre GUILLEMAUT<\/p>\n<\/div><\/div>\n<div class=\"su-spoiler su-spoiler-style-default su-spoiler-icon-plus su-spoiler-closed\" data-scroll-offset=\"0\" data-anchor-in-url=\"no\"><div class=\"su-spoiler-title\" tabindex=\"0\" role=\"button\"><span class=\"su-spoiler-icon\"><\/span>1994<\/div><div class=\"su-spoiler-content su-u-clearfix su-u-trim\">\n<p><strong>Dipl\u00f4me d\u2019\u00c9tudes Approfondies de Biologie Mol\u00e9culaire et Cellulaire<\/strong><br \/>\nPr. J. A. HOFFMANN, prix Nobel de M\u00e9decine en 2011<br \/>\nOption : <strong>Biologie Mol\u00e9culaire V\u00e9g\u00e9tale<\/strong><\/p>\n<\/div><\/div>\n<div class=\"su-spoiler su-spoiler-style-default su-spoiler-icon-plus su-spoiler-closed\" data-scroll-offset=\"0\" data-anchor-in-url=\"no\"><div class=\"su-spoiler-title\" tabindex=\"0\" role=\"button\"><span class=\"su-spoiler-icon\"><\/span>1993<\/div><div class=\"su-spoiler-content su-u-clearfix su-u-trim\">\n<p><strong>Ma\u00eetrise de Biochimie<\/strong> : Pr. Y. BOULANGER et Pr. EHRESMANN<br \/>\nUnit\u00e9s de Valeur optionnelles :<br \/>\nMicrobiologie g\u00e9n\u00e9rale : Pr. J. C. HUBERT<br \/>\n\u00c9cotoxicologie v\u00e9g\u00e9tale : Pr. T. BACH<br \/>\nPhytopathologie mol\u00e9culaire : Pr. JONARD<\/p>\n<\/div><\/div>\n<div class=\"su-spoiler su-spoiler-style-default su-spoiler-icon-plus su-spoiler-closed\" data-scroll-offset=\"0\" data-anchor-in-url=\"no\"><div class=\"su-spoiler-title\" tabindex=\"0\" role=\"button\"><span class=\"su-spoiler-icon\"><\/span>1992<\/div><div class=\"su-spoiler-content su-u-clearfix su-u-trim\">\n<ul>\n<li><strong>Licence de Biochimie <\/strong>: Pr. Y. BOULANGER, Pr. J. L. SOUCIET et Pr. N. BEFORT<br \/>\nUnit\u00e9s de valeur optionnelles :<br \/>\nPhysiologie v\u00e9g\u00e9tale : Pr. P. BENNEVENISTE<br \/>\nVirologie g\u00e9n\u00e9rale et mol\u00e9culaire : Mme le Pr. LEBEURIER<br \/>\nG\u00e9n\u00e9tique fondamentale : Pr. S. POTIER<\/li>\n<li><strong>Dipl\u00f4me Universitaire sur les pollutions et Nuisances<\/strong><br \/>\n\u00e0 l\u2019Universit\u00e9 Robert Schuman \u00e0 Strasbourg : Mme J. LITTMANN, MCF.<\/li>\n<\/ul>\n<\/div><\/div>\n<\/div>\n<\/div><\/div>\n<\/div>\n","protected":false},"excerpt":{"rendered":"<p>Assistant Ing\u00e9nieur de recherche th\u00e9matique Webmaster du site internet du LVBE Courriel : helene.laloue@uha.fr Heureuse d&rsquo;\u00eatre accueillie par une telle \u00e9quipe avec qui il fait bon vivre et travailler !<\/p>\n","protected":false},"author":2,"featured_media":0,"parent":1751,"menu_order":15,"comment_status":"closed","ping_status":"closed","template":"","meta":{"footnotes":""},"class_list":["post-829","page","type-page","status-publish","hentry"],"yoast_head":"<!-- This site is optimized with the Yoast SEO plugin v27.4 - https:\/\/yoast.com\/product\/yoast-seo-wordpress\/ -->\n<title>Dr. H\u00e9l\u00e8ne LALOUE - LVBE - Laboratoire Vigne, Biotechnologies, Environnement | Universit\u00e9 de Haute-Alsace<\/title>\n<meta name=\"robots\" content=\"index, follow, max-snippet:-1, max-image-preview:large, max-video-preview:-1\" \/>\n<link rel=\"canonical\" href=\"https:\/\/www.lvbe.uha.fr\/index.php\/equipe\/membres-de-lequipe\/dr-helene-laloue\/\" \/>\n<meta property=\"og:locale\" content=\"fr_FR\" \/>\n<meta property=\"og:type\" content=\"article\" \/>\n<meta property=\"og:title\" content=\"Dr. H\u00e9l\u00e8ne LALOUE - LVBE - Laboratoire Vigne, Biotechnologies, Environnement | Universit\u00e9 de Haute-Alsace\" \/>\n<meta property=\"og:description\" content=\"Assistant Ing\u00e9nieur de recherche th\u00e9matique Webmaster du site internet du LVBE Courriel : helene.laloue@uha.fr Heureuse d&rsquo;\u00eatre accueillie par une telle \u00e9quipe avec qui il fait bon vivre et travailler !\" \/>\n<meta property=\"og:url\" content=\"https:\/\/www.lvbe.uha.fr\/index.php\/equipe\/membres-de-lequipe\/dr-helene-laloue\/\" \/>\n<meta property=\"og:site_name\" content=\"LVBE - Laboratoire Vigne, Biotechnologies, Environnement | Universit\u00e9 de Haute-Alsace\" \/>\n<meta property=\"article:modified_time\" content=\"2025-02-14T09:31:55+00:00\" \/>\n<meta name=\"twitter:card\" content=\"summary_large_image\" \/>\n<meta name=\"twitter:label1\" content=\"Dur\u00e9e de lecture estim\u00e9e\" \/>\n\t<meta name=\"twitter:data1\" content=\"4 minutes\" \/>\n<script type=\"application\/ld+json\" class=\"yoast-schema-graph\">{\"@context\":\"https:\\\/\\\/schema.org\",\"@graph\":[{\"@type\":\"WebPage\",\"@id\":\"https:\\\/\\\/www.lvbe.uha.fr\\\/index.php\\\/equipe\\\/membres-de-lequipe\\\/dr-helene-laloue\\\/\",\"url\":\"https:\\\/\\\/www.lvbe.uha.fr\\\/index.php\\\/equipe\\\/membres-de-lequipe\\\/dr-helene-laloue\\\/\",\"name\":\"Dr. H\u00e9l\u00e8ne LALOUE - LVBE - Laboratoire Vigne, Biotechnologies, Environnement | Universit\u00e9 de Haute-Alsace\",\"isPartOf\":{\"@id\":\"https:\\\/\\\/www.lvbe.uha.fr\\\/#website\"},\"datePublished\":\"2018-04-13T12:52:01+00:00\",\"dateModified\":\"2025-02-14T09:31:55+00:00\",\"breadcrumb\":{\"@id\":\"https:\\\/\\\/www.lvbe.uha.fr\\\/index.php\\\/equipe\\\/membres-de-lequipe\\\/dr-helene-laloue\\\/#breadcrumb\"},\"inLanguage\":\"fr-FR\",\"potentialAction\":[{\"@type\":\"ReadAction\",\"target\":[\"https:\\\/\\\/www.lvbe.uha.fr\\\/index.php\\\/equipe\\\/membres-de-lequipe\\\/dr-helene-laloue\\\/\"]}]},{\"@type\":\"BreadcrumbList\",\"@id\":\"https:\\\/\\\/www.lvbe.uha.fr\\\/index.php\\\/equipe\\\/membres-de-lequipe\\\/dr-helene-laloue\\\/#breadcrumb\",\"itemListElement\":[{\"@type\":\"ListItem\",\"position\":1,\"name\":\"Accueil\",\"item\":\"https:\\\/\\\/www.lvbe.uha.fr\\\/\"},{\"@type\":\"ListItem\",\"position\":2,\"name\":\"\u00c9quipe\",\"item\":\"https:\\\/\\\/www.lvbe.uha.fr\\\/index.php\\\/equipe\\\/\"},{\"@type\":\"ListItem\",\"position\":3,\"name\":\"Membres de l&rsquo;\u00e9quipe\",\"item\":\"https:\\\/\\\/www.lvbe.uha.fr\\\/index.php\\\/equipe\\\/membres-de-lequipe\\\/\"},{\"@type\":\"ListItem\",\"position\":4,\"name\":\"Dr. H\u00e9l\u00e8ne LALOUE\"}]},{\"@type\":\"WebSite\",\"@id\":\"https:\\\/\\\/www.lvbe.uha.fr\\\/#website\",\"url\":\"https:\\\/\\\/www.lvbe.uha.fr\\\/\",\"name\":\"LVBE - Laboratoire Vigne, Biotechnologies, Environnement | Universit\u00e9 de Haute-Alsace\",\"description\":\"Campus Biop\u00f4le | Universit\u00e9 de Haute-Alsace\",\"potentialAction\":[{\"@type\":\"SearchAction\",\"target\":{\"@type\":\"EntryPoint\",\"urlTemplate\":\"https:\\\/\\\/www.lvbe.uha.fr\\\/?s={search_term_string}\"},\"query-input\":{\"@type\":\"PropertyValueSpecification\",\"valueRequired\":true,\"valueName\":\"search_term_string\"}}],\"inLanguage\":\"fr-FR\"}]}<\/script>\n<!-- \/ Yoast SEO plugin. -->","yoast_head_json":{"title":"Dr. H\u00e9l\u00e8ne LALOUE - LVBE - Laboratoire Vigne, Biotechnologies, Environnement | Universit\u00e9 de Haute-Alsace","robots":{"index":"index","follow":"follow","max-snippet":"max-snippet:-1","max-image-preview":"max-image-preview:large","max-video-preview":"max-video-preview:-1"},"canonical":"https:\/\/www.lvbe.uha.fr\/index.php\/equipe\/membres-de-lequipe\/dr-helene-laloue\/","og_locale":"fr_FR","og_type":"article","og_title":"Dr. H\u00e9l\u00e8ne LALOUE - LVBE - Laboratoire Vigne, Biotechnologies, Environnement | Universit\u00e9 de Haute-Alsace","og_description":"Assistant Ing\u00e9nieur de recherche th\u00e9matique Webmaster du site internet du LVBE Courriel : helene.laloue@uha.fr Heureuse d&rsquo;\u00eatre accueillie par une telle \u00e9quipe avec qui il fait bon vivre et travailler !","og_url":"https:\/\/www.lvbe.uha.fr\/index.php\/equipe\/membres-de-lequipe\/dr-helene-laloue\/","og_site_name":"LVBE - Laboratoire Vigne, Biotechnologies, Environnement | Universit\u00e9 de Haute-Alsace","article_modified_time":"2025-02-14T09:31:55+00:00","twitter_card":"summary_large_image","twitter_misc":{"Dur\u00e9e de lecture estim\u00e9e":"4 minutes"},"schema":{"@context":"https:\/\/schema.org","@graph":[{"@type":"WebPage","@id":"https:\/\/www.lvbe.uha.fr\/index.php\/equipe\/membres-de-lequipe\/dr-helene-laloue\/","url":"https:\/\/www.lvbe.uha.fr\/index.php\/equipe\/membres-de-lequipe\/dr-helene-laloue\/","name":"Dr. H\u00e9l\u00e8ne LALOUE - LVBE - Laboratoire Vigne, Biotechnologies, Environnement | Universit\u00e9 de Haute-Alsace","isPartOf":{"@id":"https:\/\/www.lvbe.uha.fr\/#website"},"datePublished":"2018-04-13T12:52:01+00:00","dateModified":"2025-02-14T09:31:55+00:00","breadcrumb":{"@id":"https:\/\/www.lvbe.uha.fr\/index.php\/equipe\/membres-de-lequipe\/dr-helene-laloue\/#breadcrumb"},"inLanguage":"fr-FR","potentialAction":[{"@type":"ReadAction","target":["https:\/\/www.lvbe.uha.fr\/index.php\/equipe\/membres-de-lequipe\/dr-helene-laloue\/"]}]},{"@type":"BreadcrumbList","@id":"https:\/\/www.lvbe.uha.fr\/index.php\/equipe\/membres-de-lequipe\/dr-helene-laloue\/#breadcrumb","itemListElement":[{"@type":"ListItem","position":1,"name":"Accueil","item":"https:\/\/www.lvbe.uha.fr\/"},{"@type":"ListItem","position":2,"name":"\u00c9quipe","item":"https:\/\/www.lvbe.uha.fr\/index.php\/equipe\/"},{"@type":"ListItem","position":3,"name":"Membres de l&rsquo;\u00e9quipe","item":"https:\/\/www.lvbe.uha.fr\/index.php\/equipe\/membres-de-lequipe\/"},{"@type":"ListItem","position":4,"name":"Dr. H\u00e9l\u00e8ne LALOUE"}]},{"@type":"WebSite","@id":"https:\/\/www.lvbe.uha.fr\/#website","url":"https:\/\/www.lvbe.uha.fr\/","name":"LVBE - Laboratoire Vigne, Biotechnologies, Environnement | Universit\u00e9 de Haute-Alsace","description":"Campus Biop\u00f4le | Universit\u00e9 de Haute-Alsace","potentialAction":[{"@type":"SearchAction","target":{"@type":"EntryPoint","urlTemplate":"https:\/\/www.lvbe.uha.fr\/?s={search_term_string}"},"query-input":{"@type":"PropertyValueSpecification","valueRequired":true,"valueName":"search_term_string"}}],"inLanguage":"fr-FR"}]}},"_links":{"self":[{"href":"https:\/\/www.lvbe.uha.fr\/index.php\/wp-json\/wp\/v2\/pages\/829","targetHints":{"allow":["GET"]}}],"collection":[{"href":"https:\/\/www.lvbe.uha.fr\/index.php\/wp-json\/wp\/v2\/pages"}],"about":[{"href":"https:\/\/www.lvbe.uha.fr\/index.php\/wp-json\/wp\/v2\/types\/page"}],"author":[{"embeddable":true,"href":"https:\/\/www.lvbe.uha.fr\/index.php\/wp-json\/wp\/v2\/users\/2"}],"replies":[{"embeddable":true,"href":"https:\/\/www.lvbe.uha.fr\/index.php\/wp-json\/wp\/v2\/comments?post=829"}],"version-history":[{"count":21,"href":"https:\/\/www.lvbe.uha.fr\/index.php\/wp-json\/wp\/v2\/pages\/829\/revisions"}],"predecessor-version":[{"id":4567,"href":"https:\/\/www.lvbe.uha.fr\/index.php\/wp-json\/wp\/v2\/pages\/829\/revisions\/4567"}],"up":[{"embeddable":true,"href":"https:\/\/www.lvbe.uha.fr\/index.php\/wp-json\/wp\/v2\/pages\/1751"}],"wp:attachment":[{"href":"https:\/\/www.lvbe.uha.fr\/index.php\/wp-json\/wp\/v2\/media?parent=829"}],"curies":[{"name":"wp","href":"https:\/\/api.w.org\/{rel}","templated":true}]}}