{"id":811,"date":"2018-04-13T14:34:36","date_gmt":"2018-04-13T12:34:36","guid":{"rendered":"https:\/\/www.lvbe.uha.fr\/\/?page_id=811"},"modified":"2018-06-13T15:58:44","modified_gmt":"2018-06-13T13:58:44","slug":"dr-mary-lorene-goddard","status":"publish","type":"page","link":"https:\/\/www.lvbe.uha.fr\/index.php\/equipe\/membres-de-lequipe\/dr-mary-lorene-goddard\/","title":{"rendered":"Dr. Mary-Lor\u00e8ne GODDARD"},"content":{"rendered":"<p>Ing\u00e9nieure de recherche<\/p>\n<p>Courriel : <a href=\"mailto:mary-lorene.goddard@uha.fr\">mary-lorene.goddard@uha.fr<\/a><\/p>\n<h2>Projets de recherche\u00a0:<\/h2>\n<p>Compr\u00e9hension des interactions h\u00f4tes-pathog\u00e8nes \u2013 Impact des fongicides &#8211; approches multi-omiques dont m\u00e9tabolomique<br \/>Responsabilit\u00e9s\u00a0: gestion du plateau technique de biochimie (LIMA, Mulhouse)<\/p>\n<h2>Comp\u00e9tences\u00a0:<\/h2>\n<p>Analyses LC-MS\/MS et GC-MS \u2013 m\u00e9tabolomique \u2013 purification et analyse de prot\u00e9ines \u2013 synth\u00e8se organique \u2013 techniques analytique (RMN, UV-Vis, fluorim\u00e9trie) \u2013 Analyses statistiques (T-test, Anova, analyses par composantes principales (ACP), clustering)<\/p>\n<h2>Formation<\/h2>\n<ul>\n<li>2015 | <strong>Formation en \u00ab\u00a0m\u00e9tabolomique par chromatographie &amp; spectrom\u00e9trie de masse\u00a0\u00bb<\/strong> &#8211; Universit\u00e9 de Paris Saclay, France<\/li>\n<li>2013 | <strong>Formation en \u00ab\u00a0spectrom\u00e9trie de masse de peptides et prot\u00e9ines (\u00e9lectrospray &amp; MALDI)\u00a0\u00bb<\/strong> Universit\u00e9 de Strasbourg, France<\/li>\n<li>2003 | <strong>Doctorat en Chimie Bioorganique<\/strong> &#8211; Universit\u00e9 de Nice Sophia-Antipolis, France<br \/>Synth\u00e8se de conjugu\u00e9s de PNA et d\u2019acide amin\u00e9 visant l\u2019ARN du VIH-1<\/li>\n<li>2000 | <strong>Master 2\u00a0: Chimie des Biomol\u00e9cules<\/strong> : synth\u00e8se, structure et r\u00e9activit\u00e9 &#8211; Universit\u00e9 de Montpellier II, France<\/li>\n<li>2000 | <strong>Ing\u00e9nieure en chimie<\/strong> &#8211; Ecole Nationale Sup\u00e9rieure de Chimie, Rennes, France<\/li>\n<\/ul>\n<h2>Projets<\/h2>\n<div class=\"su-accordion su-u-trim\">\n<div class=\"su-spoiler su-spoiler-style-default su-spoiler-icon-plus su-spoiler-closed\" data-scroll-offset=\"0\" data-anchor-in-url=\"no\"><div class=\"su-spoiler-title\" tabindex=\"0\" role=\"button\"><span class=\"su-spoiler-icon\"><\/span>Impact des fongicides<\/div><div class=\"su-spoiler-content su-u-clearfix su-u-trim\">\n<ul>\n<li>Effet de l\u2019ars\u00e9nite de sodium sur les microorganismes et la physiologie de la vigne (Projet CASDAR V1301 2013-2016)<\/li>\n<li>Caract\u00e9risation chez les Botryosphaeriaceae des cibles prot\u00e9iques de l\u2019ars\u00e9nite de sodium (Projet Ecovino-UHA 2016-2017)<\/li>\n<li>Impact de l\u2019ars\u00e9nite de sodium sur la virulence et la production des prot\u00e9ines extracellulaires de Botryosphaeriaceae (Projet Innovants et Risqu\u00e9s-UHA 2016)<\/li>\n<li>M\u00e9tabolomique et m\u00e9talloprot\u00e9omique pour le d\u00e9veloppement de traitements alternatifs aux fongicides \u00e0 base de m\u00e9taux (Projet Fondation Partenariale de Haute-Alsace 2018)<\/li>\n<\/ul>\n<\/div><\/div>\n<div class=\"su-spoiler su-spoiler-style-default su-spoiler-icon-plus su-spoiler-closed\" data-scroll-offset=\"0\" data-anchor-in-url=\"no\"><div class=\"su-spoiler-title\" tabindex=\"0\" role=\"button\"><span class=\"su-spoiler-icon\"><\/span>Interactions h\u00f4tes-pathog\u00e8nes \u2013 m\u00e9canisme de r\u00e9sistance<\/div><div class=\"su-spoiler-content su-u-clearfix su-u-trim\">\n<ul>\n<li>Les prot\u00e9ines extracellulaires de Botryosphaeriaceae (Projet Vitifutur-Interreg V 2017-2020)<br \/>Impact sur la production de stilb\u00e8nes dans les cellules de Vitis<br \/>Activit\u00e9s enzymatiques et m\u00e9tabolisation des stilb\u00e8nes<\/li>\n<li>\u00c9laboration d\u2019un nouveau pied de vigne r\u00e9sistant \u2013 \u00c9tude des m\u00e9canismes de r\u00e9sistance de <em>V. vinifera subsp. Sylvestris<\/em> (Projet Eureka-FranceAgriMer 2017-2021)<\/li>\n<\/ul>\n<\/div><\/div>\n<\/div>\n","protected":false},"excerpt":{"rendered":"<p>Ing\u00e9nieure de recherche Courriel : mary-lorene.goddard@uha.fr Projets de recherche\u00a0: Compr\u00e9hension des interactions h\u00f4tes-pathog\u00e8nes \u2013 Impact des fongicides &#8211; approches multi-omiques dont m\u00e9tabolomiqueResponsabilit\u00e9s\u00a0: gestion du plateau technique de biochimie (LIMA, Mulhouse) Comp\u00e9tences\u00a0: Analyses LC-MS\/MS et GC-MS \u2013 m\u00e9tabolomique \u2013 purification et analyse de prot\u00e9ines \u2013 synth\u00e8se organique \u2013 techniques analytique (RMN, UV-Vis, fluorim\u00e9trie) \u2013 Analyses statistiques [&hellip;]<\/p>\n","protected":false},"author":2,"featured_media":0,"parent":1751,"menu_order":12,"comment_status":"closed","ping_status":"closed","template":"","meta":{"footnotes":""},"class_list":["post-811","page","type-page","status-publish","hentry"],"yoast_head":"<!-- This site is optimized with the Yoast SEO plugin v27.4 - https:\/\/yoast.com\/product\/yoast-seo-wordpress\/ -->\n<title>Dr. Mary-Lor\u00e8ne GODDARD - LVBE - Laboratoire Vigne, Biotechnologies, Environnement | Universit\u00e9 de Haute-Alsace<\/title>\n<meta name=\"robots\" content=\"index, follow, max-snippet:-1, max-image-preview:large, max-video-preview:-1\" \/>\n<link rel=\"canonical\" href=\"https:\/\/www.lvbe.uha.fr\/index.php\/equipe\/membres-de-lequipe\/dr-mary-lorene-goddard\/\" \/>\n<meta property=\"og:locale\" content=\"fr_FR\" \/>\n<meta property=\"og:type\" content=\"article\" \/>\n<meta property=\"og:title\" content=\"Dr. Mary-Lor\u00e8ne GODDARD - LVBE - Laboratoire Vigne, Biotechnologies, Environnement | Universit\u00e9 de Haute-Alsace\" \/>\n<meta property=\"og:description\" content=\"Ing\u00e9nieure de recherche Courriel : mary-lorene.goddard@uha.fr Projets de recherche\u00a0: Compr\u00e9hension des interactions h\u00f4tes-pathog\u00e8nes \u2013 Impact des fongicides &#8211; approches multi-omiques dont m\u00e9tabolomiqueResponsabilit\u00e9s\u00a0: gestion du plateau technique de biochimie (LIMA, Mulhouse) Comp\u00e9tences\u00a0: Analyses LC-MS\/MS et GC-MS \u2013 m\u00e9tabolomique \u2013 purification et analyse de prot\u00e9ines \u2013 synth\u00e8se organique \u2013 techniques analytique (RMN, UV-Vis, fluorim\u00e9trie) \u2013 Analyses statistiques [&hellip;]\" \/>\n<meta property=\"og:url\" content=\"https:\/\/www.lvbe.uha.fr\/index.php\/equipe\/membres-de-lequipe\/dr-mary-lorene-goddard\/\" \/>\n<meta property=\"og:site_name\" content=\"LVBE - Laboratoire Vigne, Biotechnologies, Environnement | Universit\u00e9 de Haute-Alsace\" \/>\n<meta property=\"article:modified_time\" content=\"2018-06-13T13:58:44+00:00\" \/>\n<meta name=\"twitter:card\" content=\"summary_large_image\" \/>\n<meta name=\"twitter:label1\" content=\"Dur\u00e9e de lecture estim\u00e9e\" \/>\n\t<meta name=\"twitter:data1\" content=\"2 minutes\" \/>\n<script type=\"application\/ld+json\" class=\"yoast-schema-graph\">{\"@context\":\"https:\\\/\\\/schema.org\",\"@graph\":[{\"@type\":\"WebPage\",\"@id\":\"https:\\\/\\\/www.lvbe.uha.fr\\\/index.php\\\/equipe\\\/membres-de-lequipe\\\/dr-mary-lorene-goddard\\\/\",\"url\":\"https:\\\/\\\/www.lvbe.uha.fr\\\/index.php\\\/equipe\\\/membres-de-lequipe\\\/dr-mary-lorene-goddard\\\/\",\"name\":\"Dr. Mary-Lor\u00e8ne GODDARD - LVBE - Laboratoire Vigne, Biotechnologies, Environnement | Universit\u00e9 de Haute-Alsace\",\"isPartOf\":{\"@id\":\"https:\\\/\\\/www.lvbe.uha.fr\\\/#website\"},\"datePublished\":\"2018-04-13T12:34:36+00:00\",\"dateModified\":\"2018-06-13T13:58:44+00:00\",\"breadcrumb\":{\"@id\":\"https:\\\/\\\/www.lvbe.uha.fr\\\/index.php\\\/equipe\\\/membres-de-lequipe\\\/dr-mary-lorene-goddard\\\/#breadcrumb\"},\"inLanguage\":\"fr-FR\",\"potentialAction\":[{\"@type\":\"ReadAction\",\"target\":[\"https:\\\/\\\/www.lvbe.uha.fr\\\/index.php\\\/equipe\\\/membres-de-lequipe\\\/dr-mary-lorene-goddard\\\/\"]}]},{\"@type\":\"BreadcrumbList\",\"@id\":\"https:\\\/\\\/www.lvbe.uha.fr\\\/index.php\\\/equipe\\\/membres-de-lequipe\\\/dr-mary-lorene-goddard\\\/#breadcrumb\",\"itemListElement\":[{\"@type\":\"ListItem\",\"position\":1,\"name\":\"Accueil\",\"item\":\"https:\\\/\\\/www.lvbe.uha.fr\\\/\"},{\"@type\":\"ListItem\",\"position\":2,\"name\":\"\u00c9quipe\",\"item\":\"https:\\\/\\\/www.lvbe.uha.fr\\\/index.php\\\/equipe\\\/\"},{\"@type\":\"ListItem\",\"position\":3,\"name\":\"Membres de l&rsquo;\u00e9quipe\",\"item\":\"https:\\\/\\\/www.lvbe.uha.fr\\\/index.php\\\/equipe\\\/membres-de-lequipe\\\/\"},{\"@type\":\"ListItem\",\"position\":4,\"name\":\"Dr. Mary-Lor\u00e8ne GODDARD\"}]},{\"@type\":\"WebSite\",\"@id\":\"https:\\\/\\\/www.lvbe.uha.fr\\\/#website\",\"url\":\"https:\\\/\\\/www.lvbe.uha.fr\\\/\",\"name\":\"LVBE - Laboratoire Vigne, Biotechnologies, Environnement | Universit\u00e9 de Haute-Alsace\",\"description\":\"Campus Biop\u00f4le | Universit\u00e9 de Haute-Alsace\",\"potentialAction\":[{\"@type\":\"SearchAction\",\"target\":{\"@type\":\"EntryPoint\",\"urlTemplate\":\"https:\\\/\\\/www.lvbe.uha.fr\\\/?s={search_term_string}\"},\"query-input\":{\"@type\":\"PropertyValueSpecification\",\"valueRequired\":true,\"valueName\":\"search_term_string\"}}],\"inLanguage\":\"fr-FR\"}]}<\/script>\n<!-- \/ Yoast SEO plugin. -->","yoast_head_json":{"title":"Dr. Mary-Lor\u00e8ne GODDARD - LVBE - Laboratoire Vigne, Biotechnologies, Environnement | Universit\u00e9 de Haute-Alsace","robots":{"index":"index","follow":"follow","max-snippet":"max-snippet:-1","max-image-preview":"max-image-preview:large","max-video-preview":"max-video-preview:-1"},"canonical":"https:\/\/www.lvbe.uha.fr\/index.php\/equipe\/membres-de-lequipe\/dr-mary-lorene-goddard\/","og_locale":"fr_FR","og_type":"article","og_title":"Dr. Mary-Lor\u00e8ne GODDARD - LVBE - Laboratoire Vigne, Biotechnologies, Environnement | Universit\u00e9 de Haute-Alsace","og_description":"Ing\u00e9nieure de recherche Courriel : mary-lorene.goddard@uha.fr Projets de recherche\u00a0: Compr\u00e9hension des interactions h\u00f4tes-pathog\u00e8nes \u2013 Impact des fongicides &#8211; approches multi-omiques dont m\u00e9tabolomiqueResponsabilit\u00e9s\u00a0: gestion du plateau technique de biochimie (LIMA, Mulhouse) Comp\u00e9tences\u00a0: Analyses LC-MS\/MS et GC-MS \u2013 m\u00e9tabolomique \u2013 purification et analyse de prot\u00e9ines \u2013 synth\u00e8se organique \u2013 techniques analytique (RMN, UV-Vis, fluorim\u00e9trie) \u2013 Analyses statistiques [&hellip;]","og_url":"https:\/\/www.lvbe.uha.fr\/index.php\/equipe\/membres-de-lequipe\/dr-mary-lorene-goddard\/","og_site_name":"LVBE - Laboratoire Vigne, Biotechnologies, Environnement | Universit\u00e9 de Haute-Alsace","article_modified_time":"2018-06-13T13:58:44+00:00","twitter_card":"summary_large_image","twitter_misc":{"Dur\u00e9e de lecture estim\u00e9e":"2 minutes"},"schema":{"@context":"https:\/\/schema.org","@graph":[{"@type":"WebPage","@id":"https:\/\/www.lvbe.uha.fr\/index.php\/equipe\/membres-de-lequipe\/dr-mary-lorene-goddard\/","url":"https:\/\/www.lvbe.uha.fr\/index.php\/equipe\/membres-de-lequipe\/dr-mary-lorene-goddard\/","name":"Dr. Mary-Lor\u00e8ne GODDARD - LVBE - Laboratoire Vigne, Biotechnologies, Environnement | Universit\u00e9 de Haute-Alsace","isPartOf":{"@id":"https:\/\/www.lvbe.uha.fr\/#website"},"datePublished":"2018-04-13T12:34:36+00:00","dateModified":"2018-06-13T13:58:44+00:00","breadcrumb":{"@id":"https:\/\/www.lvbe.uha.fr\/index.php\/equipe\/membres-de-lequipe\/dr-mary-lorene-goddard\/#breadcrumb"},"inLanguage":"fr-FR","potentialAction":[{"@type":"ReadAction","target":["https:\/\/www.lvbe.uha.fr\/index.php\/equipe\/membres-de-lequipe\/dr-mary-lorene-goddard\/"]}]},{"@type":"BreadcrumbList","@id":"https:\/\/www.lvbe.uha.fr\/index.php\/equipe\/membres-de-lequipe\/dr-mary-lorene-goddard\/#breadcrumb","itemListElement":[{"@type":"ListItem","position":1,"name":"Accueil","item":"https:\/\/www.lvbe.uha.fr\/"},{"@type":"ListItem","position":2,"name":"\u00c9quipe","item":"https:\/\/www.lvbe.uha.fr\/index.php\/equipe\/"},{"@type":"ListItem","position":3,"name":"Membres de l&rsquo;\u00e9quipe","item":"https:\/\/www.lvbe.uha.fr\/index.php\/equipe\/membres-de-lequipe\/"},{"@type":"ListItem","position":4,"name":"Dr. Mary-Lor\u00e8ne GODDARD"}]},{"@type":"WebSite","@id":"https:\/\/www.lvbe.uha.fr\/#website","url":"https:\/\/www.lvbe.uha.fr\/","name":"LVBE - Laboratoire Vigne, Biotechnologies, Environnement | Universit\u00e9 de Haute-Alsace","description":"Campus Biop\u00f4le | Universit\u00e9 de Haute-Alsace","potentialAction":[{"@type":"SearchAction","target":{"@type":"EntryPoint","urlTemplate":"https:\/\/www.lvbe.uha.fr\/?s={search_term_string}"},"query-input":{"@type":"PropertyValueSpecification","valueRequired":true,"valueName":"search_term_string"}}],"inLanguage":"fr-FR"}]}},"_links":{"self":[{"href":"https:\/\/www.lvbe.uha.fr\/index.php\/wp-json\/wp\/v2\/pages\/811","targetHints":{"allow":["GET"]}}],"collection":[{"href":"https:\/\/www.lvbe.uha.fr\/index.php\/wp-json\/wp\/v2\/pages"}],"about":[{"href":"https:\/\/www.lvbe.uha.fr\/index.php\/wp-json\/wp\/v2\/types\/page"}],"author":[{"embeddable":true,"href":"https:\/\/www.lvbe.uha.fr\/index.php\/wp-json\/wp\/v2\/users\/2"}],"replies":[{"embeddable":true,"href":"https:\/\/www.lvbe.uha.fr\/index.php\/wp-json\/wp\/v2\/comments?post=811"}],"version-history":[{"count":10,"href":"https:\/\/www.lvbe.uha.fr\/index.php\/wp-json\/wp\/v2\/pages\/811\/revisions"}],"predecessor-version":[{"id":1825,"href":"https:\/\/www.lvbe.uha.fr\/index.php\/wp-json\/wp\/v2\/pages\/811\/revisions\/1825"}],"up":[{"embeddable":true,"href":"https:\/\/www.lvbe.uha.fr\/index.php\/wp-json\/wp\/v2\/pages\/1751"}],"wp:attachment":[{"href":"https:\/\/www.lvbe.uha.fr\/index.php\/wp-json\/wp\/v2\/media?parent=811"}],"curies":[{"name":"wp","href":"https:\/\/api.w.org\/{rel}","templated":true}]}}