{"id":799,"date":"2018-04-13T14:18:58","date_gmt":"2018-04-13T12:18:58","guid":{"rendered":"https:\/\/www.lvbe.uha.fr\/\/?page_id=799"},"modified":"2022-05-09T14:52:01","modified_gmt":"2022-05-09T12:52:01","slug":"gellon-melanie","status":"publish","type":"page","link":"https:\/\/www.lvbe.uha.fr\/index.php\/equipe\/membres-de-lequipe\/gellon-melanie\/","title":{"rendered":"Dr. M\u00e9lanie GELLON"},"content":{"rendered":"<p>Ma\u00eetre de Conf\u00e9rences<\/p>\n<p>Docteur en Biologie Cellulaire<\/p>\n<p>Courriel\u00a0: <a href=\"mailto:melanie.gellon@uha.fr\">melanie.gellon@uha.fr<\/a><\/p>\n<p><strong>Fonction actuelle<\/strong> : Maitre de conf\u00e9rences en section CNU 68 \u00e0 la Facult\u00e9 de Marketing et d\u2019Agrosciences &#8211; Recherche au Laboratoire Vigne Biotechnologies Environnement (EA 3991, UHA, Colmar) sur la th\u00e9matique des Maladies du Bois de la Vigne.<\/p>\n<div class=\"su-row\">\n<div class=\"su-column su-column-size-1-2\"><div class=\"su-column-inner su-u-clearfix su-u-trim\">\n<h2>Formation<\/h2>\n<ul>\n<li><strong>2011<\/strong> | Doctorat es Sciences option Biologie Cellulaire (bourse CIFRE &#8211; UHA)<\/li>\n<li><strong>2007<\/strong> | Master 2 Sciences, Technologie et Sant\u00e9 \u00e0 finalit\u00e9 Recherche mention \u00ab Agro-ressources V\u00e9g\u00e9tales et Environnement \u00bb (URCA)<\/li>\n<li><strong>2006<\/strong> | Ma\u00eetrise Sciences, Technologie et Sant\u00e9 mention \u00ab Agro-Sciences et Environnement \u00bb (URCA)<\/li>\n<li><strong>2005<\/strong> | Licence Biologie mention \u00ab Biologie G\u00e9n\u00e9rale Sciences de la Terre et de l\u2019Univers \u00bb (URCA)<\/li>\n<li><strong>2006<\/strong>\u00a0| DEUG Sciences et Technologie mention \u00ab Sciences de la Vie \u00bb (URCA)<\/li>\n<\/ul>\n<h2>Enseignement &#8211; encadrement<\/h2>\n<p><strong>Enseignement<\/strong> : MCF (depuis 01\/09\/2016), ATER (2012\/2014) et vacataire (2007\/2009 puis 2014\/2016 \u00e0 l&rsquo;UHA, depuis 2014 \u00e0 l&rsquo;IFSI Rouffach)<\/p>\n<p>Autres activit\u00e9s p\u00e9dagogiques : tutelle de stages M2 (5 \u00e9tudiants), tutelle de stages L3 AA (23 \u00e9tudiants), tutelle de projet R&amp;D de Master (2 projets) ; co-organisation du Troph\u00e9e Alsacien de l\u2019Innovation Alimentaire : 6 ann\u00e9es cons\u00e9cutives (6 co-organisateurs)<\/p>\n<p><strong>Encadrement doctoral<\/strong> : 1 th\u00e8se en co-encadrement (bourse minist\u00e9rielle) 2017-2020<\/p>\n<p><strong>Encadrement de stages en recherche <\/strong>: 10 \u00e9tudiants (niveaux seconde g\u00e9n\u00e9rale \u00e0 Master 2)<\/p>\n<h2>Responsabilit\u00e9s<\/h2>\n<ul>\n<li>Responsable des enseignements en Agronomie des L3 AA et Master ST2AE parcours SAE<\/li>\n<li>Responsable des stages des L3 AA<\/li>\n<li>Co-organisation avec Mlle \u00c9lodie STEMPIEN des journ\u00e9es nationales des MDB (2015)<\/li>\n<li>Charg\u00e9e de mission projet Archives Ouvertes de la Connaissance de l\u2019UHA (axe 1 du contrat de site Alsace 2013-2017)<\/li>\n<li>R\u00e9alisation d\u2019un dossier de r\u00e9glementation pour l\u2019utilisation d\u2019organismes g\u00e9n\u00e9tiquement modifi\u00e9s (2008)<\/li>\n<\/ul>\n<\/div><\/div>\n<div class=\"su-column su-column-size-1-2\"><div class=\"su-column-inner su-u-clearfix su-u-trim\">\n<h2>Production scientifique<\/h2>\n<ul>\n<li><strong>5 publications<\/strong> dans des journaux scientifiques internationaux \u00e0 comit\u00e9 de lecture<\/li>\n<li><strong>1 brevet<\/strong> d\u2019invention avec extension internationale<\/li>\n<li><strong>10 communications orales<\/strong><\/li>\n<li><strong> 10 communications par affiche<\/strong><\/li>\n<li><strong> 1 conf\u00e9rence invit\u00e9e<\/strong><\/li>\n<\/ul>\n<h2>Th\u00e9matiques de recherche &#8211; Comp\u00e9tences<\/h2>\n<p><strong>Th\u00e9matiques<\/strong> : Phytopathologie, Interactions h\u00f4te-pathog\u00e8ne, Transformation g\u00e9n\u00e9tique de plantes, Virologie<\/p>\n<p><strong>Domaines de comp\u00e9tences<\/strong> : Biotechnologies, Biochimie, Biologie mol\u00e9culaire, Biologie cellulaire, Mycologie, Exp\u00e9rimentation terrain<\/p>\n<h2>Exp\u00e9riences professionnelles<\/h2>\n<p><strong>Recherche<\/strong> : 3 stages (L3 \u00e0 M2), 1 doctorat, 2 ATER (1\/2 poste), 1 post-doctorat (2 ans)<\/p>\n<p><strong>Autres<\/strong> : employ\u00e9e viticole de 2000 \u00e0 2005 (palissage en juin et vendanges en septembre), surveillante d\u2019internat de 2002-2007<\/p>\n<\/div><\/div>\n<\/div>\n","protected":false},"excerpt":{"rendered":"<p>Ma\u00eetre de Conf\u00e9rences Docteur en Biologie Cellulaire Courriel\u00a0: melanie.gellon@uha.fr Fonction actuelle : Maitre de conf\u00e9rences en section CNU 68 \u00e0 la Facult\u00e9 de Marketing et d\u2019Agrosciences &#8211; Recherche au Laboratoire Vigne Biotechnologies Environnement (EA 3991, UHA, Colmar) sur la th\u00e9matique des Maladies du Bois de la Vigne.<\/p>\n","protected":false},"author":2,"featured_media":0,"parent":1751,"menu_order":11,"comment_status":"closed","ping_status":"closed","template":"","meta":{"footnotes":""},"class_list":["post-799","page","type-page","status-publish","hentry"],"yoast_head":"<!-- This site is optimized with the Yoast SEO plugin v27.4 - https:\/\/yoast.com\/product\/yoast-seo-wordpress\/ -->\n<title>Dr. M\u00e9lanie GELLON - LVBE - Laboratoire Vigne, Biotechnologies, Environnement | Universit\u00e9 de Haute-Alsace<\/title>\n<meta name=\"robots\" content=\"index, follow, max-snippet:-1, max-image-preview:large, max-video-preview:-1\" \/>\n<link rel=\"canonical\" href=\"https:\/\/www.lvbe.uha.fr\/index.php\/equipe\/membres-de-lequipe\/gellon-melanie\/\" \/>\n<meta property=\"og:locale\" content=\"fr_FR\" \/>\n<meta property=\"og:type\" content=\"article\" \/>\n<meta property=\"og:title\" content=\"Dr. M\u00e9lanie GELLON - LVBE - Laboratoire Vigne, Biotechnologies, Environnement | Universit\u00e9 de Haute-Alsace\" \/>\n<meta property=\"og:description\" content=\"Ma\u00eetre de Conf\u00e9rences Docteur en Biologie Cellulaire Courriel\u00a0: melanie.gellon@uha.fr Fonction actuelle : Maitre de conf\u00e9rences en section CNU 68 \u00e0 la Facult\u00e9 de Marketing et d\u2019Agrosciences &#8211; Recherche au Laboratoire Vigne Biotechnologies Environnement (EA 3991, UHA, Colmar) sur la th\u00e9matique des Maladies du Bois de la Vigne.\" \/>\n<meta property=\"og:url\" content=\"https:\/\/www.lvbe.uha.fr\/index.php\/equipe\/membres-de-lequipe\/gellon-melanie\/\" \/>\n<meta property=\"og:site_name\" content=\"LVBE - Laboratoire Vigne, Biotechnologies, Environnement | Universit\u00e9 de Haute-Alsace\" \/>\n<meta property=\"article:modified_time\" content=\"2022-05-09T12:52:01+00:00\" \/>\n<meta name=\"twitter:card\" content=\"summary_large_image\" \/>\n<meta name=\"twitter:label1\" content=\"Dur\u00e9e de lecture estim\u00e9e\" \/>\n\t<meta name=\"twitter:data1\" content=\"2 minutes\" \/>\n<script type=\"application\/ld+json\" class=\"yoast-schema-graph\">{\"@context\":\"https:\\\/\\\/schema.org\",\"@graph\":[{\"@type\":\"WebPage\",\"@id\":\"https:\\\/\\\/www.lvbe.uha.fr\\\/index.php\\\/equipe\\\/membres-de-lequipe\\\/gellon-melanie\\\/\",\"url\":\"https:\\\/\\\/www.lvbe.uha.fr\\\/index.php\\\/equipe\\\/membres-de-lequipe\\\/gellon-melanie\\\/\",\"name\":\"Dr. M\u00e9lanie GELLON - LVBE - Laboratoire Vigne, Biotechnologies, Environnement | Universit\u00e9 de Haute-Alsace\",\"isPartOf\":{\"@id\":\"https:\\\/\\\/www.lvbe.uha.fr\\\/#website\"},\"datePublished\":\"2018-04-13T12:18:58+00:00\",\"dateModified\":\"2022-05-09T12:52:01+00:00\",\"breadcrumb\":{\"@id\":\"https:\\\/\\\/www.lvbe.uha.fr\\\/index.php\\\/equipe\\\/membres-de-lequipe\\\/gellon-melanie\\\/#breadcrumb\"},\"inLanguage\":\"fr-FR\",\"potentialAction\":[{\"@type\":\"ReadAction\",\"target\":[\"https:\\\/\\\/www.lvbe.uha.fr\\\/index.php\\\/equipe\\\/membres-de-lequipe\\\/gellon-melanie\\\/\"]}]},{\"@type\":\"BreadcrumbList\",\"@id\":\"https:\\\/\\\/www.lvbe.uha.fr\\\/index.php\\\/equipe\\\/membres-de-lequipe\\\/gellon-melanie\\\/#breadcrumb\",\"itemListElement\":[{\"@type\":\"ListItem\",\"position\":1,\"name\":\"Accueil\",\"item\":\"https:\\\/\\\/www.lvbe.uha.fr\\\/\"},{\"@type\":\"ListItem\",\"position\":2,\"name\":\"\u00c9quipe\",\"item\":\"https:\\\/\\\/www.lvbe.uha.fr\\\/index.php\\\/equipe\\\/\"},{\"@type\":\"ListItem\",\"position\":3,\"name\":\"Membres de l&rsquo;\u00e9quipe\",\"item\":\"https:\\\/\\\/www.lvbe.uha.fr\\\/index.php\\\/equipe\\\/membres-de-lequipe\\\/\"},{\"@type\":\"ListItem\",\"position\":4,\"name\":\"Dr. M\u00e9lanie GELLON\"}]},{\"@type\":\"WebSite\",\"@id\":\"https:\\\/\\\/www.lvbe.uha.fr\\\/#website\",\"url\":\"https:\\\/\\\/www.lvbe.uha.fr\\\/\",\"name\":\"LVBE - Laboratoire Vigne, Biotechnologies, Environnement | Universit\u00e9 de Haute-Alsace\",\"description\":\"Campus Biop\u00f4le | Universit\u00e9 de Haute-Alsace\",\"potentialAction\":[{\"@type\":\"SearchAction\",\"target\":{\"@type\":\"EntryPoint\",\"urlTemplate\":\"https:\\\/\\\/www.lvbe.uha.fr\\\/?s={search_term_string}\"},\"query-input\":{\"@type\":\"PropertyValueSpecification\",\"valueRequired\":true,\"valueName\":\"search_term_string\"}}],\"inLanguage\":\"fr-FR\"}]}<\/script>\n<!-- \/ Yoast SEO plugin. -->","yoast_head_json":{"title":"Dr. M\u00e9lanie GELLON - LVBE - Laboratoire Vigne, Biotechnologies, Environnement | Universit\u00e9 de Haute-Alsace","robots":{"index":"index","follow":"follow","max-snippet":"max-snippet:-1","max-image-preview":"max-image-preview:large","max-video-preview":"max-video-preview:-1"},"canonical":"https:\/\/www.lvbe.uha.fr\/index.php\/equipe\/membres-de-lequipe\/gellon-melanie\/","og_locale":"fr_FR","og_type":"article","og_title":"Dr. M\u00e9lanie GELLON - LVBE - Laboratoire Vigne, Biotechnologies, Environnement | Universit\u00e9 de Haute-Alsace","og_description":"Ma\u00eetre de Conf\u00e9rences Docteur en Biologie Cellulaire Courriel\u00a0: melanie.gellon@uha.fr Fonction actuelle : Maitre de conf\u00e9rences en section CNU 68 \u00e0 la Facult\u00e9 de Marketing et d\u2019Agrosciences &#8211; Recherche au Laboratoire Vigne Biotechnologies Environnement (EA 3991, UHA, Colmar) sur la th\u00e9matique des Maladies du Bois de la Vigne.","og_url":"https:\/\/www.lvbe.uha.fr\/index.php\/equipe\/membres-de-lequipe\/gellon-melanie\/","og_site_name":"LVBE - Laboratoire Vigne, Biotechnologies, Environnement | Universit\u00e9 de Haute-Alsace","article_modified_time":"2022-05-09T12:52:01+00:00","twitter_card":"summary_large_image","twitter_misc":{"Dur\u00e9e de lecture estim\u00e9e":"2 minutes"},"schema":{"@context":"https:\/\/schema.org","@graph":[{"@type":"WebPage","@id":"https:\/\/www.lvbe.uha.fr\/index.php\/equipe\/membres-de-lequipe\/gellon-melanie\/","url":"https:\/\/www.lvbe.uha.fr\/index.php\/equipe\/membres-de-lequipe\/gellon-melanie\/","name":"Dr. M\u00e9lanie GELLON - LVBE - Laboratoire Vigne, Biotechnologies, Environnement | Universit\u00e9 de Haute-Alsace","isPartOf":{"@id":"https:\/\/www.lvbe.uha.fr\/#website"},"datePublished":"2018-04-13T12:18:58+00:00","dateModified":"2022-05-09T12:52:01+00:00","breadcrumb":{"@id":"https:\/\/www.lvbe.uha.fr\/index.php\/equipe\/membres-de-lequipe\/gellon-melanie\/#breadcrumb"},"inLanguage":"fr-FR","potentialAction":[{"@type":"ReadAction","target":["https:\/\/www.lvbe.uha.fr\/index.php\/equipe\/membres-de-lequipe\/gellon-melanie\/"]}]},{"@type":"BreadcrumbList","@id":"https:\/\/www.lvbe.uha.fr\/index.php\/equipe\/membres-de-lequipe\/gellon-melanie\/#breadcrumb","itemListElement":[{"@type":"ListItem","position":1,"name":"Accueil","item":"https:\/\/www.lvbe.uha.fr\/"},{"@type":"ListItem","position":2,"name":"\u00c9quipe","item":"https:\/\/www.lvbe.uha.fr\/index.php\/equipe\/"},{"@type":"ListItem","position":3,"name":"Membres de l&rsquo;\u00e9quipe","item":"https:\/\/www.lvbe.uha.fr\/index.php\/equipe\/membres-de-lequipe\/"},{"@type":"ListItem","position":4,"name":"Dr. M\u00e9lanie GELLON"}]},{"@type":"WebSite","@id":"https:\/\/www.lvbe.uha.fr\/#website","url":"https:\/\/www.lvbe.uha.fr\/","name":"LVBE - Laboratoire Vigne, Biotechnologies, Environnement | Universit\u00e9 de Haute-Alsace","description":"Campus Biop\u00f4le | Universit\u00e9 de Haute-Alsace","potentialAction":[{"@type":"SearchAction","target":{"@type":"EntryPoint","urlTemplate":"https:\/\/www.lvbe.uha.fr\/?s={search_term_string}"},"query-input":{"@type":"PropertyValueSpecification","valueRequired":true,"valueName":"search_term_string"}}],"inLanguage":"fr-FR"}]}},"_links":{"self":[{"href":"https:\/\/www.lvbe.uha.fr\/index.php\/wp-json\/wp\/v2\/pages\/799","targetHints":{"allow":["GET"]}}],"collection":[{"href":"https:\/\/www.lvbe.uha.fr\/index.php\/wp-json\/wp\/v2\/pages"}],"about":[{"href":"https:\/\/www.lvbe.uha.fr\/index.php\/wp-json\/wp\/v2\/types\/page"}],"author":[{"embeddable":true,"href":"https:\/\/www.lvbe.uha.fr\/index.php\/wp-json\/wp\/v2\/users\/2"}],"replies":[{"embeddable":true,"href":"https:\/\/www.lvbe.uha.fr\/index.php\/wp-json\/wp\/v2\/comments?post=799"}],"version-history":[{"count":13,"href":"https:\/\/www.lvbe.uha.fr\/index.php\/wp-json\/wp\/v2\/pages\/799\/revisions"}],"predecessor-version":[{"id":3690,"href":"https:\/\/www.lvbe.uha.fr\/index.php\/wp-json\/wp\/v2\/pages\/799\/revisions\/3690"}],"up":[{"embeddable":true,"href":"https:\/\/www.lvbe.uha.fr\/index.php\/wp-json\/wp\/v2\/pages\/1751"}],"wp:attachment":[{"href":"https:\/\/www.lvbe.uha.fr\/index.php\/wp-json\/wp\/v2\/media?parent=799"}],"curies":[{"name":"wp","href":"https:\/\/api.w.org\/{rel}","templated":true}]}}