{"id":780,"date":"2018-04-13T11:07:52","date_gmt":"2018-04-13T09:07:52","guid":{"rendered":"https:\/\/www.lvbe.uha.fr\/\/?page_id=780"},"modified":"2019-11-22T12:45:01","modified_gmt":"2019-11-22T11:45:01","slug":"alexandre-fritsch","status":"publish","type":"page","link":"https:\/\/www.lvbe.uha.fr\/index.php\/equipe\/membres-de-lequipe\/alexandre-fritsch\/","title":{"rendered":"Alexandre FRITSCH"},"content":{"rendered":"<p>Technicien de Recherche et de Formation<\/p>\n<p>Courriel : <a href=\"mailto:alexandre.fritsch@uha.fr\">alexandre.fritsch@uha.fr<\/a><\/p>\n<h2>Formation et dipl\u00f4mes<\/h2>\n<p>2008 &#8211; 2010\u00a0:<\/p>\n<ul>\n<li>Dipl\u00f4me Universitaire Technologique \u00ab\u00a0G\u00e9nie Biologique option Agronomie\u00a0\u00bb, Universit\u00e9 de Haute-Alsace, Institut Universitaire Technologique de Colmar.<br \/>\nFormation en G\u00e9nie Biologique, comprenant un stage de deux mois \u00e0 l\u2019INRA de Colmar.<\/li>\n<\/ul>\n<h2>Exp\u00e9riences professionnelles<\/h2>\n<div class=\"su-accordion su-u-trim\">\n<div class=\"su-spoiler su-spoiler-style-default su-spoiler-icon-plus su-spoiler-closed\" data-scroll-offset=\"0\" data-anchor-in-url=\"no\"><div class=\"su-spoiler-title\" tabindex=\"0\" role=\"button\"><span class=\"su-spoiler-icon\"><\/span>2013 - aujourd\u2019hui<\/div><div class=\"su-spoiler-content su-u-clearfix su-u-trim\">\n<p><strong>Technicien de Recherche et de Formation<\/strong> &#8211; Facult\u00e9 de Marketing et d\u2019Agrosciences &#8211; Universit\u00e9 de Haute-Alsace<\/p>\n<p>Enseignement :<\/p>\n<ul>\n<li>Mise au point des protocoles, et pr\u00e9paration des travaux pratiques (domaines : physiologie v\u00e9g\u00e9tale, biochimie, microbiologie, g\u00e9nie g\u00e9n\u00e9tique et enzymatique, biotechnologie, analyse sensorielle, dissection animale\u2026) de Licence 3 \u00e0 Master 2 (environ 100 \u00e9tudiants), en relation avec l\u2019\u00e9quipe p\u00e9dagogique<\/li>\n<li>Encadrement de projets tutor\u00e9s d\u2019\u00e9tudiants de Licence 3 (50 \u00e9tudiants) : \u00e9laboration d\u2019un produit alimentaire innovant. Conseils pratiques en microbiologie, biochimie, physique, et accompagnement au laboratoire durant les analyses<\/li>\n<li>Gestion des stocks de produits, de consommables, de mat\u00e9riels et des d\u00e9chets<\/li>\n<li>Entretien et gestion des \u00e9quipements scientifiques ainsi que des salles de travaux pratiques<\/li>\n<li>Relations commerciales avec les fournisseurs et relations avec le service comptable de l\u2019UFR<\/li>\n<\/ul>\n<p>Recherche :<\/p>\n<ul>\n<li>Participation \u00e0 des exp\u00e9riences de culture in vitro, biologie mol\u00e9culaire et de microbiologie sur diverses th\u00e9matiques de recherche abordant les pathologies de la vigne et les relations du sol ; au sein du Laboratoire Vigne Biotechnologie Environnement (LVBE) EA 3991 \u2013 Colmar<\/li>\n<\/ul>\n<\/div><\/div>\n<div class=\"su-spoiler su-spoiler-style-default su-spoiler-icon-plus su-spoiler-closed\" data-scroll-offset=\"0\" data-anchor-in-url=\"no\"><div class=\"su-spoiler-title\" tabindex=\"0\" role=\"button\"><span class=\"su-spoiler-icon\"><\/span>2012 \u2013 2013<\/div><div class=\"su-spoiler-content su-u-clearfix su-u-trim\">\n<p><strong>Technicien Sup\u00e9rieur de Biologie<\/strong>, CRITT RITTMO, entreprise sp\u00e9cialis\u00e9e dans la recherche et d\u00e9veloppement et le transfert de technologies sur les mati\u00e8res fertilisantes, Colmar.<\/p>\n<p>\u00c9laboration et suivi d\u2019essais agronomiques sur diverses th\u00e9matiques :<\/p>\n<ul>\n<li>Nutrition et stimulation des plantes, allant des essais de culture en hydroponie ou en micro-essais jusqu\u2019aux essais sur terrain, sur une large gamme de cultures<\/li>\n<li>Impact et toxicologie de produits en milieu terrestre ou aquatique<\/li>\n<li>Microbiologie (impact sur l\u2019\u00e9cosyst\u00e8me microbien, diversit\u00e9\u2026)<\/li>\n<li>Chimie du sol, min\u00e9ralisation et comportement physique (granulom\u00e9trie)<\/li>\n<li>Proc\u00e9d\u00e9s de m\u00e9thanisation et de compostage<\/li>\n<li>Lixiviation des sols<\/li>\n<\/ul>\n<p>Charg\u00e9 de maintenance b\u00e2timent :<\/p>\n<ul>\n<li>Relation avec les intervenants (maintenance, r\u00e9paration, contr\u00f4les), ainsi qu\u2019avec le propri\u00e9taire, sur la gestion climatique et sur tous les probl\u00e8mes avenants aux locaux<\/li>\n<li>Interventions de contr\u00f4le et de fonctionnement<\/li>\n<\/ul>\n<\/div><\/div>\n<div class=\"su-spoiler su-spoiler-style-default su-spoiler-icon-plus su-spoiler-closed\" data-scroll-offset=\"0\" data-anchor-in-url=\"no\"><div class=\"su-spoiler-title\" tabindex=\"0\" role=\"button\"><span class=\"su-spoiler-icon\"><\/span>2012<\/div><div class=\"su-spoiler-content su-u-clearfix su-u-trim\">\n<p><strong>Vacataire d\u2019enseignement \u00e0 l\u2019Institut Universitaire Technologique<\/strong>, Universit\u00e9 de Haute-Alsace, en DUT G\u00e9nie Biologique (\u00e9tudiants Bac+2), Colmar.<\/p>\n<ul>\n<li>Travaux pratiques sur la th\u00e9matique de la min\u00e9ralisation d\u2019engrais organiques<\/li>\n<\/ul>\n<\/div><\/div>\n<div class=\"su-spoiler su-spoiler-style-default su-spoiler-icon-plus su-spoiler-closed\" data-scroll-offset=\"0\" data-anchor-in-url=\"no\"><div class=\"su-spoiler-title\" tabindex=\"0\" role=\"button\"><span class=\"su-spoiler-icon\"><\/span>2011<\/div><div class=\"su-spoiler-content su-u-clearfix su-u-trim\">\n<p><strong>Technicien en \u0153nologie\/viticulture \u00e0 l\u2019Institut Fran\u00e7ais de la Vigne et du Vin<\/strong> (IFV), Colmar.<\/p>\n<ul>\n<li>R\u00e9alisation d\u2019essais de vinification en cave, suivi des fermentations, soutirage et travaux de cuvaison de sulfitage etc.<\/li>\n<li>Suivi de maturit\u00e9 des raisins au vignoble<\/li>\n<li>D\u00e9gustations et analyses de mo\u00fbts et de vins en laboratoire<\/li>\n<li>Saisies de donn\u00e9es d\u2019analyses de d\u00e9gustation<\/li>\n<\/ul>\n<\/div><\/div>\n<div class=\"su-spoiler su-spoiler-style-default su-spoiler-icon-plus su-spoiler-closed\" data-scroll-offset=\"0\" data-anchor-in-url=\"no\"><div class=\"su-spoiler-title\" tabindex=\"0\" role=\"button\"><span class=\"su-spoiler-icon\"><\/span>2010-2011<\/div><div class=\"su-spoiler-content su-u-clearfix su-u-trim\">\n<p><strong>Technicien de recherche, \u00e9quipe R\u00e9sistance D\u00e9riv\u00e9e du Pathog\u00e8ne du Laboratoire Vigne Biotechnologie Environnement<\/strong> (LVBE ; EA 3991), Universit\u00e9 de Haute-Alsace, Colmar.<\/p>\n<ul>\n<li>Am\u00e9lioration de la vigne par m\u00e9thode de s\u00e9lection soma-clonale en culture in vitro (pr\u00e9paration des milieux, mise en culture, entretien des cultures in vitro et en terre)<\/li>\n<li>Sevrage des vitro-plants en chambre de culture (pr\u00e9paration de substrats, nutrition, entretien\/suivi)<\/li>\n<\/ul>\n<\/div><\/div>\n<div class=\"su-spoiler su-spoiler-style-default su-spoiler-icon-plus su-spoiler-closed\" data-scroll-offset=\"0\" data-anchor-in-url=\"no\"><div class=\"su-spoiler-title\" tabindex=\"0\" role=\"button\"><span class=\"su-spoiler-icon\"><\/span>2010<\/div><div class=\"su-spoiler-content su-u-clearfix su-u-trim\">\n<p><strong>Agent de contr\u00f4le qualit\u00e9 physique et chimique chez RICOH<\/strong> (industriel).<\/p>\n<ul>\n<li>Contr\u00f4les physiques et chimiques en laboratoire de contr\u00f4le qualit\u00e9 au cours de fabrication sur les lignes de production<\/li>\n<\/ul>\n<p><strong>Stage de fin d\u2019\u00e9tude INRA, Colmar, \u00e9quipe Virus et Vection<\/strong> (ViVe).<\/p>\n<ul>\n<li>\u00c9tude de la transmission des virus de l\u2019enroulement (GLRaV\u2019s) de la vigne par insecte vecteur<\/li>\n<\/ul>\n<\/div><\/div>\n<\/div>\n","protected":false},"excerpt":{"rendered":"<p>Technicien de Recherche et de Formation Courriel : alexandre.fritsch@uha.fr Formation et dipl\u00f4mes 2008 &#8211; 2010\u00a0: Dipl\u00f4me Universitaire Technologique \u00ab\u00a0G\u00e9nie Biologique option Agronomie\u00a0\u00bb, Universit\u00e9 de Haute-Alsace, Institut Universitaire Technologique de Colmar. Formation en G\u00e9nie Biologique, comprenant un stage de deux mois \u00e0 l\u2019INRA de Colmar. Exp\u00e9riences professionnelles<\/p>\n","protected":false},"author":2,"featured_media":0,"parent":1751,"menu_order":8,"comment_status":"closed","ping_status":"closed","template":"","meta":{"footnotes":""},"class_list":["post-780","page","type-page","status-publish","hentry"],"yoast_head":"<!-- This site is optimized with the Yoast SEO plugin v27.4 - https:\/\/yoast.com\/product\/yoast-seo-wordpress\/ -->\n<title>Alexandre FRITSCH - LVBE - Laboratoire Vigne, Biotechnologies, Environnement | Universit\u00e9 de Haute-Alsace<\/title>\n<meta name=\"robots\" content=\"index, follow, max-snippet:-1, max-image-preview:large, max-video-preview:-1\" \/>\n<link rel=\"canonical\" href=\"https:\/\/www.lvbe.uha.fr\/index.php\/equipe\/membres-de-lequipe\/alexandre-fritsch\/\" \/>\n<meta property=\"og:locale\" content=\"fr_FR\" \/>\n<meta property=\"og:type\" content=\"article\" \/>\n<meta property=\"og:title\" content=\"Alexandre FRITSCH - LVBE - Laboratoire Vigne, Biotechnologies, Environnement | Universit\u00e9 de Haute-Alsace\" \/>\n<meta property=\"og:description\" content=\"Technicien de Recherche et de Formation Courriel : alexandre.fritsch@uha.fr Formation et dipl\u00f4mes 2008 &#8211; 2010\u00a0: Dipl\u00f4me Universitaire Technologique \u00ab\u00a0G\u00e9nie Biologique option Agronomie\u00a0\u00bb, Universit\u00e9 de Haute-Alsace, Institut Universitaire Technologique de Colmar. Formation en G\u00e9nie Biologique, comprenant un stage de deux mois \u00e0 l\u2019INRA de Colmar. Exp\u00e9riences professionnelles\" \/>\n<meta property=\"og:url\" content=\"https:\/\/www.lvbe.uha.fr\/index.php\/equipe\/membres-de-lequipe\/alexandre-fritsch\/\" \/>\n<meta property=\"og:site_name\" content=\"LVBE - Laboratoire Vigne, Biotechnologies, Environnement | Universit\u00e9 de Haute-Alsace\" \/>\n<meta property=\"article:modified_time\" content=\"2019-11-22T11:45:01+00:00\" \/>\n<meta name=\"twitter:card\" content=\"summary_large_image\" \/>\n<meta name=\"twitter:label1\" content=\"Dur\u00e9e de lecture estim\u00e9e\" \/>\n\t<meta name=\"twitter:data1\" content=\"3 minutes\" \/>\n<script type=\"application\/ld+json\" class=\"yoast-schema-graph\">{\"@context\":\"https:\\\/\\\/schema.org\",\"@graph\":[{\"@type\":\"WebPage\",\"@id\":\"https:\\\/\\\/www.lvbe.uha.fr\\\/index.php\\\/equipe\\\/membres-de-lequipe\\\/alexandre-fritsch\\\/\",\"url\":\"https:\\\/\\\/www.lvbe.uha.fr\\\/index.php\\\/equipe\\\/membres-de-lequipe\\\/alexandre-fritsch\\\/\",\"name\":\"Alexandre FRITSCH - LVBE - Laboratoire Vigne, Biotechnologies, Environnement | Universit\u00e9 de Haute-Alsace\",\"isPartOf\":{\"@id\":\"https:\\\/\\\/www.lvbe.uha.fr\\\/#website\"},\"datePublished\":\"2018-04-13T09:07:52+00:00\",\"dateModified\":\"2019-11-22T11:45:01+00:00\",\"breadcrumb\":{\"@id\":\"https:\\\/\\\/www.lvbe.uha.fr\\\/index.php\\\/equipe\\\/membres-de-lequipe\\\/alexandre-fritsch\\\/#breadcrumb\"},\"inLanguage\":\"fr-FR\",\"potentialAction\":[{\"@type\":\"ReadAction\",\"target\":[\"https:\\\/\\\/www.lvbe.uha.fr\\\/index.php\\\/equipe\\\/membres-de-lequipe\\\/alexandre-fritsch\\\/\"]}]},{\"@type\":\"BreadcrumbList\",\"@id\":\"https:\\\/\\\/www.lvbe.uha.fr\\\/index.php\\\/equipe\\\/membres-de-lequipe\\\/alexandre-fritsch\\\/#breadcrumb\",\"itemListElement\":[{\"@type\":\"ListItem\",\"position\":1,\"name\":\"Accueil\",\"item\":\"https:\\\/\\\/www.lvbe.uha.fr\\\/\"},{\"@type\":\"ListItem\",\"position\":2,\"name\":\"\u00c9quipe\",\"item\":\"https:\\\/\\\/www.lvbe.uha.fr\\\/index.php\\\/equipe\\\/\"},{\"@type\":\"ListItem\",\"position\":3,\"name\":\"Membres de l&rsquo;\u00e9quipe\",\"item\":\"https:\\\/\\\/www.lvbe.uha.fr\\\/index.php\\\/equipe\\\/membres-de-lequipe\\\/\"},{\"@type\":\"ListItem\",\"position\":4,\"name\":\"Alexandre FRITSCH\"}]},{\"@type\":\"WebSite\",\"@id\":\"https:\\\/\\\/www.lvbe.uha.fr\\\/#website\",\"url\":\"https:\\\/\\\/www.lvbe.uha.fr\\\/\",\"name\":\"LVBE - Laboratoire Vigne, Biotechnologies, Environnement | Universit\u00e9 de Haute-Alsace\",\"description\":\"Campus Biop\u00f4le | Universit\u00e9 de Haute-Alsace\",\"potentialAction\":[{\"@type\":\"SearchAction\",\"target\":{\"@type\":\"EntryPoint\",\"urlTemplate\":\"https:\\\/\\\/www.lvbe.uha.fr\\\/?s={search_term_string}\"},\"query-input\":{\"@type\":\"PropertyValueSpecification\",\"valueRequired\":true,\"valueName\":\"search_term_string\"}}],\"inLanguage\":\"fr-FR\"}]}<\/script>\n<!-- \/ Yoast SEO plugin. -->","yoast_head_json":{"title":"Alexandre FRITSCH - LVBE - Laboratoire Vigne, Biotechnologies, Environnement | Universit\u00e9 de Haute-Alsace","robots":{"index":"index","follow":"follow","max-snippet":"max-snippet:-1","max-image-preview":"max-image-preview:large","max-video-preview":"max-video-preview:-1"},"canonical":"https:\/\/www.lvbe.uha.fr\/index.php\/equipe\/membres-de-lequipe\/alexandre-fritsch\/","og_locale":"fr_FR","og_type":"article","og_title":"Alexandre FRITSCH - LVBE - Laboratoire Vigne, Biotechnologies, Environnement | Universit\u00e9 de Haute-Alsace","og_description":"Technicien de Recherche et de Formation Courriel : alexandre.fritsch@uha.fr Formation et dipl\u00f4mes 2008 &#8211; 2010\u00a0: Dipl\u00f4me Universitaire Technologique \u00ab\u00a0G\u00e9nie Biologique option Agronomie\u00a0\u00bb, Universit\u00e9 de Haute-Alsace, Institut Universitaire Technologique de Colmar. Formation en G\u00e9nie Biologique, comprenant un stage de deux mois \u00e0 l\u2019INRA de Colmar. Exp\u00e9riences professionnelles","og_url":"https:\/\/www.lvbe.uha.fr\/index.php\/equipe\/membres-de-lequipe\/alexandre-fritsch\/","og_site_name":"LVBE - Laboratoire Vigne, Biotechnologies, Environnement | Universit\u00e9 de Haute-Alsace","article_modified_time":"2019-11-22T11:45:01+00:00","twitter_card":"summary_large_image","twitter_misc":{"Dur\u00e9e de lecture estim\u00e9e":"3 minutes"},"schema":{"@context":"https:\/\/schema.org","@graph":[{"@type":"WebPage","@id":"https:\/\/www.lvbe.uha.fr\/index.php\/equipe\/membres-de-lequipe\/alexandre-fritsch\/","url":"https:\/\/www.lvbe.uha.fr\/index.php\/equipe\/membres-de-lequipe\/alexandre-fritsch\/","name":"Alexandre FRITSCH - LVBE - Laboratoire Vigne, Biotechnologies, Environnement | Universit\u00e9 de Haute-Alsace","isPartOf":{"@id":"https:\/\/www.lvbe.uha.fr\/#website"},"datePublished":"2018-04-13T09:07:52+00:00","dateModified":"2019-11-22T11:45:01+00:00","breadcrumb":{"@id":"https:\/\/www.lvbe.uha.fr\/index.php\/equipe\/membres-de-lequipe\/alexandre-fritsch\/#breadcrumb"},"inLanguage":"fr-FR","potentialAction":[{"@type":"ReadAction","target":["https:\/\/www.lvbe.uha.fr\/index.php\/equipe\/membres-de-lequipe\/alexandre-fritsch\/"]}]},{"@type":"BreadcrumbList","@id":"https:\/\/www.lvbe.uha.fr\/index.php\/equipe\/membres-de-lequipe\/alexandre-fritsch\/#breadcrumb","itemListElement":[{"@type":"ListItem","position":1,"name":"Accueil","item":"https:\/\/www.lvbe.uha.fr\/"},{"@type":"ListItem","position":2,"name":"\u00c9quipe","item":"https:\/\/www.lvbe.uha.fr\/index.php\/equipe\/"},{"@type":"ListItem","position":3,"name":"Membres de l&rsquo;\u00e9quipe","item":"https:\/\/www.lvbe.uha.fr\/index.php\/equipe\/membres-de-lequipe\/"},{"@type":"ListItem","position":4,"name":"Alexandre FRITSCH"}]},{"@type":"WebSite","@id":"https:\/\/www.lvbe.uha.fr\/#website","url":"https:\/\/www.lvbe.uha.fr\/","name":"LVBE - Laboratoire Vigne, Biotechnologies, Environnement | Universit\u00e9 de Haute-Alsace","description":"Campus Biop\u00f4le | Universit\u00e9 de Haute-Alsace","potentialAction":[{"@type":"SearchAction","target":{"@type":"EntryPoint","urlTemplate":"https:\/\/www.lvbe.uha.fr\/?s={search_term_string}"},"query-input":{"@type":"PropertyValueSpecification","valueRequired":true,"valueName":"search_term_string"}}],"inLanguage":"fr-FR"}]}},"_links":{"self":[{"href":"https:\/\/www.lvbe.uha.fr\/index.php\/wp-json\/wp\/v2\/pages\/780","targetHints":{"allow":["GET"]}}],"collection":[{"href":"https:\/\/www.lvbe.uha.fr\/index.php\/wp-json\/wp\/v2\/pages"}],"about":[{"href":"https:\/\/www.lvbe.uha.fr\/index.php\/wp-json\/wp\/v2\/types\/page"}],"author":[{"embeddable":true,"href":"https:\/\/www.lvbe.uha.fr\/index.php\/wp-json\/wp\/v2\/users\/2"}],"replies":[{"embeddable":true,"href":"https:\/\/www.lvbe.uha.fr\/index.php\/wp-json\/wp\/v2\/comments?post=780"}],"version-history":[{"count":11,"href":"https:\/\/www.lvbe.uha.fr\/index.php\/wp-json\/wp\/v2\/pages\/780\/revisions"}],"predecessor-version":[{"id":2815,"href":"https:\/\/www.lvbe.uha.fr\/index.php\/wp-json\/wp\/v2\/pages\/780\/revisions\/2815"}],"up":[{"embeddable":true,"href":"https:\/\/www.lvbe.uha.fr\/index.php\/wp-json\/wp\/v2\/pages\/1751"}],"wp:attachment":[{"href":"https:\/\/www.lvbe.uha.fr\/index.php\/wp-json\/wp\/v2\/media?parent=780"}],"curies":[{"name":"wp","href":"https:\/\/api.w.org\/{rel}","templated":true}]}}