{"id":746,"date":"2018-04-13T10:02:36","date_gmt":"2018-04-13T08:02:36","guid":{"rendered":"https:\/\/www.lvbe.uha.fr\/\/?page_id=746"},"modified":"2026-04-02T11:01:44","modified_gmt":"2026-04-02T09:01:44","slug":"pr-julie-chong","status":"publish","type":"page","link":"https:\/\/www.lvbe.uha.fr\/index.php\/equipe\/membres-de-lequipe\/pr-julie-chong\/","title":{"rendered":"Pr. Julie CHONG"},"content":{"rendered":"<p>Professeure des Universit\u00e9, HDR<\/p>\n<p><strong>Directrice du LVBE<\/strong><\/p>\n<p>Adresse professionnelle : 33 rue de Herrlisheim, 68000 COLMAR<\/p>\n<p>Courriel : <a href=\"mailto:julie.chong@uha.fr\">julie.chong@uha.fr<\/a><\/p>\n<div class=\"su-row\">\n<div class=\"su-column su-column-size-1-2\"><div class=\"su-column-inner su-u-clearfix su-u-trim\">\n<h2>Titres universitaires<\/h2>\n<p><strong>2012 | Habilitation \u00e0 Diriger des Recherches<\/strong> : D\u00e9fenses induites chez les plantes : application \u00e0 l\u2019\u00e9tude de la r\u00e9sistance de la vigne aux maladies cryptogamiques. Laboratoire Vigne, Biotechnologies et Environnement, Universit\u00e9 de Haute Alsace.<\/p>\n<p><strong>2001 | Doctorat de Biologie Cellulaire et Mol\u00e9culaire<\/strong> : Laboratoire de Phytopathologie Mol\u00e9culaire de l\u2019Institut de Biologie Mol\u00e9culaire des Plantes du CNRS, Strasbourg.<\/p>\n<h2>Enseignement<\/h2>\n<p><strong>Professeur \u00e0 la Facult\u00e9 de Marketing et d\u2019Agrosciences, UHA<\/strong> :<\/p>\n<ul>\n<li><strong>L3 Agronomie et Agroalimentaire <\/strong>:<br \/>\nS\u00e9lection et am\u00e9lioration g\u00e9n\u00e9tique des plantes et des animaux d\u2019\u00e9levage.<br \/>\nSuivi de stages.<\/li>\n<li><strong>Master \u00ab Sciences et Technologies de l\u2019Agriculture, de l\u2019Alimentation et de l\u2019Environnement \u00bb<\/strong> :<br \/>\nBiotechnologies v\u00e9g\u00e9tales et animales, s\u00e9lection et am\u00e9lioration g\u00e9n\u00e9tique des plantes et des animaux d\u2019\u00e9levage, G\u00e9nie g\u00e9n\u00e9tique.<br \/>\nSuivi de stages et projets recherche-d\u00e9veloppement.<\/li>\n<\/ul>\n<\/div><\/div>\n<div class=\"su-column su-column-size-1-2\"><div class=\"su-column-inner su-u-clearfix su-u-trim\">\n<h2>Parcours scientifique<\/h2>\n<div class=\"su-accordion su-u-trim\">\n<div class=\"su-spoiler su-spoiler-style-default su-spoiler-icon-plus su-spoiler-closed\" data-scroll-offset=\"0\" data-anchor-in-url=\"no\"><div class=\"su-spoiler-title\" tabindex=\"0\" role=\"button\"><span class=\"su-spoiler-icon\"><\/span>Depuis 2015<\/div><div class=\"su-spoiler-content su-u-clearfix su-u-trim\">\n<ul>\n<li><strong>Professeur 2e classe \u00e0 l\u2019Universit\u00e9 de Haute-Alsace (UHA, Colmar)<\/strong> : \u00c9tude des maladies du bois de la Vigne et du transport de sucres lors d\u2019interactions Vigne-pathog\u00e8nes. Laboratoire Vigne, Biotechnologies et Environnement (EA3991) dirig\u00e9 par le Pr. Christophe BERTSCH.<\/li>\n<\/ul>\n<\/div><\/div>\n<div class=\"su-spoiler su-spoiler-style-default su-spoiler-icon-plus su-spoiler-closed\" data-scroll-offset=\"0\" data-anchor-in-url=\"no\"><div class=\"su-spoiler-title\" tabindex=\"0\" role=\"button\"><span class=\"su-spoiler-icon\"><\/span>2003-2015<\/div><div class=\"su-spoiler-content su-u-clearfix su-u-trim\">\n<ul>\n<li><strong>Ma\u00eetre de Conf\u00e9rences \u00e0 l\u2019Universit\u00e9 de Haute-Alsace (UHA, Colmar)<\/strong> : \u00c9tude des m\u00e9canismes de d\u00e9fense de la vigne \u00e0 des bioagresseurs. Laboratoire Vigne, Biotechnologies et Environnement dirig\u00e9 par le Pr. Christophe BERTSCH.<\/li>\n<\/ul>\n<\/div><\/div>\n<div class=\"su-spoiler su-spoiler-style-default su-spoiler-icon-plus su-spoiler-closed\" data-scroll-offset=\"0\" data-anchor-in-url=\"no\"><div class=\"su-spoiler-title\" tabindex=\"0\" role=\"button\"><span class=\"su-spoiler-icon\"><\/span>Nov. 2001-mars 2003<\/div><div class=\"su-spoiler-content su-u-clearfix su-u-trim\">\n<ul>\n<li><strong>Premi\u00e8re Assistante \u00e0 l\u2019Universit\u00e9 de Lausanne-Stage postdoctoral<\/strong> : \u00c9tude de la fonction de g\u00e8nes impliqu\u00e9s dans le transport et l\u2019hom\u00e9ostasie du phosphate chez Arabidopsis thaliana. Institut d\u2019\u00c9cologie, Laboratoire de Biologie et Physiologie V\u00e9g\u00e9tale dirig\u00e9 par le Pr. Yves POIRIER, Universit\u00e9 de Lausanne, SUISSE.<\/li>\n<\/ul>\n<\/div><\/div>\n<div class=\"su-spoiler su-spoiler-style-default su-spoiler-icon-plus su-spoiler-closed\" data-scroll-offset=\"0\" data-anchor-in-url=\"no\"><div class=\"su-spoiler-title\" tabindex=\"0\" role=\"button\"><span class=\"su-spoiler-icon\"><\/span>Mai-Sept. 2001<\/div><div class=\"su-spoiler-content su-u-clearfix su-u-trim\">\n<ul>\n<li><strong>Attach\u00e9e Temporaire \u00e0 l\u2019Enseignement et \u00e0 la Recherche<\/strong> (demi-poste) : Participation \u00e0 un projet de recherche sur l\u2019Exploration G\u00e9nomique de Levures H\u00e9miascomyc\u00e8tes dans l\u2019\u00e9quipe Dynamique, Expression et \u00c9volution des g\u00e9nomes de Levures dirig\u00e9e par S. POTIER, Universit\u00e9 de Strasbourg.<\/li>\n<\/ul>\n<\/div><\/div>\n<div class=\"su-spoiler su-spoiler-style-default su-spoiler-icon-plus su-spoiler-closed\" data-scroll-offset=\"0\" data-anchor-in-url=\"no\"><div class=\"su-spoiler-title\" tabindex=\"0\" role=\"button\"><span class=\"su-spoiler-icon\"><\/span>Oct. 1996-Avril 2001<\/div><div class=\"su-spoiler-content su-u-clearfix su-u-trim\">\n<ul>\n<li><strong>DEA et Th\u00e8se avec bourse MENRT<\/strong> : \u00ab R\u00e9sistance induite chez les plantes et m\u00e9tabolisme des ph\u00e9nylpropano\u00efdes : \u00e9tude de la biosynth\u00e8se de l&rsquo;acide salicylique et du r\u00f4le de glucosyltransf\u00e9rases induites par l&rsquo;acide salicylique et les agents pathog\u00e8nes \u00bb. Laboratoire de Phytopathologie Mol\u00e9culaire dirig\u00e9 par B. FRITIG, Institut de Biologie Mol\u00e9culaire des Plantes du CNRS, Strasbourg.<\/li>\n<\/ul>\n<\/div><\/div>\n<div class=\"su-spoiler su-spoiler-style-default su-spoiler-icon-plus su-spoiler-closed\" data-scroll-offset=\"0\" data-anchor-in-url=\"no\"><div class=\"su-spoiler-title\" tabindex=\"0\" role=\"button\"><span class=\"su-spoiler-icon\"><\/span>Oct. 1997-sept. 2000<\/div><div class=\"su-spoiler-content su-u-clearfix su-u-trim\">\n<ul>\n<li><strong>Moniteur du CIES d\u2019Alsace<\/strong> : Travaux Pratiques et Dirig\u00e9s de Biologie Cellulaire V\u00e9g\u00e9tale en Licence de Biochimie et Biologie, Universit\u00e9 de Strasbourg.<\/li>\n<\/ul>\n<\/div><\/div>\n<\/div>\n<\/div><\/div>\n<\/div>\n<div class=\"su-row\">\n<div class=\"su-column su-column-size-1-2\"><div class=\"su-column-inner su-u-clearfix su-u-trim\">\n<h2>Responsabilit\u00e9s administratives &amp; scientifiques<\/h2>\n<p>Depuis 2015 :<\/p>\n<ul>\n<li>responsable du Master 1 \u00ab Valorisation et Transformation des Productions Agricoles \u00bb de la Facult\u00e9 de Marketing et d\u2019Agrosciences \u00e0 l\u2019UHA,<\/li>\n<li>membre \u00e9lue du conseil de la Facult\u00e9 de Marketing et d\u2019Agrosciences \u00e0 l\u2019UHA.<\/li>\n<\/ul>\n<p>Depuis 2016 :<\/p>\n<ul>\n<li>membre de la Commission de formation doctorale Sciences exactes \u00e0 l\u2019UHA,<\/li>\n<li>membre de la commission des th\u00e8ses EDSC222 de l\u2019Unistra.<\/li>\n<\/ul>\n<p>Depuis 2017 :<\/p>\n<ul>\n<li>responsable du p\u00f4le Agronomie de la Facult\u00e9 de Marketing et d\u2019Agrosciences \u00e0 l\u2019Universit\u00e9 de Haute Alsace.<\/li>\n<\/ul>\n<\/div><\/div>\n<div class=\"su-column su-column-size-1-2\"><div class=\"su-column-inner su-u-clearfix su-u-trim\">\n<h2>Activit\u00e9s de recherche<\/h2>\n<ul>\n<li>Caract\u00e9risation de voies de signalisation aboutissant aux m\u00e9canismes de d\u00e9fense naturels chez la vigne. Surexpression de l\u2019\u00e9l\u00e9ment de signalisation VvNPR1 et obtention de vignes plus r\u00e9sistantes \u00e0 diff\u00e9rents agents pathog\u00e8nes biotrophes.<\/li>\n<li>Maladies du bois de la Vigne : caract\u00e9risation de l\u2019interaction h\u00f4te-pathog\u00e8ne dans le cas du Botryosphaeria dieback. Recherche de sources de r\u00e9sistance dans la famille des <em>Vitaceae<\/em>, focus sur <em>V. vinifera subsp. sylvestris.<\/em> \u00c9tude des r\u00e9ponses de d\u00e9fense pr\u00e9coces. \u00c9tude des facteurs de virulence des champignons associ\u00e9s au B. dieback.<\/li>\n<li>\u00c9tude de la famille de transporteurs de sucre SWEET chez la Vigne : caract\u00e9risation de leur r\u00f4le dans les interactions avec des bioagresseurs.<\/li>\n<\/ul>\n<\/div><\/div>\n<\/div>\n<div class=\"su-tabs su-tabs-style-default su-tabs-mobile-stack\" data-active=\"1\" data-scroll-offset=\"0\" data-anchor-in-url=\"no\"><div class=\"su-tabs-nav\"><span class=\"\" data-url=\"\" data-target=\"blank\" tabindex=\"0\" role=\"button\">Publications significatives<\/span><span class=\"\" data-url=\"\" data-target=\"blank\" tabindex=\"0\" role=\"button\">Prix &amp; distinctions<\/span><\/div><div class=\"su-tabs-panes\"><div class=\"su-tabs-pane su-u-clearfix su-u-trim\" data-title=\"Publications significatives\">\n<h2>Publications significatives<\/h2>\n<ul>\n<li>Le Henanff G., Farine, S., Kieffer-Mazet F., Miclot AS., Heitz T., Mestre P., Bertsch C., Chong J. (2011). Vitis vinifera VvNPR1.1 is the functional ortholog of AtNPR1 and its overexpression in grapevine triggers constitutive activation of PR genes and enhanced resistance to powdery mildew. Planta 234, 405-417.<\/li>\n<li>Chong J, Piron MC, Meyer S, Merdinoglu D, Bertsch C, Mestre P. (2014) <a href=\"https:\/\/www.ncbi.nlm.nih.gov\/pubmed\/25246444\">The SWEET family of sugar transporters in grapevine: VvSWEET4 is involved in the interaction with Botrytis cinerea<\/a>. J. Exp. Bot. 65, 6589-6601.<\/li>\n<li>B\u00e9nard-Gellon M., Farine S., Goddard M-L., Schmitt M., Stempien E., Pensec F., Laloue H., Mazet-Kieffer F., Fontaine F., Larignon P., Chong J., Tarnus C., Bertsch C. (2015) Toxicity of extracellular proteins from Diplodia seriata and Neofusicoccum parvum involved in grapevine Botryosphaeria dieback. Protoplasma, 252, 679-87.<\/li>\n<li>Guan X., Essakhi S., Laloue H., Nick P., Bertsch C., Chong J. (2016) Mining new resources for grape resistance against Botryosphaeriaceae: a focus on Vitis vinifera ssp. sylvestris\u00a0\u00bb. Plant Pathology 65, 273-284.<\/li>\n<li>Boubakri H., Gargouri M., Mliki A., Brini F., Chong J., Jbara M. (2016) Vitamins for enhancing plant resistance. Planta 244, 529-543.<\/li>\n<li>Stempien E, Goddard ML, Leva Y, B\u00e9nard-Gellon M, Laloue H, Farine S, Mazet-Kieffer F, Tarnus C, Bertsch C, Chong J (2017) Secreted proteins produced by fungi associated with Botryosphaeria dieback trigger distinct defense responses in Vitis vinifera and Vitis rupestris cells. Protoplasma doi: 10.1007\/s00709-017-1175-z.<\/li>\n<li>Stempien E, Goddard ML, Wilhelm K, Tarnus C, Bertsch C, Chong J (2017) Grapevine Botryosphaeria dieback fungi have specific aggressiveness factor repertory involved in wood decay and stilbene metabolization. PLoS One. Dec 20;12(12):e0188766. doi: 10.1371\/journal.pone.0188766. eCollection 2017.<\/li>\n<\/ul>\n<\/div>\n<div class=\"su-tabs-pane su-u-clearfix su-u-trim\" data-title=\"Prix &amp; distinctions\">\n<h2>Prix &amp; distinctions<\/h2>\n<p>2014 :<\/p>\n<ul>\n<li>Laur\u00e9ate de la Prime d\u2019Excellence Scientifique, Universit\u00e9 de Haute-Alsace<\/li>\n<li>Laur\u00e9ate des appels \u00e0 projets innovants de l\u2019Universit\u00e9 de Haute-Alsace<\/li>\n<\/ul>\n<\/div><\/div><\/div>\n","protected":false},"excerpt":{"rendered":"<p>Professeure des Universit\u00e9, HDR Directrice du LVBE Adresse professionnelle : 33 rue de Herrlisheim, 68000 COLMAR Courriel : julie.chong@uha.fr<\/p>\n","protected":false},"author":2,"featured_media":0,"parent":1751,"menu_order":3,"comment_status":"closed","ping_status":"closed","template":"","meta":{"footnotes":""},"class_list":["post-746","page","type-page","status-publish","hentry"],"yoast_head":"<!-- This site is optimized with the Yoast SEO plugin v27.4 - https:\/\/yoast.com\/product\/yoast-seo-wordpress\/ -->\n<title>Pr. Julie CHONG - LVBE - Laboratoire Vigne, Biotechnologies, Environnement | Universit\u00e9 de Haute-Alsace<\/title>\n<meta name=\"robots\" content=\"index, follow, max-snippet:-1, max-image-preview:large, max-video-preview:-1\" \/>\n<link rel=\"canonical\" href=\"https:\/\/www.lvbe.uha.fr\/index.php\/equipe\/membres-de-lequipe\/pr-julie-chong\/\" \/>\n<meta property=\"og:locale\" content=\"fr_FR\" \/>\n<meta property=\"og:type\" content=\"article\" \/>\n<meta property=\"og:title\" content=\"Pr. Julie CHONG - LVBE - Laboratoire Vigne, Biotechnologies, Environnement | Universit\u00e9 de Haute-Alsace\" \/>\n<meta property=\"og:description\" content=\"Professeure des Universit\u00e9, HDR Directrice du LVBE Adresse professionnelle : 33 rue de Herrlisheim, 68000 COLMAR Courriel : julie.chong@uha.fr\" \/>\n<meta property=\"og:url\" content=\"https:\/\/www.lvbe.uha.fr\/index.php\/equipe\/membres-de-lequipe\/pr-julie-chong\/\" \/>\n<meta property=\"og:site_name\" content=\"LVBE - Laboratoire Vigne, Biotechnologies, Environnement | Universit\u00e9 de Haute-Alsace\" \/>\n<meta property=\"article:modified_time\" content=\"2026-04-02T09:01:44+00:00\" \/>\n<meta name=\"twitter:card\" content=\"summary_large_image\" \/>\n<meta name=\"twitter:label1\" content=\"Dur\u00e9e de lecture estim\u00e9e\" \/>\n\t<meta name=\"twitter:data1\" content=\"5 minutes\" \/>\n<script type=\"application\/ld+json\" class=\"yoast-schema-graph\">{\"@context\":\"https:\\\/\\\/schema.org\",\"@graph\":[{\"@type\":\"WebPage\",\"@id\":\"https:\\\/\\\/www.lvbe.uha.fr\\\/index.php\\\/equipe\\\/membres-de-lequipe\\\/pr-julie-chong\\\/\",\"url\":\"https:\\\/\\\/www.lvbe.uha.fr\\\/index.php\\\/equipe\\\/membres-de-lequipe\\\/pr-julie-chong\\\/\",\"name\":\"Pr. Julie CHONG - LVBE - Laboratoire Vigne, Biotechnologies, Environnement | Universit\u00e9 de Haute-Alsace\",\"isPartOf\":{\"@id\":\"https:\\\/\\\/www.lvbe.uha.fr\\\/#website\"},\"datePublished\":\"2018-04-13T08:02:36+00:00\",\"dateModified\":\"2026-04-02T09:01:44+00:00\",\"breadcrumb\":{\"@id\":\"https:\\\/\\\/www.lvbe.uha.fr\\\/index.php\\\/equipe\\\/membres-de-lequipe\\\/pr-julie-chong\\\/#breadcrumb\"},\"inLanguage\":\"fr-FR\",\"potentialAction\":[{\"@type\":\"ReadAction\",\"target\":[\"https:\\\/\\\/www.lvbe.uha.fr\\\/index.php\\\/equipe\\\/membres-de-lequipe\\\/pr-julie-chong\\\/\"]}]},{\"@type\":\"BreadcrumbList\",\"@id\":\"https:\\\/\\\/www.lvbe.uha.fr\\\/index.php\\\/equipe\\\/membres-de-lequipe\\\/pr-julie-chong\\\/#breadcrumb\",\"itemListElement\":[{\"@type\":\"ListItem\",\"position\":1,\"name\":\"Accueil\",\"item\":\"https:\\\/\\\/www.lvbe.uha.fr\\\/\"},{\"@type\":\"ListItem\",\"position\":2,\"name\":\"\u00c9quipe\",\"item\":\"https:\\\/\\\/www.lvbe.uha.fr\\\/index.php\\\/equipe\\\/\"},{\"@type\":\"ListItem\",\"position\":3,\"name\":\"Membres de l&rsquo;\u00e9quipe\",\"item\":\"https:\\\/\\\/www.lvbe.uha.fr\\\/index.php\\\/equipe\\\/membres-de-lequipe\\\/\"},{\"@type\":\"ListItem\",\"position\":4,\"name\":\"Pr. Julie CHONG\"}]},{\"@type\":\"WebSite\",\"@id\":\"https:\\\/\\\/www.lvbe.uha.fr\\\/#website\",\"url\":\"https:\\\/\\\/www.lvbe.uha.fr\\\/\",\"name\":\"LVBE - Laboratoire Vigne, Biotechnologies, Environnement | Universit\u00e9 de Haute-Alsace\",\"description\":\"Campus Biop\u00f4le | Universit\u00e9 de Haute-Alsace\",\"potentialAction\":[{\"@type\":\"SearchAction\",\"target\":{\"@type\":\"EntryPoint\",\"urlTemplate\":\"https:\\\/\\\/www.lvbe.uha.fr\\\/?s={search_term_string}\"},\"query-input\":{\"@type\":\"PropertyValueSpecification\",\"valueRequired\":true,\"valueName\":\"search_term_string\"}}],\"inLanguage\":\"fr-FR\"}]}<\/script>\n<!-- \/ Yoast SEO plugin. -->","yoast_head_json":{"title":"Pr. Julie CHONG - LVBE - Laboratoire Vigne, Biotechnologies, Environnement | Universit\u00e9 de Haute-Alsace","robots":{"index":"index","follow":"follow","max-snippet":"max-snippet:-1","max-image-preview":"max-image-preview:large","max-video-preview":"max-video-preview:-1"},"canonical":"https:\/\/www.lvbe.uha.fr\/index.php\/equipe\/membres-de-lequipe\/pr-julie-chong\/","og_locale":"fr_FR","og_type":"article","og_title":"Pr. Julie CHONG - LVBE - Laboratoire Vigne, Biotechnologies, Environnement | Universit\u00e9 de Haute-Alsace","og_description":"Professeure des Universit\u00e9, HDR Directrice du LVBE Adresse professionnelle : 33 rue de Herrlisheim, 68000 COLMAR Courriel : julie.chong@uha.fr","og_url":"https:\/\/www.lvbe.uha.fr\/index.php\/equipe\/membres-de-lequipe\/pr-julie-chong\/","og_site_name":"LVBE - Laboratoire Vigne, Biotechnologies, Environnement | Universit\u00e9 de Haute-Alsace","article_modified_time":"2026-04-02T09:01:44+00:00","twitter_card":"summary_large_image","twitter_misc":{"Dur\u00e9e de lecture estim\u00e9e":"5 minutes"},"schema":{"@context":"https:\/\/schema.org","@graph":[{"@type":"WebPage","@id":"https:\/\/www.lvbe.uha.fr\/index.php\/equipe\/membres-de-lequipe\/pr-julie-chong\/","url":"https:\/\/www.lvbe.uha.fr\/index.php\/equipe\/membres-de-lequipe\/pr-julie-chong\/","name":"Pr. Julie CHONG - LVBE - Laboratoire Vigne, Biotechnologies, Environnement | Universit\u00e9 de Haute-Alsace","isPartOf":{"@id":"https:\/\/www.lvbe.uha.fr\/#website"},"datePublished":"2018-04-13T08:02:36+00:00","dateModified":"2026-04-02T09:01:44+00:00","breadcrumb":{"@id":"https:\/\/www.lvbe.uha.fr\/index.php\/equipe\/membres-de-lequipe\/pr-julie-chong\/#breadcrumb"},"inLanguage":"fr-FR","potentialAction":[{"@type":"ReadAction","target":["https:\/\/www.lvbe.uha.fr\/index.php\/equipe\/membres-de-lequipe\/pr-julie-chong\/"]}]},{"@type":"BreadcrumbList","@id":"https:\/\/www.lvbe.uha.fr\/index.php\/equipe\/membres-de-lequipe\/pr-julie-chong\/#breadcrumb","itemListElement":[{"@type":"ListItem","position":1,"name":"Accueil","item":"https:\/\/www.lvbe.uha.fr\/"},{"@type":"ListItem","position":2,"name":"\u00c9quipe","item":"https:\/\/www.lvbe.uha.fr\/index.php\/equipe\/"},{"@type":"ListItem","position":3,"name":"Membres de l&rsquo;\u00e9quipe","item":"https:\/\/www.lvbe.uha.fr\/index.php\/equipe\/membres-de-lequipe\/"},{"@type":"ListItem","position":4,"name":"Pr. Julie CHONG"}]},{"@type":"WebSite","@id":"https:\/\/www.lvbe.uha.fr\/#website","url":"https:\/\/www.lvbe.uha.fr\/","name":"LVBE - Laboratoire Vigne, Biotechnologies, Environnement | Universit\u00e9 de Haute-Alsace","description":"Campus Biop\u00f4le | Universit\u00e9 de Haute-Alsace","potentialAction":[{"@type":"SearchAction","target":{"@type":"EntryPoint","urlTemplate":"https:\/\/www.lvbe.uha.fr\/?s={search_term_string}"},"query-input":{"@type":"PropertyValueSpecification","valueRequired":true,"valueName":"search_term_string"}}],"inLanguage":"fr-FR"}]}},"_links":{"self":[{"href":"https:\/\/www.lvbe.uha.fr\/index.php\/wp-json\/wp\/v2\/pages\/746","targetHints":{"allow":["GET"]}}],"collection":[{"href":"https:\/\/www.lvbe.uha.fr\/index.php\/wp-json\/wp\/v2\/pages"}],"about":[{"href":"https:\/\/www.lvbe.uha.fr\/index.php\/wp-json\/wp\/v2\/types\/page"}],"author":[{"embeddable":true,"href":"https:\/\/www.lvbe.uha.fr\/index.php\/wp-json\/wp\/v2\/users\/2"}],"replies":[{"embeddable":true,"href":"https:\/\/www.lvbe.uha.fr\/index.php\/wp-json\/wp\/v2\/comments?post=746"}],"version-history":[{"count":34,"href":"https:\/\/www.lvbe.uha.fr\/index.php\/wp-json\/wp\/v2\/pages\/746\/revisions"}],"predecessor-version":[{"id":4023,"href":"https:\/\/www.lvbe.uha.fr\/index.php\/wp-json\/wp\/v2\/pages\/746\/revisions\/4023"}],"up":[{"embeddable":true,"href":"https:\/\/www.lvbe.uha.fr\/index.php\/wp-json\/wp\/v2\/pages\/1751"}],"wp:attachment":[{"href":"https:\/\/www.lvbe.uha.fr\/index.php\/wp-json\/wp\/v2\/media?parent=746"}],"curies":[{"name":"wp","href":"https:\/\/api.w.org\/{rel}","templated":true}]}}