{"id":727,"date":"2018-04-13T09:51:57","date_gmt":"2018-04-13T07:51:57","guid":{"rendered":"https:\/\/www.lvbe.uha.fr\/\/?page_id=727"},"modified":"2024-06-26T08:41:47","modified_gmt":"2024-06-26T06:41:47","slug":"liens-utiles","status":"publish","type":"page","link":"https:\/\/www.lvbe.uha.fr\/index.php\/actualites\/liens-utiles\/","title":{"rendered":"Liens utiles"},"content":{"rendered":"<p>Vous trouverez ici des liens vers des sites internet que nous avons trouv\u00e9 particuli\u00e8rement int\u00e9ressant.<\/p>\n<p>Bonne lecture !<\/p>\n<h2>FUN MOOC <a href=\"https:\/\/www.fun-mooc.fr\/fr\/cours\/introduction-a-la-statistique-avec-r\/\">Introduction \u00e0 la statistique avec R<\/a><\/h2>\n<p><span style=\"font-size: 16px;\">Ouverture d\u2019une session \u00e0\u00a0partir <\/span><span dir=\"ltr\" style=\"font-size: 16px;\">du 09 sept. 2024 jusqu&rsquo;au 25 oct. 2024. <\/span><span style=\"font-size: 16px;\">Logiciel professionnel en open source sur le traitement statistique des donn\u00e9es\u00a0<\/span><\/p>\n<h2>FUN MOOC <a href=\"https:\/\/www.fun-mooc.fr\/courses\/course-v1:pasteur+96015+session01\/about\">Emerging and re-emerging viruses<\/a><\/h2>\n<h2>\nFUN MOOC Anatomie du bois<\/h2>\n<h2><img loading=\"lazy\" decoding=\"async\" class=\"alignleft size-medium wp-image-737\" src=\"https:\/\/www.lvbe.uha.fr\/\/wp-content\/uploads\/2018\/04\/FCCFC278-3E47-4358-B42A-9F7F4843DDD4-300x51.jpeg\" alt=\"Logo FUN MOOC\" width=\"300\" height=\"51\" srcset=\"https:\/\/www.lvbe.uha.fr\/wp-content\/uploads\/2018\/04\/FCCFC278-3E47-4358-B42A-9F7F4843DDD4-300x51.jpeg 300w, https:\/\/www.lvbe.uha.fr\/wp-content\/uploads\/2018\/04\/FCCFC278-3E47-4358-B42A-9F7F4843DDD4.jpeg 703w\" sizes=\"auto, (max-width: 300px) 100vw, 300px\" \/><a href=\"https:\/\/www.fun-mooc.fr\/cours\/#filter\/availability\/starting_soon?page=1&amp;rpp=50\">France Universit\u00e9 Num\u00e9rique FUN<\/a>.<\/h2>\n<p>L\u2019excellence de l\u2019enseignement sup\u00e9rieur pour des cours en ligne gratuits et ouverts \u00e0 tous.<\/p>\n<p>&nbsp;<\/p>\n<h2>Plateforme collaborative :<a href=\"http:\/\/fr.winetwork.eu\/\"> WINETWORK<\/a><\/h2>\n<p><img loading=\"lazy\" decoding=\"async\" class=\"alignleft size-medium wp-image-736\" src=\"https:\/\/www.lvbe.uha.fr\/\/wp-content\/uploads\/2018\/04\/C0B281EC-AEDF-4407-9F9B-DB44EF5BDEBB-300x127.jpeg\" alt=\"Logo WINETWORK\" width=\"300\" height=\"127\" srcset=\"https:\/\/www.lvbe.uha.fr\/wp-content\/uploads\/2018\/04\/C0B281EC-AEDF-4407-9F9B-DB44EF5BDEBB-300x127.jpeg 300w, https:\/\/www.lvbe.uha.fr\/wp-content\/uploads\/2018\/04\/C0B281EC-AEDF-4407-9F9B-DB44EF5BDEBB-768x325.jpeg 768w, https:\/\/www.lvbe.uha.fr\/wp-content\/uploads\/2018\/04\/C0B281EC-AEDF-4407-9F9B-DB44EF5BDEBB.jpeg 833w\" sizes=\"auto, (max-width: 300px) 100vw, 300px\" \/>WINETWORK est un projet collaboratif Europ\u00e9en d\u2019\u00e9change et de transfert du savoir et de l\u2019innovation entre les r\u00e9gions viticoles europ\u00e9ennes dans le but d\u2019augmenter la productivit\u00e9 et la durabilit\u00e9 du secteur viticole.<\/p>\n<p>&nbsp;<\/p>\n<p>&nbsp;<\/p>\n<h2>Les maladies du bois ont leur <a href=\"https:\/\/www.maladie-du-bois-vigne.fr\/\">site web<\/a><\/h2>\n<p><img loading=\"lazy\" decoding=\"async\" class=\"size-full wp-image-2710 alignleft\" src=\"https:\/\/www.lvbe.uha.fr\/wp-content\/uploads\/2019\/10\/image003.jpg\" alt=\"\" width=\"605\" height=\"91\" srcset=\"https:\/\/www.lvbe.uha.fr\/wp-content\/uploads\/2019\/10\/image003.jpg 605w, https:\/\/www.lvbe.uha.fr\/wp-content\/uploads\/2019\/10\/image003-300x45.jpg 300w\" sizes=\"auto, (max-width: 605px) 100vw, 605px\" \/><\/p>\n<p>Ce site pr\u00e9sente les projets qui f\u00e9d\u00e8rent les activit\u00e9s de recherche, r\u00e9alis\u00e9es par les scientifiques fran\u00e7ais, visant \u00e0 mieux comprendre ces maladies et \u00e9laborer de nouvelles strat\u00e9gies de protection du vignoble.<\/p>\n<p>&nbsp;<\/p>\n<p>&nbsp;<\/p>\n<div dir=\"ltr\">\n<div class=\"kvgmc6g5 cxmmr5t8 oygrvhab hcukyx3x c1et5uql ii04i59q\">\n<h2 dir=\"auto\"><img loading=\"lazy\" decoding=\"async\" class=\"alignnone wp-image-3273 size-large\" src=\"https:\/\/www.lvbe.uha.fr\/wp-content\/uploads\/2021\/02\/A4685F7D-D6F2-4FB7-A397-BF77D0A7129C-1024x195.jpeg\" alt=\"Universit\u00e9 WAGENINGEN Images collection\" width=\"750\" height=\"143\" srcset=\"https:\/\/www.lvbe.uha.fr\/wp-content\/uploads\/2021\/02\/A4685F7D-D6F2-4FB7-A397-BF77D0A7129C-1024x195.jpeg 1024w, https:\/\/www.lvbe.uha.fr\/wp-content\/uploads\/2021\/02\/A4685F7D-D6F2-4FB7-A397-BF77D0A7129C-300x57.jpeg 300w, https:\/\/www.lvbe.uha.fr\/wp-content\/uploads\/2021\/02\/A4685F7D-D6F2-4FB7-A397-BF77D0A7129C-768x146.jpeg 768w, https:\/\/www.lvbe.uha.fr\/wp-content\/uploads\/2021\/02\/A4685F7D-D6F2-4FB7-A397-BF77D0A7129C.jpeg 1249w\" sizes=\"auto, (max-width: 750px) 100vw, 750px\" \/><a href=\"https:\/\/images.wur.nl\/digital\/collection\/coll13\/search\/order\/title\/ad\/asc\">ROOTS<\/a><\/h2>\n<\/div>\n<div class=\"o9v6fnle cxmmr5t8 oygrvhab hcukyx3x c1et5uql ii04i59q\">\n<div dir=\"auto\">Une petite merveille <a href=\"https:\/\/images.wur.nl\/digital\/collection\/coll13\/search\/order\/title\/ad\/asc\">ce site de l&rsquo;universit\u00e9 de Wageningue<\/a> (Pays-Bas) qui pr\u00e9sente une collection de 1002 dessins, r\u00e9sultat de 40 ans d\u2019excavations de syst\u00e8me racinaire men\u00e9es en Europe, principalement en Autriche.<\/div>\n<\/div>\n<div class=\"o9v6fnle cxmmr5t8 oygrvhab hcukyx3x c1et5uql ii04i59q\">\n<div dir=\"auto\">Les dessins, leur analyse et leurs descriptions ont \u00e9t\u00e9 r\u00e9alis\u00e9s par trois chercheurs de l\u2019Institut Pflanzensoziologisches, Klagenfur. Leur travail a conduit \u00e0 un certain nombre de publications, et est la contrepartie des travaux de John E. Weaver dans le Nebraska, Etats-Unis. Les scans des dessins originaux, r\u00e9alis\u00e9s par Univ.-Prof. M. E. Lichtenegger couvre une grande vari\u00e9t\u00e9 d\u2019esp\u00e8ces allant des cultures agricoles aux d\u00e9sh\u00e9rit\u00e9s associ\u00e9es, mais aussi \u00e0 la v\u00e9g\u00e9tation naturelle, des orchid\u00e9es aux arbustes et arbres alpins. Les dessins sont ceux des syst\u00e8mes d\u2019enracinement d\u2019esp\u00e8ces individuelles soigneusement isol\u00e9s de leur environnement, et dessin\u00e9s en d\u00e9tail :<\/div>\n<\/div>\n<div class=\"o9v6fnle cxmmr5t8 oygrvhab hcukyx3x c1et5uql ii04i59q\">\n<div dir=\"auto\"><\/div>\n<\/div>\n<p><a href=\"https:\/\/images.wur.nl\/digital\/collection\/coll13\/search\/order\/title\/ad\/asc\">https:\/\/images.wur.nl\/digital\/collection\/coll13\/search\/order\/title\/ad\/asc<\/a><\/p>\n<\/div>\n<h2 class=\"title\"><img loading=\"lazy\" decoding=\"async\" class=\"alignleft size-medium wp-image-4043\" src=\"https:\/\/www.lvbe.uha.fr\/wp-content\/uploads\/2023\/05\/6B3CFA55-0F7F-4D55-A101-735822B05E7B-300x72.jpeg\" alt=\"The Conversation logo\" width=\"300\" height=\"72\" srcset=\"https:\/\/www.lvbe.uha.fr\/wp-content\/uploads\/2023\/05\/6B3CFA55-0F7F-4D55-A101-735822B05E7B-300x72.jpeg 300w, https:\/\/www.lvbe.uha.fr\/wp-content\/uploads\/2023\/05\/6B3CFA55-0F7F-4D55-A101-735822B05E7B-1024x246.jpeg 1024w, https:\/\/www.lvbe.uha.fr\/wp-content\/uploads\/2023\/05\/6B3CFA55-0F7F-4D55-A101-735822B05E7B-768x184.jpeg 768w, https:\/\/www.lvbe.uha.fr\/wp-content\/uploads\/2023\/05\/6B3CFA55-0F7F-4D55-A101-735822B05E7B.jpeg 1412w\" sizes=\"auto, (max-width: 300px) 100vw, 300px\" \/><\/h2>\n<h2><\/h2>\n<h2 class=\"title\">Site d&rsquo;information : <a href=\"https:\/\/theconversation.com\/fr\/environnement\">The Conversation<\/a><\/h2>\n<p>The Conversation ne ressemble \u00e0 aucun autre site d&rsquo;information :<\/p>\n<ul>\n<li>Publications des <strong>articles bas\u00e9s<\/strong> sur<strong> l&rsquo; expertise<\/strong> et <strong>la recherche<\/strong>, fruit d&rsquo;une <b>collaboration<\/b> entre <b>enseignants-chercheurs<\/b> et leur \u00e9quipe de <b>journalistes<\/b>,<\/li>\n<li>Un <strong>m\u00e9dia ind\u00e9pendant<\/strong>, ne d\u00e9pendant d&rsquo;aucun actionnaire, <strong>sans publicit\u00e9<\/strong>, ils sont libres de toute influence des annonceurs, et en tant qu&rsquo;association \u00e0 but non lucratif, sa seule motivation est de diffuser cette information gratuitement au plus grand nombre.<\/li>\n<li>Les <b>articles <\/b>sont<b> librement republiables<\/b>, et ce gratuitement par n&rsquo;importe quel m\u00e9dia (ou autre), permettant ainsi la diffusion du savoir, et l&rsquo;enrichissement du d\u00e9bat public.<\/li>\n<\/ul>\n<div class=\"\"><\/div>\n","protected":false},"excerpt":{"rendered":"<p>Vous trouverez ici des liens vers des sites internet que nous avons trouv\u00e9 particuli\u00e8rement int\u00e9ressant. Bonne lecture ! FUN MOOC Introduction \u00e0 la statistique avec R Ouverture d\u2019une session \u00e0\u00a0partir du 09 sept. 2024 jusqu&rsquo;au 25 oct. 2024. Logiciel professionnel en open source sur le traitement statistique des donn\u00e9es\u00a0 FUN MOOC Emerging and re-emerging viruses [&hellip;]<\/p>\n","protected":false},"author":2,"featured_media":0,"parent":559,"menu_order":5,"comment_status":"closed","ping_status":"closed","template":"","meta":{"footnotes":""},"class_list":["post-727","page","type-page","status-publish","hentry"],"yoast_head":"<!-- This site is optimized with the Yoast SEO plugin v27.4 - https:\/\/yoast.com\/product\/yoast-seo-wordpress\/ -->\n<title>Liens utiles - LVBE - Laboratoire Vigne, Biotechnologies, Environnement | Universit\u00e9 de Haute-Alsace<\/title>\n<meta name=\"robots\" content=\"index, follow, max-snippet:-1, max-image-preview:large, max-video-preview:-1\" \/>\n<link rel=\"canonical\" href=\"https:\/\/www.lvbe.uha.fr\/index.php\/actualites\/liens-utiles\/\" \/>\n<meta property=\"og:locale\" content=\"fr_FR\" \/>\n<meta property=\"og:type\" content=\"article\" \/>\n<meta property=\"og:title\" content=\"Liens utiles - LVBE - Laboratoire Vigne, Biotechnologies, Environnement | Universit\u00e9 de Haute-Alsace\" \/>\n<meta property=\"og:description\" content=\"Vous trouverez ici des liens vers des sites internet que nous avons trouv\u00e9 particuli\u00e8rement int\u00e9ressant. Bonne lecture ! FUN MOOC Introduction \u00e0 la statistique avec R Ouverture d\u2019une session \u00e0\u00a0partir du 09 sept. 2024 jusqu&rsquo;au 25 oct. 2024. Logiciel professionnel en open source sur le traitement statistique des donn\u00e9es\u00a0 FUN MOOC Emerging and re-emerging viruses [&hellip;]\" \/>\n<meta property=\"og:url\" content=\"https:\/\/www.lvbe.uha.fr\/index.php\/actualites\/liens-utiles\/\" \/>\n<meta property=\"og:site_name\" content=\"LVBE - Laboratoire Vigne, Biotechnologies, Environnement | Universit\u00e9 de Haute-Alsace\" \/>\n<meta property=\"article:modified_time\" content=\"2024-06-26T06:41:47+00:00\" \/>\n<meta property=\"og:image\" content=\"https:\/\/www.lvbe.uha.fr\/\/wp-content\/uploads\/2018\/04\/FCCFC278-3E47-4358-B42A-9F7F4843DDD4-300x51.jpeg\" \/>\n<meta name=\"twitter:card\" content=\"summary_large_image\" \/>\n<meta name=\"twitter:label1\" content=\"Dur\u00e9e de lecture estim\u00e9e\" \/>\n\t<meta name=\"twitter:data1\" content=\"3 minutes\" \/>\n<script type=\"application\/ld+json\" class=\"yoast-schema-graph\">{\"@context\":\"https:\\\/\\\/schema.org\",\"@graph\":[{\"@type\":\"WebPage\",\"@id\":\"https:\\\/\\\/www.lvbe.uha.fr\\\/index.php\\\/actualites\\\/liens-utiles\\\/\",\"url\":\"https:\\\/\\\/www.lvbe.uha.fr\\\/index.php\\\/actualites\\\/liens-utiles\\\/\",\"name\":\"Liens utiles - LVBE - Laboratoire Vigne, Biotechnologies, Environnement | Universit\u00e9 de Haute-Alsace\",\"isPartOf\":{\"@id\":\"https:\\\/\\\/www.lvbe.uha.fr\\\/#website\"},\"primaryImageOfPage\":{\"@id\":\"https:\\\/\\\/www.lvbe.uha.fr\\\/index.php\\\/actualites\\\/liens-utiles\\\/#primaryimage\"},\"image\":{\"@id\":\"https:\\\/\\\/www.lvbe.uha.fr\\\/index.php\\\/actualites\\\/liens-utiles\\\/#primaryimage\"},\"thumbnailUrl\":\"https:\\\/\\\/www.lvbe.uha.fr\\\/\\\/wp-content\\\/uploads\\\/2018\\\/04\\\/FCCFC278-3E47-4358-B42A-9F7F4843DDD4-300x51.jpeg\",\"datePublished\":\"2018-04-13T07:51:57+00:00\",\"dateModified\":\"2024-06-26T06:41:47+00:00\",\"breadcrumb\":{\"@id\":\"https:\\\/\\\/www.lvbe.uha.fr\\\/index.php\\\/actualites\\\/liens-utiles\\\/#breadcrumb\"},\"inLanguage\":\"fr-FR\",\"potentialAction\":[{\"@type\":\"ReadAction\",\"target\":[\"https:\\\/\\\/www.lvbe.uha.fr\\\/index.php\\\/actualites\\\/liens-utiles\\\/\"]}]},{\"@type\":\"ImageObject\",\"inLanguage\":\"fr-FR\",\"@id\":\"https:\\\/\\\/www.lvbe.uha.fr\\\/index.php\\\/actualites\\\/liens-utiles\\\/#primaryimage\",\"url\":\"https:\\\/\\\/www.lvbe.uha.fr\\\/\\\/wp-content\\\/uploads\\\/2018\\\/04\\\/FCCFC278-3E47-4358-B42A-9F7F4843DDD4-300x51.jpeg\",\"contentUrl\":\"https:\\\/\\\/www.lvbe.uha.fr\\\/\\\/wp-content\\\/uploads\\\/2018\\\/04\\\/FCCFC278-3E47-4358-B42A-9F7F4843DDD4-300x51.jpeg\"},{\"@type\":\"BreadcrumbList\",\"@id\":\"https:\\\/\\\/www.lvbe.uha.fr\\\/index.php\\\/actualites\\\/liens-utiles\\\/#breadcrumb\",\"itemListElement\":[{\"@type\":\"ListItem\",\"position\":1,\"name\":\"Accueil\",\"item\":\"https:\\\/\\\/www.lvbe.uha.fr\\\/\"},{\"@type\":\"ListItem\",\"position\":2,\"name\":\"Grand Public\",\"item\":\"https:\\\/\\\/www.lvbe.uha.fr\\\/index.php\\\/actualites\\\/\"},{\"@type\":\"ListItem\",\"position\":3,\"name\":\"Liens utiles\"}]},{\"@type\":\"WebSite\",\"@id\":\"https:\\\/\\\/www.lvbe.uha.fr\\\/#website\",\"url\":\"https:\\\/\\\/www.lvbe.uha.fr\\\/\",\"name\":\"LVBE - Laboratoire Vigne, Biotechnologies, Environnement | Universit\u00e9 de Haute-Alsace\",\"description\":\"Campus Biop\u00f4le | Universit\u00e9 de Haute-Alsace\",\"potentialAction\":[{\"@type\":\"SearchAction\",\"target\":{\"@type\":\"EntryPoint\",\"urlTemplate\":\"https:\\\/\\\/www.lvbe.uha.fr\\\/?s={search_term_string}\"},\"query-input\":{\"@type\":\"PropertyValueSpecification\",\"valueRequired\":true,\"valueName\":\"search_term_string\"}}],\"inLanguage\":\"fr-FR\"}]}<\/script>\n<!-- \/ Yoast SEO plugin. -->","yoast_head_json":{"title":"Liens utiles - LVBE - Laboratoire Vigne, Biotechnologies, Environnement | Universit\u00e9 de Haute-Alsace","robots":{"index":"index","follow":"follow","max-snippet":"max-snippet:-1","max-image-preview":"max-image-preview:large","max-video-preview":"max-video-preview:-1"},"canonical":"https:\/\/www.lvbe.uha.fr\/index.php\/actualites\/liens-utiles\/","og_locale":"fr_FR","og_type":"article","og_title":"Liens utiles - LVBE - Laboratoire Vigne, Biotechnologies, Environnement | Universit\u00e9 de Haute-Alsace","og_description":"Vous trouverez ici des liens vers des sites internet que nous avons trouv\u00e9 particuli\u00e8rement int\u00e9ressant. Bonne lecture ! FUN MOOC Introduction \u00e0 la statistique avec R Ouverture d\u2019une session \u00e0\u00a0partir du 09 sept. 2024 jusqu&rsquo;au 25 oct. 2024. Logiciel professionnel en open source sur le traitement statistique des donn\u00e9es\u00a0 FUN MOOC Emerging and re-emerging viruses [&hellip;]","og_url":"https:\/\/www.lvbe.uha.fr\/index.php\/actualites\/liens-utiles\/","og_site_name":"LVBE - Laboratoire Vigne, Biotechnologies, Environnement | Universit\u00e9 de Haute-Alsace","article_modified_time":"2024-06-26T06:41:47+00:00","og_image":[{"url":"https:\/\/www.lvbe.uha.fr\/\/wp-content\/uploads\/2018\/04\/FCCFC278-3E47-4358-B42A-9F7F4843DDD4-300x51.jpeg","type":"","width":"","height":""}],"twitter_card":"summary_large_image","twitter_misc":{"Dur\u00e9e de lecture estim\u00e9e":"3 minutes"},"schema":{"@context":"https:\/\/schema.org","@graph":[{"@type":"WebPage","@id":"https:\/\/www.lvbe.uha.fr\/index.php\/actualites\/liens-utiles\/","url":"https:\/\/www.lvbe.uha.fr\/index.php\/actualites\/liens-utiles\/","name":"Liens utiles - LVBE - Laboratoire Vigne, Biotechnologies, Environnement | Universit\u00e9 de Haute-Alsace","isPartOf":{"@id":"https:\/\/www.lvbe.uha.fr\/#website"},"primaryImageOfPage":{"@id":"https:\/\/www.lvbe.uha.fr\/index.php\/actualites\/liens-utiles\/#primaryimage"},"image":{"@id":"https:\/\/www.lvbe.uha.fr\/index.php\/actualites\/liens-utiles\/#primaryimage"},"thumbnailUrl":"https:\/\/www.lvbe.uha.fr\/\/wp-content\/uploads\/2018\/04\/FCCFC278-3E47-4358-B42A-9F7F4843DDD4-300x51.jpeg","datePublished":"2018-04-13T07:51:57+00:00","dateModified":"2024-06-26T06:41:47+00:00","breadcrumb":{"@id":"https:\/\/www.lvbe.uha.fr\/index.php\/actualites\/liens-utiles\/#breadcrumb"},"inLanguage":"fr-FR","potentialAction":[{"@type":"ReadAction","target":["https:\/\/www.lvbe.uha.fr\/index.php\/actualites\/liens-utiles\/"]}]},{"@type":"ImageObject","inLanguage":"fr-FR","@id":"https:\/\/www.lvbe.uha.fr\/index.php\/actualites\/liens-utiles\/#primaryimage","url":"https:\/\/www.lvbe.uha.fr\/\/wp-content\/uploads\/2018\/04\/FCCFC278-3E47-4358-B42A-9F7F4843DDD4-300x51.jpeg","contentUrl":"https:\/\/www.lvbe.uha.fr\/\/wp-content\/uploads\/2018\/04\/FCCFC278-3E47-4358-B42A-9F7F4843DDD4-300x51.jpeg"},{"@type":"BreadcrumbList","@id":"https:\/\/www.lvbe.uha.fr\/index.php\/actualites\/liens-utiles\/#breadcrumb","itemListElement":[{"@type":"ListItem","position":1,"name":"Accueil","item":"https:\/\/www.lvbe.uha.fr\/"},{"@type":"ListItem","position":2,"name":"Grand Public","item":"https:\/\/www.lvbe.uha.fr\/index.php\/actualites\/"},{"@type":"ListItem","position":3,"name":"Liens utiles"}]},{"@type":"WebSite","@id":"https:\/\/www.lvbe.uha.fr\/#website","url":"https:\/\/www.lvbe.uha.fr\/","name":"LVBE - Laboratoire Vigne, Biotechnologies, Environnement | Universit\u00e9 de Haute-Alsace","description":"Campus Biop\u00f4le | Universit\u00e9 de Haute-Alsace","potentialAction":[{"@type":"SearchAction","target":{"@type":"EntryPoint","urlTemplate":"https:\/\/www.lvbe.uha.fr\/?s={search_term_string}"},"query-input":{"@type":"PropertyValueSpecification","valueRequired":true,"valueName":"search_term_string"}}],"inLanguage":"fr-FR"}]}},"_links":{"self":[{"href":"https:\/\/www.lvbe.uha.fr\/index.php\/wp-json\/wp\/v2\/pages\/727","targetHints":{"allow":["GET"]}}],"collection":[{"href":"https:\/\/www.lvbe.uha.fr\/index.php\/wp-json\/wp\/v2\/pages"}],"about":[{"href":"https:\/\/www.lvbe.uha.fr\/index.php\/wp-json\/wp\/v2\/types\/page"}],"author":[{"embeddable":true,"href":"https:\/\/www.lvbe.uha.fr\/index.php\/wp-json\/wp\/v2\/users\/2"}],"replies":[{"embeddable":true,"href":"https:\/\/www.lvbe.uha.fr\/index.php\/wp-json\/wp\/v2\/comments?post=727"}],"version-history":[{"count":25,"href":"https:\/\/www.lvbe.uha.fr\/index.php\/wp-json\/wp\/v2\/pages\/727\/revisions"}],"predecessor-version":[{"id":4479,"href":"https:\/\/www.lvbe.uha.fr\/index.php\/wp-json\/wp\/v2\/pages\/727\/revisions\/4479"}],"up":[{"embeddable":true,"href":"https:\/\/www.lvbe.uha.fr\/index.php\/wp-json\/wp\/v2\/pages\/559"}],"wp:attachment":[{"href":"https:\/\/www.lvbe.uha.fr\/index.php\/wp-json\/wp\/v2\/media?parent=727"}],"curies":[{"name":"wp","href":"https:\/\/api.w.org\/{rel}","templated":true}]}}