{"id":692,"date":"2018-04-12T15:26:31","date_gmt":"2018-04-12T13:26:31","guid":{"rendered":"https:\/\/www.lvbe.uha.fr\/\/?page_id=692"},"modified":"2022-05-31T15:18:58","modified_gmt":"2022-05-31T13:18:58","slug":"livres","status":"publish","type":"page","link":"https:\/\/www.lvbe.uha.fr\/index.php\/actualites\/mediatheque\/livres\/","title":{"rendered":"Livres"},"content":{"rendered":"<blockquote>\n<h3>Vous trouverez ci-dessous les titres des livres auxquels des enseignants-chercheurs du LVBE ont particip\u00e9 :<\/h3>\n<\/blockquote>\n<div class=\"su-row\">\n<div class=\"su-column su-column-size-1-2\"><div class=\"su-column-inner su-u-clearfix su-u-trim\">\n<ul>\n<li><img loading=\"lazy\" decoding=\"async\" class=\"alignleft size-thumbnail wp-image-3410\" src=\"https:\/\/www.lvbe.uha.fr\/wp-content\/uploads\/2021\/05\/4D7E0DD9-D05C-460C-B911-1E6F35C5AC77-150x150.jpeg\" alt=\"\" width=\"150\" height=\"150\" \/>Belinda Kemp,\u00a0<em>Andreea Botezatu, H<\/em>annah Charnock, Debra Inglis, <strong>Richard Marchal<\/strong>, Gary Pickering\u00a0and James Willwerth. (2021).<strong> White Winemaking in Cold Climates. <em>In<\/em> White Wine Technology<\/strong>, 1st Edition, Editor:\u00a0Antonio Morata. Paperback ISBN:\u00a09780128234976. Elsevier\u00a0Academic Press, Published Date:\u00a01st July 2021 Page Count:\u00a0340 &#8211; Chapter 26.<\/li>\n<\/ul>\n<p>&nbsp;<\/p>\n<ul>\n<li><img loading=\"lazy\" decoding=\"async\" class=\"alignleft size-thumbnail wp-image-3409\" src=\"https:\/\/www.lvbe.uha.fr\/wp-content\/uploads\/2021\/05\/E84F4FF4-18E4-4035-9E98-6498FF3E99CB-150x150.jpeg\" alt=\"\" width=\"150\" height=\"150\" \/>Belinda Kemp, Matteo Marangon, Andrea Curioni, Elizabeth Waters and <strong>Richard Marchal<\/strong>. (2021). <strong>New Directions in Stabilization, Clarification, and Fining. <em>In<\/em> Managing Wine Quality<\/strong> 2<sup>nd<\/sup>\u00a0Edition. Chapter 8, Volume II: Oenology and Wine Quality, Editor:\u00a0Andrew Reynolds, Hardcover ISBN:\u00a09780081020654, Imprint:\u00a0Woodhead Publishing, Published Date:\u00a01st September 2021, Page Count:\u00a0660.<\/li>\n<\/ul>\n<p>&nbsp;<\/p>\n<ul>\n<li><strong>Marchal R. Champagne.s et Cr\u00e9mant.s : les articles de presse et de vulgarisation sur internet traduisent-ils des diff\u00e9rences techniques et sensorielles ?<em> In<\/em><\/strong> Le vin et ses \u00e9mules \u2013 Discours \u0153nologiques et gastronomiques. 2021, Feyrer C.\/ Konzett-Firth C.\/Lavric E. (Hrsg, Berlin : Frank &amp; Timme) (sous presse).<\/li>\n<\/ul>\n<p><strong><img loading=\"lazy\" decoding=\"async\" class=\"alignleft wp-image-2901 size-medium\" src=\"https:\/\/www.lvbe.uha.fr\/wp-content\/uploads\/2019\/12\/477F735B-D106-420A-B43B-13B97239A1F7-204x300.jpeg\" alt=\"\" width=\"204\" height=\"300\" srcset=\"https:\/\/www.lvbe.uha.fr\/wp-content\/uploads\/2019\/12\/477F735B-D106-420A-B43B-13B97239A1F7-204x300.jpeg 204w, https:\/\/www.lvbe.uha.fr\/wp-content\/uploads\/2019\/12\/477F735B-D106-420A-B43B-13B97239A1F7-696x1024.jpeg 696w, https:\/\/www.lvbe.uha.fr\/wp-content\/uploads\/2019\/12\/477F735B-D106-420A-B43B-13B97239A1F7-768x1130.jpeg 768w, https:\/\/www.lvbe.uha.fr\/wp-content\/uploads\/2019\/12\/477F735B-D106-420A-B43B-13B97239A1F7-1044x1536.jpeg 1044w, https:\/\/www.lvbe.uha.fr\/wp-content\/uploads\/2019\/12\/477F735B-D106-420A-B43B-13B97239A1F7.jpeg 1363w\" sizes=\"auto, (max-width: 204px) 100vw, 204px\" \/>Patrick FRICOTEAUX<\/strong>, auteur de<strong> \u00ab Cr\u00e9ez votre bi\u00e8re &#8211; De la compr\u00e9hension \u00e0 la r\u00e9ussite \u00bb.<\/strong>\u00a0\u00c9ditions Ellipses, sortie le 26 novembre 2019.<\/p>\n<p>Apr\u00e8s avoir d\u00e9gust\u00e9 cet ouvrage, vous aurez non seulement <b>compris tous les secrets de la fabrication de ce breuvage mill\u00e9naire<\/b>, mais vous serez \u00e9galement <b>capable de cr\u00e9er et de r\u00e9ussir votre propre bi\u00e8re.<\/b><\/p>\n<p><b>Pour les plus curieux, des encarts culturels et th\u00e9oriques sont incorpor\u00e9s r\u00e9guli\u00e8rement tout au long de ce livre.<\/b><\/p>\n<p>Alors n\u2019h\u00e9sitez plus, lancez-vous dans l\u2019aventure :<\/p>\n<p>M\u00e9langez malts, houblons et levures, transformez-vous en brasseur et devenez compositeur de bulles.<\/p>\n<p><b>L\u2019auteur, Patrick <strong>FRICOTEAUX<\/strong><\/b>, est ma\u00eetre de conf\u00e9rences en chimie \u00e0 l\u2019Universit\u00e9 de Reims-Champagne-Ardenne o\u00f9 il enseigne non seulement la chimie mais \u00e9galement les principes du brassage aux \u00e9tudiants d\u2019\u0153nologie. Brasseur amateur depuis plus de 20 ans, il a \u00e9t\u00e9 r\u00e9compens\u00e9 \u00e0 de tr\u00e8s nombreuses reprises lors de concours de brasseurs amateurs. Il <b>a rejoint le LVBE en 2019.<\/b><\/p>\n<\/div><\/div>\n<div class=\"su-column su-column-size-1-2\"><div class=\"su-column-inner su-u-clearfix su-u-trim\">\n<div class=\"su-service\"><div class=\"su-service-title\" style=\"padding-left:142px;min-height:128px;line-height:128px\"><img loading=\"lazy\" decoding=\"async\" src=\"https:\/\/www.lvbe.uha.fr\/\/wp-content\/uploads\/2018\/04\/0AAB6BE8-C230-438D-8341-AAED80E79C1F.jpeg\" width=\"128\" height=\"128\" alt=\"Les vies de la pasteurisation : R\u00e9cits, savoirs, actions (1865-2015)\" style=\"width:128px;height:128px\" \/> Les vies de la pasteurisation : R\u00e9cits, savoirs, actions (1865-2015)<\/div><div class=\"su-service-content su-u-clearfix su-u-trim\" style=\"padding-left:142px\">Chapitre d&rsquo;Ouvrage :\u00a0<strong>Pr. Christophe BERTSCH<\/strong>, co-auteur de<strong> \u00ab Les vies de la pasteurisation : <\/strong><strong>R\u00e9cits, savoirs, actions (1865-2015) \u00bb<\/strong>, sous la direction de No\u00ebl Barbe et Daniel Raichvarg. \u00c9dition des Universit\u00e9 de Bourgogne, sortie le 10 d\u00e9cembre 2015.<\/div><\/div>\n<p>&nbsp;<\/p>\n<div class=\"su-service\"><div class=\"su-service-title\" style=\"padding-left:142px;min-height:128px;line-height:128px\"><img loading=\"lazy\" decoding=\"async\" src=\"https:\/\/www.lvbe.uha.fr\/\/wp-content\/uploads\/2018\/04\/43E07A3E-3244-4906-BED7-787CA8EE0BEA.jpeg\" width=\"128\" height=\"128\" alt=\"Microbes and Microbial Technology\" style=\"width:128px;height:128px\" \/> Microbes and Microbial Technology<\/div><div class=\"su-service-content su-u-clearfix su-u-trim\" style=\"padding-left:142px\"><strong>Lebeau, T., Jezequel<\/strong>, K., Braud, A. (2011). Bioaugmentation-assisted phytoextraction applied to metal contaminated soils: state of the art and future prospects. In : I. Ahmad et al. (eds.),<strong> Microbes and Microbial Technology<\/strong>: Agricultural and Environmental Applications, DOI 10.1007\/978-1-4419-7931-5_10,\u00a9 Springer, 1st Edition., 2011, XVI, 516 p., Hardcover, ISBN: 978-1-4419-7930-8, March 2011.<\/div><\/div>\n<div class=\"su-service\"><div class=\"su-service-title\" style=\"padding-left:142px;min-height:128px;line-height:128px\"><img loading=\"lazy\" decoding=\"async\" src=\"https:\/\/www.lvbe.uha.fr\/\/wp-content\/uploads\/2018\/04\/5930D9AC-CEC5-4B10-B6F5-63C8D0130438.jpeg\" width=\"128\" height=\"128\" alt=\"Applications of Plant Biotechnology\" style=\"width:128px;height:128px\" \/> Applications of Plant Biotechnology<\/div><div class=\"su-service-content su-u-clearfix su-u-trim\" style=\"padding-left:142px\"><strong>Schellenbaum, P., Walter, B., Maillot, P<\/strong>. (2011). Is DNA methylation a marker of somaclonal variation induced by in vitro culture ? In: <strong>Applications of Plant Biotechnology<\/strong>: In vitro Propagation, Plant Transformations and Secondary Metabolite Production, Editors: Kumar A, Sopory S. I.K. International, India, pp: 17-63.<\/div><\/div>\n<\/div><\/div>\n<\/div>\n","protected":false},"excerpt":{"rendered":"<p>Vous trouverez ci-dessous les titres des livres auxquels des enseignants-chercheurs du LVBE ont particip\u00e9 :<\/p>\n","protected":false},"author":2,"featured_media":0,"parent":582,"menu_order":3,"comment_status":"closed","ping_status":"closed","template":"","meta":{"footnotes":""},"class_list":["post-692","page","type-page","status-publish","hentry"],"yoast_head":"<!-- This site is optimized with the Yoast SEO plugin v27.4 - https:\/\/yoast.com\/product\/yoast-seo-wordpress\/ -->\n<title>Livres - LVBE - Laboratoire Vigne, Biotechnologies, Environnement | Universit\u00e9 de Haute-Alsace<\/title>\n<meta name=\"robots\" content=\"index, follow, max-snippet:-1, max-image-preview:large, max-video-preview:-1\" \/>\n<link rel=\"canonical\" href=\"https:\/\/www.lvbe.uha.fr\/index.php\/actualites\/mediatheque\/livres\/\" \/>\n<meta property=\"og:locale\" content=\"fr_FR\" \/>\n<meta property=\"og:type\" content=\"article\" \/>\n<meta property=\"og:title\" content=\"Livres - LVBE - Laboratoire Vigne, Biotechnologies, Environnement | Universit\u00e9 de Haute-Alsace\" \/>\n<meta property=\"og:description\" content=\"Vous trouverez ci-dessous les titres des livres auxquels des enseignants-chercheurs du LVBE ont particip\u00e9 :\" \/>\n<meta property=\"og:url\" content=\"https:\/\/www.lvbe.uha.fr\/index.php\/actualites\/mediatheque\/livres\/\" \/>\n<meta property=\"og:site_name\" content=\"LVBE - Laboratoire Vigne, Biotechnologies, Environnement | Universit\u00e9 de Haute-Alsace\" \/>\n<meta property=\"article:modified_time\" content=\"2022-05-31T13:18:58+00:00\" \/>\n<meta property=\"og:image\" content=\"https:\/\/www.lvbe.uha.fr\/wp-content\/uploads\/2021\/05\/4D7E0DD9-D05C-460C-B911-1E6F35C5AC77-150x150.jpeg\" \/>\n<meta name=\"twitter:card\" content=\"summary_large_image\" \/>\n<meta name=\"twitter:label1\" content=\"Dur\u00e9e de lecture estim\u00e9e\" \/>\n\t<meta name=\"twitter:data1\" content=\"3 minutes\" \/>\n<script type=\"application\/ld+json\" class=\"yoast-schema-graph\">{\"@context\":\"https:\\\/\\\/schema.org\",\"@graph\":[{\"@type\":\"WebPage\",\"@id\":\"https:\\\/\\\/www.lvbe.uha.fr\\\/index.php\\\/actualites\\\/mediatheque\\\/livres\\\/\",\"url\":\"https:\\\/\\\/www.lvbe.uha.fr\\\/index.php\\\/actualites\\\/mediatheque\\\/livres\\\/\",\"name\":\"Livres - LVBE - Laboratoire Vigne, Biotechnologies, Environnement | Universit\u00e9 de Haute-Alsace\",\"isPartOf\":{\"@id\":\"https:\\\/\\\/www.lvbe.uha.fr\\\/#website\"},\"primaryImageOfPage\":{\"@id\":\"https:\\\/\\\/www.lvbe.uha.fr\\\/index.php\\\/actualites\\\/mediatheque\\\/livres\\\/#primaryimage\"},\"image\":{\"@id\":\"https:\\\/\\\/www.lvbe.uha.fr\\\/index.php\\\/actualites\\\/mediatheque\\\/livres\\\/#primaryimage\"},\"thumbnailUrl\":\"https:\\\/\\\/www.lvbe.uha.fr\\\/wp-content\\\/uploads\\\/2021\\\/05\\\/4D7E0DD9-D05C-460C-B911-1E6F35C5AC77-150x150.jpeg\",\"datePublished\":\"2018-04-12T13:26:31+00:00\",\"dateModified\":\"2022-05-31T13:18:58+00:00\",\"breadcrumb\":{\"@id\":\"https:\\\/\\\/www.lvbe.uha.fr\\\/index.php\\\/actualites\\\/mediatheque\\\/livres\\\/#breadcrumb\"},\"inLanguage\":\"fr-FR\",\"potentialAction\":[{\"@type\":\"ReadAction\",\"target\":[\"https:\\\/\\\/www.lvbe.uha.fr\\\/index.php\\\/actualites\\\/mediatheque\\\/livres\\\/\"]}]},{\"@type\":\"ImageObject\",\"inLanguage\":\"fr-FR\",\"@id\":\"https:\\\/\\\/www.lvbe.uha.fr\\\/index.php\\\/actualites\\\/mediatheque\\\/livres\\\/#primaryimage\",\"url\":\"https:\\\/\\\/www.lvbe.uha.fr\\\/wp-content\\\/uploads\\\/2021\\\/05\\\/4D7E0DD9-D05C-460C-B911-1E6F35C5AC77-150x150.jpeg\",\"contentUrl\":\"https:\\\/\\\/www.lvbe.uha.fr\\\/wp-content\\\/uploads\\\/2021\\\/05\\\/4D7E0DD9-D05C-460C-B911-1E6F35C5AC77-150x150.jpeg\"},{\"@type\":\"BreadcrumbList\",\"@id\":\"https:\\\/\\\/www.lvbe.uha.fr\\\/index.php\\\/actualites\\\/mediatheque\\\/livres\\\/#breadcrumb\",\"itemListElement\":[{\"@type\":\"ListItem\",\"position\":1,\"name\":\"Accueil\",\"item\":\"https:\\\/\\\/www.lvbe.uha.fr\\\/\"},{\"@type\":\"ListItem\",\"position\":2,\"name\":\"Grand Public\",\"item\":\"https:\\\/\\\/www.lvbe.uha.fr\\\/index.php\\\/actualites\\\/\"},{\"@type\":\"ListItem\",\"position\":3,\"name\":\"M\u00e9diath\u00e8que\",\"item\":\"https:\\\/\\\/www.lvbe.uha.fr\\\/index.php\\\/actualites\\\/mediatheque\\\/\"},{\"@type\":\"ListItem\",\"position\":4,\"name\":\"Livres\"}]},{\"@type\":\"WebSite\",\"@id\":\"https:\\\/\\\/www.lvbe.uha.fr\\\/#website\",\"url\":\"https:\\\/\\\/www.lvbe.uha.fr\\\/\",\"name\":\"LVBE - Laboratoire Vigne, Biotechnologies, Environnement | Universit\u00e9 de Haute-Alsace\",\"description\":\"Campus Biop\u00f4le | Universit\u00e9 de Haute-Alsace\",\"potentialAction\":[{\"@type\":\"SearchAction\",\"target\":{\"@type\":\"EntryPoint\",\"urlTemplate\":\"https:\\\/\\\/www.lvbe.uha.fr\\\/?s={search_term_string}\"},\"query-input\":{\"@type\":\"PropertyValueSpecification\",\"valueRequired\":true,\"valueName\":\"search_term_string\"}}],\"inLanguage\":\"fr-FR\"}]}<\/script>\n<!-- \/ Yoast SEO plugin. -->","yoast_head_json":{"title":"Livres - LVBE - Laboratoire Vigne, Biotechnologies, Environnement | Universit\u00e9 de Haute-Alsace","robots":{"index":"index","follow":"follow","max-snippet":"max-snippet:-1","max-image-preview":"max-image-preview:large","max-video-preview":"max-video-preview:-1"},"canonical":"https:\/\/www.lvbe.uha.fr\/index.php\/actualites\/mediatheque\/livres\/","og_locale":"fr_FR","og_type":"article","og_title":"Livres - LVBE - Laboratoire Vigne, Biotechnologies, Environnement | Universit\u00e9 de Haute-Alsace","og_description":"Vous trouverez ci-dessous les titres des livres auxquels des enseignants-chercheurs du LVBE ont particip\u00e9 :","og_url":"https:\/\/www.lvbe.uha.fr\/index.php\/actualites\/mediatheque\/livres\/","og_site_name":"LVBE - Laboratoire Vigne, Biotechnologies, Environnement | Universit\u00e9 de Haute-Alsace","article_modified_time":"2022-05-31T13:18:58+00:00","og_image":[{"url":"https:\/\/www.lvbe.uha.fr\/wp-content\/uploads\/2021\/05\/4D7E0DD9-D05C-460C-B911-1E6F35C5AC77-150x150.jpeg","type":"","width":"","height":""}],"twitter_card":"summary_large_image","twitter_misc":{"Dur\u00e9e de lecture estim\u00e9e":"3 minutes"},"schema":{"@context":"https:\/\/schema.org","@graph":[{"@type":"WebPage","@id":"https:\/\/www.lvbe.uha.fr\/index.php\/actualites\/mediatheque\/livres\/","url":"https:\/\/www.lvbe.uha.fr\/index.php\/actualites\/mediatheque\/livres\/","name":"Livres - LVBE - Laboratoire Vigne, Biotechnologies, Environnement | Universit\u00e9 de Haute-Alsace","isPartOf":{"@id":"https:\/\/www.lvbe.uha.fr\/#website"},"primaryImageOfPage":{"@id":"https:\/\/www.lvbe.uha.fr\/index.php\/actualites\/mediatheque\/livres\/#primaryimage"},"image":{"@id":"https:\/\/www.lvbe.uha.fr\/index.php\/actualites\/mediatheque\/livres\/#primaryimage"},"thumbnailUrl":"https:\/\/www.lvbe.uha.fr\/wp-content\/uploads\/2021\/05\/4D7E0DD9-D05C-460C-B911-1E6F35C5AC77-150x150.jpeg","datePublished":"2018-04-12T13:26:31+00:00","dateModified":"2022-05-31T13:18:58+00:00","breadcrumb":{"@id":"https:\/\/www.lvbe.uha.fr\/index.php\/actualites\/mediatheque\/livres\/#breadcrumb"},"inLanguage":"fr-FR","potentialAction":[{"@type":"ReadAction","target":["https:\/\/www.lvbe.uha.fr\/index.php\/actualites\/mediatheque\/livres\/"]}]},{"@type":"ImageObject","inLanguage":"fr-FR","@id":"https:\/\/www.lvbe.uha.fr\/index.php\/actualites\/mediatheque\/livres\/#primaryimage","url":"https:\/\/www.lvbe.uha.fr\/wp-content\/uploads\/2021\/05\/4D7E0DD9-D05C-460C-B911-1E6F35C5AC77-150x150.jpeg","contentUrl":"https:\/\/www.lvbe.uha.fr\/wp-content\/uploads\/2021\/05\/4D7E0DD9-D05C-460C-B911-1E6F35C5AC77-150x150.jpeg"},{"@type":"BreadcrumbList","@id":"https:\/\/www.lvbe.uha.fr\/index.php\/actualites\/mediatheque\/livres\/#breadcrumb","itemListElement":[{"@type":"ListItem","position":1,"name":"Accueil","item":"https:\/\/www.lvbe.uha.fr\/"},{"@type":"ListItem","position":2,"name":"Grand Public","item":"https:\/\/www.lvbe.uha.fr\/index.php\/actualites\/"},{"@type":"ListItem","position":3,"name":"M\u00e9diath\u00e8que","item":"https:\/\/www.lvbe.uha.fr\/index.php\/actualites\/mediatheque\/"},{"@type":"ListItem","position":4,"name":"Livres"}]},{"@type":"WebSite","@id":"https:\/\/www.lvbe.uha.fr\/#website","url":"https:\/\/www.lvbe.uha.fr\/","name":"LVBE - Laboratoire Vigne, Biotechnologies, Environnement | Universit\u00e9 de Haute-Alsace","description":"Campus Biop\u00f4le | Universit\u00e9 de Haute-Alsace","potentialAction":[{"@type":"SearchAction","target":{"@type":"EntryPoint","urlTemplate":"https:\/\/www.lvbe.uha.fr\/?s={search_term_string}"},"query-input":{"@type":"PropertyValueSpecification","valueRequired":true,"valueName":"search_term_string"}}],"inLanguage":"fr-FR"}]}},"_links":{"self":[{"href":"https:\/\/www.lvbe.uha.fr\/index.php\/wp-json\/wp\/v2\/pages\/692","targetHints":{"allow":["GET"]}}],"collection":[{"href":"https:\/\/www.lvbe.uha.fr\/index.php\/wp-json\/wp\/v2\/pages"}],"about":[{"href":"https:\/\/www.lvbe.uha.fr\/index.php\/wp-json\/wp\/v2\/types\/page"}],"author":[{"embeddable":true,"href":"https:\/\/www.lvbe.uha.fr\/index.php\/wp-json\/wp\/v2\/users\/2"}],"replies":[{"embeddable":true,"href":"https:\/\/www.lvbe.uha.fr\/index.php\/wp-json\/wp\/v2\/comments?post=692"}],"version-history":[{"count":39,"href":"https:\/\/www.lvbe.uha.fr\/index.php\/wp-json\/wp\/v2\/pages\/692\/revisions"}],"predecessor-version":[{"id":2921,"href":"https:\/\/www.lvbe.uha.fr\/index.php\/wp-json\/wp\/v2\/pages\/692\/revisions\/2921"}],"up":[{"embeddable":true,"href":"https:\/\/www.lvbe.uha.fr\/index.php\/wp-json\/wp\/v2\/pages\/582"}],"wp:attachment":[{"href":"https:\/\/www.lvbe.uha.fr\/index.php\/wp-json\/wp\/v2\/media?parent=692"}],"curies":[{"name":"wp","href":"https:\/\/api.w.org\/{rel}","templated":true}]}}