{"id":672,"date":"2018-04-12T15:09:12","date_gmt":"2018-04-12T13:09:12","guid":{"rendered":"https:\/\/www.lvbe.uha.fr\/\/?page_id=672"},"modified":"2022-01-18T15:01:02","modified_gmt":"2022-01-18T14:01:02","slug":"brevet","status":"publish","type":"page","link":"https:\/\/www.lvbe.uha.fr\/index.php\/actualites\/mediatheque\/brevet\/","title":{"rendered":"Brevets"},"content":{"rendered":"<p>Seules les inventions de nature technique entrent en ligne de compte pour une protection par <strong>brevet<\/strong>. Une invention peut \u00eatre un produit, un proc\u00e9d\u00e9 de fabrication ou une technique d&rsquo;ex\u00e9cution. Les <strong>d\u00e9couvertes<\/strong>, th\u00e9ories<strong> scientifiques<\/strong>, m\u00e9thodes math\u00e9matiques et designs ne sont pas brevetables.<\/p>\n<p><img loading=\"lazy\" decoding=\"async\" class=\"aligncenter wp-image-374 size-large\" src=\"https:\/\/www.lvbe.uha.fr\/\/wp-content\/uploads\/2018\/04\/vignes2-1024x161.png\" alt=\"\" width=\"750\" height=\"118\" srcset=\"https:\/\/www.lvbe.uha.fr\/wp-content\/uploads\/2018\/04\/vignes2-1024x161.png 1024w, https:\/\/www.lvbe.uha.fr\/wp-content\/uploads\/2018\/04\/vignes2-300x47.png 300w, https:\/\/www.lvbe.uha.fr\/wp-content\/uploads\/2018\/04\/vignes2-768x121.png 768w, https:\/\/www.lvbe.uha.fr\/wp-content\/uploads\/2018\/04\/vignes2.png 1912w\" sizes=\"auto, (max-width: 750px) 100vw, 750px\" \/><\/p>\n<p>Nous avons depuis peu une volont\u00e9 de d\u00e9veloppement industriel, ainsi nous avons d\u00e9pos\u00e9 deux\u00a0 brevets concernant l&rsquo;utilisation du sous-salicylate de bismuth ou de l&rsquo;un de ses d\u00e9riv\u00e9s en tant qu&rsquo;agent phytopharmaceutique. Le Projet est soutenu par la SATT\/Connectus Alsace avec cr\u00e9ation d&rsquo;une start-up (SEMIA).<\/p>\n<h3 style=\"padding-left: 80px;\">Brevet N\u00b01<\/h3>\n<p style=\"padding-left: 80px;\">B\u00c9NARD-GELLON, M., BERTSCH, C., TARNUS, C., &amp; ALBRECHT S.<\/p>\n<p style=\"padding-left: 80px;\"><strong>Utilisation du sous-salicylate de bismuth ou de l&rsquo;un de ses d\u00e9riv\u00e9s en tant qu&rsquo;agent phytopharmaceutique.<\/strong><\/p>\n<p style=\"padding-left: 80px;\">Num\u00e9ro de d\u00e9p\u00f4t FR n\u00b01460451(30\/10\/<strong>2014<\/strong>) + extension internationale ref. B1905PC00 (30\/10\/<strong>2015<\/strong>).<\/p>\n<h3 style=\"padding-left: 80px;\">Brevet N\u00b02<\/h3>\n<p style=\"padding-left: 80px;\">MERLEN L., GELLON M., TARNUS C., DELAITE C.<\/p>\n<p style=\"padding-left: 80px;\"><strong>New dispersions, their process of preparation and their use as phytopharmaceutical agents<\/strong><\/p>\n<p style=\"padding-left: 80px;\">N\u00b0 de d\u00e9p\u00f4t EU : <span id=\"OBJ_PREFIX_DWT172_com_zimbra_phone\" class=\"Object\">1000505004 (16<\/span>\/12\/<strong>2021<\/strong>)\u00a0 R\u00e9f\u00e9rence : PAT2607837EP00<\/p>\n<p>&nbsp;<\/p>\n","protected":false},"excerpt":{"rendered":"<p>Seules les inventions de nature technique entrent en ligne de compte pour une protection par brevet. Une invention peut \u00eatre un produit, un proc\u00e9d\u00e9 de fabrication ou une technique d&rsquo;ex\u00e9cution. Les d\u00e9couvertes, th\u00e9ories scientifiques, m\u00e9thodes math\u00e9matiques et designs ne sont pas brevetables. Nous avons depuis peu une volont\u00e9 de d\u00e9veloppement industriel, ainsi nous avons d\u00e9pos\u00e9 [&hellip;]<\/p>\n","protected":false},"author":2,"featured_media":0,"parent":582,"menu_order":2,"comment_status":"closed","ping_status":"closed","template":"","meta":{"footnotes":""},"class_list":["post-672","page","type-page","status-publish","hentry"],"yoast_head":"<!-- This site is optimized with the Yoast SEO plugin v27.4 - https:\/\/yoast.com\/product\/yoast-seo-wordpress\/ -->\n<title>Brevets - LVBE - Laboratoire Vigne, Biotechnologies, Environnement | Universit\u00e9 de Haute-Alsace<\/title>\n<meta name=\"robots\" content=\"index, follow, max-snippet:-1, max-image-preview:large, max-video-preview:-1\" \/>\n<link rel=\"canonical\" href=\"https:\/\/www.lvbe.uha.fr\/index.php\/actualites\/mediatheque\/brevet\/\" \/>\n<meta property=\"og:locale\" content=\"fr_FR\" \/>\n<meta property=\"og:type\" content=\"article\" \/>\n<meta property=\"og:title\" content=\"Brevets - LVBE - Laboratoire Vigne, Biotechnologies, Environnement | Universit\u00e9 de Haute-Alsace\" \/>\n<meta property=\"og:description\" content=\"Seules les inventions de nature technique entrent en ligne de compte pour une protection par brevet. Une invention peut \u00eatre un produit, un proc\u00e9d\u00e9 de fabrication ou une technique d&rsquo;ex\u00e9cution. Les d\u00e9couvertes, th\u00e9ories scientifiques, m\u00e9thodes math\u00e9matiques et designs ne sont pas brevetables. Nous avons depuis peu une volont\u00e9 de d\u00e9veloppement industriel, ainsi nous avons d\u00e9pos\u00e9 [&hellip;]\" \/>\n<meta property=\"og:url\" content=\"https:\/\/www.lvbe.uha.fr\/index.php\/actualites\/mediatheque\/brevet\/\" \/>\n<meta property=\"og:site_name\" content=\"LVBE - Laboratoire Vigne, Biotechnologies, Environnement | Universit\u00e9 de Haute-Alsace\" \/>\n<meta property=\"article:modified_time\" content=\"2022-01-18T14:01:02+00:00\" \/>\n<meta property=\"og:image\" content=\"https:\/\/www.lvbe.uha.fr\/\/wp-content\/uploads\/2018\/04\/vignes2-1024x161.png\" \/>\n<meta name=\"twitter:card\" content=\"summary_large_image\" \/>\n<meta name=\"twitter:label1\" content=\"Dur\u00e9e de lecture estim\u00e9e\" \/>\n\t<meta name=\"twitter:data1\" content=\"1 minute\" \/>\n<script type=\"application\/ld+json\" class=\"yoast-schema-graph\">{\"@context\":\"https:\\\/\\\/schema.org\",\"@graph\":[{\"@type\":\"WebPage\",\"@id\":\"https:\\\/\\\/www.lvbe.uha.fr\\\/index.php\\\/actualites\\\/mediatheque\\\/brevet\\\/\",\"url\":\"https:\\\/\\\/www.lvbe.uha.fr\\\/index.php\\\/actualites\\\/mediatheque\\\/brevet\\\/\",\"name\":\"Brevets - LVBE - Laboratoire Vigne, Biotechnologies, Environnement | Universit\u00e9 de Haute-Alsace\",\"isPartOf\":{\"@id\":\"https:\\\/\\\/www.lvbe.uha.fr\\\/#website\"},\"primaryImageOfPage\":{\"@id\":\"https:\\\/\\\/www.lvbe.uha.fr\\\/index.php\\\/actualites\\\/mediatheque\\\/brevet\\\/#primaryimage\"},\"image\":{\"@id\":\"https:\\\/\\\/www.lvbe.uha.fr\\\/index.php\\\/actualites\\\/mediatheque\\\/brevet\\\/#primaryimage\"},\"thumbnailUrl\":\"https:\\\/\\\/www.lvbe.uha.fr\\\/\\\/wp-content\\\/uploads\\\/2018\\\/04\\\/vignes2-1024x161.png\",\"datePublished\":\"2018-04-12T13:09:12+00:00\",\"dateModified\":\"2022-01-18T14:01:02+00:00\",\"breadcrumb\":{\"@id\":\"https:\\\/\\\/www.lvbe.uha.fr\\\/index.php\\\/actualites\\\/mediatheque\\\/brevet\\\/#breadcrumb\"},\"inLanguage\":\"fr-FR\",\"potentialAction\":[{\"@type\":\"ReadAction\",\"target\":[\"https:\\\/\\\/www.lvbe.uha.fr\\\/index.php\\\/actualites\\\/mediatheque\\\/brevet\\\/\"]}]},{\"@type\":\"ImageObject\",\"inLanguage\":\"fr-FR\",\"@id\":\"https:\\\/\\\/www.lvbe.uha.fr\\\/index.php\\\/actualites\\\/mediatheque\\\/brevet\\\/#primaryimage\",\"url\":\"https:\\\/\\\/www.lvbe.uha.fr\\\/\\\/wp-content\\\/uploads\\\/2018\\\/04\\\/vignes2-1024x161.png\",\"contentUrl\":\"https:\\\/\\\/www.lvbe.uha.fr\\\/\\\/wp-content\\\/uploads\\\/2018\\\/04\\\/vignes2-1024x161.png\"},{\"@type\":\"BreadcrumbList\",\"@id\":\"https:\\\/\\\/www.lvbe.uha.fr\\\/index.php\\\/actualites\\\/mediatheque\\\/brevet\\\/#breadcrumb\",\"itemListElement\":[{\"@type\":\"ListItem\",\"position\":1,\"name\":\"Accueil\",\"item\":\"https:\\\/\\\/www.lvbe.uha.fr\\\/\"},{\"@type\":\"ListItem\",\"position\":2,\"name\":\"Grand Public\",\"item\":\"https:\\\/\\\/www.lvbe.uha.fr\\\/index.php\\\/actualites\\\/\"},{\"@type\":\"ListItem\",\"position\":3,\"name\":\"M\u00e9diath\u00e8que\",\"item\":\"https:\\\/\\\/www.lvbe.uha.fr\\\/index.php\\\/actualites\\\/mediatheque\\\/\"},{\"@type\":\"ListItem\",\"position\":4,\"name\":\"Brevets\"}]},{\"@type\":\"WebSite\",\"@id\":\"https:\\\/\\\/www.lvbe.uha.fr\\\/#website\",\"url\":\"https:\\\/\\\/www.lvbe.uha.fr\\\/\",\"name\":\"LVBE - Laboratoire Vigne, Biotechnologies, Environnement | Universit\u00e9 de Haute-Alsace\",\"description\":\"Campus Biop\u00f4le | Universit\u00e9 de Haute-Alsace\",\"potentialAction\":[{\"@type\":\"SearchAction\",\"target\":{\"@type\":\"EntryPoint\",\"urlTemplate\":\"https:\\\/\\\/www.lvbe.uha.fr\\\/?s={search_term_string}\"},\"query-input\":{\"@type\":\"PropertyValueSpecification\",\"valueRequired\":true,\"valueName\":\"search_term_string\"}}],\"inLanguage\":\"fr-FR\"}]}<\/script>\n<!-- \/ Yoast SEO plugin. -->","yoast_head_json":{"title":"Brevets - LVBE - Laboratoire Vigne, Biotechnologies, Environnement | Universit\u00e9 de Haute-Alsace","robots":{"index":"index","follow":"follow","max-snippet":"max-snippet:-1","max-image-preview":"max-image-preview:large","max-video-preview":"max-video-preview:-1"},"canonical":"https:\/\/www.lvbe.uha.fr\/index.php\/actualites\/mediatheque\/brevet\/","og_locale":"fr_FR","og_type":"article","og_title":"Brevets - LVBE - Laboratoire Vigne, Biotechnologies, Environnement | Universit\u00e9 de Haute-Alsace","og_description":"Seules les inventions de nature technique entrent en ligne de compte pour une protection par brevet. Une invention peut \u00eatre un produit, un proc\u00e9d\u00e9 de fabrication ou une technique d&rsquo;ex\u00e9cution. Les d\u00e9couvertes, th\u00e9ories scientifiques, m\u00e9thodes math\u00e9matiques et designs ne sont pas brevetables. Nous avons depuis peu une volont\u00e9 de d\u00e9veloppement industriel, ainsi nous avons d\u00e9pos\u00e9 [&hellip;]","og_url":"https:\/\/www.lvbe.uha.fr\/index.php\/actualites\/mediatheque\/brevet\/","og_site_name":"LVBE - Laboratoire Vigne, Biotechnologies, Environnement | Universit\u00e9 de Haute-Alsace","article_modified_time":"2022-01-18T14:01:02+00:00","og_image":[{"url":"https:\/\/www.lvbe.uha.fr\/\/wp-content\/uploads\/2018\/04\/vignes2-1024x161.png","type":"","width":"","height":""}],"twitter_card":"summary_large_image","twitter_misc":{"Dur\u00e9e de lecture estim\u00e9e":"1 minute"},"schema":{"@context":"https:\/\/schema.org","@graph":[{"@type":"WebPage","@id":"https:\/\/www.lvbe.uha.fr\/index.php\/actualites\/mediatheque\/brevet\/","url":"https:\/\/www.lvbe.uha.fr\/index.php\/actualites\/mediatheque\/brevet\/","name":"Brevets - LVBE - Laboratoire Vigne, Biotechnologies, Environnement | Universit\u00e9 de Haute-Alsace","isPartOf":{"@id":"https:\/\/www.lvbe.uha.fr\/#website"},"primaryImageOfPage":{"@id":"https:\/\/www.lvbe.uha.fr\/index.php\/actualites\/mediatheque\/brevet\/#primaryimage"},"image":{"@id":"https:\/\/www.lvbe.uha.fr\/index.php\/actualites\/mediatheque\/brevet\/#primaryimage"},"thumbnailUrl":"https:\/\/www.lvbe.uha.fr\/\/wp-content\/uploads\/2018\/04\/vignes2-1024x161.png","datePublished":"2018-04-12T13:09:12+00:00","dateModified":"2022-01-18T14:01:02+00:00","breadcrumb":{"@id":"https:\/\/www.lvbe.uha.fr\/index.php\/actualites\/mediatheque\/brevet\/#breadcrumb"},"inLanguage":"fr-FR","potentialAction":[{"@type":"ReadAction","target":["https:\/\/www.lvbe.uha.fr\/index.php\/actualites\/mediatheque\/brevet\/"]}]},{"@type":"ImageObject","inLanguage":"fr-FR","@id":"https:\/\/www.lvbe.uha.fr\/index.php\/actualites\/mediatheque\/brevet\/#primaryimage","url":"https:\/\/www.lvbe.uha.fr\/\/wp-content\/uploads\/2018\/04\/vignes2-1024x161.png","contentUrl":"https:\/\/www.lvbe.uha.fr\/\/wp-content\/uploads\/2018\/04\/vignes2-1024x161.png"},{"@type":"BreadcrumbList","@id":"https:\/\/www.lvbe.uha.fr\/index.php\/actualites\/mediatheque\/brevet\/#breadcrumb","itemListElement":[{"@type":"ListItem","position":1,"name":"Accueil","item":"https:\/\/www.lvbe.uha.fr\/"},{"@type":"ListItem","position":2,"name":"Grand Public","item":"https:\/\/www.lvbe.uha.fr\/index.php\/actualites\/"},{"@type":"ListItem","position":3,"name":"M\u00e9diath\u00e8que","item":"https:\/\/www.lvbe.uha.fr\/index.php\/actualites\/mediatheque\/"},{"@type":"ListItem","position":4,"name":"Brevets"}]},{"@type":"WebSite","@id":"https:\/\/www.lvbe.uha.fr\/#website","url":"https:\/\/www.lvbe.uha.fr\/","name":"LVBE - Laboratoire Vigne, Biotechnologies, Environnement | Universit\u00e9 de Haute-Alsace","description":"Campus Biop\u00f4le | Universit\u00e9 de Haute-Alsace","potentialAction":[{"@type":"SearchAction","target":{"@type":"EntryPoint","urlTemplate":"https:\/\/www.lvbe.uha.fr\/?s={search_term_string}"},"query-input":{"@type":"PropertyValueSpecification","valueRequired":true,"valueName":"search_term_string"}}],"inLanguage":"fr-FR"}]}},"_links":{"self":[{"href":"https:\/\/www.lvbe.uha.fr\/index.php\/wp-json\/wp\/v2\/pages\/672","targetHints":{"allow":["GET"]}}],"collection":[{"href":"https:\/\/www.lvbe.uha.fr\/index.php\/wp-json\/wp\/v2\/pages"}],"about":[{"href":"https:\/\/www.lvbe.uha.fr\/index.php\/wp-json\/wp\/v2\/types\/page"}],"author":[{"embeddable":true,"href":"https:\/\/www.lvbe.uha.fr\/index.php\/wp-json\/wp\/v2\/users\/2"}],"replies":[{"embeddable":true,"href":"https:\/\/www.lvbe.uha.fr\/index.php\/wp-json\/wp\/v2\/comments?post=672"}],"version-history":[{"count":10,"href":"https:\/\/www.lvbe.uha.fr\/index.php\/wp-json\/wp\/v2\/pages\/672\/revisions"}],"predecessor-version":[{"id":3572,"href":"https:\/\/www.lvbe.uha.fr\/index.php\/wp-json\/wp\/v2\/pages\/672\/revisions\/3572"}],"up":[{"embeddable":true,"href":"https:\/\/www.lvbe.uha.fr\/index.php\/wp-json\/wp\/v2\/pages\/582"}],"wp:attachment":[{"href":"https:\/\/www.lvbe.uha.fr\/index.php\/wp-json\/wp\/v2\/media?parent=672"}],"curies":[{"name":"wp","href":"https:\/\/api.w.org\/{rel}","templated":true}]}}