{"id":59,"date":"2018-04-06T14:47:00","date_gmt":"2018-04-06T12:47:00","guid":{"rendered":"https:\/\/www.lvbe.uha.fr\/\/?page_id=59"},"modified":"2022-03-04T10:29:21","modified_gmt":"2022-03-04T09:29:21","slug":"dr-karine-bergeault","status":"publish","type":"page","link":"https:\/\/www.lvbe.uha.fr\/index.php\/equipe\/docteurs-es-sciences-formes-au-lvbe\/dr-karine-bergeault\/","title":{"rendered":"Dr. Karine BERGEAULT"},"content":{"rendered":"<h2>Identification de deux g\u00e8nes NPR1chez les VITACEAE, analyse de leur diversit\u00e9 de s\u00e9quences et interactions avec les facteurs de transcription VvTGA.<\/h2>\n<p>Soutenue en novembre 2010<br \/>\nSous la direction de Bernard WALTER<\/p>\n<p>La vigne est soumise \u00e0 de nombreuses maladies impliquant l&rsquo;utilisation de produits phytosanitaires en grande quantit\u00e9 dont l&rsquo;utilisation est n\u00e9faste pour l&rsquo;environnement et la sant\u00e9 des utilisateurs. Un enjeu est donc de d\u00e9velopper des m\u00e9thodes alternatives \u00e0 la lutte chimique. La prot\u00e9ine cod\u00e9e par le g\u00e8ne NPR1 (Nonexpressor of pathogenesis-related gene 1) joue un r\u00f4le clef dans la r\u00e9sistance \u00e0 large spectre chez les plantes. Des \u00e9liciteurs tels que l&rsquo;acide salicylique ou des agents pathog\u00e8nes influencent l&rsquo;activation de NPR1 dans le cytoplasme. La translocation de NPRl dans le noyau et son interaction avec des facteurs de transcription TGA induit l&rsquo;expression des g\u00e8nes PR (Pathogenesis-related). Nous avons identifi\u00e9 sept homologues potentiels des g\u00e8nes NPR1 et TGA chez Vitis vinifera (VvNPR1.1, VvNPR1.2, VvTGA1 \u00e0 5). L&rsquo;\u00e9tude de la diversit\u00e9 de s\u00e9quences dans les exons de 15 accessions de Vitaceae indique qu&rsquo;ils sont soumis \u00e0 une forte pression de s\u00e9lection purificatrice. De plus, l&rsquo;analyse in silico des r\u00e9gions promotrices des VvNPR1 montre la pr\u00e9sence, d&rsquo;\u00e9l\u00e9ments cis-r\u00e9gulateurs potentiels, en r\u00e9ponse aux stress biotiques et abiotiques ainsi que des motifs de liaison \u00e0 des facteurs de transcription. Une \u00e9tude plus pouss\u00e9e des introns montre quelques \u00e9l\u00e9ments transposables et un faible polymorphisme dans six accessions de Vitis vinifera. Ces r\u00e9sultats argumentent en faveur d&rsquo;une pression de s\u00e9lection forte agissant sur ces g\u00e8nes. Ceci nous a men\u00e9 \u00e0 formuler des hypoth\u00e8ses fonctionnelles et \u00e0 r\u00e9aliser une \u00e9tude d&rsquo;interaction avec les facteurs de transcription VvTGA1 et VvTGA4 par la technique du double hybride. Ces derniers n&rsquo;interagissent pas avec VvNPR 1.1.<\/p>\n","protected":false},"excerpt":{"rendered":"<p>Identification de deux g\u00e8nes NPR1chez les VITACEAE, analyse de leur diversit\u00e9 de s\u00e9quences et interactions avec les facteurs de transcription VvTGA. Soutenue en novembre 2010 Sous la direction de Bernard WALTER La vigne est soumise \u00e0 de nombreuses maladies impliquant l&rsquo;utilisation de produits phytosanitaires en grande quantit\u00e9 dont l&rsquo;utilisation est n\u00e9faste pour l&rsquo;environnement et la [&hellip;]<\/p>\n","protected":false},"author":2,"featured_media":0,"parent":1763,"menu_order":0,"comment_status":"closed","ping_status":"closed","template":"","meta":{"footnotes":""},"class_list":["post-59","page","type-page","status-publish","hentry"],"yoast_head":"<!-- This site is optimized with the Yoast SEO plugin v27.4 - https:\/\/yoast.com\/product\/yoast-seo-wordpress\/ -->\n<title>Dr. Karine BERGEAULT - LVBE - Laboratoire Vigne, Biotechnologies, Environnement | Universit\u00e9 de Haute-Alsace<\/title>\n<meta name=\"robots\" content=\"index, follow, max-snippet:-1, max-image-preview:large, max-video-preview:-1\" \/>\n<link rel=\"canonical\" href=\"https:\/\/www.lvbe.uha.fr\/index.php\/equipe\/docteurs-es-sciences-formes-au-lvbe\/dr-karine-bergeault\/\" \/>\n<meta property=\"og:locale\" content=\"fr_FR\" \/>\n<meta property=\"og:type\" content=\"article\" \/>\n<meta property=\"og:title\" content=\"Dr. Karine BERGEAULT - LVBE - Laboratoire Vigne, Biotechnologies, Environnement | Universit\u00e9 de Haute-Alsace\" \/>\n<meta property=\"og:description\" content=\"Identification de deux g\u00e8nes NPR1chez les VITACEAE, analyse de leur diversit\u00e9 de s\u00e9quences et interactions avec les facteurs de transcription VvTGA. Soutenue en novembre 2010 Sous la direction de Bernard WALTER La vigne est soumise \u00e0 de nombreuses maladies impliquant l&rsquo;utilisation de produits phytosanitaires en grande quantit\u00e9 dont l&rsquo;utilisation est n\u00e9faste pour l&rsquo;environnement et la [&hellip;]\" \/>\n<meta property=\"og:url\" content=\"https:\/\/www.lvbe.uha.fr\/index.php\/equipe\/docteurs-es-sciences-formes-au-lvbe\/dr-karine-bergeault\/\" \/>\n<meta property=\"og:site_name\" content=\"LVBE - Laboratoire Vigne, Biotechnologies, Environnement | Universit\u00e9 de Haute-Alsace\" \/>\n<meta property=\"article:modified_time\" content=\"2022-03-04T09:29:21+00:00\" \/>\n<meta name=\"twitter:card\" content=\"summary_large_image\" \/>\n<meta name=\"twitter:label1\" content=\"Dur\u00e9e de lecture estim\u00e9e\" \/>\n\t<meta name=\"twitter:data1\" content=\"2 minutes\" \/>\n<script type=\"application\/ld+json\" class=\"yoast-schema-graph\">{\"@context\":\"https:\\\/\\\/schema.org\",\"@graph\":[{\"@type\":\"WebPage\",\"@id\":\"https:\\\/\\\/www.lvbe.uha.fr\\\/index.php\\\/equipe\\\/docteurs-es-sciences-formes-au-lvbe\\\/dr-karine-bergeault\\\/\",\"url\":\"https:\\\/\\\/www.lvbe.uha.fr\\\/index.php\\\/equipe\\\/docteurs-es-sciences-formes-au-lvbe\\\/dr-karine-bergeault\\\/\",\"name\":\"Dr. Karine BERGEAULT - LVBE - Laboratoire Vigne, Biotechnologies, Environnement | Universit\u00e9 de Haute-Alsace\",\"isPartOf\":{\"@id\":\"https:\\\/\\\/www.lvbe.uha.fr\\\/#website\"},\"datePublished\":\"2018-04-06T12:47:00+00:00\",\"dateModified\":\"2022-03-04T09:29:21+00:00\",\"breadcrumb\":{\"@id\":\"https:\\\/\\\/www.lvbe.uha.fr\\\/index.php\\\/equipe\\\/docteurs-es-sciences-formes-au-lvbe\\\/dr-karine-bergeault\\\/#breadcrumb\"},\"inLanguage\":\"fr-FR\",\"potentialAction\":[{\"@type\":\"ReadAction\",\"target\":[\"https:\\\/\\\/www.lvbe.uha.fr\\\/index.php\\\/equipe\\\/docteurs-es-sciences-formes-au-lvbe\\\/dr-karine-bergeault\\\/\"]}]},{\"@type\":\"BreadcrumbList\",\"@id\":\"https:\\\/\\\/www.lvbe.uha.fr\\\/index.php\\\/equipe\\\/docteurs-es-sciences-formes-au-lvbe\\\/dr-karine-bergeault\\\/#breadcrumb\",\"itemListElement\":[{\"@type\":\"ListItem\",\"position\":1,\"name\":\"Accueil\",\"item\":\"https:\\\/\\\/www.lvbe.uha.fr\\\/\"},{\"@type\":\"ListItem\",\"position\":2,\"name\":\"\u00c9quipe\",\"item\":\"https:\\\/\\\/www.lvbe.uha.fr\\\/index.php\\\/equipe\\\/\"},{\"@type\":\"ListItem\",\"position\":3,\"name\":\"Docteurs \u00e8s sciences form\u00e9s au LVBE\",\"item\":\"https:\\\/\\\/www.lvbe.uha.fr\\\/index.php\\\/equipe\\\/docteurs-es-sciences-formes-au-lvbe\\\/\"},{\"@type\":\"ListItem\",\"position\":4,\"name\":\"Dr. Karine BERGEAULT\"}]},{\"@type\":\"WebSite\",\"@id\":\"https:\\\/\\\/www.lvbe.uha.fr\\\/#website\",\"url\":\"https:\\\/\\\/www.lvbe.uha.fr\\\/\",\"name\":\"LVBE - Laboratoire Vigne, Biotechnologies, Environnement | Universit\u00e9 de Haute-Alsace\",\"description\":\"Campus Biop\u00f4le | Universit\u00e9 de Haute-Alsace\",\"potentialAction\":[{\"@type\":\"SearchAction\",\"target\":{\"@type\":\"EntryPoint\",\"urlTemplate\":\"https:\\\/\\\/www.lvbe.uha.fr\\\/?s={search_term_string}\"},\"query-input\":{\"@type\":\"PropertyValueSpecification\",\"valueRequired\":true,\"valueName\":\"search_term_string\"}}],\"inLanguage\":\"fr-FR\"}]}<\/script>\n<!-- \/ Yoast SEO plugin. -->","yoast_head_json":{"title":"Dr. Karine BERGEAULT - LVBE - Laboratoire Vigne, Biotechnologies, Environnement | Universit\u00e9 de Haute-Alsace","robots":{"index":"index","follow":"follow","max-snippet":"max-snippet:-1","max-image-preview":"max-image-preview:large","max-video-preview":"max-video-preview:-1"},"canonical":"https:\/\/www.lvbe.uha.fr\/index.php\/equipe\/docteurs-es-sciences-formes-au-lvbe\/dr-karine-bergeault\/","og_locale":"fr_FR","og_type":"article","og_title":"Dr. Karine BERGEAULT - LVBE - Laboratoire Vigne, Biotechnologies, Environnement | Universit\u00e9 de Haute-Alsace","og_description":"Identification de deux g\u00e8nes NPR1chez les VITACEAE, analyse de leur diversit\u00e9 de s\u00e9quences et interactions avec les facteurs de transcription VvTGA. Soutenue en novembre 2010 Sous la direction de Bernard WALTER La vigne est soumise \u00e0 de nombreuses maladies impliquant l&rsquo;utilisation de produits phytosanitaires en grande quantit\u00e9 dont l&rsquo;utilisation est n\u00e9faste pour l&rsquo;environnement et la [&hellip;]","og_url":"https:\/\/www.lvbe.uha.fr\/index.php\/equipe\/docteurs-es-sciences-formes-au-lvbe\/dr-karine-bergeault\/","og_site_name":"LVBE - Laboratoire Vigne, Biotechnologies, Environnement | Universit\u00e9 de Haute-Alsace","article_modified_time":"2022-03-04T09:29:21+00:00","twitter_card":"summary_large_image","twitter_misc":{"Dur\u00e9e de lecture estim\u00e9e":"2 minutes"},"schema":{"@context":"https:\/\/schema.org","@graph":[{"@type":"WebPage","@id":"https:\/\/www.lvbe.uha.fr\/index.php\/equipe\/docteurs-es-sciences-formes-au-lvbe\/dr-karine-bergeault\/","url":"https:\/\/www.lvbe.uha.fr\/index.php\/equipe\/docteurs-es-sciences-formes-au-lvbe\/dr-karine-bergeault\/","name":"Dr. Karine BERGEAULT - LVBE - Laboratoire Vigne, Biotechnologies, Environnement | Universit\u00e9 de Haute-Alsace","isPartOf":{"@id":"https:\/\/www.lvbe.uha.fr\/#website"},"datePublished":"2018-04-06T12:47:00+00:00","dateModified":"2022-03-04T09:29:21+00:00","breadcrumb":{"@id":"https:\/\/www.lvbe.uha.fr\/index.php\/equipe\/docteurs-es-sciences-formes-au-lvbe\/dr-karine-bergeault\/#breadcrumb"},"inLanguage":"fr-FR","potentialAction":[{"@type":"ReadAction","target":["https:\/\/www.lvbe.uha.fr\/index.php\/equipe\/docteurs-es-sciences-formes-au-lvbe\/dr-karine-bergeault\/"]}]},{"@type":"BreadcrumbList","@id":"https:\/\/www.lvbe.uha.fr\/index.php\/equipe\/docteurs-es-sciences-formes-au-lvbe\/dr-karine-bergeault\/#breadcrumb","itemListElement":[{"@type":"ListItem","position":1,"name":"Accueil","item":"https:\/\/www.lvbe.uha.fr\/"},{"@type":"ListItem","position":2,"name":"\u00c9quipe","item":"https:\/\/www.lvbe.uha.fr\/index.php\/equipe\/"},{"@type":"ListItem","position":3,"name":"Docteurs \u00e8s sciences form\u00e9s au LVBE","item":"https:\/\/www.lvbe.uha.fr\/index.php\/equipe\/docteurs-es-sciences-formes-au-lvbe\/"},{"@type":"ListItem","position":4,"name":"Dr. Karine BERGEAULT"}]},{"@type":"WebSite","@id":"https:\/\/www.lvbe.uha.fr\/#website","url":"https:\/\/www.lvbe.uha.fr\/","name":"LVBE - Laboratoire Vigne, Biotechnologies, Environnement | Universit\u00e9 de Haute-Alsace","description":"Campus Biop\u00f4le | Universit\u00e9 de Haute-Alsace","potentialAction":[{"@type":"SearchAction","target":{"@type":"EntryPoint","urlTemplate":"https:\/\/www.lvbe.uha.fr\/?s={search_term_string}"},"query-input":{"@type":"PropertyValueSpecification","valueRequired":true,"valueName":"search_term_string"}}],"inLanguage":"fr-FR"}]}},"_links":{"self":[{"href":"https:\/\/www.lvbe.uha.fr\/index.php\/wp-json\/wp\/v2\/pages\/59","targetHints":{"allow":["GET"]}}],"collection":[{"href":"https:\/\/www.lvbe.uha.fr\/index.php\/wp-json\/wp\/v2\/pages"}],"about":[{"href":"https:\/\/www.lvbe.uha.fr\/index.php\/wp-json\/wp\/v2\/types\/page"}],"author":[{"embeddable":true,"href":"https:\/\/www.lvbe.uha.fr\/index.php\/wp-json\/wp\/v2\/users\/2"}],"replies":[{"embeddable":true,"href":"https:\/\/www.lvbe.uha.fr\/index.php\/wp-json\/wp\/v2\/comments?post=59"}],"version-history":[{"count":9,"href":"https:\/\/www.lvbe.uha.fr\/index.php\/wp-json\/wp\/v2\/pages\/59\/revisions"}],"predecessor-version":[{"id":3594,"href":"https:\/\/www.lvbe.uha.fr\/index.php\/wp-json\/wp\/v2\/pages\/59\/revisions\/3594"}],"up":[{"embeddable":true,"href":"https:\/\/www.lvbe.uha.fr\/index.php\/wp-json\/wp\/v2\/pages\/1763"}],"wp:attachment":[{"href":"https:\/\/www.lvbe.uha.fr\/index.php\/wp-json\/wp\/v2\/media?parent=59"}],"curies":[{"name":"wp","href":"https:\/\/api.w.org\/{rel}","templated":true}]}}