{"id":582,"date":"2018-04-12T10:07:23","date_gmt":"2018-04-12T08:07:23","guid":{"rendered":"https:\/\/www.lvbe.uha.fr\/\/?page_id=582"},"modified":"2019-12-09T22:29:42","modified_gmt":"2019-12-09T21:29:42","slug":"mediatheque","status":"publish","type":"page","link":"https:\/\/www.lvbe.uha.fr\/index.php\/actualites\/mediatheque\/","title":{"rendered":"M\u00e9diath\u00e8que"},"content":{"rendered":"<p><img loading=\"lazy\" decoding=\"async\" class=\"alignright wp-image-1509\" src=\"https:\/\/www.lvbe.uha.fr\/\/wp-content\/uploads\/2018\/05\/7B502F49-BB26-4C59-913E-2A3E5E4AF3F9-768x1024.jpeg\" alt=\"Biblioth\u00e8que colmar universitaire\" width=\"500\" height=\"667\" srcset=\"https:\/\/www.lvbe.uha.fr\/wp-content\/uploads\/2018\/05\/7B502F49-BB26-4C59-913E-2A3E5E4AF3F9-768x1024.jpeg 768w, https:\/\/www.lvbe.uha.fr\/wp-content\/uploads\/2018\/05\/7B502F49-BB26-4C59-913E-2A3E5E4AF3F9-225x300.jpeg 225w\" sizes=\"auto, (max-width: 500px) 100vw, 500px\" \/><\/p>\n<p>Dans le cadre de nos activit\u00e9s de recherche nous sommes r\u00e9guli\u00e8rement invit\u00e9s par la presse pour exposer nos travaux, cet exercice int\u00e9ressant n\u00e9cessite un effort de vulgarisation.<\/p>\n<ul>\n<li><a href=\"https:\/\/www.lvbe.uha.fr\/\/index.php\/actualites\/mediatheque\/livres\/\">Livres<\/a><\/li>\n<li><a href=\"https:\/\/www.lvbe.uha.fr\/\/index.php\/actualites\/mediatheque\/brevet\/\">Brevets<\/a><\/li>\n<li><a href=\"https:\/\/www.lvbe.uha.fr\/\/index.php\/category\/actualites\/on-parle-de-nous\/\">On parle de nous<\/a><\/li>\n<\/ul>\n<p style=\"text-align: right;\">Vue int\u00e9rieure de la Biblioth\u00e8que Universitaire de Colmar<\/p>\n","protected":false},"excerpt":{"rendered":"<p>Dans le cadre de nos activit\u00e9s de recherche nous sommes r\u00e9guli\u00e8rement invit\u00e9s par la presse pour exposer nos travaux, cet exercice int\u00e9ressant n\u00e9cessite un effort de vulgarisation. Livres Brevets On parle de nous Vue int\u00e9rieure de la Biblioth\u00e8que Universitaire de Colmar<\/p>\n","protected":false},"author":2,"featured_media":1509,"parent":559,"menu_order":3,"comment_status":"closed","ping_status":"closed","template":"","meta":{"footnotes":""},"class_list":["post-582","page","type-page","status-publish","has-post-thumbnail","hentry"],"yoast_head":"<!-- This site is optimized with the Yoast SEO plugin v27.4 - https:\/\/yoast.com\/product\/yoast-seo-wordpress\/ -->\n<title>M\u00e9diath\u00e8que - LVBE - Laboratoire Vigne, Biotechnologies, Environnement | Universit\u00e9 de Haute-Alsace<\/title>\n<meta name=\"robots\" content=\"index, follow, max-snippet:-1, max-image-preview:large, max-video-preview:-1\" \/>\n<link rel=\"canonical\" href=\"https:\/\/www.lvbe.uha.fr\/index.php\/actualites\/mediatheque\/\" \/>\n<meta property=\"og:locale\" content=\"fr_FR\" \/>\n<meta property=\"og:type\" content=\"article\" \/>\n<meta property=\"og:title\" content=\"M\u00e9diath\u00e8que - LVBE - Laboratoire Vigne, Biotechnologies, Environnement | Universit\u00e9 de Haute-Alsace\" \/>\n<meta property=\"og:description\" content=\"Dans le cadre de nos activit\u00e9s de recherche nous sommes r\u00e9guli\u00e8rement invit\u00e9s par la presse pour exposer nos travaux, cet exercice int\u00e9ressant n\u00e9cessite un effort de vulgarisation. Livres Brevets On parle de nous Vue int\u00e9rieure de la Biblioth\u00e8que Universitaire de Colmar\" \/>\n<meta property=\"og:url\" content=\"https:\/\/www.lvbe.uha.fr\/index.php\/actualites\/mediatheque\/\" \/>\n<meta property=\"og:site_name\" content=\"LVBE - Laboratoire Vigne, Biotechnologies, Environnement | Universit\u00e9 de Haute-Alsace\" \/>\n<meta property=\"article:modified_time\" content=\"2019-12-09T21:29:42+00:00\" \/>\n<meta property=\"og:image\" content=\"https:\/\/www.lvbe.uha.fr\/wp-content\/uploads\/2018\/05\/7B502F49-BB26-4C59-913E-2A3E5E4AF3F9-768x1024.jpeg\" \/>\n\t<meta property=\"og:image:width\" content=\"768\" \/>\n\t<meta property=\"og:image:height\" content=\"1024\" \/>\n\t<meta property=\"og:image:type\" content=\"image\/jpeg\" \/>\n<meta name=\"twitter:card\" content=\"summary_large_image\" \/>\n<meta name=\"twitter:label1\" content=\"Dur\u00e9e de lecture estim\u00e9e\" \/>\n\t<meta name=\"twitter:data1\" content=\"1 minute\" \/>\n<script type=\"application\/ld+json\" class=\"yoast-schema-graph\">{\"@context\":\"https:\\\/\\\/schema.org\",\"@graph\":[{\"@type\":\"WebPage\",\"@id\":\"https:\\\/\\\/www.lvbe.uha.fr\\\/index.php\\\/actualites\\\/mediatheque\\\/\",\"url\":\"https:\\\/\\\/www.lvbe.uha.fr\\\/index.php\\\/actualites\\\/mediatheque\\\/\",\"name\":\"M\u00e9diath\u00e8que - LVBE - Laboratoire Vigne, Biotechnologies, Environnement | Universit\u00e9 de Haute-Alsace\",\"isPartOf\":{\"@id\":\"https:\\\/\\\/www.lvbe.uha.fr\\\/#website\"},\"primaryImageOfPage\":{\"@id\":\"https:\\\/\\\/www.lvbe.uha.fr\\\/index.php\\\/actualites\\\/mediatheque\\\/#primaryimage\"},\"image\":{\"@id\":\"https:\\\/\\\/www.lvbe.uha.fr\\\/index.php\\\/actualites\\\/mediatheque\\\/#primaryimage\"},\"thumbnailUrl\":\"https:\\\/\\\/www.lvbe.uha.fr\\\/wp-content\\\/uploads\\\/2018\\\/05\\\/7B502F49-BB26-4C59-913E-2A3E5E4AF3F9.jpeg\",\"datePublished\":\"2018-04-12T08:07:23+00:00\",\"dateModified\":\"2019-12-09T21:29:42+00:00\",\"breadcrumb\":{\"@id\":\"https:\\\/\\\/www.lvbe.uha.fr\\\/index.php\\\/actualites\\\/mediatheque\\\/#breadcrumb\"},\"inLanguage\":\"fr-FR\",\"potentialAction\":[{\"@type\":\"ReadAction\",\"target\":[\"https:\\\/\\\/www.lvbe.uha.fr\\\/index.php\\\/actualites\\\/mediatheque\\\/\"]}]},{\"@type\":\"ImageObject\",\"inLanguage\":\"fr-FR\",\"@id\":\"https:\\\/\\\/www.lvbe.uha.fr\\\/index.php\\\/actualites\\\/mediatheque\\\/#primaryimage\",\"url\":\"https:\\\/\\\/www.lvbe.uha.fr\\\/wp-content\\\/uploads\\\/2018\\\/05\\\/7B502F49-BB26-4C59-913E-2A3E5E4AF3F9.jpeg\",\"contentUrl\":\"https:\\\/\\\/www.lvbe.uha.fr\\\/wp-content\\\/uploads\\\/2018\\\/05\\\/7B502F49-BB26-4C59-913E-2A3E5E4AF3F9.jpeg\",\"width\":2448,\"height\":3264,\"caption\":\"Biblioth\u00e8que colmar universitaire\"},{\"@type\":\"BreadcrumbList\",\"@id\":\"https:\\\/\\\/www.lvbe.uha.fr\\\/index.php\\\/actualites\\\/mediatheque\\\/#breadcrumb\",\"itemListElement\":[{\"@type\":\"ListItem\",\"position\":1,\"name\":\"Accueil\",\"item\":\"https:\\\/\\\/www.lvbe.uha.fr\\\/\"},{\"@type\":\"ListItem\",\"position\":2,\"name\":\"Grand Public\",\"item\":\"https:\\\/\\\/www.lvbe.uha.fr\\\/index.php\\\/actualites\\\/\"},{\"@type\":\"ListItem\",\"position\":3,\"name\":\"M\u00e9diath\u00e8que\"}]},{\"@type\":\"WebSite\",\"@id\":\"https:\\\/\\\/www.lvbe.uha.fr\\\/#website\",\"url\":\"https:\\\/\\\/www.lvbe.uha.fr\\\/\",\"name\":\"LVBE - Laboratoire Vigne, Biotechnologies, Environnement | Universit\u00e9 de Haute-Alsace\",\"description\":\"Campus Biop\u00f4le | Universit\u00e9 de Haute-Alsace\",\"potentialAction\":[{\"@type\":\"SearchAction\",\"target\":{\"@type\":\"EntryPoint\",\"urlTemplate\":\"https:\\\/\\\/www.lvbe.uha.fr\\\/?s={search_term_string}\"},\"query-input\":{\"@type\":\"PropertyValueSpecification\",\"valueRequired\":true,\"valueName\":\"search_term_string\"}}],\"inLanguage\":\"fr-FR\"}]}<\/script>\n<!-- \/ Yoast SEO plugin. -->","yoast_head_json":{"title":"M\u00e9diath\u00e8que - LVBE - Laboratoire Vigne, Biotechnologies, Environnement | Universit\u00e9 de Haute-Alsace","robots":{"index":"index","follow":"follow","max-snippet":"max-snippet:-1","max-image-preview":"max-image-preview:large","max-video-preview":"max-video-preview:-1"},"canonical":"https:\/\/www.lvbe.uha.fr\/index.php\/actualites\/mediatheque\/","og_locale":"fr_FR","og_type":"article","og_title":"M\u00e9diath\u00e8que - LVBE - Laboratoire Vigne, Biotechnologies, Environnement | Universit\u00e9 de Haute-Alsace","og_description":"Dans le cadre de nos activit\u00e9s de recherche nous sommes r\u00e9guli\u00e8rement invit\u00e9s par la presse pour exposer nos travaux, cet exercice int\u00e9ressant n\u00e9cessite un effort de vulgarisation. Livres Brevets On parle de nous Vue int\u00e9rieure de la Biblioth\u00e8que Universitaire de Colmar","og_url":"https:\/\/www.lvbe.uha.fr\/index.php\/actualites\/mediatheque\/","og_site_name":"LVBE - Laboratoire Vigne, Biotechnologies, Environnement | Universit\u00e9 de Haute-Alsace","article_modified_time":"2019-12-09T21:29:42+00:00","og_image":[{"width":768,"height":1024,"url":"https:\/\/www.lvbe.uha.fr\/wp-content\/uploads\/2018\/05\/7B502F49-BB26-4C59-913E-2A3E5E4AF3F9-768x1024.jpeg","type":"image\/jpeg"}],"twitter_card":"summary_large_image","twitter_misc":{"Dur\u00e9e de lecture estim\u00e9e":"1 minute"},"schema":{"@context":"https:\/\/schema.org","@graph":[{"@type":"WebPage","@id":"https:\/\/www.lvbe.uha.fr\/index.php\/actualites\/mediatheque\/","url":"https:\/\/www.lvbe.uha.fr\/index.php\/actualites\/mediatheque\/","name":"M\u00e9diath\u00e8que - LVBE - Laboratoire Vigne, Biotechnologies, Environnement | Universit\u00e9 de Haute-Alsace","isPartOf":{"@id":"https:\/\/www.lvbe.uha.fr\/#website"},"primaryImageOfPage":{"@id":"https:\/\/www.lvbe.uha.fr\/index.php\/actualites\/mediatheque\/#primaryimage"},"image":{"@id":"https:\/\/www.lvbe.uha.fr\/index.php\/actualites\/mediatheque\/#primaryimage"},"thumbnailUrl":"https:\/\/www.lvbe.uha.fr\/wp-content\/uploads\/2018\/05\/7B502F49-BB26-4C59-913E-2A3E5E4AF3F9.jpeg","datePublished":"2018-04-12T08:07:23+00:00","dateModified":"2019-12-09T21:29:42+00:00","breadcrumb":{"@id":"https:\/\/www.lvbe.uha.fr\/index.php\/actualites\/mediatheque\/#breadcrumb"},"inLanguage":"fr-FR","potentialAction":[{"@type":"ReadAction","target":["https:\/\/www.lvbe.uha.fr\/index.php\/actualites\/mediatheque\/"]}]},{"@type":"ImageObject","inLanguage":"fr-FR","@id":"https:\/\/www.lvbe.uha.fr\/index.php\/actualites\/mediatheque\/#primaryimage","url":"https:\/\/www.lvbe.uha.fr\/wp-content\/uploads\/2018\/05\/7B502F49-BB26-4C59-913E-2A3E5E4AF3F9.jpeg","contentUrl":"https:\/\/www.lvbe.uha.fr\/wp-content\/uploads\/2018\/05\/7B502F49-BB26-4C59-913E-2A3E5E4AF3F9.jpeg","width":2448,"height":3264,"caption":"Biblioth\u00e8que colmar universitaire"},{"@type":"BreadcrumbList","@id":"https:\/\/www.lvbe.uha.fr\/index.php\/actualites\/mediatheque\/#breadcrumb","itemListElement":[{"@type":"ListItem","position":1,"name":"Accueil","item":"https:\/\/www.lvbe.uha.fr\/"},{"@type":"ListItem","position":2,"name":"Grand Public","item":"https:\/\/www.lvbe.uha.fr\/index.php\/actualites\/"},{"@type":"ListItem","position":3,"name":"M\u00e9diath\u00e8que"}]},{"@type":"WebSite","@id":"https:\/\/www.lvbe.uha.fr\/#website","url":"https:\/\/www.lvbe.uha.fr\/","name":"LVBE - Laboratoire Vigne, Biotechnologies, Environnement | Universit\u00e9 de Haute-Alsace","description":"Campus Biop\u00f4le | Universit\u00e9 de Haute-Alsace","potentialAction":[{"@type":"SearchAction","target":{"@type":"EntryPoint","urlTemplate":"https:\/\/www.lvbe.uha.fr\/?s={search_term_string}"},"query-input":{"@type":"PropertyValueSpecification","valueRequired":true,"valueName":"search_term_string"}}],"inLanguage":"fr-FR"}]}},"_links":{"self":[{"href":"https:\/\/www.lvbe.uha.fr\/index.php\/wp-json\/wp\/v2\/pages\/582","targetHints":{"allow":["GET"]}}],"collection":[{"href":"https:\/\/www.lvbe.uha.fr\/index.php\/wp-json\/wp\/v2\/pages"}],"about":[{"href":"https:\/\/www.lvbe.uha.fr\/index.php\/wp-json\/wp\/v2\/types\/page"}],"author":[{"embeddable":true,"href":"https:\/\/www.lvbe.uha.fr\/index.php\/wp-json\/wp\/v2\/users\/2"}],"replies":[{"embeddable":true,"href":"https:\/\/www.lvbe.uha.fr\/index.php\/wp-json\/wp\/v2\/comments?post=582"}],"version-history":[{"count":28,"href":"https:\/\/www.lvbe.uha.fr\/index.php\/wp-json\/wp\/v2\/pages\/582\/revisions"}],"predecessor-version":[{"id":4801,"href":"https:\/\/www.lvbe.uha.fr\/index.php\/wp-json\/wp\/v2\/pages\/582\/revisions\/4801"}],"up":[{"embeddable":true,"href":"https:\/\/www.lvbe.uha.fr\/index.php\/wp-json\/wp\/v2\/pages\/559"}],"wp:featuredmedia":[{"embeddable":true,"href":"https:\/\/www.lvbe.uha.fr\/index.php\/wp-json\/wp\/v2\/media\/1509"}],"wp:attachment":[{"href":"https:\/\/www.lvbe.uha.fr\/index.php\/wp-json\/wp\/v2\/media?parent=582"}],"curies":[{"name":"wp","href":"https:\/\/api.w.org\/{rel}","templated":true}]}}