{"id":559,"date":"2018-04-12T09:05:45","date_gmt":"2018-04-12T07:05:45","guid":{"rendered":"https:\/\/www.lvbe.uha.fr\/\/?page_id=559"},"modified":"2019-12-21T07:50:56","modified_gmt":"2019-12-21T06:50:56","slug":"actualites","status":"publish","type":"page","link":"https:\/\/www.lvbe.uha.fr\/index.php\/actualites\/","title":{"rendered":"Grand Public"},"content":{"rendered":"<p><img loading=\"lazy\" decoding=\"async\" class=\"aligncenter size-full wp-image-368\" src=\"https:\/\/www.lvbe.uha.fr\/\/wp-content\/uploads\/2018\/04\/fil-chronologique.png\" alt=\"\" width=\"1912\" height=\"300\" srcset=\"https:\/\/www.lvbe.uha.fr\/wp-content\/uploads\/2018\/04\/fil-chronologique.png 1912w, https:\/\/www.lvbe.uha.fr\/wp-content\/uploads\/2018\/04\/fil-chronologique-300x47.png 300w, https:\/\/www.lvbe.uha.fr\/wp-content\/uploads\/2018\/04\/fil-chronologique-768x121.png 768w, https:\/\/www.lvbe.uha.fr\/wp-content\/uploads\/2018\/04\/fil-chronologique-1024x161.png 1024w\" sizes=\"auto, (max-width: 1912px) 100vw, 1912px\" \/><\/p>\n<p>Vous trouverez ici des informations en lien avec nos recherches et destin\u00e9es au grand public c&rsquo;est-\u00e0-dire pour tous les curieux de sciences.<\/p>\n<ul>\n<li><a href=\"https:\/\/www.lvbe.uha.fr\/\/index.php\/category\/actualites\/\">Actualit\u00e9s<\/a><\/li>\n<li><a href=\"https:\/\/www.lvbe.uha.fr\/\/index.php\/actualites\/mediatheque\/\">M\u00e9diath\u00e8que<\/a><\/li>\n<li><a href=\"https:\/\/www.lvbe.uha.fr\/\/index.php\/actualites\/liens-utiles\/\">Liens utiles<\/a><\/li>\n<\/ul>\n","protected":false},"excerpt":{"rendered":"<p>Vous trouverez ici des informations en lien avec nos recherches et destin\u00e9es au grand public c&rsquo;est-\u00e0-dire pour tous les curieux de sciences. Actualit\u00e9s M\u00e9diath\u00e8que Liens utiles<\/p>\n","protected":false},"author":2,"featured_media":0,"parent":0,"menu_order":6,"comment_status":"closed","ping_status":"closed","template":"","meta":{"footnotes":""},"class_list":["post-559","page","type-page","status-publish","hentry"],"yoast_head":"<!-- This site is optimized with the Yoast SEO plugin v27.0 - https:\/\/yoast.com\/product\/yoast-seo-wordpress\/ -->\n<title>Grand Public - LVBE - Laboratoire Vigne, Biotechnologies, Environnement | Universit\u00e9 de Haute-Alsace<\/title>\n<meta name=\"robots\" content=\"index, follow, max-snippet:-1, max-image-preview:large, max-video-preview:-1\" \/>\n<link rel=\"canonical\" href=\"https:\/\/www.lvbe.uha.fr\/index.php\/actualites\/\" \/>\n<meta property=\"og:locale\" content=\"fr_FR\" \/>\n<meta property=\"og:type\" content=\"article\" \/>\n<meta property=\"og:title\" content=\"Grand Public - LVBE - Laboratoire Vigne, Biotechnologies, Environnement | Universit\u00e9 de Haute-Alsace\" \/>\n<meta property=\"og:description\" content=\"Vous trouverez ici des informations en lien avec nos recherches et destin\u00e9es au grand public c&rsquo;est-\u00e0-dire pour tous les curieux de sciences. Actualit\u00e9s M\u00e9diath\u00e8que Liens utiles\" \/>\n<meta property=\"og:url\" content=\"https:\/\/www.lvbe.uha.fr\/index.php\/actualites\/\" \/>\n<meta property=\"og:site_name\" content=\"LVBE - Laboratoire Vigne, Biotechnologies, Environnement | Universit\u00e9 de Haute-Alsace\" \/>\n<meta property=\"article:modified_time\" content=\"2019-12-21T06:50:56+00:00\" \/>\n<meta property=\"og:image\" content=\"https:\/\/www.lvbe.uha.fr\/\/wp-content\/uploads\/2018\/04\/fil-chronologique.png\" \/>\n<meta name=\"twitter:card\" content=\"summary_large_image\" \/>\n<script type=\"application\/ld+json\" class=\"yoast-schema-graph\">{\"@context\":\"https:\/\/schema.org\",\"@graph\":[{\"@type\":\"WebPage\",\"@id\":\"https:\/\/www.lvbe.uha.fr\/index.php\/actualites\/\",\"url\":\"https:\/\/www.lvbe.uha.fr\/index.php\/actualites\/\",\"name\":\"Grand Public - LVBE - Laboratoire Vigne, Biotechnologies, Environnement | Universit\u00e9 de Haute-Alsace\",\"isPartOf\":{\"@id\":\"https:\/\/www.lvbe.uha.fr\/#website\"},\"primaryImageOfPage\":{\"@id\":\"https:\/\/www.lvbe.uha.fr\/index.php\/actualites\/#primaryimage\"},\"image\":{\"@id\":\"https:\/\/www.lvbe.uha.fr\/index.php\/actualites\/#primaryimage\"},\"thumbnailUrl\":\"https:\/\/www.lvbe.uha.fr\/\/wp-content\/uploads\/2018\/04\/fil-chronologique.png\",\"datePublished\":\"2018-04-12T07:05:45+00:00\",\"dateModified\":\"2019-12-21T06:50:56+00:00\",\"breadcrumb\":{\"@id\":\"https:\/\/www.lvbe.uha.fr\/index.php\/actualites\/#breadcrumb\"},\"inLanguage\":\"fr-FR\",\"potentialAction\":[{\"@type\":\"ReadAction\",\"target\":[\"https:\/\/www.lvbe.uha.fr\/index.php\/actualites\/\"]}]},{\"@type\":\"ImageObject\",\"inLanguage\":\"fr-FR\",\"@id\":\"https:\/\/www.lvbe.uha.fr\/index.php\/actualites\/#primaryimage\",\"url\":\"https:\/\/www.lvbe.uha.fr\/\/wp-content\/uploads\/2018\/04\/fil-chronologique.png\",\"contentUrl\":\"https:\/\/www.lvbe.uha.fr\/\/wp-content\/uploads\/2018\/04\/fil-chronologique.png\"},{\"@type\":\"BreadcrumbList\",\"@id\":\"https:\/\/www.lvbe.uha.fr\/index.php\/actualites\/#breadcrumb\",\"itemListElement\":[{\"@type\":\"ListItem\",\"position\":1,\"name\":\"Accueil\",\"item\":\"https:\/\/www.lvbe.uha.fr\/\"},{\"@type\":\"ListItem\",\"position\":2,\"name\":\"Grand Public\"}]},{\"@type\":\"WebSite\",\"@id\":\"https:\/\/www.lvbe.uha.fr\/#website\",\"url\":\"https:\/\/www.lvbe.uha.fr\/\",\"name\":\"LVBE - Laboratoire Vigne, Biotechnologies, Environnement | Universit\u00e9 de Haute-Alsace\",\"description\":\"Campus Biop\u00f4le | Universit\u00e9 de Haute-Alsace\",\"potentialAction\":[{\"@type\":\"SearchAction\",\"target\":{\"@type\":\"EntryPoint\",\"urlTemplate\":\"https:\/\/www.lvbe.uha.fr\/?s={search_term_string}\"},\"query-input\":{\"@type\":\"PropertyValueSpecification\",\"valueRequired\":true,\"valueName\":\"search_term_string\"}}],\"inLanguage\":\"fr-FR\"}]}<\/script>\n<!-- \/ Yoast SEO plugin. -->","yoast_head_json":{"title":"Grand Public - LVBE - Laboratoire Vigne, Biotechnologies, Environnement | Universit\u00e9 de Haute-Alsace","robots":{"index":"index","follow":"follow","max-snippet":"max-snippet:-1","max-image-preview":"max-image-preview:large","max-video-preview":"max-video-preview:-1"},"canonical":"https:\/\/www.lvbe.uha.fr\/index.php\/actualites\/","og_locale":"fr_FR","og_type":"article","og_title":"Grand Public - LVBE - Laboratoire Vigne, Biotechnologies, Environnement | Universit\u00e9 de Haute-Alsace","og_description":"Vous trouverez ici des informations en lien avec nos recherches et destin\u00e9es au grand public c&rsquo;est-\u00e0-dire pour tous les curieux de sciences. Actualit\u00e9s M\u00e9diath\u00e8que Liens utiles","og_url":"https:\/\/www.lvbe.uha.fr\/index.php\/actualites\/","og_site_name":"LVBE - Laboratoire Vigne, Biotechnologies, Environnement | Universit\u00e9 de Haute-Alsace","article_modified_time":"2019-12-21T06:50:56+00:00","og_image":[{"url":"https:\/\/www.lvbe.uha.fr\/\/wp-content\/uploads\/2018\/04\/fil-chronologique.png","type":"","width":"","height":""}],"twitter_card":"summary_large_image","schema":{"@context":"https:\/\/schema.org","@graph":[{"@type":"WebPage","@id":"https:\/\/www.lvbe.uha.fr\/index.php\/actualites\/","url":"https:\/\/www.lvbe.uha.fr\/index.php\/actualites\/","name":"Grand Public - LVBE - Laboratoire Vigne, Biotechnologies, Environnement | Universit\u00e9 de Haute-Alsace","isPartOf":{"@id":"https:\/\/www.lvbe.uha.fr\/#website"},"primaryImageOfPage":{"@id":"https:\/\/www.lvbe.uha.fr\/index.php\/actualites\/#primaryimage"},"image":{"@id":"https:\/\/www.lvbe.uha.fr\/index.php\/actualites\/#primaryimage"},"thumbnailUrl":"https:\/\/www.lvbe.uha.fr\/\/wp-content\/uploads\/2018\/04\/fil-chronologique.png","datePublished":"2018-04-12T07:05:45+00:00","dateModified":"2019-12-21T06:50:56+00:00","breadcrumb":{"@id":"https:\/\/www.lvbe.uha.fr\/index.php\/actualites\/#breadcrumb"},"inLanguage":"fr-FR","potentialAction":[{"@type":"ReadAction","target":["https:\/\/www.lvbe.uha.fr\/index.php\/actualites\/"]}]},{"@type":"ImageObject","inLanguage":"fr-FR","@id":"https:\/\/www.lvbe.uha.fr\/index.php\/actualites\/#primaryimage","url":"https:\/\/www.lvbe.uha.fr\/\/wp-content\/uploads\/2018\/04\/fil-chronologique.png","contentUrl":"https:\/\/www.lvbe.uha.fr\/\/wp-content\/uploads\/2018\/04\/fil-chronologique.png"},{"@type":"BreadcrumbList","@id":"https:\/\/www.lvbe.uha.fr\/index.php\/actualites\/#breadcrumb","itemListElement":[{"@type":"ListItem","position":1,"name":"Accueil","item":"https:\/\/www.lvbe.uha.fr\/"},{"@type":"ListItem","position":2,"name":"Grand Public"}]},{"@type":"WebSite","@id":"https:\/\/www.lvbe.uha.fr\/#website","url":"https:\/\/www.lvbe.uha.fr\/","name":"LVBE - Laboratoire Vigne, Biotechnologies, Environnement | Universit\u00e9 de Haute-Alsace","description":"Campus Biop\u00f4le | Universit\u00e9 de Haute-Alsace","potentialAction":[{"@type":"SearchAction","target":{"@type":"EntryPoint","urlTemplate":"https:\/\/www.lvbe.uha.fr\/?s={search_term_string}"},"query-input":{"@type":"PropertyValueSpecification","valueRequired":true,"valueName":"search_term_string"}}],"inLanguage":"fr-FR"}]}},"_links":{"self":[{"href":"https:\/\/www.lvbe.uha.fr\/index.php\/wp-json\/wp\/v2\/pages\/559","targetHints":{"allow":["GET"]}}],"collection":[{"href":"https:\/\/www.lvbe.uha.fr\/index.php\/wp-json\/wp\/v2\/pages"}],"about":[{"href":"https:\/\/www.lvbe.uha.fr\/index.php\/wp-json\/wp\/v2\/types\/page"}],"author":[{"embeddable":true,"href":"https:\/\/www.lvbe.uha.fr\/index.php\/wp-json\/wp\/v2\/users\/2"}],"replies":[{"embeddable":true,"href":"https:\/\/www.lvbe.uha.fr\/index.php\/wp-json\/wp\/v2\/comments?post=559"}],"version-history":[{"count":21,"href":"https:\/\/www.lvbe.uha.fr\/index.php\/wp-json\/wp\/v2\/pages\/559\/revisions"}],"predecessor-version":[{"id":1988,"href":"https:\/\/www.lvbe.uha.fr\/index.php\/wp-json\/wp\/v2\/pages\/559\/revisions\/1988"}],"wp:attachment":[{"href":"https:\/\/www.lvbe.uha.fr\/index.php\/wp-json\/wp\/v2\/media?parent=559"}],"curies":[{"name":"wp","href":"https:\/\/api.w.org\/{rel}","templated":true}]}}