{"id":516,"date":"2018-04-11T10:04:39","date_gmt":"2018-04-11T08:04:39","guid":{"rendered":"https:\/\/www.lvbe.uha.fr\/\/?page_id=516"},"modified":"2026-04-02T15:18:15","modified_gmt":"2026-04-02T13:18:15","slug":"formations-associees","status":"publish","type":"page","link":"https:\/\/www.lvbe.uha.fr\/index.php\/formations-associees\/","title":{"rendered":"Formations associ\u00e9es"},"content":{"rendered":"<p>Tous les chercheurs du LVBE sont engag\u00e9s dans une mission d&rsquo;enseignement.<\/p>\n<p><img loading=\"lazy\" decoding=\"async\" class=\"aligncenter size-full wp-image-1638\" src=\"https:\/\/www.lvbe.uha.fr\/\/wp-content\/uploads\/2018\/06\/A0CCD536-D797-4166-BF03-4156C00B1E13.jpeg\" alt=\"B\u00e2timent FMA, vues ext\u00e9rieure et int\u00e9rieure et \u00e9tudiants en TP\" width=\"1368\" height=\"360\" srcset=\"https:\/\/www.lvbe.uha.fr\/wp-content\/uploads\/2018\/06\/A0CCD536-D797-4166-BF03-4156C00B1E13.jpeg 1368w, https:\/\/www.lvbe.uha.fr\/wp-content\/uploads\/2018\/06\/A0CCD536-D797-4166-BF03-4156C00B1E13-300x79.jpeg 300w, https:\/\/www.lvbe.uha.fr\/wp-content\/uploads\/2018\/06\/A0CCD536-D797-4166-BF03-4156C00B1E13-768x202.jpeg 768w, https:\/\/www.lvbe.uha.fr\/wp-content\/uploads\/2018\/06\/A0CCD536-D797-4166-BF03-4156C00B1E13-1024x269.jpeg 1024w\" sizes=\"auto, (max-width: 1368px) 100vw, 1368px\" \/><br \/>\n<div class=\"su-tabs su-tabs-style-default su-tabs-mobile-stack\" data-active=\"1\" data-scroll-offset=\"0\" data-anchor-in-url=\"no\"><div class=\"su-tabs-nav\"><span class=\"\" data-url=\"\" data-target=\"blank\" tabindex=\"0\" role=\"button\">\u00c0 la Facult\u00e9 des Sciences et Techniques de l'UHA \u00e0 Colmar<\/span><span class=\"\" data-url=\"\" data-target=\"blank\" tabindex=\"0\" role=\"button\">\u00c0 l'IUT de Colmar<\/span><span class=\"\" data-url=\"\" data-target=\"blank\" tabindex=\"0\" role=\"button\">Avec l'Universit\u00e9 de Reims<\/span><span class=\"\" data-url=\"\" data-target=\"blank\" tabindex=\"0\" role=\"button\">\u00c0 l'Universit\u00e9 de Strasbourg<\/span><\/div><div class=\"su-tabs-panes\"><div class=\"su-tabs-pane su-u-clearfix su-u-trim\" data-title=\"\u00c0 la Facult\u00e9 des Sciences et Techniques de l&#039;UHA \u00e0 Colmar\">\n<img loading=\"lazy\" decoding=\"async\" class=\"alignright wp-image-1543\" src=\"https:\/\/www.lvbe.uha.fr\/\/wp-content\/uploads\/2018\/05\/A2BF47D1-8F73-4111-B199-2F0AF7795FFA-300x200.jpeg\" alt=\"Vue a\u00e9rienne IUT GB Colmar\" width=\"500\" height=\"333\" srcset=\"https:\/\/www.lvbe.uha.fr\/wp-content\/uploads\/2018\/05\/A2BF47D1-8F73-4111-B199-2F0AF7795FFA-300x200.jpeg 300w, https:\/\/www.lvbe.uha.fr\/wp-content\/uploads\/2018\/05\/A2BF47D1-8F73-4111-B199-2F0AF7795FFA-768x512.jpeg 768w, https:\/\/www.lvbe.uha.fr\/wp-content\/uploads\/2018\/05\/A2BF47D1-8F73-4111-B199-2F0AF7795FFA-1024x683.jpeg 1024w, https:\/\/www.lvbe.uha.fr\/wp-content\/uploads\/2018\/05\/A2BF47D1-8F73-4111-B199-2F0AF7795FFA.jpeg 1440w\" sizes=\"auto, (max-width: 500px) 100vw, 500px\" \/><\/p>\n<ul>\n<li>Pr. Christophe BERTSCH<\/li>\n<li>Dr. J\u00e9r\u00e9my BERTHELIER<\/li>\n<li>Pr. Julie CHONG<\/li>\n<li>PhD student Margot ELZ<\/li>\n<li>PhD student Lucas GALIMAND<\/li>\n<li>Dr. Alexia GRAU<\/li>\n<li>Dr. Flore MAZET<\/li>\n<li>Dr. Sibylle FARINE<\/li>\n<li>Dr. Isabelle GACOUGNOLLE-SOUSTRE<\/li>\n<\/ul>\n<p>Ils interviennent au sein :<\/p>\n<ul>\n<li><strong>de la L3<\/strong> d\u2019une <a href=\"https:\/\/www.fst.uha.fr\/index.php\/formations\/licences\/licence-sciences-de-la-vie-agronomie-agroalimentaire\/\">Licence Sciences de la Vie, Parcours Agronomie et Agroalimentaire<\/a><\/li>\n<li><strong>de la L3<\/strong> d&rsquo;une <a href=\"https:\/\/www.fst.uha.fr\/index.php\/formations\/licences\/licence-professionnelle-valorisation-des-agroressources-vins-avenir\/\">Licence Professionnelle Valorisation des agroressources -parcours Vins d&rsquo;avenir<\/a><\/li>\n<li><strong>d&rsquo;un Master Sciences et Technologies de l\u2019Agriculture, de l\u2019Alimentation et de l\u2019Environnement :<\/strong><\/li>\n<\/ul>\n<ol>\n<li>&#8211; <a href=\"https:\/\/www.fst.uha.fr\/index.php\/formations\/masters\/master-st2ae-viticulture-durable\/\">Parcours Viticulture Durable<\/a><\/li>\n<li>&#8211; <a href=\"https:\/\/www.fst.uha.fr\/index.php\/formations\/masters\/master-st2ae-sciences-alimentaires-et-qualite\/\">Parcours Sciences Alimentaires et Qualit\u00e9<\/a><\/li>\n<li>&#8211; <a href=\"https:\/\/www.fst.uha.fr\/index.php\/formations\/masters\/master-st2ae-sciences-agronomiques-et-environnementales\/\">Parcours Sciences Agronomiques et Environnementales<\/a><\/li>\n<li>&#8211; <a href=\"https:\/\/www.fst.uha.fr\/index.php\/formations\/masters\/master-st2ae-franco-allemand-oenologie-et-viticulture\/\">parcours franco-allemand \u0152nologie et Viticulture (MoVE)<\/a>\u00a0 avec la Hochschule Ludwigshafen am Rhein \/ <a href=\"https:\/\/www.weincampus-neustadt.de\/\">Weincampus Neustadt.<\/a><\/li>\n<\/ol>\n<\/div>\n<div class=\"su-tabs-pane su-u-clearfix su-u-trim\" data-title=\"\u00c0 l&#039;IUT de Colmar\">\n<img loading=\"lazy\" decoding=\"async\" class=\"alignright wp-image-1542\" src=\"https:\/\/www.lvbe.uha.fr\/\/wp-content\/uploads\/2018\/05\/2ECF25CD-CC70-4427-BB22-D0F3B5A1F91D-300x150.jpeg\" alt=\"Vue a\u00e9rienne IUT GB Colmar\" width=\"500\" height=\"251\" srcset=\"https:\/\/www.lvbe.uha.fr\/wp-content\/uploads\/2018\/05\/2ECF25CD-CC70-4427-BB22-D0F3B5A1F91D-300x150.jpeg 300w, https:\/\/www.lvbe.uha.fr\/wp-content\/uploads\/2018\/05\/2ECF25CD-CC70-4427-BB22-D0F3B5A1F91D-768x385.jpeg 768w, https:\/\/www.lvbe.uha.fr\/wp-content\/uploads\/2018\/05\/2ECF25CD-CC70-4427-BB22-D0F3B5A1F91D-1024x513.jpeg 1024w, https:\/\/www.lvbe.uha.fr\/wp-content\/uploads\/2018\/05\/2ECF25CD-CC70-4427-BB22-D0F3B5A1F91D.jpeg 1071w\" sizes=\"auto, (max-width: 500px) 100vw, 500px\" \/><\/p>\n<ul>\n<li>Dr. Laurence DEGL\u00c8NE-BENBRAHIM<\/li>\n<li>Dr. Claude ERNY<\/li>\n<li>Dr. Christine LE JEUNE<\/li>\n<li>Dr. Karine JEZEQUEL-LEVA<\/li>\n<li>Dr. Marc LOLLIER<\/li>\n<li>Dr. Laure VALAT<\/li>\n<li>Dr Lo\u00efc YUNG<\/li>\n<\/ul>\n<p>Ils interviennent au sein du<\/p>\n<ol>\n<li><a href=\"https:\/\/www.iutcolmar.uha.fr\/index.php\/formations\/diplomes\/bachelor-universitaire-de-technologie-b-u-t-bac-3\/b-u-t-genie-biologique-parcours-agronomie\/\">BUT G\u00e9nie Biologique, option Agronomie<\/a><\/li>\n<li><a href=\"https:\/\/www.iutcolmar.uha.fr\/index.php\/formations\/diplomes\/bac-3-licences-professionnelles\/lp-bio-industries-et-biotechnologies\/\">Licence Professionnelle par apprentissage Bio-industrie et Bio-technologie<\/a>.<\/div>\n<div class=\"su-tabs-pane su-u-clearfix su-u-trim\" data-title=\"Avec l&#039;Universit\u00e9 de Reims\">\nIntervention dans une Unit\u00e9 d\u2019Enseignement Vigne et Vin, avec la mise en place d&rsquo;un <a href=\"https:\/\/www.univ-reims.fr\/formation\/catalogue-de-formation\/diplome-national-d-nologue,23515,38949.html?args=R9qFsCnMmKDtxCa17YTDkHVqaqbfYRXwwTnCVt2witCDUIiVoUdkeMDp%2AXGEGm2SMIhvMbuZ3_kOrRxvJlk6dOorIryuNioRCyFFyPAvhl9tCdwYdtHRrwAvNC1tDg_H&amp;formation_id=243\"><strong>Dipl\u00f4me National d&rsquo;\u0152nologie<\/strong><\/a> (DNO) : montage en septembre 2017.<\/p>\n<p><strong>Le dipl\u00f4me national d\u2019\u0153nologie, pr\u00e9par\u00e9 \u00e0 Reims, joue la carte du Grand Est et se d\u00e9centralise en partie \u00e0 Colmar pour int\u00e9grer les sp\u00e9cificit\u00e9s de la vinification en Alsace.<\/strong> Christophe Bertsch, directeur du Laboratoire Vigne, Biotechnologies et Environnement, et Saloua Bennaghmouch, ma\u00eetre de conf\u00e9rences \u00e0 l\u2019UHA, ont ainsi travaill\u00e9 sur un projet d\u2019ouverture d\u2019un dipl\u00f4me national d\u2019\u0153nologie en Alsace. L&rsquo;UHA s\u2019est associ\u00e9e avec l\u2019Universit\u00e9 de Reims pour donner une dimension alsacienne au DNO qui prenne en compte les probl\u00e9matiques locales.<\/p>\n<p>Notre partenariat avec l&rsquo;Universit\u00e9 de Reims s&rsquo;accro\u00eet, nous recevrons pour cette ann\u00e9e 2018 les \u00e9tudiants de 1<sup>\u00e8re<\/sup> et 2<sup>\u00e8me<\/sup> ann\u00e9e sur 3 semaines. Les DNO 1 seront pr\u00e9sents du 9 au 22 avril 2018.<\/p>\n<p><img loading=\"lazy\" decoding=\"async\" class=\"aligncenter wp-image-1713 size-large\" src=\"https:\/\/www.lvbe.uha.fr\/wp-content\/uploads\/2018\/06\/univ-reims-1024x192.jpg\" alt=\"\" width=\"750\" height=\"141\" srcset=\"https:\/\/www.lvbe.uha.fr\/wp-content\/uploads\/2018\/06\/univ-reims-1024x192.jpg 1024w, https:\/\/www.lvbe.uha.fr\/wp-content\/uploads\/2018\/06\/univ-reims-300x56.jpg 300w, https:\/\/www.lvbe.uha.fr\/wp-content\/uploads\/2018\/06\/univ-reims-768x144.jpg 768w, https:\/\/www.lvbe.uha.fr\/wp-content\/uploads\/2018\/06\/univ-reims.jpg 1290w\" sizes=\"auto, (max-width: 750px) 100vw, 750px\" \/><\/p>\n<\/div>\n<div class=\"su-tabs-pane su-u-clearfix su-u-trim\" data-title=\"\u00c0 l&#039;Universit\u00e9 de Strasbourg\">\n<p>\u00c0 l&rsquo;Unistra avec le Dr. Marc FISCHER<\/p>\n<p>Avec le LVBE partenaire du V\u00e9g\u00e9-LAB<\/p>\n<p><img loading=\"lazy\" decoding=\"async\" class=\"alignright wp-image-541 size-full\" src=\"https:\/\/www.lvbe.uha.fr\/wp-content\/uploads\/2018\/04\/5CAB72BB-0F7F-48CF-AE8B-BD631994F4CF.jpeg\" alt=\"Logo V\u00e9g\u00e9-LAB\" width=\"688\" height=\"229\" srcset=\"https:\/\/www.lvbe.uha.fr\/wp-content\/uploads\/2018\/04\/5CAB72BB-0F7F-48CF-AE8B-BD631994F4CF.jpeg 688w, https:\/\/www.lvbe.uha.fr\/wp-content\/uploads\/2018\/04\/5CAB72BB-0F7F-48CF-AE8B-BD631994F4CF-300x100.jpeg 300w\" sizes=\"auto, (max-width: 688px) 100vw, 688px\" \/><\/p>\n<p>Le LVBE a d\u00e9velopp\u00e9 une <strong>collaboration avec le Master Biologie et Valorisation des Plantes<\/strong> de l&rsquo;Universit\u00e9 de Strasbourg en devenant partenaire du projet V\u00e9g\u00e9lab port\u00e9 par les responsables de ce master.<\/p>\n<p>L&rsquo;objectif principal du programme \u00ab V\u00e9g\u00e9-LAB \u00bb est d&rsquo;optimiser l&rsquo;insertion professionnelle des \u00e9tudiants du master \u00ab Biologie &amp; Valorisation des Plantes \u00bb, en les mettant en contact direct avec des laboratoires de recherche priv\u00e9s et publics, avec lesquels ils travaillent pendant 3 semestres \u00e0 la mise en place d&rsquo;un projet de recherche innovant. Cette d\u00e9marche place l&rsquo;\u00e9tudiant au c\u0153ur de sa formation, et lui permet d&rsquo;aborder concr\u00e8tement les diff\u00e9rentes facettes des m\u00e9tiers de la recherche.<a href=\"https:\/\/master-vegetal.unistra.fr\/vege-lab\/partenaires\/\"> Le V\u00e9g\u00e9-LAB<\/a> est un investissement d&rsquo;avenir (Enseignement port\u00e9 par l&rsquo;Universit\u00e9 de Strasbourg).<\/p>\n<\/div><\/div><\/div>\n","protected":false},"excerpt":{"rendered":"<p>Tous les chercheurs du LVBE sont engag\u00e9s dans une mission d&rsquo;enseignement.<\/p>\n","protected":false},"author":2,"featured_media":371,"parent":0,"menu_order":5,"comment_status":"closed","ping_status":"closed","template":"","meta":{"footnotes":""},"class_list":["post-516","page","type-page","status-publish","has-post-thumbnail","hentry"],"yoast_head":"<!-- This site is optimized with the Yoast SEO plugin v27.4 - https:\/\/yoast.com\/product\/yoast-seo-wordpress\/ -->\n<title>Formations associ\u00e9es - LVBE - Laboratoire Vigne, Biotechnologies, Environnement | Universit\u00e9 de Haute-Alsace<\/title>\n<meta name=\"robots\" content=\"index, follow, max-snippet:-1, max-image-preview:large, max-video-preview:-1\" \/>\n<link rel=\"canonical\" href=\"https:\/\/www.lvbe.uha.fr\/index.php\/formations-associees\/\" \/>\n<meta property=\"og:locale\" content=\"fr_FR\" \/>\n<meta property=\"og:type\" content=\"article\" \/>\n<meta property=\"og:title\" content=\"Formations associ\u00e9es - LVBE - Laboratoire Vigne, Biotechnologies, Environnement | Universit\u00e9 de Haute-Alsace\" \/>\n<meta property=\"og:description\" content=\"Tous les chercheurs du LVBE sont engag\u00e9s dans une mission d&rsquo;enseignement.\" \/>\n<meta property=\"og:url\" content=\"https:\/\/www.lvbe.uha.fr\/index.php\/formations-associees\/\" \/>\n<meta property=\"og:site_name\" content=\"LVBE - Laboratoire Vigne, Biotechnologies, Environnement | Universit\u00e9 de Haute-Alsace\" \/>\n<meta property=\"article:modified_time\" content=\"2026-04-02T13:18:15+00:00\" \/>\n<meta property=\"og:image\" content=\"https:\/\/www.lvbe.uha.fr\/wp-content\/uploads\/2018\/04\/vignes.png\" \/>\n\t<meta property=\"og:image:width\" content=\"1912\" \/>\n\t<meta property=\"og:image:height\" content=\"300\" \/>\n\t<meta property=\"og:image:type\" content=\"image\/png\" \/>\n<meta name=\"twitter:card\" content=\"summary_large_image\" \/>\n<meta name=\"twitter:label1\" content=\"Dur\u00e9e de lecture estim\u00e9e\" \/>\n\t<meta name=\"twitter:data1\" content=\"4 minutes\" \/>\n<script type=\"application\/ld+json\" class=\"yoast-schema-graph\">{\"@context\":\"https:\\\/\\\/schema.org\",\"@graph\":[{\"@type\":\"WebPage\",\"@id\":\"https:\\\/\\\/www.lvbe.uha.fr\\\/index.php\\\/formations-associees\\\/\",\"url\":\"https:\\\/\\\/www.lvbe.uha.fr\\\/index.php\\\/formations-associees\\\/\",\"name\":\"Formations associ\u00e9es - LVBE - Laboratoire Vigne, Biotechnologies, Environnement | Universit\u00e9 de Haute-Alsace\",\"isPartOf\":{\"@id\":\"https:\\\/\\\/www.lvbe.uha.fr\\\/#website\"},\"primaryImageOfPage\":{\"@id\":\"https:\\\/\\\/www.lvbe.uha.fr\\\/index.php\\\/formations-associees\\\/#primaryimage\"},\"image\":{\"@id\":\"https:\\\/\\\/www.lvbe.uha.fr\\\/index.php\\\/formations-associees\\\/#primaryimage\"},\"thumbnailUrl\":\"https:\\\/\\\/www.lvbe.uha.fr\\\/wp-content\\\/uploads\\\/2018\\\/04\\\/vignes.png\",\"datePublished\":\"2018-04-11T08:04:39+00:00\",\"dateModified\":\"2026-04-02T13:18:15+00:00\",\"breadcrumb\":{\"@id\":\"https:\\\/\\\/www.lvbe.uha.fr\\\/index.php\\\/formations-associees\\\/#breadcrumb\"},\"inLanguage\":\"fr-FR\",\"potentialAction\":[{\"@type\":\"ReadAction\",\"target\":[\"https:\\\/\\\/www.lvbe.uha.fr\\\/index.php\\\/formations-associees\\\/\"]}]},{\"@type\":\"ImageObject\",\"inLanguage\":\"fr-FR\",\"@id\":\"https:\\\/\\\/www.lvbe.uha.fr\\\/index.php\\\/formations-associees\\\/#primaryimage\",\"url\":\"https:\\\/\\\/www.lvbe.uha.fr\\\/wp-content\\\/uploads\\\/2018\\\/04\\\/vignes.png\",\"contentUrl\":\"https:\\\/\\\/www.lvbe.uha.fr\\\/wp-content\\\/uploads\\\/2018\\\/04\\\/vignes.png\",\"width\":1912,\"height\":300},{\"@type\":\"BreadcrumbList\",\"@id\":\"https:\\\/\\\/www.lvbe.uha.fr\\\/index.php\\\/formations-associees\\\/#breadcrumb\",\"itemListElement\":[{\"@type\":\"ListItem\",\"position\":1,\"name\":\"Accueil\",\"item\":\"https:\\\/\\\/www.lvbe.uha.fr\\\/\"},{\"@type\":\"ListItem\",\"position\":2,\"name\":\"Formations associ\u00e9es\"}]},{\"@type\":\"WebSite\",\"@id\":\"https:\\\/\\\/www.lvbe.uha.fr\\\/#website\",\"url\":\"https:\\\/\\\/www.lvbe.uha.fr\\\/\",\"name\":\"LVBE - Laboratoire Vigne, Biotechnologies, Environnement | Universit\u00e9 de Haute-Alsace\",\"description\":\"Campus Biop\u00f4le | Universit\u00e9 de Haute-Alsace\",\"potentialAction\":[{\"@type\":\"SearchAction\",\"target\":{\"@type\":\"EntryPoint\",\"urlTemplate\":\"https:\\\/\\\/www.lvbe.uha.fr\\\/?s={search_term_string}\"},\"query-input\":{\"@type\":\"PropertyValueSpecification\",\"valueRequired\":true,\"valueName\":\"search_term_string\"}}],\"inLanguage\":\"fr-FR\"}]}<\/script>\n<!-- \/ Yoast SEO plugin. -->","yoast_head_json":{"title":"Formations associ\u00e9es - LVBE - Laboratoire Vigne, Biotechnologies, Environnement | Universit\u00e9 de Haute-Alsace","robots":{"index":"index","follow":"follow","max-snippet":"max-snippet:-1","max-image-preview":"max-image-preview:large","max-video-preview":"max-video-preview:-1"},"canonical":"https:\/\/www.lvbe.uha.fr\/index.php\/formations-associees\/","og_locale":"fr_FR","og_type":"article","og_title":"Formations associ\u00e9es - LVBE - Laboratoire Vigne, Biotechnologies, Environnement | Universit\u00e9 de Haute-Alsace","og_description":"Tous les chercheurs du LVBE sont engag\u00e9s dans une mission d&rsquo;enseignement.","og_url":"https:\/\/www.lvbe.uha.fr\/index.php\/formations-associees\/","og_site_name":"LVBE - Laboratoire Vigne, Biotechnologies, Environnement | Universit\u00e9 de Haute-Alsace","article_modified_time":"2026-04-02T13:18:15+00:00","og_image":[{"width":1912,"height":300,"url":"https:\/\/www.lvbe.uha.fr\/wp-content\/uploads\/2018\/04\/vignes.png","type":"image\/png"}],"twitter_card":"summary_large_image","twitter_misc":{"Dur\u00e9e de lecture estim\u00e9e":"4 minutes"},"schema":{"@context":"https:\/\/schema.org","@graph":[{"@type":"WebPage","@id":"https:\/\/www.lvbe.uha.fr\/index.php\/formations-associees\/","url":"https:\/\/www.lvbe.uha.fr\/index.php\/formations-associees\/","name":"Formations associ\u00e9es - LVBE - Laboratoire Vigne, Biotechnologies, Environnement | Universit\u00e9 de Haute-Alsace","isPartOf":{"@id":"https:\/\/www.lvbe.uha.fr\/#website"},"primaryImageOfPage":{"@id":"https:\/\/www.lvbe.uha.fr\/index.php\/formations-associees\/#primaryimage"},"image":{"@id":"https:\/\/www.lvbe.uha.fr\/index.php\/formations-associees\/#primaryimage"},"thumbnailUrl":"https:\/\/www.lvbe.uha.fr\/wp-content\/uploads\/2018\/04\/vignes.png","datePublished":"2018-04-11T08:04:39+00:00","dateModified":"2026-04-02T13:18:15+00:00","breadcrumb":{"@id":"https:\/\/www.lvbe.uha.fr\/index.php\/formations-associees\/#breadcrumb"},"inLanguage":"fr-FR","potentialAction":[{"@type":"ReadAction","target":["https:\/\/www.lvbe.uha.fr\/index.php\/formations-associees\/"]}]},{"@type":"ImageObject","inLanguage":"fr-FR","@id":"https:\/\/www.lvbe.uha.fr\/index.php\/formations-associees\/#primaryimage","url":"https:\/\/www.lvbe.uha.fr\/wp-content\/uploads\/2018\/04\/vignes.png","contentUrl":"https:\/\/www.lvbe.uha.fr\/wp-content\/uploads\/2018\/04\/vignes.png","width":1912,"height":300},{"@type":"BreadcrumbList","@id":"https:\/\/www.lvbe.uha.fr\/index.php\/formations-associees\/#breadcrumb","itemListElement":[{"@type":"ListItem","position":1,"name":"Accueil","item":"https:\/\/www.lvbe.uha.fr\/"},{"@type":"ListItem","position":2,"name":"Formations associ\u00e9es"}]},{"@type":"WebSite","@id":"https:\/\/www.lvbe.uha.fr\/#website","url":"https:\/\/www.lvbe.uha.fr\/","name":"LVBE - Laboratoire Vigne, Biotechnologies, Environnement | Universit\u00e9 de Haute-Alsace","description":"Campus Biop\u00f4le | Universit\u00e9 de Haute-Alsace","potentialAction":[{"@type":"SearchAction","target":{"@type":"EntryPoint","urlTemplate":"https:\/\/www.lvbe.uha.fr\/?s={search_term_string}"},"query-input":{"@type":"PropertyValueSpecification","valueRequired":true,"valueName":"search_term_string"}}],"inLanguage":"fr-FR"}]}},"_links":{"self":[{"href":"https:\/\/www.lvbe.uha.fr\/index.php\/wp-json\/wp\/v2\/pages\/516","targetHints":{"allow":["GET"]}}],"collection":[{"href":"https:\/\/www.lvbe.uha.fr\/index.php\/wp-json\/wp\/v2\/pages"}],"about":[{"href":"https:\/\/www.lvbe.uha.fr\/index.php\/wp-json\/wp\/v2\/types\/page"}],"author":[{"embeddable":true,"href":"https:\/\/www.lvbe.uha.fr\/index.php\/wp-json\/wp\/v2\/users\/2"}],"replies":[{"embeddable":true,"href":"https:\/\/www.lvbe.uha.fr\/index.php\/wp-json\/wp\/v2\/comments?post=516"}],"version-history":[{"count":93,"href":"https:\/\/www.lvbe.uha.fr\/index.php\/wp-json\/wp\/v2\/pages\/516\/revisions"}],"predecessor-version":[{"id":3968,"href":"https:\/\/www.lvbe.uha.fr\/index.php\/wp-json\/wp\/v2\/pages\/516\/revisions\/3968"}],"wp:featuredmedia":[{"embeddable":true,"href":"https:\/\/www.lvbe.uha.fr\/index.php\/wp-json\/wp\/v2\/media\/371"}],"wp:attachment":[{"href":"https:\/\/www.lvbe.uha.fr\/index.php\/wp-json\/wp\/v2\/media?parent=516"}],"curies":[{"name":"wp","href":"https:\/\/api.w.org\/{rel}","templated":true}]}}