{"id":4814,"date":"2026-04-27T11:24:04","date_gmt":"2026-04-27T09:24:04","guid":{"rendered":"https:\/\/www.lvbe.uha.fr\/?page_id=4814"},"modified":"2026-04-27T11:24:12","modified_gmt":"2026-04-27T09:24:12","slug":"projet-vitisense","status":"publish","type":"page","link":"https:\/\/www.lvbe.uha.fr\/index.php\/recherche\/axe-2-nouveaux-outils\/projet-vitisense\/","title":{"rendered":"Projet VitiSense"},"content":{"rendered":"<figure id=\"attachment_4815\" aria-describedby=\"caption-attachment-4815\" style=\"width: 2560px\" class=\"wp-caption aligncenter\"><img loading=\"lazy\" decoding=\"async\" class=\"size-full wp-image-4815\" src=\"https:\/\/www.lvbe.uha.fr\/wp-content\/uploads\/2026\/04\/Credits\u00a9singgih_AdobeStock_1410094917_generatedbyAI1-scaled.jpeg\" alt=\"\" width=\"2560\" height=\"1435\" srcset=\"https:\/\/www.lvbe.uha.fr\/wp-content\/uploads\/2026\/04\/Credits\u00a9singgih_AdobeStock_1410094917_generatedbyAI1-scaled.jpeg 2560w, https:\/\/www.lvbe.uha.fr\/wp-content\/uploads\/2026\/04\/Credits\u00a9singgih_AdobeStock_1410094917_generatedbyAI1-300x168.jpeg 300w, https:\/\/www.lvbe.uha.fr\/wp-content\/uploads\/2026\/04\/Credits\u00a9singgih_AdobeStock_1410094917_generatedbyAI1-1024x574.jpeg 1024w, https:\/\/www.lvbe.uha.fr\/wp-content\/uploads\/2026\/04\/Credits\u00a9singgih_AdobeStock_1410094917_generatedbyAI1-768x430.jpeg 768w, https:\/\/www.lvbe.uha.fr\/wp-content\/uploads\/2026\/04\/Credits\u00a9singgih_AdobeStock_1410094917_generatedbyAI1-1536x861.jpeg 1536w, https:\/\/www.lvbe.uha.fr\/wp-content\/uploads\/2026\/04\/Credits\u00a9singgih_AdobeStock_1410094917_generatedbyAI1-2048x1148.jpeg 2048w\" sizes=\"auto, (max-width: 2560px) 100vw, 2560px\" \/><figcaption id=\"caption-attachment-4815\" class=\"wp-caption-text\">Man inspecting grapes in a vineyard with augmented reality graphics for smart agriculture and data analysis Great for agriculture and technology industry.<\/figcaption><\/figure>\n<h1><img loading=\"lazy\" decoding=\"async\" class=\"aligncenter size-full wp-image-4817\" src=\"https:\/\/www.lvbe.uha.fr\/wp-content\/uploads\/2026\/04\/logo-VitiSense.jpg\" alt=\"\" width=\"640\" height=\"202\" srcset=\"https:\/\/www.lvbe.uha.fr\/wp-content\/uploads\/2026\/04\/logo-VitiSense.jpg 640w, https:\/\/www.lvbe.uha.fr\/wp-content\/uploads\/2026\/04\/logo-VitiSense-300x95.jpg 300w\" sizes=\"auto, (max-width: 640px) 100vw, 640px\" \/><\/h1>\n<div class=\"su-row\">\n<div class=\"su-column su-column-size-1-2\"><div class=\"su-column-inner su-u-clearfix su-u-trim\">\n<p>&nbsp;<\/p>\n<p>La r\u00e9gion du Rhin sup\u00e9rieur, abrite certains des vignobles les plus r\u00e9put\u00e9s d\u2019Europe mais <strong>ce patrimoine viticole est menac\u00e9 par les maladies du bois de la vigne<\/strong>. Des champignons d\u00e9truisent lentement les ceps de l\u2019int\u00e9rieur, sans sympt\u00f4mes apparents pendant des ann\u00e9es. Quand les signes deviennent visibles sur le bois ou les feuilles, il est souvent trop tard : les rendements diminuent, les ceps meurent et des parcelles enti\u00e8res doivent \u00eatre arrach\u00e9es et replant\u00e9es. Aujourd\u2019hui, la d\u00e9tection repose principalement sur l\u2019observation visuelle de feuilles d\u00e9color\u00e9es et de tronc n\u00e9cros\u00e9s. Cette m\u00e9thode, simple \u00e9conomique, reste limit\u00e9e : les sympt\u00f4mes ressemblent \u00e0 ceux provoqu\u00e9s par d\u2019autres facteurs de stress, comme la s\u00e9cheresse ou des carences nutritives et ne refl\u00e8te pas toujours l\u2019\u00e9tat interne du bois. Les interventions sont alors tardives et moins efficaces. Des techniques de pointe existent en laboratoire mais elles sont trop co\u00fbteuses et complexes pour un usage quotidien.<\/p>\n<p>&nbsp;<\/p>\n<p>Face \u00e0 ce constat, <strong>le projet VitiSense d\u00e9veloppe deux outils innovants et pratiques pour les vignes<\/strong> : <strong>un capteur optique portable<\/strong>, qui mesure l\u2019activit\u00e9 photosynth\u00e9tique et la fluorescence des feuilles, afin de d\u00e9tecter tr\u00e8s t\u00f4t, un stress invisible et <strong>une I.R.M. portable adapt\u00e9e du domaine m\u00e9dical<\/strong>, capable de visualiser l\u2019int\u00e9rieur du cep et de rep\u00e9rer les zones n\u00e9cros\u00e9es. Ces appareils peuvent \u00eatre <strong>utilis\u00e9s seuls ou reli\u00e9s \u00e0 un r\u00e9seau de capteurs connect\u00e9s,<\/strong> pour permettre un suivi continu et des interventions cibl\u00e9es et ainsi r\u00e9duire les pertes et les co\u00fbts. L\u2019\u00e9lectronique de ses dispositifs sera encapsul\u00e9, afin de les rendre r\u00e9sistants aux intemp\u00e9ries.<\/p>\n<\/div><\/div>\n<div class=\"su-column su-column-size-1-2\"><div class=\"su-column-inner su-u-clearfix su-u-trim\">\n<p>&nbsp;<\/p>\n<p><strong>Le projet r\u00e9unit un consortium transfrontalier et multidisciplinaire<\/strong> : des chercheurs en viticulture et en maladies de la vigne, de <strong>l\u2019universit\u00e9 de Haute Alsace<\/strong> et de <strong>l\u2019institut Julius K\u00fchn, des sp\u00e9cialistes en optique est en I.R.M. de l\u2019universit\u00e9 de Strasbourg et de la Fachhochschule Nordwestschweiz (FHNW), des experts en conception et en encapsulation des appareils de la Hochschule Furtwangen, ainsi que des partenaires industriels.<\/strong> Ensemble, ils con\u00e7oivent les prototypes, les testent en laboratoire puis dans les vignes et les rendent r\u00e9sistants aux conditions du terrain.<\/p>\n<p>&nbsp;<\/p>\n<p>\u00c0 terme, <strong>VitiSense pr\u00e9voit de cr\u00e9er une start-up<\/strong> pour diffuser largement ces solutions.<strong> Les b\u00e9n\u00e9fices attendus sont multiples : des vignes plus saines, des pertes r\u00e9duites, une viticulture durable et la sauvegarde d\u2019un patrimoine r\u00e9gional exceptionnel.<\/strong><\/p>\n<p>&nbsp;<\/p>\n<h3>Le projet VitiSense est un projet de l\u2019Offensive Sciences de la R\u00e9gion M\u00e9tropolitaine trinational du Rhin sup\u00e9rieur, co-financ\u00e9 par l\u2019Union europ\u00e9enne via le programme Interreg Rhin sup\u00e9rieur, la R\u00e9gion Grand Est, le Ministerium f\u00fcr Wissenschaft, Forschung und Kunst du Land de Bad-Wurtemberg et le Ministerium f\u00fcr Wissenschaft un Gesundheit du Land de Rh\u00e9nanie-Palatinat.<\/h3>\n<\/div><\/div>\n<\/div>\n<p><img loading=\"lazy\" decoding=\"async\" class=\"aligncenter size-full wp-image-4816\" src=\"https:\/\/www.lvbe.uha.fr\/wp-content\/uploads\/2026\/04\/VitiSense-Partenaires.jpg\" alt=\"\" width=\"640\" height=\"334\" srcset=\"https:\/\/www.lvbe.uha.fr\/wp-content\/uploads\/2026\/04\/VitiSense-Partenaires.jpg 640w, https:\/\/www.lvbe.uha.fr\/wp-content\/uploads\/2026\/04\/VitiSense-Partenaires-300x157.jpg 300w\" sizes=\"auto, (max-width: 640px) 100vw, 640px\" \/><\/p>\n<p>&nbsp;<\/p>\n<p>&nbsp;<\/p>\n<p>&nbsp;<\/p>\n","protected":false},"excerpt":{"rendered":"<p>&nbsp; &nbsp; &nbsp;<\/p>\n","protected":false},"author":2,"featured_media":0,"parent":248,"menu_order":0,"comment_status":"closed","ping_status":"closed","template":"","meta":{"footnotes":""},"class_list":["post-4814","page","type-page","status-publish","hentry"],"yoast_head":"<!-- This site is optimized with the Yoast SEO plugin v27.4 - https:\/\/yoast.com\/product\/yoast-seo-wordpress\/ -->\n<title>Projet VitiSense - LVBE - Laboratoire Vigne, Biotechnologies, Environnement | Universit\u00e9 de Haute-Alsace<\/title>\n<meta name=\"robots\" content=\"index, follow, max-snippet:-1, max-image-preview:large, max-video-preview:-1\" \/>\n<link rel=\"canonical\" href=\"https:\/\/www.lvbe.uha.fr\/index.php\/recherche\/axe-2-nouveaux-outils\/projet-vitisense\/\" \/>\n<meta property=\"og:locale\" content=\"fr_FR\" \/>\n<meta property=\"og:type\" content=\"article\" \/>\n<meta property=\"og:title\" content=\"Projet VitiSense - LVBE - Laboratoire Vigne, Biotechnologies, Environnement | Universit\u00e9 de Haute-Alsace\" \/>\n<meta property=\"og:description\" content=\"&nbsp; &nbsp; &nbsp;\" \/>\n<meta property=\"og:url\" content=\"https:\/\/www.lvbe.uha.fr\/index.php\/recherche\/axe-2-nouveaux-outils\/projet-vitisense\/\" \/>\n<meta property=\"og:site_name\" content=\"LVBE - Laboratoire Vigne, Biotechnologies, Environnement | Universit\u00e9 de Haute-Alsace\" \/>\n<meta property=\"article:modified_time\" content=\"2026-04-27T09:24:12+00:00\" \/>\n<meta property=\"og:image\" content=\"https:\/\/www.lvbe.uha.fr\/wp-content\/uploads\/2026\/04\/logo-VitiSense.jpg\" \/>\n<meta name=\"twitter:card\" content=\"summary_large_image\" \/>\n<meta name=\"twitter:label1\" content=\"Dur\u00e9e de lecture estim\u00e9e\" \/>\n\t<meta name=\"twitter:data1\" content=\"3 minutes\" \/>\n<script type=\"application\/ld+json\" class=\"yoast-schema-graph\">{\"@context\":\"https:\\\/\\\/schema.org\",\"@graph\":[{\"@type\":\"WebPage\",\"@id\":\"https:\\\/\\\/www.lvbe.uha.fr\\\/index.php\\\/recherche\\\/axe-2-nouveaux-outils\\\/projet-vitisense\\\/\",\"url\":\"https:\\\/\\\/www.lvbe.uha.fr\\\/index.php\\\/recherche\\\/axe-2-nouveaux-outils\\\/projet-vitisense\\\/\",\"name\":\"Projet VitiSense - LVBE - Laboratoire Vigne, Biotechnologies, Environnement | Universit\u00e9 de Haute-Alsace\",\"isPartOf\":{\"@id\":\"https:\\\/\\\/www.lvbe.uha.fr\\\/#website\"},\"primaryImageOfPage\":{\"@id\":\"https:\\\/\\\/www.lvbe.uha.fr\\\/index.php\\\/recherche\\\/axe-2-nouveaux-outils\\\/projet-vitisense\\\/#primaryimage\"},\"image\":{\"@id\":\"https:\\\/\\\/www.lvbe.uha.fr\\\/index.php\\\/recherche\\\/axe-2-nouveaux-outils\\\/projet-vitisense\\\/#primaryimage\"},\"thumbnailUrl\":\"https:\\\/\\\/www.lvbe.uha.fr\\\/wp-content\\\/uploads\\\/2026\\\/04\\\/logo-VitiSense.jpg\",\"datePublished\":\"2026-04-27T09:24:04+00:00\",\"dateModified\":\"2026-04-27T09:24:12+00:00\",\"breadcrumb\":{\"@id\":\"https:\\\/\\\/www.lvbe.uha.fr\\\/index.php\\\/recherche\\\/axe-2-nouveaux-outils\\\/projet-vitisense\\\/#breadcrumb\"},\"inLanguage\":\"fr-FR\",\"potentialAction\":[{\"@type\":\"ReadAction\",\"target\":[\"https:\\\/\\\/www.lvbe.uha.fr\\\/index.php\\\/recherche\\\/axe-2-nouveaux-outils\\\/projet-vitisense\\\/\"]}]},{\"@type\":\"ImageObject\",\"inLanguage\":\"fr-FR\",\"@id\":\"https:\\\/\\\/www.lvbe.uha.fr\\\/index.php\\\/recherche\\\/axe-2-nouveaux-outils\\\/projet-vitisense\\\/#primaryimage\",\"url\":\"https:\\\/\\\/www.lvbe.uha.fr\\\/wp-content\\\/uploads\\\/2026\\\/04\\\/logo-VitiSense.jpg\",\"contentUrl\":\"https:\\\/\\\/www.lvbe.uha.fr\\\/wp-content\\\/uploads\\\/2026\\\/04\\\/logo-VitiSense.jpg\",\"width\":640,\"height\":202},{\"@type\":\"BreadcrumbList\",\"@id\":\"https:\\\/\\\/www.lvbe.uha.fr\\\/index.php\\\/recherche\\\/axe-2-nouveaux-outils\\\/projet-vitisense\\\/#breadcrumb\",\"itemListElement\":[{\"@type\":\"ListItem\",\"position\":1,\"name\":\"Accueil\",\"item\":\"https:\\\/\\\/www.lvbe.uha.fr\\\/\"},{\"@type\":\"ListItem\",\"position\":2,\"name\":\"Recherche\",\"item\":\"https:\\\/\\\/www.lvbe.uha.fr\\\/index.php\\\/recherche\\\/\"},{\"@type\":\"ListItem\",\"position\":3,\"name\":\"Axe 2 &#8211; Nouveaux outils\",\"item\":\"https:\\\/\\\/www.lvbe.uha.fr\\\/index.php\\\/recherche\\\/axe-2-nouveaux-outils\\\/\"},{\"@type\":\"ListItem\",\"position\":4,\"name\":\"Projet VitiSense\"}]},{\"@type\":\"WebSite\",\"@id\":\"https:\\\/\\\/www.lvbe.uha.fr\\\/#website\",\"url\":\"https:\\\/\\\/www.lvbe.uha.fr\\\/\",\"name\":\"LVBE - Laboratoire Vigne, Biotechnologies, Environnement | Universit\u00e9 de Haute-Alsace\",\"description\":\"Campus Biop\u00f4le | Universit\u00e9 de Haute-Alsace\",\"potentialAction\":[{\"@type\":\"SearchAction\",\"target\":{\"@type\":\"EntryPoint\",\"urlTemplate\":\"https:\\\/\\\/www.lvbe.uha.fr\\\/?s={search_term_string}\"},\"query-input\":{\"@type\":\"PropertyValueSpecification\",\"valueRequired\":true,\"valueName\":\"search_term_string\"}}],\"inLanguage\":\"fr-FR\"}]}<\/script>\n<!-- \/ Yoast SEO plugin. -->","yoast_head_json":{"title":"Projet VitiSense - LVBE - Laboratoire Vigne, Biotechnologies, Environnement | Universit\u00e9 de Haute-Alsace","robots":{"index":"index","follow":"follow","max-snippet":"max-snippet:-1","max-image-preview":"max-image-preview:large","max-video-preview":"max-video-preview:-1"},"canonical":"https:\/\/www.lvbe.uha.fr\/index.php\/recherche\/axe-2-nouveaux-outils\/projet-vitisense\/","og_locale":"fr_FR","og_type":"article","og_title":"Projet VitiSense - LVBE - Laboratoire Vigne, Biotechnologies, Environnement | Universit\u00e9 de Haute-Alsace","og_description":"&nbsp; &nbsp; &nbsp;","og_url":"https:\/\/www.lvbe.uha.fr\/index.php\/recherche\/axe-2-nouveaux-outils\/projet-vitisense\/","og_site_name":"LVBE - Laboratoire Vigne, Biotechnologies, Environnement | Universit\u00e9 de Haute-Alsace","article_modified_time":"2026-04-27T09:24:12+00:00","og_image":[{"url":"https:\/\/www.lvbe.uha.fr\/wp-content\/uploads\/2026\/04\/logo-VitiSense.jpg","type":"","width":"","height":""}],"twitter_card":"summary_large_image","twitter_misc":{"Dur\u00e9e de lecture estim\u00e9e":"3 minutes"},"schema":{"@context":"https:\/\/schema.org","@graph":[{"@type":"WebPage","@id":"https:\/\/www.lvbe.uha.fr\/index.php\/recherche\/axe-2-nouveaux-outils\/projet-vitisense\/","url":"https:\/\/www.lvbe.uha.fr\/index.php\/recherche\/axe-2-nouveaux-outils\/projet-vitisense\/","name":"Projet VitiSense - LVBE - Laboratoire Vigne, Biotechnologies, Environnement | Universit\u00e9 de Haute-Alsace","isPartOf":{"@id":"https:\/\/www.lvbe.uha.fr\/#website"},"primaryImageOfPage":{"@id":"https:\/\/www.lvbe.uha.fr\/index.php\/recherche\/axe-2-nouveaux-outils\/projet-vitisense\/#primaryimage"},"image":{"@id":"https:\/\/www.lvbe.uha.fr\/index.php\/recherche\/axe-2-nouveaux-outils\/projet-vitisense\/#primaryimage"},"thumbnailUrl":"https:\/\/www.lvbe.uha.fr\/wp-content\/uploads\/2026\/04\/logo-VitiSense.jpg","datePublished":"2026-04-27T09:24:04+00:00","dateModified":"2026-04-27T09:24:12+00:00","breadcrumb":{"@id":"https:\/\/www.lvbe.uha.fr\/index.php\/recherche\/axe-2-nouveaux-outils\/projet-vitisense\/#breadcrumb"},"inLanguage":"fr-FR","potentialAction":[{"@type":"ReadAction","target":["https:\/\/www.lvbe.uha.fr\/index.php\/recherche\/axe-2-nouveaux-outils\/projet-vitisense\/"]}]},{"@type":"ImageObject","inLanguage":"fr-FR","@id":"https:\/\/www.lvbe.uha.fr\/index.php\/recherche\/axe-2-nouveaux-outils\/projet-vitisense\/#primaryimage","url":"https:\/\/www.lvbe.uha.fr\/wp-content\/uploads\/2026\/04\/logo-VitiSense.jpg","contentUrl":"https:\/\/www.lvbe.uha.fr\/wp-content\/uploads\/2026\/04\/logo-VitiSense.jpg","width":640,"height":202},{"@type":"BreadcrumbList","@id":"https:\/\/www.lvbe.uha.fr\/index.php\/recherche\/axe-2-nouveaux-outils\/projet-vitisense\/#breadcrumb","itemListElement":[{"@type":"ListItem","position":1,"name":"Accueil","item":"https:\/\/www.lvbe.uha.fr\/"},{"@type":"ListItem","position":2,"name":"Recherche","item":"https:\/\/www.lvbe.uha.fr\/index.php\/recherche\/"},{"@type":"ListItem","position":3,"name":"Axe 2 &#8211; Nouveaux outils","item":"https:\/\/www.lvbe.uha.fr\/index.php\/recherche\/axe-2-nouveaux-outils\/"},{"@type":"ListItem","position":4,"name":"Projet VitiSense"}]},{"@type":"WebSite","@id":"https:\/\/www.lvbe.uha.fr\/#website","url":"https:\/\/www.lvbe.uha.fr\/","name":"LVBE - Laboratoire Vigne, Biotechnologies, Environnement | Universit\u00e9 de Haute-Alsace","description":"Campus Biop\u00f4le | Universit\u00e9 de Haute-Alsace","potentialAction":[{"@type":"SearchAction","target":{"@type":"EntryPoint","urlTemplate":"https:\/\/www.lvbe.uha.fr\/?s={search_term_string}"},"query-input":{"@type":"PropertyValueSpecification","valueRequired":true,"valueName":"search_term_string"}}],"inLanguage":"fr-FR"}]}},"_links":{"self":[{"href":"https:\/\/www.lvbe.uha.fr\/index.php\/wp-json\/wp\/v2\/pages\/4814","targetHints":{"allow":["GET"]}}],"collection":[{"href":"https:\/\/www.lvbe.uha.fr\/index.php\/wp-json\/wp\/v2\/pages"}],"about":[{"href":"https:\/\/www.lvbe.uha.fr\/index.php\/wp-json\/wp\/v2\/types\/page"}],"author":[{"embeddable":true,"href":"https:\/\/www.lvbe.uha.fr\/index.php\/wp-json\/wp\/v2\/users\/2"}],"replies":[{"embeddable":true,"href":"https:\/\/www.lvbe.uha.fr\/index.php\/wp-json\/wp\/v2\/comments?post=4814"}],"version-history":[{"count":6,"href":"https:\/\/www.lvbe.uha.fr\/index.php\/wp-json\/wp\/v2\/pages\/4814\/revisions"}],"predecessor-version":[{"id":4823,"href":"https:\/\/www.lvbe.uha.fr\/index.php\/wp-json\/wp\/v2\/pages\/4814\/revisions\/4823"}],"up":[{"embeddable":true,"href":"https:\/\/www.lvbe.uha.fr\/index.php\/wp-json\/wp\/v2\/pages\/248"}],"wp:attachment":[{"href":"https:\/\/www.lvbe.uha.fr\/index.php\/wp-json\/wp\/v2\/media?parent=4814"}],"curies":[{"name":"wp","href":"https:\/\/api.w.org\/{rel}","templated":true}]}}