{"id":4643,"date":"2025-09-05T15:21:35","date_gmt":"2025-09-05T13:21:35","guid":{"rendered":"https:\/\/www.lvbe.uha.fr\/?page_id=4643"},"modified":"2025-09-08T11:25:40","modified_gmt":"2025-09-08T09:25:40","slug":"dr-jeremy-berthelier","status":"publish","type":"page","link":"https:\/\/www.lvbe.uha.fr\/index.php\/equipe\/membres-de-lequipe\/dr-jeremy-berthelier\/","title":{"rendered":"Dr. J\u00e9r\u00e9my BERTHELIER"},"content":{"rendered":"<p>Ma\u00eetre de Conf\u00e9rences<\/p>\n<p>Courriel : <a href=\"mailto:jeremy.berthelier@uha.fr\">jeremy.berthelier@uha.fr<\/a><\/p>\n<p>&nbsp;<\/p>\n<h2>Fonction actuelle :<\/h2>\n<p><strong>Ma\u00eetre de conf\u00e9rences \u00e0 l\u2019IUT de Colmar<\/strong> (Universit\u00e9 de Haute-Alsace) et <strong>activit\u00e9s de recherche au Laboratoire Vigne, Biotechnologies et Environnement.<\/strong><\/p>\n<h2><strong>Exp\u00e9riences professionnelles\u00a0:<\/strong><\/h2>\n<p><strong>2024-2025<\/strong> : Bio-informaticien au centre de recherche de l\u2019entreprise Limagrain (Chappes, France).<\/p>\n<p><strong>2019-2023<\/strong> : Chercheur post-doctorant au sein du laboratoire <em>Plant Epigenetics Unit<\/em>, \u00e0 l<strong>\u2019Okinawa<\/strong> Institute of Science and Technology Graduate University (Okinawa, <strong>Japon)<\/strong>.<\/p>\n<p><strong>2015-2018<\/strong> : Doctorat co-encadr\u00e9 par le laboratoire PBA \u2013 Physiologie et Biotechnologie des Algues \u00e0 l\u2019Ifremer (Nantes, France) et le laboratoire BiOSSE \u2013 Biologie des Organismes, Stress, Sant\u00e9, Environnement de l\u2019Universit\u00e9 du Mans (Le Mans, France).<\/p>\n<h2><strong>Publications\u00a0:<\/strong><\/h2>\n<p><a href=\"https:\/\/scholar.google.com\/citations?user=uXSUUJYAAAAJ&amp;hl=en\"><strong>https:\/\/scholar.google.com\/citations?user=uXSUUJYAAAAJ&amp;hl=en<\/strong><\/a><\/p>\n<p><strong>\u00a0<\/strong><\/p>\n<p>&nbsp;<\/p>\n<p>&nbsp;<\/p>\n","protected":false},"excerpt":{"rendered":"<p>Ma\u00eetre de Conf\u00e9rences Courriel : jeremy.berthelier@uha.fr &nbsp; Fonction actuelle : Ma\u00eetre de conf\u00e9rences \u00e0 l\u2019IUT de Colmar (Universit\u00e9 de Haute-Alsace) et activit\u00e9s de recherche au Laboratoire Vigne, Biotechnologies et Environnement. Exp\u00e9riences professionnelles\u00a0: 2024-2025 : Bio-informaticien au centre de recherche de l\u2019entreprise Limagrain (Chappes, France). 2019-2023 : Chercheur post-doctorant au sein du laboratoire Plant Epigenetics Unit, [&hellip;]<\/p>\n","protected":false},"author":2,"featured_media":0,"parent":1751,"menu_order":0,"comment_status":"closed","ping_status":"closed","template":"","meta":{"footnotes":""},"class_list":["post-4643","page","type-page","status-publish","hentry"],"yoast_head":"<!-- This site is optimized with the Yoast SEO plugin v27.4 - https:\/\/yoast.com\/product\/yoast-seo-wordpress\/ -->\n<title>Dr. J\u00e9r\u00e9my BERTHELIER - LVBE - Laboratoire Vigne, Biotechnologies, Environnement | Universit\u00e9 de Haute-Alsace<\/title>\n<meta name=\"robots\" content=\"index, follow, max-snippet:-1, max-image-preview:large, max-video-preview:-1\" \/>\n<link rel=\"canonical\" href=\"https:\/\/www.lvbe.uha.fr\/index.php\/equipe\/membres-de-lequipe\/dr-jeremy-berthelier\/\" \/>\n<meta property=\"og:locale\" content=\"fr_FR\" \/>\n<meta property=\"og:type\" content=\"article\" \/>\n<meta property=\"og:title\" content=\"Dr. J\u00e9r\u00e9my BERTHELIER - LVBE - Laboratoire Vigne, Biotechnologies, Environnement | Universit\u00e9 de Haute-Alsace\" \/>\n<meta property=\"og:description\" content=\"Ma\u00eetre de Conf\u00e9rences Courriel : jeremy.berthelier@uha.fr &nbsp; Fonction actuelle : Ma\u00eetre de conf\u00e9rences \u00e0 l\u2019IUT de Colmar (Universit\u00e9 de Haute-Alsace) et activit\u00e9s de recherche au Laboratoire Vigne, Biotechnologies et Environnement. Exp\u00e9riences professionnelles\u00a0: 2024-2025 : Bio-informaticien au centre de recherche de l\u2019entreprise Limagrain (Chappes, France). 2019-2023 : Chercheur post-doctorant au sein du laboratoire Plant Epigenetics Unit, [&hellip;]\" \/>\n<meta property=\"og:url\" content=\"https:\/\/www.lvbe.uha.fr\/index.php\/equipe\/membres-de-lequipe\/dr-jeremy-berthelier\/\" \/>\n<meta property=\"og:site_name\" content=\"LVBE - Laboratoire Vigne, Biotechnologies, Environnement | Universit\u00e9 de Haute-Alsace\" \/>\n<meta property=\"article:modified_time\" content=\"2025-09-08T09:25:40+00:00\" \/>\n<meta name=\"twitter:card\" content=\"summary_large_image\" \/>\n<meta name=\"twitter:label1\" content=\"Dur\u00e9e de lecture estim\u00e9e\" \/>\n\t<meta name=\"twitter:data1\" content=\"1 minute\" \/>\n<script type=\"application\/ld+json\" class=\"yoast-schema-graph\">{\"@context\":\"https:\\\/\\\/schema.org\",\"@graph\":[{\"@type\":\"WebPage\",\"@id\":\"https:\\\/\\\/www.lvbe.uha.fr\\\/index.php\\\/equipe\\\/membres-de-lequipe\\\/dr-jeremy-berthelier\\\/\",\"url\":\"https:\\\/\\\/www.lvbe.uha.fr\\\/index.php\\\/equipe\\\/membres-de-lequipe\\\/dr-jeremy-berthelier\\\/\",\"name\":\"Dr. J\u00e9r\u00e9my BERTHELIER - LVBE - Laboratoire Vigne, Biotechnologies, Environnement | Universit\u00e9 de Haute-Alsace\",\"isPartOf\":{\"@id\":\"https:\\\/\\\/www.lvbe.uha.fr\\\/#website\"},\"datePublished\":\"2025-09-05T13:21:35+00:00\",\"dateModified\":\"2025-09-08T09:25:40+00:00\",\"breadcrumb\":{\"@id\":\"https:\\\/\\\/www.lvbe.uha.fr\\\/index.php\\\/equipe\\\/membres-de-lequipe\\\/dr-jeremy-berthelier\\\/#breadcrumb\"},\"inLanguage\":\"fr-FR\",\"potentialAction\":[{\"@type\":\"ReadAction\",\"target\":[\"https:\\\/\\\/www.lvbe.uha.fr\\\/index.php\\\/equipe\\\/membres-de-lequipe\\\/dr-jeremy-berthelier\\\/\"]}]},{\"@type\":\"BreadcrumbList\",\"@id\":\"https:\\\/\\\/www.lvbe.uha.fr\\\/index.php\\\/equipe\\\/membres-de-lequipe\\\/dr-jeremy-berthelier\\\/#breadcrumb\",\"itemListElement\":[{\"@type\":\"ListItem\",\"position\":1,\"name\":\"Accueil\",\"item\":\"https:\\\/\\\/www.lvbe.uha.fr\\\/\"},{\"@type\":\"ListItem\",\"position\":2,\"name\":\"\u00c9quipe\",\"item\":\"https:\\\/\\\/www.lvbe.uha.fr\\\/index.php\\\/equipe\\\/\"},{\"@type\":\"ListItem\",\"position\":3,\"name\":\"Membres de l&rsquo;\u00e9quipe\",\"item\":\"https:\\\/\\\/www.lvbe.uha.fr\\\/index.php\\\/equipe\\\/membres-de-lequipe\\\/\"},{\"@type\":\"ListItem\",\"position\":4,\"name\":\"Dr. J\u00e9r\u00e9my BERTHELIER\"}]},{\"@type\":\"WebSite\",\"@id\":\"https:\\\/\\\/www.lvbe.uha.fr\\\/#website\",\"url\":\"https:\\\/\\\/www.lvbe.uha.fr\\\/\",\"name\":\"LVBE - Laboratoire Vigne, Biotechnologies, Environnement | Universit\u00e9 de Haute-Alsace\",\"description\":\"Campus Biop\u00f4le | Universit\u00e9 de Haute-Alsace\",\"potentialAction\":[{\"@type\":\"SearchAction\",\"target\":{\"@type\":\"EntryPoint\",\"urlTemplate\":\"https:\\\/\\\/www.lvbe.uha.fr\\\/?s={search_term_string}\"},\"query-input\":{\"@type\":\"PropertyValueSpecification\",\"valueRequired\":true,\"valueName\":\"search_term_string\"}}],\"inLanguage\":\"fr-FR\"}]}<\/script>\n<!-- \/ Yoast SEO plugin. -->","yoast_head_json":{"title":"Dr. J\u00e9r\u00e9my BERTHELIER - LVBE - Laboratoire Vigne, Biotechnologies, Environnement | Universit\u00e9 de Haute-Alsace","robots":{"index":"index","follow":"follow","max-snippet":"max-snippet:-1","max-image-preview":"max-image-preview:large","max-video-preview":"max-video-preview:-1"},"canonical":"https:\/\/www.lvbe.uha.fr\/index.php\/equipe\/membres-de-lequipe\/dr-jeremy-berthelier\/","og_locale":"fr_FR","og_type":"article","og_title":"Dr. J\u00e9r\u00e9my BERTHELIER - LVBE - Laboratoire Vigne, Biotechnologies, Environnement | Universit\u00e9 de Haute-Alsace","og_description":"Ma\u00eetre de Conf\u00e9rences Courriel : jeremy.berthelier@uha.fr &nbsp; Fonction actuelle : Ma\u00eetre de conf\u00e9rences \u00e0 l\u2019IUT de Colmar (Universit\u00e9 de Haute-Alsace) et activit\u00e9s de recherche au Laboratoire Vigne, Biotechnologies et Environnement. Exp\u00e9riences professionnelles\u00a0: 2024-2025 : Bio-informaticien au centre de recherche de l\u2019entreprise Limagrain (Chappes, France). 2019-2023 : Chercheur post-doctorant au sein du laboratoire Plant Epigenetics Unit, [&hellip;]","og_url":"https:\/\/www.lvbe.uha.fr\/index.php\/equipe\/membres-de-lequipe\/dr-jeremy-berthelier\/","og_site_name":"LVBE - Laboratoire Vigne, Biotechnologies, Environnement | Universit\u00e9 de Haute-Alsace","article_modified_time":"2025-09-08T09:25:40+00:00","twitter_card":"summary_large_image","twitter_misc":{"Dur\u00e9e de lecture estim\u00e9e":"1 minute"},"schema":{"@context":"https:\/\/schema.org","@graph":[{"@type":"WebPage","@id":"https:\/\/www.lvbe.uha.fr\/index.php\/equipe\/membres-de-lequipe\/dr-jeremy-berthelier\/","url":"https:\/\/www.lvbe.uha.fr\/index.php\/equipe\/membres-de-lequipe\/dr-jeremy-berthelier\/","name":"Dr. J\u00e9r\u00e9my BERTHELIER - LVBE - Laboratoire Vigne, Biotechnologies, Environnement | Universit\u00e9 de Haute-Alsace","isPartOf":{"@id":"https:\/\/www.lvbe.uha.fr\/#website"},"datePublished":"2025-09-05T13:21:35+00:00","dateModified":"2025-09-08T09:25:40+00:00","breadcrumb":{"@id":"https:\/\/www.lvbe.uha.fr\/index.php\/equipe\/membres-de-lequipe\/dr-jeremy-berthelier\/#breadcrumb"},"inLanguage":"fr-FR","potentialAction":[{"@type":"ReadAction","target":["https:\/\/www.lvbe.uha.fr\/index.php\/equipe\/membres-de-lequipe\/dr-jeremy-berthelier\/"]}]},{"@type":"BreadcrumbList","@id":"https:\/\/www.lvbe.uha.fr\/index.php\/equipe\/membres-de-lequipe\/dr-jeremy-berthelier\/#breadcrumb","itemListElement":[{"@type":"ListItem","position":1,"name":"Accueil","item":"https:\/\/www.lvbe.uha.fr\/"},{"@type":"ListItem","position":2,"name":"\u00c9quipe","item":"https:\/\/www.lvbe.uha.fr\/index.php\/equipe\/"},{"@type":"ListItem","position":3,"name":"Membres de l&rsquo;\u00e9quipe","item":"https:\/\/www.lvbe.uha.fr\/index.php\/equipe\/membres-de-lequipe\/"},{"@type":"ListItem","position":4,"name":"Dr. J\u00e9r\u00e9my BERTHELIER"}]},{"@type":"WebSite","@id":"https:\/\/www.lvbe.uha.fr\/#website","url":"https:\/\/www.lvbe.uha.fr\/","name":"LVBE - Laboratoire Vigne, Biotechnologies, Environnement | Universit\u00e9 de Haute-Alsace","description":"Campus Biop\u00f4le | Universit\u00e9 de Haute-Alsace","potentialAction":[{"@type":"SearchAction","target":{"@type":"EntryPoint","urlTemplate":"https:\/\/www.lvbe.uha.fr\/?s={search_term_string}"},"query-input":{"@type":"PropertyValueSpecification","valueRequired":true,"valueName":"search_term_string"}}],"inLanguage":"fr-FR"}]}},"_links":{"self":[{"href":"https:\/\/www.lvbe.uha.fr\/index.php\/wp-json\/wp\/v2\/pages\/4643","targetHints":{"allow":["GET"]}}],"collection":[{"href":"https:\/\/www.lvbe.uha.fr\/index.php\/wp-json\/wp\/v2\/pages"}],"about":[{"href":"https:\/\/www.lvbe.uha.fr\/index.php\/wp-json\/wp\/v2\/types\/page"}],"author":[{"embeddable":true,"href":"https:\/\/www.lvbe.uha.fr\/index.php\/wp-json\/wp\/v2\/users\/2"}],"replies":[{"embeddable":true,"href":"https:\/\/www.lvbe.uha.fr\/index.php\/wp-json\/wp\/v2\/comments?post=4643"}],"version-history":[{"count":4,"href":"https:\/\/www.lvbe.uha.fr\/index.php\/wp-json\/wp\/v2\/pages\/4643\/revisions"}],"predecessor-version":[{"id":4650,"href":"https:\/\/www.lvbe.uha.fr\/index.php\/wp-json\/wp\/v2\/pages\/4643\/revisions\/4650"}],"up":[{"embeddable":true,"href":"https:\/\/www.lvbe.uha.fr\/index.php\/wp-json\/wp\/v2\/pages\/1751"}],"wp:attachment":[{"href":"https:\/\/www.lvbe.uha.fr\/index.php\/wp-json\/wp\/v2\/media?parent=4643"}],"curies":[{"name":"wp","href":"https:\/\/api.w.org\/{rel}","templated":true}]}}