{"id":4262,"date":"2023-10-06T15:14:07","date_gmt":"2023-10-06T13:14:07","guid":{"rendered":"https:\/\/www.lvbe.uha.fr\/?page_id=4262"},"modified":"2023-10-06T15:14:07","modified_gmt":"2023-10-06T13:14:07","slug":"margot-elz","status":"publish","type":"page","link":"https:\/\/www.lvbe.uha.fr\/index.php\/equipe\/membres-de-lequipe\/margot-elz\/","title":{"rendered":"Margot ELZ"},"content":{"rendered":"<p>Doctorante au LVBE<\/p>\n<p>Courriel : <a href=\"mailto:margot.elz@uha.fr\">margot.elz@uha.fr<\/a><\/p>\n<div class=\"su-row\">\n<div class=\"su-column su-column-size-1-2\"><div class=\"su-column-inner su-u-clearfix su-u-trim\">\n<h1>Activit\u00e9s de recherche<\/h1>\n<h2>En th\u00e8se :<\/h2>\n<ul>\n<li>Depuis Octobre 2023<\/li>\n<\/ul>\n<p>sous la direction du Pr M. FISCHER,<br \/>\nUniversit\u00e9 de Haute-Alsace \/ Laboratoire Vigne, Biotechnologies et Environnement<em> EA 3991, <\/em><em>Colmar (68) <\/em><\/p>\n<p>Sujet : <strong>\u00c9tude de l\u2019implantation de bact\u00e9ries racinaires chez la vigne, interactions vigne-microorganismes phytoprotecteurs.<\/strong><\/p>\n<h1>Dipl\u00f4mes et formations<\/h1>\n<p><strong>Master de Microbiologie, parcours Recherche et Innovation en Microbiologie<\/strong><\/p>\n<p>2021-2023<\/p>\n<p>Mention\u00a0: Bien<\/p>\n<p><strong>Licence Sciences de la Vie<\/strong><\/p>\n<p>2018-2021<\/p>\n<p>Mention\u00a0: Assez bien<\/p>\n<p><strong>Premi\u00e8re ann\u00e9e commune aux \u00e9tudes de sant\u00e9 (PACES)<\/strong><\/p>\n<p>2017-2018<\/p>\n<p><strong>Baccalaur\u00e9at S, sp\u00e9cialit\u00e9 SVT<\/strong><\/p>\n<p>2014-2017<\/p>\n<p>Mention\u00a0: Tr\u00e8s Bien<\/p>\n<\/div><\/div>\n<div class=\"su-column su-column-size-1-2\"><div class=\"su-column-inner su-u-clearfix su-u-trim\">\n<h1>Exp\u00e9riences professionnelles<\/h1>\n<p><strong>Stage de Master 2 <\/strong><\/p>\n<p>Janvier \u2013 Juin 2023<\/p>\n<p>UMR INRAE\/Universit\u00e9 de Lorraine 1136 Interactions Arbres Microorganismes \u2013 Vandoeuvre les Nancy (54)<\/p>\n<p><em>Caract\u00e9risation de mutants de Phanerochaete chrysosporium r\u00e9sistants \u00e0 des mol\u00e9cules antifongiques.<\/em><\/p>\n<p><strong>Stage de Master 1 <\/strong><\/p>\n<p>Avril \u2013 Mai 2022<\/p>\n<p>UMR INRAE\/Universit\u00e9 de Lorraine 1136 Interactions Arbres Microorganismes \u2013 Vandoeuvre les Nancy (54)<\/p>\n<p><em>Criblage antifongique d\u2019extractibles de plantes et analyse de synergie avec un peptide antifongique.<\/em><\/p>\n<h1>Comp\u00e9tences<\/h1>\n<p><strong>Microbiologie, Biotechnologies<\/strong><\/p>\n<p>Culture in vitro bact\u00e9ries et champignons<\/p>\n<p>Transformation de champignon basidiomyc\u00e8te et de bact\u00e9ries (E. coli, A. tumefaciens)<\/p>\n<p>Clonage par Golden Gate<\/p>\n<p>Crispr-Best<\/p>\n<p><strong>Biologie Mol\u00e9culaire<\/strong><\/p>\n<p>Extraction d\u2019ADN bact\u00e9rien et fongique<\/p>\n<p>PCR<\/p>\n<p><strong>Bio-informatique<\/strong><\/p>\n<p>Analyse de s\u00e9quences<\/p>\n<p>Design d\u2019amorces<\/p>\n<p>Pr\u00e9diction d\u2019effectorome<\/p>\n<p>AlphaFold<\/p>\n<p><strong>Biochimie<\/strong><\/p>\n<p>Production et purification de prot\u00e9ines<\/p>\n<p>Caract\u00e9risation de prot\u00e9ines<\/p>\n<p>&nbsp;<\/p>\n<\/div><\/div>\n<\/div>\n","protected":false},"excerpt":{"rendered":"<p>Doctorante au LVBE Courriel : margot.elz@uha.fr<\/p>\n","protected":false},"author":2,"featured_media":0,"parent":1751,"menu_order":0,"comment_status":"closed","ping_status":"closed","template":"","meta":{"footnotes":""},"class_list":["post-4262","page","type-page","status-publish","hentry"],"yoast_head":"<!-- This site is optimized with the Yoast SEO plugin v27.4 - https:\/\/yoast.com\/product\/yoast-seo-wordpress\/ -->\n<title>Margot ELZ - LVBE - Laboratoire Vigne, Biotechnologies, Environnement | Universit\u00e9 de Haute-Alsace<\/title>\n<meta name=\"robots\" content=\"index, follow, max-snippet:-1, max-image-preview:large, max-video-preview:-1\" \/>\n<link rel=\"canonical\" href=\"https:\/\/www.lvbe.uha.fr\/index.php\/equipe\/membres-de-lequipe\/margot-elz\/\" \/>\n<meta property=\"og:locale\" content=\"fr_FR\" \/>\n<meta property=\"og:type\" content=\"article\" \/>\n<meta property=\"og:title\" content=\"Margot ELZ - LVBE - Laboratoire Vigne, Biotechnologies, Environnement | Universit\u00e9 de Haute-Alsace\" \/>\n<meta property=\"og:description\" content=\"Doctorante au LVBE Courriel : margot.elz@uha.fr\" \/>\n<meta property=\"og:url\" content=\"https:\/\/www.lvbe.uha.fr\/index.php\/equipe\/membres-de-lequipe\/margot-elz\/\" \/>\n<meta property=\"og:site_name\" content=\"LVBE - Laboratoire Vigne, Biotechnologies, Environnement | Universit\u00e9 de Haute-Alsace\" \/>\n<meta name=\"twitter:card\" content=\"summary_large_image\" \/>\n<meta name=\"twitter:label1\" content=\"Dur\u00e9e de lecture estim\u00e9e\" \/>\n\t<meta name=\"twitter:data1\" content=\"2 minutes\" \/>\n<script type=\"application\/ld+json\" class=\"yoast-schema-graph\">{\"@context\":\"https:\\\/\\\/schema.org\",\"@graph\":[{\"@type\":\"WebPage\",\"@id\":\"https:\\\/\\\/www.lvbe.uha.fr\\\/index.php\\\/equipe\\\/membres-de-lequipe\\\/margot-elz\\\/\",\"url\":\"https:\\\/\\\/www.lvbe.uha.fr\\\/index.php\\\/equipe\\\/membres-de-lequipe\\\/margot-elz\\\/\",\"name\":\"Margot ELZ - LVBE - Laboratoire Vigne, Biotechnologies, Environnement | Universit\u00e9 de Haute-Alsace\",\"isPartOf\":{\"@id\":\"https:\\\/\\\/www.lvbe.uha.fr\\\/#website\"},\"datePublished\":\"2023-10-06T13:14:07+00:00\",\"breadcrumb\":{\"@id\":\"https:\\\/\\\/www.lvbe.uha.fr\\\/index.php\\\/equipe\\\/membres-de-lequipe\\\/margot-elz\\\/#breadcrumb\"},\"inLanguage\":\"fr-FR\",\"potentialAction\":[{\"@type\":\"ReadAction\",\"target\":[\"https:\\\/\\\/www.lvbe.uha.fr\\\/index.php\\\/equipe\\\/membres-de-lequipe\\\/margot-elz\\\/\"]}]},{\"@type\":\"BreadcrumbList\",\"@id\":\"https:\\\/\\\/www.lvbe.uha.fr\\\/index.php\\\/equipe\\\/membres-de-lequipe\\\/margot-elz\\\/#breadcrumb\",\"itemListElement\":[{\"@type\":\"ListItem\",\"position\":1,\"name\":\"Accueil\",\"item\":\"https:\\\/\\\/www.lvbe.uha.fr\\\/\"},{\"@type\":\"ListItem\",\"position\":2,\"name\":\"\u00c9quipe\",\"item\":\"https:\\\/\\\/www.lvbe.uha.fr\\\/index.php\\\/equipe\\\/\"},{\"@type\":\"ListItem\",\"position\":3,\"name\":\"Membres de l&rsquo;\u00e9quipe\",\"item\":\"https:\\\/\\\/www.lvbe.uha.fr\\\/index.php\\\/equipe\\\/membres-de-lequipe\\\/\"},{\"@type\":\"ListItem\",\"position\":4,\"name\":\"Margot ELZ\"}]},{\"@type\":\"WebSite\",\"@id\":\"https:\\\/\\\/www.lvbe.uha.fr\\\/#website\",\"url\":\"https:\\\/\\\/www.lvbe.uha.fr\\\/\",\"name\":\"LVBE - Laboratoire Vigne, Biotechnologies, Environnement | Universit\u00e9 de Haute-Alsace\",\"description\":\"Campus Biop\u00f4le | Universit\u00e9 de Haute-Alsace\",\"potentialAction\":[{\"@type\":\"SearchAction\",\"target\":{\"@type\":\"EntryPoint\",\"urlTemplate\":\"https:\\\/\\\/www.lvbe.uha.fr\\\/?s={search_term_string}\"},\"query-input\":{\"@type\":\"PropertyValueSpecification\",\"valueRequired\":true,\"valueName\":\"search_term_string\"}}],\"inLanguage\":\"fr-FR\"}]}<\/script>\n<!-- \/ Yoast SEO plugin. -->","yoast_head_json":{"title":"Margot ELZ - LVBE - Laboratoire Vigne, Biotechnologies, Environnement | Universit\u00e9 de Haute-Alsace","robots":{"index":"index","follow":"follow","max-snippet":"max-snippet:-1","max-image-preview":"max-image-preview:large","max-video-preview":"max-video-preview:-1"},"canonical":"https:\/\/www.lvbe.uha.fr\/index.php\/equipe\/membres-de-lequipe\/margot-elz\/","og_locale":"fr_FR","og_type":"article","og_title":"Margot ELZ - LVBE - Laboratoire Vigne, Biotechnologies, Environnement | Universit\u00e9 de Haute-Alsace","og_description":"Doctorante au LVBE Courriel : margot.elz@uha.fr","og_url":"https:\/\/www.lvbe.uha.fr\/index.php\/equipe\/membres-de-lequipe\/margot-elz\/","og_site_name":"LVBE - Laboratoire Vigne, Biotechnologies, Environnement | Universit\u00e9 de Haute-Alsace","twitter_card":"summary_large_image","twitter_misc":{"Dur\u00e9e de lecture estim\u00e9e":"2 minutes"},"schema":{"@context":"https:\/\/schema.org","@graph":[{"@type":"WebPage","@id":"https:\/\/www.lvbe.uha.fr\/index.php\/equipe\/membres-de-lequipe\/margot-elz\/","url":"https:\/\/www.lvbe.uha.fr\/index.php\/equipe\/membres-de-lequipe\/margot-elz\/","name":"Margot ELZ - LVBE - Laboratoire Vigne, Biotechnologies, Environnement | Universit\u00e9 de Haute-Alsace","isPartOf":{"@id":"https:\/\/www.lvbe.uha.fr\/#website"},"datePublished":"2023-10-06T13:14:07+00:00","breadcrumb":{"@id":"https:\/\/www.lvbe.uha.fr\/index.php\/equipe\/membres-de-lequipe\/margot-elz\/#breadcrumb"},"inLanguage":"fr-FR","potentialAction":[{"@type":"ReadAction","target":["https:\/\/www.lvbe.uha.fr\/index.php\/equipe\/membres-de-lequipe\/margot-elz\/"]}]},{"@type":"BreadcrumbList","@id":"https:\/\/www.lvbe.uha.fr\/index.php\/equipe\/membres-de-lequipe\/margot-elz\/#breadcrumb","itemListElement":[{"@type":"ListItem","position":1,"name":"Accueil","item":"https:\/\/www.lvbe.uha.fr\/"},{"@type":"ListItem","position":2,"name":"\u00c9quipe","item":"https:\/\/www.lvbe.uha.fr\/index.php\/equipe\/"},{"@type":"ListItem","position":3,"name":"Membres de l&rsquo;\u00e9quipe","item":"https:\/\/www.lvbe.uha.fr\/index.php\/equipe\/membres-de-lequipe\/"},{"@type":"ListItem","position":4,"name":"Margot ELZ"}]},{"@type":"WebSite","@id":"https:\/\/www.lvbe.uha.fr\/#website","url":"https:\/\/www.lvbe.uha.fr\/","name":"LVBE - Laboratoire Vigne, Biotechnologies, Environnement | Universit\u00e9 de Haute-Alsace","description":"Campus Biop\u00f4le | Universit\u00e9 de Haute-Alsace","potentialAction":[{"@type":"SearchAction","target":{"@type":"EntryPoint","urlTemplate":"https:\/\/www.lvbe.uha.fr\/?s={search_term_string}"},"query-input":{"@type":"PropertyValueSpecification","valueRequired":true,"valueName":"search_term_string"}}],"inLanguage":"fr-FR"}]}},"_links":{"self":[{"href":"https:\/\/www.lvbe.uha.fr\/index.php\/wp-json\/wp\/v2\/pages\/4262","targetHints":{"allow":["GET"]}}],"collection":[{"href":"https:\/\/www.lvbe.uha.fr\/index.php\/wp-json\/wp\/v2\/pages"}],"about":[{"href":"https:\/\/www.lvbe.uha.fr\/index.php\/wp-json\/wp\/v2\/types\/page"}],"author":[{"embeddable":true,"href":"https:\/\/www.lvbe.uha.fr\/index.php\/wp-json\/wp\/v2\/users\/2"}],"replies":[{"embeddable":true,"href":"https:\/\/www.lvbe.uha.fr\/index.php\/wp-json\/wp\/v2\/comments?post=4262"}],"version-history":[{"count":4,"href":"https:\/\/www.lvbe.uha.fr\/index.php\/wp-json\/wp\/v2\/pages\/4262\/revisions"}],"predecessor-version":[{"id":4272,"href":"https:\/\/www.lvbe.uha.fr\/index.php\/wp-json\/wp\/v2\/pages\/4262\/revisions\/4272"}],"up":[{"embeddable":true,"href":"https:\/\/www.lvbe.uha.fr\/index.php\/wp-json\/wp\/v2\/pages\/1751"}],"wp:attachment":[{"href":"https:\/\/www.lvbe.uha.fr\/index.php\/wp-json\/wp\/v2\/media?parent=4262"}],"curies":[{"name":"wp","href":"https:\/\/api.w.org\/{rel}","templated":true}]}}