{"id":41,"date":"2018-04-06T10:36:34","date_gmt":"2018-04-06T08:36:34","guid":{"rendered":"https:\/\/www.lvbe.uha.fr\/\/?page_id=41"},"modified":"2022-03-04T11:13:53","modified_gmt":"2022-03-04T10:13:53","slug":"dr-david-huguenot","status":"publish","type":"page","link":"https:\/\/www.lvbe.uha.fr\/index.php\/equipe\/docteurs-es-sciences-formes-au-lvbe\/dr-david-huguenot\/","title":{"rendered":"Dr. David HUGUENOT"},"content":{"rendered":"<h2>Mise au point d&rsquo;un proc\u00e9d\u00e9 associant bio augmentation et phytoextraction pour le traitement de s\u00e9diments viticoles riches en cuivre : mise au point au laboratoire et application en microcosmes.<\/h2>\n<p>Th\u00e8se soutenue en juillet 2010<br \/>\nSous la direction de Thierry LEBEAU<\/p>\n<p>Les traitements phytosanitaires intensifs en viticulture, conjugu\u00e9s aux flux de ruissellement, se traduisent par l&rsquo;arriv\u00e9e de cuivre dans les bassins d&rsquo;orage (BO). Des ph\u00e9nom\u00e8nes de bio att\u00e9nuation impliquant la microflore et les macrophytes s&rsquo;observent, mais les niveaux d&rsquo;\u00e9puration sont souvent faibles et variables. La phytoextraction du Cu est une technique int\u00e9ressante in situ mais sa lenteur la p\u00e9nalise. La bio augmentation coupl\u00e9e \u00e0 la phytorem\u00e9diation est une solution pour augmenter la vitesse d&rsquo;extraction. L&rsquo;\u00e9tude a consist\u00e9 \u00e0 s\u00e9lectionner un triplet \u00ab bact\u00e9rie-plante-sorbant \u00bb afin d&rsquo;extraire le Cu du s\u00e9diment et de r\u00e9duire sa teneur dans les eaux en sortie de BO. Les trois composantes ont ensuite \u00e9t\u00e9 assembl\u00e9es dans des microcosmes remplis d&rsquo;un m\u00e9lange sable-s\u00e9diment reproduisant les caract\u00e9ristiques d&rsquo;un BO de r\u00e9f\u00e9rence. Sur 564 isolats bact\u00e9riens cultivables, 84 ont montr\u00e9 une capacit\u00e9 \u00e0 complexer les m\u00e9taux et l&rsquo;isolat n\u00b0l06 a \u00e9t\u00e9 retenu pour sa capacit\u00e9 \u00e0 complexer le Cu. Des trois macrophytes test\u00e9s, <em>Phragmites australis<\/em>, esp\u00e8ce retenue dans la suite de l&rsquo;\u00e9tude, a accumul\u00e9 le plus de Cu dans les parties a\u00e9riennes. Enfin, la pulpe de betterave s&rsquo;est r\u00e9v\u00e9l\u00e9e \u00eatre le sorbant le plus efficace dans une matrice complexe et en pr\u00e9sence d&rsquo;herbicides. Des exp\u00e9riences en microcosmes, mettant en jeu le triplet s\u00e9lectionn\u00e9, ont \u00e9t\u00e9 r\u00e9alis\u00e9es. La localisation de la pulpe de betterave en sortie de microcosmes a r\u00e9duit de 20% les quantit\u00e9s de Cu export\u00e9es par les eaux en atteignant un abattement de 95%. La phytoextraction du Cu a \u00e9t\u00e9 augment\u00e9e par 1,7 gr\u00e2ce \u00e0 la bio augmentation dans le cas d&rsquo;un r\u00e9gime hydraulique semi-continu et d&rsquo;une inoculation r\u00e9p\u00e9t\u00e9e de l&rsquo;isolat n\u00b0106.<\/p>\n","protected":false},"excerpt":{"rendered":"<p>Mise au point d&rsquo;un proc\u00e9d\u00e9 associant bio augmentation et phytoextraction pour le traitement de s\u00e9diments viticoles riches en cuivre : mise au point au laboratoire et application en microcosmes. Th\u00e8se soutenue en juillet 2010 Sous la direction de Thierry LEBEAU Les traitements phytosanitaires intensifs en viticulture, conjugu\u00e9s aux flux de ruissellement, se traduisent par l&rsquo;arriv\u00e9e [&hellip;]<\/p>\n","protected":false},"author":2,"featured_media":0,"parent":1763,"menu_order":0,"comment_status":"closed","ping_status":"closed","template":"","meta":{"footnotes":""},"class_list":["post-41","page","type-page","status-publish","hentry"],"yoast_head":"<!-- This site is optimized with the Yoast SEO plugin v27.4 - https:\/\/yoast.com\/product\/yoast-seo-wordpress\/ -->\n<title>Dr. David HUGUENOT - LVBE - Laboratoire Vigne, Biotechnologies, Environnement | Universit\u00e9 de Haute-Alsace<\/title>\n<meta name=\"robots\" content=\"index, follow, max-snippet:-1, max-image-preview:large, max-video-preview:-1\" \/>\n<link rel=\"canonical\" href=\"https:\/\/www.lvbe.uha.fr\/index.php\/equipe\/docteurs-es-sciences-formes-au-lvbe\/dr-david-huguenot\/\" \/>\n<meta property=\"og:locale\" content=\"fr_FR\" \/>\n<meta property=\"og:type\" content=\"article\" \/>\n<meta property=\"og:title\" content=\"Dr. David HUGUENOT - LVBE - Laboratoire Vigne, Biotechnologies, Environnement | Universit\u00e9 de Haute-Alsace\" \/>\n<meta property=\"og:description\" content=\"Mise au point d&rsquo;un proc\u00e9d\u00e9 associant bio augmentation et phytoextraction pour le traitement de s\u00e9diments viticoles riches en cuivre : mise au point au laboratoire et application en microcosmes. Th\u00e8se soutenue en juillet 2010 Sous la direction de Thierry LEBEAU Les traitements phytosanitaires intensifs en viticulture, conjugu\u00e9s aux flux de ruissellement, se traduisent par l&rsquo;arriv\u00e9e [&hellip;]\" \/>\n<meta property=\"og:url\" content=\"https:\/\/www.lvbe.uha.fr\/index.php\/equipe\/docteurs-es-sciences-formes-au-lvbe\/dr-david-huguenot\/\" \/>\n<meta property=\"og:site_name\" content=\"LVBE - Laboratoire Vigne, Biotechnologies, Environnement | Universit\u00e9 de Haute-Alsace\" \/>\n<meta property=\"article:modified_time\" content=\"2022-03-04T10:13:53+00:00\" \/>\n<meta name=\"twitter:card\" content=\"summary_large_image\" \/>\n<meta name=\"twitter:label1\" content=\"Dur\u00e9e de lecture estim\u00e9e\" \/>\n\t<meta name=\"twitter:data1\" content=\"2 minutes\" \/>\n<script type=\"application\/ld+json\" class=\"yoast-schema-graph\">{\"@context\":\"https:\\\/\\\/schema.org\",\"@graph\":[{\"@type\":\"WebPage\",\"@id\":\"https:\\\/\\\/www.lvbe.uha.fr\\\/index.php\\\/equipe\\\/docteurs-es-sciences-formes-au-lvbe\\\/dr-david-huguenot\\\/\",\"url\":\"https:\\\/\\\/www.lvbe.uha.fr\\\/index.php\\\/equipe\\\/docteurs-es-sciences-formes-au-lvbe\\\/dr-david-huguenot\\\/\",\"name\":\"Dr. David HUGUENOT - LVBE - Laboratoire Vigne, Biotechnologies, Environnement | Universit\u00e9 de Haute-Alsace\",\"isPartOf\":{\"@id\":\"https:\\\/\\\/www.lvbe.uha.fr\\\/#website\"},\"datePublished\":\"2018-04-06T08:36:34+00:00\",\"dateModified\":\"2022-03-04T10:13:53+00:00\",\"breadcrumb\":{\"@id\":\"https:\\\/\\\/www.lvbe.uha.fr\\\/index.php\\\/equipe\\\/docteurs-es-sciences-formes-au-lvbe\\\/dr-david-huguenot\\\/#breadcrumb\"},\"inLanguage\":\"fr-FR\",\"potentialAction\":[{\"@type\":\"ReadAction\",\"target\":[\"https:\\\/\\\/www.lvbe.uha.fr\\\/index.php\\\/equipe\\\/docteurs-es-sciences-formes-au-lvbe\\\/dr-david-huguenot\\\/\"]}]},{\"@type\":\"BreadcrumbList\",\"@id\":\"https:\\\/\\\/www.lvbe.uha.fr\\\/index.php\\\/equipe\\\/docteurs-es-sciences-formes-au-lvbe\\\/dr-david-huguenot\\\/#breadcrumb\",\"itemListElement\":[{\"@type\":\"ListItem\",\"position\":1,\"name\":\"Accueil\",\"item\":\"https:\\\/\\\/www.lvbe.uha.fr\\\/\"},{\"@type\":\"ListItem\",\"position\":2,\"name\":\"\u00c9quipe\",\"item\":\"https:\\\/\\\/www.lvbe.uha.fr\\\/index.php\\\/equipe\\\/\"},{\"@type\":\"ListItem\",\"position\":3,\"name\":\"Docteurs \u00e8s sciences form\u00e9s au LVBE\",\"item\":\"https:\\\/\\\/www.lvbe.uha.fr\\\/index.php\\\/equipe\\\/docteurs-es-sciences-formes-au-lvbe\\\/\"},{\"@type\":\"ListItem\",\"position\":4,\"name\":\"Dr. David HUGUENOT\"}]},{\"@type\":\"WebSite\",\"@id\":\"https:\\\/\\\/www.lvbe.uha.fr\\\/#website\",\"url\":\"https:\\\/\\\/www.lvbe.uha.fr\\\/\",\"name\":\"LVBE - Laboratoire Vigne, Biotechnologies, Environnement | Universit\u00e9 de Haute-Alsace\",\"description\":\"Campus Biop\u00f4le | Universit\u00e9 de Haute-Alsace\",\"potentialAction\":[{\"@type\":\"SearchAction\",\"target\":{\"@type\":\"EntryPoint\",\"urlTemplate\":\"https:\\\/\\\/www.lvbe.uha.fr\\\/?s={search_term_string}\"},\"query-input\":{\"@type\":\"PropertyValueSpecification\",\"valueRequired\":true,\"valueName\":\"search_term_string\"}}],\"inLanguage\":\"fr-FR\"}]}<\/script>\n<!-- \/ Yoast SEO plugin. -->","yoast_head_json":{"title":"Dr. David HUGUENOT - LVBE - Laboratoire Vigne, Biotechnologies, Environnement | Universit\u00e9 de Haute-Alsace","robots":{"index":"index","follow":"follow","max-snippet":"max-snippet:-1","max-image-preview":"max-image-preview:large","max-video-preview":"max-video-preview:-1"},"canonical":"https:\/\/www.lvbe.uha.fr\/index.php\/equipe\/docteurs-es-sciences-formes-au-lvbe\/dr-david-huguenot\/","og_locale":"fr_FR","og_type":"article","og_title":"Dr. David HUGUENOT - LVBE - Laboratoire Vigne, Biotechnologies, Environnement | Universit\u00e9 de Haute-Alsace","og_description":"Mise au point d&rsquo;un proc\u00e9d\u00e9 associant bio augmentation et phytoextraction pour le traitement de s\u00e9diments viticoles riches en cuivre : mise au point au laboratoire et application en microcosmes. Th\u00e8se soutenue en juillet 2010 Sous la direction de Thierry LEBEAU Les traitements phytosanitaires intensifs en viticulture, conjugu\u00e9s aux flux de ruissellement, se traduisent par l&rsquo;arriv\u00e9e [&hellip;]","og_url":"https:\/\/www.lvbe.uha.fr\/index.php\/equipe\/docteurs-es-sciences-formes-au-lvbe\/dr-david-huguenot\/","og_site_name":"LVBE - Laboratoire Vigne, Biotechnologies, Environnement | Universit\u00e9 de Haute-Alsace","article_modified_time":"2022-03-04T10:13:53+00:00","twitter_card":"summary_large_image","twitter_misc":{"Dur\u00e9e de lecture estim\u00e9e":"2 minutes"},"schema":{"@context":"https:\/\/schema.org","@graph":[{"@type":"WebPage","@id":"https:\/\/www.lvbe.uha.fr\/index.php\/equipe\/docteurs-es-sciences-formes-au-lvbe\/dr-david-huguenot\/","url":"https:\/\/www.lvbe.uha.fr\/index.php\/equipe\/docteurs-es-sciences-formes-au-lvbe\/dr-david-huguenot\/","name":"Dr. David HUGUENOT - LVBE - Laboratoire Vigne, Biotechnologies, Environnement | Universit\u00e9 de Haute-Alsace","isPartOf":{"@id":"https:\/\/www.lvbe.uha.fr\/#website"},"datePublished":"2018-04-06T08:36:34+00:00","dateModified":"2022-03-04T10:13:53+00:00","breadcrumb":{"@id":"https:\/\/www.lvbe.uha.fr\/index.php\/equipe\/docteurs-es-sciences-formes-au-lvbe\/dr-david-huguenot\/#breadcrumb"},"inLanguage":"fr-FR","potentialAction":[{"@type":"ReadAction","target":["https:\/\/www.lvbe.uha.fr\/index.php\/equipe\/docteurs-es-sciences-formes-au-lvbe\/dr-david-huguenot\/"]}]},{"@type":"BreadcrumbList","@id":"https:\/\/www.lvbe.uha.fr\/index.php\/equipe\/docteurs-es-sciences-formes-au-lvbe\/dr-david-huguenot\/#breadcrumb","itemListElement":[{"@type":"ListItem","position":1,"name":"Accueil","item":"https:\/\/www.lvbe.uha.fr\/"},{"@type":"ListItem","position":2,"name":"\u00c9quipe","item":"https:\/\/www.lvbe.uha.fr\/index.php\/equipe\/"},{"@type":"ListItem","position":3,"name":"Docteurs \u00e8s sciences form\u00e9s au LVBE","item":"https:\/\/www.lvbe.uha.fr\/index.php\/equipe\/docteurs-es-sciences-formes-au-lvbe\/"},{"@type":"ListItem","position":4,"name":"Dr. David HUGUENOT"}]},{"@type":"WebSite","@id":"https:\/\/www.lvbe.uha.fr\/#website","url":"https:\/\/www.lvbe.uha.fr\/","name":"LVBE - Laboratoire Vigne, Biotechnologies, Environnement | Universit\u00e9 de Haute-Alsace","description":"Campus Biop\u00f4le | Universit\u00e9 de Haute-Alsace","potentialAction":[{"@type":"SearchAction","target":{"@type":"EntryPoint","urlTemplate":"https:\/\/www.lvbe.uha.fr\/?s={search_term_string}"},"query-input":{"@type":"PropertyValueSpecification","valueRequired":true,"valueName":"search_term_string"}}],"inLanguage":"fr-FR"}]}},"_links":{"self":[{"href":"https:\/\/www.lvbe.uha.fr\/index.php\/wp-json\/wp\/v2\/pages\/41","targetHints":{"allow":["GET"]}}],"collection":[{"href":"https:\/\/www.lvbe.uha.fr\/index.php\/wp-json\/wp\/v2\/pages"}],"about":[{"href":"https:\/\/www.lvbe.uha.fr\/index.php\/wp-json\/wp\/v2\/types\/page"}],"author":[{"embeddable":true,"href":"https:\/\/www.lvbe.uha.fr\/index.php\/wp-json\/wp\/v2\/users\/2"}],"replies":[{"embeddable":true,"href":"https:\/\/www.lvbe.uha.fr\/index.php\/wp-json\/wp\/v2\/comments?post=41"}],"version-history":[{"count":9,"href":"https:\/\/www.lvbe.uha.fr\/index.php\/wp-json\/wp\/v2\/pages\/41\/revisions"}],"predecessor-version":[{"id":3595,"href":"https:\/\/www.lvbe.uha.fr\/index.php\/wp-json\/wp\/v2\/pages\/41\/revisions\/3595"}],"up":[{"embeddable":true,"href":"https:\/\/www.lvbe.uha.fr\/index.php\/wp-json\/wp\/v2\/pages\/1763"}],"wp:attachment":[{"href":"https:\/\/www.lvbe.uha.fr\/index.php\/wp-json\/wp\/v2\/media?parent=41"}],"curies":[{"name":"wp","href":"https:\/\/api.w.org\/{rel}","templated":true}]}}