{"id":3998,"date":"2022-12-08T14:19:17","date_gmt":"2022-12-08T13:19:17","guid":{"rendered":"https:\/\/www.lvbe.uha.fr\/?page_id=3998"},"modified":"2024-11-18T11:23:10","modified_gmt":"2024-11-18T10:23:10","slug":"dr-loriane-merlen","status":"publish","type":"page","link":"https:\/\/www.lvbe.uha.fr\/index.php\/equipe\/docteurs-es-sciences-formes-au-lvbe\/dr-loriane-merlen\/","title":{"rendered":"Dr. Loriane MERLEN"},"content":{"rendered":"<h2><strong>Formulation et phytopharmaceutique : le cas du Subsalicylate de Bismuth, un compos\u00e9 fongistatique et stimulateur des d\u00e9fenses des plantes.<\/strong><\/h2>\n<p>Soutenue le 28 novembre 2022, \u00e0 Colmar<\/p>\n<p>Directeur de th\u00e8se : Pr. Christelle DELAITE, Universit\u00e9 de Haute Alsace<\/p>\n<p>Co-directeur de th\u00e8se : <strong>Dr. M\u00e9lanie GELLON<\/strong>, Ma\u00eetre de Conf\u00e9rence, Universit\u00e9 de Haute Alsace<\/p>\n<p>R\u00e9sum\u00e9 :<\/p>\n<p>Depuis l\u2019interdiction d\u2019utilisation de l\u2019ars\u00e9nite de sodium en 2001 en France, une augmentation consid\u00e9rable des vignes touch\u00e9es par les maladies du bois (MDB) a \u00e9t\u00e9 observ\u00e9e. L&rsquo;absence de produit de lutte ayant montr\u00e9 une r\u00e9elle efficacit\u00e9 a conduit au lancement du projet d\u2019\u00e9tude sur le subsalicylate de bismuth (BSS). Ce compos\u00e9 est utilis\u00e9 depuis des d\u00e9cennies dans des produits pharmaceutiques comme le PeptoBismol\u00ae. L\u2019effet dual de ce compos\u00e9 comportant des propri\u00e9t\u00e9s antifongiques sur les agents pathog\u00e8nes des maladies du bois de la vigne et une capacit\u00e9 \u00e0 stimuler les g\u00e8nes de d\u00e9fense des plantes, puisque le BSS contient de l&rsquo;acide salicylique, m\u00e9tabolite secondaire produits par les plantes, a \u00e9t\u00e9 \u00e9tudi\u00e9.<\/p>\n<p>L&rsquo;objectif de cette th\u00e8se \u00e9tait de concevoir des formulations appropri\u00e9es pour le BSS, qui est insoluble dans l&rsquo;eau. Deux formulations ont \u00e9t\u00e9 d\u00e9velopp\u00e9es, avec des particules de tailles suffisamment petites, permettant ainsi d\u2019augmenter la biodisponibilit\u00e9 du compos\u00e9.\u00a0 Des \u00e9tudes <em>in vitro<\/em> de confirmations des propri\u00e9t\u00e9s antifongiques du BSS nouvellement formul\u00e9 sur les champignons impliqu\u00e9s dans les MDB ont \u00e9t\u00e9 r\u00e9alis\u00e9es pour la premi\u00e8re formulation. L\u2019induction des g\u00e8nes de d\u00e9fense a \u00e9t\u00e9 analys\u00e9e par RT-qPCR et la non-toxicit\u00e9 du BSS a \u00e9galement \u00e9t\u00e9 v\u00e9rifi\u00e9e par des techniques de microscopie \u00e0 fluorescence, sur cals de <em>Vitis vinifera<\/em> cv. Gewurztraminer pour cette m\u00eame formulation. L\u2019efficacit\u00e9 de la formulation a ensuite \u00e9t\u00e9 \u00e9valu\u00e9e <em>in planta<\/em>, au vignoble<em>,<\/em> gr\u00e2ce \u00e0 la technique d&rsquo;endoth\u00e9rapie v\u00e9g\u00e9tale verticale d\u00e9velopp\u00e9e au LVBE.<\/p>\n<p>Une seconde formulation qui sera appliqu\u00e9e en badigeon de plaie de taille a \u00e9t\u00e9 d\u00e9velopp\u00e9e. Cette seconde formulation permet d\u2019obtenir une protection durable et qui engendrera moins de d\u00e9rive des produits. Ce manuscrit propose deux formulations optimis\u00e9es.<\/p>\n<p>Parall\u00e8lement, une autre \u00e9tude visant \u00e0 \u00e9valuer les propri\u00e9t\u00e9s antifongiques d\u2019extraits de la fili\u00e8re for\u00eat &#8211; bois, issus de d\u00e9chets industriels, a \u00e9t\u00e9 r\u00e9alis\u00e9e sur des pathog\u00e8nes impliqu\u00e9s dans les maladies du bois de la vigne. Les premiers r\u00e9sultats de cette \u00e9tude sur le d\u00e9veloppement de moyens de lutte bio-sourc\u00e9s sont \u00e9galement pr\u00e9sent\u00e9s dans ce manuscrit.<\/p>\n<p><strong>Mots clefs : maladies du bois, subsalicylate de bismuth, antifongique, stimulateur des d\u00e9fenses des plantes, endoth\u00e9rapie v\u00e9g\u00e9tale verticale, extraits de bois.<\/strong><\/p>\n","protected":false},"excerpt":{"rendered":"<p>Formulation et phytopharmaceutique : le cas du Subsalicylate de Bismuth, un compos\u00e9 fongistatique et stimulateur des d\u00e9fenses des plantes. Soutenue le 28 novembre 2022, \u00e0 Colmar Directeur de th\u00e8se : Pr. Christelle DELAITE, Universit\u00e9 de Haute Alsace Co-directeur de th\u00e8se : Dr. M\u00e9lanie GELLON, Ma\u00eetre de Conf\u00e9rence, Universit\u00e9 de Haute Alsace R\u00e9sum\u00e9 : Depuis l\u2019interdiction [&hellip;]<\/p>\n","protected":false},"author":2,"featured_media":0,"parent":1763,"menu_order":0,"comment_status":"closed","ping_status":"closed","template":"","meta":{"footnotes":""},"class_list":["post-3998","page","type-page","status-publish","hentry"],"yoast_head":"<!-- This site is optimized with the Yoast SEO plugin v27.4 - https:\/\/yoast.com\/product\/yoast-seo-wordpress\/ -->\n<title>Dr. Loriane MERLEN - LVBE - Laboratoire Vigne, Biotechnologies, Environnement | Universit\u00e9 de Haute-Alsace<\/title>\n<meta name=\"robots\" content=\"index, follow, max-snippet:-1, max-image-preview:large, max-video-preview:-1\" \/>\n<link rel=\"canonical\" href=\"https:\/\/www.lvbe.uha.fr\/index.php\/equipe\/docteurs-es-sciences-formes-au-lvbe\/dr-loriane-merlen\/\" \/>\n<meta property=\"og:locale\" content=\"fr_FR\" \/>\n<meta property=\"og:type\" content=\"article\" \/>\n<meta property=\"og:title\" content=\"Dr. Loriane MERLEN - LVBE - Laboratoire Vigne, Biotechnologies, Environnement | Universit\u00e9 de Haute-Alsace\" \/>\n<meta property=\"og:description\" content=\"Formulation et phytopharmaceutique : le cas du Subsalicylate de Bismuth, un compos\u00e9 fongistatique et stimulateur des d\u00e9fenses des plantes. Soutenue le 28 novembre 2022, \u00e0 Colmar Directeur de th\u00e8se : Pr. Christelle DELAITE, Universit\u00e9 de Haute Alsace Co-directeur de th\u00e8se : Dr. M\u00e9lanie GELLON, Ma\u00eetre de Conf\u00e9rence, Universit\u00e9 de Haute Alsace R\u00e9sum\u00e9 : Depuis l\u2019interdiction [&hellip;]\" \/>\n<meta property=\"og:url\" content=\"https:\/\/www.lvbe.uha.fr\/index.php\/equipe\/docteurs-es-sciences-formes-au-lvbe\/dr-loriane-merlen\/\" \/>\n<meta property=\"og:site_name\" content=\"LVBE - Laboratoire Vigne, Biotechnologies, Environnement | Universit\u00e9 de Haute-Alsace\" \/>\n<meta property=\"article:modified_time\" content=\"2024-11-18T10:23:10+00:00\" \/>\n<meta name=\"twitter:card\" content=\"summary_large_image\" \/>\n<meta name=\"twitter:label1\" content=\"Dur\u00e9e de lecture estim\u00e9e\" \/>\n\t<meta name=\"twitter:data1\" content=\"3 minutes\" \/>\n<script type=\"application\/ld+json\" class=\"yoast-schema-graph\">{\"@context\":\"https:\\\/\\\/schema.org\",\"@graph\":[{\"@type\":\"WebPage\",\"@id\":\"https:\\\/\\\/www.lvbe.uha.fr\\\/index.php\\\/equipe\\\/docteurs-es-sciences-formes-au-lvbe\\\/dr-loriane-merlen\\\/\",\"url\":\"https:\\\/\\\/www.lvbe.uha.fr\\\/index.php\\\/equipe\\\/docteurs-es-sciences-formes-au-lvbe\\\/dr-loriane-merlen\\\/\",\"name\":\"Dr. Loriane MERLEN - LVBE - Laboratoire Vigne, Biotechnologies, Environnement | Universit\u00e9 de Haute-Alsace\",\"isPartOf\":{\"@id\":\"https:\\\/\\\/www.lvbe.uha.fr\\\/#website\"},\"datePublished\":\"2022-12-08T13:19:17+00:00\",\"dateModified\":\"2024-11-18T10:23:10+00:00\",\"breadcrumb\":{\"@id\":\"https:\\\/\\\/www.lvbe.uha.fr\\\/index.php\\\/equipe\\\/docteurs-es-sciences-formes-au-lvbe\\\/dr-loriane-merlen\\\/#breadcrumb\"},\"inLanguage\":\"fr-FR\",\"potentialAction\":[{\"@type\":\"ReadAction\",\"target\":[\"https:\\\/\\\/www.lvbe.uha.fr\\\/index.php\\\/equipe\\\/docteurs-es-sciences-formes-au-lvbe\\\/dr-loriane-merlen\\\/\"]}]},{\"@type\":\"BreadcrumbList\",\"@id\":\"https:\\\/\\\/www.lvbe.uha.fr\\\/index.php\\\/equipe\\\/docteurs-es-sciences-formes-au-lvbe\\\/dr-loriane-merlen\\\/#breadcrumb\",\"itemListElement\":[{\"@type\":\"ListItem\",\"position\":1,\"name\":\"Accueil\",\"item\":\"https:\\\/\\\/www.lvbe.uha.fr\\\/\"},{\"@type\":\"ListItem\",\"position\":2,\"name\":\"\u00c9quipe\",\"item\":\"https:\\\/\\\/www.lvbe.uha.fr\\\/index.php\\\/equipe\\\/\"},{\"@type\":\"ListItem\",\"position\":3,\"name\":\"Docteurs \u00e8s sciences form\u00e9s au LVBE\",\"item\":\"https:\\\/\\\/www.lvbe.uha.fr\\\/index.php\\\/equipe\\\/docteurs-es-sciences-formes-au-lvbe\\\/\"},{\"@type\":\"ListItem\",\"position\":4,\"name\":\"Dr. Loriane MERLEN\"}]},{\"@type\":\"WebSite\",\"@id\":\"https:\\\/\\\/www.lvbe.uha.fr\\\/#website\",\"url\":\"https:\\\/\\\/www.lvbe.uha.fr\\\/\",\"name\":\"LVBE - Laboratoire Vigne, Biotechnologies, Environnement | Universit\u00e9 de Haute-Alsace\",\"description\":\"Campus Biop\u00f4le | Universit\u00e9 de Haute-Alsace\",\"potentialAction\":[{\"@type\":\"SearchAction\",\"target\":{\"@type\":\"EntryPoint\",\"urlTemplate\":\"https:\\\/\\\/www.lvbe.uha.fr\\\/?s={search_term_string}\"},\"query-input\":{\"@type\":\"PropertyValueSpecification\",\"valueRequired\":true,\"valueName\":\"search_term_string\"}}],\"inLanguage\":\"fr-FR\"}]}<\/script>\n<!-- \/ Yoast SEO plugin. -->","yoast_head_json":{"title":"Dr. Loriane MERLEN - LVBE - Laboratoire Vigne, Biotechnologies, Environnement | Universit\u00e9 de Haute-Alsace","robots":{"index":"index","follow":"follow","max-snippet":"max-snippet:-1","max-image-preview":"max-image-preview:large","max-video-preview":"max-video-preview:-1"},"canonical":"https:\/\/www.lvbe.uha.fr\/index.php\/equipe\/docteurs-es-sciences-formes-au-lvbe\/dr-loriane-merlen\/","og_locale":"fr_FR","og_type":"article","og_title":"Dr. Loriane MERLEN - LVBE - Laboratoire Vigne, Biotechnologies, Environnement | Universit\u00e9 de Haute-Alsace","og_description":"Formulation et phytopharmaceutique : le cas du Subsalicylate de Bismuth, un compos\u00e9 fongistatique et stimulateur des d\u00e9fenses des plantes. Soutenue le 28 novembre 2022, \u00e0 Colmar Directeur de th\u00e8se : Pr. Christelle DELAITE, Universit\u00e9 de Haute Alsace Co-directeur de th\u00e8se : Dr. M\u00e9lanie GELLON, Ma\u00eetre de Conf\u00e9rence, Universit\u00e9 de Haute Alsace R\u00e9sum\u00e9 : Depuis l\u2019interdiction [&hellip;]","og_url":"https:\/\/www.lvbe.uha.fr\/index.php\/equipe\/docteurs-es-sciences-formes-au-lvbe\/dr-loriane-merlen\/","og_site_name":"LVBE - Laboratoire Vigne, Biotechnologies, Environnement | Universit\u00e9 de Haute-Alsace","article_modified_time":"2024-11-18T10:23:10+00:00","twitter_card":"summary_large_image","twitter_misc":{"Dur\u00e9e de lecture estim\u00e9e":"3 minutes"},"schema":{"@context":"https:\/\/schema.org","@graph":[{"@type":"WebPage","@id":"https:\/\/www.lvbe.uha.fr\/index.php\/equipe\/docteurs-es-sciences-formes-au-lvbe\/dr-loriane-merlen\/","url":"https:\/\/www.lvbe.uha.fr\/index.php\/equipe\/docteurs-es-sciences-formes-au-lvbe\/dr-loriane-merlen\/","name":"Dr. Loriane MERLEN - LVBE - Laboratoire Vigne, Biotechnologies, Environnement | Universit\u00e9 de Haute-Alsace","isPartOf":{"@id":"https:\/\/www.lvbe.uha.fr\/#website"},"datePublished":"2022-12-08T13:19:17+00:00","dateModified":"2024-11-18T10:23:10+00:00","breadcrumb":{"@id":"https:\/\/www.lvbe.uha.fr\/index.php\/equipe\/docteurs-es-sciences-formes-au-lvbe\/dr-loriane-merlen\/#breadcrumb"},"inLanguage":"fr-FR","potentialAction":[{"@type":"ReadAction","target":["https:\/\/www.lvbe.uha.fr\/index.php\/equipe\/docteurs-es-sciences-formes-au-lvbe\/dr-loriane-merlen\/"]}]},{"@type":"BreadcrumbList","@id":"https:\/\/www.lvbe.uha.fr\/index.php\/equipe\/docteurs-es-sciences-formes-au-lvbe\/dr-loriane-merlen\/#breadcrumb","itemListElement":[{"@type":"ListItem","position":1,"name":"Accueil","item":"https:\/\/www.lvbe.uha.fr\/"},{"@type":"ListItem","position":2,"name":"\u00c9quipe","item":"https:\/\/www.lvbe.uha.fr\/index.php\/equipe\/"},{"@type":"ListItem","position":3,"name":"Docteurs \u00e8s sciences form\u00e9s au LVBE","item":"https:\/\/www.lvbe.uha.fr\/index.php\/equipe\/docteurs-es-sciences-formes-au-lvbe\/"},{"@type":"ListItem","position":4,"name":"Dr. Loriane MERLEN"}]},{"@type":"WebSite","@id":"https:\/\/www.lvbe.uha.fr\/#website","url":"https:\/\/www.lvbe.uha.fr\/","name":"LVBE - Laboratoire Vigne, Biotechnologies, Environnement | Universit\u00e9 de Haute-Alsace","description":"Campus Biop\u00f4le | Universit\u00e9 de Haute-Alsace","potentialAction":[{"@type":"SearchAction","target":{"@type":"EntryPoint","urlTemplate":"https:\/\/www.lvbe.uha.fr\/?s={search_term_string}"},"query-input":{"@type":"PropertyValueSpecification","valueRequired":true,"valueName":"search_term_string"}}],"inLanguage":"fr-FR"}]}},"_links":{"self":[{"href":"https:\/\/www.lvbe.uha.fr\/index.php\/wp-json\/wp\/v2\/pages\/3998","targetHints":{"allow":["GET"]}}],"collection":[{"href":"https:\/\/www.lvbe.uha.fr\/index.php\/wp-json\/wp\/v2\/pages"}],"about":[{"href":"https:\/\/www.lvbe.uha.fr\/index.php\/wp-json\/wp\/v2\/types\/page"}],"author":[{"embeddable":true,"href":"https:\/\/www.lvbe.uha.fr\/index.php\/wp-json\/wp\/v2\/users\/2"}],"replies":[{"embeddable":true,"href":"https:\/\/www.lvbe.uha.fr\/index.php\/wp-json\/wp\/v2\/comments?post=3998"}],"version-history":[{"count":4,"href":"https:\/\/www.lvbe.uha.fr\/index.php\/wp-json\/wp\/v2\/pages\/3998\/revisions"}],"predecessor-version":[{"id":4536,"href":"https:\/\/www.lvbe.uha.fr\/index.php\/wp-json\/wp\/v2\/pages\/3998\/revisions\/4536"}],"up":[{"embeddable":true,"href":"https:\/\/www.lvbe.uha.fr\/index.php\/wp-json\/wp\/v2\/pages\/1763"}],"wp:attachment":[{"href":"https:\/\/www.lvbe.uha.fr\/index.php\/wp-json\/wp\/v2\/media?parent=3998"}],"curies":[{"name":"wp","href":"https:\/\/api.w.org\/{rel}","templated":true}]}}