{"id":3992,"date":"2022-12-13T15:11:20","date_gmt":"2022-12-13T14:11:20","guid":{"rendered":"https:\/\/www.lvbe.uha.fr\/?page_id=3992"},"modified":"2024-11-18T11:20:39","modified_gmt":"2024-11-18T10:20:39","slug":"dr-marion-schilling","status":"publish","type":"page","link":"https:\/\/www.lvbe.uha.fr\/index.php\/equipe\/docteurs-es-sciences-formes-au-lvbe\/dr-marion-schilling\/","title":{"rendered":"Dr. Marion SCHILLING"},"content":{"rendered":"<h2><span class=\"fontstyle0\">Des for\u00eats aux vignobles : adaptation des champignons d\u00e9gradeurs de bois<\/span><\/h2>\n<p>Soutenue \u00a0le 16 d\u00e9cembre 2022, \u00e0 la Facult\u00e9 des Sciences et Technologies de Vandoeuvre-L\u00e8s-Nancy<\/p>\n<p>Directeurs de th\u00e8se : Dr. Eric GELHAYE Universit\u00e9 de Lorraine, Vandoeuvre-L\u00e8s-Nancy et <strong>Dr. Sibylle FARINE,<\/strong> Universit\u00e9 de Haute Alsace<\/p>\n<table class=\"NormalTable\" style=\"height: 18px;\" width=\"5\">\n<tbody>\n<tr>\n<td width=\"200\"><\/td>\n<\/tr>\n<\/tbody>\n<\/table>\n<p>R\u00e9sum\u00e9 :<\/p>\n<p><span class=\"fontstyle0\">L\u2019Esca est une des plus d\u00e9vastatrices des maladies du bois de vigne, qui affectent les vignobles du monde entier. L\u2019un de ses principaux sympt\u00f4mes est la formation de pourriture blanche dans le bois, \u00e9galement appel\u00e9e <\/span><span class=\"fontstyle2\">amadou<\/span><span class=\"fontstyle0\">. Au sein de cette pourriture blanche, <\/span><em><span class=\"fontstyle2\">Fomitiporia mediterranea <\/span><\/em><span class=\"fontstyle0\">(M. Fischer) est l\u2019esp\u00e8ce majoritairement identifi\u00e9e en Europe. Les champignons de pourriture blanche ont co-\u00e9volu\u00e9 avec leurs substrats et ont pu d\u00e9velopper des m\u00e9canismes de d\u00e9gradation et de d\u00e9toxication sp\u00e9cifiquement adapt\u00e9s. L\u2019objectif principal de cette th\u00e8se est de mieux comprendre en quoi <\/span><em><span class=\"fontstyle2\">F. mediterranea <\/span><\/em><span class=\"fontstyle0\">est adapt\u00e9 \u00e0 son substrat, le bois de vigne. Son comportement au cours de la d\u00e9gradation de bois de diff\u00e9rentes esp\u00e8ces a \u00e9t\u00e9 \u00e9tudi\u00e9. Le taux de min\u00e9ralisation, la perte de masse, la composition chimique du bois en compos\u00e9s structuraux et extractibles, la production de biomasse fongique et la s\u00e9cr\u00e9tion de prot\u00e9ines (s\u00e9cr\u00e9tome) au cours de cultures sur sciure ont \u00e9t\u00e9 suivis. Dans un second temps, la colonisation par <\/span><em><span class=\"fontstyle2\">F. mediterranea <\/span><\/em><span class=\"fontstyle0\">de b\u00fbchettes de bois a \u00e9t\u00e9 \u00e9tudi\u00e9e. En compl\u00e9ment des approches physiologiques, une approche de m\u00e9tabolomique non-cibl\u00e9e, \u00e0 l\u2019aide de r\u00e9seaux mol\u00e9culaires, a \u00e9t\u00e9 utilis\u00e9e pour d\u00e9crire les m\u00e9tabolomes des bois et du champignon au cours de la colonisation.<br \/>\n<\/span><em><span class=\"fontstyle2\">F. mediterranea <\/span><\/em><span class=\"fontstyle0\">est capable de d\u00e9grader des esp\u00e8ces de bois diff\u00e9rentes, dont le bois de vigne cv. \u2018Gewurztraminer\u2019 et \u2018Riesling\u2019, de h\u00eatre et de ch\u00eane, en sciure et en b\u00fbchettes, en adoptant pour toutes un sch\u00e9ma de d\u00e9gradation de type simultan\u00e9. En parall\u00e8le, une r\u00e9gulation de son s\u00e9cr\u00e9tome est observ\u00e9e en fonction de son substrat : un plus grand nombre d\u2019oxydor\u00e9ductases sont s\u00e9cr\u00e9t\u00e9es sur la sciure de vigne. Cette r\u00e9gulation pourrait \u00eatre li\u00e9e \u00e0 la d\u00e9gradation observ\u00e9e de la lignine et des m\u00e9tabolites sp\u00e9cialis\u00e9s du bois de vigne, principalement des stilb\u00e8nes. Plusieurs facteurs, autres que la composition chimique et structurale du substrat, pourraient \u00eatre impliqu\u00e9s dans l\u2019adaptation de <\/span><em><span class=\"fontstyle2\">F. mediterranea <\/span><\/em><span class=\"fontstyle0\">\u00e0 son substrat et sont \u00e9galement discut\u00e9s.<br \/>\nCe travail contribue \u00e0 enrichir les connaissances sur la physiologie de <\/span><span class=\"fontstyle2\"><em>F. mediterranea<\/em>, <\/span><span class=\"fontstyle0\">une des esp\u00e8ces cl\u00e9s dans le complexe fongique associ\u00e9 \u00e0 l\u2019Esca.<\/span><\/p>\n<p><span class=\"fontstyle0\"><br \/>\nMots-cl\u00e9s : <strong>Esca, <\/strong><\/span><strong><span class=\"fontstyle2\">Fomitiporia mediterranea<\/span><span class=\"fontstyle0\">, pourriture blanche, adaptation, d\u00e9gradation du bois<\/span><\/strong><\/p>\n","protected":false},"excerpt":{"rendered":"<p>Des for\u00eats aux vignobles : adaptation des champignons d\u00e9gradeurs de bois Soutenue \u00a0le 16 d\u00e9cembre 2022, \u00e0 la Facult\u00e9 des Sciences et Technologies de Vandoeuvre-L\u00e8s-Nancy Directeurs de th\u00e8se : Dr. Eric GELHAYE Universit\u00e9 de Lorraine, Vandoeuvre-L\u00e8s-Nancy et Dr. Sibylle FARINE, Universit\u00e9 de Haute Alsace R\u00e9sum\u00e9 : L\u2019Esca est une des plus d\u00e9vastatrices des maladies du [&hellip;]<\/p>\n","protected":false},"author":2,"featured_media":0,"parent":1763,"menu_order":0,"comment_status":"closed","ping_status":"closed","template":"","meta":{"footnotes":""},"class_list":["post-3992","page","type-page","status-publish","hentry"],"yoast_head":"<!-- This site is optimized with the Yoast SEO plugin v27.4 - https:\/\/yoast.com\/product\/yoast-seo-wordpress\/ -->\n<title>Dr. Marion SCHILLING - LVBE - Laboratoire Vigne, Biotechnologies, Environnement | Universit\u00e9 de Haute-Alsace<\/title>\n<meta name=\"robots\" content=\"index, follow, max-snippet:-1, max-image-preview:large, max-video-preview:-1\" \/>\n<link rel=\"canonical\" href=\"https:\/\/www.lvbe.uha.fr\/index.php\/equipe\/docteurs-es-sciences-formes-au-lvbe\/dr-marion-schilling\/\" \/>\n<meta property=\"og:locale\" content=\"fr_FR\" \/>\n<meta property=\"og:type\" content=\"article\" \/>\n<meta property=\"og:title\" content=\"Dr. Marion SCHILLING - LVBE - Laboratoire Vigne, Biotechnologies, Environnement | Universit\u00e9 de Haute-Alsace\" \/>\n<meta property=\"og:description\" content=\"Des for\u00eats aux vignobles : adaptation des champignons d\u00e9gradeurs de bois Soutenue \u00a0le 16 d\u00e9cembre 2022, \u00e0 la Facult\u00e9 des Sciences et Technologies de Vandoeuvre-L\u00e8s-Nancy Directeurs de th\u00e8se : Dr. Eric GELHAYE Universit\u00e9 de Lorraine, Vandoeuvre-L\u00e8s-Nancy et Dr. Sibylle FARINE, Universit\u00e9 de Haute Alsace R\u00e9sum\u00e9 : L\u2019Esca est une des plus d\u00e9vastatrices des maladies du [&hellip;]\" \/>\n<meta property=\"og:url\" content=\"https:\/\/www.lvbe.uha.fr\/index.php\/equipe\/docteurs-es-sciences-formes-au-lvbe\/dr-marion-schilling\/\" \/>\n<meta property=\"og:site_name\" content=\"LVBE - Laboratoire Vigne, Biotechnologies, Environnement | Universit\u00e9 de Haute-Alsace\" \/>\n<meta property=\"article:modified_time\" content=\"2024-11-18T10:20:39+00:00\" \/>\n<meta name=\"twitter:card\" content=\"summary_large_image\" \/>\n<meta name=\"twitter:label1\" content=\"Dur\u00e9e de lecture estim\u00e9e\" \/>\n\t<meta name=\"twitter:data1\" content=\"3 minutes\" \/>\n<script type=\"application\/ld+json\" class=\"yoast-schema-graph\">{\"@context\":\"https:\\\/\\\/schema.org\",\"@graph\":[{\"@type\":\"WebPage\",\"@id\":\"https:\\\/\\\/www.lvbe.uha.fr\\\/index.php\\\/equipe\\\/docteurs-es-sciences-formes-au-lvbe\\\/dr-marion-schilling\\\/\",\"url\":\"https:\\\/\\\/www.lvbe.uha.fr\\\/index.php\\\/equipe\\\/docteurs-es-sciences-formes-au-lvbe\\\/dr-marion-schilling\\\/\",\"name\":\"Dr. Marion SCHILLING - LVBE - Laboratoire Vigne, Biotechnologies, Environnement | Universit\u00e9 de Haute-Alsace\",\"isPartOf\":{\"@id\":\"https:\\\/\\\/www.lvbe.uha.fr\\\/#website\"},\"datePublished\":\"2022-12-13T14:11:20+00:00\",\"dateModified\":\"2024-11-18T10:20:39+00:00\",\"breadcrumb\":{\"@id\":\"https:\\\/\\\/www.lvbe.uha.fr\\\/index.php\\\/equipe\\\/docteurs-es-sciences-formes-au-lvbe\\\/dr-marion-schilling\\\/#breadcrumb\"},\"inLanguage\":\"fr-FR\",\"potentialAction\":[{\"@type\":\"ReadAction\",\"target\":[\"https:\\\/\\\/www.lvbe.uha.fr\\\/index.php\\\/equipe\\\/docteurs-es-sciences-formes-au-lvbe\\\/dr-marion-schilling\\\/\"]}]},{\"@type\":\"BreadcrumbList\",\"@id\":\"https:\\\/\\\/www.lvbe.uha.fr\\\/index.php\\\/equipe\\\/docteurs-es-sciences-formes-au-lvbe\\\/dr-marion-schilling\\\/#breadcrumb\",\"itemListElement\":[{\"@type\":\"ListItem\",\"position\":1,\"name\":\"Accueil\",\"item\":\"https:\\\/\\\/www.lvbe.uha.fr\\\/\"},{\"@type\":\"ListItem\",\"position\":2,\"name\":\"\u00c9quipe\",\"item\":\"https:\\\/\\\/www.lvbe.uha.fr\\\/index.php\\\/equipe\\\/\"},{\"@type\":\"ListItem\",\"position\":3,\"name\":\"Docteurs \u00e8s sciences form\u00e9s au LVBE\",\"item\":\"https:\\\/\\\/www.lvbe.uha.fr\\\/index.php\\\/equipe\\\/docteurs-es-sciences-formes-au-lvbe\\\/\"},{\"@type\":\"ListItem\",\"position\":4,\"name\":\"Dr. Marion SCHILLING\"}]},{\"@type\":\"WebSite\",\"@id\":\"https:\\\/\\\/www.lvbe.uha.fr\\\/#website\",\"url\":\"https:\\\/\\\/www.lvbe.uha.fr\\\/\",\"name\":\"LVBE - Laboratoire Vigne, Biotechnologies, Environnement | Universit\u00e9 de Haute-Alsace\",\"description\":\"Campus Biop\u00f4le | Universit\u00e9 de Haute-Alsace\",\"potentialAction\":[{\"@type\":\"SearchAction\",\"target\":{\"@type\":\"EntryPoint\",\"urlTemplate\":\"https:\\\/\\\/www.lvbe.uha.fr\\\/?s={search_term_string}\"},\"query-input\":{\"@type\":\"PropertyValueSpecification\",\"valueRequired\":true,\"valueName\":\"search_term_string\"}}],\"inLanguage\":\"fr-FR\"}]}<\/script>\n<!-- \/ Yoast SEO plugin. -->","yoast_head_json":{"title":"Dr. Marion SCHILLING - LVBE - Laboratoire Vigne, Biotechnologies, Environnement | Universit\u00e9 de Haute-Alsace","robots":{"index":"index","follow":"follow","max-snippet":"max-snippet:-1","max-image-preview":"max-image-preview:large","max-video-preview":"max-video-preview:-1"},"canonical":"https:\/\/www.lvbe.uha.fr\/index.php\/equipe\/docteurs-es-sciences-formes-au-lvbe\/dr-marion-schilling\/","og_locale":"fr_FR","og_type":"article","og_title":"Dr. Marion SCHILLING - LVBE - Laboratoire Vigne, Biotechnologies, Environnement | Universit\u00e9 de Haute-Alsace","og_description":"Des for\u00eats aux vignobles : adaptation des champignons d\u00e9gradeurs de bois Soutenue \u00a0le 16 d\u00e9cembre 2022, \u00e0 la Facult\u00e9 des Sciences et Technologies de Vandoeuvre-L\u00e8s-Nancy Directeurs de th\u00e8se : Dr. Eric GELHAYE Universit\u00e9 de Lorraine, Vandoeuvre-L\u00e8s-Nancy et Dr. Sibylle FARINE, Universit\u00e9 de Haute Alsace R\u00e9sum\u00e9 : L\u2019Esca est une des plus d\u00e9vastatrices des maladies du [&hellip;]","og_url":"https:\/\/www.lvbe.uha.fr\/index.php\/equipe\/docteurs-es-sciences-formes-au-lvbe\/dr-marion-schilling\/","og_site_name":"LVBE - Laboratoire Vigne, Biotechnologies, Environnement | Universit\u00e9 de Haute-Alsace","article_modified_time":"2024-11-18T10:20:39+00:00","twitter_card":"summary_large_image","twitter_misc":{"Dur\u00e9e de lecture estim\u00e9e":"3 minutes"},"schema":{"@context":"https:\/\/schema.org","@graph":[{"@type":"WebPage","@id":"https:\/\/www.lvbe.uha.fr\/index.php\/equipe\/docteurs-es-sciences-formes-au-lvbe\/dr-marion-schilling\/","url":"https:\/\/www.lvbe.uha.fr\/index.php\/equipe\/docteurs-es-sciences-formes-au-lvbe\/dr-marion-schilling\/","name":"Dr. Marion SCHILLING - LVBE - Laboratoire Vigne, Biotechnologies, Environnement | Universit\u00e9 de Haute-Alsace","isPartOf":{"@id":"https:\/\/www.lvbe.uha.fr\/#website"},"datePublished":"2022-12-13T14:11:20+00:00","dateModified":"2024-11-18T10:20:39+00:00","breadcrumb":{"@id":"https:\/\/www.lvbe.uha.fr\/index.php\/equipe\/docteurs-es-sciences-formes-au-lvbe\/dr-marion-schilling\/#breadcrumb"},"inLanguage":"fr-FR","potentialAction":[{"@type":"ReadAction","target":["https:\/\/www.lvbe.uha.fr\/index.php\/equipe\/docteurs-es-sciences-formes-au-lvbe\/dr-marion-schilling\/"]}]},{"@type":"BreadcrumbList","@id":"https:\/\/www.lvbe.uha.fr\/index.php\/equipe\/docteurs-es-sciences-formes-au-lvbe\/dr-marion-schilling\/#breadcrumb","itemListElement":[{"@type":"ListItem","position":1,"name":"Accueil","item":"https:\/\/www.lvbe.uha.fr\/"},{"@type":"ListItem","position":2,"name":"\u00c9quipe","item":"https:\/\/www.lvbe.uha.fr\/index.php\/equipe\/"},{"@type":"ListItem","position":3,"name":"Docteurs \u00e8s sciences form\u00e9s au LVBE","item":"https:\/\/www.lvbe.uha.fr\/index.php\/equipe\/docteurs-es-sciences-formes-au-lvbe\/"},{"@type":"ListItem","position":4,"name":"Dr. Marion SCHILLING"}]},{"@type":"WebSite","@id":"https:\/\/www.lvbe.uha.fr\/#website","url":"https:\/\/www.lvbe.uha.fr\/","name":"LVBE - Laboratoire Vigne, Biotechnologies, Environnement | Universit\u00e9 de Haute-Alsace","description":"Campus Biop\u00f4le | Universit\u00e9 de Haute-Alsace","potentialAction":[{"@type":"SearchAction","target":{"@type":"EntryPoint","urlTemplate":"https:\/\/www.lvbe.uha.fr\/?s={search_term_string}"},"query-input":{"@type":"PropertyValueSpecification","valueRequired":true,"valueName":"search_term_string"}}],"inLanguage":"fr-FR"}]}},"_links":{"self":[{"href":"https:\/\/www.lvbe.uha.fr\/index.php\/wp-json\/wp\/v2\/pages\/3992","targetHints":{"allow":["GET"]}}],"collection":[{"href":"https:\/\/www.lvbe.uha.fr\/index.php\/wp-json\/wp\/v2\/pages"}],"about":[{"href":"https:\/\/www.lvbe.uha.fr\/index.php\/wp-json\/wp\/v2\/types\/page"}],"author":[{"embeddable":true,"href":"https:\/\/www.lvbe.uha.fr\/index.php\/wp-json\/wp\/v2\/users\/2"}],"replies":[{"embeddable":true,"href":"https:\/\/www.lvbe.uha.fr\/index.php\/wp-json\/wp\/v2\/comments?post=3992"}],"version-history":[{"count":6,"href":"https:\/\/www.lvbe.uha.fr\/index.php\/wp-json\/wp\/v2\/pages\/3992\/revisions"}],"predecessor-version":[{"id":4535,"href":"https:\/\/www.lvbe.uha.fr\/index.php\/wp-json\/wp\/v2\/pages\/3992\/revisions\/4535"}],"up":[{"embeddable":true,"href":"https:\/\/www.lvbe.uha.fr\/index.php\/wp-json\/wp\/v2\/pages\/1763"}],"wp:attachment":[{"href":"https:\/\/www.lvbe.uha.fr\/index.php\/wp-json\/wp\/v2\/media?parent=3992"}],"curies":[{"name":"wp","href":"https:\/\/api.w.org\/{rel}","templated":true}]}}