{"id":3826,"date":"2022-07-07T13:06:06","date_gmt":"2022-07-07T11:06:06","guid":{"rendered":"https:\/\/www.lvbe.uha.fr\/?page_id=3826"},"modified":"2022-07-13T14:15:44","modified_gmt":"2022-07-13T12:15:44","slug":"dr-andrea-pacetti","status":"publish","type":"page","link":"https:\/\/www.lvbe.uha.fr\/index.php\/equipe\/docteurs-es-sciences-formes-au-lvbe\/dr-andrea-pacetti\/","title":{"rendered":"Dr. Andrea PACETTI"},"content":{"rendered":"<h2>Exploring the role of <em>Fomitiporia mediterranea<\/em> in the development of grapevine leaf stripe disease symptoms.<\/h2>\n<p>Soutenue le lundi 4 juillet 2022 \u00e0 Florence en Italie.<\/p>\n<p>Composition du jury de th\u00e8se :<\/p>\n<p>Pr. Laura MUGNAI<br \/>\nPr. Christophe BERTSCH<br \/>\nPr. Giancarlo ROMANAZZI<br \/>\nPr. Lucia GUERIN-DUBRANA<\/p>\n<p><strong>R\u00e9sum\u00e9 :<\/strong><\/p>\n<p><span class=\"s4\">Les effets n\u00e9fastes de l&rsquo;Esca sur le patrimoine viticole mondial sont connus <\/span><span class=\"s6\">depuis toujours, et d\u2019autant plus depuis l\u2019\u00e8re moderne de la viticulture. <\/span><span class=\"s4\">Des <\/span><span class=\"s4\">auteurs comme Ravaz et Viala ont d\u00e9crit avec pr\u00e9cision les effets de cette <\/span><span class=\"s4\">maladie sur les vignobles du bassin m\u00e9diterran\u00e9en au d\u00e9but du XXe si\u00e8cle et <\/span><span class=\"s4\">ont contribu\u00e9 \u00e0 sa d\u00e9finition. L&rsquo;\u00e9volution d&rsquo;Esca en complexe <\/span><span class=\"s6\">de l\u2019<\/span><span class=\"s4\">Esca est le <\/span><span class=\"s4\">r\u00e9sultat de nombreuses \u00e9tudes effectu\u00e9es par des scientifiques du monde entier, <\/span><span class=\"s4\">qui ont su adapter les techniques d&rsquo;investigation aux nouvelles technologies et <\/span><span class=\"s4\">ainsi obtenir des r\u00e9sultats toujours plus pr\u00e9cis. Tout au long du dernier si\u00e8cle, <\/span><span class=\"s4\">les techniques de gestion de la maladie ont \u00e9galement \u00e9volu\u00e9 en tenant compte <\/span><span class=\"s4\">non seulement de leur efficacit\u00e9 mais aussi de leur durabilit\u00e9. Les produits \u00e0 <\/span><span class=\"s4\">base d&rsquo;arsenic, initialement utilis\u00e9s dans le vignoble pour lutter contre les <\/span><span class=\"s4\">mites, ont jou\u00e9 un r\u00f4le fondamental dans la limitation des sympt\u00f4mes foliaires <\/span><span class=\"s4\">de l&rsquo;Esca. <\/span><span class=\"s6\">L\u2019interdiction de ces produits a fait \u00e9merger <\/span><span class=\"s4\">un manque de strat\u00e9gie <\/span><span class=\"s6\">de contr\u00f4le de l\u2019Esca et <\/span><span class=\"s4\">a conduit \u00e0 la r\u00e9\u00e9valuation, gr\u00e2ce \u00e0 la disponibilit\u00e9 <\/span><span class=\"s6\">d\u2019outils plus efficaces <\/span><span class=\"s4\">de techniques abandonn\u00e9e. Le curetage du <\/span><span class=\"s4\">tronc \u00e9tait, <\/span><span class=\"s6\">historiquement, adopt\u00e9 pour l&rsquo;\u00e9limination de l\u2019amadou sur de <\/span><span class=\"s4\">nombreuses esp\u00e8ces d&rsquo;arbres et sur la vigne. La premi\u00e8re \u00e9tude pr\u00e9sent\u00e9e dans <\/span><span class=\"s4\">cette th\u00e8se montre des donn\u00e9es sur l&rsquo;efficacit\u00e9 du curetage du tronc en testant <\/span><span class=\"s6\">trois niveaux d&rsquo;\u00e9limination de l\u2019amadou <\/span><span class=\"s4\">: les r\u00e9sultats obtenus pour les deux <\/span><span class=\"s4\">premi\u00e8res ann\u00e9es de suivi ont donn\u00e9 lieu \u00e0 une publication (annexe I) et ont \u00e9t\u00e9 <\/span><span class=\"s4\">compl\u00e9t\u00e9s dans ce manuscrit par les r\u00e9sultats de la troisi\u00e8me ann\u00e9e de suivi. <\/span><\/p>\n<p><span class=\"s6\">Parall\u00e8lement, l\u2019\u00e9tude de l\u2019<\/span><span class=\"s4\">effet du curetage sur le microbiote de la vigne a <\/span><span class=\"s4\">permis de confirmer que <\/span><span class=\"s7\"><em>Fomitiporia mediterranea<\/em> <\/span><span class=\"s4\">(Fmed) est l&rsquo;esp\u00e8ce la plus <\/span><span class=\"s6\">affect\u00e9e par l&rsquo;\u00e9limination de l\u2019amadou comme soulign\u00e9 par d&rsquo;autres auteurs. <\/span><span class=\"s4\">Les donn\u00e9es obtenues permettent de renforcer l&rsquo;hypoth\u00e8se &#8211; d\u00e9j\u00e0 formul\u00e9e au <\/span><span class=\"s4\">d\u00e9but du XXe si\u00e8cle <\/span><span class=\"s6\">\u2013 <\/span><span class=\"s4\">selon laquelle <\/span><span class=\"s6\">la pr\u00e9sence d\u2019amadou <\/span><span class=\"s4\">pourrait \u00eatre li\u00e9e \u00e0 <\/span><span class=\"s4\">l&rsquo;expression de sympt\u00f4mes foliaires. <\/span><span class=\"s6\">L\u2019objectif de la seconde partie de la th\u00e8se <\/span><span class=\"s4\">(annexe III) concerne le processus de d\u00e9gradation du bois par Fmed, et a \u00e9t\u00e9 <\/span><span class=\"s4\">men\u00e9 pour caract\u00e9riser l&rsquo;activit\u00e9 de d\u00e9gradation du bois par le champignon <\/span><span class=\"s4\">selon une approche multidisciplinaire. La d\u00e9gradation des structures cellulaires <\/span><span class=\"s4\">du bois a \u00e9t\u00e9 dans un premier temps d\u00e9crite par des observations <\/span><span class=\"s4\">microscopiques. Par la suite, la d\u00e9gradation du bois de vigne a \u00e9t\u00e9 reproduite <\/span><span class=\"s7\">in lignum <\/span><span class=\"s4\">et la diminution des polym\u00e8res constitutifs du bois a \u00e9t\u00e9 quantifi\u00e9e.<\/span><\/p>\n<p><span class=\"s4\">Enfin, l&rsquo;activit\u00e9 des principales enzymes lignolytiques et leur modulation <\/span><span class=\"s4\">mol\u00e9culaire a \u00e9t\u00e9 mesur\u00e9e. L&rsquo;ensemble de cette \u00e9tude a permis de confirmer <\/span><span class=\"s4\">des observations faites sur le terrain et absentes de la litt\u00e9rature scientifique <\/span><span class=\"s4\">lors <\/span><span class=\"s6\">de la conception de l\u2019exp\u00e9riment<\/span><span class=\"s4\">ation. L&rsquo;importance d&rsquo;une \u00e9limination <\/span><span class=\"s6\">compl\u00e8te de l\u2019amadou <\/span><span class=\"s4\">lors du curetage du tronc a \u00e9t\u00e9 mise en \u00e9vidence et des <\/span><span class=\"s4\">r\u00e9sultats pertinents sur les effets de la technique sur le microbiote de la vigne <\/span><span class=\"s4\">ont \u00e9t\u00e9 publi\u00e9s. L&rsquo;\u00e9tude de la voie enzymatique de d\u00e9gradation du bois par <\/span><span class=\"s4\">Fmed a contribu\u00e9 \u00e0 la connaissance de ce champignon qui, ces derni\u00e8res <\/span><span class=\"s4\">ann\u00e9es, a suscit\u00e9 un int\u00e9r\u00eat croissant de la part de la communaut\u00e9 scientifique <\/span><span class=\"s4\">pour son r\u00f4le dans le complexe <\/span><span class=\"s6\">de l\u2019<\/span><span class=\"s4\">Esca. De plus, sur la base des r\u00e9sultats <\/span><span class=\"s4\">obtenus en analysant la voie enzymatique de Fmed, il a \u00e9t\u00e9 possible de <\/span><span class=\"s4\">supposer qu&rsquo;une autre voie de d\u00e9gradation du bois compl\u00e9mentaire est <\/span><span class=\"s4\">n\u00e9cessaire pour que la pourriture du bois se produise, comme cela se passe <\/span><span class=\"s4\">dans d&rsquo;autres syst\u00e8mes pathog\u00e8nes, ouvrant ainsi une nouvelle voie de <\/span><span class=\"s4\">recherche bas\u00e9e sur la voie non enzymatique.<\/span><\/p>\n","protected":false},"excerpt":{"rendered":"<p>Exploring the role of Fomitiporia mediterranea in the development of grapevine leaf stripe disease symptoms. Soutenue le lundi 4 juillet 2022 \u00e0 Florence en Italie. Composition du jury de th\u00e8se : Pr. Laura MUGNAI Pr. Christophe BERTSCH Pr. Giancarlo ROMANAZZI Pr. Lucia GUERIN-DUBRANA R\u00e9sum\u00e9 : Les effets n\u00e9fastes de l&rsquo;Esca sur le patrimoine viticole mondial [&hellip;]<\/p>\n","protected":false},"author":2,"featured_media":0,"parent":1763,"menu_order":10,"comment_status":"closed","ping_status":"closed","template":"","meta":{"footnotes":""},"class_list":["post-3826","page","type-page","status-publish","hentry"],"yoast_head":"<!-- This site is optimized with the Yoast SEO plugin v27.4 - https:\/\/yoast.com\/product\/yoast-seo-wordpress\/ -->\n<title>Dr. Andrea PACETTI - LVBE - Laboratoire Vigne, Biotechnologies, Environnement | Universit\u00e9 de Haute-Alsace<\/title>\n<meta name=\"robots\" content=\"index, follow, max-snippet:-1, max-image-preview:large, max-video-preview:-1\" \/>\n<link rel=\"canonical\" href=\"https:\/\/www.lvbe.uha.fr\/index.php\/equipe\/docteurs-es-sciences-formes-au-lvbe\/dr-andrea-pacetti\/\" \/>\n<meta property=\"og:locale\" content=\"fr_FR\" \/>\n<meta property=\"og:type\" content=\"article\" \/>\n<meta property=\"og:title\" content=\"Dr. Andrea PACETTI - LVBE - Laboratoire Vigne, Biotechnologies, Environnement | Universit\u00e9 de Haute-Alsace\" \/>\n<meta property=\"og:description\" content=\"Exploring the role of Fomitiporia mediterranea in the development of grapevine leaf stripe disease symptoms. Soutenue le lundi 4 juillet 2022 \u00e0 Florence en Italie. Composition du jury de th\u00e8se : Pr. Laura MUGNAI Pr. Christophe BERTSCH Pr. Giancarlo ROMANAZZI Pr. Lucia GUERIN-DUBRANA R\u00e9sum\u00e9 : Les effets n\u00e9fastes de l&rsquo;Esca sur le patrimoine viticole mondial [&hellip;]\" \/>\n<meta property=\"og:url\" content=\"https:\/\/www.lvbe.uha.fr\/index.php\/equipe\/docteurs-es-sciences-formes-au-lvbe\/dr-andrea-pacetti\/\" \/>\n<meta property=\"og:site_name\" content=\"LVBE - Laboratoire Vigne, Biotechnologies, Environnement | Universit\u00e9 de Haute-Alsace\" \/>\n<meta property=\"article:modified_time\" content=\"2022-07-13T12:15:44+00:00\" \/>\n<meta name=\"twitter:card\" content=\"summary_large_image\" \/>\n<meta name=\"twitter:label1\" content=\"Dur\u00e9e de lecture estim\u00e9e\" \/>\n\t<meta name=\"twitter:data1\" content=\"4 minutes\" \/>\n<script type=\"application\/ld+json\" class=\"yoast-schema-graph\">{\"@context\":\"https:\\\/\\\/schema.org\",\"@graph\":[{\"@type\":\"WebPage\",\"@id\":\"https:\\\/\\\/www.lvbe.uha.fr\\\/index.php\\\/equipe\\\/docteurs-es-sciences-formes-au-lvbe\\\/dr-andrea-pacetti\\\/\",\"url\":\"https:\\\/\\\/www.lvbe.uha.fr\\\/index.php\\\/equipe\\\/docteurs-es-sciences-formes-au-lvbe\\\/dr-andrea-pacetti\\\/\",\"name\":\"Dr. Andrea PACETTI - LVBE - Laboratoire Vigne, Biotechnologies, Environnement | Universit\u00e9 de Haute-Alsace\",\"isPartOf\":{\"@id\":\"https:\\\/\\\/www.lvbe.uha.fr\\\/#website\"},\"datePublished\":\"2022-07-07T11:06:06+00:00\",\"dateModified\":\"2022-07-13T12:15:44+00:00\",\"breadcrumb\":{\"@id\":\"https:\\\/\\\/www.lvbe.uha.fr\\\/index.php\\\/equipe\\\/docteurs-es-sciences-formes-au-lvbe\\\/dr-andrea-pacetti\\\/#breadcrumb\"},\"inLanguage\":\"fr-FR\",\"potentialAction\":[{\"@type\":\"ReadAction\",\"target\":[\"https:\\\/\\\/www.lvbe.uha.fr\\\/index.php\\\/equipe\\\/docteurs-es-sciences-formes-au-lvbe\\\/dr-andrea-pacetti\\\/\"]}]},{\"@type\":\"BreadcrumbList\",\"@id\":\"https:\\\/\\\/www.lvbe.uha.fr\\\/index.php\\\/equipe\\\/docteurs-es-sciences-formes-au-lvbe\\\/dr-andrea-pacetti\\\/#breadcrumb\",\"itemListElement\":[{\"@type\":\"ListItem\",\"position\":1,\"name\":\"Accueil\",\"item\":\"https:\\\/\\\/www.lvbe.uha.fr\\\/\"},{\"@type\":\"ListItem\",\"position\":2,\"name\":\"\u00c9quipe\",\"item\":\"https:\\\/\\\/www.lvbe.uha.fr\\\/index.php\\\/equipe\\\/\"},{\"@type\":\"ListItem\",\"position\":3,\"name\":\"Docteurs \u00e8s sciences form\u00e9s au LVBE\",\"item\":\"https:\\\/\\\/www.lvbe.uha.fr\\\/index.php\\\/equipe\\\/docteurs-es-sciences-formes-au-lvbe\\\/\"},{\"@type\":\"ListItem\",\"position\":4,\"name\":\"Dr. Andrea PACETTI\"}]},{\"@type\":\"WebSite\",\"@id\":\"https:\\\/\\\/www.lvbe.uha.fr\\\/#website\",\"url\":\"https:\\\/\\\/www.lvbe.uha.fr\\\/\",\"name\":\"LVBE - Laboratoire Vigne, Biotechnologies, Environnement | Universit\u00e9 de Haute-Alsace\",\"description\":\"Campus Biop\u00f4le | Universit\u00e9 de Haute-Alsace\",\"potentialAction\":[{\"@type\":\"SearchAction\",\"target\":{\"@type\":\"EntryPoint\",\"urlTemplate\":\"https:\\\/\\\/www.lvbe.uha.fr\\\/?s={search_term_string}\"},\"query-input\":{\"@type\":\"PropertyValueSpecification\",\"valueRequired\":true,\"valueName\":\"search_term_string\"}}],\"inLanguage\":\"fr-FR\"}]}<\/script>\n<!-- \/ Yoast SEO plugin. -->","yoast_head_json":{"title":"Dr. Andrea PACETTI - LVBE - Laboratoire Vigne, Biotechnologies, Environnement | Universit\u00e9 de Haute-Alsace","robots":{"index":"index","follow":"follow","max-snippet":"max-snippet:-1","max-image-preview":"max-image-preview:large","max-video-preview":"max-video-preview:-1"},"canonical":"https:\/\/www.lvbe.uha.fr\/index.php\/equipe\/docteurs-es-sciences-formes-au-lvbe\/dr-andrea-pacetti\/","og_locale":"fr_FR","og_type":"article","og_title":"Dr. Andrea PACETTI - LVBE - Laboratoire Vigne, Biotechnologies, Environnement | Universit\u00e9 de Haute-Alsace","og_description":"Exploring the role of Fomitiporia mediterranea in the development of grapevine leaf stripe disease symptoms. Soutenue le lundi 4 juillet 2022 \u00e0 Florence en Italie. Composition du jury de th\u00e8se : Pr. Laura MUGNAI Pr. Christophe BERTSCH Pr. Giancarlo ROMANAZZI Pr. Lucia GUERIN-DUBRANA R\u00e9sum\u00e9 : Les effets n\u00e9fastes de l&rsquo;Esca sur le patrimoine viticole mondial [&hellip;]","og_url":"https:\/\/www.lvbe.uha.fr\/index.php\/equipe\/docteurs-es-sciences-formes-au-lvbe\/dr-andrea-pacetti\/","og_site_name":"LVBE - Laboratoire Vigne, Biotechnologies, Environnement | Universit\u00e9 de Haute-Alsace","article_modified_time":"2022-07-13T12:15:44+00:00","twitter_card":"summary_large_image","twitter_misc":{"Dur\u00e9e de lecture estim\u00e9e":"4 minutes"},"schema":{"@context":"https:\/\/schema.org","@graph":[{"@type":"WebPage","@id":"https:\/\/www.lvbe.uha.fr\/index.php\/equipe\/docteurs-es-sciences-formes-au-lvbe\/dr-andrea-pacetti\/","url":"https:\/\/www.lvbe.uha.fr\/index.php\/equipe\/docteurs-es-sciences-formes-au-lvbe\/dr-andrea-pacetti\/","name":"Dr. Andrea PACETTI - LVBE - Laboratoire Vigne, Biotechnologies, Environnement | Universit\u00e9 de Haute-Alsace","isPartOf":{"@id":"https:\/\/www.lvbe.uha.fr\/#website"},"datePublished":"2022-07-07T11:06:06+00:00","dateModified":"2022-07-13T12:15:44+00:00","breadcrumb":{"@id":"https:\/\/www.lvbe.uha.fr\/index.php\/equipe\/docteurs-es-sciences-formes-au-lvbe\/dr-andrea-pacetti\/#breadcrumb"},"inLanguage":"fr-FR","potentialAction":[{"@type":"ReadAction","target":["https:\/\/www.lvbe.uha.fr\/index.php\/equipe\/docteurs-es-sciences-formes-au-lvbe\/dr-andrea-pacetti\/"]}]},{"@type":"BreadcrumbList","@id":"https:\/\/www.lvbe.uha.fr\/index.php\/equipe\/docteurs-es-sciences-formes-au-lvbe\/dr-andrea-pacetti\/#breadcrumb","itemListElement":[{"@type":"ListItem","position":1,"name":"Accueil","item":"https:\/\/www.lvbe.uha.fr\/"},{"@type":"ListItem","position":2,"name":"\u00c9quipe","item":"https:\/\/www.lvbe.uha.fr\/index.php\/equipe\/"},{"@type":"ListItem","position":3,"name":"Docteurs \u00e8s sciences form\u00e9s au LVBE","item":"https:\/\/www.lvbe.uha.fr\/index.php\/equipe\/docteurs-es-sciences-formes-au-lvbe\/"},{"@type":"ListItem","position":4,"name":"Dr. Andrea PACETTI"}]},{"@type":"WebSite","@id":"https:\/\/www.lvbe.uha.fr\/#website","url":"https:\/\/www.lvbe.uha.fr\/","name":"LVBE - Laboratoire Vigne, Biotechnologies, Environnement | Universit\u00e9 de Haute-Alsace","description":"Campus Biop\u00f4le | Universit\u00e9 de Haute-Alsace","potentialAction":[{"@type":"SearchAction","target":{"@type":"EntryPoint","urlTemplate":"https:\/\/www.lvbe.uha.fr\/?s={search_term_string}"},"query-input":{"@type":"PropertyValueSpecification","valueRequired":true,"valueName":"search_term_string"}}],"inLanguage":"fr-FR"}]}},"_links":{"self":[{"href":"https:\/\/www.lvbe.uha.fr\/index.php\/wp-json\/wp\/v2\/pages\/3826","targetHints":{"allow":["GET"]}}],"collection":[{"href":"https:\/\/www.lvbe.uha.fr\/index.php\/wp-json\/wp\/v2\/pages"}],"about":[{"href":"https:\/\/www.lvbe.uha.fr\/index.php\/wp-json\/wp\/v2\/types\/page"}],"author":[{"embeddable":true,"href":"https:\/\/www.lvbe.uha.fr\/index.php\/wp-json\/wp\/v2\/users\/2"}],"replies":[{"embeddable":true,"href":"https:\/\/www.lvbe.uha.fr\/index.php\/wp-json\/wp\/v2\/comments?post=3826"}],"version-history":[{"count":7,"href":"https:\/\/www.lvbe.uha.fr\/index.php\/wp-json\/wp\/v2\/pages\/3826\/revisions"}],"predecessor-version":[{"id":3844,"href":"https:\/\/www.lvbe.uha.fr\/index.php\/wp-json\/wp\/v2\/pages\/3826\/revisions\/3844"}],"up":[{"embeddable":true,"href":"https:\/\/www.lvbe.uha.fr\/index.php\/wp-json\/wp\/v2\/pages\/1763"}],"wp:attachment":[{"href":"https:\/\/www.lvbe.uha.fr\/index.php\/wp-json\/wp\/v2\/media?parent=3826"}],"curies":[{"name":"wp","href":"https:\/\/api.w.org\/{rel}","templated":true}]}}