{"id":382,"date":"2018-04-10T11:56:19","date_gmt":"2018-04-10T09:56:19","guid":{"rendered":"https:\/\/www.lvbe.uha.fr\/\/?page_id=382"},"modified":"2021-07-15T15:51:00","modified_gmt":"2021-07-15T13:51:00","slug":"plan-du-site","status":"publish","type":"page","link":"https:\/\/www.lvbe.uha.fr\/index.php\/plan-du-site\/","title":{"rendered":"Plan du site"},"content":{"rendered":"<div class=\"menu-menu-principal-container\"><ul id=\"menu-menu-principal\" class=\"menu\"><li id=\"menu-item-1034\" class=\"menu-item menu-item-type-post_type menu-item-object-page menu-item-has-children menu-item-1034\"><a href=\"https:\/\/www.lvbe.uha.fr\/index.php\/lvbe\/\">LVBE<\/a>\n<ul class=\"sub-menu\">\n\t<li id=\"menu-item-1739\" class=\"menu-item menu-item-type-post_type menu-item-object-page menu-item-1739\"><a href=\"https:\/\/www.lvbe.uha.fr\/index.php\/lvbe\/organisation\/\">Organisation<\/a><\/li>\n\t<li id=\"menu-item-1738\" class=\"menu-item menu-item-type-post_type menu-item-object-page menu-item-1738\"><a href=\"https:\/\/www.lvbe.uha.fr\/index.php\/lvbe\/localisation\/\">Localisation<\/a><\/li>\n<\/ul>\n<\/li>\n<li id=\"menu-item-1077\" class=\"menu-item menu-item-type-post_type menu-item-object-page menu-item-1077\"><a href=\"https:\/\/www.lvbe.uha.fr\/index.php\/plateforme\/\">Plateforme<\/a><\/li>\n<li id=\"menu-item-3822\" class=\"menu-item menu-item-type-post_type menu-item-object-page menu-item-has-children menu-item-3822\"><a href=\"https:\/\/www.lvbe.uha.fr\/index.php\/recherche\/\">Recherche<\/a>\n<ul class=\"sub-menu\">\n\t<li id=\"menu-item-1249\" class=\"menu-item menu-item-type-post_type menu-item-object-page menu-item-has-children menu-item-1249\"><a href=\"https:\/\/www.lvbe.uha.fr\/index.php\/recherche\/axe-1-maladies-du-bois\/\">Axe 1 \u2013 Maladies du bois<\/a>\n\t<ul class=\"sub-menu\">\n\t\t<li id=\"menu-item-1740\" class=\"menu-item menu-item-type-post_type menu-item-object-page menu-item-1740\"><a href=\"https:\/\/www.lvbe.uha.fr\/index.php\/recherche\/axe-1-maladies-du-bois\/projet-eureka\/\">Projet Eur\u00e9ka  sept. 2017-f\u00e9v. 2021<\/a><\/li>\n\t<\/ul>\n<\/li>\n\t<li id=\"menu-item-1250\" class=\"menu-item menu-item-type-post_type menu-item-object-page menu-item-1250\"><a href=\"https:\/\/www.lvbe.uha.fr\/index.php\/recherche\/axe-2-nouveaux-outils\/\">Axe 2 \u2013 Nouveaux outils<\/a><\/li>\n\t<li id=\"menu-item-1248\" class=\"menu-item menu-item-type-post_type menu-item-object-page menu-item-1248\"><a href=\"https:\/\/www.lvbe.uha.fr\/index.php\/recherche\/axe-3-oenologie\/\">Axe 3 \u2013 \u0152nologie<\/a><\/li>\n\t<li id=\"menu-item-1082\" class=\"menu-item menu-item-type-post_type menu-item-object-page menu-item-1082\"><a href=\"https:\/\/www.lvbe.uha.fr\/index.php\/recherche\/publications\/\">Publications<\/a><\/li>\n<\/ul>\n<\/li>\n<li id=\"menu-item-1035\" class=\"menu-item menu-item-type-post_type menu-item-object-page menu-item-has-children menu-item-1035\"><a href=\"https:\/\/www.lvbe.uha.fr\/index.php\/equipe\/\">\u00c9quipe<\/a>\n<ul class=\"sub-menu\">\n\t<li id=\"menu-item-1788\" class=\"menu-item menu-item-type-post_type menu-item-object-page menu-item-1788\"><a href=\"https:\/\/www.lvbe.uha.fr\/index.php\/equipe\/membres-de-lequipe\/\">Membres de l\u2019\u00e9quipe<\/a><\/li>\n\t<li id=\"menu-item-1787\" class=\"menu-item menu-item-type-post_type menu-item-object-page menu-item-1787\"><a href=\"https:\/\/www.lvbe.uha.fr\/index.php\/equipe\/docteurs-es-sciences-formes-au-lvbe\/\">Docteurs \u00e8s sciences form\u00e9s au LVBE<\/a><\/li>\n\t<li id=\"menu-item-2548\" class=\"menu-item menu-item-type-post_type menu-item-object-page menu-item-2548\"><a href=\"https:\/\/www.lvbe.uha.fr\/index.php\/equipe\/chercheurs-venus-collaborer-au-lvbe\/\">Chercheurs venus collaborer au LVBE<\/a><\/li>\n<\/ul>\n<\/li>\n<li id=\"menu-item-1032\" class=\"menu-item menu-item-type-post_type menu-item-object-page menu-item-1032\"><a href=\"https:\/\/www.lvbe.uha.fr\/index.php\/partenariats\/\">Partenariats<\/a><\/li>\n<li id=\"menu-item-1030\" class=\"menu-item menu-item-type-post_type menu-item-object-page menu-item-1030\"><a href=\"https:\/\/www.lvbe.uha.fr\/index.php\/formations-associees\/\">Formations associ\u00e9es<\/a><\/li>\n<li id=\"menu-item-1031\" class=\"menu-item menu-item-type-post_type menu-item-object-page menu-item-has-children menu-item-1031\"><a href=\"https:\/\/www.lvbe.uha.fr\/index.php\/actualites\/\">Grand Public<\/a>\n<ul class=\"sub-menu\">\n\t<li id=\"menu-item-1744\" class=\"menu-item menu-item-type-taxonomy menu-item-object-category menu-item-has-children menu-item-1744\"><a href=\"https:\/\/www.lvbe.uha.fr\/index.php\/category\/actualites\/\">Actualit\u00e9s<\/a>\n\t<ul class=\"sub-menu\">\n\t\t<li id=\"menu-item-1893\" class=\"menu-item menu-item-type-taxonomy menu-item-object-category menu-item-1893\"><a href=\"https:\/\/www.lvbe.uha.fr\/index.php\/category\/actualites\/prix-distinctions\/\">Prix &amp; distinctions<\/a><\/li>\n\t\t<li id=\"menu-item-1892\" class=\"menu-item menu-item-type-taxonomy menu-item-object-category menu-item-1892\"><a href=\"https:\/\/www.lvbe.uha.fr\/index.php\/category\/actualites\/on-parle-de-nous\/\">On parle de nous<\/a><\/li>\n\t<\/ul>\n<\/li>\n\t<li id=\"menu-item-1897\" class=\"menu-item menu-item-type-post_type menu-item-object-page menu-item-1897\"><a href=\"https:\/\/www.lvbe.uha.fr\/index.php\/actualites\/mediatheque\/livres\/\">Livres<\/a><\/li>\n\t<li id=\"menu-item-1896\" class=\"menu-item menu-item-type-post_type menu-item-object-page menu-item-1896\"><a href=\"https:\/\/www.lvbe.uha.fr\/index.php\/actualites\/mediatheque\/brevet\/\">Brevets<\/a><\/li>\n\t<li id=\"menu-item-1086\" class=\"menu-item menu-item-type-post_type menu-item-object-page menu-item-1086\"><a href=\"https:\/\/www.lvbe.uha.fr\/index.php\/actualites\/mediatheque\/\">M\u00e9diath\u00e8que<\/a><\/li>\n\t<li id=\"menu-item-1088\" class=\"menu-item menu-item-type-post_type menu-item-object-page menu-item-1088\"><a href=\"https:\/\/www.lvbe.uha.fr\/index.php\/actualites\/liens-utiles\/\">Liens utiles<\/a><\/li>\n<\/ul>\n<\/li>\n<\/ul><\/div>\n<div class=\"menu-menu-pied-de-page-container\"><ul id=\"menu-menu-pied-de-page\" class=\"menu\"><li id=\"menu-item-395\" class=\"menu-item menu-item-type-post_type menu-item-object-page menu-item-395\"><a href=\"https:\/\/www.lvbe.uha.fr\/index.php\/acces\/\">Acc\u00e8s<\/a><\/li>\n<li id=\"menu-item-394\" class=\"menu-item menu-item-type-post_type menu-item-object-page menu-item-394\"><a href=\"https:\/\/www.lvbe.uha.fr\/index.php\/contact\/\">Contact<\/a><\/li>\n<li id=\"menu-item-393\" class=\"menu-item menu-item-type-post_type menu-item-object-page menu-item-393\"><a href=\"https:\/\/www.lvbe.uha.fr\/index.php\/stages-offres-demploi\/\">Stages &#038; offres d&#8217;emploi<\/a><\/li>\n<li id=\"menu-item-3357\" class=\"menu-item menu-item-type-post_type menu-item-object-page menu-item-privacy-policy menu-item-3357\"><a rel=\"privacy-policy\" href=\"https:\/\/www.lvbe.uha.fr\/index.php\/protection-des-donnees\/\">Protection des donn\u00e9es<\/a><\/li>\n<li id=\"menu-item-386\" class=\"menu-item menu-item-type-post_type menu-item-object-page menu-item-386\"><a href=\"https:\/\/www.lvbe.uha.fr\/index.php\/mentions-legales\/\">Mentions l\u00e9gales<\/a><\/li>\n<li id=\"menu-item-385\" class=\"menu-item menu-item-type-post_type menu-item-object-page menu-item-385\"><a href=\"https:\/\/www.lvbe.uha.fr\/index.php\/accessibilite\/\">Accessibilit\u00e9<\/a><\/li>\n<li id=\"menu-item-384\" class=\"menu-item menu-item-type-post_type menu-item-object-page menu-item-384\"><a href=\"https:\/\/www.lvbe.uha.fr\/index.php\/plan-du-site\/\">Plan du site<\/a><\/li>\n<\/ul><\/div>\n","protected":false},"excerpt":{"rendered":"","protected":false},"author":1,"featured_media":0,"parent":0,"menu_order":0,"comment_status":"closed","ping_status":"closed","template":"","meta":{"footnotes":""},"class_list":["post-382","page","type-page","status-publish","hentry"],"yoast_head":"<!-- This site is optimized with the Yoast SEO plugin v27.4 - https:\/\/yoast.com\/product\/yoast-seo-wordpress\/ -->\n<title>Plan du site - LVBE - Laboratoire Vigne, Biotechnologies, Environnement | Universit\u00e9 de Haute-Alsace<\/title>\n<meta name=\"robots\" content=\"index, follow, max-snippet:-1, max-image-preview:large, max-video-preview:-1\" \/>\n<link rel=\"canonical\" href=\"https:\/\/www.lvbe.uha.fr\/index.php\/plan-du-site\/\" \/>\n<meta property=\"og:locale\" content=\"fr_FR\" \/>\n<meta property=\"og:type\" content=\"article\" \/>\n<meta property=\"og:title\" content=\"Plan du site - LVBE - Laboratoire Vigne, Biotechnologies, Environnement | Universit\u00e9 de Haute-Alsace\" \/>\n<meta property=\"og:url\" content=\"https:\/\/www.lvbe.uha.fr\/index.php\/plan-du-site\/\" \/>\n<meta property=\"og:site_name\" content=\"LVBE - Laboratoire Vigne, Biotechnologies, Environnement | Universit\u00e9 de Haute-Alsace\" \/>\n<meta property=\"article:modified_time\" content=\"2021-07-15T13:51:00+00:00\" \/>\n<meta name=\"twitter:card\" content=\"summary_large_image\" \/>\n<script type=\"application\/ld+json\" class=\"yoast-schema-graph\">{\"@context\":\"https:\\\/\\\/schema.org\",\"@graph\":[{\"@type\":\"WebPage\",\"@id\":\"https:\\\/\\\/www.lvbe.uha.fr\\\/index.php\\\/plan-du-site\\\/\",\"url\":\"https:\\\/\\\/www.lvbe.uha.fr\\\/index.php\\\/plan-du-site\\\/\",\"name\":\"Plan du site - LVBE - Laboratoire Vigne, Biotechnologies, Environnement | Universit\u00e9 de Haute-Alsace\",\"isPartOf\":{\"@id\":\"https:\\\/\\\/www.lvbe.uha.fr\\\/#website\"},\"datePublished\":\"2018-04-10T09:56:19+00:00\",\"dateModified\":\"2021-07-15T13:51:00+00:00\",\"breadcrumb\":{\"@id\":\"https:\\\/\\\/www.lvbe.uha.fr\\\/index.php\\\/plan-du-site\\\/#breadcrumb\"},\"inLanguage\":\"fr-FR\",\"potentialAction\":[{\"@type\":\"ReadAction\",\"target\":[\"https:\\\/\\\/www.lvbe.uha.fr\\\/index.php\\\/plan-du-site\\\/\"]}]},{\"@type\":\"BreadcrumbList\",\"@id\":\"https:\\\/\\\/www.lvbe.uha.fr\\\/index.php\\\/plan-du-site\\\/#breadcrumb\",\"itemListElement\":[{\"@type\":\"ListItem\",\"position\":1,\"name\":\"Accueil\",\"item\":\"https:\\\/\\\/www.lvbe.uha.fr\\\/\"},{\"@type\":\"ListItem\",\"position\":2,\"name\":\"Plan du site\"}]},{\"@type\":\"WebSite\",\"@id\":\"https:\\\/\\\/www.lvbe.uha.fr\\\/#website\",\"url\":\"https:\\\/\\\/www.lvbe.uha.fr\\\/\",\"name\":\"LVBE - Laboratoire Vigne, Biotechnologies, Environnement | Universit\u00e9 de Haute-Alsace\",\"description\":\"Campus Biop\u00f4le | Universit\u00e9 de Haute-Alsace\",\"potentialAction\":[{\"@type\":\"SearchAction\",\"target\":{\"@type\":\"EntryPoint\",\"urlTemplate\":\"https:\\\/\\\/www.lvbe.uha.fr\\\/?s={search_term_string}\"},\"query-input\":{\"@type\":\"PropertyValueSpecification\",\"valueRequired\":true,\"valueName\":\"search_term_string\"}}],\"inLanguage\":\"fr-FR\"}]}<\/script>\n<!-- \/ Yoast SEO plugin. -->","yoast_head_json":{"title":"Plan du site - LVBE - Laboratoire Vigne, Biotechnologies, Environnement | Universit\u00e9 de Haute-Alsace","robots":{"index":"index","follow":"follow","max-snippet":"max-snippet:-1","max-image-preview":"max-image-preview:large","max-video-preview":"max-video-preview:-1"},"canonical":"https:\/\/www.lvbe.uha.fr\/index.php\/plan-du-site\/","og_locale":"fr_FR","og_type":"article","og_title":"Plan du site - LVBE - Laboratoire Vigne, Biotechnologies, Environnement | Universit\u00e9 de Haute-Alsace","og_url":"https:\/\/www.lvbe.uha.fr\/index.php\/plan-du-site\/","og_site_name":"LVBE - Laboratoire Vigne, Biotechnologies, Environnement | Universit\u00e9 de Haute-Alsace","article_modified_time":"2021-07-15T13:51:00+00:00","twitter_card":"summary_large_image","schema":{"@context":"https:\/\/schema.org","@graph":[{"@type":"WebPage","@id":"https:\/\/www.lvbe.uha.fr\/index.php\/plan-du-site\/","url":"https:\/\/www.lvbe.uha.fr\/index.php\/plan-du-site\/","name":"Plan du site - LVBE - Laboratoire Vigne, Biotechnologies, Environnement | Universit\u00e9 de Haute-Alsace","isPartOf":{"@id":"https:\/\/www.lvbe.uha.fr\/#website"},"datePublished":"2018-04-10T09:56:19+00:00","dateModified":"2021-07-15T13:51:00+00:00","breadcrumb":{"@id":"https:\/\/www.lvbe.uha.fr\/index.php\/plan-du-site\/#breadcrumb"},"inLanguage":"fr-FR","potentialAction":[{"@type":"ReadAction","target":["https:\/\/www.lvbe.uha.fr\/index.php\/plan-du-site\/"]}]},{"@type":"BreadcrumbList","@id":"https:\/\/www.lvbe.uha.fr\/index.php\/plan-du-site\/#breadcrumb","itemListElement":[{"@type":"ListItem","position":1,"name":"Accueil","item":"https:\/\/www.lvbe.uha.fr\/"},{"@type":"ListItem","position":2,"name":"Plan du site"}]},{"@type":"WebSite","@id":"https:\/\/www.lvbe.uha.fr\/#website","url":"https:\/\/www.lvbe.uha.fr\/","name":"LVBE - Laboratoire Vigne, Biotechnologies, Environnement | Universit\u00e9 de Haute-Alsace","description":"Campus Biop\u00f4le | Universit\u00e9 de Haute-Alsace","potentialAction":[{"@type":"SearchAction","target":{"@type":"EntryPoint","urlTemplate":"https:\/\/www.lvbe.uha.fr\/?s={search_term_string}"},"query-input":{"@type":"PropertyValueSpecification","valueRequired":true,"valueName":"search_term_string"}}],"inLanguage":"fr-FR"}]}},"_links":{"self":[{"href":"https:\/\/www.lvbe.uha.fr\/index.php\/wp-json\/wp\/v2\/pages\/382","targetHints":{"allow":["GET"]}}],"collection":[{"href":"https:\/\/www.lvbe.uha.fr\/index.php\/wp-json\/wp\/v2\/pages"}],"about":[{"href":"https:\/\/www.lvbe.uha.fr\/index.php\/wp-json\/wp\/v2\/types\/page"}],"author":[{"embeddable":true,"href":"https:\/\/www.lvbe.uha.fr\/index.php\/wp-json\/wp\/v2\/users\/1"}],"replies":[{"embeddable":true,"href":"https:\/\/www.lvbe.uha.fr\/index.php\/wp-json\/wp\/v2\/comments?post=382"}],"version-history":[{"count":2,"href":"https:\/\/www.lvbe.uha.fr\/index.php\/wp-json\/wp\/v2\/pages\/382\/revisions"}],"predecessor-version":[{"id":3445,"href":"https:\/\/www.lvbe.uha.fr\/index.php\/wp-json\/wp\/v2\/pages\/382\/revisions\/3445"}],"wp:attachment":[{"href":"https:\/\/www.lvbe.uha.fr\/index.php\/wp-json\/wp\/v2\/media?parent=382"}],"curies":[{"name":"wp","href":"https:\/\/api.w.org\/{rel}","templated":true}]}}