{"id":3810,"date":"2022-07-06T18:55:31","date_gmt":"2022-07-06T16:55:31","guid":{"rendered":"https:\/\/www.lvbe.uha.fr\/?page_id=3810"},"modified":"2023-09-04T17:50:43","modified_gmt":"2023-09-04T15:50:43","slug":"recherche","status":"publish","type":"page","link":"https:\/\/www.lvbe.uha.fr\/index.php\/recherche\/","title":{"rendered":"Recherche"},"content":{"rendered":"<p style=\"text-align: center;\">D\u00e9couvrez le LVBE en vid\u00e9o :<\/p>\n<p style=\"text-align: center;\"><a href=\"https:\/\/www.youtube.com\/watch?v=GyNqyms9dqM\" target=\"_blank\" rel=\"noopener\"><img loading=\"lazy\" decoding=\"async\" class=\"aligncenter wp-image-3847\" src=\"https:\/\/www.lvbe.uha.fr\/wp-content\/uploads\/2022\/08\/lvbe-video-300x169.jpg\" alt=\"LVBE - vid\u00e9o\" width=\"501\" height=\"282\" srcset=\"https:\/\/www.lvbe.uha.fr\/wp-content\/uploads\/2022\/08\/lvbe-video-300x169.jpg 300w, https:\/\/www.lvbe.uha.fr\/wp-content\/uploads\/2022\/08\/lvbe-video-768x432.jpg 768w, https:\/\/www.lvbe.uha.fr\/wp-content\/uploads\/2022\/08\/lvbe-video.jpg 1000w\" sizes=\"auto, (max-width: 501px) 100vw, 501px\" \/><\/a><\/p>\n<h1>Axes de recherche<\/h1>\n<p><img loading=\"lazy\" decoding=\"async\" class=\"aligncenter size-full wp-image-214\" src=\"https:\/\/www.lvbe.uha.fr\/wp-content\/uploads\/2018\/04\/3DF2C613-141B-4252-8268-7344387CA11B.jpeg\" alt=\"Vignes dor\u00e9es en automne\" width=\"618\" height=\"254\" srcset=\"https:\/\/www.lvbe.uha.fr\/wp-content\/uploads\/2018\/04\/3DF2C613-141B-4252-8268-7344387CA11B.jpeg 618w, https:\/\/www.lvbe.uha.fr\/wp-content\/uploads\/2018\/04\/3DF2C613-141B-4252-8268-7344387CA11B-300x123.jpeg 300w\" sizes=\"auto, (max-width: 618px) 100vw, 618px\" \/><\/p>\n<h2 style=\"text-align: center;\">La vigne est notre mod\u00e8le<\/h2>\n<p>La viticulture occupe une place importante dans l&rsquo;agriculture fran\u00e7aise. En 2015, les vins et spiritueux ont repr\u00e9sent\u00e9 un chiffre d&rsquo;affaires record de 11,7 milliards d&rsquo;euros (source : F\u00e9d\u00e9ration fran\u00e7aise des exportateurs de vins et spiritueux). C&rsquo;est le 1er secteur alimentaire exc\u00e9dentaire et le 2e secteur exc\u00e9dentaire en France, apr\u00e8s l&rsquo;a\u00e9ronautique et devant l&rsquo;industrie chimique\/la parfumerie. Cette situation, \u00e0 premi\u00e8re vue favorable, est cependant menac\u00e9e par plusieurs facteurs. La viticulture se trouve actuellement, comme lors des crises sanitaires (o\u00efdium, phyllox\u00e9ra, mildiou) de la fin du 19\u00e8me si\u00e8cle, \u00e0 la crois\u00e9e des chemins face \u00e0 des changements radicaux induits cette fois par de fortes attentes soci\u00e9tales pour une viticulture respectueuse de l&rsquo;environnement :<\/p>\n<ul>\n<li>le changement climatique,<\/li>\n<li>la propagation des maladies du bois de la vigne,<\/li>\n<li>le d\u00e9clin d\u00fb aux Botryosphaeriaceae,<\/li>\n<\/ul>\n<p><img loading=\"lazy\" decoding=\"async\" class=\"aligncenter wp-image-235\" src=\"https:\/\/www.lvbe.uha.fr\/wp-content\/uploads\/2018\/04\/922773F2-6016-40D1-A727-9E91753AB5C2-695x1024.jpeg\" alt=\"Cigogne dans les vignes\" width=\"339\" height=\"500\" srcset=\"https:\/\/www.lvbe.uha.fr\/wp-content\/uploads\/2018\/04\/922773F2-6016-40D1-A727-9E91753AB5C2-695x1024.jpeg 695w, https:\/\/www.lvbe.uha.fr\/wp-content\/uploads\/2018\/04\/922773F2-6016-40D1-A727-9E91753AB5C2-204x300.jpeg 204w, https:\/\/www.lvbe.uha.fr\/wp-content\/uploads\/2018\/04\/922773F2-6016-40D1-A727-9E91753AB5C2-768x1132.jpeg 768w, https:\/\/www.lvbe.uha.fr\/wp-content\/uploads\/2018\/04\/922773F2-6016-40D1-A727-9E91753AB5C2.jpeg 1509w\" sizes=\"auto, (max-width: 339px) 100vw, 339px\" \/><br \/>\nDans ce contexte, 3 axes de recherche sont d\u00e9velopp\u00e9s au LVBE :<\/p>\n<div class=\"su-service\"><div class=\"su-service-title\" style=\"padding-left:46px;min-height:32px;line-height:32px\"><img loading=\"lazy\" decoding=\"async\" src=\"https:\/\/www.lvbe.uha.fr\/\/wp-content\/uploads\/2018\/06\/grappes.png\" width=\"32\" height=\"32\" alt=\"Axe 1 :\" style=\"width:32px;height:32px\" \/> Axe 1 :<\/div><div class=\"su-service-content su-u-clearfix su-u-trim\" style=\"padding-left:46px\"><a href=\"https:\/\/www.lvbe.uha.fr\/index.php\/axe-1-maladies-du-bois\/\">Un probl\u00e8me majeur pour les vignobles du monde entier : Les maladies du bois<\/a><\/div><\/div>\n<div class=\"su-service\"><div class=\"su-service-title\" style=\"padding-left:46px;min-height:32px;line-height:32px\"><img loading=\"lazy\" decoding=\"async\" src=\"https:\/\/www.lvbe.uha.fr\/\/wp-content\/uploads\/2018\/06\/grappes.png\" width=\"32\" height=\"32\" alt=\"Axe 2 :\" style=\"width:32px;height:32px\" \/> Axe 2 :<\/div><div class=\"su-service-content su-u-clearfix su-u-trim\" style=\"padding-left:46px\"><a href=\"https:\/\/www.lvbe.uha.fr\/index.php\/axe-2-nouveaux-outils\/\">Conception et d\u00e9veloppement de nouveaux moyen de luttes responsables<\/a><\/div><\/div>\n<div class=\"su-service\"><div class=\"su-service-title\" style=\"padding-left:46px;min-height:32px;line-height:32px\"><img loading=\"lazy\" decoding=\"async\" src=\"https:\/\/www.lvbe.uha.fr\/\/wp-content\/uploads\/2018\/06\/grappes.png\" width=\"32\" height=\"32\" alt=\"Axe 3 :\" style=\"width:32px;height:32px\" \/> Axe 3 :<\/div><div class=\"su-service-content su-u-clearfix su-u-trim\" style=\"padding-left:46px\"><a href=\"https:\/\/www.lvbe.uha.fr\/index.php\/axe-3-oenologie\/\">\u0152nologie scientifique : vins de terroir, vins aromatiques et vins mousseux<\/a><\/div><\/div>\n<p>Retrouvez toutes <a href=\"https:\/\/www.lvbe.uha.fr\/index.php\/publications\/\">les publications du LVBE<\/a><\/p>\n<p>&nbsp;<\/p>\n","protected":false},"excerpt":{"rendered":"<p>D\u00e9couvrez le LVBE en vid\u00e9o : Axes de recherche La vigne est notre mod\u00e8le La viticulture occupe une place importante dans l&rsquo;agriculture fran\u00e7aise. En 2015, les vins et spiritueux ont repr\u00e9sent\u00e9 un chiffre d&rsquo;affaires record de 11,7 milliards d&rsquo;euros (source : F\u00e9d\u00e9ration fran\u00e7aise des exportateurs de vins et spiritueux). C&rsquo;est le 1er secteur alimentaire exc\u00e9dentaire [&hellip;]<\/p>\n","protected":false},"author":2,"featured_media":0,"parent":0,"menu_order":0,"comment_status":"closed","ping_status":"closed","template":"","meta":{"footnotes":""},"class_list":["post-3810","page","type-page","status-publish","hentry"],"yoast_head":"<!-- This site is optimized with the Yoast SEO plugin v27.4 - https:\/\/yoast.com\/product\/yoast-seo-wordpress\/ -->\n<title>Recherche - LVBE - Laboratoire Vigne, Biotechnologies, Environnement | Universit\u00e9 de Haute-Alsace<\/title>\n<meta name=\"robots\" content=\"index, follow, max-snippet:-1, max-image-preview:large, max-video-preview:-1\" \/>\n<link rel=\"canonical\" href=\"https:\/\/www.lvbe.uha.fr\/index.php\/recherche\/\" \/>\n<meta property=\"og:locale\" content=\"fr_FR\" \/>\n<meta property=\"og:type\" content=\"article\" \/>\n<meta property=\"og:title\" content=\"Recherche - LVBE - Laboratoire Vigne, Biotechnologies, Environnement | Universit\u00e9 de Haute-Alsace\" \/>\n<meta property=\"og:description\" content=\"D\u00e9couvrez le LVBE en vid\u00e9o : Axes de recherche La vigne est notre mod\u00e8le La viticulture occupe une place importante dans l&rsquo;agriculture fran\u00e7aise. En 2015, les vins et spiritueux ont repr\u00e9sent\u00e9 un chiffre d&rsquo;affaires record de 11,7 milliards d&rsquo;euros (source : F\u00e9d\u00e9ration fran\u00e7aise des exportateurs de vins et spiritueux). C&rsquo;est le 1er secteur alimentaire exc\u00e9dentaire [&hellip;]\" \/>\n<meta property=\"og:url\" content=\"https:\/\/www.lvbe.uha.fr\/index.php\/recherche\/\" \/>\n<meta property=\"og:site_name\" content=\"LVBE - Laboratoire Vigne, Biotechnologies, Environnement | Universit\u00e9 de Haute-Alsace\" \/>\n<meta property=\"article:modified_time\" content=\"2023-09-04T15:50:43+00:00\" \/>\n<meta property=\"og:image\" content=\"https:\/\/www.lvbe.uha.fr\/wp-content\/uploads\/2022\/08\/lvbe-video-300x169.jpg\" \/>\n<meta name=\"twitter:card\" content=\"summary_large_image\" \/>\n<meta name=\"twitter:label1\" content=\"Dur\u00e9e de lecture estim\u00e9e\" \/>\n\t<meta name=\"twitter:data1\" content=\"2 minutes\" \/>\n<script type=\"application\/ld+json\" class=\"yoast-schema-graph\">{\"@context\":\"https:\\\/\\\/schema.org\",\"@graph\":[{\"@type\":\"WebPage\",\"@id\":\"https:\\\/\\\/www.lvbe.uha.fr\\\/index.php\\\/recherche\\\/\",\"url\":\"https:\\\/\\\/www.lvbe.uha.fr\\\/index.php\\\/recherche\\\/\",\"name\":\"Recherche - LVBE - Laboratoire Vigne, Biotechnologies, Environnement | Universit\u00e9 de Haute-Alsace\",\"isPartOf\":{\"@id\":\"https:\\\/\\\/www.lvbe.uha.fr\\\/#website\"},\"primaryImageOfPage\":{\"@id\":\"https:\\\/\\\/www.lvbe.uha.fr\\\/index.php\\\/recherche\\\/#primaryimage\"},\"image\":{\"@id\":\"https:\\\/\\\/www.lvbe.uha.fr\\\/index.php\\\/recherche\\\/#primaryimage\"},\"thumbnailUrl\":\"https:\\\/\\\/www.lvbe.uha.fr\\\/wp-content\\\/uploads\\\/2022\\\/08\\\/lvbe-video-300x169.jpg\",\"datePublished\":\"2022-07-06T16:55:31+00:00\",\"dateModified\":\"2023-09-04T15:50:43+00:00\",\"breadcrumb\":{\"@id\":\"https:\\\/\\\/www.lvbe.uha.fr\\\/index.php\\\/recherche\\\/#breadcrumb\"},\"inLanguage\":\"fr-FR\",\"potentialAction\":[{\"@type\":\"ReadAction\",\"target\":[\"https:\\\/\\\/www.lvbe.uha.fr\\\/index.php\\\/recherche\\\/\"]}]},{\"@type\":\"ImageObject\",\"inLanguage\":\"fr-FR\",\"@id\":\"https:\\\/\\\/www.lvbe.uha.fr\\\/index.php\\\/recherche\\\/#primaryimage\",\"url\":\"https:\\\/\\\/www.lvbe.uha.fr\\\/wp-content\\\/uploads\\\/2022\\\/08\\\/lvbe-video.jpg\",\"contentUrl\":\"https:\\\/\\\/www.lvbe.uha.fr\\\/wp-content\\\/uploads\\\/2022\\\/08\\\/lvbe-video.jpg\",\"width\":1000,\"height\":563,\"caption\":\"LVBE - vid\u00e9o\"},{\"@type\":\"BreadcrumbList\",\"@id\":\"https:\\\/\\\/www.lvbe.uha.fr\\\/index.php\\\/recherche\\\/#breadcrumb\",\"itemListElement\":[{\"@type\":\"ListItem\",\"position\":1,\"name\":\"Accueil\",\"item\":\"https:\\\/\\\/www.lvbe.uha.fr\\\/\"},{\"@type\":\"ListItem\",\"position\":2,\"name\":\"Recherche\"}]},{\"@type\":\"WebSite\",\"@id\":\"https:\\\/\\\/www.lvbe.uha.fr\\\/#website\",\"url\":\"https:\\\/\\\/www.lvbe.uha.fr\\\/\",\"name\":\"LVBE - Laboratoire Vigne, Biotechnologies, Environnement | Universit\u00e9 de Haute-Alsace\",\"description\":\"Campus Biop\u00f4le | Universit\u00e9 de Haute-Alsace\",\"potentialAction\":[{\"@type\":\"SearchAction\",\"target\":{\"@type\":\"EntryPoint\",\"urlTemplate\":\"https:\\\/\\\/www.lvbe.uha.fr\\\/?s={search_term_string}\"},\"query-input\":{\"@type\":\"PropertyValueSpecification\",\"valueRequired\":true,\"valueName\":\"search_term_string\"}}],\"inLanguage\":\"fr-FR\"}]}<\/script>\n<!-- \/ Yoast SEO plugin. -->","yoast_head_json":{"title":"Recherche - LVBE - Laboratoire Vigne, Biotechnologies, Environnement | Universit\u00e9 de Haute-Alsace","robots":{"index":"index","follow":"follow","max-snippet":"max-snippet:-1","max-image-preview":"max-image-preview:large","max-video-preview":"max-video-preview:-1"},"canonical":"https:\/\/www.lvbe.uha.fr\/index.php\/recherche\/","og_locale":"fr_FR","og_type":"article","og_title":"Recherche - LVBE - Laboratoire Vigne, Biotechnologies, Environnement | Universit\u00e9 de Haute-Alsace","og_description":"D\u00e9couvrez le LVBE en vid\u00e9o : Axes de recherche La vigne est notre mod\u00e8le La viticulture occupe une place importante dans l&rsquo;agriculture fran\u00e7aise. En 2015, les vins et spiritueux ont repr\u00e9sent\u00e9 un chiffre d&rsquo;affaires record de 11,7 milliards d&rsquo;euros (source : F\u00e9d\u00e9ration fran\u00e7aise des exportateurs de vins et spiritueux). C&rsquo;est le 1er secteur alimentaire exc\u00e9dentaire [&hellip;]","og_url":"https:\/\/www.lvbe.uha.fr\/index.php\/recherche\/","og_site_name":"LVBE - Laboratoire Vigne, Biotechnologies, Environnement | Universit\u00e9 de Haute-Alsace","article_modified_time":"2023-09-04T15:50:43+00:00","og_image":[{"url":"https:\/\/www.lvbe.uha.fr\/wp-content\/uploads\/2022\/08\/lvbe-video-300x169.jpg","type":"","width":"","height":""}],"twitter_card":"summary_large_image","twitter_misc":{"Dur\u00e9e de lecture estim\u00e9e":"2 minutes"},"schema":{"@context":"https:\/\/schema.org","@graph":[{"@type":"WebPage","@id":"https:\/\/www.lvbe.uha.fr\/index.php\/recherche\/","url":"https:\/\/www.lvbe.uha.fr\/index.php\/recherche\/","name":"Recherche - LVBE - Laboratoire Vigne, Biotechnologies, Environnement | Universit\u00e9 de Haute-Alsace","isPartOf":{"@id":"https:\/\/www.lvbe.uha.fr\/#website"},"primaryImageOfPage":{"@id":"https:\/\/www.lvbe.uha.fr\/index.php\/recherche\/#primaryimage"},"image":{"@id":"https:\/\/www.lvbe.uha.fr\/index.php\/recherche\/#primaryimage"},"thumbnailUrl":"https:\/\/www.lvbe.uha.fr\/wp-content\/uploads\/2022\/08\/lvbe-video-300x169.jpg","datePublished":"2022-07-06T16:55:31+00:00","dateModified":"2023-09-04T15:50:43+00:00","breadcrumb":{"@id":"https:\/\/www.lvbe.uha.fr\/index.php\/recherche\/#breadcrumb"},"inLanguage":"fr-FR","potentialAction":[{"@type":"ReadAction","target":["https:\/\/www.lvbe.uha.fr\/index.php\/recherche\/"]}]},{"@type":"ImageObject","inLanguage":"fr-FR","@id":"https:\/\/www.lvbe.uha.fr\/index.php\/recherche\/#primaryimage","url":"https:\/\/www.lvbe.uha.fr\/wp-content\/uploads\/2022\/08\/lvbe-video.jpg","contentUrl":"https:\/\/www.lvbe.uha.fr\/wp-content\/uploads\/2022\/08\/lvbe-video.jpg","width":1000,"height":563,"caption":"LVBE - vid\u00e9o"},{"@type":"BreadcrumbList","@id":"https:\/\/www.lvbe.uha.fr\/index.php\/recherche\/#breadcrumb","itemListElement":[{"@type":"ListItem","position":1,"name":"Accueil","item":"https:\/\/www.lvbe.uha.fr\/"},{"@type":"ListItem","position":2,"name":"Recherche"}]},{"@type":"WebSite","@id":"https:\/\/www.lvbe.uha.fr\/#website","url":"https:\/\/www.lvbe.uha.fr\/","name":"LVBE - Laboratoire Vigne, Biotechnologies, Environnement | Universit\u00e9 de Haute-Alsace","description":"Campus Biop\u00f4le | Universit\u00e9 de Haute-Alsace","potentialAction":[{"@type":"SearchAction","target":{"@type":"EntryPoint","urlTemplate":"https:\/\/www.lvbe.uha.fr\/?s={search_term_string}"},"query-input":{"@type":"PropertyValueSpecification","valueRequired":true,"valueName":"search_term_string"}}],"inLanguage":"fr-FR"}]}},"_links":{"self":[{"href":"https:\/\/www.lvbe.uha.fr\/index.php\/wp-json\/wp\/v2\/pages\/3810","targetHints":{"allow":["GET"]}}],"collection":[{"href":"https:\/\/www.lvbe.uha.fr\/index.php\/wp-json\/wp\/v2\/pages"}],"about":[{"href":"https:\/\/www.lvbe.uha.fr\/index.php\/wp-json\/wp\/v2\/types\/page"}],"author":[{"embeddable":true,"href":"https:\/\/www.lvbe.uha.fr\/index.php\/wp-json\/wp\/v2\/users\/2"}],"replies":[{"embeddable":true,"href":"https:\/\/www.lvbe.uha.fr\/index.php\/wp-json\/wp\/v2\/comments?post=3810"}],"version-history":[{"count":14,"href":"https:\/\/www.lvbe.uha.fr\/index.php\/wp-json\/wp\/v2\/pages\/3810\/revisions"}],"predecessor-version":[{"id":4261,"href":"https:\/\/www.lvbe.uha.fr\/index.php\/wp-json\/wp\/v2\/pages\/3810\/revisions\/4261"}],"wp:attachment":[{"href":"https:\/\/www.lvbe.uha.fr\/index.php\/wp-json\/wp\/v2\/media?parent=3810"}],"curies":[{"name":"wp","href":"https:\/\/api.w.org\/{rel}","templated":true}]}}