{"id":377,"date":"2018-04-10T11:53:46","date_gmt":"2018-04-10T09:53:46","guid":{"rendered":"https:\/\/www.lvbe.uha.fr\/\/?page_id=377"},"modified":"2019-02-01T14:43:43","modified_gmt":"2019-02-01T13:43:43","slug":"mentions-legales","status":"publish","type":"page","link":"https:\/\/www.lvbe.uha.fr\/index.php\/mentions-legales\/","title":{"rendered":"Mentions l\u00e9gales"},"content":{"rendered":"<h1>Qui est responsable de cette publication ?<\/h1>\n<p>Ce site est \u00e9dit\u00e9 par le Laboratoire Vignes, Biotechnologies et Environnement (LVBE) de l\u2019Universit\u00e9 de Haute-Alsace.<\/p>\n<p>Responsable de la publication :<br \/>\nChristophe Bertsch<br \/>\nDirecteur du LVBE<\/p>\n<h1>Coordonn\u00e9es postales<\/h1>\n<p>Laboratoire Vignes, Biotechnologies et Environnement &#8211; LVBE<br \/>\nUniversit\u00e9 de Haute-Alsace \u2013 UHA<br \/>\n33, rue de Herrlisheim<br \/>\nF-68008 Colmar Cedex<br \/>\nT\u00e9l. : <a href=\"tel:0389203139\">+33 (0)3 89 20 31 39<\/a><\/p>\n<h1>H\u00e9bergement<\/h1>\n<p>L\u2019h\u00e9bergement du site www.lvbe.uha.fr est assur\u00e9 par l\u2019UHA.<\/p>\n<h1>Donn\u00e9es personnelles<\/h1>\n<p>Aucune donn\u00e9e personnelle n\u2019est collect\u00e9e \u00e0 l\u2019insu des visiteurs du site du LVBE. Les seules donn\u00e9es personnelles susceptibles d\u2019\u00eatre collect\u00e9es sur le site sont des adresses de courrier \u00e9lectronique. Elles ne sont recueillies par le site qu\u2019\u00e0 la suite de leur communication volontaire par les internautes souhaitant recevoir une r\u00e9ponse au courrier qu\u2019ils souhaiterait adresser au LVBE via le site <a href=\"https:\/\/www.lvbe.uha.fr\">www.lvbe.uha.fr<\/a>.<\/p>\n<p>Le LVBE s\u2019engage \u00e0 r\u00e9server ces adresses \u00e0 ce seul usage et garantit la confidentialit\u00e9 de ces donn\u00e9es, qui ne sont en aucun cas c\u00e9d\u00e9es ou rendues accessibles \u00e0 aucune entit\u00e9 tierce.<\/p>\n<p>Vous disposez d\u2019un droit d\u2019acc\u00e8s et de rectification en contactant le webmaster : <a href=\"mailto:helene.laloue@uha.fr\">helene.laloue@uha.fr<\/a><\/p>\n<h1>Droit d\u2019auteur<\/h1>\n<p>L\u2019ensemble de ce site (contenu et pr\u00e9sentation) constitue une \u0153uvre prot\u00e9g\u00e9e par la l\u00e9gislation fran\u00e7aise et internationale en vigueur sur le droit d\u2019auteur et d\u2019une mani\u00e8re g\u00e9n\u00e9rale sur la propri\u00e9t\u00e9 intellectuelle et industrielle.<\/p>\n<p><strong>Tous les droits de propri\u00e9t\u00e9 intellectuelle et industrielle<\/strong> (droits d\u2019auteur, brevets, marques), dont en particulier les droits d\u2019exploitation, les droits de reproduction et d\u2019extraction sur tout support, de tout ou partie des donn\u00e9es, fichiers et tous \u00e9l\u00e9ments figurant dans les pages web de ce site, ainsi que les droits de repr\u00e9sentation et droits de reproduction sur tout support, de tout ou partie du site lui-m\u00eame, les droits de modification, d\u2019adaptation ou de traduction, <strong>sont r\u00e9serv\u00e9s exclusivement au Laboratoire Vignes, Biotechnologies et Environnement<\/strong>, \u2013 et \u00e0 ses \u00e9ventuels tiers donneurs de licence -, y compris notamment en ce qui concerne les documents t\u00e9l\u00e9chargeables, les repr\u00e9sentations graphiques, iconographiques, photographiques, num\u00e9riques ou audiovisuelles, et ce, sous r\u00e9serve des droits pr\u00e9existants de tiers (Jean-Fran\u00e7ois Philipp, Christophe Bertsch, H\u00e9l\u00e8ne Laloue, Service communication UHA, Ludovic Holbein, Catherine Lourdel\u2026) ayant autoris\u00e9 la reproduction num\u00e9rique et\/ou l\u2019int\u00e9gration dans ce site, par le Laboratoire Vignes, Biotechnologies et Environnement, de leurs \u0153uvres de quelque nature qu\u2019elles soient.<\/p>\n<p>La reproduction partielle ou int\u00e9grale des \u00e9l\u00e9ments pr\u00e9cit\u00e9s et d\u2019une mani\u00e8re g\u00e9n\u00e9rale, la reproduction de tout ou partie de ce site sur un support \u00e9lectronique quel qu\u2019il soit, est formellement interdite, sans l\u2019accord \u00e9crit et pr\u00e9alable du Laboratoire Vignes, Biotechnologies et Environnement.<\/p>\n<p>La reproduction des textes et pages web du site sur un support papier demeure autoris\u00e9e, sous r\u00e9serve du respect des conditions cumulatives suivantes : gratuit\u00e9 de la diffusion, respect de l\u2019int\u00e9grit\u00e9 et de la finalit\u00e9 des documents reproduits (ni modifications, ni alt\u00e9rations), respect de la finalit\u00e9 du site dans l\u2019utilisation de ces informations et \u00e9l\u00e9ments, citation claire et lisible de la source avec mention du nom du site, de son adresse internet et du copyright Laboratoire Vignes, Biotechnologies et Environnement.<\/p>\n<p>Par ailleurs, toutes les marques cit\u00e9es et logos repr\u00e9sent\u00e9s sur ce site sont propri\u00e9t\u00e9 de leurs titulaires respectifs.<\/p>\n<h1>Contact<\/h1>\n<p>Nous vous invitons, pour toute question ou r\u00e9action concernant le site, \u00e0 nous contacter \u00e0 l\u2019adresse <a href=\"mailto:helene.laloue@uha.fr\">helene.laloue@uha.fr<\/a><\/p>\n","protected":false},"excerpt":{"rendered":"<p>Qui est responsable de cette publication ? Ce site est \u00e9dit\u00e9 par le Laboratoire Vignes, Biotechnologies et Environnement (LVBE) de l\u2019Universit\u00e9 de Haute-Alsace. Responsable de la publication : Christophe Bertsch Directeur du LVBE Coordonn\u00e9es postales Laboratoire Vignes, Biotechnologies et Environnement &#8211; LVBE Universit\u00e9 de Haute-Alsace \u2013 UHA 33, rue de Herrlisheim F-68008 Colmar Cedex T\u00e9l. [&hellip;]<\/p>\n","protected":false},"author":1,"featured_media":0,"parent":0,"menu_order":0,"comment_status":"closed","ping_status":"closed","template":"","meta":{"footnotes":""},"class_list":["post-377","page","type-page","status-publish","hentry"],"yoast_head":"<!-- This site is optimized with the Yoast SEO plugin v27.4 - https:\/\/yoast.com\/product\/yoast-seo-wordpress\/ -->\n<title>Mentions l\u00e9gales - LVBE - Laboratoire Vigne, Biotechnologies, Environnement | Universit\u00e9 de Haute-Alsace<\/title>\n<meta name=\"robots\" content=\"index, follow, max-snippet:-1, max-image-preview:large, max-video-preview:-1\" \/>\n<link rel=\"canonical\" href=\"https:\/\/www.lvbe.uha.fr\/index.php\/mentions-legales\/\" \/>\n<meta property=\"og:locale\" content=\"fr_FR\" \/>\n<meta property=\"og:type\" content=\"article\" \/>\n<meta property=\"og:title\" content=\"Mentions l\u00e9gales - LVBE - Laboratoire Vigne, Biotechnologies, Environnement | Universit\u00e9 de Haute-Alsace\" \/>\n<meta property=\"og:description\" content=\"Qui est responsable de cette publication ? Ce site est \u00e9dit\u00e9 par le Laboratoire Vignes, Biotechnologies et Environnement (LVBE) de l\u2019Universit\u00e9 de Haute-Alsace. Responsable de la publication : Christophe Bertsch Directeur du LVBE Coordonn\u00e9es postales Laboratoire Vignes, Biotechnologies et Environnement &#8211; LVBE Universit\u00e9 de Haute-Alsace \u2013 UHA 33, rue de Herrlisheim F-68008 Colmar Cedex T\u00e9l. [&hellip;]\" \/>\n<meta property=\"og:url\" content=\"https:\/\/www.lvbe.uha.fr\/index.php\/mentions-legales\/\" \/>\n<meta property=\"og:site_name\" content=\"LVBE - Laboratoire Vigne, Biotechnologies, Environnement | Universit\u00e9 de Haute-Alsace\" \/>\n<meta property=\"article:modified_time\" content=\"2019-02-01T13:43:43+00:00\" \/>\n<meta name=\"twitter:card\" content=\"summary_large_image\" \/>\n<meta name=\"twitter:label1\" content=\"Dur\u00e9e de lecture estim\u00e9e\" \/>\n\t<meta name=\"twitter:data1\" content=\"3 minutes\" \/>\n<script type=\"application\/ld+json\" class=\"yoast-schema-graph\">{\"@context\":\"https:\\\/\\\/schema.org\",\"@graph\":[{\"@type\":\"WebPage\",\"@id\":\"https:\\\/\\\/www.lvbe.uha.fr\\\/index.php\\\/mentions-legales\\\/\",\"url\":\"https:\\\/\\\/www.lvbe.uha.fr\\\/index.php\\\/mentions-legales\\\/\",\"name\":\"Mentions l\u00e9gales - LVBE - Laboratoire Vigne, Biotechnologies, Environnement | Universit\u00e9 de Haute-Alsace\",\"isPartOf\":{\"@id\":\"https:\\\/\\\/www.lvbe.uha.fr\\\/#website\"},\"datePublished\":\"2018-04-10T09:53:46+00:00\",\"dateModified\":\"2019-02-01T13:43:43+00:00\",\"breadcrumb\":{\"@id\":\"https:\\\/\\\/www.lvbe.uha.fr\\\/index.php\\\/mentions-legales\\\/#breadcrumb\"},\"inLanguage\":\"fr-FR\",\"potentialAction\":[{\"@type\":\"ReadAction\",\"target\":[\"https:\\\/\\\/www.lvbe.uha.fr\\\/index.php\\\/mentions-legales\\\/\"]}]},{\"@type\":\"BreadcrumbList\",\"@id\":\"https:\\\/\\\/www.lvbe.uha.fr\\\/index.php\\\/mentions-legales\\\/#breadcrumb\",\"itemListElement\":[{\"@type\":\"ListItem\",\"position\":1,\"name\":\"Accueil\",\"item\":\"https:\\\/\\\/www.lvbe.uha.fr\\\/\"},{\"@type\":\"ListItem\",\"position\":2,\"name\":\"Mentions l\u00e9gales\"}]},{\"@type\":\"WebSite\",\"@id\":\"https:\\\/\\\/www.lvbe.uha.fr\\\/#website\",\"url\":\"https:\\\/\\\/www.lvbe.uha.fr\\\/\",\"name\":\"LVBE - Laboratoire Vigne, Biotechnologies, Environnement | Universit\u00e9 de Haute-Alsace\",\"description\":\"Campus Biop\u00f4le | Universit\u00e9 de Haute-Alsace\",\"potentialAction\":[{\"@type\":\"SearchAction\",\"target\":{\"@type\":\"EntryPoint\",\"urlTemplate\":\"https:\\\/\\\/www.lvbe.uha.fr\\\/?s={search_term_string}\"},\"query-input\":{\"@type\":\"PropertyValueSpecification\",\"valueRequired\":true,\"valueName\":\"search_term_string\"}}],\"inLanguage\":\"fr-FR\"}]}<\/script>\n<!-- \/ Yoast SEO plugin. -->","yoast_head_json":{"title":"Mentions l\u00e9gales - LVBE - Laboratoire Vigne, Biotechnologies, Environnement | Universit\u00e9 de Haute-Alsace","robots":{"index":"index","follow":"follow","max-snippet":"max-snippet:-1","max-image-preview":"max-image-preview:large","max-video-preview":"max-video-preview:-1"},"canonical":"https:\/\/www.lvbe.uha.fr\/index.php\/mentions-legales\/","og_locale":"fr_FR","og_type":"article","og_title":"Mentions l\u00e9gales - LVBE - Laboratoire Vigne, Biotechnologies, Environnement | Universit\u00e9 de Haute-Alsace","og_description":"Qui est responsable de cette publication ? Ce site est \u00e9dit\u00e9 par le Laboratoire Vignes, Biotechnologies et Environnement (LVBE) de l\u2019Universit\u00e9 de Haute-Alsace. Responsable de la publication : Christophe Bertsch Directeur du LVBE Coordonn\u00e9es postales Laboratoire Vignes, Biotechnologies et Environnement &#8211; LVBE Universit\u00e9 de Haute-Alsace \u2013 UHA 33, rue de Herrlisheim F-68008 Colmar Cedex T\u00e9l. [&hellip;]","og_url":"https:\/\/www.lvbe.uha.fr\/index.php\/mentions-legales\/","og_site_name":"LVBE - Laboratoire Vigne, Biotechnologies, Environnement | Universit\u00e9 de Haute-Alsace","article_modified_time":"2019-02-01T13:43:43+00:00","twitter_card":"summary_large_image","twitter_misc":{"Dur\u00e9e de lecture estim\u00e9e":"3 minutes"},"schema":{"@context":"https:\/\/schema.org","@graph":[{"@type":"WebPage","@id":"https:\/\/www.lvbe.uha.fr\/index.php\/mentions-legales\/","url":"https:\/\/www.lvbe.uha.fr\/index.php\/mentions-legales\/","name":"Mentions l\u00e9gales - LVBE - Laboratoire Vigne, Biotechnologies, Environnement | Universit\u00e9 de Haute-Alsace","isPartOf":{"@id":"https:\/\/www.lvbe.uha.fr\/#website"},"datePublished":"2018-04-10T09:53:46+00:00","dateModified":"2019-02-01T13:43:43+00:00","breadcrumb":{"@id":"https:\/\/www.lvbe.uha.fr\/index.php\/mentions-legales\/#breadcrumb"},"inLanguage":"fr-FR","potentialAction":[{"@type":"ReadAction","target":["https:\/\/www.lvbe.uha.fr\/index.php\/mentions-legales\/"]}]},{"@type":"BreadcrumbList","@id":"https:\/\/www.lvbe.uha.fr\/index.php\/mentions-legales\/#breadcrumb","itemListElement":[{"@type":"ListItem","position":1,"name":"Accueil","item":"https:\/\/www.lvbe.uha.fr\/"},{"@type":"ListItem","position":2,"name":"Mentions l\u00e9gales"}]},{"@type":"WebSite","@id":"https:\/\/www.lvbe.uha.fr\/#website","url":"https:\/\/www.lvbe.uha.fr\/","name":"LVBE - Laboratoire Vigne, Biotechnologies, Environnement | Universit\u00e9 de Haute-Alsace","description":"Campus Biop\u00f4le | Universit\u00e9 de Haute-Alsace","potentialAction":[{"@type":"SearchAction","target":{"@type":"EntryPoint","urlTemplate":"https:\/\/www.lvbe.uha.fr\/?s={search_term_string}"},"query-input":{"@type":"PropertyValueSpecification","valueRequired":true,"valueName":"search_term_string"}}],"inLanguage":"fr-FR"}]}},"_links":{"self":[{"href":"https:\/\/www.lvbe.uha.fr\/index.php\/wp-json\/wp\/v2\/pages\/377","targetHints":{"allow":["GET"]}}],"collection":[{"href":"https:\/\/www.lvbe.uha.fr\/index.php\/wp-json\/wp\/v2\/pages"}],"about":[{"href":"https:\/\/www.lvbe.uha.fr\/index.php\/wp-json\/wp\/v2\/types\/page"}],"author":[{"embeddable":true,"href":"https:\/\/www.lvbe.uha.fr\/index.php\/wp-json\/wp\/v2\/users\/1"}],"replies":[{"embeddable":true,"href":"https:\/\/www.lvbe.uha.fr\/index.php\/wp-json\/wp\/v2\/comments?post=377"}],"version-history":[{"count":3,"href":"https:\/\/www.lvbe.uha.fr\/index.php\/wp-json\/wp\/v2\/pages\/377\/revisions"}],"predecessor-version":[{"id":2158,"href":"https:\/\/www.lvbe.uha.fr\/index.php\/wp-json\/wp\/v2\/pages\/377\/revisions\/2158"}],"wp:attachment":[{"href":"https:\/\/www.lvbe.uha.fr\/index.php\/wp-json\/wp\/v2\/media?parent=377"}],"curies":[{"name":"wp","href":"https:\/\/api.w.org\/{rel}","templated":true}]}}