{"id":35,"date":"2018-04-06T10:13:12","date_gmt":"2018-04-06T08:13:12","guid":{"rendered":"https:\/\/www.lvbe.uha.fr\/\/?page_id=35"},"modified":"2019-07-04T20:08:15","modified_gmt":"2019-07-04T18:08:15","slug":"dr-paul-bois","status":"publish","type":"page","link":"https:\/\/www.lvbe.uha.fr\/index.php\/equipe\/docteurs-es-sciences-formes-au-lvbe\/dr-paul-bois\/","title":{"rendered":"Dr. Paul BOIS"},"content":{"rendered":"<h2 style=\"text-align: justify;\"><strong>D\u00e9veloppement d&rsquo;un proc\u00e9d\u00e9 de traitement de matrices d&rsquo;origine viticole pollu\u00e9es par des herbicides par couplage bioaugmentation\/phytorem\u00e9diation : s\u00e9lection d&rsquo;un triplet bact\u00e9ries &#8211; sorbant &#8211; plante test\u00e9 en microcosme.<\/strong><\/h2>\n<p style=\"text-align: justify;\"><span style=\"color: #999999;\">Th\u00e8se soutenue en mai 2010<\/span><br \/>\n<span style=\"color: #999999;\"> Sous la direction de Thierry LEBEAU<\/span><\/p>\n<p style=\"text-align: justify;\">Cette \u00e9tude vise \u00e0 d\u00e9velopper un syst\u00e8me de d\u00e9pollution d&rsquo;eau et de s\u00e9diments viticoles. Le glyphosate, diuron et 3,4-dichloroaniline (3,4-DCA) sont consid\u00e9r\u00e9s, en tenant compte de la charge en cuivre. L&rsquo;augmentation du temps de s\u00e9jour des polluants dans le syst\u00e8me et le choix de la bioaugmentation coupl\u00e9e \u00e0 la phytorem\u00e9diation est la strat\u00e9gie retenue. Chaque composante d&rsquo;un triplet \u00ab sorbant-inoculum bact\u00e9rien-plante \u00bb a \u00e9t\u00e9 s\u00e9lectionn\u00e9e en laboratoire et le triplet mis en \u0153uvre en microcosmes en conditions partiellement contr\u00f4l\u00e9es. La s\u00e9lection de mat\u00e9riaux sorbants dans diff\u00e9rentes matrices liquides en pr\u00e9sence des polluants seuls ou en m\u00e9lange montre que les capacit\u00e9s de sorption des diff\u00e9rents mat\u00e9riaux test\u00e9s varient selon le polluant, sa formulation (seul ou en m\u00e9lange) et la matrice liquide. Le s\u00e9diment se r\u00e9v\u00e8le \u00eatre le meilleur sorbant pour le glyphosate ; le sable pour le diuron et le 3,4-DCA. Les performances de dissipation des colonies tol\u00e9rantes isol\u00e9es varient fortement selon le polluant. Le consortium s\u00e9lectionn\u00e9 pour le proc\u00e9d\u00e9 dissipe le glyphosate, le diuron et le 3,4-DCA en milieu liquide et complexe par ailleurs le cuivre. L&rsquo;exp\u00e9rience en microcosmes montre que le temps de r\u00e9tention hydraulique influe sur l&rsquo;efficacit\u00e9 du syst\u00e8me et que les mat\u00e9riaux sorbants sont efficaces. De plus les performances de dissipation atteintes sont bonnes. L&rsquo;effet de la bioaugmentation sur les performances de dissipation n&rsquo;est pas significatif pour le glyphosate et le 3,4-DCA, mais am\u00e9liore en moyenne la dissipation du diuron. Un temps d&rsquo;action prolong\u00e9 dans la matrice solide s&rsquo;av\u00e8re n\u00e9cessaire pour obtenir une bonne efficacit\u00e9 du proc\u00e9d\u00e9.<\/p>\n","protected":false},"excerpt":{"rendered":"<p>D\u00e9veloppement d&rsquo;un proc\u00e9d\u00e9 de traitement de matrices d&rsquo;origine viticole pollu\u00e9es par des herbicides par couplage bioaugmentation\/phytorem\u00e9diation : s\u00e9lection d&rsquo;un triplet bact\u00e9ries &#8211; sorbant &#8211; plante test\u00e9 en microcosme. Th\u00e8se soutenue en mai 2010 Sous la direction de Thierry LEBEAU Cette \u00e9tude vise \u00e0 d\u00e9velopper un syst\u00e8me de d\u00e9pollution d&rsquo;eau et de s\u00e9diments viticoles. Le glyphosate, [&hellip;]<\/p>\n","protected":false},"author":2,"featured_media":0,"parent":1763,"menu_order":0,"comment_status":"closed","ping_status":"closed","template":"","meta":{"footnotes":""},"class_list":["post-35","page","type-page","status-publish","hentry"],"yoast_head":"<!-- This site is optimized with the Yoast SEO plugin v27.4 - https:\/\/yoast.com\/product\/yoast-seo-wordpress\/ -->\n<title>Dr. Paul BOIS - LVBE - Laboratoire Vigne, Biotechnologies, Environnement | Universit\u00e9 de Haute-Alsace<\/title>\n<meta name=\"robots\" content=\"index, follow, max-snippet:-1, max-image-preview:large, max-video-preview:-1\" \/>\n<link rel=\"canonical\" href=\"https:\/\/www.lvbe.uha.fr\/index.php\/equipe\/docteurs-es-sciences-formes-au-lvbe\/dr-paul-bois\/\" \/>\n<meta property=\"og:locale\" content=\"fr_FR\" \/>\n<meta property=\"og:type\" content=\"article\" \/>\n<meta property=\"og:title\" content=\"Dr. Paul BOIS - LVBE - Laboratoire Vigne, Biotechnologies, Environnement | Universit\u00e9 de Haute-Alsace\" \/>\n<meta property=\"og:description\" content=\"D\u00e9veloppement d&rsquo;un proc\u00e9d\u00e9 de traitement de matrices d&rsquo;origine viticole pollu\u00e9es par des herbicides par couplage bioaugmentation\/phytorem\u00e9diation : s\u00e9lection d&rsquo;un triplet bact\u00e9ries &#8211; sorbant &#8211; plante test\u00e9 en microcosme. Th\u00e8se soutenue en mai 2010 Sous la direction de Thierry LEBEAU Cette \u00e9tude vise \u00e0 d\u00e9velopper un syst\u00e8me de d\u00e9pollution d&rsquo;eau et de s\u00e9diments viticoles. Le glyphosate, [&hellip;]\" \/>\n<meta property=\"og:url\" content=\"https:\/\/www.lvbe.uha.fr\/index.php\/equipe\/docteurs-es-sciences-formes-au-lvbe\/dr-paul-bois\/\" \/>\n<meta property=\"og:site_name\" content=\"LVBE - Laboratoire Vigne, Biotechnologies, Environnement | Universit\u00e9 de Haute-Alsace\" \/>\n<meta property=\"article:modified_time\" content=\"2019-07-04T18:08:15+00:00\" \/>\n<meta name=\"twitter:card\" content=\"summary_large_image\" \/>\n<meta name=\"twitter:label1\" content=\"Dur\u00e9e de lecture estim\u00e9e\" \/>\n\t<meta name=\"twitter:data1\" content=\"2 minutes\" \/>\n<script type=\"application\/ld+json\" class=\"yoast-schema-graph\">{\"@context\":\"https:\\\/\\\/schema.org\",\"@graph\":[{\"@type\":\"WebPage\",\"@id\":\"https:\\\/\\\/www.lvbe.uha.fr\\\/index.php\\\/equipe\\\/docteurs-es-sciences-formes-au-lvbe\\\/dr-paul-bois\\\/\",\"url\":\"https:\\\/\\\/www.lvbe.uha.fr\\\/index.php\\\/equipe\\\/docteurs-es-sciences-formes-au-lvbe\\\/dr-paul-bois\\\/\",\"name\":\"Dr. Paul BOIS - LVBE - Laboratoire Vigne, Biotechnologies, Environnement | Universit\u00e9 de Haute-Alsace\",\"isPartOf\":{\"@id\":\"https:\\\/\\\/www.lvbe.uha.fr\\\/#website\"},\"datePublished\":\"2018-04-06T08:13:12+00:00\",\"dateModified\":\"2019-07-04T18:08:15+00:00\",\"breadcrumb\":{\"@id\":\"https:\\\/\\\/www.lvbe.uha.fr\\\/index.php\\\/equipe\\\/docteurs-es-sciences-formes-au-lvbe\\\/dr-paul-bois\\\/#breadcrumb\"},\"inLanguage\":\"fr-FR\",\"potentialAction\":[{\"@type\":\"ReadAction\",\"target\":[\"https:\\\/\\\/www.lvbe.uha.fr\\\/index.php\\\/equipe\\\/docteurs-es-sciences-formes-au-lvbe\\\/dr-paul-bois\\\/\"]}]},{\"@type\":\"BreadcrumbList\",\"@id\":\"https:\\\/\\\/www.lvbe.uha.fr\\\/index.php\\\/equipe\\\/docteurs-es-sciences-formes-au-lvbe\\\/dr-paul-bois\\\/#breadcrumb\",\"itemListElement\":[{\"@type\":\"ListItem\",\"position\":1,\"name\":\"Accueil\",\"item\":\"https:\\\/\\\/www.lvbe.uha.fr\\\/\"},{\"@type\":\"ListItem\",\"position\":2,\"name\":\"\u00c9quipe\",\"item\":\"https:\\\/\\\/www.lvbe.uha.fr\\\/index.php\\\/equipe\\\/\"},{\"@type\":\"ListItem\",\"position\":3,\"name\":\"Docteurs \u00e8s sciences form\u00e9s au LVBE\",\"item\":\"https:\\\/\\\/www.lvbe.uha.fr\\\/index.php\\\/equipe\\\/docteurs-es-sciences-formes-au-lvbe\\\/\"},{\"@type\":\"ListItem\",\"position\":4,\"name\":\"Dr. Paul BOIS\"}]},{\"@type\":\"WebSite\",\"@id\":\"https:\\\/\\\/www.lvbe.uha.fr\\\/#website\",\"url\":\"https:\\\/\\\/www.lvbe.uha.fr\\\/\",\"name\":\"LVBE - Laboratoire Vigne, Biotechnologies, Environnement | Universit\u00e9 de Haute-Alsace\",\"description\":\"Campus Biop\u00f4le | Universit\u00e9 de Haute-Alsace\",\"potentialAction\":[{\"@type\":\"SearchAction\",\"target\":{\"@type\":\"EntryPoint\",\"urlTemplate\":\"https:\\\/\\\/www.lvbe.uha.fr\\\/?s={search_term_string}\"},\"query-input\":{\"@type\":\"PropertyValueSpecification\",\"valueRequired\":true,\"valueName\":\"search_term_string\"}}],\"inLanguage\":\"fr-FR\"}]}<\/script>\n<!-- \/ Yoast SEO plugin. -->","yoast_head_json":{"title":"Dr. Paul BOIS - LVBE - Laboratoire Vigne, Biotechnologies, Environnement | Universit\u00e9 de Haute-Alsace","robots":{"index":"index","follow":"follow","max-snippet":"max-snippet:-1","max-image-preview":"max-image-preview:large","max-video-preview":"max-video-preview:-1"},"canonical":"https:\/\/www.lvbe.uha.fr\/index.php\/equipe\/docteurs-es-sciences-formes-au-lvbe\/dr-paul-bois\/","og_locale":"fr_FR","og_type":"article","og_title":"Dr. Paul BOIS - LVBE - Laboratoire Vigne, Biotechnologies, Environnement | Universit\u00e9 de Haute-Alsace","og_description":"D\u00e9veloppement d&rsquo;un proc\u00e9d\u00e9 de traitement de matrices d&rsquo;origine viticole pollu\u00e9es par des herbicides par couplage bioaugmentation\/phytorem\u00e9diation : s\u00e9lection d&rsquo;un triplet bact\u00e9ries &#8211; sorbant &#8211; plante test\u00e9 en microcosme. Th\u00e8se soutenue en mai 2010 Sous la direction de Thierry LEBEAU Cette \u00e9tude vise \u00e0 d\u00e9velopper un syst\u00e8me de d\u00e9pollution d&rsquo;eau et de s\u00e9diments viticoles. Le glyphosate, [&hellip;]","og_url":"https:\/\/www.lvbe.uha.fr\/index.php\/equipe\/docteurs-es-sciences-formes-au-lvbe\/dr-paul-bois\/","og_site_name":"LVBE - Laboratoire Vigne, Biotechnologies, Environnement | Universit\u00e9 de Haute-Alsace","article_modified_time":"2019-07-04T18:08:15+00:00","twitter_card":"summary_large_image","twitter_misc":{"Dur\u00e9e de lecture estim\u00e9e":"2 minutes"},"schema":{"@context":"https:\/\/schema.org","@graph":[{"@type":"WebPage","@id":"https:\/\/www.lvbe.uha.fr\/index.php\/equipe\/docteurs-es-sciences-formes-au-lvbe\/dr-paul-bois\/","url":"https:\/\/www.lvbe.uha.fr\/index.php\/equipe\/docteurs-es-sciences-formes-au-lvbe\/dr-paul-bois\/","name":"Dr. Paul BOIS - LVBE - Laboratoire Vigne, Biotechnologies, Environnement | Universit\u00e9 de Haute-Alsace","isPartOf":{"@id":"https:\/\/www.lvbe.uha.fr\/#website"},"datePublished":"2018-04-06T08:13:12+00:00","dateModified":"2019-07-04T18:08:15+00:00","breadcrumb":{"@id":"https:\/\/www.lvbe.uha.fr\/index.php\/equipe\/docteurs-es-sciences-formes-au-lvbe\/dr-paul-bois\/#breadcrumb"},"inLanguage":"fr-FR","potentialAction":[{"@type":"ReadAction","target":["https:\/\/www.lvbe.uha.fr\/index.php\/equipe\/docteurs-es-sciences-formes-au-lvbe\/dr-paul-bois\/"]}]},{"@type":"BreadcrumbList","@id":"https:\/\/www.lvbe.uha.fr\/index.php\/equipe\/docteurs-es-sciences-formes-au-lvbe\/dr-paul-bois\/#breadcrumb","itemListElement":[{"@type":"ListItem","position":1,"name":"Accueil","item":"https:\/\/www.lvbe.uha.fr\/"},{"@type":"ListItem","position":2,"name":"\u00c9quipe","item":"https:\/\/www.lvbe.uha.fr\/index.php\/equipe\/"},{"@type":"ListItem","position":3,"name":"Docteurs \u00e8s sciences form\u00e9s au LVBE","item":"https:\/\/www.lvbe.uha.fr\/index.php\/equipe\/docteurs-es-sciences-formes-au-lvbe\/"},{"@type":"ListItem","position":4,"name":"Dr. Paul BOIS"}]},{"@type":"WebSite","@id":"https:\/\/www.lvbe.uha.fr\/#website","url":"https:\/\/www.lvbe.uha.fr\/","name":"LVBE - Laboratoire Vigne, Biotechnologies, Environnement | Universit\u00e9 de Haute-Alsace","description":"Campus Biop\u00f4le | Universit\u00e9 de Haute-Alsace","potentialAction":[{"@type":"SearchAction","target":{"@type":"EntryPoint","urlTemplate":"https:\/\/www.lvbe.uha.fr\/?s={search_term_string}"},"query-input":{"@type":"PropertyValueSpecification","valueRequired":true,"valueName":"search_term_string"}}],"inLanguage":"fr-FR"}]}},"_links":{"self":[{"href":"https:\/\/www.lvbe.uha.fr\/index.php\/wp-json\/wp\/v2\/pages\/35","targetHints":{"allow":["GET"]}}],"collection":[{"href":"https:\/\/www.lvbe.uha.fr\/index.php\/wp-json\/wp\/v2\/pages"}],"about":[{"href":"https:\/\/www.lvbe.uha.fr\/index.php\/wp-json\/wp\/v2\/types\/page"}],"author":[{"embeddable":true,"href":"https:\/\/www.lvbe.uha.fr\/index.php\/wp-json\/wp\/v2\/users\/2"}],"replies":[{"embeddable":true,"href":"https:\/\/www.lvbe.uha.fr\/index.php\/wp-json\/wp\/v2\/comments?post=35"}],"version-history":[{"count":10,"href":"https:\/\/www.lvbe.uha.fr\/index.php\/wp-json\/wp\/v2\/pages\/35\/revisions"}],"predecessor-version":[{"id":2374,"href":"https:\/\/www.lvbe.uha.fr\/index.php\/wp-json\/wp\/v2\/pages\/35\/revisions\/2374"}],"up":[{"embeddable":true,"href":"https:\/\/www.lvbe.uha.fr\/index.php\/wp-json\/wp\/v2\/pages\/1763"}],"wp:attachment":[{"href":"https:\/\/www.lvbe.uha.fr\/index.php\/wp-json\/wp\/v2\/media?parent=35"}],"curies":[{"name":"wp","href":"https:\/\/api.w.org\/{rel}","templated":true}]}}