{"id":3492,"date":"2021-11-02T10:44:13","date_gmt":"2021-11-02T09:44:13","guid":{"rendered":"https:\/\/www.lvbe.uha.fr\/?page_id=3492"},"modified":"2025-01-09T14:57:27","modified_gmt":"2025-01-09T13:57:27","slug":"alexia-grau","status":"publish","type":"page","link":"https:\/\/www.lvbe.uha.fr\/index.php\/equipe\/membres-de-lequipe\/alexia-grau\/","title":{"rendered":"Dr. Alexia GRAU"},"content":{"rendered":"<p>Docteur \u00e8s sciences au LVBE et attach\u00e9e temporaire d&rsquo;enseignement et de recherche (ATER)<\/p>\n<p>courriel : <a href=\"mailto:alexia.grau@uha.fr\">alexia.grau@uha.fr<\/a><\/p>\n<div class=\"su-row\">\n<div class=\"su-column su-column-size-1-2\"><div class=\"su-column-inner su-u-clearfix su-u-trim\">\n<h1>Activit\u00e9s de recherche<\/h1>\n<h2>Th\u00e8se soutenue le 13 d\u00e9cembre 2024<\/h2>\n<ul>\n<li>Depuis Novembre 2021<\/li>\n<\/ul>\n<p>sous la direction du Pr J. CHONG<br \/>\nUniversit\u00e9 de Haute-Alsace \/ Laboratoire Vigne, Biotechnologies et Environnement<em> EA 3991, <\/em><em>Colmar (68) <\/em><\/p>\n<p><strong><em>Maladies du bois de la vigne\u00a0: Compr\u00e9hension des m\u00e9canismes de tol\u00e9rance chez la plante et \u00e9tude d\u2019effecteurs de <\/em><\/strong><strong>Botryosphaeriaceae<\/strong><\/p>\n<p>Cette th\u00e8se se concentre sur 2 aspects essentiels qui r\u00e9gissent l\u2019interaction entre la plante et ses pathog\u00e8nes\u00a0:<\/p>\n<p>1) la <strong>tol\u00e9rance de la plante<\/strong>\u00a0<em>via<\/em> l\u2019\u00e9tude de l\u2019impact du statut carbon\u00e9 sur la tol\u00e9rance de la plante face au pathog\u00e8ne<\/p>\n<p>2) les <strong>facteurs de virulence du microorganisme<\/strong>. Pour cela je me concentre sur la compr\u00e9hension des r\u00f4les de 6 effecteurs prot\u00e9iques identifi\u00e9s chez <em>Neofusicoccum parvum <\/em>et ayant une affinit\u00e9 avec l\u2019arsenic<\/p>\n<h1>Dipl\u00f4mes et formations<\/h1>\n<p><strong>Master Gestion de la Qualit\u00e9 des Productions V\u00e9g\u00e9tales<\/strong><\/p>\n<p>Avignon Universit\u00e9 \u00b7 2019 \u2013 2021 \u00b7 Mention\u00a0: Bien<\/p>\n<p><em>Avignon (84)<\/em><\/p>\n<p><strong>Licence Science de la Vie et de la Terre \u2013 Agrosciences<\/strong><\/p>\n<p>Avignon Universit\u00e9 \u00b7 2016 \u2013 2019 \u00b7 Mention\u00a0: Bien<\/p>\n<p><em>Avignon (84)<\/em><\/p>\n<p><strong>Premi\u00e8re Ann\u00e9e Commune aux \u00c9tudes de Sant\u00e9<\/strong><\/p>\n<p>Aix Marseille universit\u00e9 de m\u00e9decine \u00b7 2014 \u2013 2016<\/p>\n<p><em>Marseille (13)<\/em><\/p>\n<p><strong>Baccalaur\u00e9at S<\/strong><\/p>\n<p>Lyc\u00e9e Isma\u00ebl Dauphin \u00b7 2011 \u2013 2014 \u00b7 Mention\u00a0: Assez Bien<\/p>\n<p><em>Cavaillon (84)<\/em><\/p>\n<\/div><\/div>\n<div class=\"su-column su-column-size-1-2\"><div class=\"su-column-inner su-u-clearfix su-u-trim\">\n<h1>Exp\u00e9riences professionnelles<\/h1>\n<ul>\n<li><strong>Stage de Master 2 <\/strong>\u00b7 F\u00e9vrier \u2013 Aout 2021<\/li>\n<\/ul>\n<p style=\"padding-left: 40px;\"><strong>INRAe &#8211; PACA<\/strong> \u00b7 \u00c9quipe D.A.D.I.<\/p>\n<p style=\"padding-left: 40px;\"><strong><em>Validation fonctionnelle de QTL responsables de la teneur en sucres et acides chez la tomate par Genome Editing<\/em><\/strong><\/p>\n<ul>\n<li><strong>Stage de Master 1 <\/strong>\u00b7 Mai \u2013 Aout 2020<\/li>\n<\/ul>\n<p style=\"padding-left: 40px;\"><strong>Avignon Universit\u00e9<\/strong><\/p>\n<p style=\"padding-left: 40px;\"><strong><em>\u00c9tude des r\u00e9ponses mol\u00e9culaires du p\u00eacher (<\/em><\/strong><strong><em>Prunus persica) \u00e0 l\u2019infestation par le puceron vert (Myzus persicae)\u00a0: r\u00f4les du stress oxydatif<\/em><\/strong><\/p>\n<ul>\n<li><strong>Stage de Licence 3 &#8211; <\/strong><em>Technicien de laboratoire<\/em> \u00b7 Avril \u2013 Juillet 2019<\/li>\n<\/ul>\n<p style=\"padding-left: 40px;\"><strong>INRA \u2013 PACA <\/strong>\u00b7 \u00c9quipe D.A.D.I.<\/p>\n<p style=\"padding-left: 40px;\"><strong><em>Caract\u00e9risation de m\u00e9tabolites secondaires de la p\u00eache (<\/em><\/strong><strong>Prunus persica<em>) affectant la pathog\u00e9nicit\u00e9 de <\/em>Monilinia spp.<\/strong><\/p>\n<h1>Comp\u00e9tences<\/h1>\n<p><strong>Biologie cellulaire<\/strong>\u00a0<strong>et mol\u00e9culaire <\/strong>:<\/p>\n<ul>\n<li>Microscopie optique (tissus v\u00e9g\u00e9taux et microorganismes)<\/li>\n<li>Extraction ADN et ARN<\/li>\n<li>PCR, qPCR<\/li>\n<li>HRM<\/li>\n<\/ul>\n<p><strong>Microbiologie\/Biotechnologies<\/strong> :<\/p>\n<ul>\n<li>Culture <em>in vitro<\/em> de plantes, bact\u00e9ries et champignons.<\/li>\n<li>Clonage<\/li>\n<li>Cr\u00e9ation CRISPR\/Cas9<\/li>\n<\/ul>\n<p><strong>Biochimie <\/strong>:<\/p>\n<ul>\n<li>\u00c9lectrophor\u00e8se,<\/li>\n<li>HPLC (compos\u00e9s ph\u00e9noliques)<\/li>\n<li>Dosage d\u2019activit\u00e9 enzymatique<\/li>\n<\/ul>\n<p><strong>Bio-informatique<\/strong><\/p>\n<ul>\n<li>Analyse de s\u00e9quences : Codon Code, Serial Cloner<\/li>\n<li>Design d\u2019amorces<\/li>\n<li>Bio-Rad CFX Maestro<\/li>\n<li>Uniprot, EMBOSS<\/li>\n<\/ul>\n<h3>Langues et Informatique<\/h3>\n<p><strong>Anglais <\/strong>\u00a0Niveau Avanc\u00e9<\/p>\n<p><strong>\u00a0 Espagnol <\/strong>Niveau D\u00e9butant<\/p>\n<p><strong>Informatique <\/strong>Pack Office R, R Studio<\/p>\n<\/div><\/div>\n<\/div>\n<h1><\/h1>\n","protected":false},"excerpt":{"rendered":"<p>Docteur \u00e8s sciences au LVBE et attach\u00e9e temporaire d&rsquo;enseignement et de recherche (ATER) courriel : alexia.grau@uha.fr<\/p>\n","protected":false},"author":2,"featured_media":0,"parent":1751,"menu_order":0,"comment_status":"closed","ping_status":"closed","template":"","meta":{"footnotes":""},"class_list":["post-3492","page","type-page","status-publish","hentry"],"yoast_head":"<!-- This site is optimized with the Yoast SEO plugin v27.4 - https:\/\/yoast.com\/product\/yoast-seo-wordpress\/ -->\n<title>Dr. Alexia GRAU - LVBE - Laboratoire Vigne, Biotechnologies, Environnement | Universit\u00e9 de Haute-Alsace<\/title>\n<meta name=\"robots\" content=\"index, follow, max-snippet:-1, max-image-preview:large, max-video-preview:-1\" \/>\n<link rel=\"canonical\" href=\"https:\/\/www.lvbe.uha.fr\/index.php\/equipe\/membres-de-lequipe\/alexia-grau\/\" \/>\n<meta property=\"og:locale\" content=\"fr_FR\" \/>\n<meta property=\"og:type\" content=\"article\" \/>\n<meta property=\"og:title\" content=\"Dr. Alexia GRAU - LVBE - Laboratoire Vigne, Biotechnologies, Environnement | Universit\u00e9 de Haute-Alsace\" \/>\n<meta property=\"og:description\" content=\"Docteur \u00e8s sciences au LVBE et attach\u00e9e temporaire d&rsquo;enseignement et de recherche (ATER) courriel : alexia.grau@uha.fr\" \/>\n<meta property=\"og:url\" content=\"https:\/\/www.lvbe.uha.fr\/index.php\/equipe\/membres-de-lequipe\/alexia-grau\/\" \/>\n<meta property=\"og:site_name\" content=\"LVBE - Laboratoire Vigne, Biotechnologies, Environnement | Universit\u00e9 de Haute-Alsace\" \/>\n<meta property=\"article:modified_time\" content=\"2025-01-09T13:57:27+00:00\" \/>\n<meta name=\"twitter:card\" content=\"summary_large_image\" \/>\n<meta name=\"twitter:label1\" content=\"Dur\u00e9e de lecture estim\u00e9e\" \/>\n\t<meta name=\"twitter:data1\" content=\"2 minutes\" \/>\n<script type=\"application\/ld+json\" class=\"yoast-schema-graph\">{\"@context\":\"https:\\\/\\\/schema.org\",\"@graph\":[{\"@type\":\"WebPage\",\"@id\":\"https:\\\/\\\/www.lvbe.uha.fr\\\/index.php\\\/equipe\\\/membres-de-lequipe\\\/alexia-grau\\\/\",\"url\":\"https:\\\/\\\/www.lvbe.uha.fr\\\/index.php\\\/equipe\\\/membres-de-lequipe\\\/alexia-grau\\\/\",\"name\":\"Dr. Alexia GRAU - LVBE - Laboratoire Vigne, Biotechnologies, Environnement | Universit\u00e9 de Haute-Alsace\",\"isPartOf\":{\"@id\":\"https:\\\/\\\/www.lvbe.uha.fr\\\/#website\"},\"datePublished\":\"2021-11-02T09:44:13+00:00\",\"dateModified\":\"2025-01-09T13:57:27+00:00\",\"breadcrumb\":{\"@id\":\"https:\\\/\\\/www.lvbe.uha.fr\\\/index.php\\\/equipe\\\/membres-de-lequipe\\\/alexia-grau\\\/#breadcrumb\"},\"inLanguage\":\"fr-FR\",\"potentialAction\":[{\"@type\":\"ReadAction\",\"target\":[\"https:\\\/\\\/www.lvbe.uha.fr\\\/index.php\\\/equipe\\\/membres-de-lequipe\\\/alexia-grau\\\/\"]}]},{\"@type\":\"BreadcrumbList\",\"@id\":\"https:\\\/\\\/www.lvbe.uha.fr\\\/index.php\\\/equipe\\\/membres-de-lequipe\\\/alexia-grau\\\/#breadcrumb\",\"itemListElement\":[{\"@type\":\"ListItem\",\"position\":1,\"name\":\"Accueil\",\"item\":\"https:\\\/\\\/www.lvbe.uha.fr\\\/\"},{\"@type\":\"ListItem\",\"position\":2,\"name\":\"\u00c9quipe\",\"item\":\"https:\\\/\\\/www.lvbe.uha.fr\\\/index.php\\\/equipe\\\/\"},{\"@type\":\"ListItem\",\"position\":3,\"name\":\"Membres de l&rsquo;\u00e9quipe\",\"item\":\"https:\\\/\\\/www.lvbe.uha.fr\\\/index.php\\\/equipe\\\/membres-de-lequipe\\\/\"},{\"@type\":\"ListItem\",\"position\":4,\"name\":\"Dr. Alexia GRAU\"}]},{\"@type\":\"WebSite\",\"@id\":\"https:\\\/\\\/www.lvbe.uha.fr\\\/#website\",\"url\":\"https:\\\/\\\/www.lvbe.uha.fr\\\/\",\"name\":\"LVBE - Laboratoire Vigne, Biotechnologies, Environnement | Universit\u00e9 de Haute-Alsace\",\"description\":\"Campus Biop\u00f4le | Universit\u00e9 de Haute-Alsace\",\"potentialAction\":[{\"@type\":\"SearchAction\",\"target\":{\"@type\":\"EntryPoint\",\"urlTemplate\":\"https:\\\/\\\/www.lvbe.uha.fr\\\/?s={search_term_string}\"},\"query-input\":{\"@type\":\"PropertyValueSpecification\",\"valueRequired\":true,\"valueName\":\"search_term_string\"}}],\"inLanguage\":\"fr-FR\"}]}<\/script>\n<!-- \/ Yoast SEO plugin. -->","yoast_head_json":{"title":"Dr. Alexia GRAU - LVBE - Laboratoire Vigne, Biotechnologies, Environnement | Universit\u00e9 de Haute-Alsace","robots":{"index":"index","follow":"follow","max-snippet":"max-snippet:-1","max-image-preview":"max-image-preview:large","max-video-preview":"max-video-preview:-1"},"canonical":"https:\/\/www.lvbe.uha.fr\/index.php\/equipe\/membres-de-lequipe\/alexia-grau\/","og_locale":"fr_FR","og_type":"article","og_title":"Dr. Alexia GRAU - LVBE - Laboratoire Vigne, Biotechnologies, Environnement | Universit\u00e9 de Haute-Alsace","og_description":"Docteur \u00e8s sciences au LVBE et attach\u00e9e temporaire d&rsquo;enseignement et de recherche (ATER) courriel : alexia.grau@uha.fr","og_url":"https:\/\/www.lvbe.uha.fr\/index.php\/equipe\/membres-de-lequipe\/alexia-grau\/","og_site_name":"LVBE - Laboratoire Vigne, Biotechnologies, Environnement | Universit\u00e9 de Haute-Alsace","article_modified_time":"2025-01-09T13:57:27+00:00","twitter_card":"summary_large_image","twitter_misc":{"Dur\u00e9e de lecture estim\u00e9e":"2 minutes"},"schema":{"@context":"https:\/\/schema.org","@graph":[{"@type":"WebPage","@id":"https:\/\/www.lvbe.uha.fr\/index.php\/equipe\/membres-de-lequipe\/alexia-grau\/","url":"https:\/\/www.lvbe.uha.fr\/index.php\/equipe\/membres-de-lequipe\/alexia-grau\/","name":"Dr. Alexia GRAU - LVBE - Laboratoire Vigne, Biotechnologies, Environnement | Universit\u00e9 de Haute-Alsace","isPartOf":{"@id":"https:\/\/www.lvbe.uha.fr\/#website"},"datePublished":"2021-11-02T09:44:13+00:00","dateModified":"2025-01-09T13:57:27+00:00","breadcrumb":{"@id":"https:\/\/www.lvbe.uha.fr\/index.php\/equipe\/membres-de-lequipe\/alexia-grau\/#breadcrumb"},"inLanguage":"fr-FR","potentialAction":[{"@type":"ReadAction","target":["https:\/\/www.lvbe.uha.fr\/index.php\/equipe\/membres-de-lequipe\/alexia-grau\/"]}]},{"@type":"BreadcrumbList","@id":"https:\/\/www.lvbe.uha.fr\/index.php\/equipe\/membres-de-lequipe\/alexia-grau\/#breadcrumb","itemListElement":[{"@type":"ListItem","position":1,"name":"Accueil","item":"https:\/\/www.lvbe.uha.fr\/"},{"@type":"ListItem","position":2,"name":"\u00c9quipe","item":"https:\/\/www.lvbe.uha.fr\/index.php\/equipe\/"},{"@type":"ListItem","position":3,"name":"Membres de l&rsquo;\u00e9quipe","item":"https:\/\/www.lvbe.uha.fr\/index.php\/equipe\/membres-de-lequipe\/"},{"@type":"ListItem","position":4,"name":"Dr. Alexia GRAU"}]},{"@type":"WebSite","@id":"https:\/\/www.lvbe.uha.fr\/#website","url":"https:\/\/www.lvbe.uha.fr\/","name":"LVBE - Laboratoire Vigne, Biotechnologies, Environnement | Universit\u00e9 de Haute-Alsace","description":"Campus Biop\u00f4le | Universit\u00e9 de Haute-Alsace","potentialAction":[{"@type":"SearchAction","target":{"@type":"EntryPoint","urlTemplate":"https:\/\/www.lvbe.uha.fr\/?s={search_term_string}"},"query-input":{"@type":"PropertyValueSpecification","valueRequired":true,"valueName":"search_term_string"}}],"inLanguage":"fr-FR"}]}},"_links":{"self":[{"href":"https:\/\/www.lvbe.uha.fr\/index.php\/wp-json\/wp\/v2\/pages\/3492","targetHints":{"allow":["GET"]}}],"collection":[{"href":"https:\/\/www.lvbe.uha.fr\/index.php\/wp-json\/wp\/v2\/pages"}],"about":[{"href":"https:\/\/www.lvbe.uha.fr\/index.php\/wp-json\/wp\/v2\/types\/page"}],"author":[{"embeddable":true,"href":"https:\/\/www.lvbe.uha.fr\/index.php\/wp-json\/wp\/v2\/users\/2"}],"replies":[{"embeddable":true,"href":"https:\/\/www.lvbe.uha.fr\/index.php\/wp-json\/wp\/v2\/comments?post=3492"}],"version-history":[{"count":9,"href":"https:\/\/www.lvbe.uha.fr\/index.php\/wp-json\/wp\/v2\/pages\/3492\/revisions"}],"predecessor-version":[{"id":4559,"href":"https:\/\/www.lvbe.uha.fr\/index.php\/wp-json\/wp\/v2\/pages\/3492\/revisions\/4559"}],"up":[{"embeddable":true,"href":"https:\/\/www.lvbe.uha.fr\/index.php\/wp-json\/wp\/v2\/pages\/1751"}],"wp:attachment":[{"href":"https:\/\/www.lvbe.uha.fr\/index.php\/wp-json\/wp\/v2\/media?parent=3492"}],"curies":[{"name":"wp","href":"https:\/\/api.w.org\/{rel}","templated":true}]}}