{"id":2867,"date":"2019-12-02T07:38:22","date_gmt":"2019-12-02T06:38:22","guid":{"rendered":"https:\/\/www.lvbe.uha.fr\/?page_id=2867"},"modified":"2019-12-02T18:50:20","modified_gmt":"2019-12-02T17:50:20","slug":"dr-samuele-moretti","status":"publish","type":"page","link":"https:\/\/www.lvbe.uha.fr\/index.php\/equipe\/membres-de-lequipe\/dr-samuele-moretti\/","title":{"rendered":"Dr. Samuele MORETTI"},"content":{"rendered":"<p>Post-Doctorant<\/p>\n<p>Courriel : <a href=\"mailto:samuele.moretti@uha.fr\">samuele.moretti@uha.fr<\/a><\/p>\n<div class=\"su-row\">\n<div class=\"su-column su-column-size-1-2\"><div class=\"su-column-inner su-u-clearfix su-u-trim\">\n<h1>EDUCATION AND TRAINING:<\/h1>\n<ul>\n<li>September 2017. <strong>Ph.D. in Agrobiosciences, curriculum Genomics and Crop Science.\u00a0<\/strong>Sant\u2019Anna School of Advanced Studies, Pisa, (Italy).<br \/>\nDissertation: \u201cSalt and drought stress in olive tree (Olea europaea L.): an integrated approach.\u201d<\/li>\n<\/ul>\n<p>&nbsp;<\/p>\n<ul>\n<li>July 2013. <b>M.Sc. Degree in Plant and Microbe Biotechnology.<\/b><br \/>\nUniversity of Pisa, Pisa, (Italy).<br \/>\nDissertation: \u201cOlive tree\u2019s (Olea europaea L.) genome: analysis of DNA repetitive elements.\u201d<\/li>\n<\/ul>\n<p>&nbsp;<\/p>\n<ul>\n<li>December 2010. <b>B.Sc. Degree in Agro-Industrial Biotechnology.<\/b><br \/>\nUniversity of Pisa, Pisa, (Italy).<br \/>\nDissertation: \u201cBiochemical aspects of Actinidia deliciosa cv. Hayward fruits, treated as fresh-cut products.\u201d<\/li>\n<\/ul>\n<h1><\/h1>\n<p>&nbsp;<\/p>\n<h1>RESEARCH ACTIVITY AT LVBE<\/h1>\n<h3 style=\"padding-left: 40px;\">My work at LVBE will be focused on the study of \u201cchelator-mediated Fenton\u201d (CMF) reaction in wood-decay species such as Fomitiporia mediterranea (Fmed), involved in ESCA disease in grapevine.<\/h3>\n<\/div><\/div>\n<div class=\"su-column su-column-size-1-2\"><div class=\"su-column-inner su-u-clearfix su-u-trim\">\n<h1>WORK AND RESEARCH EXPERIENCE<\/h1>\n<ul>\n<li><b>December 2018 &#8211; November 2019.<\/b> Department of Agrifood Production and Environmental Sciences, University of Firenze, (Italy). Research Fellow.<br \/>\nStudy of non-enzimatic iron-dependent ligno-cellulose degradation pathway of wood-decay agents in collaboration with IBE-CNR of Bologna.<\/li>\n<li><b>April 2018 &#8211; October 2018.<\/b> Dendrosciences group, Swiss Federal Research Institute WSL, Birmensdorf, (CH). Post-Doct Guest Scientist.<br \/>\nXylem vessel occlusions characterization of 2 olive tree genotypes differentially infected by pathogenic bacteria.<\/li>\n<li><b>January 2014 &#8211; July 2017.<\/b> BioLabs, Institute of Life Science, Sant&rsquo;Anna School of Advanced Studies, Pisa, (Italy). Ph.D. Student.<br \/>\nStudy of physiological, biochemical and molecular factors in olive tree related to a genome-dependent response under drought and salinity stresses.<\/li>\n<li><b>June 2016 &#8211; December 2016.<\/b> Department of Biochemistry and Molecular Biology of Plant Products, Instituto de la Grasa, Sevilla, (Spain). Visiting Ph.D. student.<br \/>\nStudy of fatty acid content and desaturases genes pathway expression in salt stressed olive fruit mesocarp.<\/li>\n<li><b>December 2015.<\/b> Department of agriculture, food and environmental sciences, University of Perugia, Perugia, (Italy). Visiting Ph.D. student.<br \/>\nChromatographic analysis from salt stressed olive fruit mesocarp: Phenolics fingerprinting by HPLC\/DiArray.<\/li>\n<li><b>February 2012 &#8211; July 2013.<\/b> Plant genetics and genomics lab, DiSAAA-a, University of Pisa, Pisa, (Italy). Master Thesis Internship.<br \/>\nStructural genomics analysis in olive tree: contributed to a repetitive sequences database creation.<\/div><\/div>\n<\/div>\n<h3><\/h3>\n<\/li>\n<\/ul>\n","protected":false},"excerpt":{"rendered":"<p>Post-Doctorant Courriel : samuele.moretti@uha.fr<\/p>\n","protected":false},"author":2,"featured_media":0,"parent":1751,"menu_order":20,"comment_status":"closed","ping_status":"closed","template":"","meta":{"footnotes":""},"class_list":["post-2867","page","type-page","status-publish","hentry"],"yoast_head":"<!-- This site is optimized with the Yoast SEO plugin v27.0 - https:\/\/yoast.com\/product\/yoast-seo-wordpress\/ -->\n<title>Dr. Samuele MORETTI - LVBE - Laboratoire Vigne, Biotechnologies, Environnement | Universit\u00e9 de Haute-Alsace<\/title>\n<meta name=\"robots\" content=\"index, follow, max-snippet:-1, max-image-preview:large, max-video-preview:-1\" \/>\n<link rel=\"canonical\" href=\"https:\/\/www.lvbe.uha.fr\/index.php\/equipe\/membres-de-lequipe\/dr-samuele-moretti\/\" \/>\n<meta property=\"og:locale\" content=\"fr_FR\" \/>\n<meta property=\"og:type\" content=\"article\" \/>\n<meta property=\"og:title\" content=\"Dr. Samuele MORETTI - LVBE - Laboratoire Vigne, Biotechnologies, Environnement | Universit\u00e9 de Haute-Alsace\" \/>\n<meta property=\"og:description\" content=\"Post-Doctorant Courriel : samuele.moretti@uha.fr\" \/>\n<meta property=\"og:url\" content=\"https:\/\/www.lvbe.uha.fr\/index.php\/equipe\/membres-de-lequipe\/dr-samuele-moretti\/\" \/>\n<meta property=\"og:site_name\" content=\"LVBE - Laboratoire Vigne, Biotechnologies, Environnement | Universit\u00e9 de Haute-Alsace\" \/>\n<meta property=\"article:modified_time\" content=\"2019-12-02T17:50:20+00:00\" \/>\n<meta name=\"twitter:card\" content=\"summary_large_image\" \/>\n<meta name=\"twitter:label1\" content=\"Dur\u00e9e de lecture estim\u00e9e\" \/>\n\t<meta name=\"twitter:data1\" content=\"2 minutes\" \/>\n<script type=\"application\/ld+json\" class=\"yoast-schema-graph\">{\"@context\":\"https:\/\/schema.org\",\"@graph\":[{\"@type\":\"WebPage\",\"@id\":\"https:\/\/www.lvbe.uha.fr\/index.php\/equipe\/membres-de-lequipe\/dr-samuele-moretti\/\",\"url\":\"https:\/\/www.lvbe.uha.fr\/index.php\/equipe\/membres-de-lequipe\/dr-samuele-moretti\/\",\"name\":\"Dr. Samuele MORETTI - LVBE - Laboratoire Vigne, Biotechnologies, Environnement | Universit\u00e9 de Haute-Alsace\",\"isPartOf\":{\"@id\":\"https:\/\/www.lvbe.uha.fr\/#website\"},\"datePublished\":\"2019-12-02T06:38:22+00:00\",\"dateModified\":\"2019-12-02T17:50:20+00:00\",\"breadcrumb\":{\"@id\":\"https:\/\/www.lvbe.uha.fr\/index.php\/equipe\/membres-de-lequipe\/dr-samuele-moretti\/#breadcrumb\"},\"inLanguage\":\"fr-FR\",\"potentialAction\":[{\"@type\":\"ReadAction\",\"target\":[\"https:\/\/www.lvbe.uha.fr\/index.php\/equipe\/membres-de-lequipe\/dr-samuele-moretti\/\"]}]},{\"@type\":\"BreadcrumbList\",\"@id\":\"https:\/\/www.lvbe.uha.fr\/index.php\/equipe\/membres-de-lequipe\/dr-samuele-moretti\/#breadcrumb\",\"itemListElement\":[{\"@type\":\"ListItem\",\"position\":1,\"name\":\"Accueil\",\"item\":\"https:\/\/www.lvbe.uha.fr\/\"},{\"@type\":\"ListItem\",\"position\":2,\"name\":\"\u00c9quipe\",\"item\":\"https:\/\/www.lvbe.uha.fr\/index.php\/equipe\/\"},{\"@type\":\"ListItem\",\"position\":3,\"name\":\"Membres de l&rsquo;\u00e9quipe\",\"item\":\"https:\/\/www.lvbe.uha.fr\/index.php\/equipe\/membres-de-lequipe\/\"},{\"@type\":\"ListItem\",\"position\":4,\"name\":\"Dr. Samuele MORETTI\"}]},{\"@type\":\"WebSite\",\"@id\":\"https:\/\/www.lvbe.uha.fr\/#website\",\"url\":\"https:\/\/www.lvbe.uha.fr\/\",\"name\":\"LVBE - Laboratoire Vigne, Biotechnologies, Environnement | Universit\u00e9 de Haute-Alsace\",\"description\":\"Campus Biop\u00f4le | Universit\u00e9 de Haute-Alsace\",\"potentialAction\":[{\"@type\":\"SearchAction\",\"target\":{\"@type\":\"EntryPoint\",\"urlTemplate\":\"https:\/\/www.lvbe.uha.fr\/?s={search_term_string}\"},\"query-input\":{\"@type\":\"PropertyValueSpecification\",\"valueRequired\":true,\"valueName\":\"search_term_string\"}}],\"inLanguage\":\"fr-FR\"}]}<\/script>\n<!-- \/ Yoast SEO plugin. -->","yoast_head_json":{"title":"Dr. Samuele MORETTI - LVBE - Laboratoire Vigne, Biotechnologies, Environnement | Universit\u00e9 de Haute-Alsace","robots":{"index":"index","follow":"follow","max-snippet":"max-snippet:-1","max-image-preview":"max-image-preview:large","max-video-preview":"max-video-preview:-1"},"canonical":"https:\/\/www.lvbe.uha.fr\/index.php\/equipe\/membres-de-lequipe\/dr-samuele-moretti\/","og_locale":"fr_FR","og_type":"article","og_title":"Dr. Samuele MORETTI - LVBE - Laboratoire Vigne, Biotechnologies, Environnement | Universit\u00e9 de Haute-Alsace","og_description":"Post-Doctorant Courriel : samuele.moretti@uha.fr","og_url":"https:\/\/www.lvbe.uha.fr\/index.php\/equipe\/membres-de-lequipe\/dr-samuele-moretti\/","og_site_name":"LVBE - Laboratoire Vigne, Biotechnologies, Environnement | Universit\u00e9 de Haute-Alsace","article_modified_time":"2019-12-02T17:50:20+00:00","twitter_card":"summary_large_image","twitter_misc":{"Dur\u00e9e de lecture estim\u00e9e":"2 minutes"},"schema":{"@context":"https:\/\/schema.org","@graph":[{"@type":"WebPage","@id":"https:\/\/www.lvbe.uha.fr\/index.php\/equipe\/membres-de-lequipe\/dr-samuele-moretti\/","url":"https:\/\/www.lvbe.uha.fr\/index.php\/equipe\/membres-de-lequipe\/dr-samuele-moretti\/","name":"Dr. Samuele MORETTI - LVBE - Laboratoire Vigne, Biotechnologies, Environnement | Universit\u00e9 de Haute-Alsace","isPartOf":{"@id":"https:\/\/www.lvbe.uha.fr\/#website"},"datePublished":"2019-12-02T06:38:22+00:00","dateModified":"2019-12-02T17:50:20+00:00","breadcrumb":{"@id":"https:\/\/www.lvbe.uha.fr\/index.php\/equipe\/membres-de-lequipe\/dr-samuele-moretti\/#breadcrumb"},"inLanguage":"fr-FR","potentialAction":[{"@type":"ReadAction","target":["https:\/\/www.lvbe.uha.fr\/index.php\/equipe\/membres-de-lequipe\/dr-samuele-moretti\/"]}]},{"@type":"BreadcrumbList","@id":"https:\/\/www.lvbe.uha.fr\/index.php\/equipe\/membres-de-lequipe\/dr-samuele-moretti\/#breadcrumb","itemListElement":[{"@type":"ListItem","position":1,"name":"Accueil","item":"https:\/\/www.lvbe.uha.fr\/"},{"@type":"ListItem","position":2,"name":"\u00c9quipe","item":"https:\/\/www.lvbe.uha.fr\/index.php\/equipe\/"},{"@type":"ListItem","position":3,"name":"Membres de l&rsquo;\u00e9quipe","item":"https:\/\/www.lvbe.uha.fr\/index.php\/equipe\/membres-de-lequipe\/"},{"@type":"ListItem","position":4,"name":"Dr. Samuele MORETTI"}]},{"@type":"WebSite","@id":"https:\/\/www.lvbe.uha.fr\/#website","url":"https:\/\/www.lvbe.uha.fr\/","name":"LVBE - Laboratoire Vigne, Biotechnologies, Environnement | Universit\u00e9 de Haute-Alsace","description":"Campus Biop\u00f4le | Universit\u00e9 de Haute-Alsace","potentialAction":[{"@type":"SearchAction","target":{"@type":"EntryPoint","urlTemplate":"https:\/\/www.lvbe.uha.fr\/?s={search_term_string}"},"query-input":{"@type":"PropertyValueSpecification","valueRequired":true,"valueName":"search_term_string"}}],"inLanguage":"fr-FR"}]}},"_links":{"self":[{"href":"https:\/\/www.lvbe.uha.fr\/index.php\/wp-json\/wp\/v2\/pages\/2867","targetHints":{"allow":["GET"]}}],"collection":[{"href":"https:\/\/www.lvbe.uha.fr\/index.php\/wp-json\/wp\/v2\/pages"}],"about":[{"href":"https:\/\/www.lvbe.uha.fr\/index.php\/wp-json\/wp\/v2\/types\/page"}],"author":[{"embeddable":true,"href":"https:\/\/www.lvbe.uha.fr\/index.php\/wp-json\/wp\/v2\/users\/2"}],"replies":[{"embeddable":true,"href":"https:\/\/www.lvbe.uha.fr\/index.php\/wp-json\/wp\/v2\/comments?post=2867"}],"version-history":[{"count":12,"href":"https:\/\/www.lvbe.uha.fr\/index.php\/wp-json\/wp\/v2\/pages\/2867\/revisions"}],"predecessor-version":[{"id":2892,"href":"https:\/\/www.lvbe.uha.fr\/index.php\/wp-json\/wp\/v2\/pages\/2867\/revisions\/2892"}],"up":[{"embeddable":true,"href":"https:\/\/www.lvbe.uha.fr\/index.php\/wp-json\/wp\/v2\/pages\/1751"}],"wp:attachment":[{"href":"https:\/\/www.lvbe.uha.fr\/index.php\/wp-json\/wp\/v2\/media?parent=2867"}],"curies":[{"name":"wp","href":"https:\/\/api.w.org\/{rel}","templated":true}]}}