{"id":2506,"date":"2019-10-01T16:17:54","date_gmt":"2019-10-01T14:17:54","guid":{"rendered":"https:\/\/www.lvbe.uha.fr\/?page_id=2506"},"modified":"2024-09-02T09:44:11","modified_gmt":"2024-09-02T07:44:11","slug":"loriane-merlen","status":"publish","type":"page","link":"https:\/\/www.lvbe.uha.fr\/index.php\/equipe\/chercheurs-venus-collaborer-au-lvbe\/loriane-merlen\/","title":{"rendered":"Dr. Loriane MERLEN"},"content":{"rendered":"<p>Post-Doctorante en chimie-biologie au sein des laboratoires <strong>LPIM<\/strong> (Laboratoire de Photochimie et d\u2019Ing\u00e9nierie Macromol\u00e9culaires) et <strong>LVBE<\/strong> (Laboratoire Vigne, Biotechnologies et Environnement) et attach\u00e9e temporaire d&rsquo;enseignement et de recherche (ATER).<\/p>\n<p>courriel : <a href=\"mailto:loriane.merlen@uha.fr\">loriane.merlen@uha.fr<\/a><\/p>\n<div class=\"su-row\">\n<div class=\"su-column su-column-size-1-2\"><div class=\"su-column-inner su-u-clearfix su-u-trim\">\n<h2>Th\u00e8se soutenue le 28 novembre 2022<\/h2>\n<p><b>\u00ab\u00a0Formulation et phytopharmaceutique : le cas du Subsalicylate de Bismuth, un compos\u00e9 fongistatique et stimulateur des d\u00e9fenses des plantes.\u00a0\u00bb<\/b><\/p>\n<p><b>Cette th\u00e8se<\/b>, men\u00e9e au sein de deux laboratoires de l\u2019Universit\u00e9 de Haute-Alsace, <b>a\u00a0pour but de mettre en place des formulations ad\u00e9quates pour l\u2019utilisation du subsalicylate de bismuth en tant que produit phytosanitaire<\/b>. En effet, le subsalicylate de bismuth, ayant d\u00e9j\u00e0 prouv\u00e9 son efficacit\u00e9 vis-\u00e0-vis des champignons responsables de certaines maladies du bois de la vigne, reste cependant un compos\u00e9 extr\u00eamement hydrophobe et ne peut pas \u00eatre mis sur le march\u00e9 sans qu\u2019une solution ne soit apport\u00e9e \u00e0 sa mise en dispersion pour permettre son utilisation.<\/p>\n<h2>Formations et dipl\u00f4mes<span class=\"Apple-converted-space\">\u00a0<\/span><\/h2>\n<p>Facult\u00e9 des Sciences et Techniques \u2013 UHA<span class=\"Apple-converted-space\">\u00a0<\/span><\/p>\n<p>2019 <b>Master Chimie<span class=\"Apple-converted-space\">\u00a0\u00a0<\/span><\/b><\/p>\n<p style=\"padding-left: 40px;\"><b>Sp\u00e9cialit\u00e9 : Chimie mol\u00e9culaire et macromol\u00e9culaire<\/b><\/p>\n<p>Facult\u00e9 des Sciences et Techniques \u2013 UHA<span class=\"Apple-converted-space\">\u00a0<\/span><\/p>\n<p>2017 <b>Licence Chimie<\/b><\/p>\n<p style=\"padding-left: 40px;\"><b>Sp\u00e9cialit\u00e9 : Chimie organique et bio-organique<span class=\"Apple-converted-space\">\u00a0<\/span><\/b><\/p>\n<\/div><\/div>\n<div class=\"su-column su-column-size-1-2\"><div class=\"su-column-inner su-u-clearfix su-u-trim\">\n<h2>Exp\u00e9riences professionnelles<\/h2>\n<p><span class=\"Apple-converted-space\">\u00a0 <\/span>02\/19 &#8211; 06\/19<\/p>\n<p style=\"padding-left: 40px;\"><span class=\"Apple-converted-space\"><b>Laboratoire Vigne, Biotechnologies et \u00a0Environnement (LVBE)<\/b><\/span><\/p>\n<p style=\"padding-left: 40px;\"><span class=\"Apple-converted-space\"><b>Laboratoire de Photochimie et d\u2019Ing\u00e9nierie Macromol\u00e9culaires (LPIM) \u00a0<\/b><\/span><\/p>\n<p style=\"padding-left: 80px;\"><em>Stagiaire<\/em><em>\u00a0Master 2\u00e8me ann\u00e9e <\/em><\/p>\n<p style=\"padding-left: 80px;\">\u00a0\u00c9tude des relations h\u00f4tes\/pathog\u00e8nes dans les maladies du bois de la vigne, synth\u00e8se et modifications des compos\u00e9s du bois de la vigne, formulation d\u2019un antifongique potentiel.<\/p>\n<p>04\/18 &#8211; 06\/18<\/p>\n<p style=\"padding-left: 40px;\"><span class=\"Apple-converted-space\">\u00a0<b>Laboratoire innovation mol\u00e9culaire et applications (LIMA)<\/b><\/span><\/p>\n<p style=\"padding-left: 40px;\"><span class=\"Apple-converted-space\">Institut Jean-Baptiste DONNET<\/span><\/p>\n<p style=\"padding-left: 80px;\"><span class=\"Apple-converted-space\"><em>Stagiaire Master 1\u00e8re ann\u00e9e \u00a0 \u00a0 \u00a0 \u00a0 \u00a0 \u00a0 \u00a0<\/em> \u00a0 \u00a0 \u00a0 \u00a0 \u00a0 \u00a0 \u00a0 \u00a0 \u00a0 \u00a0 \u00a0 \u00a0 \u00a0 \u00a0 \u00a0 \u00a0 \u00a0 \u00a0 \u00a0 \u00a0 \u00a0 \u00a0 \u00a0 \u00a0 \u00a0 \u00a0 \u00a0 \u00a0 \u00a0 \u00a0 \u00a0 \u00a0 \u00a0 \u00a0 \u00a0 \u00a0<\/span><\/p>\n<p style=\"padding-left: 80px;\"><span class=\"Apple-converted-space\">\u00a0Recherche de mol\u00e9cules bioactives \u00e0 partir d\u2019un champignon endophyte, \u00e9tude des phytotoxines et influence des nutriments. \u00a0 \u00a0 \u00a0 \u00a0 \u00a0 \u00a0 \u00a0 \u00a0 \u00a0 \u00a0 \u00a0 \u00a0 \u00a0 \u00a0 \u00a0 \u00a0 \u00a0 \u00a0 \u00a0 \u00a0 \u00a0 \u00a0 \u00a0 \u00a0 \u00a0 \u00a0 \u00a0 \u00a0 \u00a0 \u00a0 \u00a0 \u00a0 \u00a0 \u00a0 \u00a0 \u00a0 \u00a0 \u00a0 \u00a0 \u00a0 \u00a0 \u00a0 \u00a0 \u00a0 \u00a0 \u00a0 \u00a0 \u00a0 \u00a0 \u00a0 \u00a0 \u00a0 \u00a0 \u00a0 \u00a0 \u00a0 \u00a0 \u00a0 \u00a0 \u00a0 \u00a0 \u00a0 \u00a0 \u00a0 \u00a0 \u00a0 \u00a0 \u00a0 \u00a0 \u00a0 \u00a0 \u00a0 \u00a0 \u00a0 \u00a0 \u00a0 \u00a0<\/span><\/p>\n<p>04\/17 \u2013 05\/17<\/p>\n<p style=\"padding-left: 40px;\"><b>\u00a0Laboratoire de Chimie Organique Bio-organique (COB)<\/b><\/p>\n<p style=\"padding-left: 40px;\">Institut Jean-Baptiste DONNET<\/p>\n<p style=\"padding-left: 80px;\"><i>Stagiaire Licence 3\u00e8me ann\u00e9e<\/i><\/p>\n<p style=\"padding-left: 80px;\">Recherche de mol\u00e9cules bioactives \u00e0 partir de champignons endophytes, \u00e9tude des phytotoxines et influence des nutriments.<\/p>\n<h2>Comp\u00e9tences professionnelles<\/h2>\n<p>Mise en culture de champignons endophytes, extraction de compos\u00e9s, utilisation de diff\u00e9rentes m\u00e9thodes de chimie analytique : HPLC-DAD, H<sup>1<\/sup> RMN, C<sup>13<\/sup> RMN, granulom\u00e9trie, DSC, ATG, spectrom\u00e9trie UV ainsi que leur logiciel de traitement de donn\u00e9es, utilisation de Microsoft Office, utilisation de logiciels \/ sites d\u00e9di\u00e9s \u00e0 la chimie (ChemDraw, Reaxys\u2026), recherches bibliographiques (C2i).<\/p>\n<p>&nbsp;<\/p>\n<\/div><\/div>\n<\/div>\n","protected":false},"excerpt":{"rendered":"<p>Post-Doctorante en chimie-biologie au sein des laboratoires LPIM (Laboratoire de Photochimie et d\u2019Ing\u00e9nierie Macromol\u00e9culaires) et LVBE (Laboratoire Vigne, Biotechnologies et Environnement) et attach\u00e9e temporaire d&rsquo;enseignement et de recherche (ATER). courriel : loriane.merlen@uha.fr<\/p>\n","protected":false},"author":2,"featured_media":0,"parent":2537,"menu_order":21,"comment_status":"closed","ping_status":"closed","template":"","meta":{"footnotes":""},"class_list":["post-2506","page","type-page","status-publish","hentry"],"yoast_head":"<!-- This site is optimized with the Yoast SEO plugin v27.4 - https:\/\/yoast.com\/product\/yoast-seo-wordpress\/ -->\n<title>Dr. Loriane MERLEN - LVBE - Laboratoire Vigne, Biotechnologies, Environnement | Universit\u00e9 de Haute-Alsace<\/title>\n<meta name=\"robots\" content=\"index, follow, max-snippet:-1, max-image-preview:large, max-video-preview:-1\" \/>\n<link rel=\"canonical\" href=\"https:\/\/www.lvbe.uha.fr\/index.php\/equipe\/chercheurs-venus-collaborer-au-lvbe\/loriane-merlen\/\" \/>\n<meta property=\"og:locale\" content=\"fr_FR\" \/>\n<meta property=\"og:type\" content=\"article\" \/>\n<meta property=\"og:title\" content=\"Dr. Loriane MERLEN - LVBE - Laboratoire Vigne, Biotechnologies, Environnement | Universit\u00e9 de Haute-Alsace\" \/>\n<meta property=\"og:description\" content=\"Post-Doctorante en chimie-biologie au sein des laboratoires LPIM (Laboratoire de Photochimie et d\u2019Ing\u00e9nierie Macromol\u00e9culaires) et LVBE (Laboratoire Vigne, Biotechnologies et Environnement) et attach\u00e9e temporaire d&rsquo;enseignement et de recherche (ATER). courriel : loriane.merlen@uha.fr\" \/>\n<meta property=\"og:url\" content=\"https:\/\/www.lvbe.uha.fr\/index.php\/equipe\/chercheurs-venus-collaborer-au-lvbe\/loriane-merlen\/\" \/>\n<meta property=\"og:site_name\" content=\"LVBE - Laboratoire Vigne, Biotechnologies, Environnement | Universit\u00e9 de Haute-Alsace\" \/>\n<meta property=\"article:modified_time\" content=\"2024-09-02T07:44:11+00:00\" \/>\n<meta name=\"twitter:card\" content=\"summary_large_image\" \/>\n<meta name=\"twitter:label1\" content=\"Dur\u00e9e de lecture estim\u00e9e\" \/>\n\t<meta name=\"twitter:data1\" content=\"2 minutes\" \/>\n<script type=\"application\/ld+json\" class=\"yoast-schema-graph\">{\"@context\":\"https:\\\/\\\/schema.org\",\"@graph\":[{\"@type\":\"WebPage\",\"@id\":\"https:\\\/\\\/www.lvbe.uha.fr\\\/index.php\\\/equipe\\\/chercheurs-venus-collaborer-au-lvbe\\\/loriane-merlen\\\/\",\"url\":\"https:\\\/\\\/www.lvbe.uha.fr\\\/index.php\\\/equipe\\\/chercheurs-venus-collaborer-au-lvbe\\\/loriane-merlen\\\/\",\"name\":\"Dr. Loriane MERLEN - LVBE - Laboratoire Vigne, Biotechnologies, Environnement | Universit\u00e9 de Haute-Alsace\",\"isPartOf\":{\"@id\":\"https:\\\/\\\/www.lvbe.uha.fr\\\/#website\"},\"datePublished\":\"2019-10-01T14:17:54+00:00\",\"dateModified\":\"2024-09-02T07:44:11+00:00\",\"breadcrumb\":{\"@id\":\"https:\\\/\\\/www.lvbe.uha.fr\\\/index.php\\\/equipe\\\/chercheurs-venus-collaborer-au-lvbe\\\/loriane-merlen\\\/#breadcrumb\"},\"inLanguage\":\"fr-FR\",\"potentialAction\":[{\"@type\":\"ReadAction\",\"target\":[\"https:\\\/\\\/www.lvbe.uha.fr\\\/index.php\\\/equipe\\\/chercheurs-venus-collaborer-au-lvbe\\\/loriane-merlen\\\/\"]}]},{\"@type\":\"BreadcrumbList\",\"@id\":\"https:\\\/\\\/www.lvbe.uha.fr\\\/index.php\\\/equipe\\\/chercheurs-venus-collaborer-au-lvbe\\\/loriane-merlen\\\/#breadcrumb\",\"itemListElement\":[{\"@type\":\"ListItem\",\"position\":1,\"name\":\"Accueil\",\"item\":\"https:\\\/\\\/www.lvbe.uha.fr\\\/\"},{\"@type\":\"ListItem\",\"position\":2,\"name\":\"\u00c9quipe\",\"item\":\"https:\\\/\\\/www.lvbe.uha.fr\\\/index.php\\\/equipe\\\/\"},{\"@type\":\"ListItem\",\"position\":3,\"name\":\"Chercheurs venus collaborer au LVBE\",\"item\":\"https:\\\/\\\/www.lvbe.uha.fr\\\/index.php\\\/equipe\\\/chercheurs-venus-collaborer-au-lvbe\\\/\"},{\"@type\":\"ListItem\",\"position\":4,\"name\":\"Dr. Loriane MERLEN\"}]},{\"@type\":\"WebSite\",\"@id\":\"https:\\\/\\\/www.lvbe.uha.fr\\\/#website\",\"url\":\"https:\\\/\\\/www.lvbe.uha.fr\\\/\",\"name\":\"LVBE - Laboratoire Vigne, Biotechnologies, Environnement | Universit\u00e9 de Haute-Alsace\",\"description\":\"Campus Biop\u00f4le | Universit\u00e9 de Haute-Alsace\",\"potentialAction\":[{\"@type\":\"SearchAction\",\"target\":{\"@type\":\"EntryPoint\",\"urlTemplate\":\"https:\\\/\\\/www.lvbe.uha.fr\\\/?s={search_term_string}\"},\"query-input\":{\"@type\":\"PropertyValueSpecification\",\"valueRequired\":true,\"valueName\":\"search_term_string\"}}],\"inLanguage\":\"fr-FR\"}]}<\/script>\n<!-- \/ Yoast SEO plugin. -->","yoast_head_json":{"title":"Dr. Loriane MERLEN - LVBE - Laboratoire Vigne, Biotechnologies, Environnement | Universit\u00e9 de Haute-Alsace","robots":{"index":"index","follow":"follow","max-snippet":"max-snippet:-1","max-image-preview":"max-image-preview:large","max-video-preview":"max-video-preview:-1"},"canonical":"https:\/\/www.lvbe.uha.fr\/index.php\/equipe\/chercheurs-venus-collaborer-au-lvbe\/loriane-merlen\/","og_locale":"fr_FR","og_type":"article","og_title":"Dr. Loriane MERLEN - LVBE - Laboratoire Vigne, Biotechnologies, Environnement | Universit\u00e9 de Haute-Alsace","og_description":"Post-Doctorante en chimie-biologie au sein des laboratoires LPIM (Laboratoire de Photochimie et d\u2019Ing\u00e9nierie Macromol\u00e9culaires) et LVBE (Laboratoire Vigne, Biotechnologies et Environnement) et attach\u00e9e temporaire d&rsquo;enseignement et de recherche (ATER). courriel : loriane.merlen@uha.fr","og_url":"https:\/\/www.lvbe.uha.fr\/index.php\/equipe\/chercheurs-venus-collaborer-au-lvbe\/loriane-merlen\/","og_site_name":"LVBE - Laboratoire Vigne, Biotechnologies, Environnement | Universit\u00e9 de Haute-Alsace","article_modified_time":"2024-09-02T07:44:11+00:00","twitter_card":"summary_large_image","twitter_misc":{"Dur\u00e9e de lecture estim\u00e9e":"2 minutes"},"schema":{"@context":"https:\/\/schema.org","@graph":[{"@type":"WebPage","@id":"https:\/\/www.lvbe.uha.fr\/index.php\/equipe\/chercheurs-venus-collaborer-au-lvbe\/loriane-merlen\/","url":"https:\/\/www.lvbe.uha.fr\/index.php\/equipe\/chercheurs-venus-collaborer-au-lvbe\/loriane-merlen\/","name":"Dr. Loriane MERLEN - LVBE - Laboratoire Vigne, Biotechnologies, Environnement | Universit\u00e9 de Haute-Alsace","isPartOf":{"@id":"https:\/\/www.lvbe.uha.fr\/#website"},"datePublished":"2019-10-01T14:17:54+00:00","dateModified":"2024-09-02T07:44:11+00:00","breadcrumb":{"@id":"https:\/\/www.lvbe.uha.fr\/index.php\/equipe\/chercheurs-venus-collaborer-au-lvbe\/loriane-merlen\/#breadcrumb"},"inLanguage":"fr-FR","potentialAction":[{"@type":"ReadAction","target":["https:\/\/www.lvbe.uha.fr\/index.php\/equipe\/chercheurs-venus-collaborer-au-lvbe\/loriane-merlen\/"]}]},{"@type":"BreadcrumbList","@id":"https:\/\/www.lvbe.uha.fr\/index.php\/equipe\/chercheurs-venus-collaborer-au-lvbe\/loriane-merlen\/#breadcrumb","itemListElement":[{"@type":"ListItem","position":1,"name":"Accueil","item":"https:\/\/www.lvbe.uha.fr\/"},{"@type":"ListItem","position":2,"name":"\u00c9quipe","item":"https:\/\/www.lvbe.uha.fr\/index.php\/equipe\/"},{"@type":"ListItem","position":3,"name":"Chercheurs venus collaborer au LVBE","item":"https:\/\/www.lvbe.uha.fr\/index.php\/equipe\/chercheurs-venus-collaborer-au-lvbe\/"},{"@type":"ListItem","position":4,"name":"Dr. Loriane MERLEN"}]},{"@type":"WebSite","@id":"https:\/\/www.lvbe.uha.fr\/#website","url":"https:\/\/www.lvbe.uha.fr\/","name":"LVBE - Laboratoire Vigne, Biotechnologies, Environnement | Universit\u00e9 de Haute-Alsace","description":"Campus Biop\u00f4le | Universit\u00e9 de Haute-Alsace","potentialAction":[{"@type":"SearchAction","target":{"@type":"EntryPoint","urlTemplate":"https:\/\/www.lvbe.uha.fr\/?s={search_term_string}"},"query-input":{"@type":"PropertyValueSpecification","valueRequired":true,"valueName":"search_term_string"}}],"inLanguage":"fr-FR"}]}},"_links":{"self":[{"href":"https:\/\/www.lvbe.uha.fr\/index.php\/wp-json\/wp\/v2\/pages\/2506","targetHints":{"allow":["GET"]}}],"collection":[{"href":"https:\/\/www.lvbe.uha.fr\/index.php\/wp-json\/wp\/v2\/pages"}],"about":[{"href":"https:\/\/www.lvbe.uha.fr\/index.php\/wp-json\/wp\/v2\/types\/page"}],"author":[{"embeddable":true,"href":"https:\/\/www.lvbe.uha.fr\/index.php\/wp-json\/wp\/v2\/users\/2"}],"replies":[{"embeddable":true,"href":"https:\/\/www.lvbe.uha.fr\/index.php\/wp-json\/wp\/v2\/comments?post=2506"}],"version-history":[{"count":16,"href":"https:\/\/www.lvbe.uha.fr\/index.php\/wp-json\/wp\/v2\/pages\/2506\/revisions"}],"predecessor-version":[{"id":3988,"href":"https:\/\/www.lvbe.uha.fr\/index.php\/wp-json\/wp\/v2\/pages\/2506\/revisions\/3988"}],"up":[{"embeddable":true,"href":"https:\/\/www.lvbe.uha.fr\/index.php\/wp-json\/wp\/v2\/pages\/2537"}],"wp:attachment":[{"href":"https:\/\/www.lvbe.uha.fr\/index.php\/wp-json\/wp\/v2\/media?parent=2506"}],"curies":[{"name":"wp","href":"https:\/\/api.w.org\/{rel}","templated":true}]}}