{"id":248,"date":"2018-04-09T15:58:47","date_gmt":"2018-04-09T13:58:47","guid":{"rendered":"https:\/\/www.lvbe.uha.fr\/\/?page_id=248"},"modified":"2026-04-28T08:52:20","modified_gmt":"2026-04-28T06:52:20","slug":"axe-2-nouveaux-outils","status":"publish","type":"page","link":"https:\/\/www.lvbe.uha.fr\/index.php\/recherche\/axe-2-nouveaux-outils\/","title":{"rendered":"Axe 2 &#8211; Nouveaux outils"},"content":{"rendered":"<h2>Conception et d\u00e9veloppement de nouveaux moyens de luttes responsables<\/h2>\n<div class=\"su-row\">\n<div class=\"su-column su-column-size-1-3\"><div class=\"su-column-inner su-u-clearfix su-u-trim\">\n<img loading=\"lazy\" decoding=\"async\" class=\"alignnone wp-image-250 size-full\" src=\"https:\/\/www.lvbe.uha.fr\/\/wp-content\/uploads\/2018\/04\/7BCBDF17-3D6D-4622-92C1-1B28079708E8-e1523282445384.jpeg\" alt=\"Inflorescence de Vitis vinifiera\" width=\"2448\" height=\"3264\" srcset=\"https:\/\/www.lvbe.uha.fr\/wp-content\/uploads\/2018\/04\/7BCBDF17-3D6D-4622-92C1-1B28079708E8-e1523282445384.jpeg 2448w, https:\/\/www.lvbe.uha.fr\/wp-content\/uploads\/2018\/04\/7BCBDF17-3D6D-4622-92C1-1B28079708E8-e1523282445384-225x300.jpeg 225w, https:\/\/www.lvbe.uha.fr\/wp-content\/uploads\/2018\/04\/7BCBDF17-3D6D-4622-92C1-1B28079708E8-e1523282445384-768x1024.jpeg 768w\" sizes=\"auto, (max-width: 2448px) 100vw, 2448px\" \/><br \/>\n<\/div><\/div>\n<div class=\"su-column su-column-size-2-3\"><div class=\"su-column-inner su-u-clearfix su-u-trim\">\n<p>Il est \u00e0 pr\u00e9sent indispensable de mettre en place de nouvelles alternatives de traitement respectueuses de l&rsquo;environnement et efficaces. De plus, les diff\u00e9rentes r\u00e8glementations europ\u00e9ennes diminuent le panel de mol\u00e9cules actives sur le march\u00e9.<\/p>\n<div class=\"su-accordion su-u-trim\">\n<div class=\"su-spoiler su-spoiler-style-default su-spoiler-icon-plus su-spoiler-closed\" data-scroll-offset=\"0\" data-anchor-in-url=\"no\"><div class=\"su-spoiler-title\" tabindex=\"0\" role=\"button\"><span class=\"su-spoiler-icon\"><\/span>Compr\u00e9hension du mode d'action des plantes couvre\u2010sol \u00e0 effet n\u00e9maticide<\/div><div class=\"su-spoiler-content su-u-clearfix su-u-trim\">\n<p>Nous continuerons nos travaux prometteurs concernant l&rsquo;utilisation des saponines pour une viticulture responsable. Les saponines sont des mol\u00e9cules naturellement produites par les plantes pour se prot\u00e9ger contre les bioagresseurs et il existe une bibliographie abondante sur le sujet mais peu de choses sont connues sur les saponines de la vigne.<\/p>\n<div class=\"su-pullquote su-pullquote-align-right\"><img loading=\"lazy\" decoding=\"async\" class=\"alignright wp-image-258\" src=\"https:\/\/www.lvbe.uha.fr\/\/wp-content\/uploads\/2018\/04\/2F9E45B3-AE1C-48A5-AE78-3BB6D0332041-300x231.jpeg\" alt=\"N\u00e9matodes morts\" width=\"500\" height=\"384\" srcset=\"https:\/\/www.lvbe.uha.fr\/wp-content\/uploads\/2018\/04\/2F9E45B3-AE1C-48A5-AE78-3BB6D0332041-300x231.jpeg 300w, https:\/\/www.lvbe.uha.fr\/wp-content\/uploads\/2018\/04\/2F9E45B3-AE1C-48A5-AE78-3BB6D0332041.jpeg 666w\" sizes=\"auto, (max-width: 500px) 100vw, 500px\" \/><\/div>\n<p>L&rsquo;\u00e9quipe a publi\u00e9 une premi\u00e8re s\u00e9rie d&rsquo;\u00e9tudes concernant les effets de l&rsquo;exposition aux saponines sur des microorganismes repr\u00e9sentatifs de l&rsquo;environnement viticole (Fischer et al., 2011 ; Pensec et al., 2013) et a r\u00e9alis\u00e9 l&rsquo;identification et la caract\u00e9risation des saponines chez la vigne (Pensec et al., 2014 ; Pensec et al., 2016). Les saponines se sont r\u00e9v\u00e9l\u00e9es \u00eatre actives contre les pathog\u00e8nes test\u00e9s, <em>Botrytis cinerea<\/em> et le n\u00e9matode <i>Xiphinema index<\/i>. L&rsquo;aspect n\u00e9maticide des saponines est particuli\u00e8rement int\u00e9ressant car il n&rsquo;y a actuellement pas de traitement pour les parcelles contamin\u00e9es et la seule solution efficace consiste en un arrachage et une jach\u00e8re pouvant durer plus de dix ans.<\/p>\n<p>Les approches par traitements phytosanitaires classiques sont potentiellement probl\u00e9matiques en raison de la Directive Cadre Europ\u00e9enne 2009\/128\/CE obligeant \u00e0 une diminution des traitements phytosanitaires. Un projet APR bas\u00e9 sur l&rsquo;utilisation de plantes productrices de saponines et \u00e0 effet n\u00e9maticide a \u00e9t\u00e9 accept\u00e9 en 2016 (projet BioCou en r\u00e9ponse \u00e0 l&rsquo;APR 2014 Pesticides-Ecophyto financ\u00e9e par l&rsquo;ONEMA). Il va s&rsquo;int\u00e9resser au potentiel des saponines dans la lutte biologique contre la maladie du court-nou\u00e9 de la vigne, l&rsquo;impact de l&rsquo;int\u00e9gration de techniques culturales impliquant des jach\u00e8res en interculture et l&rsquo;utilisation d&rsquo;un porte-greffe r\u00e9sistant, la compr\u00e9hension du mode d&rsquo;action des plantes couvre-sol \u00e0 effet n\u00e9maticide.<\/p>\n<\/div><\/div>\n<div class=\"su-spoiler su-spoiler-style-default su-spoiler-icon-plus su-spoiler-closed\" data-scroll-offset=\"0\" data-anchor-in-url=\"no\"><div class=\"su-spoiler-title\" tabindex=\"0\" role=\"button\"><span class=\"su-spoiler-icon\"><\/span>\u00c9tude des effets de la mycorhization sur les r\u00e9ponses de d\u00e9fense et la r\u00e9sistance de la vigne aux bioagresseurs<\/div><div class=\"su-spoiler-content su-u-clearfix su-u-trim\">\n<div class=\"su-pullquote su-pullquote-align-right\"><img loading=\"lazy\" decoding=\"async\" class=\"alignright wp-image-270\" src=\"https:\/\/www.lvbe.uha.fr\/\/wp-content\/uploads\/2018\/04\/A4E45BA8-0532-4BCA-A13D-5C717F4EFC65-199x300.jpeg\" alt=\"Les vitro-plants du LVBE\" width=\"310\" height=\"467\" srcset=\"https:\/\/www.lvbe.uha.fr\/wp-content\/uploads\/2018\/04\/A4E45BA8-0532-4BCA-A13D-5C717F4EFC65-199x300.jpeg 199w, https:\/\/www.lvbe.uha.fr\/wp-content\/uploads\/2018\/04\/A4E45BA8-0532-4BCA-A13D-5C717F4EFC65-768x1155.jpeg 768w, https:\/\/www.lvbe.uha.fr\/wp-content\/uploads\/2018\/04\/A4E45BA8-0532-4BCA-A13D-5C717F4EFC65-681x1024.jpeg 681w, https:\/\/www.lvbe.uha.fr\/wp-content\/uploads\/2018\/04\/A4E45BA8-0532-4BCA-A13D-5C717F4EFC65.jpeg 1085w\" sizes=\"auto, (max-width: 310px) 100vw, 310px\" \/><\/div>\n<p>Dans ce cadre, notre objectif est d&rsquo;\u00e9valuer si la symbiose mycorhizienne peut stimuler les d\u00e9fenses de la vigne de mani\u00e8re \u00e0 lui conf\u00e9rer une protection contre des bioagresseurs, c&rsquo;est-\u00e0-dire induire la MIR (Mycorrhiza-Induced Resistance). Nous cherchons \u00e9galement \u00e0 mettre en \u00e9vidence des r\u00e9actions de la plante qui soient li\u00e9es sp\u00e9cifiquement \u00e0 cette MIR, afin de mieux comprendre les m\u00e9canismes mol\u00e9culaires en jeu. Au vu de nos pr\u00e9c\u00e9dents r\u00e9sultats, nous nous attacherons \u00e0 d\u00e9velopper un mod\u00e8le d&rsquo;\u00e9tude des effets de la mycorhization sur de jeunes vignes issues de bouturage en vert ou de culture<em> in vitro<\/em>. Leur culture peut \u00eatre r\u00e9alis\u00e9e en semi-hydroponie (substrat inerte). Ce mod\u00e8le permet de contr\u00f4ler au mieux les conditions de croissance (nutrition, environnement biotique et abiotique), et facilite le suivi de la mycorhization, ainsi que les modifications physiologiques, morphologiques et mol\u00e9culaires au niveau de la plante.<\/p>\n<p>Nous avons d&rsquo;ores et d\u00e9j\u00e0 montr\u00e9 que des champignons mycorhiziens \u00e0 arbuscules (CMA) peuvent efficacement coloniser des plants de porte-greffes issus de culture<em> in vitro<\/em> et qu&rsquo;ils ont un effet significatif sur certains param\u00e8tres de la croissance et de l&rsquo;architecture a\u00e9rienne et racinaire. L&rsquo;\u00e9tude mol\u00e9culaire pour identifier des g\u00e8nes impliqu\u00e9s dans l&rsquo;interaction symbiotique (d\u00e9fense, transport de phosphates, transport de sucres\u2026) est en cours. L&rsquo;\u00e9tape suivante sera de confronter la vigne mycorhiz\u00e9e \u00e0 diff\u00e9rents pathog\u00e8nes pour analyser sa r\u00e9ponse tant du point de vue de la r\u00e9sistance que du point de vue de ses r\u00e9actions biochimiques.<\/p>\n<\/div><\/div>\n<div class=\"su-spoiler su-spoiler-style-default su-spoiler-icon-plus su-spoiler-closed\" data-scroll-offset=\"0\" data-anchor-in-url=\"no\"><div class=\"su-spoiler-title\" tabindex=\"0\" role=\"button\"><span class=\"su-spoiler-icon\"><\/span>\u00c9tude du r\u00f4le de transporteurs SWEET au cours de l'interaction entre la vigne et ses agents pathog\u00e8nes<\/div><div class=\"su-spoiler-content su-u-clearfix su-u-trim\">\n<p>La durabilit\u00e9 de la r\u00e9sistance est particuli\u00e8rement importante chez les plantes p\u00e9rennes comme la vigne. La construction de vari\u00e9t\u00e9s combinant des g\u00e8nes de r\u00e9sistance contr\u00f4lant des m\u00e9canismes d&rsquo;action diff\u00e9rents (e.g., g\u00e8nes dominants et r\u00e9cessifs) contribuerait \u00e0 r\u00e9duire les risques de contournement des r\u00e9sistances.<\/p>\n<p>Bien que le transport et la r\u00e9partition des sucres jouent un r\u00f4le tr\u00e8s important pour cette culture fruiti\u00e8re, la r\u00e9gulation de l&rsquo;allocation des sucres lors de l&rsquo;interaction entre la vigne et ses diff\u00e9rents agents pathog\u00e8nes a \u00e9t\u00e9 peu \u00e9tudi\u00e9e.<\/p>\n<p>Chez le riz et<em> Arabidopsis<\/em>, de plus en plus d&rsquo;\u00e9tudes montrent que lors de la co\u00e9volution plantes-pathog\u00e8nes, les microorganismes ont d\u00e9velopp\u00e9 des m\u00e9canismes subtils afin de d\u00e9tourner \u00e0 leur profit le transport de sucres normalement r\u00e9gul\u00e9 au cours du d\u00e9veloppement de la plante. Les prot\u00e9ines SWEET (Sugar Will Eventualy Exported Transporter) repr\u00e9sentent une classe de transporteurs impliqu\u00e9s dans l&rsquo;export de sucres et qui sont la cible d&rsquo;agents pathog\u00e8nes extracellulaires, ceux-ci modifiant leur expression afin d&rsquo;acqu\u00e9rir les sucres n\u00e9cessaires \u00e0 leur croissance. Chez le riz inocul\u00e9 par <em>Xanthomonas oryzae pv. oryzae<\/em>, une bact\u00e9rie pathog\u00e8ne vasculaire, certains all\u00e8les des g\u00e8nes <em>SWEET<\/em> portant des mutations dans leur promoteur emp\u00eachant leur induction apr\u00e8s infection, fonctionnent comme des g\u00e8nes de r\u00e9sistance r\u00e9cessifs.<\/p>\n<p>L&rsquo;objectif principal de ce projet de recherche sera de caract\u00e9riser plus pr\u00e9cis\u00e9ment le r\u00f4le de ces transporteurs candidats dans l&rsquo;interaction entre la vigne et ses agents pathog\u00e8nes majeurs, afin d&rsquo;explorer leur utilisation potentielle comme g\u00e8nes de r\u00e9sistance r\u00e9cessifs.<\/p>\n<p><img loading=\"lazy\" decoding=\"async\" class=\"size-medium wp-image-284 aligncenter\" src=\"https:\/\/www.lvbe.uha.fr\/\/wp-content\/uploads\/2018\/04\/ADCDC206-0E66-420B-A389-822BDB318B0E-300x153.jpeg\" alt=\"Analyse phylog\u00e9n\u00e9tique des prot\u00e9ines Sweet\" width=\"300\" height=\"153\" srcset=\"https:\/\/www.lvbe.uha.fr\/wp-content\/uploads\/2018\/04\/ADCDC206-0E66-420B-A389-822BDB318B0E-300x153.jpeg 300w, https:\/\/www.lvbe.uha.fr\/wp-content\/uploads\/2018\/04\/ADCDC206-0E66-420B-A389-822BDB318B0E.jpeg 561w\" sizes=\"auto, (max-width: 300px) 100vw, 300px\" \/><\/p>\n<p style=\"text-align: center;\"><strong>j, Structural model of SWEETs based on hydrophobicity plots (duplication of three transmembrane helices; red\/blue triangles).<\/strong><\/p>\n<p>La caract\u00e9risation fonctionnelle de ces transporteurs candidats sera r\u00e9alis\u00e9e par une approche pluridisciplinaire impliquant l&rsquo;\u00e9tude d\u00e9taill\u00e9e de leur expression, leur surexpression ou leur extinction chez des plantes mod\u00e8les et la vigne, suivie de tests de r\u00e9sistance \u00e0 divers pathog\u00e8nes, des \u00e9tudes de transport de sucre <em>in planta<\/em> et enfin l&rsquo;\u00e9tude de leur localisation cellulaire.<\/p>\n<p><img loading=\"lazy\" decoding=\"async\" class=\"aligncenter wp-image-281 size-large\" src=\"https:\/\/www.lvbe.uha.fr\/\/wp-content\/uploads\/2018\/04\/9E1C7246-BE2B-40D9-B0AE-8D893C9C7A03-1024x707.jpeg\" alt=\"Analyse phylog\u00e9n\u00e9tique des prot\u00e9ines Sweet\" width=\"750\" height=\"518\" srcset=\"https:\/\/www.lvbe.uha.fr\/wp-content\/uploads\/2018\/04\/9E1C7246-BE2B-40D9-B0AE-8D893C9C7A03-1024x707.jpeg 1024w, https:\/\/www.lvbe.uha.fr\/wp-content\/uploads\/2018\/04\/9E1C7246-BE2B-40D9-B0AE-8D893C9C7A03-300x207.jpeg 300w, https:\/\/www.lvbe.uha.fr\/wp-content\/uploads\/2018\/04\/9E1C7246-BE2B-40D9-B0AE-8D893C9C7A03-768x530.jpeg 768w, https:\/\/www.lvbe.uha.fr\/wp-content\/uploads\/2018\/04\/9E1C7246-BE2B-40D9-B0AE-8D893C9C7A03.jpeg 1474w\" sizes=\"auto, (max-width: 750px) 100vw, 750px\" \/><\/p>\n<p>Ce projet apportera des informations nouvelles et originales sur le transport et la r\u00e9partition des sucres dans les interactions entre plantes et diff\u00e9rents types d&rsquo;agents pathog\u00e8nes. L&rsquo;identification \u00e9ventuelle de g\u00e8nes <em>SWEET<\/em> comme g\u00e8nes de r\u00e9sistance r\u00e9cessifs contre les agents pathog\u00e8nes de la vigne repr\u00e9senterait une contribution importante pour la cr\u00e9ation de vari\u00e9t\u00e9s de vigne r\u00e9sistantes poss\u00e9dant un fort potentiel de durabilit\u00e9 et serait par cons\u00e9quent une \u00e9tape importante vers une viticulture responsable.<\/p>\n<p>Ce projet est r\u00e9alis\u00e9 en \u00e9troite collaboration entre le LVBE de l&rsquo;UHA et <a href=\"https:\/\/www6.colmar.inrae.fr\/svqv\/Infos-Pratiques\/Annuaire\/GAV\">l&rsquo;\u00e9quipe G\u00e9n\u00e9tique et Am\u00e9lioration de la Vigne<\/a> de l&rsquo;INRA de Colmar.<\/p>\n<\/div><\/div>\n<\/div>\n<div class=\"su-spoiler su-spoiler-style-default su-spoiler-icon-plus su-spoiler-closed\" data-scroll-offset=\"0\" data-anchor-in-url=\"no\"><div class=\"su-spoiler-title\" tabindex=\"0\" role=\"button\"><span class=\"su-spoiler-icon\"><\/span>De nouveaux outils pour d\u00e9tecter plus t\u00f4t les maladies de la vigne : Participation au projet VitiSense<\/div><div class=\"su-spoiler-content su-u-clearfix su-u-trim\">\n<p><a href=\"https:\/\/www.lvbe.uha.fr\/?page_id=4814&amp;preview=true\">Pour en savoir plus sur ce projet<\/a><\/p>\n<\/div><\/div>\n<\/div><\/div>\n<\/div>\n<p>&nbsp;<\/p>\n","protected":false},"excerpt":{"rendered":"<p>Conception et d\u00e9veloppement de nouveaux moyens de luttes responsables &nbsp;<\/p>\n","protected":false},"author":2,"featured_media":270,"parent":3810,"menu_order":2,"comment_status":"closed","ping_status":"closed","template":"","meta":{"footnotes":""},"class_list":["post-248","page","type-page","status-publish","has-post-thumbnail","hentry"],"yoast_head":"<!-- This site is optimized with the Yoast SEO plugin v27.4 - https:\/\/yoast.com\/product\/yoast-seo-wordpress\/ -->\n<title>Axe 2 - Nouveaux outils - LVBE - Laboratoire Vigne, Biotechnologies, Environnement | Universit\u00e9 de Haute-Alsace<\/title>\n<meta name=\"robots\" content=\"index, follow, max-snippet:-1, max-image-preview:large, max-video-preview:-1\" \/>\n<link rel=\"canonical\" href=\"https:\/\/www.lvbe.uha.fr\/index.php\/recherche\/axe-2-nouveaux-outils\/\" \/>\n<meta property=\"og:locale\" content=\"fr_FR\" \/>\n<meta property=\"og:type\" content=\"article\" \/>\n<meta property=\"og:title\" content=\"Axe 2 - Nouveaux outils - LVBE - Laboratoire Vigne, Biotechnologies, Environnement | Universit\u00e9 de Haute-Alsace\" \/>\n<meta property=\"og:description\" content=\"Conception et d\u00e9veloppement de nouveaux moyens de luttes responsables &nbsp;\" \/>\n<meta property=\"og:url\" content=\"https:\/\/www.lvbe.uha.fr\/index.php\/recherche\/axe-2-nouveaux-outils\/\" \/>\n<meta property=\"og:site_name\" content=\"LVBE - Laboratoire Vigne, Biotechnologies, Environnement | Universit\u00e9 de Haute-Alsace\" \/>\n<meta property=\"article:modified_time\" content=\"2026-04-28T06:52:20+00:00\" \/>\n<meta property=\"og:image\" content=\"https:\/\/www.lvbe.uha.fr\/wp-content\/uploads\/2018\/04\/A4E45BA8-0532-4BCA-A13D-5C717F4EFC65.jpeg\" \/>\n\t<meta property=\"og:image:width\" content=\"1085\" \/>\n\t<meta property=\"og:image:height\" content=\"1632\" \/>\n\t<meta property=\"og:image:type\" content=\"image\/jpeg\" \/>\n<meta name=\"twitter:card\" content=\"summary_large_image\" \/>\n<meta name=\"twitter:label1\" content=\"Dur\u00e9e de lecture estim\u00e9e\" \/>\n\t<meta name=\"twitter:data1\" content=\"7 minutes\" \/>\n<script type=\"application\/ld+json\" class=\"yoast-schema-graph\">{\"@context\":\"https:\\\/\\\/schema.org\",\"@graph\":[{\"@type\":\"WebPage\",\"@id\":\"https:\\\/\\\/www.lvbe.uha.fr\\\/index.php\\\/recherche\\\/axe-2-nouveaux-outils\\\/\",\"url\":\"https:\\\/\\\/www.lvbe.uha.fr\\\/index.php\\\/recherche\\\/axe-2-nouveaux-outils\\\/\",\"name\":\"Axe 2 - Nouveaux outils - LVBE - Laboratoire Vigne, Biotechnologies, Environnement | Universit\u00e9 de Haute-Alsace\",\"isPartOf\":{\"@id\":\"https:\\\/\\\/www.lvbe.uha.fr\\\/#website\"},\"primaryImageOfPage\":{\"@id\":\"https:\\\/\\\/www.lvbe.uha.fr\\\/index.php\\\/recherche\\\/axe-2-nouveaux-outils\\\/#primaryimage\"},\"image\":{\"@id\":\"https:\\\/\\\/www.lvbe.uha.fr\\\/index.php\\\/recherche\\\/axe-2-nouveaux-outils\\\/#primaryimage\"},\"thumbnailUrl\":\"https:\\\/\\\/www.lvbe.uha.fr\\\/wp-content\\\/uploads\\\/2018\\\/04\\\/A4E45BA8-0532-4BCA-A13D-5C717F4EFC65.jpeg\",\"datePublished\":\"2018-04-09T13:58:47+00:00\",\"dateModified\":\"2026-04-28T06:52:20+00:00\",\"breadcrumb\":{\"@id\":\"https:\\\/\\\/www.lvbe.uha.fr\\\/index.php\\\/recherche\\\/axe-2-nouveaux-outils\\\/#breadcrumb\"},\"inLanguage\":\"fr-FR\",\"potentialAction\":[{\"@type\":\"ReadAction\",\"target\":[\"https:\\\/\\\/www.lvbe.uha.fr\\\/index.php\\\/recherche\\\/axe-2-nouveaux-outils\\\/\"]}]},{\"@type\":\"ImageObject\",\"inLanguage\":\"fr-FR\",\"@id\":\"https:\\\/\\\/www.lvbe.uha.fr\\\/index.php\\\/recherche\\\/axe-2-nouveaux-outils\\\/#primaryimage\",\"url\":\"https:\\\/\\\/www.lvbe.uha.fr\\\/wp-content\\\/uploads\\\/2018\\\/04\\\/A4E45BA8-0532-4BCA-A13D-5C717F4EFC65.jpeg\",\"contentUrl\":\"https:\\\/\\\/www.lvbe.uha.fr\\\/wp-content\\\/uploads\\\/2018\\\/04\\\/A4E45BA8-0532-4BCA-A13D-5C717F4EFC65.jpeg\",\"width\":1085,\"height\":1632,\"caption\":\"Les vitro-plants du LVBE\"},{\"@type\":\"BreadcrumbList\",\"@id\":\"https:\\\/\\\/www.lvbe.uha.fr\\\/index.php\\\/recherche\\\/axe-2-nouveaux-outils\\\/#breadcrumb\",\"itemListElement\":[{\"@type\":\"ListItem\",\"position\":1,\"name\":\"Accueil\",\"item\":\"https:\\\/\\\/www.lvbe.uha.fr\\\/\"},{\"@type\":\"ListItem\",\"position\":2,\"name\":\"Recherche\",\"item\":\"https:\\\/\\\/www.lvbe.uha.fr\\\/index.php\\\/recherche\\\/\"},{\"@type\":\"ListItem\",\"position\":3,\"name\":\"Axe 2 &#8211; Nouveaux outils\"}]},{\"@type\":\"WebSite\",\"@id\":\"https:\\\/\\\/www.lvbe.uha.fr\\\/#website\",\"url\":\"https:\\\/\\\/www.lvbe.uha.fr\\\/\",\"name\":\"LVBE - Laboratoire Vigne, Biotechnologies, Environnement | Universit\u00e9 de Haute-Alsace\",\"description\":\"Campus Biop\u00f4le | Universit\u00e9 de Haute-Alsace\",\"potentialAction\":[{\"@type\":\"SearchAction\",\"target\":{\"@type\":\"EntryPoint\",\"urlTemplate\":\"https:\\\/\\\/www.lvbe.uha.fr\\\/?s={search_term_string}\"},\"query-input\":{\"@type\":\"PropertyValueSpecification\",\"valueRequired\":true,\"valueName\":\"search_term_string\"}}],\"inLanguage\":\"fr-FR\"}]}<\/script>\n<!-- \/ Yoast SEO plugin. -->","yoast_head_json":{"title":"Axe 2 - Nouveaux outils - LVBE - Laboratoire Vigne, Biotechnologies, Environnement | Universit\u00e9 de Haute-Alsace","robots":{"index":"index","follow":"follow","max-snippet":"max-snippet:-1","max-image-preview":"max-image-preview:large","max-video-preview":"max-video-preview:-1"},"canonical":"https:\/\/www.lvbe.uha.fr\/index.php\/recherche\/axe-2-nouveaux-outils\/","og_locale":"fr_FR","og_type":"article","og_title":"Axe 2 - Nouveaux outils - LVBE - Laboratoire Vigne, Biotechnologies, Environnement | Universit\u00e9 de Haute-Alsace","og_description":"Conception et d\u00e9veloppement de nouveaux moyens de luttes responsables &nbsp;","og_url":"https:\/\/www.lvbe.uha.fr\/index.php\/recherche\/axe-2-nouveaux-outils\/","og_site_name":"LVBE - Laboratoire Vigne, Biotechnologies, Environnement | Universit\u00e9 de Haute-Alsace","article_modified_time":"2026-04-28T06:52:20+00:00","og_image":[{"width":1085,"height":1632,"url":"https:\/\/www.lvbe.uha.fr\/wp-content\/uploads\/2018\/04\/A4E45BA8-0532-4BCA-A13D-5C717F4EFC65.jpeg","type":"image\/jpeg"}],"twitter_card":"summary_large_image","twitter_misc":{"Dur\u00e9e de lecture estim\u00e9e":"7 minutes"},"schema":{"@context":"https:\/\/schema.org","@graph":[{"@type":"WebPage","@id":"https:\/\/www.lvbe.uha.fr\/index.php\/recherche\/axe-2-nouveaux-outils\/","url":"https:\/\/www.lvbe.uha.fr\/index.php\/recherche\/axe-2-nouveaux-outils\/","name":"Axe 2 - Nouveaux outils - LVBE - Laboratoire Vigne, Biotechnologies, Environnement | Universit\u00e9 de Haute-Alsace","isPartOf":{"@id":"https:\/\/www.lvbe.uha.fr\/#website"},"primaryImageOfPage":{"@id":"https:\/\/www.lvbe.uha.fr\/index.php\/recherche\/axe-2-nouveaux-outils\/#primaryimage"},"image":{"@id":"https:\/\/www.lvbe.uha.fr\/index.php\/recherche\/axe-2-nouveaux-outils\/#primaryimage"},"thumbnailUrl":"https:\/\/www.lvbe.uha.fr\/wp-content\/uploads\/2018\/04\/A4E45BA8-0532-4BCA-A13D-5C717F4EFC65.jpeg","datePublished":"2018-04-09T13:58:47+00:00","dateModified":"2026-04-28T06:52:20+00:00","breadcrumb":{"@id":"https:\/\/www.lvbe.uha.fr\/index.php\/recherche\/axe-2-nouveaux-outils\/#breadcrumb"},"inLanguage":"fr-FR","potentialAction":[{"@type":"ReadAction","target":["https:\/\/www.lvbe.uha.fr\/index.php\/recherche\/axe-2-nouveaux-outils\/"]}]},{"@type":"ImageObject","inLanguage":"fr-FR","@id":"https:\/\/www.lvbe.uha.fr\/index.php\/recherche\/axe-2-nouveaux-outils\/#primaryimage","url":"https:\/\/www.lvbe.uha.fr\/wp-content\/uploads\/2018\/04\/A4E45BA8-0532-4BCA-A13D-5C717F4EFC65.jpeg","contentUrl":"https:\/\/www.lvbe.uha.fr\/wp-content\/uploads\/2018\/04\/A4E45BA8-0532-4BCA-A13D-5C717F4EFC65.jpeg","width":1085,"height":1632,"caption":"Les vitro-plants du LVBE"},{"@type":"BreadcrumbList","@id":"https:\/\/www.lvbe.uha.fr\/index.php\/recherche\/axe-2-nouveaux-outils\/#breadcrumb","itemListElement":[{"@type":"ListItem","position":1,"name":"Accueil","item":"https:\/\/www.lvbe.uha.fr\/"},{"@type":"ListItem","position":2,"name":"Recherche","item":"https:\/\/www.lvbe.uha.fr\/index.php\/recherche\/"},{"@type":"ListItem","position":3,"name":"Axe 2 &#8211; Nouveaux outils"}]},{"@type":"WebSite","@id":"https:\/\/www.lvbe.uha.fr\/#website","url":"https:\/\/www.lvbe.uha.fr\/","name":"LVBE - Laboratoire Vigne, Biotechnologies, Environnement | Universit\u00e9 de Haute-Alsace","description":"Campus Biop\u00f4le | Universit\u00e9 de Haute-Alsace","potentialAction":[{"@type":"SearchAction","target":{"@type":"EntryPoint","urlTemplate":"https:\/\/www.lvbe.uha.fr\/?s={search_term_string}"},"query-input":{"@type":"PropertyValueSpecification","valueRequired":true,"valueName":"search_term_string"}}],"inLanguage":"fr-FR"}]}},"_links":{"self":[{"href":"https:\/\/www.lvbe.uha.fr\/index.php\/wp-json\/wp\/v2\/pages\/248","targetHints":{"allow":["GET"]}}],"collection":[{"href":"https:\/\/www.lvbe.uha.fr\/index.php\/wp-json\/wp\/v2\/pages"}],"about":[{"href":"https:\/\/www.lvbe.uha.fr\/index.php\/wp-json\/wp\/v2\/types\/page"}],"author":[{"embeddable":true,"href":"https:\/\/www.lvbe.uha.fr\/index.php\/wp-json\/wp\/v2\/users\/2"}],"replies":[{"embeddable":true,"href":"https:\/\/www.lvbe.uha.fr\/index.php\/wp-json\/wp\/v2\/comments?post=248"}],"version-history":[{"count":35,"href":"https:\/\/www.lvbe.uha.fr\/index.php\/wp-json\/wp\/v2\/pages\/248\/revisions"}],"predecessor-version":[{"id":4830,"href":"https:\/\/www.lvbe.uha.fr\/index.php\/wp-json\/wp\/v2\/pages\/248\/revisions\/4830"}],"up":[{"embeddable":true,"href":"https:\/\/www.lvbe.uha.fr\/index.php\/wp-json\/wp\/v2\/pages\/3810"}],"wp:featuredmedia":[{"embeddable":true,"href":"https:\/\/www.lvbe.uha.fr\/index.php\/wp-json\/wp\/v2\/media\/270"}],"wp:attachment":[{"href":"https:\/\/www.lvbe.uha.fr\/index.php\/wp-json\/wp\/v2\/media?parent=248"}],"curies":[{"name":"wp","href":"https:\/\/api.w.org\/{rel}","templated":true}]}}