{"id":244,"date":"2018-04-09T15:51:53","date_gmt":"2018-04-09T13:51:53","guid":{"rendered":"https:\/\/www.lvbe.uha.fr\/\/?page_id=244"},"modified":"2022-08-24T14:13:17","modified_gmt":"2022-08-24T12:13:17","slug":"axe-3-oenologie","status":"publish","type":"page","link":"https:\/\/www.lvbe.uha.fr\/index.php\/recherche\/axe-3-oenologie\/","title":{"rendered":"Axe 3 &#8211; \u0152nologie"},"content":{"rendered":"<h1>\u0152nologie scientifique : vin de terroirs, vins aromatiques et effervescents.<\/h1>\n<h4><strong>Signature le 23 septembre 2019 de la Convention-cadre\u00a0<\/strong><strong>entre Guillaume GELL\u00c9, pr\u00e9sident de l\u2019Universit\u00e9 Reims Champagne-Ardenne (URCA)<\/strong><strong>\u00a0et\u00a0Christine GANGLOFF-ZIEGLER, pr\u00e9sidente de l\u2019Universit\u00e9 de Haute-Alsace\u00a0<\/strong><\/h4>\n<h4 style=\"text-align: center;\"><strong>r\u00e9gissant la mise en place <\/strong><\/h4>\n<h4><strong>d\u2019une antenne du LVBE EA-3991 de l\u2019Universit\u00e9 de Haute-Alsace au sein de l\u2019Universit\u00e9 Reims Champagne-Ardenne.<\/strong><\/h4>\n<p>L\u2019antenne du LVBE au sein de l\u2019URCA permet de donner une lisibilit\u00e9 aux formations et \u00e0 la recherche dans le domaine \u00ab\u00a0Vigne et Vins\u00a0\u00bb entre les deux PARTIES.<\/p>\n<h2><\/h2>\n<h2>Les activit\u00e9s du laboratoire de Reims sont centr\u00e9es sur la recherche \u0153nologique et s&rsquo;articulent autour de diff\u00e9rents p\u00f4les :<\/h2>\n<h4>&#8211; Un p\u00f4le<strong> microbiologie des vins\u00a0<\/strong> sous la direction de Yann Vasserot et Maryline Parmentier avec deux th\u00e9matiques :<\/h4>\n<p style=\"text-align: left; padding-left: 80px;\">&#8211; La valorisation de levures<em> Non-Saccharomyces<\/em> issues de la baie de raisin (levures lib\u00e9ratrices de compos\u00e9s pro-mousse et levures de bio-protection).<\/p>\n<p style=\"text-align: left; padding-left: 80px;\">&#8211; L\u2019\u00e9tude de la contribution de <em>Saccharomyces cerevisiae<\/em> et d&rsquo;<em>Oenococcus oeni<\/em> \u00e0 la \u00ab\u00a0moussabilit\u00e9\u00a0\u00bb des vins.<img loading=\"lazy\" decoding=\"async\" class=\"size-large wp-image-2473 alignright\" src=\"https:\/\/www.lvbe.uha.fr\/wp-content\/uploads\/2019\/09\/76C037FF-4B88-405B-A5AD-4199E90E0256-1024x630.jpeg\" alt=\"\" width=\"750\" height=\"461\" srcset=\"https:\/\/www.lvbe.uha.fr\/wp-content\/uploads\/2019\/09\/76C037FF-4B88-405B-A5AD-4199E90E0256-1024x630.jpeg 1024w, https:\/\/www.lvbe.uha.fr\/wp-content\/uploads\/2019\/09\/76C037FF-4B88-405B-A5AD-4199E90E0256-300x185.jpeg 300w, https:\/\/www.lvbe.uha.fr\/wp-content\/uploads\/2019\/09\/76C037FF-4B88-405B-A5AD-4199E90E0256-768x473.jpeg 768w, https:\/\/www.lvbe.uha.fr\/wp-content\/uploads\/2019\/09\/76C037FF-4B88-405B-A5AD-4199E90E0256.jpeg 2024w\" sizes=\"auto, (max-width: 750px) 100vw, 750px\" \/><\/p>\n<p>&nbsp;<\/p>\n<h4>&#8211; Un p\u00f4le <strong>chimie du vin<\/strong> sous la direction de Patrick Fricoteaux et C\u00e9line Rousse :<\/h4>\n<p style=\"padding-left: 80px;\">\u00c9tude de l\u2019\u00e9volution des polyph\u00e9nols totaux et des polyph\u00e9nols oxydables au cours des diff\u00e9rentes \u00e9tapes de la vinification.<\/p>\n<p>&nbsp;<\/p>\n<h4>&#8211; Un p\u00f4le <strong>Biochimie &#8211; Physico-chimie\u00a0<\/strong>\u00a0sous la direction de Sandrine J\u00e9gou : \u00c9tude des macromol\u00e9cules du raisin et du vin, et interfaces.<\/h4>\n<p>&nbsp;<\/p>\n<h4>&#8211; Th\u00e9matiques de Richard Marchal<span class=\"Apple-converted-space\"> et<\/span><span class=\"Apple-converted-space\"> Thomas Salmon :<\/span><\/h4>\n<ul>\n<li>\u00c9tude de la casse prot\u00e9ique des vins blancs et des tests \u00e0 la chaleur permettant de pr\u00e9dire ce risque &#8211; Nouvelles approches permettant de remplacer l&rsquo;utilisation des bentonites.<\/li>\n<li>\u00a0\u00c9tude du retour dimensionnel des bouchons lors de l&rsquo;ouverture des vins mousseux. Impact\u00a0 des conditions de stockage, de la qualit\u00e9 des li\u00e8ges et de la surpression en CO<sub>2<\/sub>.<\/li>\n<li>\u00c9volution de la qualit\u00e9 des mo\u00fbts au cours du cycle de pressurage &#8211; Impact sur la composition et la qualit\u00e9 des vins tranquilles et des vins de base destin\u00e9s \u00e0 produire des vins mousseux.<\/li>\n<\/ul>\n<h4><\/h4>\n<p>&nbsp;<\/p>\n","protected":false},"excerpt":{"rendered":"<p>\u0152nologie scientifique : vin de terroirs, vins aromatiques et effervescents. Signature le 23 septembre 2019 de la Convention-cadre\u00a0entre Guillaume GELL\u00c9, pr\u00e9sident de l\u2019Universit\u00e9 Reims Champagne-Ardenne (URCA)\u00a0et\u00a0Christine GANGLOFF-ZIEGLER, pr\u00e9sidente de l\u2019Universit\u00e9 de Haute-Alsace\u00a0 r\u00e9gissant la mise en place d\u2019une antenne du LVBE EA-3991 de l\u2019Universit\u00e9 de Haute-Alsace au sein de l\u2019Universit\u00e9 Reims Champagne-Ardenne. L\u2019antenne du LVBE [&hellip;]<\/p>\n","protected":false},"author":2,"featured_media":2473,"parent":3810,"menu_order":3,"comment_status":"closed","ping_status":"closed","template":"","meta":{"footnotes":""},"class_list":["post-244","page","type-page","status-publish","has-post-thumbnail","hentry"],"yoast_head":"<!-- This site is optimized with the Yoast SEO plugin v27.4 - https:\/\/yoast.com\/product\/yoast-seo-wordpress\/ -->\n<title>Axe 3 - \u0152nologie - LVBE - Laboratoire Vigne, Biotechnologies, Environnement | Universit\u00e9 de Haute-Alsace<\/title>\n<meta name=\"robots\" content=\"index, follow, max-snippet:-1, max-image-preview:large, max-video-preview:-1\" \/>\n<link rel=\"canonical\" href=\"https:\/\/www.lvbe.uha.fr\/index.php\/recherche\/axe-3-oenologie\/\" \/>\n<meta property=\"og:locale\" content=\"fr_FR\" \/>\n<meta property=\"og:type\" content=\"article\" \/>\n<meta property=\"og:title\" content=\"Axe 3 - \u0152nologie - LVBE - Laboratoire Vigne, Biotechnologies, Environnement | Universit\u00e9 de Haute-Alsace\" \/>\n<meta property=\"og:description\" content=\"\u0152nologie scientifique : vin de terroirs, vins aromatiques et effervescents. Signature le 23 septembre 2019 de la Convention-cadre\u00a0entre Guillaume GELL\u00c9, pr\u00e9sident de l\u2019Universit\u00e9 Reims Champagne-Ardenne (URCA)\u00a0et\u00a0Christine GANGLOFF-ZIEGLER, pr\u00e9sidente de l\u2019Universit\u00e9 de Haute-Alsace\u00a0 r\u00e9gissant la mise en place d\u2019une antenne du LVBE EA-3991 de l\u2019Universit\u00e9 de Haute-Alsace au sein de l\u2019Universit\u00e9 Reims Champagne-Ardenne. L\u2019antenne du LVBE [&hellip;]\" \/>\n<meta property=\"og:url\" content=\"https:\/\/www.lvbe.uha.fr\/index.php\/recherche\/axe-3-oenologie\/\" \/>\n<meta property=\"og:site_name\" content=\"LVBE - Laboratoire Vigne, Biotechnologies, Environnement | Universit\u00e9 de Haute-Alsace\" \/>\n<meta property=\"article:modified_time\" content=\"2022-08-24T12:13:17+00:00\" \/>\n<meta property=\"og:image\" content=\"https:\/\/www.lvbe.uha.fr\/wp-content\/uploads\/2019\/09\/76C037FF-4B88-405B-A5AD-4199E90E0256.jpeg\" \/>\n\t<meta property=\"og:image:width\" content=\"2024\" \/>\n\t<meta property=\"og:image:height\" content=\"1246\" \/>\n\t<meta property=\"og:image:type\" content=\"image\/jpeg\" \/>\n<meta name=\"twitter:card\" content=\"summary_large_image\" \/>\n<meta name=\"twitter:label1\" content=\"Dur\u00e9e de lecture estim\u00e9e\" \/>\n\t<meta name=\"twitter:data1\" content=\"2 minutes\" \/>\n<script type=\"application\/ld+json\" class=\"yoast-schema-graph\">{\"@context\":\"https:\\\/\\\/schema.org\",\"@graph\":[{\"@type\":\"WebPage\",\"@id\":\"https:\\\/\\\/www.lvbe.uha.fr\\\/index.php\\\/recherche\\\/axe-3-oenologie\\\/\",\"url\":\"https:\\\/\\\/www.lvbe.uha.fr\\\/index.php\\\/recherche\\\/axe-3-oenologie\\\/\",\"name\":\"Axe 3 - \u0152nologie - LVBE - Laboratoire Vigne, Biotechnologies, Environnement | Universit\u00e9 de Haute-Alsace\",\"isPartOf\":{\"@id\":\"https:\\\/\\\/www.lvbe.uha.fr\\\/#website\"},\"primaryImageOfPage\":{\"@id\":\"https:\\\/\\\/www.lvbe.uha.fr\\\/index.php\\\/recherche\\\/axe-3-oenologie\\\/#primaryimage\"},\"image\":{\"@id\":\"https:\\\/\\\/www.lvbe.uha.fr\\\/index.php\\\/recherche\\\/axe-3-oenologie\\\/#primaryimage\"},\"thumbnailUrl\":\"https:\\\/\\\/www.lvbe.uha.fr\\\/wp-content\\\/uploads\\\/2019\\\/09\\\/76C037FF-4B88-405B-A5AD-4199E90E0256.jpeg\",\"datePublished\":\"2018-04-09T13:51:53+00:00\",\"dateModified\":\"2022-08-24T12:13:17+00:00\",\"breadcrumb\":{\"@id\":\"https:\\\/\\\/www.lvbe.uha.fr\\\/index.php\\\/recherche\\\/axe-3-oenologie\\\/#breadcrumb\"},\"inLanguage\":\"fr-FR\",\"potentialAction\":[{\"@type\":\"ReadAction\",\"target\":[\"https:\\\/\\\/www.lvbe.uha.fr\\\/index.php\\\/recherche\\\/axe-3-oenologie\\\/\"]}]},{\"@type\":\"ImageObject\",\"inLanguage\":\"fr-FR\",\"@id\":\"https:\\\/\\\/www.lvbe.uha.fr\\\/index.php\\\/recherche\\\/axe-3-oenologie\\\/#primaryimage\",\"url\":\"https:\\\/\\\/www.lvbe.uha.fr\\\/wp-content\\\/uploads\\\/2019\\\/09\\\/76C037FF-4B88-405B-A5AD-4199E90E0256.jpeg\",\"contentUrl\":\"https:\\\/\\\/www.lvbe.uha.fr\\\/wp-content\\\/uploads\\\/2019\\\/09\\\/76C037FF-4B88-405B-A5AD-4199E90E0256.jpeg\",\"width\":2024,\"height\":1246},{\"@type\":\"BreadcrumbList\",\"@id\":\"https:\\\/\\\/www.lvbe.uha.fr\\\/index.php\\\/recherche\\\/axe-3-oenologie\\\/#breadcrumb\",\"itemListElement\":[{\"@type\":\"ListItem\",\"position\":1,\"name\":\"Accueil\",\"item\":\"https:\\\/\\\/www.lvbe.uha.fr\\\/\"},{\"@type\":\"ListItem\",\"position\":2,\"name\":\"Recherche\",\"item\":\"https:\\\/\\\/www.lvbe.uha.fr\\\/index.php\\\/recherche\\\/\"},{\"@type\":\"ListItem\",\"position\":3,\"name\":\"Axe 3 &#8211; \u0152nologie\"}]},{\"@type\":\"WebSite\",\"@id\":\"https:\\\/\\\/www.lvbe.uha.fr\\\/#website\",\"url\":\"https:\\\/\\\/www.lvbe.uha.fr\\\/\",\"name\":\"LVBE - Laboratoire Vigne, Biotechnologies, Environnement | Universit\u00e9 de Haute-Alsace\",\"description\":\"Campus Biop\u00f4le | Universit\u00e9 de Haute-Alsace\",\"potentialAction\":[{\"@type\":\"SearchAction\",\"target\":{\"@type\":\"EntryPoint\",\"urlTemplate\":\"https:\\\/\\\/www.lvbe.uha.fr\\\/?s={search_term_string}\"},\"query-input\":{\"@type\":\"PropertyValueSpecification\",\"valueRequired\":true,\"valueName\":\"search_term_string\"}}],\"inLanguage\":\"fr-FR\"}]}<\/script>\n<!-- \/ Yoast SEO plugin. -->","yoast_head_json":{"title":"Axe 3 - \u0152nologie - LVBE - Laboratoire Vigne, Biotechnologies, Environnement | Universit\u00e9 de Haute-Alsace","robots":{"index":"index","follow":"follow","max-snippet":"max-snippet:-1","max-image-preview":"max-image-preview:large","max-video-preview":"max-video-preview:-1"},"canonical":"https:\/\/www.lvbe.uha.fr\/index.php\/recherche\/axe-3-oenologie\/","og_locale":"fr_FR","og_type":"article","og_title":"Axe 3 - \u0152nologie - LVBE - Laboratoire Vigne, Biotechnologies, Environnement | Universit\u00e9 de Haute-Alsace","og_description":"\u0152nologie scientifique : vin de terroirs, vins aromatiques et effervescents. Signature le 23 septembre 2019 de la Convention-cadre\u00a0entre Guillaume GELL\u00c9, pr\u00e9sident de l\u2019Universit\u00e9 Reims Champagne-Ardenne (URCA)\u00a0et\u00a0Christine GANGLOFF-ZIEGLER, pr\u00e9sidente de l\u2019Universit\u00e9 de Haute-Alsace\u00a0 r\u00e9gissant la mise en place d\u2019une antenne du LVBE EA-3991 de l\u2019Universit\u00e9 de Haute-Alsace au sein de l\u2019Universit\u00e9 Reims Champagne-Ardenne. L\u2019antenne du LVBE [&hellip;]","og_url":"https:\/\/www.lvbe.uha.fr\/index.php\/recherche\/axe-3-oenologie\/","og_site_name":"LVBE - Laboratoire Vigne, Biotechnologies, Environnement | Universit\u00e9 de Haute-Alsace","article_modified_time":"2022-08-24T12:13:17+00:00","og_image":[{"width":2024,"height":1246,"url":"https:\/\/www.lvbe.uha.fr\/wp-content\/uploads\/2019\/09\/76C037FF-4B88-405B-A5AD-4199E90E0256.jpeg","type":"image\/jpeg"}],"twitter_card":"summary_large_image","twitter_misc":{"Dur\u00e9e de lecture estim\u00e9e":"2 minutes"},"schema":{"@context":"https:\/\/schema.org","@graph":[{"@type":"WebPage","@id":"https:\/\/www.lvbe.uha.fr\/index.php\/recherche\/axe-3-oenologie\/","url":"https:\/\/www.lvbe.uha.fr\/index.php\/recherche\/axe-3-oenologie\/","name":"Axe 3 - \u0152nologie - LVBE - Laboratoire Vigne, Biotechnologies, Environnement | Universit\u00e9 de Haute-Alsace","isPartOf":{"@id":"https:\/\/www.lvbe.uha.fr\/#website"},"primaryImageOfPage":{"@id":"https:\/\/www.lvbe.uha.fr\/index.php\/recherche\/axe-3-oenologie\/#primaryimage"},"image":{"@id":"https:\/\/www.lvbe.uha.fr\/index.php\/recherche\/axe-3-oenologie\/#primaryimage"},"thumbnailUrl":"https:\/\/www.lvbe.uha.fr\/wp-content\/uploads\/2019\/09\/76C037FF-4B88-405B-A5AD-4199E90E0256.jpeg","datePublished":"2018-04-09T13:51:53+00:00","dateModified":"2022-08-24T12:13:17+00:00","breadcrumb":{"@id":"https:\/\/www.lvbe.uha.fr\/index.php\/recherche\/axe-3-oenologie\/#breadcrumb"},"inLanguage":"fr-FR","potentialAction":[{"@type":"ReadAction","target":["https:\/\/www.lvbe.uha.fr\/index.php\/recherche\/axe-3-oenologie\/"]}]},{"@type":"ImageObject","inLanguage":"fr-FR","@id":"https:\/\/www.lvbe.uha.fr\/index.php\/recherche\/axe-3-oenologie\/#primaryimage","url":"https:\/\/www.lvbe.uha.fr\/wp-content\/uploads\/2019\/09\/76C037FF-4B88-405B-A5AD-4199E90E0256.jpeg","contentUrl":"https:\/\/www.lvbe.uha.fr\/wp-content\/uploads\/2019\/09\/76C037FF-4B88-405B-A5AD-4199E90E0256.jpeg","width":2024,"height":1246},{"@type":"BreadcrumbList","@id":"https:\/\/www.lvbe.uha.fr\/index.php\/recherche\/axe-3-oenologie\/#breadcrumb","itemListElement":[{"@type":"ListItem","position":1,"name":"Accueil","item":"https:\/\/www.lvbe.uha.fr\/"},{"@type":"ListItem","position":2,"name":"Recherche","item":"https:\/\/www.lvbe.uha.fr\/index.php\/recherche\/"},{"@type":"ListItem","position":3,"name":"Axe 3 &#8211; \u0152nologie"}]},{"@type":"WebSite","@id":"https:\/\/www.lvbe.uha.fr\/#website","url":"https:\/\/www.lvbe.uha.fr\/","name":"LVBE - Laboratoire Vigne, Biotechnologies, Environnement | Universit\u00e9 de Haute-Alsace","description":"Campus Biop\u00f4le | Universit\u00e9 de Haute-Alsace","potentialAction":[{"@type":"SearchAction","target":{"@type":"EntryPoint","urlTemplate":"https:\/\/www.lvbe.uha.fr\/?s={search_term_string}"},"query-input":{"@type":"PropertyValueSpecification","valueRequired":true,"valueName":"search_term_string"}}],"inLanguage":"fr-FR"}]}},"_links":{"self":[{"href":"https:\/\/www.lvbe.uha.fr\/index.php\/wp-json\/wp\/v2\/pages\/244","targetHints":{"allow":["GET"]}}],"collection":[{"href":"https:\/\/www.lvbe.uha.fr\/index.php\/wp-json\/wp\/v2\/pages"}],"about":[{"href":"https:\/\/www.lvbe.uha.fr\/index.php\/wp-json\/wp\/v2\/types\/page"}],"author":[{"embeddable":true,"href":"https:\/\/www.lvbe.uha.fr\/index.php\/wp-json\/wp\/v2\/users\/2"}],"replies":[{"embeddable":true,"href":"https:\/\/www.lvbe.uha.fr\/index.php\/wp-json\/wp\/v2\/comments?post=244"}],"version-history":[{"count":51,"href":"https:\/\/www.lvbe.uha.fr\/index.php\/wp-json\/wp\/v2\/pages\/244\/revisions"}],"predecessor-version":[{"id":3731,"href":"https:\/\/www.lvbe.uha.fr\/index.php\/wp-json\/wp\/v2\/pages\/244\/revisions\/3731"}],"up":[{"embeddable":true,"href":"https:\/\/www.lvbe.uha.fr\/index.php\/wp-json\/wp\/v2\/pages\/3810"}],"wp:featuredmedia":[{"embeddable":true,"href":"https:\/\/www.lvbe.uha.fr\/index.php\/wp-json\/wp\/v2\/media\/2473"}],"wp:attachment":[{"href":"https:\/\/www.lvbe.uha.fr\/index.php\/wp-json\/wp\/v2\/media?parent=244"}],"curies":[{"name":"wp","href":"https:\/\/api.w.org\/{rel}","templated":true}]}}