{"id":2437,"date":"2019-09-07T20:59:25","date_gmt":"2019-09-07T18:59:25","guid":{"rendered":"https:\/\/www.lvbe.uha.fr\/?page_id=2437"},"modified":"2022-09-29T14:30:06","modified_gmt":"2022-09-29T12:30:06","slug":"virginie-wetta","status":"publish","type":"page","link":"https:\/\/www.lvbe.uha.fr\/index.php\/equipe\/membres-de-lequipe\/virginie-wetta\/","title":{"rendered":"Virginie WETTA"},"content":{"rendered":"<p><span class=\"mr1 t-bold\">Assistante ing\u00e9nieur en exp\u00e9rimentation &amp; production v\u00e9g\u00e9tale<\/span><\/p>\n<p>Courriel : <a href=\"mailto:virginie.wetta@uha.fr\">virginie.wetta@uha.fr<\/a><\/p>\n<h2>Exp\u00e9riences professionnelles<\/h2>\n<ul>\n<li>2022 &#8211; Actuellement\u00a0 <strong>U.H.A &#8211; LVBE <\/strong>: <strong>Assistante ing\u00e9nieur en exp\u00e9rimentation &amp; production v\u00e9g\u00e9tale<\/strong> sur la \u00ab\u00a0Plateforme d&rsquo;Innovation Vigne &amp; Vin\u00a0\u00bb.<\/li>\n<li>&#8211; Planification et conduite des exp\u00e9rimentations ou op\u00e9rations de production v\u00e9g\u00e9tale en champ, hors sol ou sous serres et en chambre de culture<\/li>\n<li>&#8211; Surveillance de l\u2019\u00e9tat sanitaire des plantes, des cultures et si besoin r\u00e9alisation\/prescription des traitements phytosanitaires ou de protection biologique int\u00e9gr\u00e9e dans le respect de la r\u00e9glementation du domaine<br \/>\n&#8211; Traitement des donn\u00e9es et interpr\u00e9tation des r\u00e9sultats et observations<br \/>\n&#8211; Application des r\u00e9glementations li\u00e9es aux activit\u00e9s du domaine d\u2019\u00e9tude<br \/>\n&#8211; Contr\u00f4le de l\u2019\u00e9limination des d\u00e9chets v\u00e9g\u00e9taux, des solides et des effluents selon les r\u00e8gles d\u2019hygi\u00e8ne et de s\u00e9curit\u00e9<br \/>\n&#8211; Gestion des stocks et planification des besoins dans le cadre des exp\u00e9riences et \u00e9tudes<br \/>\n&#8211; Pr\u00e9l\u00e8vement et conditionnement des \u00e9chantillons, r\u00e9alisation des analyses selon des protocoles \u00e9tablis<br \/>\n&#8211; Synth\u00e8se et communication des r\u00e9sultats (conf\u00e9rences, r\u00e9unions, comit\u00e9 de pilotage, \u2026)<br \/>\n&#8211; Suivi du projet p\u00e9dagogique du <a href=\"https:\/\/www.fma.uha.fr\/formations\/masters\/master-sciences-et-technologies-de-lagriculture-de-lalimentation-et-de-lenvironnement-st2ae-parcours-sciences-agronomiques-et-environnementales\/\">master Sciences et Technologie de l&rsquo;Agriculture, de l&rsquo;Alimentation et de l&rsquo;environnement<\/a> (Master ST2AE) &#8211; parcours Sciences Agronomiques et Environnementales (SAE) en tant que commanditaire.<\/li>\n<\/ul>\n<p>&nbsp;<\/p>\n<ul>\n<li>2019 &#8211; 2021 <strong>\u203a <\/strong><strong>U.H.A &#8211; LVBE : Technicienne sur le projet \u00ab Endoth\u00e9rapie V\u00e9g\u00e9tale \u00bb<\/strong> Mise en place et suivi d\u2019exp\u00e9rimentations au vignoble<br \/>\n&#8211; Entretien des parcelles exp\u00e9rimentales<br \/>\n&#8211; Participation au d\u00e9veloppement de nouveaux moyens de lutte contre les maladies du bois de la vigne<br \/>\n&#8211; Relations avec le monde viticole et les entreprises du secteur dans le cadre du<a href=\"https:\/\/www.lvbe.uha.fr\/index.php\/recherche\/axe-1-maladies-du-bois\/projet-eureka\/\"> projet Eur\u00eaka<\/a><br \/>\n&#8211; Analyses de donn\u00e9es de terrain et de laboratoire<br \/>\n&#8211; Synth\u00e8se et communication des r\u00e9sultats (conf\u00e9rences, r\u00e9unions, comit\u00e9 de pilotage,\u2026)<br \/>\n&#8211; Suivi du projet p\u00e9dagogique de master ST2AE parcours SAE en tant que commanditaire<\/li>\n<\/ul>\n<div class=\"su-row\">\n<div class=\"su-column su-column-size-1-2\"><div class=\"su-column-inner su-u-clearfix su-u-trim\">\n<p>&nbsp;<\/p>\n<h2>Dipl\u00f4mes<\/h2>\n<ul>\n<li>Mai 2018 \u203a <strong>D\u00e9gustateur initi\u00e9 des vins d\u2019Alsace<\/strong> \u203a <em>C.I.V.A \u2013 Maison des Vins d\u2019Alsace <\/em>\n<ul>\n<li>Dipl\u00f4me Interprofessionnel du 1er degr\u00e9<\/li>\n<\/ul>\n<\/li>\n<li>Juin 2017 \u203a <strong>B.T.S.A Viticulture \u0153nologie<\/strong> \u203a <em>C.F.A de Rouffach <\/em><\/li>\n<li>Juin 2014 \u203a <strong>D.U.T Carri\u00e8res Juridiques<\/strong> \u203a <em>I.U.T de Colmar\u00a0 <\/em><\/li>\n<li>Juin 2012 \u203a Baccalaur\u00e9at Sciences et Techniques de la gestion \u203a <em>Lyc\u00e9e Dr Koeberl\u00e9\u00a0 <\/em>\n<ul>\n<li>Option Communication et Gestion des Ressources Humaines<\/li>\n<\/ul>\n<\/li>\n<\/ul>\n<\/div><\/div>\n<div class=\"su-column su-column-size-1-2\"><div class=\"su-column-inner su-u-clearfix su-u-trim\">\n<p>&nbsp;<\/p>\n<p>&nbsp;<\/p>\n<\/div><\/div>\n<\/div>\n","protected":false},"excerpt":{"rendered":"<p>Assistante ing\u00e9nieur en exp\u00e9rimentation &amp; production v\u00e9g\u00e9tale Courriel : virginie.wetta@uha.fr Exp\u00e9riences professionnelles 2022 &#8211; Actuellement\u00a0 U.H.A &#8211; LVBE : Assistante ing\u00e9nieur en exp\u00e9rimentation &amp; production v\u00e9g\u00e9tale sur la \u00ab\u00a0Plateforme d&rsquo;Innovation Vigne &amp; Vin\u00a0\u00bb. &#8211; Planification et conduite des exp\u00e9rimentations ou op\u00e9rations de production v\u00e9g\u00e9tale en champ, hors sol ou sous serres et en chambre de [&hellip;]<\/p>\n","protected":false},"author":2,"featured_media":0,"parent":1751,"menu_order":25,"comment_status":"closed","ping_status":"closed","template":"","meta":{"footnotes":""},"class_list":["post-2437","page","type-page","status-publish","hentry"],"yoast_head":"<!-- This site is optimized with the Yoast SEO plugin v27.4 - https:\/\/yoast.com\/product\/yoast-seo-wordpress\/ -->\n<title>Virginie WETTA - LVBE - Laboratoire Vigne, Biotechnologies, Environnement | Universit\u00e9 de Haute-Alsace<\/title>\n<meta name=\"robots\" content=\"index, follow, max-snippet:-1, max-image-preview:large, max-video-preview:-1\" \/>\n<link rel=\"canonical\" href=\"https:\/\/www.lvbe.uha.fr\/index.php\/equipe\/membres-de-lequipe\/virginie-wetta\/\" \/>\n<meta property=\"og:locale\" content=\"fr_FR\" \/>\n<meta property=\"og:type\" content=\"article\" \/>\n<meta property=\"og:title\" content=\"Virginie WETTA - LVBE - Laboratoire Vigne, Biotechnologies, Environnement | Universit\u00e9 de Haute-Alsace\" \/>\n<meta property=\"og:description\" content=\"Assistante ing\u00e9nieur en exp\u00e9rimentation &amp; production v\u00e9g\u00e9tale Courriel : virginie.wetta@uha.fr Exp\u00e9riences professionnelles 2022 &#8211; Actuellement\u00a0 U.H.A &#8211; LVBE : Assistante ing\u00e9nieur en exp\u00e9rimentation &amp; production v\u00e9g\u00e9tale sur la \u00ab\u00a0Plateforme d&rsquo;Innovation Vigne &amp; Vin\u00a0\u00bb. &#8211; Planification et conduite des exp\u00e9rimentations ou op\u00e9rations de production v\u00e9g\u00e9tale en champ, hors sol ou sous serres et en chambre de [&hellip;]\" \/>\n<meta property=\"og:url\" content=\"https:\/\/www.lvbe.uha.fr\/index.php\/equipe\/membres-de-lequipe\/virginie-wetta\/\" \/>\n<meta property=\"og:site_name\" content=\"LVBE - Laboratoire Vigne, Biotechnologies, Environnement | Universit\u00e9 de Haute-Alsace\" \/>\n<meta property=\"article:modified_time\" content=\"2022-09-29T12:30:06+00:00\" \/>\n<meta name=\"twitter:card\" content=\"summary_large_image\" \/>\n<meta name=\"twitter:label1\" content=\"Dur\u00e9e de lecture estim\u00e9e\" \/>\n\t<meta name=\"twitter:data1\" content=\"2 minutes\" \/>\n<script type=\"application\/ld+json\" class=\"yoast-schema-graph\">{\"@context\":\"https:\\\/\\\/schema.org\",\"@graph\":[{\"@type\":\"WebPage\",\"@id\":\"https:\\\/\\\/www.lvbe.uha.fr\\\/index.php\\\/equipe\\\/membres-de-lequipe\\\/virginie-wetta\\\/\",\"url\":\"https:\\\/\\\/www.lvbe.uha.fr\\\/index.php\\\/equipe\\\/membres-de-lequipe\\\/virginie-wetta\\\/\",\"name\":\"Virginie WETTA - LVBE - Laboratoire Vigne, Biotechnologies, Environnement | Universit\u00e9 de Haute-Alsace\",\"isPartOf\":{\"@id\":\"https:\\\/\\\/www.lvbe.uha.fr\\\/#website\"},\"datePublished\":\"2019-09-07T18:59:25+00:00\",\"dateModified\":\"2022-09-29T12:30:06+00:00\",\"breadcrumb\":{\"@id\":\"https:\\\/\\\/www.lvbe.uha.fr\\\/index.php\\\/equipe\\\/membres-de-lequipe\\\/virginie-wetta\\\/#breadcrumb\"},\"inLanguage\":\"fr-FR\",\"potentialAction\":[{\"@type\":\"ReadAction\",\"target\":[\"https:\\\/\\\/www.lvbe.uha.fr\\\/index.php\\\/equipe\\\/membres-de-lequipe\\\/virginie-wetta\\\/\"]}]},{\"@type\":\"BreadcrumbList\",\"@id\":\"https:\\\/\\\/www.lvbe.uha.fr\\\/index.php\\\/equipe\\\/membres-de-lequipe\\\/virginie-wetta\\\/#breadcrumb\",\"itemListElement\":[{\"@type\":\"ListItem\",\"position\":1,\"name\":\"Accueil\",\"item\":\"https:\\\/\\\/www.lvbe.uha.fr\\\/\"},{\"@type\":\"ListItem\",\"position\":2,\"name\":\"\u00c9quipe\",\"item\":\"https:\\\/\\\/www.lvbe.uha.fr\\\/index.php\\\/equipe\\\/\"},{\"@type\":\"ListItem\",\"position\":3,\"name\":\"Membres de l&rsquo;\u00e9quipe\",\"item\":\"https:\\\/\\\/www.lvbe.uha.fr\\\/index.php\\\/equipe\\\/membres-de-lequipe\\\/\"},{\"@type\":\"ListItem\",\"position\":4,\"name\":\"Virginie WETTA\"}]},{\"@type\":\"WebSite\",\"@id\":\"https:\\\/\\\/www.lvbe.uha.fr\\\/#website\",\"url\":\"https:\\\/\\\/www.lvbe.uha.fr\\\/\",\"name\":\"LVBE - Laboratoire Vigne, Biotechnologies, Environnement | Universit\u00e9 de Haute-Alsace\",\"description\":\"Campus Biop\u00f4le | Universit\u00e9 de Haute-Alsace\",\"potentialAction\":[{\"@type\":\"SearchAction\",\"target\":{\"@type\":\"EntryPoint\",\"urlTemplate\":\"https:\\\/\\\/www.lvbe.uha.fr\\\/?s={search_term_string}\"},\"query-input\":{\"@type\":\"PropertyValueSpecification\",\"valueRequired\":true,\"valueName\":\"search_term_string\"}}],\"inLanguage\":\"fr-FR\"}]}<\/script>\n<!-- \/ Yoast SEO plugin. -->","yoast_head_json":{"title":"Virginie WETTA - LVBE - Laboratoire Vigne, Biotechnologies, Environnement | Universit\u00e9 de Haute-Alsace","robots":{"index":"index","follow":"follow","max-snippet":"max-snippet:-1","max-image-preview":"max-image-preview:large","max-video-preview":"max-video-preview:-1"},"canonical":"https:\/\/www.lvbe.uha.fr\/index.php\/equipe\/membres-de-lequipe\/virginie-wetta\/","og_locale":"fr_FR","og_type":"article","og_title":"Virginie WETTA - LVBE - Laboratoire Vigne, Biotechnologies, Environnement | Universit\u00e9 de Haute-Alsace","og_description":"Assistante ing\u00e9nieur en exp\u00e9rimentation &amp; production v\u00e9g\u00e9tale Courriel : virginie.wetta@uha.fr Exp\u00e9riences professionnelles 2022 &#8211; Actuellement\u00a0 U.H.A &#8211; LVBE : Assistante ing\u00e9nieur en exp\u00e9rimentation &amp; production v\u00e9g\u00e9tale sur la \u00ab\u00a0Plateforme d&rsquo;Innovation Vigne &amp; Vin\u00a0\u00bb. &#8211; Planification et conduite des exp\u00e9rimentations ou op\u00e9rations de production v\u00e9g\u00e9tale en champ, hors sol ou sous serres et en chambre de [&hellip;]","og_url":"https:\/\/www.lvbe.uha.fr\/index.php\/equipe\/membres-de-lequipe\/virginie-wetta\/","og_site_name":"LVBE - Laboratoire Vigne, Biotechnologies, Environnement | Universit\u00e9 de Haute-Alsace","article_modified_time":"2022-09-29T12:30:06+00:00","twitter_card":"summary_large_image","twitter_misc":{"Dur\u00e9e de lecture estim\u00e9e":"2 minutes"},"schema":{"@context":"https:\/\/schema.org","@graph":[{"@type":"WebPage","@id":"https:\/\/www.lvbe.uha.fr\/index.php\/equipe\/membres-de-lequipe\/virginie-wetta\/","url":"https:\/\/www.lvbe.uha.fr\/index.php\/equipe\/membres-de-lequipe\/virginie-wetta\/","name":"Virginie WETTA - LVBE - Laboratoire Vigne, Biotechnologies, Environnement | Universit\u00e9 de Haute-Alsace","isPartOf":{"@id":"https:\/\/www.lvbe.uha.fr\/#website"},"datePublished":"2019-09-07T18:59:25+00:00","dateModified":"2022-09-29T12:30:06+00:00","breadcrumb":{"@id":"https:\/\/www.lvbe.uha.fr\/index.php\/equipe\/membres-de-lequipe\/virginie-wetta\/#breadcrumb"},"inLanguage":"fr-FR","potentialAction":[{"@type":"ReadAction","target":["https:\/\/www.lvbe.uha.fr\/index.php\/equipe\/membres-de-lequipe\/virginie-wetta\/"]}]},{"@type":"BreadcrumbList","@id":"https:\/\/www.lvbe.uha.fr\/index.php\/equipe\/membres-de-lequipe\/virginie-wetta\/#breadcrumb","itemListElement":[{"@type":"ListItem","position":1,"name":"Accueil","item":"https:\/\/www.lvbe.uha.fr\/"},{"@type":"ListItem","position":2,"name":"\u00c9quipe","item":"https:\/\/www.lvbe.uha.fr\/index.php\/equipe\/"},{"@type":"ListItem","position":3,"name":"Membres de l&rsquo;\u00e9quipe","item":"https:\/\/www.lvbe.uha.fr\/index.php\/equipe\/membres-de-lequipe\/"},{"@type":"ListItem","position":4,"name":"Virginie WETTA"}]},{"@type":"WebSite","@id":"https:\/\/www.lvbe.uha.fr\/#website","url":"https:\/\/www.lvbe.uha.fr\/","name":"LVBE - Laboratoire Vigne, Biotechnologies, Environnement | Universit\u00e9 de Haute-Alsace","description":"Campus Biop\u00f4le | Universit\u00e9 de Haute-Alsace","potentialAction":[{"@type":"SearchAction","target":{"@type":"EntryPoint","urlTemplate":"https:\/\/www.lvbe.uha.fr\/?s={search_term_string}"},"query-input":{"@type":"PropertyValueSpecification","valueRequired":true,"valueName":"search_term_string"}}],"inLanguage":"fr-FR"}]}},"_links":{"self":[{"href":"https:\/\/www.lvbe.uha.fr\/index.php\/wp-json\/wp\/v2\/pages\/2437","targetHints":{"allow":["GET"]}}],"collection":[{"href":"https:\/\/www.lvbe.uha.fr\/index.php\/wp-json\/wp\/v2\/pages"}],"about":[{"href":"https:\/\/www.lvbe.uha.fr\/index.php\/wp-json\/wp\/v2\/types\/page"}],"author":[{"embeddable":true,"href":"https:\/\/www.lvbe.uha.fr\/index.php\/wp-json\/wp\/v2\/users\/2"}],"replies":[{"embeddable":true,"href":"https:\/\/www.lvbe.uha.fr\/index.php\/wp-json\/wp\/v2\/comments?post=2437"}],"version-history":[{"count":21,"href":"https:\/\/www.lvbe.uha.fr\/index.php\/wp-json\/wp\/v2\/pages\/2437\/revisions"}],"predecessor-version":[{"id":3910,"href":"https:\/\/www.lvbe.uha.fr\/index.php\/wp-json\/wp\/v2\/pages\/2437\/revisions\/3910"}],"up":[{"embeddable":true,"href":"https:\/\/www.lvbe.uha.fr\/index.php\/wp-json\/wp\/v2\/pages\/1751"}],"wp:attachment":[{"href":"https:\/\/www.lvbe.uha.fr\/index.php\/wp-json\/wp\/v2\/media?parent=2437"}],"curies":[{"name":"wp","href":"https:\/\/api.w.org\/{rel}","templated":true}]}}