{"id":24,"date":"2018-04-04T10:34:46","date_gmt":"2018-04-04T08:34:46","guid":{"rendered":"https:\/\/www.lvbe.uha.fr\/\/?page_id=24"},"modified":"2018-06-15T09:27:33","modified_gmt":"2018-06-15T07:27:33","slug":"dr-gaelle-le-henanff","status":"publish","type":"page","link":"https:\/\/www.lvbe.uha.fr\/index.php\/equipe\/docteurs-es-sciences-formes-au-lvbe\/dr-gaelle-le-henanff\/","title":{"rendered":"Dr. Ga\u00eblle LE HENANFF"},"content":{"rendered":"<h2>Caract\u00e9risation fonctionnelle de g\u00e8nes de signalisation intervenant dans les r\u00e9ponses de d\u00e9fense aux agents pathog\u00e8nes chez la vigne.<\/h2>\n<p>Soutenue en septembre 2009<br \/>Sous la direction de Bernard WALTER.<\/p>\n<p>La vigne (Vitis vinifera) est sensible \u00e0 de nombreuses maladies, n\u00e9cessitant l&rsquo;utilisation massive de produits phytosanitaires. Des m\u00e9thodes alternatives doivent \u00eatre d\u00e9velopp\u00e9es. Chez la plante mod\u00e8le Arabidopsis thaliana, les g\u00e8nes AtNPR1, AtNDR1 et AtEDS1 interviennent dans la voie de signalisation contr\u00f4l\u00e9e par l&rsquo;acide salicylique (SA) en r\u00e9ponse aux agents pathog\u00e8nes biotrophes. Nous avons identifi\u00e9 par une approche g\u00e8ne candidat chez V. vinifera, de potentiels orthologues de ces trois g\u00e8nes (VvNPR1.1, VvNPR1.2, VvNHL1 et VvEDS1). Nos travaux ont montr\u00e9 que les prot\u00e9ines VvNPR1 fusionn\u00e9es \u00e0 la GFP sont localis\u00e9es dans le noyau. De plus, la surexpression transitoire des VvNPR1 stimule l&rsquo;expression de g\u00e8nes de d\u00e9fense en syst\u00e8me h\u00e9t\u00e9rologue et homologue. La surexpression de VvNPR1.1 chez le mutant npr1 restaure les diff\u00e9rents ph\u00e9notypes du mutant, contrairement \u00e0 la surexpression de VvNPR1.2. VvNPR1.1 est semble \u00eatre l&rsquo;orthologue d&rsquo;AtNPR1. La surexpression de VvNHL 1 chez le mutant ndr1 ne r\u00e9tablit pas la r\u00e9sistance \u00e0 Pseudomonas syringae. Cependant, ces plantes sont plus sensibles \u00e0 Botrytis cinerea, probablement par l&rsquo;accentuation d&rsquo;un processus de mort cellulaire. L&rsquo;expression de VvNHL 1 est r\u00e9prim\u00e9e en r\u00e9ponse \u00e0 B. cinerea, constituant un m\u00e9canisme de d\u00e9fense contre les n\u00e9crotrophes. VvNHL1 semble donc promouvoir la mort cellulaire. L&rsquo;expression de VvEDS1 est stimul\u00e9e en r\u00e9ponse \u00e0 des agents pathog\u00e8nes et \u00e0 un traitement par le SA. L&rsquo;\u00e9tude de sa fonction est en cours par surexpression chez des mutants eds1. La compr\u00e9hension des voies de signalisation des r\u00e9ponses de d\u00e9fense chez la vigne devrait permettre l&rsquo;obtention de vignes plus r\u00e9sistantes aux agents pathog\u00e8nes.<\/p>\n","protected":false},"excerpt":{"rendered":"<p>Caract\u00e9risation fonctionnelle de g\u00e8nes de signalisation intervenant dans les r\u00e9ponses de d\u00e9fense aux agents pathog\u00e8nes chez la vigne. Soutenue en septembre 2009Sous la direction de Bernard WALTER. La vigne (Vitis vinifera) est sensible \u00e0 de nombreuses maladies, n\u00e9cessitant l&rsquo;utilisation massive de produits phytosanitaires. Des m\u00e9thodes alternatives doivent \u00eatre d\u00e9velopp\u00e9es. Chez la plante mod\u00e8le Arabidopsis thaliana, [&hellip;]<\/p>\n","protected":false},"author":2,"featured_media":0,"parent":1763,"menu_order":0,"comment_status":"closed","ping_status":"closed","template":"","meta":{"footnotes":""},"class_list":["post-24","page","type-page","status-publish","hentry"],"yoast_head":"<!-- This site is optimized with the Yoast SEO plugin v27.4 - https:\/\/yoast.com\/product\/yoast-seo-wordpress\/ -->\n<title>Dr. Ga\u00eblle LE HENANFF - LVBE - Laboratoire Vigne, Biotechnologies, Environnement | Universit\u00e9 de Haute-Alsace<\/title>\n<meta name=\"robots\" content=\"index, follow, max-snippet:-1, max-image-preview:large, max-video-preview:-1\" \/>\n<link rel=\"canonical\" href=\"https:\/\/www.lvbe.uha.fr\/index.php\/equipe\/docteurs-es-sciences-formes-au-lvbe\/dr-gaelle-le-henanff\/\" \/>\n<meta property=\"og:locale\" content=\"fr_FR\" \/>\n<meta property=\"og:type\" content=\"article\" \/>\n<meta property=\"og:title\" content=\"Dr. Ga\u00eblle LE HENANFF - LVBE - Laboratoire Vigne, Biotechnologies, Environnement | Universit\u00e9 de Haute-Alsace\" \/>\n<meta property=\"og:description\" content=\"Caract\u00e9risation fonctionnelle de g\u00e8nes de signalisation intervenant dans les r\u00e9ponses de d\u00e9fense aux agents pathog\u00e8nes chez la vigne. Soutenue en septembre 2009Sous la direction de Bernard WALTER. La vigne (Vitis vinifera) est sensible \u00e0 de nombreuses maladies, n\u00e9cessitant l&rsquo;utilisation massive de produits phytosanitaires. Des m\u00e9thodes alternatives doivent \u00eatre d\u00e9velopp\u00e9es. Chez la plante mod\u00e8le Arabidopsis thaliana, [&hellip;]\" \/>\n<meta property=\"og:url\" content=\"https:\/\/www.lvbe.uha.fr\/index.php\/equipe\/docteurs-es-sciences-formes-au-lvbe\/dr-gaelle-le-henanff\/\" \/>\n<meta property=\"og:site_name\" content=\"LVBE - Laboratoire Vigne, Biotechnologies, Environnement | Universit\u00e9 de Haute-Alsace\" \/>\n<meta property=\"article:modified_time\" content=\"2018-06-15T07:27:33+00:00\" \/>\n<meta name=\"twitter:card\" content=\"summary_large_image\" \/>\n<meta name=\"twitter:label1\" content=\"Dur\u00e9e de lecture estim\u00e9e\" \/>\n\t<meta name=\"twitter:data1\" content=\"2 minutes\" \/>\n<script type=\"application\/ld+json\" class=\"yoast-schema-graph\">{\"@context\":\"https:\\\/\\\/schema.org\",\"@graph\":[{\"@type\":\"WebPage\",\"@id\":\"https:\\\/\\\/www.lvbe.uha.fr\\\/index.php\\\/equipe\\\/docteurs-es-sciences-formes-au-lvbe\\\/dr-gaelle-le-henanff\\\/\",\"url\":\"https:\\\/\\\/www.lvbe.uha.fr\\\/index.php\\\/equipe\\\/docteurs-es-sciences-formes-au-lvbe\\\/dr-gaelle-le-henanff\\\/\",\"name\":\"Dr. Ga\u00eblle LE HENANFF - LVBE - Laboratoire Vigne, Biotechnologies, Environnement | Universit\u00e9 de Haute-Alsace\",\"isPartOf\":{\"@id\":\"https:\\\/\\\/www.lvbe.uha.fr\\\/#website\"},\"datePublished\":\"2018-04-04T08:34:46+00:00\",\"dateModified\":\"2018-06-15T07:27:33+00:00\",\"breadcrumb\":{\"@id\":\"https:\\\/\\\/www.lvbe.uha.fr\\\/index.php\\\/equipe\\\/docteurs-es-sciences-formes-au-lvbe\\\/dr-gaelle-le-henanff\\\/#breadcrumb\"},\"inLanguage\":\"fr-FR\",\"potentialAction\":[{\"@type\":\"ReadAction\",\"target\":[\"https:\\\/\\\/www.lvbe.uha.fr\\\/index.php\\\/equipe\\\/docteurs-es-sciences-formes-au-lvbe\\\/dr-gaelle-le-henanff\\\/\"]}]},{\"@type\":\"BreadcrumbList\",\"@id\":\"https:\\\/\\\/www.lvbe.uha.fr\\\/index.php\\\/equipe\\\/docteurs-es-sciences-formes-au-lvbe\\\/dr-gaelle-le-henanff\\\/#breadcrumb\",\"itemListElement\":[{\"@type\":\"ListItem\",\"position\":1,\"name\":\"Accueil\",\"item\":\"https:\\\/\\\/www.lvbe.uha.fr\\\/\"},{\"@type\":\"ListItem\",\"position\":2,\"name\":\"\u00c9quipe\",\"item\":\"https:\\\/\\\/www.lvbe.uha.fr\\\/index.php\\\/equipe\\\/\"},{\"@type\":\"ListItem\",\"position\":3,\"name\":\"Docteurs \u00e8s sciences form\u00e9s au LVBE\",\"item\":\"https:\\\/\\\/www.lvbe.uha.fr\\\/index.php\\\/equipe\\\/docteurs-es-sciences-formes-au-lvbe\\\/\"},{\"@type\":\"ListItem\",\"position\":4,\"name\":\"Dr. Ga\u00eblle LE HENANFF\"}]},{\"@type\":\"WebSite\",\"@id\":\"https:\\\/\\\/www.lvbe.uha.fr\\\/#website\",\"url\":\"https:\\\/\\\/www.lvbe.uha.fr\\\/\",\"name\":\"LVBE - Laboratoire Vigne, Biotechnologies, Environnement | Universit\u00e9 de Haute-Alsace\",\"description\":\"Campus Biop\u00f4le | Universit\u00e9 de Haute-Alsace\",\"potentialAction\":[{\"@type\":\"SearchAction\",\"target\":{\"@type\":\"EntryPoint\",\"urlTemplate\":\"https:\\\/\\\/www.lvbe.uha.fr\\\/?s={search_term_string}\"},\"query-input\":{\"@type\":\"PropertyValueSpecification\",\"valueRequired\":true,\"valueName\":\"search_term_string\"}}],\"inLanguage\":\"fr-FR\"}]}<\/script>\n<!-- \/ Yoast SEO plugin. -->","yoast_head_json":{"title":"Dr. Ga\u00eblle LE HENANFF - LVBE - Laboratoire Vigne, Biotechnologies, Environnement | Universit\u00e9 de Haute-Alsace","robots":{"index":"index","follow":"follow","max-snippet":"max-snippet:-1","max-image-preview":"max-image-preview:large","max-video-preview":"max-video-preview:-1"},"canonical":"https:\/\/www.lvbe.uha.fr\/index.php\/equipe\/docteurs-es-sciences-formes-au-lvbe\/dr-gaelle-le-henanff\/","og_locale":"fr_FR","og_type":"article","og_title":"Dr. Ga\u00eblle LE HENANFF - LVBE - Laboratoire Vigne, Biotechnologies, Environnement | Universit\u00e9 de Haute-Alsace","og_description":"Caract\u00e9risation fonctionnelle de g\u00e8nes de signalisation intervenant dans les r\u00e9ponses de d\u00e9fense aux agents pathog\u00e8nes chez la vigne. Soutenue en septembre 2009Sous la direction de Bernard WALTER. La vigne (Vitis vinifera) est sensible \u00e0 de nombreuses maladies, n\u00e9cessitant l&rsquo;utilisation massive de produits phytosanitaires. Des m\u00e9thodes alternatives doivent \u00eatre d\u00e9velopp\u00e9es. Chez la plante mod\u00e8le Arabidopsis thaliana, [&hellip;]","og_url":"https:\/\/www.lvbe.uha.fr\/index.php\/equipe\/docteurs-es-sciences-formes-au-lvbe\/dr-gaelle-le-henanff\/","og_site_name":"LVBE - Laboratoire Vigne, Biotechnologies, Environnement | Universit\u00e9 de Haute-Alsace","article_modified_time":"2018-06-15T07:27:33+00:00","twitter_card":"summary_large_image","twitter_misc":{"Dur\u00e9e de lecture estim\u00e9e":"2 minutes"},"schema":{"@context":"https:\/\/schema.org","@graph":[{"@type":"WebPage","@id":"https:\/\/www.lvbe.uha.fr\/index.php\/equipe\/docteurs-es-sciences-formes-au-lvbe\/dr-gaelle-le-henanff\/","url":"https:\/\/www.lvbe.uha.fr\/index.php\/equipe\/docteurs-es-sciences-formes-au-lvbe\/dr-gaelle-le-henanff\/","name":"Dr. Ga\u00eblle LE HENANFF - LVBE - Laboratoire Vigne, Biotechnologies, Environnement | Universit\u00e9 de Haute-Alsace","isPartOf":{"@id":"https:\/\/www.lvbe.uha.fr\/#website"},"datePublished":"2018-04-04T08:34:46+00:00","dateModified":"2018-06-15T07:27:33+00:00","breadcrumb":{"@id":"https:\/\/www.lvbe.uha.fr\/index.php\/equipe\/docteurs-es-sciences-formes-au-lvbe\/dr-gaelle-le-henanff\/#breadcrumb"},"inLanguage":"fr-FR","potentialAction":[{"@type":"ReadAction","target":["https:\/\/www.lvbe.uha.fr\/index.php\/equipe\/docteurs-es-sciences-formes-au-lvbe\/dr-gaelle-le-henanff\/"]}]},{"@type":"BreadcrumbList","@id":"https:\/\/www.lvbe.uha.fr\/index.php\/equipe\/docteurs-es-sciences-formes-au-lvbe\/dr-gaelle-le-henanff\/#breadcrumb","itemListElement":[{"@type":"ListItem","position":1,"name":"Accueil","item":"https:\/\/www.lvbe.uha.fr\/"},{"@type":"ListItem","position":2,"name":"\u00c9quipe","item":"https:\/\/www.lvbe.uha.fr\/index.php\/equipe\/"},{"@type":"ListItem","position":3,"name":"Docteurs \u00e8s sciences form\u00e9s au LVBE","item":"https:\/\/www.lvbe.uha.fr\/index.php\/equipe\/docteurs-es-sciences-formes-au-lvbe\/"},{"@type":"ListItem","position":4,"name":"Dr. Ga\u00eblle LE HENANFF"}]},{"@type":"WebSite","@id":"https:\/\/www.lvbe.uha.fr\/#website","url":"https:\/\/www.lvbe.uha.fr\/","name":"LVBE - Laboratoire Vigne, Biotechnologies, Environnement | Universit\u00e9 de Haute-Alsace","description":"Campus Biop\u00f4le | Universit\u00e9 de Haute-Alsace","potentialAction":[{"@type":"SearchAction","target":{"@type":"EntryPoint","urlTemplate":"https:\/\/www.lvbe.uha.fr\/?s={search_term_string}"},"query-input":{"@type":"PropertyValueSpecification","valueRequired":true,"valueName":"search_term_string"}}],"inLanguage":"fr-FR"}]}},"_links":{"self":[{"href":"https:\/\/www.lvbe.uha.fr\/index.php\/wp-json\/wp\/v2\/pages\/24","targetHints":{"allow":["GET"]}}],"collection":[{"href":"https:\/\/www.lvbe.uha.fr\/index.php\/wp-json\/wp\/v2\/pages"}],"about":[{"href":"https:\/\/www.lvbe.uha.fr\/index.php\/wp-json\/wp\/v2\/types\/page"}],"author":[{"embeddable":true,"href":"https:\/\/www.lvbe.uha.fr\/index.php\/wp-json\/wp\/v2\/users\/2"}],"replies":[{"embeddable":true,"href":"https:\/\/www.lvbe.uha.fr\/index.php\/wp-json\/wp\/v2\/comments?post=24"}],"version-history":[{"count":5,"href":"https:\/\/www.lvbe.uha.fr\/index.php\/wp-json\/wp\/v2\/pages\/24\/revisions"}],"predecessor-version":[{"id":1872,"href":"https:\/\/www.lvbe.uha.fr\/index.php\/wp-json\/wp\/v2\/pages\/24\/revisions\/1872"}],"up":[{"embeddable":true,"href":"https:\/\/www.lvbe.uha.fr\/index.php\/wp-json\/wp\/v2\/pages\/1763"}],"wp:attachment":[{"href":"https:\/\/www.lvbe.uha.fr\/index.php\/wp-json\/wp\/v2\/media?parent=24"}],"curies":[{"name":"wp","href":"https:\/\/api.w.org\/{rel}","templated":true}]}}