{"id":2197,"date":"2019-05-28T15:07:14","date_gmt":"2019-05-28T13:07:14","guid":{"rendered":"https:\/\/www.lvbe.uha.fr\/\/?page_id=2197"},"modified":"2022-03-04T15:29:03","modified_gmt":"2022-03-04T14:29:03","slug":"dr-eloise-meteier","status":"publish","type":"page","link":"https:\/\/www.lvbe.uha.fr\/index.php\/equipe\/docteurs-es-sciences-formes-au-lvbe\/dr-eloise-meteier\/","title":{"rendered":"Dr. Elo\u00efse METEIER"},"content":{"rendered":"\r\n\r\n\r\n<h2 class=\"wp-block-heading\">Les transporteurs de sucre SWEET chez la vigne : r\u00f4le dans les interactions avec des bioagresseurs.<\/h2>\r\n\r\n\r\n\r\n<p>Soutenue \u00a0le 2 juillet 2019, \u00e0 Colmar\u00a0<\/p>\r\n\r\n\r\n\r\n<p>Directeur de th\u00e8se : Pr. Julie Chong, Universit\u00e9 de Haute Alsace<\/p>\r\n\r\n\r\n\r\n<p>Co-directeur de th\u00e8se : Dr. Pere Mestre, Charg\u00e9 de Recherche, INRA de Colmar<\/p>\r\n\r\n\r\n\r\n<p>R\u00e9sum\u00e9 :<\/p>\r\n\r\n\r\n\r\n<p>Le transport et la r\u00e9partition des sucres jouent un r\u00f4le pr\u00e9pond\u00e9rant lors des interactions entre les plantes et les agents pathog\u00e8nes. Les transporteurs de sucre SWEET sont la cible des agents pathog\u00e8nes extracellulaires qui modifient leur expression dans le but d\u2019acqu\u00e9rir les sucres n\u00e9cessaires \u00e0 leur croissance.<\/p>\r\n\r\n\r\n\r\n<p>L\u2019\u00e9tude des transporteurs SWEET chez la vigne et plus particuli\u00e8rement de leur r\u00f4le dans les interactions avec des bioagresseurs a \u00e9t\u00e9 r\u00e9alis\u00e9e en se focalisant sur trois d\u2019entre eux : <em>VvSWEET2a<\/em>, <em>VvSWEET<\/em><em>4<\/em> et <em>VvSWEET<\/em><em>17d<\/em>.<\/p>\r\n\r\n\r\n\r\n<p>Par l\u2019utilisation de hairy robots sur exprimant <em>VvSWEET<\/em><em>4<\/em>, nous avons pu montrer l\u2019activit\u00e9 de transport de glucose de <em>VvSWEET<\/em><em>4 in planta<\/em>. Par ailleurs, nos r\u00e9sultats ont montr\u00e9 que la surexpression de ce g\u00e8ne conduit \u00e0 une augmentation des teneurs en hexoses dans les racines ainsi qu\u2019\u00e0 l\u2019induction de l\u2019expression de plusieurs g\u00e8nes de la voix de biosynth\u00e8se des flavono\u00efdes associ\u00e9e \u00e0 une augmentation des teneurs en proanthocyanes. Ces r\u00e9sultats permettent d\u2019expliquer la meilleure r\u00e9sistance des lign\u00e9es de surpresseurs face \u00e0 P<em>ythium irregulare, un pathog\u00e8ne racinaire.<\/em><\/p>\r\n\r\n\r\n\r\n<p>La recherche d\u2019un transporteur VvSWEET4 non fonctionnel au sein des<em> Vitaceae <\/em>a permis d\u2019identifier trois acides amin\u00e9s importants dans la fonction de transport de glucose. Ces acides amin\u00e9s n\u2019ont, jusqu\u2019\u00e0 pr\u00e9sent jamais \u00e9t\u00e9 identifi\u00e9s comme importants pour l\u2019activit\u00e9 de transport de sucres de diff\u00e9rents <em>SWEET<\/em> chez d\u2019autres esp\u00e8ces. Nous avons par ailleurs pu observer un ph\u00e9nom\u00e8ne de compensation entre deux mutations permettant une restauration de l\u2019activit\u00e9 de transport de glucose.<\/p>\r\n\r\n\r\n\r\n<p>L\u2019utilisation de mutants knockout et de surexpresseurs chez Arabidopsis n\u2019a malheureusement pas permis de mettre en \u00e9vidence un r\u00f4le des transporteurs <em>VvSWEET<\/em><em>2a et <\/em><em>VvSWEET<\/em><em>17d <\/em>lors de l\u2019interaction avec des agents pathog\u00e8nes biotrophe et h\u00e9mibiotrophe.<\/p>\r\n\r\n\r\n\r\n<p>En conclusion, nos travaux ont permis de contribuer \u00e0 une meilleure compr\u00e9hension du r\u00f4le des transporteurs de sucres <em>SWEET<\/em> dans les interactions entre la vigne et ses agents pathog\u00e8nes.<\/p>\r\n","protected":false},"excerpt":{"rendered":"<p>Les transporteurs de sucre SWEET chez la vigne : r\u00f4le dans les interactions avec des bioagresseurs. Soutenue \u00a0le 2 juillet 2019, \u00e0 Colmar\u00a0 Directeur de th\u00e8se : Pr. Julie Chong, Universit\u00e9 de Haute Alsace Co-directeur de th\u00e8se : Dr. Pere Mestre, Charg\u00e9 de Recherche, INRA de Colmar R\u00e9sum\u00e9 : Le transport et la r\u00e9partition des [&hellip;]<\/p>\n","protected":false},"author":2,"featured_media":0,"parent":1763,"menu_order":0,"comment_status":"closed","ping_status":"closed","template":"","meta":{"footnotes":""},"class_list":["post-2197","page","type-page","status-publish","hentry"],"yoast_head":"<!-- This site is optimized with the Yoast SEO plugin v27.4 - https:\/\/yoast.com\/product\/yoast-seo-wordpress\/ -->\n<title>Dr. Elo\u00efse METEIER - LVBE - Laboratoire Vigne, Biotechnologies, Environnement | Universit\u00e9 de Haute-Alsace<\/title>\n<meta name=\"robots\" content=\"index, follow, max-snippet:-1, max-image-preview:large, max-video-preview:-1\" \/>\n<link rel=\"canonical\" href=\"https:\/\/www.lvbe.uha.fr\/index.php\/equipe\/docteurs-es-sciences-formes-au-lvbe\/dr-eloise-meteier\/\" \/>\n<meta property=\"og:locale\" content=\"fr_FR\" \/>\n<meta property=\"og:type\" content=\"article\" \/>\n<meta property=\"og:title\" content=\"Dr. Elo\u00efse METEIER - LVBE - Laboratoire Vigne, Biotechnologies, Environnement | Universit\u00e9 de Haute-Alsace\" \/>\n<meta property=\"og:description\" content=\"Les transporteurs de sucre SWEET chez la vigne : r\u00f4le dans les interactions avec des bioagresseurs. Soutenue \u00a0le 2 juillet 2019, \u00e0 Colmar\u00a0 Directeur de th\u00e8se : Pr. Julie Chong, Universit\u00e9 de Haute Alsace Co-directeur de th\u00e8se : Dr. Pere Mestre, Charg\u00e9 de Recherche, INRA de Colmar R\u00e9sum\u00e9 : Le transport et la r\u00e9partition des [&hellip;]\" \/>\n<meta property=\"og:url\" content=\"https:\/\/www.lvbe.uha.fr\/index.php\/equipe\/docteurs-es-sciences-formes-au-lvbe\/dr-eloise-meteier\/\" \/>\n<meta property=\"og:site_name\" content=\"LVBE - Laboratoire Vigne, Biotechnologies, Environnement | Universit\u00e9 de Haute-Alsace\" \/>\n<meta property=\"article:modified_time\" content=\"2022-03-04T14:29:03+00:00\" \/>\n<meta name=\"twitter:card\" content=\"summary_large_image\" \/>\n<meta name=\"twitter:label1\" content=\"Dur\u00e9e de lecture estim\u00e9e\" \/>\n\t<meta name=\"twitter:data1\" content=\"2 minutes\" \/>\n<script type=\"application\/ld+json\" class=\"yoast-schema-graph\">{\"@context\":\"https:\\\/\\\/schema.org\",\"@graph\":[{\"@type\":\"WebPage\",\"@id\":\"https:\\\/\\\/www.lvbe.uha.fr\\\/index.php\\\/equipe\\\/docteurs-es-sciences-formes-au-lvbe\\\/dr-eloise-meteier\\\/\",\"url\":\"https:\\\/\\\/www.lvbe.uha.fr\\\/index.php\\\/equipe\\\/docteurs-es-sciences-formes-au-lvbe\\\/dr-eloise-meteier\\\/\",\"name\":\"Dr. Elo\u00efse METEIER - LVBE - Laboratoire Vigne, Biotechnologies, Environnement | Universit\u00e9 de Haute-Alsace\",\"isPartOf\":{\"@id\":\"https:\\\/\\\/www.lvbe.uha.fr\\\/#website\"},\"datePublished\":\"2019-05-28T13:07:14+00:00\",\"dateModified\":\"2022-03-04T14:29:03+00:00\",\"breadcrumb\":{\"@id\":\"https:\\\/\\\/www.lvbe.uha.fr\\\/index.php\\\/equipe\\\/docteurs-es-sciences-formes-au-lvbe\\\/dr-eloise-meteier\\\/#breadcrumb\"},\"inLanguage\":\"fr-FR\",\"potentialAction\":[{\"@type\":\"ReadAction\",\"target\":[\"https:\\\/\\\/www.lvbe.uha.fr\\\/index.php\\\/equipe\\\/docteurs-es-sciences-formes-au-lvbe\\\/dr-eloise-meteier\\\/\"]}]},{\"@type\":\"BreadcrumbList\",\"@id\":\"https:\\\/\\\/www.lvbe.uha.fr\\\/index.php\\\/equipe\\\/docteurs-es-sciences-formes-au-lvbe\\\/dr-eloise-meteier\\\/#breadcrumb\",\"itemListElement\":[{\"@type\":\"ListItem\",\"position\":1,\"name\":\"Accueil\",\"item\":\"https:\\\/\\\/www.lvbe.uha.fr\\\/\"},{\"@type\":\"ListItem\",\"position\":2,\"name\":\"\u00c9quipe\",\"item\":\"https:\\\/\\\/www.lvbe.uha.fr\\\/index.php\\\/equipe\\\/\"},{\"@type\":\"ListItem\",\"position\":3,\"name\":\"Docteurs \u00e8s sciences form\u00e9s au LVBE\",\"item\":\"https:\\\/\\\/www.lvbe.uha.fr\\\/index.php\\\/equipe\\\/docteurs-es-sciences-formes-au-lvbe\\\/\"},{\"@type\":\"ListItem\",\"position\":4,\"name\":\"Dr. Elo\u00efse METEIER\"}]},{\"@type\":\"WebSite\",\"@id\":\"https:\\\/\\\/www.lvbe.uha.fr\\\/#website\",\"url\":\"https:\\\/\\\/www.lvbe.uha.fr\\\/\",\"name\":\"LVBE - Laboratoire Vigne, Biotechnologies, Environnement | Universit\u00e9 de Haute-Alsace\",\"description\":\"Campus Biop\u00f4le | Universit\u00e9 de Haute-Alsace\",\"potentialAction\":[{\"@type\":\"SearchAction\",\"target\":{\"@type\":\"EntryPoint\",\"urlTemplate\":\"https:\\\/\\\/www.lvbe.uha.fr\\\/?s={search_term_string}\"},\"query-input\":{\"@type\":\"PropertyValueSpecification\",\"valueRequired\":true,\"valueName\":\"search_term_string\"}}],\"inLanguage\":\"fr-FR\"}]}<\/script>\n<!-- \/ Yoast SEO plugin. -->","yoast_head_json":{"title":"Dr. Elo\u00efse METEIER - LVBE - Laboratoire Vigne, Biotechnologies, Environnement | Universit\u00e9 de Haute-Alsace","robots":{"index":"index","follow":"follow","max-snippet":"max-snippet:-1","max-image-preview":"max-image-preview:large","max-video-preview":"max-video-preview:-1"},"canonical":"https:\/\/www.lvbe.uha.fr\/index.php\/equipe\/docteurs-es-sciences-formes-au-lvbe\/dr-eloise-meteier\/","og_locale":"fr_FR","og_type":"article","og_title":"Dr. Elo\u00efse METEIER - LVBE - Laboratoire Vigne, Biotechnologies, Environnement | Universit\u00e9 de Haute-Alsace","og_description":"Les transporteurs de sucre SWEET chez la vigne : r\u00f4le dans les interactions avec des bioagresseurs. Soutenue \u00a0le 2 juillet 2019, \u00e0 Colmar\u00a0 Directeur de th\u00e8se : Pr. Julie Chong, Universit\u00e9 de Haute Alsace Co-directeur de th\u00e8se : Dr. Pere Mestre, Charg\u00e9 de Recherche, INRA de Colmar R\u00e9sum\u00e9 : Le transport et la r\u00e9partition des [&hellip;]","og_url":"https:\/\/www.lvbe.uha.fr\/index.php\/equipe\/docteurs-es-sciences-formes-au-lvbe\/dr-eloise-meteier\/","og_site_name":"LVBE - Laboratoire Vigne, Biotechnologies, Environnement | Universit\u00e9 de Haute-Alsace","article_modified_time":"2022-03-04T14:29:03+00:00","twitter_card":"summary_large_image","twitter_misc":{"Dur\u00e9e de lecture estim\u00e9e":"2 minutes"},"schema":{"@context":"https:\/\/schema.org","@graph":[{"@type":"WebPage","@id":"https:\/\/www.lvbe.uha.fr\/index.php\/equipe\/docteurs-es-sciences-formes-au-lvbe\/dr-eloise-meteier\/","url":"https:\/\/www.lvbe.uha.fr\/index.php\/equipe\/docteurs-es-sciences-formes-au-lvbe\/dr-eloise-meteier\/","name":"Dr. Elo\u00efse METEIER - LVBE - Laboratoire Vigne, Biotechnologies, Environnement | Universit\u00e9 de Haute-Alsace","isPartOf":{"@id":"https:\/\/www.lvbe.uha.fr\/#website"},"datePublished":"2019-05-28T13:07:14+00:00","dateModified":"2022-03-04T14:29:03+00:00","breadcrumb":{"@id":"https:\/\/www.lvbe.uha.fr\/index.php\/equipe\/docteurs-es-sciences-formes-au-lvbe\/dr-eloise-meteier\/#breadcrumb"},"inLanguage":"fr-FR","potentialAction":[{"@type":"ReadAction","target":["https:\/\/www.lvbe.uha.fr\/index.php\/equipe\/docteurs-es-sciences-formes-au-lvbe\/dr-eloise-meteier\/"]}]},{"@type":"BreadcrumbList","@id":"https:\/\/www.lvbe.uha.fr\/index.php\/equipe\/docteurs-es-sciences-formes-au-lvbe\/dr-eloise-meteier\/#breadcrumb","itemListElement":[{"@type":"ListItem","position":1,"name":"Accueil","item":"https:\/\/www.lvbe.uha.fr\/"},{"@type":"ListItem","position":2,"name":"\u00c9quipe","item":"https:\/\/www.lvbe.uha.fr\/index.php\/equipe\/"},{"@type":"ListItem","position":3,"name":"Docteurs \u00e8s sciences form\u00e9s au LVBE","item":"https:\/\/www.lvbe.uha.fr\/index.php\/equipe\/docteurs-es-sciences-formes-au-lvbe\/"},{"@type":"ListItem","position":4,"name":"Dr. Elo\u00efse METEIER"}]},{"@type":"WebSite","@id":"https:\/\/www.lvbe.uha.fr\/#website","url":"https:\/\/www.lvbe.uha.fr\/","name":"LVBE - Laboratoire Vigne, Biotechnologies, Environnement | Universit\u00e9 de Haute-Alsace","description":"Campus Biop\u00f4le | Universit\u00e9 de Haute-Alsace","potentialAction":[{"@type":"SearchAction","target":{"@type":"EntryPoint","urlTemplate":"https:\/\/www.lvbe.uha.fr\/?s={search_term_string}"},"query-input":{"@type":"PropertyValueSpecification","valueRequired":true,"valueName":"search_term_string"}}],"inLanguage":"fr-FR"}]}},"_links":{"self":[{"href":"https:\/\/www.lvbe.uha.fr\/index.php\/wp-json\/wp\/v2\/pages\/2197","targetHints":{"allow":["GET"]}}],"collection":[{"href":"https:\/\/www.lvbe.uha.fr\/index.php\/wp-json\/wp\/v2\/pages"}],"about":[{"href":"https:\/\/www.lvbe.uha.fr\/index.php\/wp-json\/wp\/v2\/types\/page"}],"author":[{"embeddable":true,"href":"https:\/\/www.lvbe.uha.fr\/index.php\/wp-json\/wp\/v2\/users\/2"}],"replies":[{"embeddable":true,"href":"https:\/\/www.lvbe.uha.fr\/index.php\/wp-json\/wp\/v2\/comments?post=2197"}],"version-history":[{"count":5,"href":"https:\/\/www.lvbe.uha.fr\/index.php\/wp-json\/wp\/v2\/pages\/2197\/revisions"}],"predecessor-version":[{"id":3599,"href":"https:\/\/www.lvbe.uha.fr\/index.php\/wp-json\/wp\/v2\/pages\/2197\/revisions\/3599"}],"up":[{"embeddable":true,"href":"https:\/\/www.lvbe.uha.fr\/index.php\/wp-json\/wp\/v2\/pages\/1763"}],"wp:attachment":[{"href":"https:\/\/www.lvbe.uha.fr\/index.php\/wp-json\/wp\/v2\/media?parent=2197"}],"curies":[{"name":"wp","href":"https:\/\/api.w.org\/{rel}","templated":true}]}}