{"id":2106,"date":"2018-12-18T15:38:24","date_gmt":"2018-12-18T14:38:24","guid":{"rendered":"https:\/\/www.lvbe.uha.fr\/\/?page_id=2106"},"modified":"2020-04-17T13:55:01","modified_gmt":"2020-04-17T11:55:01","slug":"vasserot-yann","status":"publish","type":"page","link":"https:\/\/www.lvbe.uha.fr\/index.php\/equipe\/membres-de-lequipe\/vasserot-yann\/","title":{"rendered":"Dr. VASSEROT Yann"},"content":{"rendered":"<p>Ma\u00eetre de Conf\u00e9rences<\/p>\n<p>Courriel : <a href=\"mailto:yann.vasserot@univ-reims.fr\">yann.vasserot@univ-reims.fr<\/a><\/p>\n<p>LVBE-Universit\u00e9 de Reims Champagne-Ardenne<\/p>\n","protected":false},"excerpt":{"rendered":"<p>Ma\u00eetre de Conf\u00e9rences Courriel : yann.vasserot@univ-reims.fr LVBE-Universit\u00e9 de Reims Champagne-Ardenne<\/p>\n","protected":false},"author":2,"featured_media":0,"parent":1751,"menu_order":23,"comment_status":"closed","ping_status":"closed","template":"","meta":{"footnotes":""},"class_list":["post-2106","page","type-page","status-publish","hentry"],"yoast_head":"<!-- This site is optimized with the Yoast SEO plugin v27.4 - https:\/\/yoast.com\/product\/yoast-seo-wordpress\/ -->\n<title>Dr. VASSEROT Yann - LVBE - Laboratoire Vigne, Biotechnologies, Environnement | Universit\u00e9 de Haute-Alsace<\/title>\n<meta name=\"robots\" content=\"index, follow, max-snippet:-1, max-image-preview:large, max-video-preview:-1\" \/>\n<link rel=\"canonical\" href=\"https:\/\/www.lvbe.uha.fr\/index.php\/equipe\/membres-de-lequipe\/vasserot-yann\/\" \/>\n<meta property=\"og:locale\" content=\"fr_FR\" \/>\n<meta property=\"og:type\" content=\"article\" \/>\n<meta property=\"og:title\" content=\"Dr. VASSEROT Yann - LVBE - Laboratoire Vigne, Biotechnologies, Environnement | Universit\u00e9 de Haute-Alsace\" \/>\n<meta property=\"og:description\" content=\"Ma\u00eetre de Conf\u00e9rences Courriel : yann.vasserot@univ-reims.fr LVBE-Universit\u00e9 de Reims Champagne-Ardenne\" \/>\n<meta property=\"og:url\" content=\"https:\/\/www.lvbe.uha.fr\/index.php\/equipe\/membres-de-lequipe\/vasserot-yann\/\" \/>\n<meta property=\"og:site_name\" content=\"LVBE - Laboratoire Vigne, Biotechnologies, Environnement | Universit\u00e9 de Haute-Alsace\" \/>\n<meta property=\"article:modified_time\" content=\"2020-04-17T11:55:01+00:00\" \/>\n<meta name=\"twitter:card\" content=\"summary_large_image\" \/>\n<script type=\"application\/ld+json\" class=\"yoast-schema-graph\">{\"@context\":\"https:\\\/\\\/schema.org\",\"@graph\":[{\"@type\":\"WebPage\",\"@id\":\"https:\\\/\\\/www.lvbe.uha.fr\\\/index.php\\\/equipe\\\/membres-de-lequipe\\\/vasserot-yann\\\/\",\"url\":\"https:\\\/\\\/www.lvbe.uha.fr\\\/index.php\\\/equipe\\\/membres-de-lequipe\\\/vasserot-yann\\\/\",\"name\":\"Dr. VASSEROT Yann - LVBE - Laboratoire Vigne, Biotechnologies, Environnement | Universit\u00e9 de Haute-Alsace\",\"isPartOf\":{\"@id\":\"https:\\\/\\\/www.lvbe.uha.fr\\\/#website\"},\"datePublished\":\"2018-12-18T14:38:24+00:00\",\"dateModified\":\"2020-04-17T11:55:01+00:00\",\"breadcrumb\":{\"@id\":\"https:\\\/\\\/www.lvbe.uha.fr\\\/index.php\\\/equipe\\\/membres-de-lequipe\\\/vasserot-yann\\\/#breadcrumb\"},\"inLanguage\":\"fr-FR\",\"potentialAction\":[{\"@type\":\"ReadAction\",\"target\":[\"https:\\\/\\\/www.lvbe.uha.fr\\\/index.php\\\/equipe\\\/membres-de-lequipe\\\/vasserot-yann\\\/\"]}]},{\"@type\":\"BreadcrumbList\",\"@id\":\"https:\\\/\\\/www.lvbe.uha.fr\\\/index.php\\\/equipe\\\/membres-de-lequipe\\\/vasserot-yann\\\/#breadcrumb\",\"itemListElement\":[{\"@type\":\"ListItem\",\"position\":1,\"name\":\"Accueil\",\"item\":\"https:\\\/\\\/www.lvbe.uha.fr\\\/\"},{\"@type\":\"ListItem\",\"position\":2,\"name\":\"\u00c9quipe\",\"item\":\"https:\\\/\\\/www.lvbe.uha.fr\\\/index.php\\\/equipe\\\/\"},{\"@type\":\"ListItem\",\"position\":3,\"name\":\"Membres de l&rsquo;\u00e9quipe\",\"item\":\"https:\\\/\\\/www.lvbe.uha.fr\\\/index.php\\\/equipe\\\/membres-de-lequipe\\\/\"},{\"@type\":\"ListItem\",\"position\":4,\"name\":\"Dr. VASSEROT Yann\"}]},{\"@type\":\"WebSite\",\"@id\":\"https:\\\/\\\/www.lvbe.uha.fr\\\/#website\",\"url\":\"https:\\\/\\\/www.lvbe.uha.fr\\\/\",\"name\":\"LVBE - Laboratoire Vigne, Biotechnologies, Environnement | Universit\u00e9 de Haute-Alsace\",\"description\":\"Campus Biop\u00f4le | Universit\u00e9 de Haute-Alsace\",\"potentialAction\":[{\"@type\":\"SearchAction\",\"target\":{\"@type\":\"EntryPoint\",\"urlTemplate\":\"https:\\\/\\\/www.lvbe.uha.fr\\\/?s={search_term_string}\"},\"query-input\":{\"@type\":\"PropertyValueSpecification\",\"valueRequired\":true,\"valueName\":\"search_term_string\"}}],\"inLanguage\":\"fr-FR\"}]}<\/script>\n<!-- \/ Yoast SEO plugin. -->","yoast_head_json":{"title":"Dr. VASSEROT Yann - LVBE - Laboratoire Vigne, Biotechnologies, Environnement | Universit\u00e9 de Haute-Alsace","robots":{"index":"index","follow":"follow","max-snippet":"max-snippet:-1","max-image-preview":"max-image-preview:large","max-video-preview":"max-video-preview:-1"},"canonical":"https:\/\/www.lvbe.uha.fr\/index.php\/equipe\/membres-de-lequipe\/vasserot-yann\/","og_locale":"fr_FR","og_type":"article","og_title":"Dr. VASSEROT Yann - LVBE - Laboratoire Vigne, Biotechnologies, Environnement | Universit\u00e9 de Haute-Alsace","og_description":"Ma\u00eetre de Conf\u00e9rences Courriel : yann.vasserot@univ-reims.fr LVBE-Universit\u00e9 de Reims Champagne-Ardenne","og_url":"https:\/\/www.lvbe.uha.fr\/index.php\/equipe\/membres-de-lequipe\/vasserot-yann\/","og_site_name":"LVBE - Laboratoire Vigne, Biotechnologies, Environnement | Universit\u00e9 de Haute-Alsace","article_modified_time":"2020-04-17T11:55:01+00:00","twitter_card":"summary_large_image","schema":{"@context":"https:\/\/schema.org","@graph":[{"@type":"WebPage","@id":"https:\/\/www.lvbe.uha.fr\/index.php\/equipe\/membres-de-lequipe\/vasserot-yann\/","url":"https:\/\/www.lvbe.uha.fr\/index.php\/equipe\/membres-de-lequipe\/vasserot-yann\/","name":"Dr. VASSEROT Yann - LVBE - Laboratoire Vigne, Biotechnologies, Environnement | Universit\u00e9 de Haute-Alsace","isPartOf":{"@id":"https:\/\/www.lvbe.uha.fr\/#website"},"datePublished":"2018-12-18T14:38:24+00:00","dateModified":"2020-04-17T11:55:01+00:00","breadcrumb":{"@id":"https:\/\/www.lvbe.uha.fr\/index.php\/equipe\/membres-de-lequipe\/vasserot-yann\/#breadcrumb"},"inLanguage":"fr-FR","potentialAction":[{"@type":"ReadAction","target":["https:\/\/www.lvbe.uha.fr\/index.php\/equipe\/membres-de-lequipe\/vasserot-yann\/"]}]},{"@type":"BreadcrumbList","@id":"https:\/\/www.lvbe.uha.fr\/index.php\/equipe\/membres-de-lequipe\/vasserot-yann\/#breadcrumb","itemListElement":[{"@type":"ListItem","position":1,"name":"Accueil","item":"https:\/\/www.lvbe.uha.fr\/"},{"@type":"ListItem","position":2,"name":"\u00c9quipe","item":"https:\/\/www.lvbe.uha.fr\/index.php\/equipe\/"},{"@type":"ListItem","position":3,"name":"Membres de l&rsquo;\u00e9quipe","item":"https:\/\/www.lvbe.uha.fr\/index.php\/equipe\/membres-de-lequipe\/"},{"@type":"ListItem","position":4,"name":"Dr. VASSEROT Yann"}]},{"@type":"WebSite","@id":"https:\/\/www.lvbe.uha.fr\/#website","url":"https:\/\/www.lvbe.uha.fr\/","name":"LVBE - Laboratoire Vigne, Biotechnologies, Environnement | Universit\u00e9 de Haute-Alsace","description":"Campus Biop\u00f4le | Universit\u00e9 de Haute-Alsace","potentialAction":[{"@type":"SearchAction","target":{"@type":"EntryPoint","urlTemplate":"https:\/\/www.lvbe.uha.fr\/?s={search_term_string}"},"query-input":{"@type":"PropertyValueSpecification","valueRequired":true,"valueName":"search_term_string"}}],"inLanguage":"fr-FR"}]}},"_links":{"self":[{"href":"https:\/\/www.lvbe.uha.fr\/index.php\/wp-json\/wp\/v2\/pages\/2106","targetHints":{"allow":["GET"]}}],"collection":[{"href":"https:\/\/www.lvbe.uha.fr\/index.php\/wp-json\/wp\/v2\/pages"}],"about":[{"href":"https:\/\/www.lvbe.uha.fr\/index.php\/wp-json\/wp\/v2\/types\/page"}],"author":[{"embeddable":true,"href":"https:\/\/www.lvbe.uha.fr\/index.php\/wp-json\/wp\/v2\/users\/2"}],"replies":[{"embeddable":true,"href":"https:\/\/www.lvbe.uha.fr\/index.php\/wp-json\/wp\/v2\/comments?post=2106"}],"version-history":[{"count":8,"href":"https:\/\/www.lvbe.uha.fr\/index.php\/wp-json\/wp\/v2\/pages\/2106\/revisions"}],"predecessor-version":[{"id":3127,"href":"https:\/\/www.lvbe.uha.fr\/index.php\/wp-json\/wp\/v2\/pages\/2106\/revisions\/3127"}],"up":[{"embeddable":true,"href":"https:\/\/www.lvbe.uha.fr\/index.php\/wp-json\/wp\/v2\/pages\/1751"}],"wp:attachment":[{"href":"https:\/\/www.lvbe.uha.fr\/index.php\/wp-json\/wp\/v2\/media?parent=2106"}],"curies":[{"name":"wp","href":"https:\/\/api.w.org\/{rel}","templated":true}]}}