{"id":2101,"date":"2018-12-18T15:31:13","date_gmt":"2018-12-18T14:31:13","guid":{"rendered":"https:\/\/www.lvbe.uha.fr\/\/?page_id=2101"},"modified":"2020-04-17T13:51:23","modified_gmt":"2020-04-17T11:51:23","slug":"fricoteaux-patrick","status":"publish","type":"page","link":"https:\/\/www.lvbe.uha.fr\/index.php\/equipe\/membres-de-lequipe\/fricoteaux-patrick\/","title":{"rendered":"Dr. FRICOTEAUX Patrick"},"content":{"rendered":"<p>Ma\u00eetre de conf\u00e9rences (depuis 1992) en chimie (section CNU 31)<\/p>\n<p>\u00e0 l&rsquo;UFR Sciences Exactes et Naturelles de l&rsquo;Universit\u00e9 de Reims Champagne-Ardenne.<\/p>\n<p>LVBE-Universit\u00e9 de Reims Champagne-Ardenne<\/p>\n<p>Courriel : <a href=\"mailto:patrick.fricoteaux@univ-reims.fr\">patrick.fricoteaux@univ-reims.fr<\/a><\/p>\n<div class=\"su-row\">\n<div class=\"su-column su-column-size-1-2\"><div class=\"su-column-inner su-u-clearfix su-u-trim\">\n<h1 class=\"s3\"><span class=\"s4\">Titres universitaires :<\/span><\/h1>\n<p class=\"s3\"><span class=\"s4\">Septembre 2006\u00a0:<\/span> <b>Habilitation \u00e0 Diriger des Recherches<\/b> sur le sujet \u00ab\u00a0Elaboration de mat\u00e9riaux par \u00e9lectrolyse : Etude de la synth\u00e8se et des ph\u00e9nom\u00e8nes inh\u00e9rents aux conditions op\u00e9ratoires\u00a0\u00bb.<\/p>\n<p class=\"s3\"><span class=\"s4\">1991\u00a0:<\/span> <b>Doctorat d&rsquo;\u00e9lectrochimie<\/b> sur le sujet \u00ab\u00a0Electrod\u00e9position du cuivre sous champ magn\u00e9tique\u00a0\u00bb<\/p>\n<p><span class=\"s4\">1988 :<\/span> <b>DEA d&rsquo;\u00e9lectrochimie<\/b> (Paris VI)<\/p>\n<h1 class=\"s3\"><span class=\"s4\">Enseignement <\/span><span class=\"s4\">:<\/span><\/h1>\n<p class=\"s3\">&#8211; \u00c9lectrochimie (cin\u00e9tique, analyse, d\u00e9p\u00f4ts, piles et accumulateurs)<\/p>\n<p class=\"s3\">&#8211; Oxydo-r\u00e9duction<\/p>\n<p class=\"s3\">&#8211; pH-m\u00e9trie<\/p>\n<p class=\"s3\">&#8211; Fabrication de la bi\u00e8re<\/p>\n<h1 class=\"s3\"><span class=\"s4\">Mobilit\u00e9 scientifiques<\/span><\/h1>\n<p class=\"s3\"><span class=\"s4\">&#8211; <\/span>Mars \u00e0 juin 1990\u00a0: <span class=\"s4\">CEA<\/span>, <span class=\"s4\">Saclay<\/span><\/p>\n<p class=\"s3\"><span class=\"s4\">&#8211; <\/span>Juillet 1990\u00a0: <span class=\"s4\">Universit\u00e9 de Waterloo (Canada &#8211; Ontario)<\/span>.<\/p>\n<p class=\"s3\"><span class=\"s4\">&#8211; <\/span>Avril 1994 \u00e0 f\u00e9vrier 1995\u00a0: \u00c9<span class=\"s4\">cole polytechnique de Montr\u00e9al (Canada &#8211; Qu\u00e9bec)<\/span>,<\/p>\n<\/div><\/div>\n<div class=\"su-column su-column-size-1-2\"><div class=\"su-column-inner su-u-clearfix su-u-trim\">\n<h1 class=\"s3\"><span class=\"s4\"><img loading=\"lazy\" decoding=\"async\" class=\"alignleft wp-image-2827 size-medium\" src=\"https:\/\/www.lvbe.uha.fr\/wp-content\/uploads\/2019\/11\/436D27D4-B0E2-4CDF-BCDB-50353C9EE5F4-300x226.jpeg\" alt=\"\" width=\"300\" height=\"226\" srcset=\"https:\/\/www.lvbe.uha.fr\/wp-content\/uploads\/2019\/11\/436D27D4-B0E2-4CDF-BCDB-50353C9EE5F4-300x226.jpeg 300w, https:\/\/www.lvbe.uha.fr\/wp-content\/uploads\/2019\/11\/436D27D4-B0E2-4CDF-BCDB-50353C9EE5F4-1024x772.jpeg 1024w, https:\/\/www.lvbe.uha.fr\/wp-content\/uploads\/2019\/11\/436D27D4-B0E2-4CDF-BCDB-50353C9EE5F4-768x579.jpeg 768w, https:\/\/www.lvbe.uha.fr\/wp-content\/uploads\/2019\/11\/436D27D4-B0E2-4CDF-BCDB-50353C9EE5F4.jpeg 1347w\" sizes=\"auto, (max-width: 300px) 100vw, 300px\" \/>Production scientifique<\/span><span class=\"s4\"> :<\/span><\/h1>\n<p class=\"s3\">&#8211; Publications de rang A : 26<\/p>\n<p class=\"s3\">&#8211; Proceedings : 3<\/p>\n<p class=\"s3\">&#8211; Communications : 34<\/p>\n<p class=\"s3\">&#8211; 1 Livre : <b>\u00ab\u00a0Cr\u00e9ez votre bi\u00e8re -De la Compr\u00e9hension \u00e0 la r\u00e9ussite\u00a0\u00bb<\/b> aux \u00e9ditions Ellipses<\/p>\n<h1 class=\"s3\"><span class=\"s4\">Th\u00e9matiques de recherche jusqu&rsquo;<\/span><span class=\"s4\">en<\/span><span class=\"s4\"> 2018 :<\/span><\/h1>\n<p class=\"s3\">\u00c9laboration de mat\u00e9riaux m\u00e9talliques \u00e0 l&rsquo;\u00e9chelle micro et nanoscopique.<\/p>\n<h1 class=\"s3\"><span class=\"s4\">Th\u00e9matiques de recherche depuis 2019 :<\/span><\/h1>\n<p class=\"s3\">\u00c9tude voltamp\u00e9rom\u00e9trique de l&rsquo;\u00e9volution des polyph\u00e9nols facilement oxydables et totaux durant le fractionnement au pressurage et en cours d&rsquo;\u00e9levage des vins. Extension de la m\u00e9thode aux polyph\u00e9nols du houblon au cours du brassage et du vieillissement des bi\u00e8res.<\/p>\n<\/div><\/div>\n<\/div>\n","protected":false},"excerpt":{"rendered":"<p>Ma\u00eetre de conf\u00e9rences (depuis 1992) en chimie (section CNU 31) \u00e0 l&rsquo;UFR Sciences Exactes et Naturelles de l&rsquo;Universit\u00e9 de Reims Champagne-Ardenne. LVBE-Universit\u00e9 de Reims Champagne-Ardenne Courriel : patrick.fricoteaux@univ-reims.fr<\/p>\n","protected":false},"author":2,"featured_media":0,"parent":1751,"menu_order":8,"comment_status":"closed","ping_status":"closed","template":"","meta":{"footnotes":""},"class_list":["post-2101","page","type-page","status-publish","hentry"],"yoast_head":"<!-- This site is optimized with the Yoast SEO plugin v27.4 - https:\/\/yoast.com\/product\/yoast-seo-wordpress\/ -->\n<title>Dr. FRICOTEAUX Patrick - LVBE - Laboratoire Vigne, Biotechnologies, Environnement | Universit\u00e9 de Haute-Alsace<\/title>\n<meta name=\"robots\" content=\"index, follow, max-snippet:-1, max-image-preview:large, max-video-preview:-1\" \/>\n<link rel=\"canonical\" href=\"https:\/\/www.lvbe.uha.fr\/index.php\/equipe\/membres-de-lequipe\/fricoteaux-patrick\/\" \/>\n<meta property=\"og:locale\" content=\"fr_FR\" \/>\n<meta property=\"og:type\" content=\"article\" \/>\n<meta property=\"og:title\" content=\"Dr. FRICOTEAUX Patrick - LVBE - Laboratoire Vigne, Biotechnologies, Environnement | Universit\u00e9 de Haute-Alsace\" \/>\n<meta property=\"og:description\" content=\"Ma\u00eetre de conf\u00e9rences (depuis 1992) en chimie (section CNU 31) \u00e0 l&rsquo;UFR Sciences Exactes et Naturelles de l&rsquo;Universit\u00e9 de Reims Champagne-Ardenne. LVBE-Universit\u00e9 de Reims Champagne-Ardenne Courriel : patrick.fricoteaux@univ-reims.fr\" \/>\n<meta property=\"og:url\" content=\"https:\/\/www.lvbe.uha.fr\/index.php\/equipe\/membres-de-lequipe\/fricoteaux-patrick\/\" \/>\n<meta property=\"og:site_name\" content=\"LVBE - Laboratoire Vigne, Biotechnologies, Environnement | Universit\u00e9 de Haute-Alsace\" \/>\n<meta property=\"article:modified_time\" content=\"2020-04-17T11:51:23+00:00\" \/>\n<meta property=\"og:image\" content=\"https:\/\/www.lvbe.uha.fr\/wp-content\/uploads\/2019\/11\/436D27D4-B0E2-4CDF-BCDB-50353C9EE5F4-300x226.jpeg\" \/>\n<meta name=\"twitter:card\" content=\"summary_large_image\" \/>\n<meta name=\"twitter:label1\" content=\"Dur\u00e9e de lecture estim\u00e9e\" \/>\n\t<meta name=\"twitter:data1\" content=\"1 minute\" \/>\n<script type=\"application\/ld+json\" class=\"yoast-schema-graph\">{\"@context\":\"https:\\\/\\\/schema.org\",\"@graph\":[{\"@type\":\"WebPage\",\"@id\":\"https:\\\/\\\/www.lvbe.uha.fr\\\/index.php\\\/equipe\\\/membres-de-lequipe\\\/fricoteaux-patrick\\\/\",\"url\":\"https:\\\/\\\/www.lvbe.uha.fr\\\/index.php\\\/equipe\\\/membres-de-lequipe\\\/fricoteaux-patrick\\\/\",\"name\":\"Dr. FRICOTEAUX Patrick - LVBE - Laboratoire Vigne, Biotechnologies, Environnement | Universit\u00e9 de Haute-Alsace\",\"isPartOf\":{\"@id\":\"https:\\\/\\\/www.lvbe.uha.fr\\\/#website\"},\"primaryImageOfPage\":{\"@id\":\"https:\\\/\\\/www.lvbe.uha.fr\\\/index.php\\\/equipe\\\/membres-de-lequipe\\\/fricoteaux-patrick\\\/#primaryimage\"},\"image\":{\"@id\":\"https:\\\/\\\/www.lvbe.uha.fr\\\/index.php\\\/equipe\\\/membres-de-lequipe\\\/fricoteaux-patrick\\\/#primaryimage\"},\"thumbnailUrl\":\"https:\\\/\\\/www.lvbe.uha.fr\\\/wp-content\\\/uploads\\\/2019\\\/11\\\/436D27D4-B0E2-4CDF-BCDB-50353C9EE5F4-300x226.jpeg\",\"datePublished\":\"2018-12-18T14:31:13+00:00\",\"dateModified\":\"2020-04-17T11:51:23+00:00\",\"breadcrumb\":{\"@id\":\"https:\\\/\\\/www.lvbe.uha.fr\\\/index.php\\\/equipe\\\/membres-de-lequipe\\\/fricoteaux-patrick\\\/#breadcrumb\"},\"inLanguage\":\"fr-FR\",\"potentialAction\":[{\"@type\":\"ReadAction\",\"target\":[\"https:\\\/\\\/www.lvbe.uha.fr\\\/index.php\\\/equipe\\\/membres-de-lequipe\\\/fricoteaux-patrick\\\/\"]}]},{\"@type\":\"ImageObject\",\"inLanguage\":\"fr-FR\",\"@id\":\"https:\\\/\\\/www.lvbe.uha.fr\\\/index.php\\\/equipe\\\/membres-de-lequipe\\\/fricoteaux-patrick\\\/#primaryimage\",\"url\":\"https:\\\/\\\/www.lvbe.uha.fr\\\/wp-content\\\/uploads\\\/2019\\\/11\\\/436D27D4-B0E2-4CDF-BCDB-50353C9EE5F4-300x226.jpeg\",\"contentUrl\":\"https:\\\/\\\/www.lvbe.uha.fr\\\/wp-content\\\/uploads\\\/2019\\\/11\\\/436D27D4-B0E2-4CDF-BCDB-50353C9EE5F4-300x226.jpeg\"},{\"@type\":\"BreadcrumbList\",\"@id\":\"https:\\\/\\\/www.lvbe.uha.fr\\\/index.php\\\/equipe\\\/membres-de-lequipe\\\/fricoteaux-patrick\\\/#breadcrumb\",\"itemListElement\":[{\"@type\":\"ListItem\",\"position\":1,\"name\":\"Accueil\",\"item\":\"https:\\\/\\\/www.lvbe.uha.fr\\\/\"},{\"@type\":\"ListItem\",\"position\":2,\"name\":\"\u00c9quipe\",\"item\":\"https:\\\/\\\/www.lvbe.uha.fr\\\/index.php\\\/equipe\\\/\"},{\"@type\":\"ListItem\",\"position\":3,\"name\":\"Membres de l&rsquo;\u00e9quipe\",\"item\":\"https:\\\/\\\/www.lvbe.uha.fr\\\/index.php\\\/equipe\\\/membres-de-lequipe\\\/\"},{\"@type\":\"ListItem\",\"position\":4,\"name\":\"Dr. FRICOTEAUX Patrick\"}]},{\"@type\":\"WebSite\",\"@id\":\"https:\\\/\\\/www.lvbe.uha.fr\\\/#website\",\"url\":\"https:\\\/\\\/www.lvbe.uha.fr\\\/\",\"name\":\"LVBE - Laboratoire Vigne, Biotechnologies, Environnement | Universit\u00e9 de Haute-Alsace\",\"description\":\"Campus Biop\u00f4le | Universit\u00e9 de Haute-Alsace\",\"potentialAction\":[{\"@type\":\"SearchAction\",\"target\":{\"@type\":\"EntryPoint\",\"urlTemplate\":\"https:\\\/\\\/www.lvbe.uha.fr\\\/?s={search_term_string}\"},\"query-input\":{\"@type\":\"PropertyValueSpecification\",\"valueRequired\":true,\"valueName\":\"search_term_string\"}}],\"inLanguage\":\"fr-FR\"}]}<\/script>\n<!-- \/ Yoast SEO plugin. -->","yoast_head_json":{"title":"Dr. FRICOTEAUX Patrick - LVBE - Laboratoire Vigne, Biotechnologies, Environnement | Universit\u00e9 de Haute-Alsace","robots":{"index":"index","follow":"follow","max-snippet":"max-snippet:-1","max-image-preview":"max-image-preview:large","max-video-preview":"max-video-preview:-1"},"canonical":"https:\/\/www.lvbe.uha.fr\/index.php\/equipe\/membres-de-lequipe\/fricoteaux-patrick\/","og_locale":"fr_FR","og_type":"article","og_title":"Dr. FRICOTEAUX Patrick - LVBE - Laboratoire Vigne, Biotechnologies, Environnement | Universit\u00e9 de Haute-Alsace","og_description":"Ma\u00eetre de conf\u00e9rences (depuis 1992) en chimie (section CNU 31) \u00e0 l&rsquo;UFR Sciences Exactes et Naturelles de l&rsquo;Universit\u00e9 de Reims Champagne-Ardenne. LVBE-Universit\u00e9 de Reims Champagne-Ardenne Courriel : patrick.fricoteaux@univ-reims.fr","og_url":"https:\/\/www.lvbe.uha.fr\/index.php\/equipe\/membres-de-lequipe\/fricoteaux-patrick\/","og_site_name":"LVBE - Laboratoire Vigne, Biotechnologies, Environnement | Universit\u00e9 de Haute-Alsace","article_modified_time":"2020-04-17T11:51:23+00:00","og_image":[{"url":"https:\/\/www.lvbe.uha.fr\/wp-content\/uploads\/2019\/11\/436D27D4-B0E2-4CDF-BCDB-50353C9EE5F4-300x226.jpeg","type":"","width":"","height":""}],"twitter_card":"summary_large_image","twitter_misc":{"Dur\u00e9e de lecture estim\u00e9e":"1 minute"},"schema":{"@context":"https:\/\/schema.org","@graph":[{"@type":"WebPage","@id":"https:\/\/www.lvbe.uha.fr\/index.php\/equipe\/membres-de-lequipe\/fricoteaux-patrick\/","url":"https:\/\/www.lvbe.uha.fr\/index.php\/equipe\/membres-de-lequipe\/fricoteaux-patrick\/","name":"Dr. FRICOTEAUX Patrick - LVBE - Laboratoire Vigne, Biotechnologies, Environnement | Universit\u00e9 de Haute-Alsace","isPartOf":{"@id":"https:\/\/www.lvbe.uha.fr\/#website"},"primaryImageOfPage":{"@id":"https:\/\/www.lvbe.uha.fr\/index.php\/equipe\/membres-de-lequipe\/fricoteaux-patrick\/#primaryimage"},"image":{"@id":"https:\/\/www.lvbe.uha.fr\/index.php\/equipe\/membres-de-lequipe\/fricoteaux-patrick\/#primaryimage"},"thumbnailUrl":"https:\/\/www.lvbe.uha.fr\/wp-content\/uploads\/2019\/11\/436D27D4-B0E2-4CDF-BCDB-50353C9EE5F4-300x226.jpeg","datePublished":"2018-12-18T14:31:13+00:00","dateModified":"2020-04-17T11:51:23+00:00","breadcrumb":{"@id":"https:\/\/www.lvbe.uha.fr\/index.php\/equipe\/membres-de-lequipe\/fricoteaux-patrick\/#breadcrumb"},"inLanguage":"fr-FR","potentialAction":[{"@type":"ReadAction","target":["https:\/\/www.lvbe.uha.fr\/index.php\/equipe\/membres-de-lequipe\/fricoteaux-patrick\/"]}]},{"@type":"ImageObject","inLanguage":"fr-FR","@id":"https:\/\/www.lvbe.uha.fr\/index.php\/equipe\/membres-de-lequipe\/fricoteaux-patrick\/#primaryimage","url":"https:\/\/www.lvbe.uha.fr\/wp-content\/uploads\/2019\/11\/436D27D4-B0E2-4CDF-BCDB-50353C9EE5F4-300x226.jpeg","contentUrl":"https:\/\/www.lvbe.uha.fr\/wp-content\/uploads\/2019\/11\/436D27D4-B0E2-4CDF-BCDB-50353C9EE5F4-300x226.jpeg"},{"@type":"BreadcrumbList","@id":"https:\/\/www.lvbe.uha.fr\/index.php\/equipe\/membres-de-lequipe\/fricoteaux-patrick\/#breadcrumb","itemListElement":[{"@type":"ListItem","position":1,"name":"Accueil","item":"https:\/\/www.lvbe.uha.fr\/"},{"@type":"ListItem","position":2,"name":"\u00c9quipe","item":"https:\/\/www.lvbe.uha.fr\/index.php\/equipe\/"},{"@type":"ListItem","position":3,"name":"Membres de l&rsquo;\u00e9quipe","item":"https:\/\/www.lvbe.uha.fr\/index.php\/equipe\/membres-de-lequipe\/"},{"@type":"ListItem","position":4,"name":"Dr. FRICOTEAUX Patrick"}]},{"@type":"WebSite","@id":"https:\/\/www.lvbe.uha.fr\/#website","url":"https:\/\/www.lvbe.uha.fr\/","name":"LVBE - Laboratoire Vigne, Biotechnologies, Environnement | Universit\u00e9 de Haute-Alsace","description":"Campus Biop\u00f4le | Universit\u00e9 de Haute-Alsace","potentialAction":[{"@type":"SearchAction","target":{"@type":"EntryPoint","urlTemplate":"https:\/\/www.lvbe.uha.fr\/?s={search_term_string}"},"query-input":{"@type":"PropertyValueSpecification","valueRequired":true,"valueName":"search_term_string"}}],"inLanguage":"fr-FR"}]}},"_links":{"self":[{"href":"https:\/\/www.lvbe.uha.fr\/index.php\/wp-json\/wp\/v2\/pages\/2101","targetHints":{"allow":["GET"]}}],"collection":[{"href":"https:\/\/www.lvbe.uha.fr\/index.php\/wp-json\/wp\/v2\/pages"}],"about":[{"href":"https:\/\/www.lvbe.uha.fr\/index.php\/wp-json\/wp\/v2\/types\/page"}],"author":[{"embeddable":true,"href":"https:\/\/www.lvbe.uha.fr\/index.php\/wp-json\/wp\/v2\/users\/2"}],"replies":[{"embeddable":true,"href":"https:\/\/www.lvbe.uha.fr\/index.php\/wp-json\/wp\/v2\/comments?post=2101"}],"version-history":[{"count":28,"href":"https:\/\/www.lvbe.uha.fr\/index.php\/wp-json\/wp\/v2\/pages\/2101\/revisions"}],"predecessor-version":[{"id":3124,"href":"https:\/\/www.lvbe.uha.fr\/index.php\/wp-json\/wp\/v2\/pages\/2101\/revisions\/3124"}],"up":[{"embeddable":true,"href":"https:\/\/www.lvbe.uha.fr\/index.php\/wp-json\/wp\/v2\/pages\/1751"}],"wp:attachment":[{"href":"https:\/\/www.lvbe.uha.fr\/index.php\/wp-json\/wp\/v2\/media?parent=2101"}],"curies":[{"name":"wp","href":"https:\/\/api.w.org\/{rel}","templated":true}]}}