{"id":1681,"date":"2018-06-12T10:27:59","date_gmt":"2018-06-12T08:27:59","guid":{"rendered":"https:\/\/www.lvbe.uha.fr\/\/?page_id=1681"},"modified":"2023-12-08T14:30:22","modified_gmt":"2023-12-08T13:30:22","slug":"localisation","status":"publish","type":"page","link":"https:\/\/www.lvbe.uha.fr\/index.php\/lvbe\/localisation\/","title":{"rendered":"Localisation"},"content":{"rendered":"<p><img loading=\"lazy\" decoding=\"async\" class=\"alignright wp-image-1580 size-large\" src=\"https:\/\/www.lvbe.uha.fr\/\/wp-content\/uploads\/2018\/06\/8B0CF1F0-1985-4233-8751-F6EEBD6C9AD5-1024x541.jpeg\" alt=\"Localisation du Laboratoire Vigne, Biotechnologies et Environnement en France et \u00e0 l\u2019int\u00e9rieur du Biop\u00f4le\" width=\"750\" height=\"396\" srcset=\"https:\/\/www.lvbe.uha.fr\/wp-content\/uploads\/2018\/06\/8B0CF1F0-1985-4233-8751-F6EEBD6C9AD5-1024x541.jpeg 1024w, https:\/\/www.lvbe.uha.fr\/wp-content\/uploads\/2018\/06\/8B0CF1F0-1985-4233-8751-F6EEBD6C9AD5-300x159.jpeg 300w, https:\/\/www.lvbe.uha.fr\/wp-content\/uploads\/2018\/06\/8B0CF1F0-1985-4233-8751-F6EEBD6C9AD5-768x406.jpeg 768w, https:\/\/www.lvbe.uha.fr\/wp-content\/uploads\/2018\/06\/8B0CF1F0-1985-4233-8751-F6EEBD6C9AD5.jpeg 1260w\" sizes=\"auto, (max-width: 750px) 100vw, 750px\" \/><\/p>\n<p>Le LVBE est localis\u00e9 en Alsace \u00e0 Colmar, capitale des Vins d&rsquo;Alsace, au pied du vignoble alsacien et au sein du Bio-p\u00f4le d&rsquo;excellence en Agronomie et Viticulture, Adrien ZELLER.<\/p>\n<p>Le Bio-p\u00f4le regroupe diff\u00e9rents acteurs :<\/p>\n<ul>\n<li>l&rsquo;Institut Fran\u00e7ais de la Vigne et du Vin,<\/li>\n<li>l&rsquo;Institut national de recherche pour l&rsquo;agriculture, l&rsquo;alimentation et l&rsquo;environnement, INRAe Grand-Est,<\/li>\n<li>la Chambre d&rsquo;Agriculture service viticulture,<\/li>\n<li>une antenne du Conseil Interprofessionnel des Vins d&rsquo;Alsace,<\/li>\n<li>l&rsquo;Office National des For\u00eats,<\/li>\n<li>l&rsquo;Institut Transfrontalier d&rsquo;Application et de D\u00e9veloppement Agronomique,<\/li>\n<li>le Syndicat Mixte Recyclage Agricole du Haut-Rhin,<\/li>\n<li>le Centre de Recherche et D\u00e9veloppement pour les mati\u00e8res fertilisantes et la qualit\u00e9 des agrosyst\u00e8mes : CRITT RITTMO Agroenvironnement.<\/li>\n<\/ul>\n<p>Au niveau universitaire, on retrouve sur le site du Bio-p\u00f4le :<\/p>\n<ul>\n<li>le D\u00e9partement G\u00e9nie Biologique de l&rsquo;<strong>IUT de Colmar<\/strong> avec le BUT G\u00e9nie Biologique option Agronomie, la Licence professionnelle par apprentissage en Biotechnologie<\/li>\n<li>le P\u00f4le Agrosciences de la <strong>Facult\u00e9 des Sciences et Techniques<\/strong> (FST)\u00a0de l&rsquo;UHA avec<strong> deux Licences <\/strong>et <strong>quatre Masters<\/strong><\/li>\n<\/ul>\n<ol>\n<li style=\"list-style-type: none;\">\n<ol>\n<li style=\"list-style-type: none;\">\n<ol>\n<li style=\"list-style-type: none;\"><\/li>\n<\/ol>\n<\/li>\n<\/ol>\n<\/li>\n<\/ol>\n","protected":false},"excerpt":{"rendered":"<p>Le LVBE est localis\u00e9 en Alsace \u00e0 Colmar, capitale des Vins d&rsquo;Alsace, au pied du vignoble alsacien et au sein du Bio-p\u00f4le d&rsquo;excellence en Agronomie et Viticulture, Adrien ZELLER. Le Bio-p\u00f4le regroupe diff\u00e9rents acteurs : l&rsquo;Institut Fran\u00e7ais de la Vigne et du Vin, l&rsquo;Institut national de recherche pour l&rsquo;agriculture, l&rsquo;alimentation et l&rsquo;environnement, INRAe Grand-Est, la [&hellip;]<\/p>\n","protected":false},"author":1,"featured_media":0,"parent":144,"menu_order":0,"comment_status":"closed","ping_status":"closed","template":"","meta":{"footnotes":""},"class_list":["post-1681","page","type-page","status-publish","hentry"],"yoast_head":"<!-- This site is optimized with the Yoast SEO plugin v27.4 - https:\/\/yoast.com\/product\/yoast-seo-wordpress\/ -->\n<title>Localisation - LVBE - Laboratoire Vigne, Biotechnologies, Environnement | Universit\u00e9 de Haute-Alsace<\/title>\n<meta name=\"robots\" content=\"index, follow, max-snippet:-1, max-image-preview:large, max-video-preview:-1\" \/>\n<link rel=\"canonical\" href=\"https:\/\/www.lvbe.uha.fr\/index.php\/lvbe\/localisation\/\" \/>\n<meta property=\"og:locale\" content=\"fr_FR\" \/>\n<meta property=\"og:type\" content=\"article\" \/>\n<meta property=\"og:title\" content=\"Localisation - LVBE - Laboratoire Vigne, Biotechnologies, Environnement | Universit\u00e9 de Haute-Alsace\" \/>\n<meta property=\"og:description\" content=\"Le LVBE est localis\u00e9 en Alsace \u00e0 Colmar, capitale des Vins d&rsquo;Alsace, au pied du vignoble alsacien et au sein du Bio-p\u00f4le d&rsquo;excellence en Agronomie et Viticulture, Adrien ZELLER. Le Bio-p\u00f4le regroupe diff\u00e9rents acteurs : l&rsquo;Institut Fran\u00e7ais de la Vigne et du Vin, l&rsquo;Institut national de recherche pour l&rsquo;agriculture, l&rsquo;alimentation et l&rsquo;environnement, INRAe Grand-Est, la [&hellip;]\" \/>\n<meta property=\"og:url\" content=\"https:\/\/www.lvbe.uha.fr\/index.php\/lvbe\/localisation\/\" \/>\n<meta property=\"og:site_name\" content=\"LVBE - Laboratoire Vigne, Biotechnologies, Environnement | Universit\u00e9 de Haute-Alsace\" \/>\n<meta property=\"article:modified_time\" content=\"2023-12-08T13:30:22+00:00\" \/>\n<meta property=\"og:image\" content=\"https:\/\/www.lvbe.uha.fr\/\/wp-content\/uploads\/2018\/06\/8B0CF1F0-1985-4233-8751-F6EEBD6C9AD5-1024x541.jpeg\" \/>\n<meta name=\"twitter:card\" content=\"summary_large_image\" \/>\n<meta name=\"twitter:label1\" content=\"Dur\u00e9e de lecture estim\u00e9e\" \/>\n\t<meta name=\"twitter:data1\" content=\"1 minute\" \/>\n<script type=\"application\/ld+json\" class=\"yoast-schema-graph\">{\"@context\":\"https:\\\/\\\/schema.org\",\"@graph\":[{\"@type\":\"WebPage\",\"@id\":\"https:\\\/\\\/www.lvbe.uha.fr\\\/index.php\\\/lvbe\\\/localisation\\\/\",\"url\":\"https:\\\/\\\/www.lvbe.uha.fr\\\/index.php\\\/lvbe\\\/localisation\\\/\",\"name\":\"Localisation - LVBE - Laboratoire Vigne, Biotechnologies, Environnement | Universit\u00e9 de Haute-Alsace\",\"isPartOf\":{\"@id\":\"https:\\\/\\\/www.lvbe.uha.fr\\\/#website\"},\"primaryImageOfPage\":{\"@id\":\"https:\\\/\\\/www.lvbe.uha.fr\\\/index.php\\\/lvbe\\\/localisation\\\/#primaryimage\"},\"image\":{\"@id\":\"https:\\\/\\\/www.lvbe.uha.fr\\\/index.php\\\/lvbe\\\/localisation\\\/#primaryimage\"},\"thumbnailUrl\":\"https:\\\/\\\/www.lvbe.uha.fr\\\/\\\/wp-content\\\/uploads\\\/2018\\\/06\\\/8B0CF1F0-1985-4233-8751-F6EEBD6C9AD5-1024x541.jpeg\",\"datePublished\":\"2018-06-12T08:27:59+00:00\",\"dateModified\":\"2023-12-08T13:30:22+00:00\",\"breadcrumb\":{\"@id\":\"https:\\\/\\\/www.lvbe.uha.fr\\\/index.php\\\/lvbe\\\/localisation\\\/#breadcrumb\"},\"inLanguage\":\"fr-FR\",\"potentialAction\":[{\"@type\":\"ReadAction\",\"target\":[\"https:\\\/\\\/www.lvbe.uha.fr\\\/index.php\\\/lvbe\\\/localisation\\\/\"]}]},{\"@type\":\"ImageObject\",\"inLanguage\":\"fr-FR\",\"@id\":\"https:\\\/\\\/www.lvbe.uha.fr\\\/index.php\\\/lvbe\\\/localisation\\\/#primaryimage\",\"url\":\"https:\\\/\\\/www.lvbe.uha.fr\\\/\\\/wp-content\\\/uploads\\\/2018\\\/06\\\/8B0CF1F0-1985-4233-8751-F6EEBD6C9AD5-1024x541.jpeg\",\"contentUrl\":\"https:\\\/\\\/www.lvbe.uha.fr\\\/\\\/wp-content\\\/uploads\\\/2018\\\/06\\\/8B0CF1F0-1985-4233-8751-F6EEBD6C9AD5-1024x541.jpeg\"},{\"@type\":\"BreadcrumbList\",\"@id\":\"https:\\\/\\\/www.lvbe.uha.fr\\\/index.php\\\/lvbe\\\/localisation\\\/#breadcrumb\",\"itemListElement\":[{\"@type\":\"ListItem\",\"position\":1,\"name\":\"Accueil\",\"item\":\"https:\\\/\\\/www.lvbe.uha.fr\\\/\"},{\"@type\":\"ListItem\",\"position\":2,\"name\":\"LVBE\",\"item\":\"https:\\\/\\\/www.lvbe.uha.fr\\\/index.php\\\/lvbe\\\/\"},{\"@type\":\"ListItem\",\"position\":3,\"name\":\"Localisation\"}]},{\"@type\":\"WebSite\",\"@id\":\"https:\\\/\\\/www.lvbe.uha.fr\\\/#website\",\"url\":\"https:\\\/\\\/www.lvbe.uha.fr\\\/\",\"name\":\"LVBE - Laboratoire Vigne, Biotechnologies, Environnement | Universit\u00e9 de Haute-Alsace\",\"description\":\"Campus Biop\u00f4le | Universit\u00e9 de Haute-Alsace\",\"potentialAction\":[{\"@type\":\"SearchAction\",\"target\":{\"@type\":\"EntryPoint\",\"urlTemplate\":\"https:\\\/\\\/www.lvbe.uha.fr\\\/?s={search_term_string}\"},\"query-input\":{\"@type\":\"PropertyValueSpecification\",\"valueRequired\":true,\"valueName\":\"search_term_string\"}}],\"inLanguage\":\"fr-FR\"}]}<\/script>\n<!-- \/ Yoast SEO plugin. -->","yoast_head_json":{"title":"Localisation - LVBE - Laboratoire Vigne, Biotechnologies, Environnement | Universit\u00e9 de Haute-Alsace","robots":{"index":"index","follow":"follow","max-snippet":"max-snippet:-1","max-image-preview":"max-image-preview:large","max-video-preview":"max-video-preview:-1"},"canonical":"https:\/\/www.lvbe.uha.fr\/index.php\/lvbe\/localisation\/","og_locale":"fr_FR","og_type":"article","og_title":"Localisation - LVBE - Laboratoire Vigne, Biotechnologies, Environnement | Universit\u00e9 de Haute-Alsace","og_description":"Le LVBE est localis\u00e9 en Alsace \u00e0 Colmar, capitale des Vins d&rsquo;Alsace, au pied du vignoble alsacien et au sein du Bio-p\u00f4le d&rsquo;excellence en Agronomie et Viticulture, Adrien ZELLER. Le Bio-p\u00f4le regroupe diff\u00e9rents acteurs : l&rsquo;Institut Fran\u00e7ais de la Vigne et du Vin, l&rsquo;Institut national de recherche pour l&rsquo;agriculture, l&rsquo;alimentation et l&rsquo;environnement, INRAe Grand-Est, la [&hellip;]","og_url":"https:\/\/www.lvbe.uha.fr\/index.php\/lvbe\/localisation\/","og_site_name":"LVBE - Laboratoire Vigne, Biotechnologies, Environnement | Universit\u00e9 de Haute-Alsace","article_modified_time":"2023-12-08T13:30:22+00:00","og_image":[{"url":"https:\/\/www.lvbe.uha.fr\/\/wp-content\/uploads\/2018\/06\/8B0CF1F0-1985-4233-8751-F6EEBD6C9AD5-1024x541.jpeg","type":"","width":"","height":""}],"twitter_card":"summary_large_image","twitter_misc":{"Dur\u00e9e de lecture estim\u00e9e":"1 minute"},"schema":{"@context":"https:\/\/schema.org","@graph":[{"@type":"WebPage","@id":"https:\/\/www.lvbe.uha.fr\/index.php\/lvbe\/localisation\/","url":"https:\/\/www.lvbe.uha.fr\/index.php\/lvbe\/localisation\/","name":"Localisation - LVBE - Laboratoire Vigne, Biotechnologies, Environnement | Universit\u00e9 de Haute-Alsace","isPartOf":{"@id":"https:\/\/www.lvbe.uha.fr\/#website"},"primaryImageOfPage":{"@id":"https:\/\/www.lvbe.uha.fr\/index.php\/lvbe\/localisation\/#primaryimage"},"image":{"@id":"https:\/\/www.lvbe.uha.fr\/index.php\/lvbe\/localisation\/#primaryimage"},"thumbnailUrl":"https:\/\/www.lvbe.uha.fr\/\/wp-content\/uploads\/2018\/06\/8B0CF1F0-1985-4233-8751-F6EEBD6C9AD5-1024x541.jpeg","datePublished":"2018-06-12T08:27:59+00:00","dateModified":"2023-12-08T13:30:22+00:00","breadcrumb":{"@id":"https:\/\/www.lvbe.uha.fr\/index.php\/lvbe\/localisation\/#breadcrumb"},"inLanguage":"fr-FR","potentialAction":[{"@type":"ReadAction","target":["https:\/\/www.lvbe.uha.fr\/index.php\/lvbe\/localisation\/"]}]},{"@type":"ImageObject","inLanguage":"fr-FR","@id":"https:\/\/www.lvbe.uha.fr\/index.php\/lvbe\/localisation\/#primaryimage","url":"https:\/\/www.lvbe.uha.fr\/\/wp-content\/uploads\/2018\/06\/8B0CF1F0-1985-4233-8751-F6EEBD6C9AD5-1024x541.jpeg","contentUrl":"https:\/\/www.lvbe.uha.fr\/\/wp-content\/uploads\/2018\/06\/8B0CF1F0-1985-4233-8751-F6EEBD6C9AD5-1024x541.jpeg"},{"@type":"BreadcrumbList","@id":"https:\/\/www.lvbe.uha.fr\/index.php\/lvbe\/localisation\/#breadcrumb","itemListElement":[{"@type":"ListItem","position":1,"name":"Accueil","item":"https:\/\/www.lvbe.uha.fr\/"},{"@type":"ListItem","position":2,"name":"LVBE","item":"https:\/\/www.lvbe.uha.fr\/index.php\/lvbe\/"},{"@type":"ListItem","position":3,"name":"Localisation"}]},{"@type":"WebSite","@id":"https:\/\/www.lvbe.uha.fr\/#website","url":"https:\/\/www.lvbe.uha.fr\/","name":"LVBE - Laboratoire Vigne, Biotechnologies, Environnement | Universit\u00e9 de Haute-Alsace","description":"Campus Biop\u00f4le | Universit\u00e9 de Haute-Alsace","potentialAction":[{"@type":"SearchAction","target":{"@type":"EntryPoint","urlTemplate":"https:\/\/www.lvbe.uha.fr\/?s={search_term_string}"},"query-input":{"@type":"PropertyValueSpecification","valueRequired":true,"valueName":"search_term_string"}}],"inLanguage":"fr-FR"}]}},"_links":{"self":[{"href":"https:\/\/www.lvbe.uha.fr\/index.php\/wp-json\/wp\/v2\/pages\/1681","targetHints":{"allow":["GET"]}}],"collection":[{"href":"https:\/\/www.lvbe.uha.fr\/index.php\/wp-json\/wp\/v2\/pages"}],"about":[{"href":"https:\/\/www.lvbe.uha.fr\/index.php\/wp-json\/wp\/v2\/types\/page"}],"author":[{"embeddable":true,"href":"https:\/\/www.lvbe.uha.fr\/index.php\/wp-json\/wp\/v2\/users\/1"}],"replies":[{"embeddable":true,"href":"https:\/\/www.lvbe.uha.fr\/index.php\/wp-json\/wp\/v2\/comments?post=1681"}],"version-history":[{"count":21,"href":"https:\/\/www.lvbe.uha.fr\/index.php\/wp-json\/wp\/v2\/pages\/1681\/revisions"}],"predecessor-version":[{"id":4305,"href":"https:\/\/www.lvbe.uha.fr\/index.php\/wp-json\/wp\/v2\/pages\/1681\/revisions\/4305"}],"up":[{"embeddable":true,"href":"https:\/\/www.lvbe.uha.fr\/index.php\/wp-json\/wp\/v2\/pages\/144"}],"wp:attachment":[{"href":"https:\/\/www.lvbe.uha.fr\/index.php\/wp-json\/wp\/v2\/media?parent=1681"}],"curies":[{"name":"wp","href":"https:\/\/api.w.org\/{rel}","templated":true}]}}