{"id":1675,"date":"2018-06-12T10:18:46","date_gmt":"2018-06-12T08:18:46","guid":{"rendered":"https:\/\/www.lvbe.uha.fr\/\/?page_id=1675"},"modified":"2026-04-02T10:28:44","modified_gmt":"2026-04-02T08:28:44","slug":"organisation","status":"publish","type":"page","link":"https:\/\/www.lvbe.uha.fr\/index.php\/lvbe\/organisation\/","title":{"rendered":"Organisation"},"content":{"rendered":"<p>L&rsquo;ensemble des membres permanents du LVBE est constitu\u00e9 d&rsquo;enseignants-chercheurs, d&rsquo;ing\u00e9nieurs et technicien appartenant \u00e0 l\u2019Universit\u00e9 de Haute-Alsace et l\u2019Universit\u00e9 de Strasbourg.<\/p>\n<p>Au 1<sup>er<\/sup> janvier 2016, le LVBE est compos\u00e9 de :<img loading=\"lazy\" decoding=\"async\" class=\"alignright wp-image-3105 size-large\" src=\"https:\/\/www.lvbe.uha.fr\/wp-content\/uploads\/2020\/04\/40ECF9C9-BC7A-43EF-861D-088567457746-e1586686634638-1024x739.jpeg\" alt=\"\" width=\"750\" height=\"541\" srcset=\"https:\/\/www.lvbe.uha.fr\/wp-content\/uploads\/2020\/04\/40ECF9C9-BC7A-43EF-861D-088567457746-e1586686634638-1024x739.jpeg 1024w, https:\/\/www.lvbe.uha.fr\/wp-content\/uploads\/2020\/04\/40ECF9C9-BC7A-43EF-861D-088567457746-e1586686634638-300x216.jpeg 300w, https:\/\/www.lvbe.uha.fr\/wp-content\/uploads\/2020\/04\/40ECF9C9-BC7A-43EF-861D-088567457746-e1586686634638-768x554.jpeg 768w, https:\/\/www.lvbe.uha.fr\/wp-content\/uploads\/2020\/04\/40ECF9C9-BC7A-43EF-861D-088567457746-e1586686634638-1536x1108.jpeg 1536w, https:\/\/www.lvbe.uha.fr\/wp-content\/uploads\/2020\/04\/40ECF9C9-BC7A-43EF-861D-088567457746-e1586686634638.jpeg 1674w\" sizes=\"auto, (max-width: 750px) 100vw, 750px\" \/><\/p>\n<ul>\n<li>3 professeurs,<\/li>\n<li>3 ma\u00eetres de conf\u00e9rences ayant l&rsquo;Habilitation \u00e0 Diriger des Recherches,<\/li>\n<li>10 ma\u00eetres de conf\u00e9rences,<\/li>\n<li>1 attach\u00e9e temporaire \u00e0 l\u2019enseignement et la recherche,<\/li>\n<li>2 post-doctorant,<\/li>\n<li>3 doctorants,<\/li>\n<li>1 ing\u00e9nieur d\u2019\u00e9tude,<\/li>\n<li>1 technicien.<\/li>\n<\/ul>\n<p>Depuis le 1<sup>er<\/sup> septembre 2016, nous avons d\u00e9cid\u00e9 de regrouper l&rsquo;ensemble des forces du LVBE sous la th\u00e9matique \u00ab <strong>Ing\u00e9nierie Agro-Environnementale du Vignoble<\/strong> \u00bb. Nous sommes une unit\u00e9 mono-\u00e9quipe ax\u00e9e sur le couple Vigne\/Sol, o\u00f9 chaque membre du LVBE apporte ses comp\u00e9tences avec un focus sur les maladies du bois et les stimulations des d\u00e9fenses, ainsi que la bioaugmentation qui peut avoir un impact sur ces deux derniers aspects.<\/p>\n<p>En septembre 2019, une convention a \u00e9t\u00e9 sign\u00e9e entre l&rsquo;URCA et l&rsquo;UHA afin d&rsquo;accueillir l&rsquo;\u00e9quipe d\u2019\u0153nologie de l&rsquo;URCA au sein du laboratoire. Cette \u00e9quipe est compos\u00e9e de :<\/p>\n<ul>\n<li>6 ma\u00eetres de conf\u00e9rences dont 4 HDR<\/li>\n<li>1 ing\u00e9nieur d\u2019\u00e9tude,<\/li>\n<li>1 technicien.<\/li>\n<\/ul>\n<p>Au vu de nos publications, des financements mobilisables et de la demande de l&rsquo;inter-profession, le concept d&rsquo;une Viticulture Responsable sera d\u00e9velopp\u00e9 ce qui permettra de r\u00e9pondre aux probl\u00e9matiques actuelles et des nouveaux d\u00e9fis pour la viticulture du XXI<sup>\u00e8me<\/sup> si\u00e8cle.<\/p>\n<p><img loading=\"lazy\" decoding=\"async\" class=\"aligncenter size-full wp-image-3549\" src=\"https:\/\/www.lvbe.uha.fr\/wp-content\/uploads\/2022\/01\/FEB14BEF-508C-4FD3-97A4-F8895CAD528F.jpeg\" alt=\"UR\" width=\"1571\" height=\"511\" srcset=\"https:\/\/www.lvbe.uha.fr\/wp-content\/uploads\/2022\/01\/FEB14BEF-508C-4FD3-97A4-F8895CAD528F.jpeg 1571w, https:\/\/www.lvbe.uha.fr\/wp-content\/uploads\/2022\/01\/FEB14BEF-508C-4FD3-97A4-F8895CAD528F-300x98.jpeg 300w, https:\/\/www.lvbe.uha.fr\/wp-content\/uploads\/2022\/01\/FEB14BEF-508C-4FD3-97A4-F8895CAD528F-1024x333.jpeg 1024w, https:\/\/www.lvbe.uha.fr\/wp-content\/uploads\/2022\/01\/FEB14BEF-508C-4FD3-97A4-F8895CAD528F-768x250.jpeg 768w, https:\/\/www.lvbe.uha.fr\/wp-content\/uploads\/2022\/01\/FEB14BEF-508C-4FD3-97A4-F8895CAD528F-1536x500.jpeg 1536w\" sizes=\"auto, (max-width: 1571px) 100vw, 1571px\" \/><\/p>\n<h3>Organigramme fonctionnel<\/h3>\n<div class=\"su-row\">\n<div class=\"su-column su-column-size-1-2\"><div class=\"su-column-inner su-u-clearfix su-u-trim\">\n<p><strong>Directrice d&rsquo;Unit\u00e9 :<\/strong> Pr. Julie CHONG (PR2).<\/p>\n<p><strong>Directrice Adjointe : <\/strong>Dr. Laure VALAT (MCF).<\/p>\n<p><strong>Enseignants-chercheurs<\/strong> (par ordre alphab\u00e9tique) :<\/p>\n<ul>\n<li>Pr. Christophe BERTSCH (PR EX., UHA),<\/li>\n<li>Dr. J\u00e9r\u00e9my BERTHELIER ( MCF, UHA),<\/li>\n<li>Pr. Julie CHONG (PR2, UHA),<\/li>\n<li>Dr. Laurence DEGL\u00c8NE-BENBRAHIM (MCF, UHA),<\/li>\n<li>Dr. Claude ERNY (MCF-HC UHA),<\/li>\n<li>Dr. Sibylle FARINE (MCF-HC, UHA),<\/li>\n<li>Dr. Marc FISCHER (MCF-HDR, Unistra),<\/li>\n<li>Dr. Karine J\u00c9Z\u00c9QUEL (MCF, UHA),<\/li>\n<li>Dr. Christine LE JEUNE (MCF-HC, UHA),<\/li>\n<li>Dr. Marc LOLLIER (MCF-HC, UHA),<\/li>\n<li>Dr. Flore MAZET (MCF, UHA),<\/li>\n<li>Dr. Laure VALAT (MCF, UHA),<\/li>\n<li>Dr. Lo\u00efc YUNG (MCF, UHA).<\/li>\n<\/ul>\n<\/div><\/div>\n<div class=\"su-column su-column-size-1-2\"><div class=\"su-column-inner su-u-clearfix su-u-trim\">\n<p><strong>Ing\u00e9nieurs :<\/strong><\/p>\n<ul>\n<li>Dr. Mary-Lor\u00e8ne GODDARD (Ig Recherche, UHA),<\/li>\n<li>Yann LEVA (Ig d\u2019\u00c9tude, UHA),<\/li>\n<li>C\u00e9lia PERRIN (Ig d\u2019\u00c9tude, UHA),<\/li>\n<\/ul>\n<p><strong>Assistant Ing\u00e9nieur :<\/strong><\/p>\n<ul>\n<li>Dr. H\u00e9l\u00e8ne LALOUE (AIg. , UHA).<\/li>\n<\/ul>\n<p>&nbsp;<\/p>\n<div class=\"su-service\"><div class=\"su-service-title\" style=\"padding-left:38px;min-height:24px;line-height:24px\"><i class=\"sui sui-users\" style=\"font-size:24px;color:#1E4B74\"><\/i> Conseil de laboratoire<\/div><div class=\"su-service-content su-u-clearfix su-u-trim\" style=\"padding-left:38px\">\n<p>Composition : l&rsquo;ensemble des membres permanents du LVBE<\/p>\n<p>R\u00f4le : \u00e9tude des mesures relatives \u00e0 l&rsquo;organisation et au fonctionnement de l&rsquo;unit\u00e9 et susceptibles d&rsquo;avoir une incidence sur la situation et les conditions de travail du personnel.<\/p>\n<\/div><\/div>\n<div class=\"su-service\"><div class=\"su-service-title\" style=\"padding-left:38px;min-height:24px;line-height:24px\"><i class=\"sui sui-users\" style=\"font-size:24px;color:#1E4B74\"><\/i> Commission Hygi\u00e8ne et S\u00e9curit\u00e9<\/div><div class=\"su-service-content su-u-clearfix su-u-trim\" style=\"padding-left:38px\">\n<p>Composition : comit\u00e9 de direction + correspondant Hygi\u00e8ne et S\u00e9curit\u00e9,<\/p>\n<\/div><\/div>\n<\/div><\/div>\n<\/div>\n","protected":false},"excerpt":{"rendered":"<p>L&rsquo;ensemble des membres permanents du LVBE est constitu\u00e9 d&rsquo;enseignants-chercheurs, d&rsquo;ing\u00e9nieurs et technicien appartenant \u00e0 l\u2019Universit\u00e9 de Haute-Alsace et l\u2019Universit\u00e9 de Strasbourg. Au 1er janvier 2016, le LVBE est compos\u00e9 de : 3 professeurs, 3 ma\u00eetres de conf\u00e9rences ayant l&rsquo;Habilitation \u00e0 Diriger des Recherches, 10 ma\u00eetres de conf\u00e9rences, 1 attach\u00e9e temporaire \u00e0 l\u2019enseignement et la recherche, [&hellip;]<\/p>\n","protected":false},"author":1,"featured_media":0,"parent":144,"menu_order":0,"comment_status":"closed","ping_status":"closed","template":"","meta":{"footnotes":""},"class_list":["post-1675","page","type-page","status-publish","hentry"],"yoast_head":"<!-- This site is optimized with the Yoast SEO plugin v27.4 - https:\/\/yoast.com\/product\/yoast-seo-wordpress\/ -->\n<title>Organisation - LVBE - Laboratoire Vigne, Biotechnologies, Environnement | Universit\u00e9 de Haute-Alsace<\/title>\n<meta name=\"robots\" content=\"index, follow, max-snippet:-1, max-image-preview:large, max-video-preview:-1\" \/>\n<link rel=\"canonical\" href=\"https:\/\/www.lvbe.uha.fr\/index.php\/lvbe\/organisation\/\" \/>\n<meta property=\"og:locale\" content=\"fr_FR\" \/>\n<meta property=\"og:type\" content=\"article\" \/>\n<meta property=\"og:title\" content=\"Organisation - LVBE - Laboratoire Vigne, Biotechnologies, Environnement | Universit\u00e9 de Haute-Alsace\" \/>\n<meta property=\"og:description\" content=\"L&rsquo;ensemble des membres permanents du LVBE est constitu\u00e9 d&rsquo;enseignants-chercheurs, d&rsquo;ing\u00e9nieurs et technicien appartenant \u00e0 l\u2019Universit\u00e9 de Haute-Alsace et l\u2019Universit\u00e9 de Strasbourg. Au 1er janvier 2016, le LVBE est compos\u00e9 de : 3 professeurs, 3 ma\u00eetres de conf\u00e9rences ayant l&rsquo;Habilitation \u00e0 Diriger des Recherches, 10 ma\u00eetres de conf\u00e9rences, 1 attach\u00e9e temporaire \u00e0 l\u2019enseignement et la recherche, [&hellip;]\" \/>\n<meta property=\"og:url\" content=\"https:\/\/www.lvbe.uha.fr\/index.php\/lvbe\/organisation\/\" \/>\n<meta property=\"og:site_name\" content=\"LVBE - Laboratoire Vigne, Biotechnologies, Environnement | Universit\u00e9 de Haute-Alsace\" \/>\n<meta property=\"article:modified_time\" content=\"2026-04-02T08:28:44+00:00\" \/>\n<meta property=\"og:image\" content=\"https:\/\/www.lvbe.uha.fr\/wp-content\/uploads\/2020\/04\/40ECF9C9-BC7A-43EF-861D-088567457746-e1586686634638.jpeg\" \/>\n\t<meta property=\"og:image:width\" content=\"1674\" \/>\n\t<meta property=\"og:image:height\" content=\"1208\" \/>\n\t<meta property=\"og:image:type\" content=\"image\/jpeg\" \/>\n<meta name=\"twitter:card\" content=\"summary_large_image\" \/>\n<meta name=\"twitter:label1\" content=\"Dur\u00e9e de lecture estim\u00e9e\" \/>\n\t<meta name=\"twitter:data1\" content=\"3 minutes\" \/>\n<script type=\"application\/ld+json\" class=\"yoast-schema-graph\">{\"@context\":\"https:\\\/\\\/schema.org\",\"@graph\":[{\"@type\":\"WebPage\",\"@id\":\"https:\\\/\\\/www.lvbe.uha.fr\\\/index.php\\\/lvbe\\\/organisation\\\/\",\"url\":\"https:\\\/\\\/www.lvbe.uha.fr\\\/index.php\\\/lvbe\\\/organisation\\\/\",\"name\":\"Organisation - LVBE - Laboratoire Vigne, Biotechnologies, Environnement | Universit\u00e9 de Haute-Alsace\",\"isPartOf\":{\"@id\":\"https:\\\/\\\/www.lvbe.uha.fr\\\/#website\"},\"primaryImageOfPage\":{\"@id\":\"https:\\\/\\\/www.lvbe.uha.fr\\\/index.php\\\/lvbe\\\/organisation\\\/#primaryimage\"},\"image\":{\"@id\":\"https:\\\/\\\/www.lvbe.uha.fr\\\/index.php\\\/lvbe\\\/organisation\\\/#primaryimage\"},\"thumbnailUrl\":\"https:\\\/\\\/www.lvbe.uha.fr\\\/wp-content\\\/uploads\\\/2020\\\/04\\\/40ECF9C9-BC7A-43EF-861D-088567457746-e1586686634638-1024x739.jpeg\",\"datePublished\":\"2018-06-12T08:18:46+00:00\",\"dateModified\":\"2026-04-02T08:28:44+00:00\",\"breadcrumb\":{\"@id\":\"https:\\\/\\\/www.lvbe.uha.fr\\\/index.php\\\/lvbe\\\/organisation\\\/#breadcrumb\"},\"inLanguage\":\"fr-FR\",\"potentialAction\":[{\"@type\":\"ReadAction\",\"target\":[\"https:\\\/\\\/www.lvbe.uha.fr\\\/index.php\\\/lvbe\\\/organisation\\\/\"]}]},{\"@type\":\"ImageObject\",\"inLanguage\":\"fr-FR\",\"@id\":\"https:\\\/\\\/www.lvbe.uha.fr\\\/index.php\\\/lvbe\\\/organisation\\\/#primaryimage\",\"url\":\"https:\\\/\\\/www.lvbe.uha.fr\\\/wp-content\\\/uploads\\\/2020\\\/04\\\/40ECF9C9-BC7A-43EF-861D-088567457746-e1586686634638-1024x739.jpeg\",\"contentUrl\":\"https:\\\/\\\/www.lvbe.uha.fr\\\/wp-content\\\/uploads\\\/2020\\\/04\\\/40ECF9C9-BC7A-43EF-861D-088567457746-e1586686634638-1024x739.jpeg\"},{\"@type\":\"BreadcrumbList\",\"@id\":\"https:\\\/\\\/www.lvbe.uha.fr\\\/index.php\\\/lvbe\\\/organisation\\\/#breadcrumb\",\"itemListElement\":[{\"@type\":\"ListItem\",\"position\":1,\"name\":\"Accueil\",\"item\":\"https:\\\/\\\/www.lvbe.uha.fr\\\/\"},{\"@type\":\"ListItem\",\"position\":2,\"name\":\"LVBE\",\"item\":\"https:\\\/\\\/www.lvbe.uha.fr\\\/index.php\\\/lvbe\\\/\"},{\"@type\":\"ListItem\",\"position\":3,\"name\":\"Organisation\"}]},{\"@type\":\"WebSite\",\"@id\":\"https:\\\/\\\/www.lvbe.uha.fr\\\/#website\",\"url\":\"https:\\\/\\\/www.lvbe.uha.fr\\\/\",\"name\":\"LVBE - Laboratoire Vigne, Biotechnologies, Environnement | Universit\u00e9 de Haute-Alsace\",\"description\":\"Campus Biop\u00f4le | Universit\u00e9 de Haute-Alsace\",\"potentialAction\":[{\"@type\":\"SearchAction\",\"target\":{\"@type\":\"EntryPoint\",\"urlTemplate\":\"https:\\\/\\\/www.lvbe.uha.fr\\\/?s={search_term_string}\"},\"query-input\":{\"@type\":\"PropertyValueSpecification\",\"valueRequired\":true,\"valueName\":\"search_term_string\"}}],\"inLanguage\":\"fr-FR\"}]}<\/script>\n<!-- \/ Yoast SEO plugin. -->","yoast_head_json":{"title":"Organisation - LVBE - Laboratoire Vigne, Biotechnologies, Environnement | Universit\u00e9 de Haute-Alsace","robots":{"index":"index","follow":"follow","max-snippet":"max-snippet:-1","max-image-preview":"max-image-preview:large","max-video-preview":"max-video-preview:-1"},"canonical":"https:\/\/www.lvbe.uha.fr\/index.php\/lvbe\/organisation\/","og_locale":"fr_FR","og_type":"article","og_title":"Organisation - LVBE - Laboratoire Vigne, Biotechnologies, Environnement | Universit\u00e9 de Haute-Alsace","og_description":"L&rsquo;ensemble des membres permanents du LVBE est constitu\u00e9 d&rsquo;enseignants-chercheurs, d&rsquo;ing\u00e9nieurs et technicien appartenant \u00e0 l\u2019Universit\u00e9 de Haute-Alsace et l\u2019Universit\u00e9 de Strasbourg. Au 1er janvier 2016, le LVBE est compos\u00e9 de : 3 professeurs, 3 ma\u00eetres de conf\u00e9rences ayant l&rsquo;Habilitation \u00e0 Diriger des Recherches, 10 ma\u00eetres de conf\u00e9rences, 1 attach\u00e9e temporaire \u00e0 l\u2019enseignement et la recherche, [&hellip;]","og_url":"https:\/\/www.lvbe.uha.fr\/index.php\/lvbe\/organisation\/","og_site_name":"LVBE - Laboratoire Vigne, Biotechnologies, Environnement | Universit\u00e9 de Haute-Alsace","article_modified_time":"2026-04-02T08:28:44+00:00","og_image":[{"width":1674,"height":1208,"url":"https:\/\/www.lvbe.uha.fr\/wp-content\/uploads\/2020\/04\/40ECF9C9-BC7A-43EF-861D-088567457746-e1586686634638.jpeg","type":"image\/jpeg"}],"twitter_card":"summary_large_image","twitter_misc":{"Dur\u00e9e de lecture estim\u00e9e":"3 minutes"},"schema":{"@context":"https:\/\/schema.org","@graph":[{"@type":"WebPage","@id":"https:\/\/www.lvbe.uha.fr\/index.php\/lvbe\/organisation\/","url":"https:\/\/www.lvbe.uha.fr\/index.php\/lvbe\/organisation\/","name":"Organisation - LVBE - Laboratoire Vigne, Biotechnologies, Environnement | Universit\u00e9 de Haute-Alsace","isPartOf":{"@id":"https:\/\/www.lvbe.uha.fr\/#website"},"primaryImageOfPage":{"@id":"https:\/\/www.lvbe.uha.fr\/index.php\/lvbe\/organisation\/#primaryimage"},"image":{"@id":"https:\/\/www.lvbe.uha.fr\/index.php\/lvbe\/organisation\/#primaryimage"},"thumbnailUrl":"https:\/\/www.lvbe.uha.fr\/wp-content\/uploads\/2020\/04\/40ECF9C9-BC7A-43EF-861D-088567457746-e1586686634638-1024x739.jpeg","datePublished":"2018-06-12T08:18:46+00:00","dateModified":"2026-04-02T08:28:44+00:00","breadcrumb":{"@id":"https:\/\/www.lvbe.uha.fr\/index.php\/lvbe\/organisation\/#breadcrumb"},"inLanguage":"fr-FR","potentialAction":[{"@type":"ReadAction","target":["https:\/\/www.lvbe.uha.fr\/index.php\/lvbe\/organisation\/"]}]},{"@type":"ImageObject","inLanguage":"fr-FR","@id":"https:\/\/www.lvbe.uha.fr\/index.php\/lvbe\/organisation\/#primaryimage","url":"https:\/\/www.lvbe.uha.fr\/wp-content\/uploads\/2020\/04\/40ECF9C9-BC7A-43EF-861D-088567457746-e1586686634638-1024x739.jpeg","contentUrl":"https:\/\/www.lvbe.uha.fr\/wp-content\/uploads\/2020\/04\/40ECF9C9-BC7A-43EF-861D-088567457746-e1586686634638-1024x739.jpeg"},{"@type":"BreadcrumbList","@id":"https:\/\/www.lvbe.uha.fr\/index.php\/lvbe\/organisation\/#breadcrumb","itemListElement":[{"@type":"ListItem","position":1,"name":"Accueil","item":"https:\/\/www.lvbe.uha.fr\/"},{"@type":"ListItem","position":2,"name":"LVBE","item":"https:\/\/www.lvbe.uha.fr\/index.php\/lvbe\/"},{"@type":"ListItem","position":3,"name":"Organisation"}]},{"@type":"WebSite","@id":"https:\/\/www.lvbe.uha.fr\/#website","url":"https:\/\/www.lvbe.uha.fr\/","name":"LVBE - Laboratoire Vigne, Biotechnologies, Environnement | Universit\u00e9 de Haute-Alsace","description":"Campus Biop\u00f4le | Universit\u00e9 de Haute-Alsace","potentialAction":[{"@type":"SearchAction","target":{"@type":"EntryPoint","urlTemplate":"https:\/\/www.lvbe.uha.fr\/?s={search_term_string}"},"query-input":{"@type":"PropertyValueSpecification","valueRequired":true,"valueName":"search_term_string"}}],"inLanguage":"fr-FR"}]}},"_links":{"self":[{"href":"https:\/\/www.lvbe.uha.fr\/index.php\/wp-json\/wp\/v2\/pages\/1675","targetHints":{"allow":["GET"]}}],"collection":[{"href":"https:\/\/www.lvbe.uha.fr\/index.php\/wp-json\/wp\/v2\/pages"}],"about":[{"href":"https:\/\/www.lvbe.uha.fr\/index.php\/wp-json\/wp\/v2\/types\/page"}],"author":[{"embeddable":true,"href":"https:\/\/www.lvbe.uha.fr\/index.php\/wp-json\/wp\/v2\/users\/1"}],"replies":[{"embeddable":true,"href":"https:\/\/www.lvbe.uha.fr\/index.php\/wp-json\/wp\/v2\/comments?post=1675"}],"version-history":[{"count":38,"href":"https:\/\/www.lvbe.uha.fr\/index.php\/wp-json\/wp\/v2\/pages\/1675\/revisions"}],"predecessor-version":[{"id":4792,"href":"https:\/\/www.lvbe.uha.fr\/index.php\/wp-json\/wp\/v2\/pages\/1675\/revisions\/4792"}],"up":[{"embeddable":true,"href":"https:\/\/www.lvbe.uha.fr\/index.php\/wp-json\/wp\/v2\/pages\/144"}],"wp:attachment":[{"href":"https:\/\/www.lvbe.uha.fr\/index.php\/wp-json\/wp\/v2\/media?parent=1675"}],"curies":[{"name":"wp","href":"https:\/\/api.w.org\/{rel}","templated":true}]}}