{"id":15,"date":"2018-04-04T09:56:14","date_gmt":"2018-04-04T07:56:14","guid":{"rendered":"https:\/\/www.lvbe.uha.fr\/\/?page_id=15"},"modified":"2019-12-21T07:51:53","modified_gmt":"2019-12-21T06:51:53","slug":"equipe","status":"publish","type":"page","link":"https:\/\/www.lvbe.uha.fr\/index.php\/equipe\/","title":{"rendered":"\u00c9quipe"},"content":{"rendered":"<p><img loading=\"lazy\" decoding=\"async\" class=\"alignright wp-image-172\" src=\"https:\/\/www.lvbe.uha.fr\/\/wp-content\/uploads\/2018\/04\/C9062FA0-3461-4BDC-9448-9E47AA8E92B8.jpeg\" alt=\"Membres du LVBE 2018\" width=\"500\" height=\"375\" srcset=\"https:\/\/www.lvbe.uha.fr\/wp-content\/uploads\/2018\/04\/C9062FA0-3461-4BDC-9448-9E47AA8E92B8.jpeg 2000w, https:\/\/www.lvbe.uha.fr\/wp-content\/uploads\/2018\/04\/C9062FA0-3461-4BDC-9448-9E47AA8E92B8-300x225.jpeg 300w, https:\/\/www.lvbe.uha.fr\/wp-content\/uploads\/2018\/04\/C9062FA0-3461-4BDC-9448-9E47AA8E92B8-768x576.jpeg 768w, https:\/\/www.lvbe.uha.fr\/wp-content\/uploads\/2018\/04\/C9062FA0-3461-4BDC-9448-9E47AA8E92B8-1024x768.jpeg 1024w, https:\/\/www.lvbe.uha.fr\/wp-content\/uploads\/2018\/04\/C9062FA0-3461-4BDC-9448-9E47AA8E92B8-135x100.jpeg 135w\" sizes=\"auto, (max-width: 500px) 100vw, 500px\" \/><\/p>\n<p>L\u2019ensemble des membres permanents du LVBE est constitu\u00e9 d\u2019enseignants-chercheurs, d\u2019un ing\u00e9nieur d&rsquo;\u00e9tude et d&rsquo;une technicienne appartenant \u00e0 l\u2019Universit\u00e9 de Haute-Alsace et l\u2019Universit\u00e9 de Strasbourg.<\/p>\n<p>Au 1<sup>er<\/sup> janvier 2019, le LVBE est compos\u00e9 de :<\/p>\n<ul>\n<li>3 Professeurs,<\/li>\n<li>3 Ma\u00eetres de Conf\u00e9rences ayant r\u00e9ussi leur habilitation \u00e0 diriger des recherches,<\/li>\n<li>15 Ma\u00eetres de Conf\u00e9rences,<\/li>\n<li>3 post-doctorants,<\/li>\n<li>3 doctorants,<\/li>\n<li>1 Ing\u00e9nieure de recherche<\/li>\n<li>4 Ing\u00e9nieurs d\u2019\u00e9tudes,<\/li>\n<li>3 techniciens.<\/li>\n<\/ul>\n<p>D\u00e9couvrez :<\/p>\n<ul>\n<li>les <a href=\"https:\/\/www.lvbe.uha.fr\/\/index.php\/equipe\/membres-de-lequipe\/\">membres de l&rsquo;\u00e9quipe<\/a><\/li>\n<li>les <a href=\"https:\/\/www.lvbe.uha.fr\/\/index.php\/equipe\/docteurs-es-sciences-formes-au-lvbe\/\">docteurs es sciences form\u00e9s au LVBE<\/a><\/li>\n<li>les <a href=\"https:\/\/www.lvbe.uha.fr\/index.php\/equipe\/chercheurs-venus-collaborer-au-lvbe\/\">chercheurs venus collaborer au LVBE<\/a><\/li>\n<\/ul>\n","protected":false},"excerpt":{"rendered":"<p>L\u2019ensemble des membres permanents du LVBE est constitu\u00e9 d\u2019enseignants-chercheurs, d\u2019un ing\u00e9nieur d&rsquo;\u00e9tude et d&rsquo;une technicienne appartenant \u00e0 l\u2019Universit\u00e9 de Haute-Alsace et l\u2019Universit\u00e9 de Strasbourg. Au 1er janvier 2019, le LVBE est compos\u00e9 de : 3 Professeurs, 3 Ma\u00eetres de Conf\u00e9rences ayant r\u00e9ussi leur habilitation \u00e0 diriger des recherches, 15 Ma\u00eetres de Conf\u00e9rences, 3 post-doctorants, 3 [&hellip;]<\/p>\n","protected":false},"author":2,"featured_media":172,"parent":0,"menu_order":3,"comment_status":"closed","ping_status":"closed","template":"","meta":{"footnotes":""},"class_list":["post-15","page","type-page","status-publish","has-post-thumbnail","hentry"],"yoast_head":"<!-- This site is optimized with the Yoast SEO plugin v27.0 - https:\/\/yoast.com\/product\/yoast-seo-wordpress\/ -->\n<title>\u00c9quipe - LVBE - Laboratoire Vigne, Biotechnologies, Environnement | Universit\u00e9 de Haute-Alsace<\/title>\n<meta name=\"robots\" content=\"index, follow, max-snippet:-1, max-image-preview:large, max-video-preview:-1\" \/>\n<link rel=\"canonical\" href=\"https:\/\/www.lvbe.uha.fr\/index.php\/equipe\/\" \/>\n<meta property=\"og:locale\" content=\"fr_FR\" \/>\n<meta property=\"og:type\" content=\"article\" \/>\n<meta property=\"og:title\" content=\"\u00c9quipe - LVBE - Laboratoire Vigne, Biotechnologies, Environnement | Universit\u00e9 de Haute-Alsace\" \/>\n<meta property=\"og:description\" content=\"L\u2019ensemble des membres permanents du LVBE est constitu\u00e9 d\u2019enseignants-chercheurs, d\u2019un ing\u00e9nieur d&rsquo;\u00e9tude et d&rsquo;une technicienne appartenant \u00e0 l\u2019Universit\u00e9 de Haute-Alsace et l\u2019Universit\u00e9 de Strasbourg. Au 1er janvier 2019, le LVBE est compos\u00e9 de : 3 Professeurs, 3 Ma\u00eetres de Conf\u00e9rences ayant r\u00e9ussi leur habilitation \u00e0 diriger des recherches, 15 Ma\u00eetres de Conf\u00e9rences, 3 post-doctorants, 3 [&hellip;]\" \/>\n<meta property=\"og:url\" content=\"https:\/\/www.lvbe.uha.fr\/index.php\/equipe\/\" \/>\n<meta property=\"og:site_name\" content=\"LVBE - Laboratoire Vigne, Biotechnologies, Environnement | Universit\u00e9 de Haute-Alsace\" \/>\n<meta property=\"article:modified_time\" content=\"2019-12-21T06:51:53+00:00\" \/>\n<meta property=\"og:image\" content=\"https:\/\/www.lvbe.uha.fr\/wp-content\/uploads\/2018\/04\/C9062FA0-3461-4BDC-9448-9E47AA8E92B8.jpeg\" \/>\n\t<meta property=\"og:image:width\" content=\"2000\" \/>\n\t<meta property=\"og:image:height\" content=\"1500\" \/>\n\t<meta property=\"og:image:type\" content=\"image\/jpeg\" \/>\n<meta name=\"twitter:card\" content=\"summary_large_image\" \/>\n<script type=\"application\/ld+json\" class=\"yoast-schema-graph\">{\"@context\":\"https:\/\/schema.org\",\"@graph\":[{\"@type\":\"WebPage\",\"@id\":\"https:\/\/www.lvbe.uha.fr\/index.php\/equipe\/\",\"url\":\"https:\/\/www.lvbe.uha.fr\/index.php\/equipe\/\",\"name\":\"\u00c9quipe - LVBE - Laboratoire Vigne, Biotechnologies, Environnement | Universit\u00e9 de Haute-Alsace\",\"isPartOf\":{\"@id\":\"https:\/\/www.lvbe.uha.fr\/#website\"},\"primaryImageOfPage\":{\"@id\":\"https:\/\/www.lvbe.uha.fr\/index.php\/equipe\/#primaryimage\"},\"image\":{\"@id\":\"https:\/\/www.lvbe.uha.fr\/index.php\/equipe\/#primaryimage\"},\"thumbnailUrl\":\"https:\/\/www.lvbe.uha.fr\/wp-content\/uploads\/2018\/04\/C9062FA0-3461-4BDC-9448-9E47AA8E92B8.jpeg\",\"datePublished\":\"2018-04-04T07:56:14+00:00\",\"dateModified\":\"2019-12-21T06:51:53+00:00\",\"breadcrumb\":{\"@id\":\"https:\/\/www.lvbe.uha.fr\/index.php\/equipe\/#breadcrumb\"},\"inLanguage\":\"fr-FR\",\"potentialAction\":[{\"@type\":\"ReadAction\",\"target\":[\"https:\/\/www.lvbe.uha.fr\/index.php\/equipe\/\"]}]},{\"@type\":\"ImageObject\",\"inLanguage\":\"fr-FR\",\"@id\":\"https:\/\/www.lvbe.uha.fr\/index.php\/equipe\/#primaryimage\",\"url\":\"https:\/\/www.lvbe.uha.fr\/wp-content\/uploads\/2018\/04\/C9062FA0-3461-4BDC-9448-9E47AA8E92B8.jpeg\",\"contentUrl\":\"https:\/\/www.lvbe.uha.fr\/wp-content\/uploads\/2018\/04\/C9062FA0-3461-4BDC-9448-9E47AA8E92B8.jpeg\",\"width\":2000,\"height\":1500,\"caption\":\"Membres du LVBE 2018\"},{\"@type\":\"BreadcrumbList\",\"@id\":\"https:\/\/www.lvbe.uha.fr\/index.php\/equipe\/#breadcrumb\",\"itemListElement\":[{\"@type\":\"ListItem\",\"position\":1,\"name\":\"Accueil\",\"item\":\"https:\/\/www.lvbe.uha.fr\/\"},{\"@type\":\"ListItem\",\"position\":2,\"name\":\"\u00c9quipe\"}]},{\"@type\":\"WebSite\",\"@id\":\"https:\/\/www.lvbe.uha.fr\/#website\",\"url\":\"https:\/\/www.lvbe.uha.fr\/\",\"name\":\"LVBE - Laboratoire Vigne, Biotechnologies, Environnement | Universit\u00e9 de Haute-Alsace\",\"description\":\"Campus Biop\u00f4le | Universit\u00e9 de Haute-Alsace\",\"potentialAction\":[{\"@type\":\"SearchAction\",\"target\":{\"@type\":\"EntryPoint\",\"urlTemplate\":\"https:\/\/www.lvbe.uha.fr\/?s={search_term_string}\"},\"query-input\":{\"@type\":\"PropertyValueSpecification\",\"valueRequired\":true,\"valueName\":\"search_term_string\"}}],\"inLanguage\":\"fr-FR\"}]}<\/script>\n<!-- \/ Yoast SEO plugin. -->","yoast_head_json":{"title":"\u00c9quipe - LVBE - Laboratoire Vigne, Biotechnologies, Environnement | Universit\u00e9 de Haute-Alsace","robots":{"index":"index","follow":"follow","max-snippet":"max-snippet:-1","max-image-preview":"max-image-preview:large","max-video-preview":"max-video-preview:-1"},"canonical":"https:\/\/www.lvbe.uha.fr\/index.php\/equipe\/","og_locale":"fr_FR","og_type":"article","og_title":"\u00c9quipe - LVBE - Laboratoire Vigne, Biotechnologies, Environnement | Universit\u00e9 de Haute-Alsace","og_description":"L\u2019ensemble des membres permanents du LVBE est constitu\u00e9 d\u2019enseignants-chercheurs, d\u2019un ing\u00e9nieur d&rsquo;\u00e9tude et d&rsquo;une technicienne appartenant \u00e0 l\u2019Universit\u00e9 de Haute-Alsace et l\u2019Universit\u00e9 de Strasbourg. Au 1er janvier 2019, le LVBE est compos\u00e9 de : 3 Professeurs, 3 Ma\u00eetres de Conf\u00e9rences ayant r\u00e9ussi leur habilitation \u00e0 diriger des recherches, 15 Ma\u00eetres de Conf\u00e9rences, 3 post-doctorants, 3 [&hellip;]","og_url":"https:\/\/www.lvbe.uha.fr\/index.php\/equipe\/","og_site_name":"LVBE - Laboratoire Vigne, Biotechnologies, Environnement | Universit\u00e9 de Haute-Alsace","article_modified_time":"2019-12-21T06:51:53+00:00","og_image":[{"width":2000,"height":1500,"url":"https:\/\/www.lvbe.uha.fr\/wp-content\/uploads\/2018\/04\/C9062FA0-3461-4BDC-9448-9E47AA8E92B8.jpeg","type":"image\/jpeg"}],"twitter_card":"summary_large_image","schema":{"@context":"https:\/\/schema.org","@graph":[{"@type":"WebPage","@id":"https:\/\/www.lvbe.uha.fr\/index.php\/equipe\/","url":"https:\/\/www.lvbe.uha.fr\/index.php\/equipe\/","name":"\u00c9quipe - LVBE - Laboratoire Vigne, Biotechnologies, Environnement | Universit\u00e9 de Haute-Alsace","isPartOf":{"@id":"https:\/\/www.lvbe.uha.fr\/#website"},"primaryImageOfPage":{"@id":"https:\/\/www.lvbe.uha.fr\/index.php\/equipe\/#primaryimage"},"image":{"@id":"https:\/\/www.lvbe.uha.fr\/index.php\/equipe\/#primaryimage"},"thumbnailUrl":"https:\/\/www.lvbe.uha.fr\/wp-content\/uploads\/2018\/04\/C9062FA0-3461-4BDC-9448-9E47AA8E92B8.jpeg","datePublished":"2018-04-04T07:56:14+00:00","dateModified":"2019-12-21T06:51:53+00:00","breadcrumb":{"@id":"https:\/\/www.lvbe.uha.fr\/index.php\/equipe\/#breadcrumb"},"inLanguage":"fr-FR","potentialAction":[{"@type":"ReadAction","target":["https:\/\/www.lvbe.uha.fr\/index.php\/equipe\/"]}]},{"@type":"ImageObject","inLanguage":"fr-FR","@id":"https:\/\/www.lvbe.uha.fr\/index.php\/equipe\/#primaryimage","url":"https:\/\/www.lvbe.uha.fr\/wp-content\/uploads\/2018\/04\/C9062FA0-3461-4BDC-9448-9E47AA8E92B8.jpeg","contentUrl":"https:\/\/www.lvbe.uha.fr\/wp-content\/uploads\/2018\/04\/C9062FA0-3461-4BDC-9448-9E47AA8E92B8.jpeg","width":2000,"height":1500,"caption":"Membres du LVBE 2018"},{"@type":"BreadcrumbList","@id":"https:\/\/www.lvbe.uha.fr\/index.php\/equipe\/#breadcrumb","itemListElement":[{"@type":"ListItem","position":1,"name":"Accueil","item":"https:\/\/www.lvbe.uha.fr\/"},{"@type":"ListItem","position":2,"name":"\u00c9quipe"}]},{"@type":"WebSite","@id":"https:\/\/www.lvbe.uha.fr\/#website","url":"https:\/\/www.lvbe.uha.fr\/","name":"LVBE - Laboratoire Vigne, Biotechnologies, Environnement | Universit\u00e9 de Haute-Alsace","description":"Campus Biop\u00f4le | Universit\u00e9 de Haute-Alsace","potentialAction":[{"@type":"SearchAction","target":{"@type":"EntryPoint","urlTemplate":"https:\/\/www.lvbe.uha.fr\/?s={search_term_string}"},"query-input":{"@type":"PropertyValueSpecification","valueRequired":true,"valueName":"search_term_string"}}],"inLanguage":"fr-FR"}]}},"_links":{"self":[{"href":"https:\/\/www.lvbe.uha.fr\/index.php\/wp-json\/wp\/v2\/pages\/15","targetHints":{"allow":["GET"]}}],"collection":[{"href":"https:\/\/www.lvbe.uha.fr\/index.php\/wp-json\/wp\/v2\/pages"}],"about":[{"href":"https:\/\/www.lvbe.uha.fr\/index.php\/wp-json\/wp\/v2\/types\/page"}],"author":[{"embeddable":true,"href":"https:\/\/www.lvbe.uha.fr\/index.php\/wp-json\/wp\/v2\/users\/2"}],"replies":[{"embeddable":true,"href":"https:\/\/www.lvbe.uha.fr\/index.php\/wp-json\/wp\/v2\/comments?post=15"}],"version-history":[{"count":82,"href":"https:\/\/www.lvbe.uha.fr\/index.php\/wp-json\/wp\/v2\/pages\/15\/revisions"}],"predecessor-version":[{"id":2565,"href":"https:\/\/www.lvbe.uha.fr\/index.php\/wp-json\/wp\/v2\/pages\/15\/revisions\/2565"}],"wp:featuredmedia":[{"embeddable":true,"href":"https:\/\/www.lvbe.uha.fr\/index.php\/wp-json\/wp\/v2\/media\/172"}],"wp:attachment":[{"href":"https:\/\/www.lvbe.uha.fr\/index.php\/wp-json\/wp\/v2\/media?parent=15"}],"curies":[{"name":"wp","href":"https:\/\/api.w.org\/{rel}","templated":true}]}}