{"id":144,"date":"2018-04-09T09:45:58","date_gmt":"2018-04-09T07:45:58","guid":{"rendered":"https:\/\/www.lvbe.uha.fr\/\/?page_id=144"},"modified":"2023-12-08T11:30:12","modified_gmt":"2023-12-08T10:30:12","slug":"lvbe","status":"publish","type":"page","link":"https:\/\/www.lvbe.uha.fr\/index.php\/lvbe\/","title":{"rendered":"LVBE"},"content":{"rendered":"<h2>Laboratoire Vigne Biotechnologies et Environnement<\/h2>\n<div class=\"su-row\">\n<div class=\"su-column su-column-size-1-3\"><div class=\"su-column-inner su-u-clearfix su-u-trim\">\n<p>Le Laboratoire Vigne Biotechnologies et Environnement (LVBE) EA-3991, de l&rsquo;Universit\u00e9 de Haute-Alsace, a <strong>pour principale orientation l&rsquo;ing\u00e9nierie agro-environnementale du vignoble.<\/strong> Le laboratoire f\u00e9d\u00e8re des <strong>enseignants-chercheurs<\/strong> dont les<strong> comp\u00e9tences sont reconnues<\/strong> dans les interactions <strong>Vigne \u2013 pathog\u00e8nes<\/strong>.<\/p>\n<p><img loading=\"lazy\" decoding=\"async\" class=\"aligncenter wp-image-28 size-large\" src=\"https:\/\/www.lvbe.uha.fr\/\/wp-content\/uploads\/2018\/04\/EA6204EF-539D-4E84-92AC-1D7A16E976EB-1024x425.jpeg\" alt=\"B\u00e2timent LVBE vue ouest\" width=\"750\" height=\"311\" srcset=\"https:\/\/www.lvbe.uha.fr\/wp-content\/uploads\/2018\/04\/EA6204EF-539D-4E84-92AC-1D7A16E976EB-1024x425.jpeg 1024w, https:\/\/www.lvbe.uha.fr\/wp-content\/uploads\/2018\/04\/EA6204EF-539D-4E84-92AC-1D7A16E976EB-300x125.jpeg 300w, https:\/\/www.lvbe.uha.fr\/wp-content\/uploads\/2018\/04\/EA6204EF-539D-4E84-92AC-1D7A16E976EB-768x319.jpeg 768w\" sizes=\"auto, (max-width: 750px) 100vw, 750px\" \/><br \/>\n<\/div><\/div>\n<div class=\"su-column su-column-size-2-3\"><div class=\"su-column-inner su-u-clearfix su-u-trim\">\n<p>Le LVBE a pour objectifs structuraux de :<\/p>\n<ul>\n<li>contribuer \u00e0 la structuration de l&rsquo;<strong>enseignement sup\u00e9rieur et de la recherche de l\u2019UHA<\/strong> en coh\u00e9rence avec les politiques du site Alsace, de la r\u00e9gion Grand-Est et du Rhin sup\u00e9rieur (ex. Campus europ\u00e9en),<\/li>\n<li>soutenir une <strong>dynamique<\/strong> de <strong>grands projets structurants de recherche,<\/strong><\/li>\n<li>d\u00e9velopper les<strong> liens avec les laboratoires en Sciences Exactes et Sciences Humaines et Sociales<\/strong>,<\/li>\n<li>concilier l&rsquo;<strong>excellence scientifique<\/strong> et la <strong>qualit\u00e9 p\u00e9dagogique<\/strong> de nos formations d&rsquo;appuis,<\/li>\n<li>d\u00e9finir des <strong>domaines d&rsquo;opportunit\u00e9s strat\u00e9giques<\/strong> avec la contribution active de nos financeurs (SATT Connectus, SEMIA, P\u00f4les de comp\u00e9titivit\u00e9, Fondation Partenariale de Haute-Alsace, etc&#8230;),<\/li>\n<li>encourager et renforcer la <strong>valorisation des r\u00e9sultats des recherches<\/strong> aupr\u00e8s des <strong>acteurs socio-\u00e9conomiques,<\/strong><\/li>\n<li>renforcer la\u00a0<strong> visibilit\u00e9 du laboratoire \u00e0 diff\u00e9rentes \u00e9chelles<\/strong> (r\u00e9gionale, nationale, mondiale),<\/li>\n<li><strong>d\u00e9velopper<\/strong> davantage les <strong>ressources propres du laboratoire<\/strong>.<\/li>\n<\/ul>\n<\/div><\/div>\n<\/div>\n<p><strong><br \/>\n<img loading=\"lazy\" decoding=\"async\" class=\"alignright size-large wp-image-3693\" src=\"https:\/\/www.lvbe.uha.fr\/wp-content\/uploads\/2022\/05\/786B181F-853E-4536-8F93-E975231804D0-1024x467.jpeg\" alt=\"Unit\u00e9 mixte de recherche Universitaire sur la Vigne et l\u2019\u0153nologie\" width=\"750\" height=\"342\" srcset=\"https:\/\/www.lvbe.uha.fr\/wp-content\/uploads\/2022\/05\/786B181F-853E-4536-8F93-E975231804D0-1024x467.jpeg 1024w, https:\/\/www.lvbe.uha.fr\/wp-content\/uploads\/2022\/05\/786B181F-853E-4536-8F93-E975231804D0-300x137.jpeg 300w, https:\/\/www.lvbe.uha.fr\/wp-content\/uploads\/2022\/05\/786B181F-853E-4536-8F93-E975231804D0-768x350.jpeg 768w, https:\/\/www.lvbe.uha.fr\/wp-content\/uploads\/2022\/05\/786B181F-853E-4536-8F93-E975231804D0-1536x700.jpeg 1536w, https:\/\/www.lvbe.uha.fr\/wp-content\/uploads\/2022\/05\/786B181F-853E-4536-8F93-E975231804D0-2048x933.jpeg 2048w\" sizes=\"auto, (max-width: 750px) 100vw, 750px\" \/>Historique<\/strong><\/p>\n<p>Le laboratoire de Biologie de l\u2019Universit\u00e9 de Haute-Alsace a <strong>\u00e9t\u00e9 cr\u00e9\u00e9 en 1996<\/strong> autour de la th\u00e9matique des levures \u0153nologiques. <strong>En 1999<\/strong>, le laboratoire <strong>s\u2019est diversifi\u00e9<\/strong> avec la cr\u00e9ation d\u2019une \u00e9quipe \u00ab Vigne et D\u00e9fenses \u00bb. <strong>En 2004<\/strong>, un nouveau b\u00e2timent a \u00e9t\u00e9 construit pour<strong> h\u00e9berger le laboratoire et les enseignements de la Licence et du Master en Agronomie et Agroalimentaire.<\/strong> La viticulture et l\u2019environnement \u00e9tant deux secteurs indissociables, le<strong> LVBE<\/strong> et l\u2019\u00e9quipe \u00ab D\u00e9pollution Biologique des Sols \u00bb (<strong>EDBS<\/strong>) se sont <strong>regroup\u00e9s en 2009<\/strong> pour <strong>cr\u00e9er une entit\u00e9 \u00e9tudiant le couple sol\/vigne<\/strong>. Le <strong>LVBE s\u2019est alors structur\u00e9 en trois \u00e9quipes<\/strong> : l\u2019\u00e9quipe \u00ab <b>Maladies Cryptogamiques et Vigne<\/b> \u00bb (MCV) qui se focalise sur les maladies du bois, l\u2019\u00e9quipe \u00ab <b>Stimulation des D\u00e9fenses de la Vigne<\/b> \u00bb (SDV) (anciennement \u00ab R\u00e9sistance d\u00e9riv\u00e9e du Pathog\u00e8ne \u00bb et l\u2019\u00e9quipe \u00ab <b>D\u00e9pollution Biologique des Sols<\/b> \u00bb (DBS) sp\u00e9cialiste de la bio- et phytorem\u00e9diation. <b>En 2015<\/b>, le laboratoire a mis toutes ses forces dans <strong>une seule th\u00e9matique\u00a0: la lutte contre le d\u00e9p\u00e9rissement de la vigne<\/strong>.<strong> En 2019<\/strong>, le laboratoire \u0153nologie et chimie appliqu\u00e9e (<strong>LOCA<\/strong>) <strong>de l\u2019Universit\u00e9 de Reims Champagne Ardenne<\/strong> a <strong>rejoint le LVBE<\/strong> apportant la th\u00e9matique <strong>\u0153nologique<\/strong> au sein de l\u2019unit\u00e9 afin d\u2019avoir <strong>une vision de la vigne au vin.<\/strong><\/p>\n<div class=\"su-box su-box-style-default\" id=\"\" style=\"border-color:#000000;border-radius:3px;max-width:none\"><div class=\"su-box-title\" style=\"background-color:#333333;color:#FFFFFF;border-top-left-radius:1px;border-top-right-radius:1px\">\u00c0 d\u00e9couvrir<\/div><div class=\"su-box-content su-u-clearfix su-u-trim\" style=\"border-bottom-left-radius:1px;border-bottom-right-radius:1px\">\n<ul>\n<li><a href=\"https:\/\/www.lvbe.uha.fr\/\/index.php\/lvbe\/organisation\/\">Organisation<\/a><\/li>\n<li><a href=\"https:\/\/www.lvbe.uha.fr\/\/index.php\/lvbe\/localisation\/\">Localisation<\/a><\/li>\n<li><a href=\"https:\/\/www.lvbe.uha.fr\/index.php\/plateforme\/\">Plateforme<\/a><\/li>\n<\/ul>\n<\/div><\/div>\n","protected":false},"excerpt":{"rendered":"<p>Laboratoire Vigne Biotechnologies et Environnement Historique Le laboratoire de Biologie de l\u2019Universit\u00e9 de Haute-Alsace a \u00e9t\u00e9 cr\u00e9\u00e9 en 1996 autour de la th\u00e9matique des levures \u0153nologiques. En 1999, le laboratoire s\u2019est diversifi\u00e9 avec la cr\u00e9ation d\u2019une \u00e9quipe \u00ab Vigne et D\u00e9fenses \u00bb. En 2004, un nouveau b\u00e2timent a \u00e9t\u00e9 construit pour h\u00e9berger le laboratoire et [&hellip;]<\/p>\n","protected":false},"author":2,"featured_media":0,"parent":0,"menu_order":1,"comment_status":"closed","ping_status":"closed","template":"","meta":{"footnotes":""},"class_list":["post-144","page","type-page","status-publish","hentry"],"yoast_head":"<!-- This site is optimized with the Yoast SEO plugin v27.4 - https:\/\/yoast.com\/product\/yoast-seo-wordpress\/ -->\n<title>LVBE - LVBE - Laboratoire Vigne, Biotechnologies, Environnement | Universit\u00e9 de Haute-Alsace<\/title>\n<meta name=\"robots\" content=\"index, follow, max-snippet:-1, max-image-preview:large, max-video-preview:-1\" \/>\n<link rel=\"canonical\" href=\"https:\/\/www.lvbe.uha.fr\/index.php\/lvbe\/\" \/>\n<meta property=\"og:locale\" content=\"fr_FR\" \/>\n<meta property=\"og:type\" content=\"article\" \/>\n<meta property=\"og:title\" content=\"LVBE - LVBE - Laboratoire Vigne, Biotechnologies, Environnement | Universit\u00e9 de Haute-Alsace\" \/>\n<meta property=\"og:description\" content=\"Laboratoire Vigne Biotechnologies et Environnement Historique Le laboratoire de Biologie de l\u2019Universit\u00e9 de Haute-Alsace a \u00e9t\u00e9 cr\u00e9\u00e9 en 1996 autour de la th\u00e9matique des levures \u0153nologiques. En 1999, le laboratoire s\u2019est diversifi\u00e9 avec la cr\u00e9ation d\u2019une \u00e9quipe \u00ab Vigne et D\u00e9fenses \u00bb. En 2004, un nouveau b\u00e2timent a \u00e9t\u00e9 construit pour h\u00e9berger le laboratoire et [&hellip;]\" \/>\n<meta property=\"og:url\" content=\"https:\/\/www.lvbe.uha.fr\/index.php\/lvbe\/\" \/>\n<meta property=\"og:site_name\" content=\"LVBE - Laboratoire Vigne, Biotechnologies, Environnement | Universit\u00e9 de Haute-Alsace\" \/>\n<meta property=\"article:modified_time\" content=\"2023-12-08T10:30:12+00:00\" \/>\n<meta property=\"og:image\" content=\"https:\/\/www.lvbe.uha.fr\/\/wp-content\/uploads\/2018\/04\/EA6204EF-539D-4E84-92AC-1D7A16E976EB-1024x425.jpeg\" \/>\n<meta name=\"twitter:card\" content=\"summary_large_image\" \/>\n<meta name=\"twitter:label1\" content=\"Dur\u00e9e de lecture estim\u00e9e\" \/>\n\t<meta name=\"twitter:data1\" content=\"3 minutes\" \/>\n<script type=\"application\/ld+json\" class=\"yoast-schema-graph\">{\"@context\":\"https:\\\/\\\/schema.org\",\"@graph\":[{\"@type\":\"WebPage\",\"@id\":\"https:\\\/\\\/www.lvbe.uha.fr\\\/index.php\\\/lvbe\\\/\",\"url\":\"https:\\\/\\\/www.lvbe.uha.fr\\\/index.php\\\/lvbe\\\/\",\"name\":\"LVBE - LVBE - Laboratoire Vigne, Biotechnologies, Environnement | Universit\u00e9 de Haute-Alsace\",\"isPartOf\":{\"@id\":\"https:\\\/\\\/www.lvbe.uha.fr\\\/#website\"},\"primaryImageOfPage\":{\"@id\":\"https:\\\/\\\/www.lvbe.uha.fr\\\/index.php\\\/lvbe\\\/#primaryimage\"},\"image\":{\"@id\":\"https:\\\/\\\/www.lvbe.uha.fr\\\/index.php\\\/lvbe\\\/#primaryimage\"},\"thumbnailUrl\":\"https:\\\/\\\/www.lvbe.uha.fr\\\/\\\/wp-content\\\/uploads\\\/2018\\\/04\\\/EA6204EF-539D-4E84-92AC-1D7A16E976EB-1024x425.jpeg\",\"datePublished\":\"2018-04-09T07:45:58+00:00\",\"dateModified\":\"2023-12-08T10:30:12+00:00\",\"breadcrumb\":{\"@id\":\"https:\\\/\\\/www.lvbe.uha.fr\\\/index.php\\\/lvbe\\\/#breadcrumb\"},\"inLanguage\":\"fr-FR\",\"potentialAction\":[{\"@type\":\"ReadAction\",\"target\":[\"https:\\\/\\\/www.lvbe.uha.fr\\\/index.php\\\/lvbe\\\/\"]}]},{\"@type\":\"ImageObject\",\"inLanguage\":\"fr-FR\",\"@id\":\"https:\\\/\\\/www.lvbe.uha.fr\\\/index.php\\\/lvbe\\\/#primaryimage\",\"url\":\"https:\\\/\\\/www.lvbe.uha.fr\\\/\\\/wp-content\\\/uploads\\\/2018\\\/04\\\/EA6204EF-539D-4E84-92AC-1D7A16E976EB-1024x425.jpeg\",\"contentUrl\":\"https:\\\/\\\/www.lvbe.uha.fr\\\/\\\/wp-content\\\/uploads\\\/2018\\\/04\\\/EA6204EF-539D-4E84-92AC-1D7A16E976EB-1024x425.jpeg\"},{\"@type\":\"BreadcrumbList\",\"@id\":\"https:\\\/\\\/www.lvbe.uha.fr\\\/index.php\\\/lvbe\\\/#breadcrumb\",\"itemListElement\":[{\"@type\":\"ListItem\",\"position\":1,\"name\":\"Accueil\",\"item\":\"https:\\\/\\\/www.lvbe.uha.fr\\\/\"},{\"@type\":\"ListItem\",\"position\":2,\"name\":\"LVBE\"}]},{\"@type\":\"WebSite\",\"@id\":\"https:\\\/\\\/www.lvbe.uha.fr\\\/#website\",\"url\":\"https:\\\/\\\/www.lvbe.uha.fr\\\/\",\"name\":\"LVBE - Laboratoire Vigne, Biotechnologies, Environnement | Universit\u00e9 de Haute-Alsace\",\"description\":\"Campus Biop\u00f4le | Universit\u00e9 de Haute-Alsace\",\"potentialAction\":[{\"@type\":\"SearchAction\",\"target\":{\"@type\":\"EntryPoint\",\"urlTemplate\":\"https:\\\/\\\/www.lvbe.uha.fr\\\/?s={search_term_string}\"},\"query-input\":{\"@type\":\"PropertyValueSpecification\",\"valueRequired\":true,\"valueName\":\"search_term_string\"}}],\"inLanguage\":\"fr-FR\"}]}<\/script>\n<!-- \/ Yoast SEO plugin. -->","yoast_head_json":{"title":"LVBE - LVBE - Laboratoire Vigne, Biotechnologies, Environnement | Universit\u00e9 de Haute-Alsace","robots":{"index":"index","follow":"follow","max-snippet":"max-snippet:-1","max-image-preview":"max-image-preview:large","max-video-preview":"max-video-preview:-1"},"canonical":"https:\/\/www.lvbe.uha.fr\/index.php\/lvbe\/","og_locale":"fr_FR","og_type":"article","og_title":"LVBE - LVBE - Laboratoire Vigne, Biotechnologies, Environnement | Universit\u00e9 de Haute-Alsace","og_description":"Laboratoire Vigne Biotechnologies et Environnement Historique Le laboratoire de Biologie de l\u2019Universit\u00e9 de Haute-Alsace a \u00e9t\u00e9 cr\u00e9\u00e9 en 1996 autour de la th\u00e9matique des levures \u0153nologiques. En 1999, le laboratoire s\u2019est diversifi\u00e9 avec la cr\u00e9ation d\u2019une \u00e9quipe \u00ab Vigne et D\u00e9fenses \u00bb. En 2004, un nouveau b\u00e2timent a \u00e9t\u00e9 construit pour h\u00e9berger le laboratoire et [&hellip;]","og_url":"https:\/\/www.lvbe.uha.fr\/index.php\/lvbe\/","og_site_name":"LVBE - Laboratoire Vigne, Biotechnologies, Environnement | Universit\u00e9 de Haute-Alsace","article_modified_time":"2023-12-08T10:30:12+00:00","og_image":[{"url":"https:\/\/www.lvbe.uha.fr\/\/wp-content\/uploads\/2018\/04\/EA6204EF-539D-4E84-92AC-1D7A16E976EB-1024x425.jpeg","type":"","width":"","height":""}],"twitter_card":"summary_large_image","twitter_misc":{"Dur\u00e9e de lecture estim\u00e9e":"3 minutes"},"schema":{"@context":"https:\/\/schema.org","@graph":[{"@type":"WebPage","@id":"https:\/\/www.lvbe.uha.fr\/index.php\/lvbe\/","url":"https:\/\/www.lvbe.uha.fr\/index.php\/lvbe\/","name":"LVBE - LVBE - Laboratoire Vigne, Biotechnologies, Environnement | Universit\u00e9 de Haute-Alsace","isPartOf":{"@id":"https:\/\/www.lvbe.uha.fr\/#website"},"primaryImageOfPage":{"@id":"https:\/\/www.lvbe.uha.fr\/index.php\/lvbe\/#primaryimage"},"image":{"@id":"https:\/\/www.lvbe.uha.fr\/index.php\/lvbe\/#primaryimage"},"thumbnailUrl":"https:\/\/www.lvbe.uha.fr\/\/wp-content\/uploads\/2018\/04\/EA6204EF-539D-4E84-92AC-1D7A16E976EB-1024x425.jpeg","datePublished":"2018-04-09T07:45:58+00:00","dateModified":"2023-12-08T10:30:12+00:00","breadcrumb":{"@id":"https:\/\/www.lvbe.uha.fr\/index.php\/lvbe\/#breadcrumb"},"inLanguage":"fr-FR","potentialAction":[{"@type":"ReadAction","target":["https:\/\/www.lvbe.uha.fr\/index.php\/lvbe\/"]}]},{"@type":"ImageObject","inLanguage":"fr-FR","@id":"https:\/\/www.lvbe.uha.fr\/index.php\/lvbe\/#primaryimage","url":"https:\/\/www.lvbe.uha.fr\/\/wp-content\/uploads\/2018\/04\/EA6204EF-539D-4E84-92AC-1D7A16E976EB-1024x425.jpeg","contentUrl":"https:\/\/www.lvbe.uha.fr\/\/wp-content\/uploads\/2018\/04\/EA6204EF-539D-4E84-92AC-1D7A16E976EB-1024x425.jpeg"},{"@type":"BreadcrumbList","@id":"https:\/\/www.lvbe.uha.fr\/index.php\/lvbe\/#breadcrumb","itemListElement":[{"@type":"ListItem","position":1,"name":"Accueil","item":"https:\/\/www.lvbe.uha.fr\/"},{"@type":"ListItem","position":2,"name":"LVBE"}]},{"@type":"WebSite","@id":"https:\/\/www.lvbe.uha.fr\/#website","url":"https:\/\/www.lvbe.uha.fr\/","name":"LVBE - Laboratoire Vigne, Biotechnologies, Environnement | Universit\u00e9 de Haute-Alsace","description":"Campus Biop\u00f4le | Universit\u00e9 de Haute-Alsace","potentialAction":[{"@type":"SearchAction","target":{"@type":"EntryPoint","urlTemplate":"https:\/\/www.lvbe.uha.fr\/?s={search_term_string}"},"query-input":{"@type":"PropertyValueSpecification","valueRequired":true,"valueName":"search_term_string"}}],"inLanguage":"fr-FR"}]}},"_links":{"self":[{"href":"https:\/\/www.lvbe.uha.fr\/index.php\/wp-json\/wp\/v2\/pages\/144","targetHints":{"allow":["GET"]}}],"collection":[{"href":"https:\/\/www.lvbe.uha.fr\/index.php\/wp-json\/wp\/v2\/pages"}],"about":[{"href":"https:\/\/www.lvbe.uha.fr\/index.php\/wp-json\/wp\/v2\/types\/page"}],"author":[{"embeddable":true,"href":"https:\/\/www.lvbe.uha.fr\/index.php\/wp-json\/wp\/v2\/users\/2"}],"replies":[{"embeddable":true,"href":"https:\/\/www.lvbe.uha.fr\/index.php\/wp-json\/wp\/v2\/comments?post=144"}],"version-history":[{"count":29,"href":"https:\/\/www.lvbe.uha.fr\/index.php\/wp-json\/wp\/v2\/pages\/144\/revisions"}],"predecessor-version":[{"id":4304,"href":"https:\/\/www.lvbe.uha.fr\/index.php\/wp-json\/wp\/v2\/pages\/144\/revisions\/4304"}],"wp:attachment":[{"href":"https:\/\/www.lvbe.uha.fr\/index.php\/wp-json\/wp\/v2\/media?parent=144"}],"curies":[{"name":"wp","href":"https:\/\/api.w.org\/{rel}","templated":true}]}}