{"id":117,"date":"2018-04-06T16:06:18","date_gmt":"2018-04-06T14:06:18","guid":{"rendered":"https:\/\/www.lvbe.uha.fr\/\/?page_id=117"},"modified":"2022-03-04T15:20:16","modified_gmt":"2022-03-04T14:20:16","slug":"dr-elodie-stempien-2","status":"publish","type":"page","link":"https:\/\/www.lvbe.uha.fr\/index.php\/equipe\/docteurs-es-sciences-formes-au-lvbe\/dr-elodie-stempien-2\/","title":{"rendered":"Dr. \u00c9lodie STEMPIEN"},"content":{"rendered":"<h2>L&rsquo;\u00e9tude de l&rsquo;interaction entre la vigne et les champignons associ\u00e9s au Botryosphaeria dieback : Compr\u00e9hension des m\u00e9canismes de d\u00e9fense induits et facteurs d&rsquo;agressivit\u00e9 des champignons<\/h2>\n<p>Th\u00e8se soutenue le 13 juillet 2017, \u00e0 Colmar<br \/>\nCo-directeurs de th\u00e8se : Pr. Christophe Bertsch et Pr. Julie Chong<\/p>\n<p>Les maladies du bois de la vigne, dont l&rsquo;Eutypa dieback, l&rsquo;esca et le Botryosphaeria dieback, sont provoqu\u00e9es par des complexes de champignons colonisant le xyl\u00e8me, et associ\u00e9s \u00e0 diff\u00e9rents sympt\u00f4mes conduisant \u00e0 la mort de la plante \u00e0 plus ou moins long terme. En l&rsquo;absence de traitements efficaces, ces maladies constituent un probl\u00e8me majeur pour la viticulture. De plus, les facteurs impliqu\u00e9s dans la progression et le d\u00e9veloppement de la maladie ne sont pas encore compl\u00e8tement identifi\u00e9s.<\/p>\n<p>Afin d&rsquo;avoir une meilleure compr\u00e9hension du B. dieback, nous avons \u00e9tudi\u00e9 les bases mol\u00e9culaires des interactions entre la vigne et les Botryosphaeriaceae, ainsi que les diff\u00e9rents facteurs de virulence impliqu\u00e9s dans l&rsquo;agressivit\u00e9 de ces champignons. Nous avons \u00e9tudi\u00e9 les r\u00e9ponses de d\u00e9fense de la vigne induites par les prot\u00e9ines purifi\u00e9es s\u00e9cr\u00e9t\u00e9es par <em>Neofusicoccum parvum<\/em> et par <em>Diplodia seriata<\/em>, les deux champignons majeurs associ\u00e9s au B. dieback, en utilisant des cellules en suspension de Vitis (<em>Vitis rupestris<\/em> et <em>Vitis vinifera<\/em> cv. Gewurztraminer) de sensibilit\u00e9 diff\u00e9rente. Puis, nous avons \u00e9valu\u00e9 les activit\u00e9s enzymatiques de d\u00e9gradation du bois de <em>N. parvum<\/em> et <em>D. seriata<\/em>, et nous avons \u00e9galement \u00e9tudi\u00e9 la capacit\u00e9 de ces champignons \u00e0 m\u00e9taboliser les principales phytoalexines de la vigne.<\/p>\n<p>Nos r\u00e9sultats montrent que les cellules de Vitis sont capables de d\u00e9tecter les prot\u00e9ines s\u00e9cr\u00e9t\u00e9es produites par les Botryosphaeriaceae, entra\u00eenant une alcalinisation rapide du milieu extracellulaire et la production de formes activ\u00e9es de l&rsquo;oxyg\u00e8ne. Les prot\u00e9ines de <em>N. parvum<\/em> induisent une r\u00e9ponse plus intense par rapport \u00e0 celles de <em>D. seriata<\/em>. Les r\u00e9ponses de d\u00e9fense pr\u00e9coces et tardives, c&rsquo;est-\u00e0-dire l&rsquo;alcalinisation du milieu extracellulaire, la mort cellulaire et l&rsquo;expression de g\u00e8nes de d\u00e9fense codant pour les prot\u00e9ines PR, sont plus fortes chez <em>V. rupestris<\/em> compar\u00e9 \u00e0 <em>V. vinifera<\/em>, \u00e0 l&rsquo;exception de la production de stilb\u00e8nes. Les prot\u00e9ines s\u00e9cr\u00e9t\u00e9es par les Botryosphaeriaceae d\u00e9clenchent une forte accumulation de \u03b4-vinif\u00e9rine dans les cellules en suspension de <em>V. vinifera<\/em>. Les tests d&rsquo;inoculation artificielle de<em> N. parvum<\/em> et <em>D. seriata<\/em> sur des sarments d\u00e9tach\u00e9s ont \u00e9galement montr\u00e9 que le d\u00e9veloppement des n\u00e9croses \u00e9tait r\u00e9duit chez <em>V. rupestris<\/em> par rapport \u00e0 <em>V. vinifera<\/em> cv. Gewurztraminer. Ceci pourrait \u00eatre li\u00e9 \u00e0 une induction plus efficace et plus rapide des r\u00e9ponses de d\u00e9fense chez <em>V. rupestris<\/em>, bien que ce ne soit pas suffisant pour inhiber compl\u00e8tement la progression des champignons.<\/p>\n<p>En outre, nos r\u00e9sultats d\u00e9montrent que les Botryosphaeriaceae sont caract\u00e9ris\u00e9s par des activit\u00e9s enzymatiques de d\u00e9gradation du bois diff\u00e9rentes, et ont la capacit\u00e9 de d\u00e9grader rapidement les stilb\u00e8nes. <em>N. parvum<\/em> est capable de d\u00e9grader les polysaccharides pari\u00e9taux, alors que <em>D. seriata<\/em> a une meilleure capacit\u00e9 de d\u00e9gradation de la lignine.<\/p>\n","protected":false},"excerpt":{"rendered":"<p>L&rsquo;\u00e9tude de l&rsquo;interaction entre la vigne et les champignons associ\u00e9s au Botryosphaeria dieback : Compr\u00e9hension des m\u00e9canismes de d\u00e9fense induits et facteurs d&rsquo;agressivit\u00e9 des champignons Th\u00e8se soutenue le 13 juillet 2017, \u00e0 Colmar Co-directeurs de th\u00e8se : Pr. Christophe Bertsch et Pr. Julie Chong Les maladies du bois de la vigne, dont l&rsquo;Eutypa dieback, l&rsquo;esca [&hellip;]<\/p>\n","protected":false},"author":2,"featured_media":0,"parent":1763,"menu_order":0,"comment_status":"closed","ping_status":"closed","template":"","meta":{"footnotes":""},"class_list":["post-117","page","type-page","status-publish","hentry"],"yoast_head":"<!-- This site is optimized with the Yoast SEO plugin v27.4 - https:\/\/yoast.com\/product\/yoast-seo-wordpress\/ -->\n<title>Dr. \u00c9lodie STEMPIEN - LVBE - Laboratoire Vigne, Biotechnologies, Environnement | Universit\u00e9 de Haute-Alsace<\/title>\n<meta name=\"robots\" content=\"index, follow, max-snippet:-1, max-image-preview:large, max-video-preview:-1\" \/>\n<link rel=\"canonical\" href=\"https:\/\/www.lvbe.uha.fr\/index.php\/equipe\/docteurs-es-sciences-formes-au-lvbe\/dr-elodie-stempien-2\/\" \/>\n<meta property=\"og:locale\" content=\"fr_FR\" \/>\n<meta property=\"og:type\" content=\"article\" \/>\n<meta property=\"og:title\" content=\"Dr. \u00c9lodie STEMPIEN - LVBE - Laboratoire Vigne, Biotechnologies, Environnement | Universit\u00e9 de Haute-Alsace\" \/>\n<meta property=\"og:description\" content=\"L&rsquo;\u00e9tude de l&rsquo;interaction entre la vigne et les champignons associ\u00e9s au Botryosphaeria dieback : Compr\u00e9hension des m\u00e9canismes de d\u00e9fense induits et facteurs d&rsquo;agressivit\u00e9 des champignons Th\u00e8se soutenue le 13 juillet 2017, \u00e0 Colmar Co-directeurs de th\u00e8se : Pr. Christophe Bertsch et Pr. Julie Chong Les maladies du bois de la vigne, dont l&rsquo;Eutypa dieback, l&rsquo;esca [&hellip;]\" \/>\n<meta property=\"og:url\" content=\"https:\/\/www.lvbe.uha.fr\/index.php\/equipe\/docteurs-es-sciences-formes-au-lvbe\/dr-elodie-stempien-2\/\" \/>\n<meta property=\"og:site_name\" content=\"LVBE - Laboratoire Vigne, Biotechnologies, Environnement | Universit\u00e9 de Haute-Alsace\" \/>\n<meta property=\"article:modified_time\" content=\"2022-03-04T14:20:16+00:00\" \/>\n<meta name=\"twitter:card\" content=\"summary_large_image\" \/>\n<meta name=\"twitter:label1\" content=\"Dur\u00e9e de lecture estim\u00e9e\" \/>\n\t<meta name=\"twitter:data1\" content=\"3 minutes\" \/>\n<script type=\"application\/ld+json\" class=\"yoast-schema-graph\">{\"@context\":\"https:\\\/\\\/schema.org\",\"@graph\":[{\"@type\":\"WebPage\",\"@id\":\"https:\\\/\\\/www.lvbe.uha.fr\\\/index.php\\\/equipe\\\/docteurs-es-sciences-formes-au-lvbe\\\/dr-elodie-stempien-2\\\/\",\"url\":\"https:\\\/\\\/www.lvbe.uha.fr\\\/index.php\\\/equipe\\\/docteurs-es-sciences-formes-au-lvbe\\\/dr-elodie-stempien-2\\\/\",\"name\":\"Dr. \u00c9lodie STEMPIEN - LVBE - Laboratoire Vigne, Biotechnologies, Environnement | Universit\u00e9 de Haute-Alsace\",\"isPartOf\":{\"@id\":\"https:\\\/\\\/www.lvbe.uha.fr\\\/#website\"},\"datePublished\":\"2018-04-06T14:06:18+00:00\",\"dateModified\":\"2022-03-04T14:20:16+00:00\",\"breadcrumb\":{\"@id\":\"https:\\\/\\\/www.lvbe.uha.fr\\\/index.php\\\/equipe\\\/docteurs-es-sciences-formes-au-lvbe\\\/dr-elodie-stempien-2\\\/#breadcrumb\"},\"inLanguage\":\"fr-FR\",\"potentialAction\":[{\"@type\":\"ReadAction\",\"target\":[\"https:\\\/\\\/www.lvbe.uha.fr\\\/index.php\\\/equipe\\\/docteurs-es-sciences-formes-au-lvbe\\\/dr-elodie-stempien-2\\\/\"]}]},{\"@type\":\"BreadcrumbList\",\"@id\":\"https:\\\/\\\/www.lvbe.uha.fr\\\/index.php\\\/equipe\\\/docteurs-es-sciences-formes-au-lvbe\\\/dr-elodie-stempien-2\\\/#breadcrumb\",\"itemListElement\":[{\"@type\":\"ListItem\",\"position\":1,\"name\":\"Accueil\",\"item\":\"https:\\\/\\\/www.lvbe.uha.fr\\\/\"},{\"@type\":\"ListItem\",\"position\":2,\"name\":\"\u00c9quipe\",\"item\":\"https:\\\/\\\/www.lvbe.uha.fr\\\/index.php\\\/equipe\\\/\"},{\"@type\":\"ListItem\",\"position\":3,\"name\":\"Docteurs \u00e8s sciences form\u00e9s au LVBE\",\"item\":\"https:\\\/\\\/www.lvbe.uha.fr\\\/index.php\\\/equipe\\\/docteurs-es-sciences-formes-au-lvbe\\\/\"},{\"@type\":\"ListItem\",\"position\":4,\"name\":\"Dr. \u00c9lodie STEMPIEN\"}]},{\"@type\":\"WebSite\",\"@id\":\"https:\\\/\\\/www.lvbe.uha.fr\\\/#website\",\"url\":\"https:\\\/\\\/www.lvbe.uha.fr\\\/\",\"name\":\"LVBE - Laboratoire Vigne, Biotechnologies, Environnement | Universit\u00e9 de Haute-Alsace\",\"description\":\"Campus Biop\u00f4le | Universit\u00e9 de Haute-Alsace\",\"potentialAction\":[{\"@type\":\"SearchAction\",\"target\":{\"@type\":\"EntryPoint\",\"urlTemplate\":\"https:\\\/\\\/www.lvbe.uha.fr\\\/?s={search_term_string}\"},\"query-input\":{\"@type\":\"PropertyValueSpecification\",\"valueRequired\":true,\"valueName\":\"search_term_string\"}}],\"inLanguage\":\"fr-FR\"}]}<\/script>\n<!-- \/ Yoast SEO plugin. -->","yoast_head_json":{"title":"Dr. \u00c9lodie STEMPIEN - LVBE - Laboratoire Vigne, Biotechnologies, Environnement | Universit\u00e9 de Haute-Alsace","robots":{"index":"index","follow":"follow","max-snippet":"max-snippet:-1","max-image-preview":"max-image-preview:large","max-video-preview":"max-video-preview:-1"},"canonical":"https:\/\/www.lvbe.uha.fr\/index.php\/equipe\/docteurs-es-sciences-formes-au-lvbe\/dr-elodie-stempien-2\/","og_locale":"fr_FR","og_type":"article","og_title":"Dr. \u00c9lodie STEMPIEN - LVBE - Laboratoire Vigne, Biotechnologies, Environnement | Universit\u00e9 de Haute-Alsace","og_description":"L&rsquo;\u00e9tude de l&rsquo;interaction entre la vigne et les champignons associ\u00e9s au Botryosphaeria dieback : Compr\u00e9hension des m\u00e9canismes de d\u00e9fense induits et facteurs d&rsquo;agressivit\u00e9 des champignons Th\u00e8se soutenue le 13 juillet 2017, \u00e0 Colmar Co-directeurs de th\u00e8se : Pr. Christophe Bertsch et Pr. Julie Chong Les maladies du bois de la vigne, dont l&rsquo;Eutypa dieback, l&rsquo;esca [&hellip;]","og_url":"https:\/\/www.lvbe.uha.fr\/index.php\/equipe\/docteurs-es-sciences-formes-au-lvbe\/dr-elodie-stempien-2\/","og_site_name":"LVBE - Laboratoire Vigne, Biotechnologies, Environnement | Universit\u00e9 de Haute-Alsace","article_modified_time":"2022-03-04T14:20:16+00:00","twitter_card":"summary_large_image","twitter_misc":{"Dur\u00e9e de lecture estim\u00e9e":"3 minutes"},"schema":{"@context":"https:\/\/schema.org","@graph":[{"@type":"WebPage","@id":"https:\/\/www.lvbe.uha.fr\/index.php\/equipe\/docteurs-es-sciences-formes-au-lvbe\/dr-elodie-stempien-2\/","url":"https:\/\/www.lvbe.uha.fr\/index.php\/equipe\/docteurs-es-sciences-formes-au-lvbe\/dr-elodie-stempien-2\/","name":"Dr. \u00c9lodie STEMPIEN - LVBE - Laboratoire Vigne, Biotechnologies, Environnement | Universit\u00e9 de Haute-Alsace","isPartOf":{"@id":"https:\/\/www.lvbe.uha.fr\/#website"},"datePublished":"2018-04-06T14:06:18+00:00","dateModified":"2022-03-04T14:20:16+00:00","breadcrumb":{"@id":"https:\/\/www.lvbe.uha.fr\/index.php\/equipe\/docteurs-es-sciences-formes-au-lvbe\/dr-elodie-stempien-2\/#breadcrumb"},"inLanguage":"fr-FR","potentialAction":[{"@type":"ReadAction","target":["https:\/\/www.lvbe.uha.fr\/index.php\/equipe\/docteurs-es-sciences-formes-au-lvbe\/dr-elodie-stempien-2\/"]}]},{"@type":"BreadcrumbList","@id":"https:\/\/www.lvbe.uha.fr\/index.php\/equipe\/docteurs-es-sciences-formes-au-lvbe\/dr-elodie-stempien-2\/#breadcrumb","itemListElement":[{"@type":"ListItem","position":1,"name":"Accueil","item":"https:\/\/www.lvbe.uha.fr\/"},{"@type":"ListItem","position":2,"name":"\u00c9quipe","item":"https:\/\/www.lvbe.uha.fr\/index.php\/equipe\/"},{"@type":"ListItem","position":3,"name":"Docteurs \u00e8s sciences form\u00e9s au LVBE","item":"https:\/\/www.lvbe.uha.fr\/index.php\/equipe\/docteurs-es-sciences-formes-au-lvbe\/"},{"@type":"ListItem","position":4,"name":"Dr. \u00c9lodie STEMPIEN"}]},{"@type":"WebSite","@id":"https:\/\/www.lvbe.uha.fr\/#website","url":"https:\/\/www.lvbe.uha.fr\/","name":"LVBE - Laboratoire Vigne, Biotechnologies, Environnement | Universit\u00e9 de Haute-Alsace","description":"Campus Biop\u00f4le | Universit\u00e9 de Haute-Alsace","potentialAction":[{"@type":"SearchAction","target":{"@type":"EntryPoint","urlTemplate":"https:\/\/www.lvbe.uha.fr\/?s={search_term_string}"},"query-input":{"@type":"PropertyValueSpecification","valueRequired":true,"valueName":"search_term_string"}}],"inLanguage":"fr-FR"}]}},"_links":{"self":[{"href":"https:\/\/www.lvbe.uha.fr\/index.php\/wp-json\/wp\/v2\/pages\/117","targetHints":{"allow":["GET"]}}],"collection":[{"href":"https:\/\/www.lvbe.uha.fr\/index.php\/wp-json\/wp\/v2\/pages"}],"about":[{"href":"https:\/\/www.lvbe.uha.fr\/index.php\/wp-json\/wp\/v2\/types\/page"}],"author":[{"embeddable":true,"href":"https:\/\/www.lvbe.uha.fr\/index.php\/wp-json\/wp\/v2\/users\/2"}],"replies":[{"embeddable":true,"href":"https:\/\/www.lvbe.uha.fr\/index.php\/wp-json\/wp\/v2\/comments?post=117"}],"version-history":[{"count":8,"href":"https:\/\/www.lvbe.uha.fr\/index.php\/wp-json\/wp\/v2\/pages\/117\/revisions"}],"predecessor-version":[{"id":3598,"href":"https:\/\/www.lvbe.uha.fr\/index.php\/wp-json\/wp\/v2\/pages\/117\/revisions\/3598"}],"up":[{"embeddable":true,"href":"https:\/\/www.lvbe.uha.fr\/index.php\/wp-json\/wp\/v2\/pages\/1763"}],"wp:attachment":[{"href":"https:\/\/www.lvbe.uha.fr\/index.php\/wp-json\/wp\/v2\/media?parent=117"}],"curies":[{"name":"wp","href":"https:\/\/api.w.org\/{rel}","templated":true}]}}