{"id":1158,"date":"2018-04-18T11:42:04","date_gmt":"2018-04-18T09:42:04","guid":{"rendered":"https:\/\/www.lvbe.uha.fr\/\/?page_id=1158"},"modified":"2020-12-02T19:01:45","modified_gmt":"2020-12-02T18:01:45","slug":"dr-awatef-rezgui","status":"publish","type":"page","link":"https:\/\/www.lvbe.uha.fr\/index.php\/equipe\/chercheurs-venus-collaborer-au-lvbe\/dr-awatef-rezgui\/","title":{"rendered":"Dr. Awatef REZGUI"},"content":{"rendered":"<p>Post-doctorante au LVBE en 2018<\/p>\n<p>Chair industrielle ANR\/Hennessy<\/p>\n<p>Docteur en Biologie (Tunisie) et \u00c9cologie \u00e9volutive, fonctionnelle et des communaut\u00e9s (France)<\/p>\n<div class=\"su-row\">\n<div class=\"su-column su-column-size-1-2\"><div class=\"su-column-inner su-u-clearfix su-u-trim\">\n<h2>Exp\u00e9riences en recherche<\/h2>\n<div class=\"su-accordion su-u-trim\">\n<div class=\"su-spoiler su-spoiler-style-default su-spoiler-icon-plus su-spoiler-closed\" data-scroll-offset=\"0\" data-anchor-in-url=\"no\"><div class=\"su-spoiler-title\" tabindex=\"0\" role=\"button\"><span class=\"su-spoiler-icon\"><\/span>2018-pr\u00e9sent<\/div><div class=\"su-spoiler-content su-u-clearfix su-u-trim\">\n<p>LVBE _E33<\/p>\n<\/div><\/div>\n<div class=\"su-spoiler su-spoiler-style-default su-spoiler-icon-plus su-spoiler-closed\" data-scroll-offset=\"0\" data-anchor-in-url=\"no\"><div class=\"su-spoiler-title\" tabindex=\"0\" role=\"button\"><span class=\"su-spoiler-icon\"><\/span>2017-2018<\/div><div class=\"su-spoiler-content su-u-clearfix su-u-trim\">\n<p>UMR 1065 Sant\u00e9 et Agro\u00e9cologie du Vignoble (SAVE)\/ INRA Bordeaux.<br \/>\nPost doctorat<\/p>\n<\/div><\/div>\n<div class=\"su-spoiler su-spoiler-style-default su-spoiler-icon-plus su-spoiler-closed\" data-scroll-offset=\"0\" data-anchor-in-url=\"no\"><div class=\"su-spoiler-title\" tabindex=\"0\" role=\"button\"><span class=\"su-spoiler-icon\"><\/span>2013-2016<\/div><div class=\"su-spoiler-content su-u-clearfix su-u-trim\">\n<p>UMR 1065 Sant\u00e9 et Agro\u00e9cologie du Vignoble (SAVE)\/ INRA Bordeaux<br \/>\nTh\u00e8se de doctorat :<strong> \u00ab\u00a0\u00c9tude de la microflore colonisant les baies et le bois des ceps de vigne : Int\u00e9r\u00eat pour le d\u00e9veloppement d\u2019agents de contr\u00f4le biologique contre la pourriture acide et l\u2019esca\u00a0\u00bb<\/strong><br \/>\nDirection : Patrice REY et Najla SADFI-ZOUAOUI<\/p>\n<\/div><\/div>\n<div class=\"su-spoiler su-spoiler-style-default su-spoiler-icon-plus su-spoiler-closed\" data-scroll-offset=\"0\" data-anchor-in-url=\"no\"><div class=\"su-spoiler-title\" tabindex=\"0\" role=\"button\"><span class=\"su-spoiler-icon\"><\/span>2012<\/div><div class=\"su-spoiler-content su-u-clearfix su-u-trim\">\n<p>Laboratoire Micro-organismes et biomol\u00e9cules actives\/ Facult\u00e9 des Sciences de Tunis El Manar, Tunisie<br \/>\nProjet de fin d\u2019\u00e9tudes master de recherche : \u00ab\u00a0Activit\u00e9s antifongiques des bact\u00e9ries halophiles et effets sur l\u2019induction de la r\u00e9sistance chez la tomate\u00a0\u00bb<br \/>\nEncadrement : Pr. Najla SADFI-ZOUAOUI<\/p>\n<\/div><\/div>\n<div class=\"su-spoiler su-spoiler-style-default su-spoiler-icon-plus su-spoiler-closed\" data-scroll-offset=\"0\" data-anchor-in-url=\"no\"><div class=\"su-spoiler-title\" tabindex=\"0\" role=\"button\"><span class=\"su-spoiler-icon\"><\/span>2011<\/div><div class=\"su-spoiler-content su-u-clearfix su-u-trim\">\n<p>Laboratoire bact\u00e9riologie \u00e0 l\u2019H\u00f4pital des enfants de Tunis, Tunisie. Stage d\u2019\u00e9t\u00e9<\/p>\n<\/div><\/div>\n<div class=\"su-spoiler su-spoiler-style-default su-spoiler-icon-plus su-spoiler-closed\" data-scroll-offset=\"0\" data-anchor-in-url=\"no\"><div class=\"su-spoiler-title\" tabindex=\"0\" role=\"button\"><span class=\"su-spoiler-icon\"><\/span>2009<\/div><div class=\"su-spoiler-content su-u-clearfix su-u-trim\">\n<p>Laboratoire d\u2019immunoh\u00e9matologie du Centre national de transfusion sanguine de Tunis. Stage d\u2019\u00e9t\u00e9.<\/p>\n<\/div><\/div>\n<div class=\"su-spoiler su-spoiler-style-default su-spoiler-icon-plus su-spoiler-closed\" data-scroll-offset=\"0\" data-anchor-in-url=\"no\"><div class=\"su-spoiler-title\" tabindex=\"0\" role=\"button\"><span class=\"su-spoiler-icon\"><\/span>2008<\/div><div class=\"su-spoiler-content su-u-clearfix su-u-trim\">\n<p>Laboratoire de microbiologie du Laboratoire central d\u2019analyse et d\u2019essai de Tunis. Stage d\u2019\u00e9t\u00e9.<\/p>\n<\/div><\/div>\n<\/div>\n<\/div><\/div>\n<div class=\"su-column su-column-size-1-2\"><div class=\"su-column-inner su-u-clearfix su-u-trim\">\n<h2>Formations dipl\u00f4mantes<\/h2>\n<div class=\"su-accordion su-u-trim\">\n<div class=\"su-spoiler su-spoiler-style-default su-spoiler-icon-plus su-spoiler-closed\" data-scroll-offset=\"0\" data-anchor-in-url=\"no\"><div class=\"su-spoiler-title\" tabindex=\"0\" role=\"button\"><span class=\"su-spoiler-icon\"><\/span>D\u00e9cembre-2016<\/div><div class=\"su-spoiler-content su-u-clearfix su-u-trim\">\n<p>Doctorat en cotutelle international entre l\u2019Universit\u00e9 de Tunis El Manar et l\u2019Universit\u00e9 de Bordeaux :<br \/>\n\u00ab\u00a0<em>\u00c9tude de la microflore colonisant les baies et le bois des ceps de vigne : Int\u00e9r\u00eat pour le d\u00e9veloppement d\u2019agents de contr\u00f4le biologique contre la pourriture acide et l\u2019esca<\/em>\u00ab\u00a0<br \/>\n<strong>Mention tr\u00e8s honorable.<\/strong><\/p>\n<\/div><\/div>\n<div class=\"su-spoiler su-spoiler-style-default su-spoiler-icon-plus su-spoiler-closed\" data-scroll-offset=\"0\" data-anchor-in-url=\"no\"><div class=\"su-spoiler-title\" tabindex=\"0\" role=\"button\"><span class=\"su-spoiler-icon\"><\/span>2012<\/div><div class=\"su-spoiler-content su-u-clearfix su-u-trim\">\n<p>Master de recherche en Microbiologie et \u00c9pid\u00e9miologie mol\u00e9culaire<br \/>\n<strong>Mention bien.<\/strong><\/p>\n<\/div><\/div>\n<div class=\"su-spoiler su-spoiler-style-default su-spoiler-icon-plus su-spoiler-closed\" data-scroll-offset=\"0\" data-anchor-in-url=\"no\"><div class=\"su-spoiler-title\" tabindex=\"0\" role=\"button\"><span class=\"su-spoiler-icon\"><\/span>2010<\/div><div class=\"su-spoiler-content su-u-clearfix su-u-trim\">\n<p>Dipl\u00f4me National en Sciences du vivant<br \/>\n<strong>Mention tr\u00e8s bien<\/strong><\/p>\n<\/div><\/div>\n<div class=\"su-spoiler su-spoiler-style-default su-spoiler-icon-plus su-spoiler-closed\" data-scroll-offset=\"0\" data-anchor-in-url=\"no\"><div class=\"su-spoiler-title\" tabindex=\"0\" role=\"button\"><span class=\"su-spoiler-icon\"><\/span>2007<\/div><div class=\"su-spoiler-content su-u-clearfix su-u-trim\">\n<p>Baccalaur\u00e9at \u00ab section Math\u00e9matiques \u00bb<br \/>\n<strong>Mention assez bien<\/strong><\/p>\n<\/div><\/div>\n<\/div>\n<\/div><\/div>\n<\/div>\n<div class=\"su-row\">\n<div class=\"su-column su-column-size-1-2\"><div class=\"su-column-inner su-u-clearfix su-u-trim\">\n<h2>Comp\u00e9tences<\/h2>\n<p><strong>Biologie mol\u00e9culaire<\/strong> : Extraction d\u2019ADN par m\u00e9thode classique et Kit universel (Spin Plant mini Kit) \u00e0 partir des souches pures (bact\u00e9ries, champignons, levures), et des diff\u00e9rents compartiments de la vigne (feuilles, racine, baies, \u00e9corces, tissues ligneux,\u2026) \/ PCR classique \/ \u00c9tude de la microflore indig\u00e8ne des ceps de vignes par technique d\u2019empreinte mol\u00e9culaire SSCP (Single Strand Polymorphism) et par s\u00e9quen\u00e7age haut d\u00e9bit (Illumina et Pyros\u00e9quen\u00e7age 454) \/ Migrations de produits PCR et ADN sur gels d\u2019agarose.<\/p>\n<p><strong>Phytopathologie<\/strong> : Prospection sur terrain \/ Travail en serre \/ Protection des plantes avec des agents de lutte biologique \/ \u00c9tude de l\u2019induction de la r\u00e9sistance chez la plante \/ Essai de protection in planta \/ Mise en place d\u2019un protocole exp\u00e9rimental.<\/p>\n<p><strong>Microbiologie<\/strong> : Pr\u00e9paration des milieux de culture \/ Travail en conditions ax\u00e9niques \/ Repiquage et purification des micro-organismes (bact\u00e9ries, champignons, levures) \/ Coloration Gram \/ Caract\u00e9risation de souches fongiques et bact\u00e9riennes par microscope optique, D\u00e9nombrement des bact\u00e9ries \/ Contr\u00f4le qualit\u00e9 des produits cosm\u00e9tiques et agroalimentaires \/ Manipulation des plaques Biolog, plaque Api \/ D\u00e9tection de compos\u00e9s volatils.<\/p>\n<p><strong>Informatique <\/strong>: Bioinformatique (Analyse et gestion de s\u00e9quences, Blast) \/ Statistiques avec R \/ ma\u00eetrise de l\u2019environnement Office.<\/p>\n<p><strong>Comp\u00e9tences transversales<\/strong> : Travail en \u00e9quipe \/ organisation, sens de priorit\u00e9 \/ bonne communication \/ autonomie,&#8230;<\/p>\n<p><strong>Langues<\/strong> : Arabe (langue maternelle) \/ Ma\u00eetrise du Fran\u00e7ais et de l\u2019Anglais scientifique \/ Notions d\u2019Espagnol.<\/p>\n<\/div><\/div>\n<div class=\"su-column su-column-size-1-2\"><div class=\"su-column-inner su-u-clearfix su-u-trim\">\n<h2>Enseignement et encadrement<\/h2>\n<div class=\"su-accordion su-u-trim\">\n<div class=\"su-spoiler su-spoiler-style-default su-spoiler-icon-plus su-spoiler-closed\" data-scroll-offset=\"0\" data-anchor-in-url=\"no\"><div class=\"su-spoiler-title\" tabindex=\"0\" role=\"button\"><span class=\"su-spoiler-icon\"><\/span>2013-2014<\/div><div class=\"su-spoiler-content su-u-clearfix su-u-trim\">\n<p>Enseignement sous forme de Travaux pratiques de Mycologie Mol\u00e9culaire (analyse ph\u00e9notypique et mol\u00e9culaire des champignons pathog\u00e8nes de la vigne) \u00e0 raison de 3 s\u00e9ances de 3 h destin\u00e9es aux \u00e9tudiants inscrits en 2<sup>\u00e8me<\/sup> ann\u00e9e de Master de Microbiologie et \u00c9pid\u00e9miologie Mol\u00e9culaire.<\/p>\n<\/div><\/div>\n<div class=\"su-spoiler su-spoiler-style-default su-spoiler-icon-plus su-spoiler-closed\" data-scroll-offset=\"0\" data-anchor-in-url=\"no\"><div class=\"su-spoiler-title\" tabindex=\"0\" role=\"button\"><span class=\"su-spoiler-icon\"><\/span>2015<\/div><div class=\"su-spoiler-content su-u-clearfix su-u-trim\">\n<p>Supervision du stage de Latifa DARNAOUI (2<sup>\u00e8me<\/sup> ann\u00e9e Master professionnel en Hygi\u00e8ne et S\u00e9curit\u00e9 Appliqu\u00e9es).<\/p>\n<\/div><\/div>\n<div class=\"su-spoiler su-spoiler-style-default su-spoiler-icon-plus su-spoiler-closed\" data-scroll-offset=\"0\" data-anchor-in-url=\"no\"><div class=\"su-spoiler-title\" tabindex=\"0\" role=\"button\"><span class=\"su-spoiler-icon\"><\/span>2014<\/div><div class=\"su-spoiler-content su-u-clearfix su-u-trim\">\n<p>Supervision du stage du Projet de fin d\u2019\u00e9tudes, ISSBAT de Souha BEN KHALIFA.<\/p>\n<\/div><\/div>\n<div class=\"su-spoiler su-spoiler-style-default su-spoiler-icon-plus su-spoiler-closed\" data-scroll-offset=\"0\" data-anchor-in-url=\"no\"><div class=\"su-spoiler-title\" tabindex=\"0\" role=\"button\"><span class=\"su-spoiler-icon\"><\/span>2013<\/div><div class=\"su-spoiler-content su-u-clearfix su-u-trim\">\n<p>Supervision du stage d\u2019Ines KHAROUBI (2<sup>\u00e8me<\/sup> ann\u00e9e de Mast\u00e8re de microbiologie).<\/p>\n<\/div><\/div>\n<\/div>\n<h2>Centres d\u2019int\u00e9r\u00eat<\/h2>\n<p>Musique, Cin\u00e9ma, Th\u00e9\u00e2tre, Cuisine, Voyages, Sports (Karat\u00e9).<\/p>\n<\/div><\/div>\n<\/div>\n","protected":false},"excerpt":{"rendered":"<p>Post-doctorante au LVBE en 2018 Chair industrielle ANR\/Hennessy Docteur en Biologie (Tunisie) et \u00c9cologie \u00e9volutive, fonctionnelle et des communaut\u00e9s (France)<\/p>\n","protected":false},"author":2,"featured_media":0,"parent":2537,"menu_order":0,"comment_status":"closed","ping_status":"closed","template":"","meta":{"footnotes":""},"class_list":["post-1158","page","type-page","status-publish","hentry"],"yoast_head":"<!-- This site is optimized with the Yoast SEO plugin v27.4 - https:\/\/yoast.com\/product\/yoast-seo-wordpress\/ -->\n<title>Dr. Awatef REZGUI - LVBE - Laboratoire Vigne, Biotechnologies, Environnement | Universit\u00e9 de Haute-Alsace<\/title>\n<meta name=\"robots\" content=\"index, follow, max-snippet:-1, max-image-preview:large, max-video-preview:-1\" \/>\n<link rel=\"canonical\" href=\"https:\/\/www.lvbe.uha.fr\/index.php\/equipe\/chercheurs-venus-collaborer-au-lvbe\/dr-awatef-rezgui\/\" \/>\n<meta property=\"og:locale\" content=\"fr_FR\" \/>\n<meta property=\"og:type\" content=\"article\" \/>\n<meta property=\"og:title\" content=\"Dr. Awatef REZGUI - LVBE - Laboratoire Vigne, Biotechnologies, Environnement | Universit\u00e9 de Haute-Alsace\" \/>\n<meta property=\"og:description\" content=\"Post-doctorante au LVBE en 2018 Chair industrielle ANR\/Hennessy Docteur en Biologie (Tunisie) et \u00c9cologie \u00e9volutive, fonctionnelle et des communaut\u00e9s (France)\" \/>\n<meta property=\"og:url\" content=\"https:\/\/www.lvbe.uha.fr\/index.php\/equipe\/chercheurs-venus-collaborer-au-lvbe\/dr-awatef-rezgui\/\" \/>\n<meta property=\"og:site_name\" content=\"LVBE - Laboratoire Vigne, Biotechnologies, Environnement | Universit\u00e9 de Haute-Alsace\" \/>\n<meta property=\"article:modified_time\" content=\"2020-12-02T18:01:45+00:00\" \/>\n<meta name=\"twitter:card\" content=\"summary_large_image\" \/>\n<meta name=\"twitter:label1\" content=\"Dur\u00e9e de lecture estim\u00e9e\" \/>\n\t<meta name=\"twitter:data1\" content=\"4 minutes\" \/>\n<script type=\"application\/ld+json\" class=\"yoast-schema-graph\">{\"@context\":\"https:\\\/\\\/schema.org\",\"@graph\":[{\"@type\":\"WebPage\",\"@id\":\"https:\\\/\\\/www.lvbe.uha.fr\\\/index.php\\\/equipe\\\/chercheurs-venus-collaborer-au-lvbe\\\/dr-awatef-rezgui\\\/\",\"url\":\"https:\\\/\\\/www.lvbe.uha.fr\\\/index.php\\\/equipe\\\/chercheurs-venus-collaborer-au-lvbe\\\/dr-awatef-rezgui\\\/\",\"name\":\"Dr. Awatef REZGUI - LVBE - Laboratoire Vigne, Biotechnologies, Environnement | Universit\u00e9 de Haute-Alsace\",\"isPartOf\":{\"@id\":\"https:\\\/\\\/www.lvbe.uha.fr\\\/#website\"},\"datePublished\":\"2018-04-18T09:42:04+00:00\",\"dateModified\":\"2020-12-02T18:01:45+00:00\",\"breadcrumb\":{\"@id\":\"https:\\\/\\\/www.lvbe.uha.fr\\\/index.php\\\/equipe\\\/chercheurs-venus-collaborer-au-lvbe\\\/dr-awatef-rezgui\\\/#breadcrumb\"},\"inLanguage\":\"fr-FR\",\"potentialAction\":[{\"@type\":\"ReadAction\",\"target\":[\"https:\\\/\\\/www.lvbe.uha.fr\\\/index.php\\\/equipe\\\/chercheurs-venus-collaborer-au-lvbe\\\/dr-awatef-rezgui\\\/\"]}]},{\"@type\":\"BreadcrumbList\",\"@id\":\"https:\\\/\\\/www.lvbe.uha.fr\\\/index.php\\\/equipe\\\/chercheurs-venus-collaborer-au-lvbe\\\/dr-awatef-rezgui\\\/#breadcrumb\",\"itemListElement\":[{\"@type\":\"ListItem\",\"position\":1,\"name\":\"Accueil\",\"item\":\"https:\\\/\\\/www.lvbe.uha.fr\\\/\"},{\"@type\":\"ListItem\",\"position\":2,\"name\":\"\u00c9quipe\",\"item\":\"https:\\\/\\\/www.lvbe.uha.fr\\\/index.php\\\/equipe\\\/\"},{\"@type\":\"ListItem\",\"position\":3,\"name\":\"Chercheurs venus collaborer au LVBE\",\"item\":\"https:\\\/\\\/www.lvbe.uha.fr\\\/index.php\\\/equipe\\\/chercheurs-venus-collaborer-au-lvbe\\\/\"},{\"@type\":\"ListItem\",\"position\":4,\"name\":\"Dr. Awatef REZGUI\"}]},{\"@type\":\"WebSite\",\"@id\":\"https:\\\/\\\/www.lvbe.uha.fr\\\/#website\",\"url\":\"https:\\\/\\\/www.lvbe.uha.fr\\\/\",\"name\":\"LVBE - Laboratoire Vigne, Biotechnologies, Environnement | Universit\u00e9 de Haute-Alsace\",\"description\":\"Campus Biop\u00f4le | Universit\u00e9 de Haute-Alsace\",\"potentialAction\":[{\"@type\":\"SearchAction\",\"target\":{\"@type\":\"EntryPoint\",\"urlTemplate\":\"https:\\\/\\\/www.lvbe.uha.fr\\\/?s={search_term_string}\"},\"query-input\":{\"@type\":\"PropertyValueSpecification\",\"valueRequired\":true,\"valueName\":\"search_term_string\"}}],\"inLanguage\":\"fr-FR\"}]}<\/script>\n<!-- \/ Yoast SEO plugin. -->","yoast_head_json":{"title":"Dr. Awatef REZGUI - LVBE - Laboratoire Vigne, Biotechnologies, Environnement | Universit\u00e9 de Haute-Alsace","robots":{"index":"index","follow":"follow","max-snippet":"max-snippet:-1","max-image-preview":"max-image-preview:large","max-video-preview":"max-video-preview:-1"},"canonical":"https:\/\/www.lvbe.uha.fr\/index.php\/equipe\/chercheurs-venus-collaborer-au-lvbe\/dr-awatef-rezgui\/","og_locale":"fr_FR","og_type":"article","og_title":"Dr. Awatef REZGUI - LVBE - Laboratoire Vigne, Biotechnologies, Environnement | Universit\u00e9 de Haute-Alsace","og_description":"Post-doctorante au LVBE en 2018 Chair industrielle ANR\/Hennessy Docteur en Biologie (Tunisie) et \u00c9cologie \u00e9volutive, fonctionnelle et des communaut\u00e9s (France)","og_url":"https:\/\/www.lvbe.uha.fr\/index.php\/equipe\/chercheurs-venus-collaborer-au-lvbe\/dr-awatef-rezgui\/","og_site_name":"LVBE - Laboratoire Vigne, Biotechnologies, Environnement | Universit\u00e9 de Haute-Alsace","article_modified_time":"2020-12-02T18:01:45+00:00","twitter_card":"summary_large_image","twitter_misc":{"Dur\u00e9e de lecture estim\u00e9e":"4 minutes"},"schema":{"@context":"https:\/\/schema.org","@graph":[{"@type":"WebPage","@id":"https:\/\/www.lvbe.uha.fr\/index.php\/equipe\/chercheurs-venus-collaborer-au-lvbe\/dr-awatef-rezgui\/","url":"https:\/\/www.lvbe.uha.fr\/index.php\/equipe\/chercheurs-venus-collaborer-au-lvbe\/dr-awatef-rezgui\/","name":"Dr. Awatef REZGUI - LVBE - Laboratoire Vigne, Biotechnologies, Environnement | Universit\u00e9 de Haute-Alsace","isPartOf":{"@id":"https:\/\/www.lvbe.uha.fr\/#website"},"datePublished":"2018-04-18T09:42:04+00:00","dateModified":"2020-12-02T18:01:45+00:00","breadcrumb":{"@id":"https:\/\/www.lvbe.uha.fr\/index.php\/equipe\/chercheurs-venus-collaborer-au-lvbe\/dr-awatef-rezgui\/#breadcrumb"},"inLanguage":"fr-FR","potentialAction":[{"@type":"ReadAction","target":["https:\/\/www.lvbe.uha.fr\/index.php\/equipe\/chercheurs-venus-collaborer-au-lvbe\/dr-awatef-rezgui\/"]}]},{"@type":"BreadcrumbList","@id":"https:\/\/www.lvbe.uha.fr\/index.php\/equipe\/chercheurs-venus-collaborer-au-lvbe\/dr-awatef-rezgui\/#breadcrumb","itemListElement":[{"@type":"ListItem","position":1,"name":"Accueil","item":"https:\/\/www.lvbe.uha.fr\/"},{"@type":"ListItem","position":2,"name":"\u00c9quipe","item":"https:\/\/www.lvbe.uha.fr\/index.php\/equipe\/"},{"@type":"ListItem","position":3,"name":"Chercheurs venus collaborer au LVBE","item":"https:\/\/www.lvbe.uha.fr\/index.php\/equipe\/chercheurs-venus-collaborer-au-lvbe\/"},{"@type":"ListItem","position":4,"name":"Dr. Awatef REZGUI"}]},{"@type":"WebSite","@id":"https:\/\/www.lvbe.uha.fr\/#website","url":"https:\/\/www.lvbe.uha.fr\/","name":"LVBE - Laboratoire Vigne, Biotechnologies, Environnement | Universit\u00e9 de Haute-Alsace","description":"Campus Biop\u00f4le | Universit\u00e9 de Haute-Alsace","potentialAction":[{"@type":"SearchAction","target":{"@type":"EntryPoint","urlTemplate":"https:\/\/www.lvbe.uha.fr\/?s={search_term_string}"},"query-input":{"@type":"PropertyValueSpecification","valueRequired":true,"valueName":"search_term_string"}}],"inLanguage":"fr-FR"}]}},"_links":{"self":[{"href":"https:\/\/www.lvbe.uha.fr\/index.php\/wp-json\/wp\/v2\/pages\/1158","targetHints":{"allow":["GET"]}}],"collection":[{"href":"https:\/\/www.lvbe.uha.fr\/index.php\/wp-json\/wp\/v2\/pages"}],"about":[{"href":"https:\/\/www.lvbe.uha.fr\/index.php\/wp-json\/wp\/v2\/types\/page"}],"author":[{"embeddable":true,"href":"https:\/\/www.lvbe.uha.fr\/index.php\/wp-json\/wp\/v2\/users\/2"}],"replies":[{"embeddable":true,"href":"https:\/\/www.lvbe.uha.fr\/index.php\/wp-json\/wp\/v2\/comments?post=1158"}],"version-history":[{"count":14,"href":"https:\/\/www.lvbe.uha.fr\/index.php\/wp-json\/wp\/v2\/pages\/1158\/revisions"}],"predecessor-version":[{"id":3234,"href":"https:\/\/www.lvbe.uha.fr\/index.php\/wp-json\/wp\/v2\/pages\/1158\/revisions\/3234"}],"up":[{"embeddable":true,"href":"https:\/\/www.lvbe.uha.fr\/index.php\/wp-json\/wp\/v2\/pages\/2537"}],"wp:attachment":[{"href":"https:\/\/www.lvbe.uha.fr\/index.php\/wp-json\/wp\/v2\/media?parent=1158"}],"curies":[{"name":"wp","href":"https:\/\/api.w.org\/{rel}","templated":true}]}}