{"id":112,"date":"2018-04-06T16:00:25","date_gmt":"2018-04-06T14:00:25","guid":{"rendered":"https:\/\/www.lvbe.uha.fr\/\/?page_id=112"},"modified":"2022-03-04T15:05:44","modified_gmt":"2022-03-04T14:05:44","slug":"dr-nicolas-thevenin","status":"publish","type":"page","link":"https:\/\/www.lvbe.uha.fr\/index.php\/equipe\/docteurs-es-sciences-formes-au-lvbe\/dr-nicolas-thevenin\/","title":{"rendered":"Dr. Nicolas THEVENIN"},"content":{"rendered":"<h2>Compr\u00e9hension et optimisation d\u2019un proc\u00e9d\u00e9 de biod\u00e9gradation d\u2019effluents agricoles compos\u00e9s de pesticides en m\u00e9lange.<\/h2>\n<p>Th\u00e8se dirig\u00e9e et encadr\u00e9e par :<\/p>\n<ul>\n<li>M. BERTSCH Christophe Professeur des universit\u00e9s, UHA Colmar<\/li>\n<li>Mme JEZEQUEL Karine, co-encadrante Ma\u00eetre de conf\u00e9rences UHA Colmar<\/li>\n<li>M. LOLLIER Marc, co-encadrant Ma\u00eetre de conf\u00e9rences UHA Colmar<\/li>\n<li>Mme NASSER Najat, co-encadrante Dr. RITTMO Agroenvironnement Colmar<\/li>\n<\/ul>\n<p>Soutenue le 11 juillet 2016, \u00e0 Mulhouse.<\/p>\n<p>Ses travaux ont constitu\u00e9 \u00e0 d\u00e9velopper un proc\u00e9d\u00e9 de traitement biologique des eaux contamin\u00e9es en produits phytosanitaires issues du lavage des mat\u00e9riels de pulv\u00e9risation de produits phytosanitaires. Ce proc\u00e9d\u00e9 s\u2019appuie sur l\u2019inoculation d\u2019une culture bact\u00e9rienne mixte s\u00e9lectionn\u00e9e et d\u2019un mat\u00e9riau sortant constitu\u00e9 de rafles de ma\u00efs broy\u00e9es.<\/p>\n<p>Tout d\u2019abord, un m\u00e9lange mod\u00e8le de produits phytosanitaires, constitu\u00e9 de six herbicides, trois fongicides et un insecticide, a \u00e9t\u00e9 cr\u00e9\u00e9. Apr\u00e8s avoir mis au point la production de l\u2019inoculum en pr\u00e9sence de ce m\u00e9lange et \u00e9tudi\u00e9 les propri\u00e9t\u00e9s sorbantes des rafles de ma\u00efs, les param\u00e8tres de traitement ont \u00e9t\u00e9 d\u00e9finis \u00e0 petite \u00e9chelle de laboratoire et valid\u00e9s en r\u00e9acteur. Finalement, le proc\u00e9d\u00e9 d\u00e9velopp\u00e9 est un traitement r\u00e9acteur batch s\u00e9quentiel de 28 jours qui permet de r\u00e9duire de plus de 50 % la masse initiale des produits phytosanitaires du m\u00e9lange mod\u00e8le.<\/p>\n<p>Malgr\u00e9 la r\u00e9duction des teneurs en produits phytosanitaires, la phytotoxicit\u00e9 due aux r\u00e9sidus d\u2019herbicides des effluents trait\u00e9s est encore trop \u00e9lev\u00e9e et ne permet pas de valider l\u2019\u00e9pandage sur un lit plant\u00e9 de roseaux comme post-traitement de la fraction liquide.<\/p>\n","protected":false},"excerpt":{"rendered":"<p>Compr\u00e9hension et optimisation d\u2019un proc\u00e9d\u00e9 de biod\u00e9gradation d\u2019effluents agricoles compos\u00e9s de pesticides en m\u00e9lange. Th\u00e8se dirig\u00e9e et encadr\u00e9e par : M. BERTSCH Christophe Professeur des universit\u00e9s, UHA Colmar Mme JEZEQUEL Karine, co-encadrante Ma\u00eetre de conf\u00e9rences UHA Colmar M. LOLLIER Marc, co-encadrant Ma\u00eetre de conf\u00e9rences UHA Colmar Mme NASSER Najat, co-encadrante Dr. RITTMO Agroenvironnement Colmar Soutenue [&hellip;]<\/p>\n","protected":false},"author":2,"featured_media":0,"parent":1763,"menu_order":0,"comment_status":"closed","ping_status":"closed","template":"","meta":{"footnotes":""},"class_list":["post-112","page","type-page","status-publish","hentry"],"yoast_head":"<!-- This site is optimized with the Yoast SEO plugin v27.4 - https:\/\/yoast.com\/product\/yoast-seo-wordpress\/ -->\n<title>Dr. Nicolas THEVENIN - LVBE - Laboratoire Vigne, Biotechnologies, Environnement | Universit\u00e9 de Haute-Alsace<\/title>\n<meta name=\"robots\" content=\"index, follow, max-snippet:-1, max-image-preview:large, max-video-preview:-1\" \/>\n<link rel=\"canonical\" href=\"https:\/\/www.lvbe.uha.fr\/index.php\/equipe\/docteurs-es-sciences-formes-au-lvbe\/dr-nicolas-thevenin\/\" \/>\n<meta property=\"og:locale\" content=\"fr_FR\" \/>\n<meta property=\"og:type\" content=\"article\" \/>\n<meta property=\"og:title\" content=\"Dr. Nicolas THEVENIN - LVBE - Laboratoire Vigne, Biotechnologies, Environnement | Universit\u00e9 de Haute-Alsace\" \/>\n<meta property=\"og:description\" content=\"Compr\u00e9hension et optimisation d\u2019un proc\u00e9d\u00e9 de biod\u00e9gradation d\u2019effluents agricoles compos\u00e9s de pesticides en m\u00e9lange. Th\u00e8se dirig\u00e9e et encadr\u00e9e par : M. BERTSCH Christophe Professeur des universit\u00e9s, UHA Colmar Mme JEZEQUEL Karine, co-encadrante Ma\u00eetre de conf\u00e9rences UHA Colmar M. LOLLIER Marc, co-encadrant Ma\u00eetre de conf\u00e9rences UHA Colmar Mme NASSER Najat, co-encadrante Dr. RITTMO Agroenvironnement Colmar Soutenue [&hellip;]\" \/>\n<meta property=\"og:url\" content=\"https:\/\/www.lvbe.uha.fr\/index.php\/equipe\/docteurs-es-sciences-formes-au-lvbe\/dr-nicolas-thevenin\/\" \/>\n<meta property=\"og:site_name\" content=\"LVBE - Laboratoire Vigne, Biotechnologies, Environnement | Universit\u00e9 de Haute-Alsace\" \/>\n<meta property=\"article:modified_time\" content=\"2022-03-04T14:05:44+00:00\" \/>\n<meta name=\"twitter:card\" content=\"summary_large_image\" \/>\n<meta name=\"twitter:label1\" content=\"Dur\u00e9e de lecture estim\u00e9e\" \/>\n\t<meta name=\"twitter:data1\" content=\"1 minute\" \/>\n<script type=\"application\/ld+json\" class=\"yoast-schema-graph\">{\"@context\":\"https:\\\/\\\/schema.org\",\"@graph\":[{\"@type\":\"WebPage\",\"@id\":\"https:\\\/\\\/www.lvbe.uha.fr\\\/index.php\\\/equipe\\\/docteurs-es-sciences-formes-au-lvbe\\\/dr-nicolas-thevenin\\\/\",\"url\":\"https:\\\/\\\/www.lvbe.uha.fr\\\/index.php\\\/equipe\\\/docteurs-es-sciences-formes-au-lvbe\\\/dr-nicolas-thevenin\\\/\",\"name\":\"Dr. Nicolas THEVENIN - LVBE - Laboratoire Vigne, Biotechnologies, Environnement | Universit\u00e9 de Haute-Alsace\",\"isPartOf\":{\"@id\":\"https:\\\/\\\/www.lvbe.uha.fr\\\/#website\"},\"datePublished\":\"2018-04-06T14:00:25+00:00\",\"dateModified\":\"2022-03-04T14:05:44+00:00\",\"breadcrumb\":{\"@id\":\"https:\\\/\\\/www.lvbe.uha.fr\\\/index.php\\\/equipe\\\/docteurs-es-sciences-formes-au-lvbe\\\/dr-nicolas-thevenin\\\/#breadcrumb\"},\"inLanguage\":\"fr-FR\",\"potentialAction\":[{\"@type\":\"ReadAction\",\"target\":[\"https:\\\/\\\/www.lvbe.uha.fr\\\/index.php\\\/equipe\\\/docteurs-es-sciences-formes-au-lvbe\\\/dr-nicolas-thevenin\\\/\"]}]},{\"@type\":\"BreadcrumbList\",\"@id\":\"https:\\\/\\\/www.lvbe.uha.fr\\\/index.php\\\/equipe\\\/docteurs-es-sciences-formes-au-lvbe\\\/dr-nicolas-thevenin\\\/#breadcrumb\",\"itemListElement\":[{\"@type\":\"ListItem\",\"position\":1,\"name\":\"Accueil\",\"item\":\"https:\\\/\\\/www.lvbe.uha.fr\\\/\"},{\"@type\":\"ListItem\",\"position\":2,\"name\":\"\u00c9quipe\",\"item\":\"https:\\\/\\\/www.lvbe.uha.fr\\\/index.php\\\/equipe\\\/\"},{\"@type\":\"ListItem\",\"position\":3,\"name\":\"Docteurs \u00e8s sciences form\u00e9s au LVBE\",\"item\":\"https:\\\/\\\/www.lvbe.uha.fr\\\/index.php\\\/equipe\\\/docteurs-es-sciences-formes-au-lvbe\\\/\"},{\"@type\":\"ListItem\",\"position\":4,\"name\":\"Dr. Nicolas THEVENIN\"}]},{\"@type\":\"WebSite\",\"@id\":\"https:\\\/\\\/www.lvbe.uha.fr\\\/#website\",\"url\":\"https:\\\/\\\/www.lvbe.uha.fr\\\/\",\"name\":\"LVBE - Laboratoire Vigne, Biotechnologies, Environnement | Universit\u00e9 de Haute-Alsace\",\"description\":\"Campus Biop\u00f4le | Universit\u00e9 de Haute-Alsace\",\"potentialAction\":[{\"@type\":\"SearchAction\",\"target\":{\"@type\":\"EntryPoint\",\"urlTemplate\":\"https:\\\/\\\/www.lvbe.uha.fr\\\/?s={search_term_string}\"},\"query-input\":{\"@type\":\"PropertyValueSpecification\",\"valueRequired\":true,\"valueName\":\"search_term_string\"}}],\"inLanguage\":\"fr-FR\"}]}<\/script>\n<!-- \/ Yoast SEO plugin. -->","yoast_head_json":{"title":"Dr. Nicolas THEVENIN - LVBE - Laboratoire Vigne, Biotechnologies, Environnement | Universit\u00e9 de Haute-Alsace","robots":{"index":"index","follow":"follow","max-snippet":"max-snippet:-1","max-image-preview":"max-image-preview:large","max-video-preview":"max-video-preview:-1"},"canonical":"https:\/\/www.lvbe.uha.fr\/index.php\/equipe\/docteurs-es-sciences-formes-au-lvbe\/dr-nicolas-thevenin\/","og_locale":"fr_FR","og_type":"article","og_title":"Dr. Nicolas THEVENIN - LVBE - Laboratoire Vigne, Biotechnologies, Environnement | Universit\u00e9 de Haute-Alsace","og_description":"Compr\u00e9hension et optimisation d\u2019un proc\u00e9d\u00e9 de biod\u00e9gradation d\u2019effluents agricoles compos\u00e9s de pesticides en m\u00e9lange. Th\u00e8se dirig\u00e9e et encadr\u00e9e par : M. BERTSCH Christophe Professeur des universit\u00e9s, UHA Colmar Mme JEZEQUEL Karine, co-encadrante Ma\u00eetre de conf\u00e9rences UHA Colmar M. LOLLIER Marc, co-encadrant Ma\u00eetre de conf\u00e9rences UHA Colmar Mme NASSER Najat, co-encadrante Dr. RITTMO Agroenvironnement Colmar Soutenue [&hellip;]","og_url":"https:\/\/www.lvbe.uha.fr\/index.php\/equipe\/docteurs-es-sciences-formes-au-lvbe\/dr-nicolas-thevenin\/","og_site_name":"LVBE - Laboratoire Vigne, Biotechnologies, Environnement | Universit\u00e9 de Haute-Alsace","article_modified_time":"2022-03-04T14:05:44+00:00","twitter_card":"summary_large_image","twitter_misc":{"Dur\u00e9e de lecture estim\u00e9e":"1 minute"},"schema":{"@context":"https:\/\/schema.org","@graph":[{"@type":"WebPage","@id":"https:\/\/www.lvbe.uha.fr\/index.php\/equipe\/docteurs-es-sciences-formes-au-lvbe\/dr-nicolas-thevenin\/","url":"https:\/\/www.lvbe.uha.fr\/index.php\/equipe\/docteurs-es-sciences-formes-au-lvbe\/dr-nicolas-thevenin\/","name":"Dr. Nicolas THEVENIN - LVBE - Laboratoire Vigne, Biotechnologies, Environnement | Universit\u00e9 de Haute-Alsace","isPartOf":{"@id":"https:\/\/www.lvbe.uha.fr\/#website"},"datePublished":"2018-04-06T14:00:25+00:00","dateModified":"2022-03-04T14:05:44+00:00","breadcrumb":{"@id":"https:\/\/www.lvbe.uha.fr\/index.php\/equipe\/docteurs-es-sciences-formes-au-lvbe\/dr-nicolas-thevenin\/#breadcrumb"},"inLanguage":"fr-FR","potentialAction":[{"@type":"ReadAction","target":["https:\/\/www.lvbe.uha.fr\/index.php\/equipe\/docteurs-es-sciences-formes-au-lvbe\/dr-nicolas-thevenin\/"]}]},{"@type":"BreadcrumbList","@id":"https:\/\/www.lvbe.uha.fr\/index.php\/equipe\/docteurs-es-sciences-formes-au-lvbe\/dr-nicolas-thevenin\/#breadcrumb","itemListElement":[{"@type":"ListItem","position":1,"name":"Accueil","item":"https:\/\/www.lvbe.uha.fr\/"},{"@type":"ListItem","position":2,"name":"\u00c9quipe","item":"https:\/\/www.lvbe.uha.fr\/index.php\/equipe\/"},{"@type":"ListItem","position":3,"name":"Docteurs \u00e8s sciences form\u00e9s au LVBE","item":"https:\/\/www.lvbe.uha.fr\/index.php\/equipe\/docteurs-es-sciences-formes-au-lvbe\/"},{"@type":"ListItem","position":4,"name":"Dr. Nicolas THEVENIN"}]},{"@type":"WebSite","@id":"https:\/\/www.lvbe.uha.fr\/#website","url":"https:\/\/www.lvbe.uha.fr\/","name":"LVBE - Laboratoire Vigne, Biotechnologies, Environnement | Universit\u00e9 de Haute-Alsace","description":"Campus Biop\u00f4le | Universit\u00e9 de Haute-Alsace","potentialAction":[{"@type":"SearchAction","target":{"@type":"EntryPoint","urlTemplate":"https:\/\/www.lvbe.uha.fr\/?s={search_term_string}"},"query-input":{"@type":"PropertyValueSpecification","valueRequired":true,"valueName":"search_term_string"}}],"inLanguage":"fr-FR"}]}},"_links":{"self":[{"href":"https:\/\/www.lvbe.uha.fr\/index.php\/wp-json\/wp\/v2\/pages\/112","targetHints":{"allow":["GET"]}}],"collection":[{"href":"https:\/\/www.lvbe.uha.fr\/index.php\/wp-json\/wp\/v2\/pages"}],"about":[{"href":"https:\/\/www.lvbe.uha.fr\/index.php\/wp-json\/wp\/v2\/types\/page"}],"author":[{"embeddable":true,"href":"https:\/\/www.lvbe.uha.fr\/index.php\/wp-json\/wp\/v2\/users\/2"}],"replies":[{"embeddable":true,"href":"https:\/\/www.lvbe.uha.fr\/index.php\/wp-json\/wp\/v2\/comments?post=112"}],"version-history":[{"count":7,"href":"https:\/\/www.lvbe.uha.fr\/index.php\/wp-json\/wp\/v2\/pages\/112\/revisions"}],"predecessor-version":[{"id":3596,"href":"https:\/\/www.lvbe.uha.fr\/index.php\/wp-json\/wp\/v2\/pages\/112\/revisions\/3596"}],"up":[{"embeddable":true,"href":"https:\/\/www.lvbe.uha.fr\/index.php\/wp-json\/wp\/v2\/pages\/1763"}],"wp:attachment":[{"href":"https:\/\/www.lvbe.uha.fr\/index.php\/wp-json\/wp\/v2\/media?parent=112"}],"curies":[{"name":"wp","href":"https:\/\/api.w.org\/{rel}","templated":true}]}}