{"id":102,"date":"2018-04-06T15:51:50","date_gmt":"2018-04-06T13:51:50","guid":{"rendered":"https:\/\/www.lvbe.uha.fr\/\/?page_id=102"},"modified":"2018-06-15T09:26:32","modified_gmt":"2018-06-15T07:26:32","slug":"dr-juan-ocana","status":"publish","type":"page","link":"https:\/\/www.lvbe.uha.fr\/index.php\/equipe\/docteurs-es-sciences-formes-au-lvbe\/dr-juan-ocana\/","title":{"rendered":"Dr. Juan OCA\u00d1A"},"content":{"rendered":"<h2>Diversit\u00e9 \u00e9pig\u00e9n\u00e9tique de clones et de somaclones de vigne (Vitis vinifera L.)\u00a0: mise en \u00e9vidence de marqueurs MSAP stables et instables.<\/h2>\n<p>Sous la direction de Bernard WALTER et<br \/>Co-encadr\u00e9 par Paul Schellenbaum<br \/>Th\u00e8se soutenue en septembre 2014<\/p>\n<p>La vigne est l&rsquo;une des productions fruiti\u00e8res les plus importantes sur le plan \u00e9conomique dans le monde. Elle peut \u00eatre consomm\u00e9e sous forme de fruit frais (raisin de table), fruit secs (raisin sec) ou boisson (jus, spiritueux et vin). La plupart des vari\u00e9t\u00e9s de vigne appartiennent \u00e0 l&rsquo;esp\u00e8ce europ\u00e9enne Vitis vinifera, destin\u00e9es \u00e0 la production de vins de grande qualit\u00e9.<\/p>\n<p>Pour l&rsquo;identification des cultivars de Vitis vinifera des marqueurs mol\u00e9culaires ont \u00e9t\u00e9 utilis\u00e9s comme les SSRs (\u00absimple sequence repeats\u00bb) ou les AFLPs (\u00abamplified fragment length polymorphisms\u00bb). La variation \u00e9pig\u00e9n\u00e9tique en tant que source de diversit\u00e9 est \u00e0 l\u2019\u00e9tude dans plusieurs esp\u00e8ces v\u00e9g\u00e9tales. Chez la vigne, les marqueurs MSAP (\u00abmethylation-sensitive amplified polymorphism\u00bb) ont permis la d\u00e9tection de distinguer des somaclones entre eux et de leurs clones-m\u00e8res (Schellenbaum et al, 2008).<\/p>\n<p>Dans notre \u00e9tude, un ensemble de clones Vitis vinifera cv Pinot Noir ont \u00e9t\u00e9 analys\u00e9s en utilisant la technique MSAP, g\u00e9n\u00e9rant deux cat\u00e9gories de fragments polymorphes, certains \u00abstables\u00bb et d\u2019autres \u00abinstables\u00bb. Seuls les polymorphismes stables ont servi \u00e0 la distinction robuste de 92,5 % des clones \u00e9tudi\u00e9s (Oca\u00f1a et al, 2013). Dix fragments polymorphes stables ont \u00e9t\u00e9 isol\u00e9s et s\u00e9quenc\u00e9s. Apr\u00e8s traitement au bisulfite et amplification des fragments, les profils de m\u00e9thylation de cytosine de quatre s\u00e9quences converties ont \u00e9t\u00e9 compar\u00e9s pour 40 clones de Pinot noir. Les r\u00e9sultats montrent que des marqueurs SNP (\u00ab\u00a0single-nucleotide polymorphisms\u00a0\u00bb) sont absents dans ces s\u00e9quences converties et que la plupart des cytosines m\u00e9thyl\u00e9es se retrouvent dans un contexte CG.<\/p>\n<p>Les marqueurs MSAP stables pourraient \u00eatre utiles pour exploiter les diff\u00e9rences \u00e9pig\u00e9n\u00e9tiques dans des populations clonales et pour accroitre la variabilit\u00e9 de la vigne. Ils permettraient alors de d\u00e9velopper des profils de m\u00e9thylation de la cytosine sp\u00e9cifiques, et d\u2019\u00e9tablir la distinction de clones ph\u00e9notypiquement identiques. En outre, l&rsquo;approche MSAP pourrait \u00eatre utile pour \u00e9tudier les origines clonales du Pinot noir en se basant sur les profils de m\u00e9thylation des clones. Enfin, la caract\u00e9risation des clones avec des profils de m\u00e9thylation de cytosine sp\u00e9cifiques dans plusieurs zones g\u00e9ographiques pourrait permettre l&rsquo;\u00e9tude de l&rsquo;adaptation de la vigne aux changements environnementaux et aux pratiques agricoles.<\/p>\n<p>R\u00e9f\u00e9rences :<br \/>Oca\u00f1a, J., Walter, B., &amp; Schellenbaum, P. (2013) Stable MSAP Markers for the Distinction of Vitis vinifera cv Pinot Noir Clones. Molecular Biotechnology, 55:236\u2013248.<br \/>\nSchellenbaum, P., Mohler, V., Wenzel, G., &amp; Walter, B. (2008). Variation in DNA methylation patterns of grapevine somaclones (Vitis vinifera L.). BMC Plant Biology, 8:78.<\/p>\n","protected":false},"excerpt":{"rendered":"<p>Diversit\u00e9 \u00e9pig\u00e9n\u00e9tique de clones et de somaclones de vigne (Vitis vinifera L.)\u00a0: mise en \u00e9vidence de marqueurs MSAP stables et instables. Sous la direction de Bernard WALTER etCo-encadr\u00e9 par Paul SchellenbaumTh\u00e8se soutenue en septembre 2014 La vigne est l&rsquo;une des productions fruiti\u00e8res les plus importantes sur le plan \u00e9conomique dans le monde. Elle peut \u00eatre [&hellip;]<\/p>\n","protected":false},"author":2,"featured_media":0,"parent":1763,"menu_order":0,"comment_status":"closed","ping_status":"closed","template":"","meta":{"footnotes":""},"class_list":["post-102","page","type-page","status-publish","hentry"],"yoast_head":"<!-- This site is optimized with the Yoast SEO plugin v27.4 - https:\/\/yoast.com\/product\/yoast-seo-wordpress\/ -->\n<title>Dr. Juan OCA\u00d1A - LVBE - Laboratoire Vigne, Biotechnologies, Environnement | Universit\u00e9 de Haute-Alsace<\/title>\n<meta name=\"robots\" content=\"index, follow, max-snippet:-1, max-image-preview:large, max-video-preview:-1\" \/>\n<link rel=\"canonical\" href=\"https:\/\/www.lvbe.uha.fr\/index.php\/equipe\/docteurs-es-sciences-formes-au-lvbe\/dr-juan-ocana\/\" \/>\n<meta property=\"og:locale\" content=\"fr_FR\" \/>\n<meta property=\"og:type\" content=\"article\" \/>\n<meta property=\"og:title\" content=\"Dr. Juan OCA\u00d1A - LVBE - Laboratoire Vigne, Biotechnologies, Environnement | Universit\u00e9 de Haute-Alsace\" \/>\n<meta property=\"og:description\" content=\"Diversit\u00e9 \u00e9pig\u00e9n\u00e9tique de clones et de somaclones de vigne (Vitis vinifera L.)\u00a0: mise en \u00e9vidence de marqueurs MSAP stables et instables. Sous la direction de Bernard WALTER etCo-encadr\u00e9 par Paul SchellenbaumTh\u00e8se soutenue en septembre 2014 La vigne est l&rsquo;une des productions fruiti\u00e8res les plus importantes sur le plan \u00e9conomique dans le monde. Elle peut \u00eatre [&hellip;]\" \/>\n<meta property=\"og:url\" content=\"https:\/\/www.lvbe.uha.fr\/index.php\/equipe\/docteurs-es-sciences-formes-au-lvbe\/dr-juan-ocana\/\" \/>\n<meta property=\"og:site_name\" content=\"LVBE - Laboratoire Vigne, Biotechnologies, Environnement | Universit\u00e9 de Haute-Alsace\" \/>\n<meta property=\"article:modified_time\" content=\"2018-06-15T07:26:32+00:00\" \/>\n<meta name=\"twitter:card\" content=\"summary_large_image\" \/>\n<meta name=\"twitter:label1\" content=\"Dur\u00e9e de lecture estim\u00e9e\" \/>\n\t<meta name=\"twitter:data1\" content=\"2 minutes\" \/>\n<script type=\"application\/ld+json\" class=\"yoast-schema-graph\">{\"@context\":\"https:\\\/\\\/schema.org\",\"@graph\":[{\"@type\":\"WebPage\",\"@id\":\"https:\\\/\\\/www.lvbe.uha.fr\\\/index.php\\\/equipe\\\/docteurs-es-sciences-formes-au-lvbe\\\/dr-juan-ocana\\\/\",\"url\":\"https:\\\/\\\/www.lvbe.uha.fr\\\/index.php\\\/equipe\\\/docteurs-es-sciences-formes-au-lvbe\\\/dr-juan-ocana\\\/\",\"name\":\"Dr. Juan OCA\u00d1A - LVBE - Laboratoire Vigne, Biotechnologies, Environnement | Universit\u00e9 de Haute-Alsace\",\"isPartOf\":{\"@id\":\"https:\\\/\\\/www.lvbe.uha.fr\\\/#website\"},\"datePublished\":\"2018-04-06T13:51:50+00:00\",\"dateModified\":\"2018-06-15T07:26:32+00:00\",\"breadcrumb\":{\"@id\":\"https:\\\/\\\/www.lvbe.uha.fr\\\/index.php\\\/equipe\\\/docteurs-es-sciences-formes-au-lvbe\\\/dr-juan-ocana\\\/#breadcrumb\"},\"inLanguage\":\"fr-FR\",\"potentialAction\":[{\"@type\":\"ReadAction\",\"target\":[\"https:\\\/\\\/www.lvbe.uha.fr\\\/index.php\\\/equipe\\\/docteurs-es-sciences-formes-au-lvbe\\\/dr-juan-ocana\\\/\"]}]},{\"@type\":\"BreadcrumbList\",\"@id\":\"https:\\\/\\\/www.lvbe.uha.fr\\\/index.php\\\/equipe\\\/docteurs-es-sciences-formes-au-lvbe\\\/dr-juan-ocana\\\/#breadcrumb\",\"itemListElement\":[{\"@type\":\"ListItem\",\"position\":1,\"name\":\"Accueil\",\"item\":\"https:\\\/\\\/www.lvbe.uha.fr\\\/\"},{\"@type\":\"ListItem\",\"position\":2,\"name\":\"\u00c9quipe\",\"item\":\"https:\\\/\\\/www.lvbe.uha.fr\\\/index.php\\\/equipe\\\/\"},{\"@type\":\"ListItem\",\"position\":3,\"name\":\"Docteurs \u00e8s sciences form\u00e9s au LVBE\",\"item\":\"https:\\\/\\\/www.lvbe.uha.fr\\\/index.php\\\/equipe\\\/docteurs-es-sciences-formes-au-lvbe\\\/\"},{\"@type\":\"ListItem\",\"position\":4,\"name\":\"Dr. Juan OCA\u00d1A\"}]},{\"@type\":\"WebSite\",\"@id\":\"https:\\\/\\\/www.lvbe.uha.fr\\\/#website\",\"url\":\"https:\\\/\\\/www.lvbe.uha.fr\\\/\",\"name\":\"LVBE - Laboratoire Vigne, Biotechnologies, Environnement | Universit\u00e9 de Haute-Alsace\",\"description\":\"Campus Biop\u00f4le | Universit\u00e9 de Haute-Alsace\",\"potentialAction\":[{\"@type\":\"SearchAction\",\"target\":{\"@type\":\"EntryPoint\",\"urlTemplate\":\"https:\\\/\\\/www.lvbe.uha.fr\\\/?s={search_term_string}\"},\"query-input\":{\"@type\":\"PropertyValueSpecification\",\"valueRequired\":true,\"valueName\":\"search_term_string\"}}],\"inLanguage\":\"fr-FR\"}]}<\/script>\n<!-- \/ Yoast SEO plugin. -->","yoast_head_json":{"title":"Dr. Juan OCA\u00d1A - LVBE - Laboratoire Vigne, Biotechnologies, Environnement | Universit\u00e9 de Haute-Alsace","robots":{"index":"index","follow":"follow","max-snippet":"max-snippet:-1","max-image-preview":"max-image-preview:large","max-video-preview":"max-video-preview:-1"},"canonical":"https:\/\/www.lvbe.uha.fr\/index.php\/equipe\/docteurs-es-sciences-formes-au-lvbe\/dr-juan-ocana\/","og_locale":"fr_FR","og_type":"article","og_title":"Dr. Juan OCA\u00d1A - LVBE - Laboratoire Vigne, Biotechnologies, Environnement | Universit\u00e9 de Haute-Alsace","og_description":"Diversit\u00e9 \u00e9pig\u00e9n\u00e9tique de clones et de somaclones de vigne (Vitis vinifera L.)\u00a0: mise en \u00e9vidence de marqueurs MSAP stables et instables. Sous la direction de Bernard WALTER etCo-encadr\u00e9 par Paul SchellenbaumTh\u00e8se soutenue en septembre 2014 La vigne est l&rsquo;une des productions fruiti\u00e8res les plus importantes sur le plan \u00e9conomique dans le monde. Elle peut \u00eatre [&hellip;]","og_url":"https:\/\/www.lvbe.uha.fr\/index.php\/equipe\/docteurs-es-sciences-formes-au-lvbe\/dr-juan-ocana\/","og_site_name":"LVBE - Laboratoire Vigne, Biotechnologies, Environnement | Universit\u00e9 de Haute-Alsace","article_modified_time":"2018-06-15T07:26:32+00:00","twitter_card":"summary_large_image","twitter_misc":{"Dur\u00e9e de lecture estim\u00e9e":"2 minutes"},"schema":{"@context":"https:\/\/schema.org","@graph":[{"@type":"WebPage","@id":"https:\/\/www.lvbe.uha.fr\/index.php\/equipe\/docteurs-es-sciences-formes-au-lvbe\/dr-juan-ocana\/","url":"https:\/\/www.lvbe.uha.fr\/index.php\/equipe\/docteurs-es-sciences-formes-au-lvbe\/dr-juan-ocana\/","name":"Dr. Juan OCA\u00d1A - LVBE - Laboratoire Vigne, Biotechnologies, Environnement | Universit\u00e9 de Haute-Alsace","isPartOf":{"@id":"https:\/\/www.lvbe.uha.fr\/#website"},"datePublished":"2018-04-06T13:51:50+00:00","dateModified":"2018-06-15T07:26:32+00:00","breadcrumb":{"@id":"https:\/\/www.lvbe.uha.fr\/index.php\/equipe\/docteurs-es-sciences-formes-au-lvbe\/dr-juan-ocana\/#breadcrumb"},"inLanguage":"fr-FR","potentialAction":[{"@type":"ReadAction","target":["https:\/\/www.lvbe.uha.fr\/index.php\/equipe\/docteurs-es-sciences-formes-au-lvbe\/dr-juan-ocana\/"]}]},{"@type":"BreadcrumbList","@id":"https:\/\/www.lvbe.uha.fr\/index.php\/equipe\/docteurs-es-sciences-formes-au-lvbe\/dr-juan-ocana\/#breadcrumb","itemListElement":[{"@type":"ListItem","position":1,"name":"Accueil","item":"https:\/\/www.lvbe.uha.fr\/"},{"@type":"ListItem","position":2,"name":"\u00c9quipe","item":"https:\/\/www.lvbe.uha.fr\/index.php\/equipe\/"},{"@type":"ListItem","position":3,"name":"Docteurs \u00e8s sciences form\u00e9s au LVBE","item":"https:\/\/www.lvbe.uha.fr\/index.php\/equipe\/docteurs-es-sciences-formes-au-lvbe\/"},{"@type":"ListItem","position":4,"name":"Dr. Juan OCA\u00d1A"}]},{"@type":"WebSite","@id":"https:\/\/www.lvbe.uha.fr\/#website","url":"https:\/\/www.lvbe.uha.fr\/","name":"LVBE - Laboratoire Vigne, Biotechnologies, Environnement | Universit\u00e9 de Haute-Alsace","description":"Campus Biop\u00f4le | Universit\u00e9 de Haute-Alsace","potentialAction":[{"@type":"SearchAction","target":{"@type":"EntryPoint","urlTemplate":"https:\/\/www.lvbe.uha.fr\/?s={search_term_string}"},"query-input":{"@type":"PropertyValueSpecification","valueRequired":true,"valueName":"search_term_string"}}],"inLanguage":"fr-FR"}]}},"_links":{"self":[{"href":"https:\/\/www.lvbe.uha.fr\/index.php\/wp-json\/wp\/v2\/pages\/102","targetHints":{"allow":["GET"]}}],"collection":[{"href":"https:\/\/www.lvbe.uha.fr\/index.php\/wp-json\/wp\/v2\/pages"}],"about":[{"href":"https:\/\/www.lvbe.uha.fr\/index.php\/wp-json\/wp\/v2\/types\/page"}],"author":[{"embeddable":true,"href":"https:\/\/www.lvbe.uha.fr\/index.php\/wp-json\/wp\/v2\/users\/2"}],"replies":[{"embeddable":true,"href":"https:\/\/www.lvbe.uha.fr\/index.php\/wp-json\/wp\/v2\/comments?post=102"}],"version-history":[{"count":6,"href":"https:\/\/www.lvbe.uha.fr\/index.php\/wp-json\/wp\/v2\/pages\/102\/revisions"}],"predecessor-version":[{"id":1870,"href":"https:\/\/www.lvbe.uha.fr\/index.php\/wp-json\/wp\/v2\/pages\/102\/revisions\/1870"}],"up":[{"embeddable":true,"href":"https:\/\/www.lvbe.uha.fr\/index.php\/wp-json\/wp\/v2\/pages\/1763"}],"wp:attachment":[{"href":"https:\/\/www.lvbe.uha.fr\/index.php\/wp-json\/wp\/v2\/media?parent=102"}],"curies":[{"name":"wp","href":"https:\/\/api.w.org\/{rel}","templated":true}]}}