{"id":48,"date":"2022-04-01T14:57:39","date_gmt":"2022-04-01T12:57:39","guid":{"rendered":"https:\/\/www.lvbe.uha.fr\/en\/?page_id=48"},"modified":"2026-03-10T15:29:30","modified_gmt":"2026-03-10T14:29:30","slug":"partnerships","status":"publish","type":"page","link":"https:\/\/www.lvbe.uha.fr\/en\/partnerships\/","title":{"rendered":"Partnerships"},"content":{"rendered":"<div class=\"su-row\">\n<div class=\"su-column su-column-size-1-2\"><div class=\"su-column-inner su-u-clearfix su-u-trim\">\n<h2><strong>University partners:<\/strong><\/h2>\n<h3><strong>RIBP- Resistance Induction and Bioprotection of Plants<\/strong><\/h3>\n<p><a href=\"https:\/\/www.univ-reims.fr\/ribp-en\/ribp\/resistance-induite-et-bio-protection-des-plantes\/homepage\/welcome-to-the-ribp-lab,22727,37869.html?sit_id=54\">Resistance Induction and Bioproduction of Plants Laboratory<\/a> is focused on the understanding of plant innate immunity. Using various research approaches (molecular, physiological and biochemical), they study, how, when and where plant defence are raised following biotic or abiotic stresses and how efficient they are. They then translate this fundamental approach into strategies of plant defence stimulation based on biocontrol agents such as elicitors (axis 1) and beneficial bacteria (axis 2). They also investigate whether these strategies might affect plant physiology and carbon metabolism, the energy source for yield and plant defence, which are strongly affected by environmental stresses and global warming (axis 3).<\/p>\n<p>In February 2026, the University of Haute-Alsace decided to support a new collaboration between the RIBP and the LVBE by participating in the financing of the Vitibiodiv-GE project.<\/p>\n<h3><strong>LSE- the Soil and Environment Laboratory\u00a0<\/strong><\/h3>\n<p>The scientific strategy of <a href=\"https:\/\/lse.univ-lorraine.fr\/en\/research\/research-general-presentation\">LSE<\/a> aims to answer the issues raised by the\u00a0<strong>major anthropogenic pressures on soils<\/strong>, leading to their increasing\u00a0<strong>artificialization<\/strong>. From February 2026, LVBE will be collaborating with LSE on the Vitibiodiv-GE project.<\/p>\n<h3><strong>IRIMAS-<\/strong> The <strong>Research Institute<\/strong> in <strong>Computer Sciences<\/strong>, <strong>Mathematics<\/strong>, <strong>Automation and Signal<\/strong><\/h3>\n<p><a href=\"https:\/\/www.irimas.uha.fr\/index.php\/accueil\/\">The <strong>Research Institute<\/strong> in <strong>Computer Sciences<\/strong>, <strong>Mathematics<\/strong>, <strong>Automation and Signal<\/strong> <\/a>(IRIMAS) is a University of Haute-Alsace research team (EA 7499). This interdisciplinary institute gathers all the research work related to the disciplines of mathematics, computer science, electronics, electrical engineering, automation and signal and image processing at the University of Haute-Alsace.<\/p>\n<p><img loading=\"lazy\" decoding=\"async\" class=\"alignleft size-medium wp-image-3142\" src=\"https:\/\/www.lvbe.uha.fr\/en\/wp-content\/uploads\/2020\/04\/BED9A6D5-F3BD-4367-99DF-F6AB01CFC4EA-1-298x300.jpeg\" alt=\"ESCALIBUR project logo\" width=\"298\" height=\"300\" srcset=\"https:\/\/www.lvbe.uha.fr\/en\/wp-content\/uploads\/2020\/04\/BED9A6D5-F3BD-4367-99DF-F6AB01CFC4EA-1-298x300.jpeg 298w, https:\/\/www.lvbe.uha.fr\/en\/wp-content\/uploads\/2020\/04\/BED9A6D5-F3BD-4367-99DF-F6AB01CFC4EA-1-1017x1024.jpeg 1017w, https:\/\/www.lvbe.uha.fr\/en\/wp-content\/uploads\/2020\/04\/BED9A6D5-F3BD-4367-99DF-F6AB01CFC4EA-1-150x150.jpeg 150w, https:\/\/www.lvbe.uha.fr\/en\/wp-content\/uploads\/2020\/04\/BED9A6D5-F3BD-4367-99DF-F6AB01CFC4EA-1-768x773.jpeg 768w, https:\/\/www.lvbe.uha.fr\/en\/wp-content\/uploads\/2020\/04\/BED9A6D5-F3BD-4367-99DF-F6AB01CFC4EA-1-1526x1536.jpeg 1526w, https:\/\/www.lvbe.uha.fr\/en\/wp-content\/uploads\/2020\/04\/BED9A6D5-F3BD-4367-99DF-F6AB01CFC4EA-1-96x96.jpeg 96w, https:\/\/www.lvbe.uha.fr\/en\/wp-content\/uploads\/2020\/04\/BED9A6D5-F3BD-4367-99DF-F6AB01CFC4EA-1-84x84.jpeg 84w, https:\/\/www.lvbe.uha.fr\/en\/wp-content\/uploads\/2020\/04\/BED9A6D5-F3BD-4367-99DF-F6AB01CFC4EA-1.jpeg 1668w\" sizes=\"auto, (max-width: 298px) 100vw, 298px\" \/>In 2019, the University of Haute-Alsace has chosen to support a new collaboration between IRIMAS and LVBE by funding the Escalibur and Petricolor projects, co-led by J. B. Courbot and <a href=\"https:\/\/www.lvbe.uha.fr\/en\/team\/team-members\/dr-romain-pierron\/\">Romain Pierron<\/a>.<\/p>\n<h3><strong>LIMA &#8211; Laboratory of Molecular Innovation and Applications<\/strong><\/h3>\n<p>The <a href=\"http:\/\/lima.unistra.fr\/\">Laboratory of Molecular Innovation and Applications<\/a> (LIMA, formerly COB), a bi-site and tri-tutorship laboratory (Unistra\/UHA\/CNRS), Since January 2018, this new laboratory contributes to a better structuring of molecular chemistry supported by the two chemical engineering schools (EPCM and ENSCMu) for better readability and visibility.<\/p>\n<h3>LERMAB &#8211; Laboratory of Studies and Research on Wood Material<\/h3>\n<p>The <a href=\"http:\/\/lermab.univ-lorraine.fr\/\">LERMAB<\/a> is a multidisciplinary laboratory of the Lorraine University (EA 4370) attached to the Nancy-Lorraine INRAe center as a Unit Under Contract. It is located on two main sites, in Vand\u0153uvre as part of the Faculty of Science and Technology, and in \u00c9pinal as part of the \u201c\u00c9cole Nationale Sup\u00e9rieure des Technologies et Industries du Bois\u201d (ENSTIB), as well as on a more occasional basis in Longwy with a department at the IUT.<\/p>\n<\/div><\/div>\n<div class=\"su-column su-column-size-1-2\"><div class=\"su-column-inner su-u-clearfix su-u-trim\">\n<p>&nbsp;<\/p>\n<h2>Partners selected for the<strong> Vitibiodiv-GE project:<\/strong><\/h2>\n<p><img loading=\"lazy\" decoding=\"async\" class=\"alignleft size-medium wp-image-4787\" src=\"https:\/\/www.lvbe.uha.fr\/en\/wp-content\/uploads\/2026\/03\/logo-3-195x300.jpg\" alt=\"\" width=\"195\" height=\"300\" srcset=\"https:\/\/www.lvbe.uha.fr\/en\/wp-content\/uploads\/2026\/03\/logo-3-195x300.jpg 195w, https:\/\/www.lvbe.uha.fr\/en\/wp-content\/uploads\/2026\/03\/logo-3-666x1024.jpg 666w, https:\/\/www.lvbe.uha.fr\/en\/wp-content\/uploads\/2026\/03\/logo-3-768x1181.jpg 768w, https:\/\/www.lvbe.uha.fr\/en\/wp-content\/uploads\/2026\/03\/logo-3-999x1536.jpg 999w, https:\/\/www.lvbe.uha.fr\/en\/wp-content\/uploads\/2026\/03\/logo-3.jpg 1151w\" sizes=\"auto, (max-width: 195px) 100vw, 195px\" \/>On February 16, 2026, the kick-off meeting for the <strong>Vitibiodiv-GE project was held: Beneficial microbial communities in the vineyards of the Grand Est region:<\/strong> inventory of beneficial populations in different terroirs and reintroduction to improve tolerance to decline.<\/p>\n<p>This <strong>3.5-year project<\/strong> is funded by the <a href=\"https:\/\/aides-territoires.beta.gouv.fr\/programmes\/feder-fonds-europeens-de-developpement-regional\/\">European Union (FEDER)<\/a>, the <a href=\"https:\/\/www.grandest.fr\/\">Grand Est Region<\/a>, and the <a href=\"https:\/\/www.uha.fr\/en\/index.html\">University of Haute Alsace<\/a>. The LVBE and RIBP laboratories are co-leaders of the project.<\/p>\n<p>Total cost of the project (\u20ac1,688,000),<\/p>\n<p>European subsidy (\u20ac546,000),<\/p>\n<p>Grand Est Region subsidy (\u20ac298k)<\/p>\n<p><img loading=\"lazy\" decoding=\"async\" class=\"aligncenter size-full wp-image-4789\" src=\"https:\/\/www.lvbe.uha.fr\/en\/wp-content\/uploads\/2026\/03\/logos-Union-Europeenne-GE-UHA.jpg\" alt=\"\" width=\"2038\" height=\"253\" srcset=\"https:\/\/www.lvbe.uha.fr\/en\/wp-content\/uploads\/2026\/03\/logos-Union-Europeenne-GE-UHA.jpg 2038w, https:\/\/www.lvbe.uha.fr\/en\/wp-content\/uploads\/2026\/03\/logos-Union-Europeenne-GE-UHA-300x37.jpg 300w, https:\/\/www.lvbe.uha.fr\/en\/wp-content\/uploads\/2026\/03\/logos-Union-Europeenne-GE-UHA-1024x127.jpg 1024w, https:\/\/www.lvbe.uha.fr\/en\/wp-content\/uploads\/2026\/03\/logos-Union-Europeenne-GE-UHA-768x95.jpg 768w, https:\/\/www.lvbe.uha.fr\/en\/wp-content\/uploads\/2026\/03\/logos-Union-Europeenne-GE-UHA-1536x191.jpg 1536w\" sizes=\"auto, (max-width: 2038px) 100vw, 2038px\" \/><\/p>\n<p>Its objective is to <strong>characterize and reintroduce rhizospheric microorganisms endemic to the vineyards of the Grand Est region in order to improve vine performance in the context of climate change.<\/strong><\/p>\n<p>It brings together <strong>3 research units from the Grand Est region<\/strong>:<\/p>\n<p>&#8211; the <a href=\"https:\/\/www.lvbe.uha.fr\/\">Vine, Biotechnology, and Environment Laboratory<\/a> at the University of Haute Alsace,<br \/>\n&#8211; the <a href=\"https:\/\/www.univ-reims.fr\/ribp\/resistance-induite-et-bio-protection-des-plantes\/accueil,10089,37692.html\">Induced Resistance and Plant Bioprotection Laboratory<\/a> at the University of Reims-Champagne-Ardennes,<br \/>\n&#8211; the <a href=\"https:\/\/lse.univ-lorraine.fr\/\">Soil and Environment Laboratory<\/a> at the University of Lorraine,<\/p>\n<p>and<strong> 6 professional partners:<\/strong><\/p>\n<p>&#8211; the <a href=\"https:\/\/www.vignevin.com\/\">French Institute of Vine and Wine<\/a>,<br \/>\n&#8211; the <a href=\"https:\/\/www.champagne.fr\/fr\/approfondir\/filiere-champagne\/comite-champagne\">Champagne Committee,<\/a><br \/>\n&#8211; the <a href=\"https:\/\/www.vinsalsace.com\/fr\/\">Interprofessional Council of Alsace Wines,<\/a><br \/>\n&#8211; the <a href=\"https:\/\/2022.worldlivingsoilsforum.com\/fr\/content\/centre-de-recherches-robert-jean-de-vogue\">Robert-Jean de Vog\u00fc\u00e9 Research Center,<\/a><br \/>\n<a href=\"https:\/\/arthurmetz.com\/fr\/\">&#8211; Maison Arthur Metz<\/a>, and<br \/>\n<a href=\"https:\/\/www.inrae.fr\/actualites\/lancement-du-vinopole-alsace-partenariat-strategique-viticulture-alsacienne-acteurs-du-biopole-colmar\">&#8211; Vinop\u00f4le Alsace<\/a>.<\/p>\n<figure id=\"attachment_4790\" aria-describedby=\"caption-attachment-4790\" style=\"width: 1800px\" class=\"wp-caption aligncenter\"><img loading=\"lazy\" decoding=\"async\" class=\"size-full wp-image-4790\" src=\"https:\/\/www.lvbe.uha.fr\/en\/wp-content\/uploads\/2026\/03\/logo-1-VItibiodiv-GE.jpg\" alt=\"\" width=\"1800\" height=\"352\" srcset=\"https:\/\/www.lvbe.uha.fr\/en\/wp-content\/uploads\/2026\/03\/logo-1-VItibiodiv-GE.jpg 1800w, https:\/\/www.lvbe.uha.fr\/en\/wp-content\/uploads\/2026\/03\/logo-1-VItibiodiv-GE-300x59.jpg 300w, https:\/\/www.lvbe.uha.fr\/en\/wp-content\/uploads\/2026\/03\/logo-1-VItibiodiv-GE-1024x200.jpg 1024w, https:\/\/www.lvbe.uha.fr\/en\/wp-content\/uploads\/2026\/03\/logo-1-VItibiodiv-GE-768x150.jpg 768w, https:\/\/www.lvbe.uha.fr\/en\/wp-content\/uploads\/2026\/03\/logo-1-VItibiodiv-GE-1536x300.jpg 1536w\" sizes=\"auto, (max-width: 1800px) 100vw, 1800px\" \/><figcaption id=\"caption-attachment-4790\" class=\"wp-caption-text\">Screenshot<\/figcaption><\/figure>\n<h2>Partners selected in the Roots of Resilience project:<\/h2>\n<p><img loading=\"lazy\" decoding=\"async\" class=\"alignright size-medium wp-image-4654\" src=\"https:\/\/www.lvbe.uha.fr\/en\/wp-content\/uploads\/2025\/03\/Roots-of-Resilience2024-300x267.jpg\" alt=\"\" width=\"300\" height=\"267\" srcset=\"https:\/\/www.lvbe.uha.fr\/en\/wp-content\/uploads\/2025\/03\/Roots-of-Resilience2024-300x267.jpg 300w, https:\/\/www.lvbe.uha.fr\/en\/wp-content\/uploads\/2025\/03\/Roots-of-Resilience2024-768x683.jpg 768w, https:\/\/www.lvbe.uha.fr\/en\/wp-content\/uploads\/2025\/03\/Roots-of-Resilience2024.jpg 855w\" sizes=\"auto, (max-width: 300px) 100vw, 300px\" \/>Winner of <a href=\"https:\/\/www.eucor-uni.org\/fr\/opportunites-de-financement\/seed-money-d-eucor\">EUCOR&#8217;s Seed Money AAP 2024.<\/a><\/p>\n<p>The Seed Money scheme aims to provide financial support for innovative cross-border projects within Eucor &#8211; The European Campus.<\/p>\n<p><a href=\"https:\/\/www.eucor-uni.org\/fr\/opportunites-de-financement\/seed-money-d-eucor\/id-2024\/recherche-innovation-et-transfert\/roots-of-resilience\">The aim of this project<\/a> is to study and understand the effect of the microbiome associated with different rootstocks on the resilience of vines to wood diseases.<\/p>\n<p>The 2-year project brings together<\/p>\n<ul>\n<li>LVBE-UHA, represented by <strong>Prof. Julie CHONG and Dr. Lo\u00efc YUNG,<\/strong><\/li>\n<li>the Karlsruher Institute of Technology ( KIT) represented by <strong>Prof. P. Nick and Dr. Islam KHATTAB<\/strong>, and<\/li>\n<li>the University of Basel represented by <strong>Dr. Pascale FLURY<\/strong>.<\/li>\n<\/ul>\n<h2><img loading=\"lazy\" decoding=\"async\" class=\"alignleft size-medium wp-image-4659\" src=\"https:\/\/www.lvbe.uha.fr\/en\/wp-content\/uploads\/2025\/03\/logo-universite-Bale-300x67.jpg\" alt=\"\" width=\"300\" height=\"67\" srcset=\"https:\/\/www.lvbe.uha.fr\/en\/wp-content\/uploads\/2025\/03\/logo-universite-Bale-300x67.jpg 300w, https:\/\/www.lvbe.uha.fr\/en\/wp-content\/uploads\/2025\/03\/logo-universite-Bale-1024x230.jpg 1024w, https:\/\/www.lvbe.uha.fr\/en\/wp-content\/uploads\/2025\/03\/logo-universite-Bale-768x173.jpg 768w, https:\/\/www.lvbe.uha.fr\/en\/wp-content\/uploads\/2025\/03\/logo-universite-Bale.jpg 1179w\" sizes=\"auto, (max-width: 300px) 100vw, 300px\" \/><\/h2>\n<p><img loading=\"lazy\" decoding=\"async\" class=\"size-medium wp-image-4658\" src=\"https:\/\/www.lvbe.uha.fr\/en\/wp-content\/uploads\/2025\/03\/logo-UHA-KIT-300x96.jpg\" alt=\"\" width=\"300\" height=\"96\" srcset=\"https:\/\/www.lvbe.uha.fr\/en\/wp-content\/uploads\/2025\/03\/logo-UHA-KIT-300x96.jpg 300w, https:\/\/www.lvbe.uha.fr\/en\/wp-content\/uploads\/2025\/03\/logo-UHA-KIT-1024x329.jpg 1024w, https:\/\/www.lvbe.uha.fr\/en\/wp-content\/uploads\/2025\/03\/logo-UHA-KIT-768x247.jpg 768w, https:\/\/www.lvbe.uha.fr\/en\/wp-content\/uploads\/2025\/03\/logo-UHA-KIT.jpg 1164w\" sizes=\"auto, (max-width: 300px) 100vw, 300px\" \/><\/p>\n<h2><strong>Partners retained in the Eur\u00e9ka project:<\/strong><\/h2>\n<p><strong><div class=\"su-service\"><div class=\"su-service-title\" style=\"padding-left:38px;min-height:24px;line-height:24px\"><i class=\"sui sui-search\" style=\"font-size:24px;color:#1e4b74\"><\/i> <\/strong>Eur\u00e9ka project partners<\/div><div class=\"su-service-content su-u-clearfix su-u-trim\" style=\"padding-left:38px\"><a href=\"https:\/\/www.lvbe.uha.fr\/en\/research\/area-1-wood-diseases\/eureka-project-sept-2017-feb-2021\/\">Discover the Eur\u00e9ka project<\/a><\/div><\/div>\n<p>&nbsp;<\/p>\n<p>The technical partners involved in the realization of the project (recipients of funding) are (in alphabetical order):<\/p>\n<p>&#8211; <a href=\"http:\/\/www.ava-aoc.fr\/\">the Alsace Winegrowers Association<\/a> (AVA), represented by Vicky Chan Fook Tin, Fr\u00e9d\u00e9ric Bach and J\u00e9r\u00f4me Bauer,<\/p>\n<p>&#8211; <a href=\"http:\/\/www.alsace.chambagri.fr\/\">the Alsace Chamber of Agriculture<\/a> (CAA), represented by J\u00e9r\u00f4me Attard,<\/p>\n<p>&#8211;<a href=\"https:\/\/www.vinsalsace.com\/fr\/\"> the Interprofessional Council of Alsace Wines<\/a> (CIVA), represented by Guillaume Arnold, Gilles Neusch and Jean-Louis V\u00e9zien,<\/p>\n<p>&#8211; <a href=\"http:\/\/rouffach-wintzenheim.educagri.fr\/\">the \u201cSillons\u201d de Haute Alsace-Rouffach<\/a> (EPLEFPA), represented by Christine Klein and Marie Monique,<\/p>\n<p>&#8211;<a href=\"http:\/\/www.vignevin.com\/\"> the French Wine Institute<\/a> (IFV), represented by C\u00e9line Abidon, Philippe Larignon and Eric Meistermann,<\/p>\n<p>&#8211; <a href=\"https:\/\/www.kit.edu\/english\/\">the Karlsruhe Institute of Technology (<\/a>Germany) (KIT), represented by Peter Nick,<\/p>\n<p>&#8211; <a href=\"https:\/\/www.pepinieres-hebinger.fr\/\">Hebinger Grapevine Nurseries<\/a>, represented by Christophe Hebinger,<\/p>\n<p>&#8211; <a href=\"https:\/\/www.uha.fr\/\">the University of Haute-Alsace<\/a> (UHA), represented by M\u00e9lanie Gellon, Sibylle Farine, Laurence Martin, Mary-Lor\u00e8ne Goddard, Julie Chong, C\u00e9line Tarnus and Christophe Bertsch.<\/p>\n<p><img loading=\"lazy\" decoding=\"async\" class=\"aligncenter size-full wp-image-1635\" src=\"https:\/\/www.lvbe.uha.fr\/en\/wp-content\/uploads\/2018\/06\/807E61B1-9380-4F49-A068-940EB574A25E-1.jpeg\" alt=\"Eureka project partners' logos\" width=\"1668\" height=\"207\" srcset=\"https:\/\/www.lvbe.uha.fr\/en\/wp-content\/uploads\/2018\/06\/807E61B1-9380-4F49-A068-940EB574A25E-1.jpeg 1668w, https:\/\/www.lvbe.uha.fr\/en\/wp-content\/uploads\/2018\/06\/807E61B1-9380-4F49-A068-940EB574A25E-1-300x37.jpeg 300w, https:\/\/www.lvbe.uha.fr\/en\/wp-content\/uploads\/2018\/06\/807E61B1-9380-4F49-A068-940EB574A25E-1-1024x127.jpeg 1024w, https:\/\/www.lvbe.uha.fr\/en\/wp-content\/uploads\/2018\/06\/807E61B1-9380-4F49-A068-940EB574A25E-1-768x95.jpeg 768w, https:\/\/www.lvbe.uha.fr\/en\/wp-content\/uploads\/2018\/06\/807E61B1-9380-4F49-A068-940EB574A25E-1-1536x191.jpeg 1536w\" sizes=\"auto, (max-width: 1668px) 100vw, 1668px\" \/><\/p>\n<\/div><\/div>\n<\/div>\n","protected":false},"excerpt":{"rendered":"","protected":false},"author":1,"featured_media":0,"parent":0,"menu_order":0,"comment_status":"closed","ping_status":"closed","template":"","meta":{"footnotes":""},"class_list":["post-48","page","type-page","status-publish","hentry"],"yoast_head":"<!-- This site is optimized with the Yoast SEO plugin v27.4 - https:\/\/yoast.com\/product\/yoast-seo-wordpress\/ -->\n<title>Partnerships - LVBE - Vine Biotechnology and Environment Laboratory<\/title>\n<meta name=\"robots\" content=\"index, follow, max-snippet:-1, max-image-preview:large, max-video-preview:-1\" \/>\n<link rel=\"canonical\" href=\"https:\/\/www.lvbe.uha.fr\/en\/partnerships\/\" \/>\n<meta property=\"og:locale\" content=\"en_US\" \/>\n<meta property=\"og:type\" content=\"article\" \/>\n<meta property=\"og:title\" content=\"Partnerships - LVBE - Vine Biotechnology and Environment Laboratory\" \/>\n<meta property=\"og:url\" content=\"https:\/\/www.lvbe.uha.fr\/en\/partnerships\/\" \/>\n<meta property=\"og:site_name\" content=\"LVBE - Vine Biotechnology and Environment Laboratory\" \/>\n<meta property=\"article:modified_time\" content=\"2026-03-10T14:29:30+00:00\" \/>\n<meta property=\"og:image\" content=\"https:\/\/www.lvbe.uha.fr\/en\/wp-content\/uploads\/2020\/04\/BED9A6D5-F3BD-4367-99DF-F6AB01CFC4EA-1.jpeg\" \/>\n\t<meta property=\"og:image:width\" content=\"1668\" \/>\n\t<meta property=\"og:image:height\" content=\"1679\" \/>\n\t<meta property=\"og:image:type\" content=\"image\/jpeg\" \/>\n<meta name=\"twitter:card\" content=\"summary_large_image\" \/>\n<meta name=\"twitter:label1\" content=\"Est. reading time\" \/>\n\t<meta name=\"twitter:data1\" content=\"6 minutes\" \/>\n<script type=\"application\/ld+json\" class=\"yoast-schema-graph\">{\"@context\":\"https:\\\/\\\/schema.org\",\"@graph\":[{\"@type\":\"WebPage\",\"@id\":\"https:\\\/\\\/www.lvbe.uha.fr\\\/en\\\/partnerships\\\/\",\"url\":\"https:\\\/\\\/www.lvbe.uha.fr\\\/en\\\/partnerships\\\/\",\"name\":\"Partnerships - LVBE - Vine Biotechnology and Environment Laboratory\",\"isPartOf\":{\"@id\":\"https:\\\/\\\/www.lvbe.uha.fr\\\/en\\\/#website\"},\"primaryImageOfPage\":{\"@id\":\"https:\\\/\\\/www.lvbe.uha.fr\\\/en\\\/partnerships\\\/#primaryimage\"},\"image\":{\"@id\":\"https:\\\/\\\/www.lvbe.uha.fr\\\/en\\\/partnerships\\\/#primaryimage\"},\"thumbnailUrl\":\"https:\\\/\\\/www.lvbe.uha.fr\\\/en\\\/wp-content\\\/uploads\\\/2020\\\/04\\\/BED9A6D5-F3BD-4367-99DF-F6AB01CFC4EA-1-298x300.jpeg\",\"datePublished\":\"2022-04-01T12:57:39+00:00\",\"dateModified\":\"2026-03-10T14:29:30+00:00\",\"breadcrumb\":{\"@id\":\"https:\\\/\\\/www.lvbe.uha.fr\\\/en\\\/partnerships\\\/#breadcrumb\"},\"inLanguage\":\"en-US\",\"potentialAction\":[{\"@type\":\"ReadAction\",\"target\":[\"https:\\\/\\\/www.lvbe.uha.fr\\\/en\\\/partnerships\\\/\"]}]},{\"@type\":\"ImageObject\",\"inLanguage\":\"en-US\",\"@id\":\"https:\\\/\\\/www.lvbe.uha.fr\\\/en\\\/partnerships\\\/#primaryimage\",\"url\":\"https:\\\/\\\/www.lvbe.uha.fr\\\/en\\\/wp-content\\\/uploads\\\/2020\\\/04\\\/BED9A6D5-F3BD-4367-99DF-F6AB01CFC4EA-1.jpeg\",\"contentUrl\":\"https:\\\/\\\/www.lvbe.uha.fr\\\/en\\\/wp-content\\\/uploads\\\/2020\\\/04\\\/BED9A6D5-F3BD-4367-99DF-F6AB01CFC4EA-1.jpeg\",\"width\":1668,\"height\":1679,\"caption\":\"ESCALIBUR project logo\"},{\"@type\":\"BreadcrumbList\",\"@id\":\"https:\\\/\\\/www.lvbe.uha.fr\\\/en\\\/partnerships\\\/#breadcrumb\",\"itemListElement\":[{\"@type\":\"ListItem\",\"position\":1,\"name\":\"Accueil\",\"item\":\"https:\\\/\\\/www.lvbe.uha.fr\\\/en\\\/\"},{\"@type\":\"ListItem\",\"position\":2,\"name\":\"Partnerships\"}]},{\"@type\":\"WebSite\",\"@id\":\"https:\\\/\\\/www.lvbe.uha.fr\\\/en\\\/#website\",\"url\":\"https:\\\/\\\/www.lvbe.uha.fr\\\/en\\\/\",\"name\":\"LVBE - Vine Biotechnology and Environment Laboratory\",\"description\":\"Universit\u00e9 de Haute-Alsace\",\"potentialAction\":[{\"@type\":\"SearchAction\",\"target\":{\"@type\":\"EntryPoint\",\"urlTemplate\":\"https:\\\/\\\/www.lvbe.uha.fr\\\/en\\\/?s={search_term_string}\"},\"query-input\":{\"@type\":\"PropertyValueSpecification\",\"valueRequired\":true,\"valueName\":\"search_term_string\"}}],\"inLanguage\":\"en-US\"}]}<\/script>\n<!-- \/ Yoast SEO plugin. -->","yoast_head_json":{"title":"Partnerships - LVBE - Vine Biotechnology and Environment Laboratory","robots":{"index":"index","follow":"follow","max-snippet":"max-snippet:-1","max-image-preview":"max-image-preview:large","max-video-preview":"max-video-preview:-1"},"canonical":"https:\/\/www.lvbe.uha.fr\/en\/partnerships\/","og_locale":"en_US","og_type":"article","og_title":"Partnerships - LVBE - Vine Biotechnology and Environment Laboratory","og_url":"https:\/\/www.lvbe.uha.fr\/en\/partnerships\/","og_site_name":"LVBE - Vine Biotechnology and Environment Laboratory","article_modified_time":"2026-03-10T14:29:30+00:00","og_image":[{"width":1668,"height":1679,"url":"https:\/\/www.lvbe.uha.fr\/en\/wp-content\/uploads\/2020\/04\/BED9A6D5-F3BD-4367-99DF-F6AB01CFC4EA-1.jpeg","type":"image\/jpeg"}],"twitter_card":"summary_large_image","twitter_misc":{"Est. reading time":"6 minutes"},"schema":{"@context":"https:\/\/schema.org","@graph":[{"@type":"WebPage","@id":"https:\/\/www.lvbe.uha.fr\/en\/partnerships\/","url":"https:\/\/www.lvbe.uha.fr\/en\/partnerships\/","name":"Partnerships - LVBE - Vine Biotechnology and Environment Laboratory","isPartOf":{"@id":"https:\/\/www.lvbe.uha.fr\/en\/#website"},"primaryImageOfPage":{"@id":"https:\/\/www.lvbe.uha.fr\/en\/partnerships\/#primaryimage"},"image":{"@id":"https:\/\/www.lvbe.uha.fr\/en\/partnerships\/#primaryimage"},"thumbnailUrl":"https:\/\/www.lvbe.uha.fr\/en\/wp-content\/uploads\/2020\/04\/BED9A6D5-F3BD-4367-99DF-F6AB01CFC4EA-1-298x300.jpeg","datePublished":"2022-04-01T12:57:39+00:00","dateModified":"2026-03-10T14:29:30+00:00","breadcrumb":{"@id":"https:\/\/www.lvbe.uha.fr\/en\/partnerships\/#breadcrumb"},"inLanguage":"en-US","potentialAction":[{"@type":"ReadAction","target":["https:\/\/www.lvbe.uha.fr\/en\/partnerships\/"]}]},{"@type":"ImageObject","inLanguage":"en-US","@id":"https:\/\/www.lvbe.uha.fr\/en\/partnerships\/#primaryimage","url":"https:\/\/www.lvbe.uha.fr\/en\/wp-content\/uploads\/2020\/04\/BED9A6D5-F3BD-4367-99DF-F6AB01CFC4EA-1.jpeg","contentUrl":"https:\/\/www.lvbe.uha.fr\/en\/wp-content\/uploads\/2020\/04\/BED9A6D5-F3BD-4367-99DF-F6AB01CFC4EA-1.jpeg","width":1668,"height":1679,"caption":"ESCALIBUR project logo"},{"@type":"BreadcrumbList","@id":"https:\/\/www.lvbe.uha.fr\/en\/partnerships\/#breadcrumb","itemListElement":[{"@type":"ListItem","position":1,"name":"Accueil","item":"https:\/\/www.lvbe.uha.fr\/en\/"},{"@type":"ListItem","position":2,"name":"Partnerships"}]},{"@type":"WebSite","@id":"https:\/\/www.lvbe.uha.fr\/en\/#website","url":"https:\/\/www.lvbe.uha.fr\/en\/","name":"LVBE - Vine Biotechnology and Environment Laboratory","description":"Universit\u00e9 de Haute-Alsace","potentialAction":[{"@type":"SearchAction","target":{"@type":"EntryPoint","urlTemplate":"https:\/\/www.lvbe.uha.fr\/en\/?s={search_term_string}"},"query-input":{"@type":"PropertyValueSpecification","valueRequired":true,"valueName":"search_term_string"}}],"inLanguage":"en-US"}]}},"_links":{"self":[{"href":"https:\/\/www.lvbe.uha.fr\/en\/wp-json\/wp\/v2\/pages\/48","targetHints":{"allow":["GET"]}}],"collection":[{"href":"https:\/\/www.lvbe.uha.fr\/en\/wp-json\/wp\/v2\/pages"}],"about":[{"href":"https:\/\/www.lvbe.uha.fr\/en\/wp-json\/wp\/v2\/types\/page"}],"author":[{"embeddable":true,"href":"https:\/\/www.lvbe.uha.fr\/en\/wp-json\/wp\/v2\/users\/1"}],"replies":[{"embeddable":true,"href":"https:\/\/www.lvbe.uha.fr\/en\/wp-json\/wp\/v2\/comments?post=48"}],"version-history":[{"count":14,"href":"https:\/\/www.lvbe.uha.fr\/en\/wp-json\/wp\/v2\/pages\/48\/revisions"}],"predecessor-version":[{"id":4792,"href":"https:\/\/www.lvbe.uha.fr\/en\/wp-json\/wp\/v2\/pages\/48\/revisions\/4792"}],"wp:attachment":[{"href":"https:\/\/www.lvbe.uha.fr\/en\/wp-json\/wp\/v2\/media?parent=48"}],"curies":[{"name":"wp","href":"https:\/\/api.w.org\/{rel}","templated":true}]}}