{"id":3967,"date":"2022-05-16T15:39:39","date_gmt":"2022-05-16T13:39:39","guid":{"rendered":"https:\/\/www.lvbe.uha.fr\/en\/?page_id=3967"},"modified":"2022-06-03T10:19:34","modified_gmt":"2022-06-03T08:19:34","slug":"patents","status":"publish","type":"page","link":"https:\/\/www.lvbe.uha.fr\/en\/public\/media-center\/patents\/","title":{"rendered":"Patents"},"content":{"rendered":"<p>Only <strong>inventions of a technical nature<\/strong> are eligible for <strong>patent protection<\/strong>. An invention can be a product, a manufacturing process or a technique. Discoveries, scientific theories, mathematical methods and designs are not patentable.<\/p>\n<p><img loading=\"lazy\" decoding=\"async\" class=\"aligncenter wp-image-374 size-full\" src=\"https:\/\/www.lvbe.uha.fr\/en\/wp-content\/uploads\/2018\/04\/vignes2-1.png\" alt=\"grapevine 2\" width=\"1912\" height=\"300\" srcset=\"https:\/\/www.lvbe.uha.fr\/en\/wp-content\/uploads\/2018\/04\/vignes2-1.png 1912w, https:\/\/www.lvbe.uha.fr\/en\/wp-content\/uploads\/2018\/04\/vignes2-1-300x47.png 300w, https:\/\/www.lvbe.uha.fr\/en\/wp-content\/uploads\/2018\/04\/vignes2-1-1024x161.png 1024w, https:\/\/www.lvbe.uha.fr\/en\/wp-content\/uploads\/2018\/04\/vignes2-1-768x121.png 768w, https:\/\/www.lvbe.uha.fr\/en\/wp-content\/uploads\/2018\/04\/vignes2-1-1536x241.png 1536w\" sizes=\"auto, (max-width: 1912px) 100vw, 1912px\" \/><\/p>\n<p>We have a recent desire for industrial development, so we have filed two patents concerning the use of bismuth subsalicylate or one of its derivatives as a phytopharmaceutical agent. The project is supported by the SATT\/Connectus Alsace with the creation of a start-up (SEMIA).<\/p>\n<p>&nbsp;<\/p>\n<h3>Patent N\u00b01<\/h3>\n<p>B\u00c9NARD-GELLON, M., BERTSCH, C., TARNUS, C., &amp; ALBRECHT S.<\/p>\n<p><strong>Utilisation du sous-salicylate de bismuth ou de l&#8217;un de ses d\u00e9riv\u00e9s en tant qu&#8217;agent phytopharmaceutique.<\/strong><\/p>\n<p>Num\u00e9ro de d\u00e9p\u00f4t FR n\u00b01460451(30\/10\/<strong>2014<\/strong>) + extension internationale ref. B1905PC00 (30\/10\/<strong>2015<\/strong>).<\/p>\n<h3>Patent N\u00b02<\/h3>\n<p>MERLEN L., GELLON M., TARNUS C., DELAITE C.<\/p>\n<p><strong>New dispersions, their process of preparation and their use as phytopharmaceutical agents<\/strong><\/p>\n<p>N\u00b0 de d\u00e9p\u00f4t EU : <span id=\"OBJ_PREFIX_DWT172_com_zimbra_phone\" class=\"Object\">1000505004 (16<\/span>\/12\/<strong>2021<\/strong>)\u00a0 R\u00e9f\u00e9rence : PAT2607837EP00<\/p>\n<p>&nbsp;<\/p>\n","protected":false},"excerpt":{"rendered":"<p>Only inventions of a technical nature are eligible for patent protection. An invention can be a product, a manufacturing process or a technique. Discoveries, scientific theories, mathematical methods and designs are not patentable. We have a recent desire for industrial development, so we have filed two patents concerning the use of bismuth subsalicylate or one [&hellip;]<\/p>\n","protected":false},"author":5,"featured_media":0,"parent":54,"menu_order":2,"comment_status":"closed","ping_status":"closed","template":"","meta":{"footnotes":""},"class_list":["post-3967","page","type-page","status-publish","hentry"],"yoast_head":"<!-- This site is optimized with the Yoast SEO plugin v27.4 - https:\/\/yoast.com\/product\/yoast-seo-wordpress\/ -->\n<title>Patents - LVBE - Vine Biotechnology and Environment Laboratory<\/title>\n<meta name=\"robots\" content=\"index, follow, max-snippet:-1, max-image-preview:large, max-video-preview:-1\" \/>\n<link rel=\"canonical\" href=\"https:\/\/www.lvbe.uha.fr\/en\/public\/media-center\/patents\/\" \/>\n<meta property=\"og:locale\" content=\"en_US\" \/>\n<meta property=\"og:type\" content=\"article\" \/>\n<meta property=\"og:title\" content=\"Patents - LVBE - Vine Biotechnology and Environment Laboratory\" \/>\n<meta property=\"og:description\" content=\"Only inventions of a technical nature are eligible for patent protection. An invention can be a product, a manufacturing process or a technique. Discoveries, scientific theories, mathematical methods and designs are not patentable. We have a recent desire for industrial development, so we have filed two patents concerning the use of bismuth subsalicylate or one [&hellip;]\" \/>\n<meta property=\"og:url\" content=\"https:\/\/www.lvbe.uha.fr\/en\/public\/media-center\/patents\/\" \/>\n<meta property=\"og:site_name\" content=\"LVBE - Vine Biotechnology and Environment Laboratory\" \/>\n<meta property=\"article:modified_time\" content=\"2022-06-03T08:19:34+00:00\" \/>\n<meta property=\"og:image\" content=\"https:\/\/www.lvbe.uha.fr\/en\/wp-content\/uploads\/2018\/04\/vignes2-1.png\" \/>\n<meta name=\"twitter:card\" content=\"summary_large_image\" \/>\n<meta name=\"twitter:label1\" content=\"Est. reading time\" \/>\n\t<meta name=\"twitter:data1\" content=\"1 minute\" \/>\n<script type=\"application\/ld+json\" class=\"yoast-schema-graph\">{\"@context\":\"https:\\\/\\\/schema.org\",\"@graph\":[{\"@type\":\"WebPage\",\"@id\":\"https:\\\/\\\/www.lvbe.uha.fr\\\/en\\\/public\\\/media-center\\\/patents\\\/\",\"url\":\"https:\\\/\\\/www.lvbe.uha.fr\\\/en\\\/public\\\/media-center\\\/patents\\\/\",\"name\":\"Patents - LVBE - Vine Biotechnology and Environment Laboratory\",\"isPartOf\":{\"@id\":\"https:\\\/\\\/www.lvbe.uha.fr\\\/en\\\/#website\"},\"primaryImageOfPage\":{\"@id\":\"https:\\\/\\\/www.lvbe.uha.fr\\\/en\\\/public\\\/media-center\\\/patents\\\/#primaryimage\"},\"image\":{\"@id\":\"https:\\\/\\\/www.lvbe.uha.fr\\\/en\\\/public\\\/media-center\\\/patents\\\/#primaryimage\"},\"thumbnailUrl\":\"https:\\\/\\\/www.lvbe.uha.fr\\\/en\\\/wp-content\\\/uploads\\\/2018\\\/04\\\/vignes2-1.png\",\"datePublished\":\"2022-05-16T13:39:39+00:00\",\"dateModified\":\"2022-06-03T08:19:34+00:00\",\"breadcrumb\":{\"@id\":\"https:\\\/\\\/www.lvbe.uha.fr\\\/en\\\/public\\\/media-center\\\/patents\\\/#breadcrumb\"},\"inLanguage\":\"en-US\",\"potentialAction\":[{\"@type\":\"ReadAction\",\"target\":[\"https:\\\/\\\/www.lvbe.uha.fr\\\/en\\\/public\\\/media-center\\\/patents\\\/\"]}]},{\"@type\":\"ImageObject\",\"inLanguage\":\"en-US\",\"@id\":\"https:\\\/\\\/www.lvbe.uha.fr\\\/en\\\/public\\\/media-center\\\/patents\\\/#primaryimage\",\"url\":\"https:\\\/\\\/www.lvbe.uha.fr\\\/en\\\/wp-content\\\/uploads\\\/2018\\\/04\\\/vignes2-1.png\",\"contentUrl\":\"https:\\\/\\\/www.lvbe.uha.fr\\\/en\\\/wp-content\\\/uploads\\\/2018\\\/04\\\/vignes2-1.png\",\"width\":1912,\"height\":300,\"caption\":\"grapevine 2\"},{\"@type\":\"BreadcrumbList\",\"@id\":\"https:\\\/\\\/www.lvbe.uha.fr\\\/en\\\/public\\\/media-center\\\/patents\\\/#breadcrumb\",\"itemListElement\":[{\"@type\":\"ListItem\",\"position\":1,\"name\":\"Accueil\",\"item\":\"https:\\\/\\\/www.lvbe.uha.fr\\\/en\\\/\"},{\"@type\":\"ListItem\",\"position\":2,\"name\":\"Public\",\"item\":\"https:\\\/\\\/www.lvbe.uha.fr\\\/en\\\/public\\\/\"},{\"@type\":\"ListItem\",\"position\":3,\"name\":\"Media Center\",\"item\":\"https:\\\/\\\/www.lvbe.uha.fr\\\/en\\\/public\\\/media-center\\\/\"},{\"@type\":\"ListItem\",\"position\":4,\"name\":\"Patents\"}]},{\"@type\":\"WebSite\",\"@id\":\"https:\\\/\\\/www.lvbe.uha.fr\\\/en\\\/#website\",\"url\":\"https:\\\/\\\/www.lvbe.uha.fr\\\/en\\\/\",\"name\":\"LVBE - Vine Biotechnology and Environment Laboratory\",\"description\":\"Universit\u00e9 de Haute-Alsace\",\"potentialAction\":[{\"@type\":\"SearchAction\",\"target\":{\"@type\":\"EntryPoint\",\"urlTemplate\":\"https:\\\/\\\/www.lvbe.uha.fr\\\/en\\\/?s={search_term_string}\"},\"query-input\":{\"@type\":\"PropertyValueSpecification\",\"valueRequired\":true,\"valueName\":\"search_term_string\"}}],\"inLanguage\":\"en-US\"}]}<\/script>\n<!-- \/ Yoast SEO plugin. -->","yoast_head_json":{"title":"Patents - LVBE - Vine Biotechnology and Environment Laboratory","robots":{"index":"index","follow":"follow","max-snippet":"max-snippet:-1","max-image-preview":"max-image-preview:large","max-video-preview":"max-video-preview:-1"},"canonical":"https:\/\/www.lvbe.uha.fr\/en\/public\/media-center\/patents\/","og_locale":"en_US","og_type":"article","og_title":"Patents - LVBE - Vine Biotechnology and Environment Laboratory","og_description":"Only inventions of a technical nature are eligible for patent protection. An invention can be a product, a manufacturing process or a technique. Discoveries, scientific theories, mathematical methods and designs are not patentable. We have a recent desire for industrial development, so we have filed two patents concerning the use of bismuth subsalicylate or one [&hellip;]","og_url":"https:\/\/www.lvbe.uha.fr\/en\/public\/media-center\/patents\/","og_site_name":"LVBE - Vine Biotechnology and Environment Laboratory","article_modified_time":"2022-06-03T08:19:34+00:00","og_image":[{"url":"https:\/\/www.lvbe.uha.fr\/en\/wp-content\/uploads\/2018\/04\/vignes2-1.png","type":"","width":"","height":""}],"twitter_card":"summary_large_image","twitter_misc":{"Est. reading time":"1 minute"},"schema":{"@context":"https:\/\/schema.org","@graph":[{"@type":"WebPage","@id":"https:\/\/www.lvbe.uha.fr\/en\/public\/media-center\/patents\/","url":"https:\/\/www.lvbe.uha.fr\/en\/public\/media-center\/patents\/","name":"Patents - LVBE - Vine Biotechnology and Environment Laboratory","isPartOf":{"@id":"https:\/\/www.lvbe.uha.fr\/en\/#website"},"primaryImageOfPage":{"@id":"https:\/\/www.lvbe.uha.fr\/en\/public\/media-center\/patents\/#primaryimage"},"image":{"@id":"https:\/\/www.lvbe.uha.fr\/en\/public\/media-center\/patents\/#primaryimage"},"thumbnailUrl":"https:\/\/www.lvbe.uha.fr\/en\/wp-content\/uploads\/2018\/04\/vignes2-1.png","datePublished":"2022-05-16T13:39:39+00:00","dateModified":"2022-06-03T08:19:34+00:00","breadcrumb":{"@id":"https:\/\/www.lvbe.uha.fr\/en\/public\/media-center\/patents\/#breadcrumb"},"inLanguage":"en-US","potentialAction":[{"@type":"ReadAction","target":["https:\/\/www.lvbe.uha.fr\/en\/public\/media-center\/patents\/"]}]},{"@type":"ImageObject","inLanguage":"en-US","@id":"https:\/\/www.lvbe.uha.fr\/en\/public\/media-center\/patents\/#primaryimage","url":"https:\/\/www.lvbe.uha.fr\/en\/wp-content\/uploads\/2018\/04\/vignes2-1.png","contentUrl":"https:\/\/www.lvbe.uha.fr\/en\/wp-content\/uploads\/2018\/04\/vignes2-1.png","width":1912,"height":300,"caption":"grapevine 2"},{"@type":"BreadcrumbList","@id":"https:\/\/www.lvbe.uha.fr\/en\/public\/media-center\/patents\/#breadcrumb","itemListElement":[{"@type":"ListItem","position":1,"name":"Accueil","item":"https:\/\/www.lvbe.uha.fr\/en\/"},{"@type":"ListItem","position":2,"name":"Public","item":"https:\/\/www.lvbe.uha.fr\/en\/public\/"},{"@type":"ListItem","position":3,"name":"Media Center","item":"https:\/\/www.lvbe.uha.fr\/en\/public\/media-center\/"},{"@type":"ListItem","position":4,"name":"Patents"}]},{"@type":"WebSite","@id":"https:\/\/www.lvbe.uha.fr\/en\/#website","url":"https:\/\/www.lvbe.uha.fr\/en\/","name":"LVBE - Vine Biotechnology and Environment Laboratory","description":"Universit\u00e9 de Haute-Alsace","potentialAction":[{"@type":"SearchAction","target":{"@type":"EntryPoint","urlTemplate":"https:\/\/www.lvbe.uha.fr\/en\/?s={search_term_string}"},"query-input":{"@type":"PropertyValueSpecification","valueRequired":true,"valueName":"search_term_string"}}],"inLanguage":"en-US"}]}},"_links":{"self":[{"href":"https:\/\/www.lvbe.uha.fr\/en\/wp-json\/wp\/v2\/pages\/3967","targetHints":{"allow":["GET"]}}],"collection":[{"href":"https:\/\/www.lvbe.uha.fr\/en\/wp-json\/wp\/v2\/pages"}],"about":[{"href":"https:\/\/www.lvbe.uha.fr\/en\/wp-json\/wp\/v2\/types\/page"}],"author":[{"embeddable":true,"href":"https:\/\/www.lvbe.uha.fr\/en\/wp-json\/wp\/v2\/users\/5"}],"replies":[{"embeddable":true,"href":"https:\/\/www.lvbe.uha.fr\/en\/wp-json\/wp\/v2\/comments?post=3967"}],"version-history":[{"count":5,"href":"https:\/\/www.lvbe.uha.fr\/en\/wp-json\/wp\/v2\/pages\/3967\/revisions"}],"predecessor-version":[{"id":4159,"href":"https:\/\/www.lvbe.uha.fr\/en\/wp-json\/wp\/v2\/pages\/3967\/revisions\/4159"}],"up":[{"embeddable":true,"href":"https:\/\/www.lvbe.uha.fr\/en\/wp-json\/wp\/v2\/pages\/54"}],"wp:attachment":[{"href":"https:\/\/www.lvbe.uha.fr\/en\/wp-json\/wp\/v2\/media?parent=3967"}],"curies":[{"name":"wp","href":"https:\/\/api.w.org\/{rel}","templated":true}]}}