{"id":3890,"date":"2022-05-09T15:35:36","date_gmt":"2022-05-09T13:35:36","guid":{"rendered":"https:\/\/www.lvbe.uha.fr\/en\/?page_id=3890"},"modified":"2022-05-09T15:36:47","modified_gmt":"2022-05-09T13:36:47","slug":"dr-romain-pierron","status":"publish","type":"page","link":"https:\/\/www.lvbe.uha.fr\/en\/team\/team-members\/dr-romain-pierron\/","title":{"rendered":"Dr. Romain PIERRON"},"content":{"rendered":"<p>Associate professor Section CNU 66<\/p>\n<p>Mail : <a href=\"mailto:romain.pierron@uha.fr\">romain.pierron@uha.fr<\/a><\/p>\n<div class=\"su-row\">\n<div class=\"su-column su-column-size-1-2\"><div class=\"su-column-inner su-u-clearfix su-u-trim\">\n<h2>Dipl\u00f4mes et formations<\/h2>\n<div class=\"su-accordion su-u-trim\">\n<div class=\"su-spoiler su-spoiler-style-default su-spoiler-icon-plus su-spoiler-closed\" data-scroll-offset=\"0\" data-anchor-in-url=\"no\"><div class=\"su-spoiler-title\" tabindex=\"0\" role=\"button\"><span class=\"su-spoiler-icon\"><\/span>Depuis 2015<\/div><div class=\"su-spoiler-content su-u-clearfix su-u-trim\">\n<ul>\n<li><strong>Doctorat<\/strong>, INPT Toulouse ; \u00c9cole Doctorale : Sciences \u00c9cologiques, V\u00e9t\u00e9rinaires, Agronomiques, Bio ing\u00e9nieries ; Sp\u00e9cialit\u00e9 : Interactions Plantes-Microorganismes.<\/li>\n<\/ul>\n<\/div><\/div>\n<div class=\"su-spoiler su-spoiler-style-default su-spoiler-icon-plus su-spoiler-closed\" data-scroll-offset=\"0\" data-anchor-in-url=\"no\"><div class=\"su-spoiler-title\" tabindex=\"0\" role=\"button\"><span class=\"su-spoiler-icon\"><\/span>Depuis 2011<\/div><div class=\"su-spoiler-content su-u-clearfix su-u-trim\">\n<ul>\n<li><strong>Master Plant Sciences<\/strong>, Wageningen University and Research Centre (WUR), Sp\u00e9cialit\u00e9 : Phytopathologie et Entomologie.<\/li>\n<li><strong>Ing\u00e9nieur en agriculture<\/strong>, \u00c9cole d\u2019Ing\u00e9nieur de PURPAN \u00e0 Toulouse (INPT-EIP).<\/li>\n<\/ul>\n<\/div><\/div>\n<\/div>\n<h2>Activit\u00e9s d\u2019enseignements<\/h2>\n<table width=\"624\">\n<tbody>\n<tr>\n<td width=\"187\">2018-2019<\/p>\n<p>MCF stagiaire<\/td>\n<td width=\"437\"><strong>Charg\u00e9 d\u2019enseignements en Agro\u00e9cologie, Physiologie V\u00e9g\u00e9tale et Int\u00e9ractions plantes-microorganismes.<\/strong><\/td>\n<\/tr>\n<\/tbody>\n<\/table>\n<\/div><\/div>\n<div class=\"su-column su-column-size-1-2\"><div class=\"su-column-inner su-u-clearfix su-u-trim\">\n<h2>Exp\u00e9riences professionnelles<\/h2>\n<div class=\"su-accordion su-u-trim\">\n<div class=\"su-spoiler su-spoiler-style-default su-spoiler-icon-plus su-spoiler-closed\" data-scroll-offset=\"0\" data-anchor-in-url=\"no\"><div class=\"su-spoiler-title\" tabindex=\"0\" role=\"button\"><span class=\"su-spoiler-icon\"><\/span>Sept. 2018 \u2013 Pr\u00e9sent<\/div><div class=\"su-spoiler-content su-u-clearfix su-u-trim\">\n<ul>\n<li><strong>Maitre de conf\u00e9rences stagiaire<\/strong>, Universit\u00e9 de Haute-Alsace. Enseignements au sein de la Facult\u00e9 de Marketing et d\u2019Agrosciences (FMA) dirig\u00e9e par Dr. Laurent Grimal. Recherches au sein du LVBE dirig\u00e9e par Pr. Christophe Bertsch.<\/li>\n<\/ul>\n<\/div><\/div>\n<div class=\"su-spoiler su-spoiler-style-default su-spoiler-icon-plus su-spoiler-closed\" data-scroll-offset=\"0\" data-anchor-in-url=\"no\"><div class=\"su-spoiler-title\" tabindex=\"0\" role=\"button\"><span class=\"su-spoiler-icon\"><\/span>Avril 2017 \u2013 Mars 2018 Afrique du Sud<\/div><div class=\"su-spoiler-content su-u-clearfix su-u-trim\">\n<ul>\n<li><strong>Charg\u00e9 de projet<\/strong>, Universit\u00e9 de Stellenbosch ; Equipe de Dr. Lizel Mostert. <strong><em>\u00ab <\/em>D\u00e9veloppement d\u2019agents de contr\u00f4le biologique afin de maitriser les maladies telluriques en p\u00e9pini\u00e8res viticoles<em> \u00bb<\/em><\/strong>. <strong>Responsable du laboratoire<\/strong> de biologie mol\u00e9culaire.<\/li>\n<\/ul>\n<\/div><\/div>\n<div class=\"su-spoiler su-spoiler-style-default su-spoiler-icon-plus su-spoiler-closed\" data-scroll-offset=\"0\" data-anchor-in-url=\"no\"><div class=\"su-spoiler-title\" tabindex=\"0\" role=\"button\"><span class=\"su-spoiler-icon\"><\/span>Juin 2015 \u2013 Juin 2016 France<\/div><div class=\"su-spoiler-content su-u-clearfix su-u-trim\">\n<ul>\n<li><strong>Ing\u00e9nieur de valorisation<\/strong>, Soci\u00e9t\u00e9 d\u2019acc\u00e9l\u00e9ration de Transfert Technologique Toulouse Tech Transfer (TTT) ; P\u00f4le GreenTech. <strong><em>\u00ab <\/em>Maturation du brevet d\u2019un fongicide biosourc\u00e9<em> \u00bb<\/em><\/strong>.<\/li>\n<\/ul>\n<\/div><\/div>\n<div class=\"su-spoiler su-spoiler-style-default su-spoiler-icon-plus su-spoiler-closed\" data-scroll-offset=\"0\" data-anchor-in-url=\"no\"><div class=\"su-spoiler-title\" tabindex=\"0\" role=\"button\"><span class=\"su-spoiler-icon\"><\/span>Janv. 2015 \u2013 2016 France<\/div><div class=\"su-spoiler-content su-u-clearfix su-u-trim\">\n<ul>\n<li><strong>Charg\u00e9 d\u2019enseignement, <\/strong>\u00c9cole d\u2019ing\u00e9nieurs<strong> de PURPAN. <\/strong><strong>Introduction \u00e0 la viticulture et \u00e0 l\u2019\u0153nologie.<br \/>\n<\/strong><\/li>\n<\/ul>\n<\/div><\/div>\n<div class=\"su-spoiler su-spoiler-style-default su-spoiler-icon-plus su-spoiler-closed\" data-scroll-offset=\"0\" data-anchor-in-url=\"no\"><div class=\"su-spoiler-title\" tabindex=\"0\" role=\"button\"><span class=\"su-spoiler-icon\"><\/span>Sept. 2012 \u2013 Juin 2014 France<\/div><div class=\"su-spoiler-content su-u-clearfix su-u-trim\">\n<ul>\n<li><strong>Charg\u00e9 d\u2019enseignement<\/strong>, \u00c9cole d\u2019ing\u00e9nieurs de PURPAN. <strong>Physiologie v\u00e9g\u00e9tale<\/strong>.<\/li>\n<\/ul>\n<\/div><\/div>\n<div class=\"su-spoiler su-spoiler-style-default su-spoiler-icon-plus su-spoiler-closed\" data-scroll-offset=\"0\" data-anchor-in-url=\"no\"><div class=\"su-spoiler-title\" tabindex=\"0\" role=\"button\"><span class=\"su-spoiler-icon\"><\/span>Sept. 2013 \u2013 Nov. 2013 Autriche<\/div><div class=\"su-spoiler-content su-u-clearfix su-u-trim\">\n<ul>\n<li><strong>Chercheur invit\u00e9<\/strong>, mobilit\u00e9 internationale au D\u00e9partement de g\u00e9n\u00e9tique appliqu\u00e9e et biologie cellulaire de l\u2019Universit\u00e9 de Vienne. <strong><em>\u00ab <\/em>D\u00e9veloppement de techniques d\u2019observation sp\u00e9cifique des champignons associ\u00e9s \u00e0 l\u2019esca dans le bois de la vigne<em> \u00bb<\/em> <\/strong>(microscopie FISH et transformation de souches gfp).<\/li>\n<\/ul>\n<\/div><\/div>\n<div class=\"su-spoiler su-spoiler-style-default su-spoiler-icon-plus su-spoiler-closed\" data-scroll-offset=\"0\" data-anchor-in-url=\"no\"><div class=\"su-spoiler-title\" tabindex=\"0\" role=\"button\"><span class=\"su-spoiler-icon\"><\/span>Oct. 2011 \u2013 Avril 2015 France<\/div><div class=\"su-spoiler-content su-u-clearfix su-u-trim\">\n<ul>\n<li><strong>Doctorat INPT <\/strong>; Ecole d\u2019Ing\u00e9nieurs de PURPAN ; <strong><em>\u00ab <\/em>Esca et vigne : compr\u00e9hension des m\u00e9canismes de d\u00e9fense pr\u00e9coces du bois de la vigne <em>Vitis vinifera<\/em> L. suite \u00e0 la maladie, colonisation des champignons <em>in planta<\/em> et proposition de moyens de lutte pour une viticulture durable<em> \u00bb<\/em>.<\/strong><\/li>\n<\/ul>\n<\/div><\/div>\n<\/div>\n<\/div><\/div>\n<\/div>\n<h2>Activit\u00e9s de recherche<\/h2>\n<p>Le centre d\u2019int\u00e9r\u00eat de mes travaux de recherche est l\u2019\u00e9tude des interactions entre la plante et son environnement. Ma formation de docteur-ing\u00e9nieur refl\u00e8te mon besoin de d\u00e9velopper des questions de recherche fondamentale ayant une application \u00e0 court ou moyen terme, au service des agriculteurs. La th\u00e9matique des maladies du bois de la vigne est id\u00e9ale pour cela. L\u2019attente des viticulteurs est forte \u00e9tant donn\u00e9 qu\u2019il n\u2019y a pas de moyen de lutte et que les sympt\u00f4mes de d\u00e9p\u00e9rissements apparaissent chez des plantes de plus en plus jeunes. Or, le d\u00e9veloppement d\u2019outils de contr\u00f4le de ces maladies demande d\u2019approfondir nos connaissances sur la physiologie de la d\u00e9fense des v\u00e9g\u00e9taux ligneux, en particulier des lianes. Mon projet de recherche s\u2019articule donc suivant deux axes : le d\u00e9veloppement de moyens de lutte pour une viticulture durable et l\u2019\u00e9tude des interactions vigne-microorganismes.<\/p>\n<h2>Valorisations pour l\u2019ann\u00e9e 2018-2019<\/h2>\n<p><strong>PUBLICATION<\/strong><\/p>\n<p><strong><em><u>Dans des journaux avec comit\u00e9 de lecture :<\/u><\/em><\/strong><\/p>\n<ol start=\"2019\">\n<li>P. Reis, <strong>R.J.G. Pierron<\/strong>, P. Larignon, P. Lecomte, E. Abou-Mansour, S. Farine, C. Bertsch, A. Jacques, P. Trotel-Aziz, C. Rego and F. Fontaine, 2019. Vitis methods available to understand and develop strategies for diagnosis and management of grapevine trunk diseases. <em>Phytopathology<\/em> 109(6), DOI: 10.1094\/PHYTO-09-18-0349-RVW.<\/li>\n<\/ol>\n<p><strong>COMMUNICATIONS ORALES<\/strong><\/p>\n<ul>\n<li><u>International Ozone Association World Congress, Nice, France, October 2019.<\/u><\/li>\n<\/ul>\n<p><u>J. VINET<\/u>, S. Moureu, <strong>R.J.G Pierron<\/strong>, F. Violleau and A. Calmon. Ozonation of sunflower oils: properties, purification and application.<\/p>\n<ul>\n<li><u>XIth International Workshop on Grapevine Trunk Diseases, Penticton, Canada, July 2019.<\/u>\u00a0\u00a0\u00a0\u00a0\u00a0\u00a0\u00a0\u00a0\u00a0\u00a0\u00a0\u00a0\u00a0\u00a0\u00a0\u00a0\u00a0\u00a0\u00a0\u00a0 A. Pacetti, <strong>R.J.G Pierron<\/strong>, S. Farine, L. Mugnai, C. Tarnus, C. Bertsch and <u>M. Gellon.<\/u> Vertical vegetal endotherapy : a new mode of treatment to cure GTDs ?<\/li>\n<\/ul>\n<p>W.Van Jaarsveld, E. Stempien, <strong>R.J.G. Pierron<\/strong>, F. Halleen and L. Mostert. An overview of lessons learnt in the application of <em>Trichoderma<\/em> products in grapevine nurseries.<\/p>\n<ul>\n<li><u>Journ\u00e9es Maladies Du Bois, Dijon, France, October 2018.<\/u><\/li>\n<\/ul>\n<p><strong><u>R.J.G. Pierron<\/u><\/strong>, E. Stempien, I. Adendorff, F. Halleen and L. Mostert. Colonisation racinaire du porte-greffe Richter 110 par <em>Trichoderma atroviride<\/em>.<\/p>\n","protected":false},"excerpt":{"rendered":"<p>Associate professor Section CNU 66 Mail : romain.pierron@uha.fr Activit\u00e9s de recherche Le centre d\u2019int\u00e9r\u00eat de mes travaux de recherche est l\u2019\u00e9tude des interactions entre la plante et son environnement. Ma formation de docteur-ing\u00e9nieur refl\u00e8te mon besoin de d\u00e9velopper des questions de recherche fondamentale ayant une application \u00e0 court ou moyen terme, au service des agriculteurs. [&hellip;]<\/p>\n","protected":false},"author":5,"featured_media":0,"parent":42,"menu_order":20,"comment_status":"closed","ping_status":"closed","template":"","meta":{"footnotes":""},"class_list":["post-3890","page","type-page","status-publish","hentry"],"yoast_head":"<!-- This site is optimized with the Yoast SEO plugin v27.4 - https:\/\/yoast.com\/product\/yoast-seo-wordpress\/ -->\n<title>Dr. Romain PIERRON - LVBE - Vine Biotechnology and Environment Laboratory<\/title>\n<meta name=\"robots\" content=\"index, follow, max-snippet:-1, max-image-preview:large, max-video-preview:-1\" \/>\n<link rel=\"canonical\" href=\"https:\/\/www.lvbe.uha.fr\/en\/team\/team-members\/dr-romain-pierron\/\" \/>\n<meta property=\"og:locale\" content=\"en_US\" \/>\n<meta property=\"og:type\" content=\"article\" \/>\n<meta property=\"og:title\" content=\"Dr. Romain PIERRON - LVBE - Vine Biotechnology and Environment Laboratory\" \/>\n<meta property=\"og:description\" content=\"Associate professor Section CNU 66 Mail : romain.pierron@uha.fr Activit\u00e9s de recherche Le centre d\u2019int\u00e9r\u00eat de mes travaux de recherche est l\u2019\u00e9tude des interactions entre la plante et son environnement. Ma formation de docteur-ing\u00e9nieur refl\u00e8te mon besoin de d\u00e9velopper des questions de recherche fondamentale ayant une application \u00e0 court ou moyen terme, au service des agriculteurs. [&hellip;]\" \/>\n<meta property=\"og:url\" content=\"https:\/\/www.lvbe.uha.fr\/en\/team\/team-members\/dr-romain-pierron\/\" \/>\n<meta property=\"og:site_name\" content=\"LVBE - Vine Biotechnology and Environment Laboratory\" \/>\n<meta property=\"article:modified_time\" content=\"2022-05-09T13:36:47+00:00\" \/>\n<meta name=\"twitter:card\" content=\"summary_large_image\" \/>\n<meta name=\"twitter:label1\" content=\"Est. reading time\" \/>\n\t<meta name=\"twitter:data1\" content=\"4 minutes\" \/>\n<script type=\"application\/ld+json\" class=\"yoast-schema-graph\">{\"@context\":\"https:\\\/\\\/schema.org\",\"@graph\":[{\"@type\":\"WebPage\",\"@id\":\"https:\\\/\\\/www.lvbe.uha.fr\\\/en\\\/team\\\/team-members\\\/dr-romain-pierron\\\/\",\"url\":\"https:\\\/\\\/www.lvbe.uha.fr\\\/en\\\/team\\\/team-members\\\/dr-romain-pierron\\\/\",\"name\":\"Dr. Romain PIERRON - LVBE - Vine Biotechnology and Environment Laboratory\",\"isPartOf\":{\"@id\":\"https:\\\/\\\/www.lvbe.uha.fr\\\/en\\\/#website\"},\"datePublished\":\"2022-05-09T13:35:36+00:00\",\"dateModified\":\"2022-05-09T13:36:47+00:00\",\"breadcrumb\":{\"@id\":\"https:\\\/\\\/www.lvbe.uha.fr\\\/en\\\/team\\\/team-members\\\/dr-romain-pierron\\\/#breadcrumb\"},\"inLanguage\":\"en-US\",\"potentialAction\":[{\"@type\":\"ReadAction\",\"target\":[\"https:\\\/\\\/www.lvbe.uha.fr\\\/en\\\/team\\\/team-members\\\/dr-romain-pierron\\\/\"]}]},{\"@type\":\"BreadcrumbList\",\"@id\":\"https:\\\/\\\/www.lvbe.uha.fr\\\/en\\\/team\\\/team-members\\\/dr-romain-pierron\\\/#breadcrumb\",\"itemListElement\":[{\"@type\":\"ListItem\",\"position\":1,\"name\":\"Accueil\",\"item\":\"https:\\\/\\\/www.lvbe.uha.fr\\\/en\\\/\"},{\"@type\":\"ListItem\",\"position\":2,\"name\":\"Team\",\"item\":\"https:\\\/\\\/www.lvbe.uha.fr\\\/en\\\/team\\\/\"},{\"@type\":\"ListItem\",\"position\":3,\"name\":\"Team members\",\"item\":\"https:\\\/\\\/www.lvbe.uha.fr\\\/en\\\/team\\\/team-members\\\/\"},{\"@type\":\"ListItem\",\"position\":4,\"name\":\"Dr. Romain PIERRON\"}]},{\"@type\":\"WebSite\",\"@id\":\"https:\\\/\\\/www.lvbe.uha.fr\\\/en\\\/#website\",\"url\":\"https:\\\/\\\/www.lvbe.uha.fr\\\/en\\\/\",\"name\":\"LVBE - Vine Biotechnology and Environment Laboratory\",\"description\":\"Universit\u00e9 de Haute-Alsace\",\"potentialAction\":[{\"@type\":\"SearchAction\",\"target\":{\"@type\":\"EntryPoint\",\"urlTemplate\":\"https:\\\/\\\/www.lvbe.uha.fr\\\/en\\\/?s={search_term_string}\"},\"query-input\":{\"@type\":\"PropertyValueSpecification\",\"valueRequired\":true,\"valueName\":\"search_term_string\"}}],\"inLanguage\":\"en-US\"}]}<\/script>\n<!-- \/ Yoast SEO plugin. -->","yoast_head_json":{"title":"Dr. Romain PIERRON - LVBE - Vine Biotechnology and Environment Laboratory","robots":{"index":"index","follow":"follow","max-snippet":"max-snippet:-1","max-image-preview":"max-image-preview:large","max-video-preview":"max-video-preview:-1"},"canonical":"https:\/\/www.lvbe.uha.fr\/en\/team\/team-members\/dr-romain-pierron\/","og_locale":"en_US","og_type":"article","og_title":"Dr. Romain PIERRON - LVBE - Vine Biotechnology and Environment Laboratory","og_description":"Associate professor Section CNU 66 Mail : romain.pierron@uha.fr Activit\u00e9s de recherche Le centre d\u2019int\u00e9r\u00eat de mes travaux de recherche est l\u2019\u00e9tude des interactions entre la plante et son environnement. Ma formation de docteur-ing\u00e9nieur refl\u00e8te mon besoin de d\u00e9velopper des questions de recherche fondamentale ayant une application \u00e0 court ou moyen terme, au service des agriculteurs. [&hellip;]","og_url":"https:\/\/www.lvbe.uha.fr\/en\/team\/team-members\/dr-romain-pierron\/","og_site_name":"LVBE - Vine Biotechnology and Environment Laboratory","article_modified_time":"2022-05-09T13:36:47+00:00","twitter_card":"summary_large_image","twitter_misc":{"Est. reading time":"4 minutes"},"schema":{"@context":"https:\/\/schema.org","@graph":[{"@type":"WebPage","@id":"https:\/\/www.lvbe.uha.fr\/en\/team\/team-members\/dr-romain-pierron\/","url":"https:\/\/www.lvbe.uha.fr\/en\/team\/team-members\/dr-romain-pierron\/","name":"Dr. Romain PIERRON - LVBE - Vine Biotechnology and Environment Laboratory","isPartOf":{"@id":"https:\/\/www.lvbe.uha.fr\/en\/#website"},"datePublished":"2022-05-09T13:35:36+00:00","dateModified":"2022-05-09T13:36:47+00:00","breadcrumb":{"@id":"https:\/\/www.lvbe.uha.fr\/en\/team\/team-members\/dr-romain-pierron\/#breadcrumb"},"inLanguage":"en-US","potentialAction":[{"@type":"ReadAction","target":["https:\/\/www.lvbe.uha.fr\/en\/team\/team-members\/dr-romain-pierron\/"]}]},{"@type":"BreadcrumbList","@id":"https:\/\/www.lvbe.uha.fr\/en\/team\/team-members\/dr-romain-pierron\/#breadcrumb","itemListElement":[{"@type":"ListItem","position":1,"name":"Accueil","item":"https:\/\/www.lvbe.uha.fr\/en\/"},{"@type":"ListItem","position":2,"name":"Team","item":"https:\/\/www.lvbe.uha.fr\/en\/team\/"},{"@type":"ListItem","position":3,"name":"Team members","item":"https:\/\/www.lvbe.uha.fr\/en\/team\/team-members\/"},{"@type":"ListItem","position":4,"name":"Dr. Romain PIERRON"}]},{"@type":"WebSite","@id":"https:\/\/www.lvbe.uha.fr\/en\/#website","url":"https:\/\/www.lvbe.uha.fr\/en\/","name":"LVBE - Vine Biotechnology and Environment Laboratory","description":"Universit\u00e9 de Haute-Alsace","potentialAction":[{"@type":"SearchAction","target":{"@type":"EntryPoint","urlTemplate":"https:\/\/www.lvbe.uha.fr\/en\/?s={search_term_string}"},"query-input":{"@type":"PropertyValueSpecification","valueRequired":true,"valueName":"search_term_string"}}],"inLanguage":"en-US"}]}},"_links":{"self":[{"href":"https:\/\/www.lvbe.uha.fr\/en\/wp-json\/wp\/v2\/pages\/3890","targetHints":{"allow":["GET"]}}],"collection":[{"href":"https:\/\/www.lvbe.uha.fr\/en\/wp-json\/wp\/v2\/pages"}],"about":[{"href":"https:\/\/www.lvbe.uha.fr\/en\/wp-json\/wp\/v2\/types\/page"}],"author":[{"embeddable":true,"href":"https:\/\/www.lvbe.uha.fr\/en\/wp-json\/wp\/v2\/users\/5"}],"replies":[{"embeddable":true,"href":"https:\/\/www.lvbe.uha.fr\/en\/wp-json\/wp\/v2\/comments?post=3890"}],"version-history":[{"count":1,"href":"https:\/\/www.lvbe.uha.fr\/en\/wp-json\/wp\/v2\/pages\/3890\/revisions"}],"predecessor-version":[{"id":3891,"href":"https:\/\/www.lvbe.uha.fr\/en\/wp-json\/wp\/v2\/pages\/3890\/revisions\/3891"}],"up":[{"embeddable":true,"href":"https:\/\/www.lvbe.uha.fr\/en\/wp-json\/wp\/v2\/pages\/42"}],"wp:attachment":[{"href":"https:\/\/www.lvbe.uha.fr\/en\/wp-json\/wp\/v2\/media?parent=3890"}],"curies":[{"name":"wp","href":"https:\/\/api.w.org\/{rel}","templated":true}]}}