{"id":3876,"date":"2022-05-09T15:24:21","date_gmt":"2022-05-09T13:24:21","guid":{"rendered":"https:\/\/www.lvbe.uha.fr\/en\/?page_id=3876"},"modified":"2024-09-02T09:49:42","modified_gmt":"2024-09-02T07:49:42","slug":"loriane-merlen","status":"publish","type":"page","link":"https:\/\/www.lvbe.uha.fr\/en\/team\/former-lvbe-collaborators\/loriane-merlen\/","title":{"rendered":"Dr. Loriane MERLEN"},"content":{"rendered":"<p>Ph. D. Post-Doctoral Researcher, and temporary teaching and research associate (ATER).<\/p>\n<p>en chimie-biologie au sein des laboratoires <strong>LPIM<\/strong> (Laboratoire de Photochimie et d\u2019Ing\u00e9nierie Macromol\u00e9culaires) et <strong>LVBE<\/strong> (Laboratoire Vigne, Biotechnologies et Environnement).<\/p>\n<p>courriel : <a href=\"mailto:loriane.merlen@uha.fr\">loriane.merlen@uha.fr<\/a><\/p>\n<div class=\"su-row\">\n<div class=\"su-column su-column-size-1-2\"><div class=\"su-column-inner su-u-clearfix su-u-trim\">\n<h2>Th\u00e8se soutenue le 28 novembre 2022<\/h2>\n<p><b>\u00ab\u00a0Formulation et phytopharmaceutique : le cas du Subsalicylate de Bismuth, un compos\u00e9 fongistatique et stimulateur des d\u00e9fenses des plantes.\u00a0\u00bb<\/b><\/p>\n<p><b>Cette th\u00e8se<\/b>, men\u00e9e au sein de deux laboratoires de l\u2019Universit\u00e9 de Haute-Alsace, <b>a\u00a0pour but de mettre en place des formulations ad\u00e9quates pour l\u2019utilisation du subsalicylate de bismuth en tant que produit phytosanitaire<\/b>. En effet, le subsalicylate de bismuth, ayant d\u00e9j\u00e0 prouv\u00e9 son efficacit\u00e9 vis-\u00e0-vis des champignons responsables de certaines maladies du bois de la vigne, reste cependant un compos\u00e9 extr\u00eamement hydrophobe et ne peut pas \u00eatre mis sur le march\u00e9 sans qu\u2019une solution ne soit apport\u00e9e \u00e0 sa mise en dispersion pour permettre son utilisation.<\/p>\n<h2>Formations et dipl\u00f4mes<\/h2>\n<p>Facult\u00e9 des Sciences et Techniques \u2013 UHA<\/p>\n<p>2019 <b>Master Chimie<span class=\"Apple-converted-space\">\u00a0\u00a0<\/span><\/b><\/p>\n<p><b>Sp\u00e9cialit\u00e9 : Chimie mol\u00e9culaire et macromol\u00e9culaire<\/b><\/p>\n<p>Facult\u00e9 des Sciences et Techniques \u2013 UHA<\/p>\n<p>2017 <b>Licence Chimie<\/b><\/p>\n<p><b>Sp\u00e9cialit\u00e9 : Chimie organique et bio-organique <\/b><\/p>\n<\/div><\/div>\n<div class=\"su-column su-column-size-1-2\"><div class=\"su-column-inner su-u-clearfix su-u-trim\">\n<h2>Exp\u00e9riences professionnelles<\/h2>\n<p><span class=\"Apple-converted-space\">\u00a0 <\/span>02\/19 &#8211; 06\/19<\/p>\n<p><span class=\"Apple-converted-space\"><b>Laboratoire Vigne, Biotechnologies et \u00a0Environnement (LVBE)<\/b><\/span><\/p>\n<p><span class=\"Apple-converted-space\"><b>Laboratoire de Photochimie et d\u2019Ing\u00e9nierie Macromol\u00e9culaires (LPIM) \u00a0<\/b><\/span><\/p>\n<p><em>Stagiaire<\/em><em>\u00a0Master 2\u00e8me ann\u00e9e <\/em><\/p>\n<p>\u00c9tude des relations h\u00f4tes\/pathog\u00e8nes dans les maladies du bois de la vigne, synth\u00e8se et modifications des compos\u00e9s du bois de la vigne, formulation d\u2019un antifongique potentiel.<\/p>\n<p>04\/18 &#8211; 06\/18<\/p>\n<p><span class=\"Apple-converted-space\">\u00a0<b>Laboratoire innovation mol\u00e9culaire et applications (LIMA)<\/b><\/span><\/p>\n<p><span class=\"Apple-converted-space\">Institut Jean-Baptiste DONNET<\/span><\/p>\n<p><span class=\"Apple-converted-space\"><em>Stagiaire Master 1\u00e8re ann\u00e9e \u00a0 \u00a0 \u00a0 \u00a0 \u00a0 \u00a0 \u00a0<\/em> \u00a0 \u00a0 \u00a0 \u00a0 \u00a0 \u00a0 \u00a0 \u00a0 \u00a0 \u00a0 \u00a0 \u00a0 \u00a0 \u00a0 \u00a0 \u00a0 \u00a0 \u00a0 \u00a0 \u00a0 \u00a0 \u00a0 \u00a0 \u00a0 \u00a0 \u00a0 \u00a0 \u00a0 \u00a0 \u00a0 \u00a0 \u00a0 \u00a0 \u00a0 \u00a0 \u00a0<\/span><\/p>\n<p><span class=\"Apple-converted-space\">\u00a0Recherche de mol\u00e9cules bioactives \u00e0 partir d\u2019un champignon endophyte, \u00e9tude des phytotoxines et influence des nutriments. \u00a0 \u00a0 \u00a0 \u00a0 \u00a0 \u00a0 \u00a0 \u00a0 \u00a0 \u00a0 \u00a0 \u00a0 \u00a0 \u00a0 \u00a0 \u00a0 \u00a0 \u00a0 \u00a0 \u00a0 \u00a0 \u00a0 \u00a0 \u00a0 \u00a0 \u00a0 \u00a0 \u00a0 \u00a0 \u00a0 \u00a0 \u00a0 \u00a0 \u00a0 \u00a0 \u00a0 \u00a0 \u00a0 \u00a0 \u00a0 \u00a0 \u00a0 \u00a0 \u00a0 \u00a0 \u00a0 \u00a0 \u00a0 \u00a0 \u00a0 \u00a0 \u00a0 \u00a0 \u00a0 \u00a0 \u00a0 \u00a0 \u00a0 \u00a0 \u00a0 \u00a0 \u00a0 \u00a0 \u00a0 \u00a0 \u00a0 \u00a0 \u00a0 \u00a0 \u00a0 \u00a0 \u00a0 \u00a0 \u00a0 \u00a0 \u00a0 \u00a0<\/span><\/p>\n<p>04\/17 \u2013 05\/17<\/p>\n<p><b>\u00a0Laboratoire de Chimie Organique Bio-organique (COB)<\/b><\/p>\n<p>Institut Jean-Baptiste DONNET<\/p>\n<p><i>Stagiaire Licence 3\u00e8me ann\u00e9e<\/i><\/p>\n<p>Recherche de mol\u00e9cules bioactives \u00e0 partir de champignons endophytes, \u00e9tude des phytotoxines et influence des nutriments.<\/p>\n<h2>Comp\u00e9tences professionnelles<\/h2>\n<p>Mise en culture de champignons endophytes, extraction de compos\u00e9s, utilisation de diff\u00e9rentes m\u00e9thodes de chimie analytique : HPLC-DAD, H<sup>1<\/sup> RMN, C<sup>13<\/sup> RMN, granulom\u00e9trie, DSC, ATG, spectrom\u00e9trie UV ainsi que leur logiciel de traitement de donn\u00e9es, utilisation de Microsoft Office, utilisation de logiciels \/ sites d\u00e9di\u00e9s \u00e0 la chimie (ChemDraw, Reaxys\u2026), recherches bibliographiques (C2i).<\/p>\n<p>&nbsp;<\/p>\n<\/div><\/div>\n<\/div>\n","protected":false},"excerpt":{"rendered":"<p>Ph. D. Post-Doctoral Researcher, and temporary teaching and research associate (ATER). en chimie-biologie au sein des laboratoires LPIM (Laboratoire de Photochimie et d\u2019Ing\u00e9nierie Macromol\u00e9culaires) et LVBE (Laboratoire Vigne, Biotechnologies et Environnement). courriel : loriane.merlen@uha.fr<\/p>\n","protected":false},"author":5,"featured_media":0,"parent":46,"menu_order":21,"comment_status":"closed","ping_status":"closed","template":"","meta":{"footnotes":""},"class_list":["post-3876","page","type-page","status-publish","hentry"],"yoast_head":"<!-- This site is optimized with the Yoast SEO plugin v27.4 - https:\/\/yoast.com\/product\/yoast-seo-wordpress\/ -->\n<title>Dr. Loriane MERLEN - LVBE - Vine Biotechnology and Environment Laboratory<\/title>\n<meta name=\"robots\" content=\"index, follow, max-snippet:-1, max-image-preview:large, max-video-preview:-1\" \/>\n<link rel=\"canonical\" href=\"https:\/\/www.lvbe.uha.fr\/en\/team\/former-lvbe-collaborators\/loriane-merlen\/\" \/>\n<meta property=\"og:locale\" content=\"en_US\" \/>\n<meta property=\"og:type\" content=\"article\" \/>\n<meta property=\"og:title\" content=\"Dr. Loriane MERLEN - LVBE - Vine Biotechnology and Environment Laboratory\" \/>\n<meta property=\"og:description\" content=\"Ph. D. Post-Doctoral Researcher, and temporary teaching and research associate (ATER). en chimie-biologie au sein des laboratoires LPIM (Laboratoire de Photochimie et d\u2019Ing\u00e9nierie Macromol\u00e9culaires) et LVBE (Laboratoire Vigne, Biotechnologies et Environnement). courriel : loriane.merlen@uha.fr\" \/>\n<meta property=\"og:url\" content=\"https:\/\/www.lvbe.uha.fr\/en\/team\/former-lvbe-collaborators\/loriane-merlen\/\" \/>\n<meta property=\"og:site_name\" content=\"LVBE - Vine Biotechnology and Environment Laboratory\" \/>\n<meta property=\"article:modified_time\" content=\"2024-09-02T07:49:42+00:00\" \/>\n<meta name=\"twitter:card\" content=\"summary_large_image\" \/>\n<meta name=\"twitter:label1\" content=\"Est. reading time\" \/>\n\t<meta name=\"twitter:data1\" content=\"2 minutes\" \/>\n<script type=\"application\/ld+json\" class=\"yoast-schema-graph\">{\"@context\":\"https:\\\/\\\/schema.org\",\"@graph\":[{\"@type\":\"WebPage\",\"@id\":\"https:\\\/\\\/www.lvbe.uha.fr\\\/en\\\/team\\\/former-lvbe-collaborators\\\/loriane-merlen\\\/\",\"url\":\"https:\\\/\\\/www.lvbe.uha.fr\\\/en\\\/team\\\/former-lvbe-collaborators\\\/loriane-merlen\\\/\",\"name\":\"Dr. Loriane MERLEN - LVBE - Vine Biotechnology and Environment Laboratory\",\"isPartOf\":{\"@id\":\"https:\\\/\\\/www.lvbe.uha.fr\\\/en\\\/#website\"},\"datePublished\":\"2022-05-09T13:24:21+00:00\",\"dateModified\":\"2024-09-02T07:49:42+00:00\",\"breadcrumb\":{\"@id\":\"https:\\\/\\\/www.lvbe.uha.fr\\\/en\\\/team\\\/former-lvbe-collaborators\\\/loriane-merlen\\\/#breadcrumb\"},\"inLanguage\":\"en-US\",\"potentialAction\":[{\"@type\":\"ReadAction\",\"target\":[\"https:\\\/\\\/www.lvbe.uha.fr\\\/en\\\/team\\\/former-lvbe-collaborators\\\/loriane-merlen\\\/\"]}]},{\"@type\":\"BreadcrumbList\",\"@id\":\"https:\\\/\\\/www.lvbe.uha.fr\\\/en\\\/team\\\/former-lvbe-collaborators\\\/loriane-merlen\\\/#breadcrumb\",\"itemListElement\":[{\"@type\":\"ListItem\",\"position\":1,\"name\":\"Accueil\",\"item\":\"https:\\\/\\\/www.lvbe.uha.fr\\\/en\\\/\"},{\"@type\":\"ListItem\",\"position\":2,\"name\":\"Team\",\"item\":\"https:\\\/\\\/www.lvbe.uha.fr\\\/en\\\/team\\\/\"},{\"@type\":\"ListItem\",\"position\":3,\"name\":\"Former LVBE collaborators\",\"item\":\"https:\\\/\\\/www.lvbe.uha.fr\\\/en\\\/team\\\/former-lvbe-collaborators\\\/\"},{\"@type\":\"ListItem\",\"position\":4,\"name\":\"Dr. Loriane MERLEN\"}]},{\"@type\":\"WebSite\",\"@id\":\"https:\\\/\\\/www.lvbe.uha.fr\\\/en\\\/#website\",\"url\":\"https:\\\/\\\/www.lvbe.uha.fr\\\/en\\\/\",\"name\":\"LVBE - Vine Biotechnology and Environment Laboratory\",\"description\":\"Universit\u00e9 de Haute-Alsace\",\"potentialAction\":[{\"@type\":\"SearchAction\",\"target\":{\"@type\":\"EntryPoint\",\"urlTemplate\":\"https:\\\/\\\/www.lvbe.uha.fr\\\/en\\\/?s={search_term_string}\"},\"query-input\":{\"@type\":\"PropertyValueSpecification\",\"valueRequired\":true,\"valueName\":\"search_term_string\"}}],\"inLanguage\":\"en-US\"}]}<\/script>\n<!-- \/ Yoast SEO plugin. -->","yoast_head_json":{"title":"Dr. Loriane MERLEN - LVBE - Vine Biotechnology and Environment Laboratory","robots":{"index":"index","follow":"follow","max-snippet":"max-snippet:-1","max-image-preview":"max-image-preview:large","max-video-preview":"max-video-preview:-1"},"canonical":"https:\/\/www.lvbe.uha.fr\/en\/team\/former-lvbe-collaborators\/loriane-merlen\/","og_locale":"en_US","og_type":"article","og_title":"Dr. Loriane MERLEN - LVBE - Vine Biotechnology and Environment Laboratory","og_description":"Ph. D. Post-Doctoral Researcher, and temporary teaching and research associate (ATER). en chimie-biologie au sein des laboratoires LPIM (Laboratoire de Photochimie et d\u2019Ing\u00e9nierie Macromol\u00e9culaires) et LVBE (Laboratoire Vigne, Biotechnologies et Environnement). courriel : loriane.merlen@uha.fr","og_url":"https:\/\/www.lvbe.uha.fr\/en\/team\/former-lvbe-collaborators\/loriane-merlen\/","og_site_name":"LVBE - Vine Biotechnology and Environment Laboratory","article_modified_time":"2024-09-02T07:49:42+00:00","twitter_card":"summary_large_image","twitter_misc":{"Est. reading time":"2 minutes"},"schema":{"@context":"https:\/\/schema.org","@graph":[{"@type":"WebPage","@id":"https:\/\/www.lvbe.uha.fr\/en\/team\/former-lvbe-collaborators\/loriane-merlen\/","url":"https:\/\/www.lvbe.uha.fr\/en\/team\/former-lvbe-collaborators\/loriane-merlen\/","name":"Dr. Loriane MERLEN - LVBE - Vine Biotechnology and Environment Laboratory","isPartOf":{"@id":"https:\/\/www.lvbe.uha.fr\/en\/#website"},"datePublished":"2022-05-09T13:24:21+00:00","dateModified":"2024-09-02T07:49:42+00:00","breadcrumb":{"@id":"https:\/\/www.lvbe.uha.fr\/en\/team\/former-lvbe-collaborators\/loriane-merlen\/#breadcrumb"},"inLanguage":"en-US","potentialAction":[{"@type":"ReadAction","target":["https:\/\/www.lvbe.uha.fr\/en\/team\/former-lvbe-collaborators\/loriane-merlen\/"]}]},{"@type":"BreadcrumbList","@id":"https:\/\/www.lvbe.uha.fr\/en\/team\/former-lvbe-collaborators\/loriane-merlen\/#breadcrumb","itemListElement":[{"@type":"ListItem","position":1,"name":"Accueil","item":"https:\/\/www.lvbe.uha.fr\/en\/"},{"@type":"ListItem","position":2,"name":"Team","item":"https:\/\/www.lvbe.uha.fr\/en\/team\/"},{"@type":"ListItem","position":3,"name":"Former LVBE collaborators","item":"https:\/\/www.lvbe.uha.fr\/en\/team\/former-lvbe-collaborators\/"},{"@type":"ListItem","position":4,"name":"Dr. Loriane MERLEN"}]},{"@type":"WebSite","@id":"https:\/\/www.lvbe.uha.fr\/en\/#website","url":"https:\/\/www.lvbe.uha.fr\/en\/","name":"LVBE - Vine Biotechnology and Environment Laboratory","description":"Universit\u00e9 de Haute-Alsace","potentialAction":[{"@type":"SearchAction","target":{"@type":"EntryPoint","urlTemplate":"https:\/\/www.lvbe.uha.fr\/en\/?s={search_term_string}"},"query-input":{"@type":"PropertyValueSpecification","valueRequired":true,"valueName":"search_term_string"}}],"inLanguage":"en-US"}]}},"_links":{"self":[{"href":"https:\/\/www.lvbe.uha.fr\/en\/wp-json\/wp\/v2\/pages\/3876","targetHints":{"allow":["GET"]}}],"collection":[{"href":"https:\/\/www.lvbe.uha.fr\/en\/wp-json\/wp\/v2\/pages"}],"about":[{"href":"https:\/\/www.lvbe.uha.fr\/en\/wp-json\/wp\/v2\/types\/page"}],"author":[{"embeddable":true,"href":"https:\/\/www.lvbe.uha.fr\/en\/wp-json\/wp\/v2\/users\/5"}],"replies":[{"embeddable":true,"href":"https:\/\/www.lvbe.uha.fr\/en\/wp-json\/wp\/v2\/comments?post=3876"}],"version-history":[{"count":6,"href":"https:\/\/www.lvbe.uha.fr\/en\/wp-json\/wp\/v2\/pages\/3876\/revisions"}],"predecessor-version":[{"id":4355,"href":"https:\/\/www.lvbe.uha.fr\/en\/wp-json\/wp\/v2\/pages\/3876\/revisions\/4355"}],"up":[{"embeddable":true,"href":"https:\/\/www.lvbe.uha.fr\/en\/wp-json\/wp\/v2\/pages\/46"}],"wp:attachment":[{"href":"https:\/\/www.lvbe.uha.fr\/en\/wp-json\/wp\/v2\/media?parent=3876"}],"curies":[{"name":"wp","href":"https:\/\/api.w.org\/{rel}","templated":true}]}}