{"id":3809,"date":"2022-05-09T14:26:04","date_gmt":"2022-05-09T12:26:04","guid":{"rendered":"https:\/\/www.lvbe.uha.fr\/en\/?page_id=3809"},"modified":"2022-05-09T14:26:04","modified_gmt":"2022-05-09T12:26:04","slug":"dr-laurence-deglene-benbrahim","status":"publish","type":"page","link":"https:\/\/www.lvbe.uha.fr\/en\/team\/team-members\/dr-laurence-deglene-benbrahim\/","title":{"rendered":"Dr. Laurence DEGL\u00c8NE-BENBRAHIM"},"content":{"rendered":"<p>Associate Professor<\/p>\n<p>Mail : <a href=\"mailto:laurence.deglene-benbrahim@uha.fr\">laurence.deglene-benbrahim@uha.fr<\/a><\/p>\n<div class=\"su-row\">\n<div class=\"su-column su-column-size-1-2\"><div class=\"su-column-inner su-u-clearfix su-u-trim\">\n<h2>Recherche<\/h2>\n<ul>\n<li><strong>Am\u00e9lioration des d\u00e9fenses de la vigne contre ses bio-agresseurs<\/strong><\/li>\n<li>Mise au point d&#8217;une m\u00e9thode pr\u00e9coce d&#8217;\u00e9valuation de la r\u00e9sistance au mildiou<\/li>\n<li>Transformation g\u00e9n\u00e9tique de porte-greffes de vigne en vue d&#8217;induire la r\u00e9sistance au court-nou\u00e9 par la strat\u00e9gie de r\u00e9sistance d\u00e9riv\u00e9e du pathog\u00e8ne contre le GFLV.<\/li>\n<li>Impact de la symbiose avec des endomycorhizes \u00e0 arbuscules<\/li>\n<li>Expression de g\u00e8nes de d\u00e9fense et synth\u00e8se de stilb\u00e8nes apr\u00e8s induction par des \u00e9liciteurs chimiques et\/ou des pathog\u00e8nes.<\/li>\n<li>Croissance, architecture racinaire et expression de transporteurs de phosphate.<\/li>\n<\/ul>\n<div class=\"su-accordion su-u-trim\">\n<div class=\"su-spoiler su-spoiler-style-default su-spoiler-icon-plus su-spoiler-closed\" data-scroll-offset=\"0\" data-anchor-in-url=\"no\"><div class=\"su-spoiler-title\" tabindex=\"0\" role=\"button\"><span class=\"su-spoiler-icon\"><\/span>Publications<\/div><div class=\"su-spoiler-content su-u-clearfix su-u-trim\">\n<ul>\n<li>Maillot P., \u00e7c, L. and Walter, B. 2016. Trees, 30 (4): 1377-1387.<br \/>\n<a href=\"https:\/\/doi.org\/10.1007\/s00468-016-1374-9\" target=\"_blank\" rel=\"noopener noreferrer\">https:\/\/doi.org\/10.1007\/s00468-016-1374-9<\/a><\/li>\n<li>Bruisson S., Maillot P., Schellenbaum P., et al. 2016. Phytochemistry, 131 : 92-99.<br \/>\n<a href=\"https:\/\/doi.org\/10.1016\/j.phytochem.2016.09.002\" target=\"_blank\" rel=\"noopener noreferrer\">https:\/\/doi.org\/10.1016\/j.phytochem.2016.09.002<\/a><\/li>\n<li>Valat L., Degl\u00e8ne-Benbrahim L., Kendel M.et al. 2017. Mycorrhiza, 28: 179-185.<br \/>\n<a href=\"https:\/\/doi.org\/10.1007\/s00572-017-0809-5\" target=\"_blank\" rel=\"noopener noreferrer\">https:\/\/doi.org\/10.1007\/s00572-017-0809-5<\/a><\/li>\n<\/ul>\n<\/div><\/div>\n<div class=\"su-spoiler su-spoiler-style-default su-spoiler-icon-plus su-spoiler-closed\" data-scroll-offset=\"0\" data-anchor-in-url=\"no\"><div class=\"su-spoiler-title\" tabindex=\"0\" role=\"button\"><span class=\"su-spoiler-icon\"><\/span>Posters<\/div><div class=\"su-spoiler-content su-u-clearfix su-u-trim\">\n<ul>\n<li>Degl\u00e8ne-Benbrahim L, Maillot P, Kendel M.et al. 2017.<br \/>\n12th EFPP and 10 th SFP Conference,<br \/>\nMay 29 \u2013 June 2, Dunkerque, France<\/li>\n<li>Valat L., Maillot P, Kendel M.et al. 2017.<br \/>\n1st International Symposium on Plant Bioprotection Sciences &amp; Technologies,<br \/>\nJune 27-30, Reims, France<\/li>\n<\/ul>\n<\/div><\/div>\n<\/div>\n<\/div><\/div>\n<div class=\"su-column su-column-size-1-2\"><div class=\"su-column-inner su-u-clearfix su-u-trim\">\n<h2>Enseignement<\/h2>\n<div class=\"su-accordion su-u-trim\">\n<div class=\"su-spoiler su-spoiler-style-default su-spoiler-icon-plus su-spoiler-closed\" data-scroll-offset=\"0\" data-anchor-in-url=\"no\"><div class=\"su-spoiler-title\" tabindex=\"0\" role=\"button\"><span class=\"su-spoiler-icon\"><\/span>2001-2002<\/div><div class=\"su-spoiler-content su-u-clearfix su-u-trim\">\n<ul>\n<li><strong>Facult\u00e9 des Sciences, Universit\u00e9 d&#8217;Angers<\/strong> &#8211; ATER<\/li>\n<\/ul>\n<\/div><\/div>\n<div class=\"su-spoiler su-spoiler-style-default su-spoiler-icon-plus su-spoiler-closed\" data-scroll-offset=\"0\" data-anchor-in-url=\"no\"><div class=\"su-spoiler-title\" tabindex=\"0\" role=\"button\"><span class=\"su-spoiler-icon\"><\/span>2002-2003<\/div><div class=\"su-spoiler-content su-u-clearfix su-u-trim\">\n<ul>\n<li><strong>DUSA, Universit\u00e9 Bordeaux 1<\/strong> &#8211; ATER<\/li>\n<\/ul>\n<\/div><\/div>\n<div class=\"su-spoiler su-spoiler-style-default su-spoiler-icon-plus su-spoiler-closed\" data-scroll-offset=\"0\" data-anchor-in-url=\"no\"><div class=\"su-spoiler-title\" tabindex=\"0\" role=\"button\"><span class=\"su-spoiler-icon\"><\/span>Depuis 2003<\/div><div class=\"su-spoiler-content su-u-clearfix su-u-trim\">\n<ul>\n<li><strong>Universit\u00e9 de Haute-Alsace, IUT de Colmar, d\u00e9partement G\u00e9nie Biologique<\/strong> &#8211; Ma\u00eetre de conf\u00e9rences<br \/>\nProductions animales : Biotechnologie animale ; Am\u00e9lioration des animaux d&#8217;\u00e9levage ; Alimentation des ruminants<br \/>\nPhytopathologie : maladies et ravageurs de la vigne, d\u00e9fenses et moyens de lutte<\/li>\n<\/ul>\n<\/div><\/div>\n<\/div>\n<h2>Activit\u00e9s administratives<\/h2>\n<p>2008-2016 :<\/p>\n<ul>\n<li><strong>Directrice des \u00e9tudes des semestres 2 et 4<\/strong>, IUT de Colmar, d\u00e9partement G\u00e9nie Biologique<\/li>\n<\/ul>\n<\/div><\/div>\n<\/div>\n","protected":false},"excerpt":{"rendered":"<p>Associate Professor Mail : laurence.deglene-benbrahim@uha.fr<\/p>\n","protected":false},"author":5,"featured_media":0,"parent":42,"menu_order":4,"comment_status":"closed","ping_status":"closed","template":"","meta":{"footnotes":""},"class_list":["post-3809","page","type-page","status-publish","hentry"],"yoast_head":"<!-- This site is optimized with the Yoast SEO plugin v27.0 - https:\/\/yoast.com\/product\/yoast-seo-wordpress\/ -->\n<title>Dr. Laurence DEGL\u00c8NE-BENBRAHIM - LVBE - Vine Biotechnology and Environment Laboratory<\/title>\n<meta name=\"robots\" content=\"index, follow, max-snippet:-1, max-image-preview:large, max-video-preview:-1\" \/>\n<link rel=\"canonical\" href=\"https:\/\/www.lvbe.uha.fr\/en\/team\/team-members\/dr-laurence-deglene-benbrahim\/\" \/>\n<meta property=\"og:locale\" content=\"en_US\" \/>\n<meta property=\"og:type\" content=\"article\" \/>\n<meta property=\"og:title\" content=\"Dr. Laurence DEGL\u00c8NE-BENBRAHIM - LVBE - Vine Biotechnology and Environment Laboratory\" \/>\n<meta property=\"og:description\" content=\"Associate Professor Mail : laurence.deglene-benbrahim@uha.fr\" \/>\n<meta property=\"og:url\" content=\"https:\/\/www.lvbe.uha.fr\/en\/team\/team-members\/dr-laurence-deglene-benbrahim\/\" \/>\n<meta property=\"og:site_name\" content=\"LVBE - Vine Biotechnology and Environment Laboratory\" \/>\n<meta name=\"twitter:card\" content=\"summary_large_image\" \/>\n<meta name=\"twitter:label1\" content=\"Est. reading time\" \/>\n\t<meta name=\"twitter:data1\" content=\"2 minutes\" \/>\n<script type=\"application\/ld+json\" class=\"yoast-schema-graph\">{\"@context\":\"https:\/\/schema.org\",\"@graph\":[{\"@type\":\"WebPage\",\"@id\":\"https:\/\/www.lvbe.uha.fr\/en\/team\/team-members\/dr-laurence-deglene-benbrahim\/\",\"url\":\"https:\/\/www.lvbe.uha.fr\/en\/team\/team-members\/dr-laurence-deglene-benbrahim\/\",\"name\":\"Dr. Laurence DEGL\u00c8NE-BENBRAHIM - LVBE - Vine Biotechnology and Environment Laboratory\",\"isPartOf\":{\"@id\":\"https:\/\/www.lvbe.uha.fr\/en\/#website\"},\"datePublished\":\"2022-05-09T12:26:04+00:00\",\"breadcrumb\":{\"@id\":\"https:\/\/www.lvbe.uha.fr\/en\/team\/team-members\/dr-laurence-deglene-benbrahim\/#breadcrumb\"},\"inLanguage\":\"en-US\",\"potentialAction\":[{\"@type\":\"ReadAction\",\"target\":[\"https:\/\/www.lvbe.uha.fr\/en\/team\/team-members\/dr-laurence-deglene-benbrahim\/\"]}]},{\"@type\":\"BreadcrumbList\",\"@id\":\"https:\/\/www.lvbe.uha.fr\/en\/team\/team-members\/dr-laurence-deglene-benbrahim\/#breadcrumb\",\"itemListElement\":[{\"@type\":\"ListItem\",\"position\":1,\"name\":\"Accueil\",\"item\":\"https:\/\/www.lvbe.uha.fr\/en\/\"},{\"@type\":\"ListItem\",\"position\":2,\"name\":\"Team\",\"item\":\"https:\/\/www.lvbe.uha.fr\/en\/team\/\"},{\"@type\":\"ListItem\",\"position\":3,\"name\":\"Team members\",\"item\":\"https:\/\/www.lvbe.uha.fr\/en\/team\/team-members\/\"},{\"@type\":\"ListItem\",\"position\":4,\"name\":\"Dr. Laurence DEGL\u00c8NE-BENBRAHIM\"}]},{\"@type\":\"WebSite\",\"@id\":\"https:\/\/www.lvbe.uha.fr\/en\/#website\",\"url\":\"https:\/\/www.lvbe.uha.fr\/en\/\",\"name\":\"LVBE - Vine Biotechnology and Environment Laboratory\",\"description\":\"Universit\u00e9 de Haute-Alsace\",\"potentialAction\":[{\"@type\":\"SearchAction\",\"target\":{\"@type\":\"EntryPoint\",\"urlTemplate\":\"https:\/\/www.lvbe.uha.fr\/en\/?s={search_term_string}\"},\"query-input\":{\"@type\":\"PropertyValueSpecification\",\"valueRequired\":true,\"valueName\":\"search_term_string\"}}],\"inLanguage\":\"en-US\"}]}<\/script>\n<!-- \/ Yoast SEO plugin. -->","yoast_head_json":{"title":"Dr. Laurence DEGL\u00c8NE-BENBRAHIM - LVBE - Vine Biotechnology and Environment Laboratory","robots":{"index":"index","follow":"follow","max-snippet":"max-snippet:-1","max-image-preview":"max-image-preview:large","max-video-preview":"max-video-preview:-1"},"canonical":"https:\/\/www.lvbe.uha.fr\/en\/team\/team-members\/dr-laurence-deglene-benbrahim\/","og_locale":"en_US","og_type":"article","og_title":"Dr. Laurence DEGL\u00c8NE-BENBRAHIM - LVBE - Vine Biotechnology and Environment Laboratory","og_description":"Associate Professor Mail : laurence.deglene-benbrahim@uha.fr","og_url":"https:\/\/www.lvbe.uha.fr\/en\/team\/team-members\/dr-laurence-deglene-benbrahim\/","og_site_name":"LVBE - Vine Biotechnology and Environment Laboratory","twitter_card":"summary_large_image","twitter_misc":{"Est. reading time":"2 minutes"},"schema":{"@context":"https:\/\/schema.org","@graph":[{"@type":"WebPage","@id":"https:\/\/www.lvbe.uha.fr\/en\/team\/team-members\/dr-laurence-deglene-benbrahim\/","url":"https:\/\/www.lvbe.uha.fr\/en\/team\/team-members\/dr-laurence-deglene-benbrahim\/","name":"Dr. Laurence DEGL\u00c8NE-BENBRAHIM - LVBE - Vine Biotechnology and Environment Laboratory","isPartOf":{"@id":"https:\/\/www.lvbe.uha.fr\/en\/#website"},"datePublished":"2022-05-09T12:26:04+00:00","breadcrumb":{"@id":"https:\/\/www.lvbe.uha.fr\/en\/team\/team-members\/dr-laurence-deglene-benbrahim\/#breadcrumb"},"inLanguage":"en-US","potentialAction":[{"@type":"ReadAction","target":["https:\/\/www.lvbe.uha.fr\/en\/team\/team-members\/dr-laurence-deglene-benbrahim\/"]}]},{"@type":"BreadcrumbList","@id":"https:\/\/www.lvbe.uha.fr\/en\/team\/team-members\/dr-laurence-deglene-benbrahim\/#breadcrumb","itemListElement":[{"@type":"ListItem","position":1,"name":"Accueil","item":"https:\/\/www.lvbe.uha.fr\/en\/"},{"@type":"ListItem","position":2,"name":"Team","item":"https:\/\/www.lvbe.uha.fr\/en\/team\/"},{"@type":"ListItem","position":3,"name":"Team members","item":"https:\/\/www.lvbe.uha.fr\/en\/team\/team-members\/"},{"@type":"ListItem","position":4,"name":"Dr. Laurence DEGL\u00c8NE-BENBRAHIM"}]},{"@type":"WebSite","@id":"https:\/\/www.lvbe.uha.fr\/en\/#website","url":"https:\/\/www.lvbe.uha.fr\/en\/","name":"LVBE - Vine Biotechnology and Environment Laboratory","description":"Universit\u00e9 de Haute-Alsace","potentialAction":[{"@type":"SearchAction","target":{"@type":"EntryPoint","urlTemplate":"https:\/\/www.lvbe.uha.fr\/en\/?s={search_term_string}"},"query-input":{"@type":"PropertyValueSpecification","valueRequired":true,"valueName":"search_term_string"}}],"inLanguage":"en-US"}]}},"_links":{"self":[{"href":"https:\/\/www.lvbe.uha.fr\/en\/wp-json\/wp\/v2\/pages\/3809","targetHints":{"allow":["GET"]}}],"collection":[{"href":"https:\/\/www.lvbe.uha.fr\/en\/wp-json\/wp\/v2\/pages"}],"about":[{"href":"https:\/\/www.lvbe.uha.fr\/en\/wp-json\/wp\/v2\/types\/page"}],"author":[{"embeddable":true,"href":"https:\/\/www.lvbe.uha.fr\/en\/wp-json\/wp\/v2\/users\/5"}],"replies":[{"embeddable":true,"href":"https:\/\/www.lvbe.uha.fr\/en\/wp-json\/wp\/v2\/comments?post=3809"}],"version-history":[{"count":1,"href":"https:\/\/www.lvbe.uha.fr\/en\/wp-json\/wp\/v2\/pages\/3809\/revisions"}],"predecessor-version":[{"id":3810,"href":"https:\/\/www.lvbe.uha.fr\/en\/wp-json\/wp\/v2\/pages\/3809\/revisions\/3810"}],"up":[{"embeddable":true,"href":"https:\/\/www.lvbe.uha.fr\/en\/wp-json\/wp\/v2\/pages\/42"}],"wp:attachment":[{"href":"https:\/\/www.lvbe.uha.fr\/en\/wp-json\/wp\/v2\/media?parent=3809"}],"curies":[{"name":"wp","href":"https:\/\/api.w.org\/{rel}","templated":true}]}}